{"id":77361,"date":"2023-12-11T15:55:41","date_gmt":"2023-12-11T14:55:41","guid":{"rendered":"https:\/\/pistonaddict.com\/product\/abarth-124-spider\/"},"modified":"2024-03-20T09:41:41","modified_gmt":"2024-03-20T08:41:41","slug":"abarth-124-spinne","status":"publish","type":"product","link":"https:\/\/pistonaddict.com\/de\/product\/abarth-124-spinne\/","title":{"rendered":"Abarth 124 Spider"},"content":{"rendered":"<h2>\u00c4u\u00dferes<\/h2>\n<p>Von au\u00dfen ist auf den ersten Blick zu erkennen, dass es sich um mehr als einen gew\u00f6hnlichen 124 Spider von der Stange handelt. Dieser schwarz lackierte Roadster verf\u00fcgt \u00fcber aggressivere Sto\u00dfstangen, Xenon-Scheinwerfer und einen doppelseitigen Auspuff mit zwei verchromten Endrohren auf jeder Seite. All diese Details verleihen dem Auto eine beeindruckende Pr\u00e4senz auf der Stra\u00dfe, die es unverkennbar von seinem sanftm\u00fctigen Cousin unterscheidet. Und als ob das noch nicht genug w\u00e4re, unterstreicht die seitliche Plakette zum 70-j\u00e4hrigen Bestehen von Abarth die Exklusivit\u00e4t dieses besonderen Modells.<\/p>\n<p>Dieser Abarth 124 Spider steht auf 17-Zoll-Felgen mit Bridgestone-Reifen, die ihre beste Zeit hinter sich haben k\u00f6nnten. Die R\u00e4der geben auch den Blick frei auf die massiven roten Brembo-Bremss\u00e4ttel, die eine hervorragende Bremsleistung versprechen.<\/p>\n<h2>Innenbereich<\/h2>\n<p>Wie das \u00e4u\u00dfere Erscheinungsbild weist auch der Innenraum einige auff\u00e4llige Details auf, die die Herkunft des Fahrzeugs deutlich machen. Zun\u00e4chst einmal ein Paar bequeme Sitze mit Wildlederbezug, in deren R\u00fcckenlehne ein gro\u00dfer roter Abart-Schriftzug eingestickt ist. Die roten Details akzentuieren auch das Lenkrad und die dahinter liegende Instrumententafel, die von einem Drehzahlmesser dominiert wird, der bis zu 8000 U\/min reicht. Das minimalistische Armaturenbrett enth\u00e4lt nur das N\u00f6tigste, wie z. B. die Bedienelemente f\u00fcr die Klimaanlage und das mittig angebrachte Display, was deutlich macht, dass dieses Auto in erster Linie zum Fahren gedacht ist.<\/p>\n<h2>Mechanik<\/h2>\n<p>Auf den ersten Blick mag der 1,4-Liter-Motor unter der Haube nicht so \u00fcberzeugend wirken, wie man es erwarten w\u00fcrde. Dank eines Turboladers und eines ausgekl\u00fcgelten Kraftstoffmanagements, das seine Leistung auf 170 PS erh\u00f6ht, hat dieser sanfte 4-Zylinder-Motor jedoch eine ganz sch\u00f6ne Schlagkraft. Das Getriebe &#8211; ein konventionelles Sechsgang-Schaltgetriebe &#8211; ist ein weiteres Detail, das den wahren Charakter des Spider offenbart. Diese Antriebskonfiguration, kombiniert mit einer hervorragenden Federung und leistungsf\u00e4higen Bremsen, macht ihn zu einem echten Fahrerauto, das jede kurvenreiche Stra\u00dfe meistern kann.<\/p>\n<h2>Geschichte des Fahrzeugs<\/h2>\n<p>Zum Schluss noch ein paar Worte \u00fcber den aktuellen Zustand dieses Abarth Spider. Der letzte regul\u00e4re Service, der auch einen \u00d6lwechsel umfasste, wurde im Januar 2023 durchgef\u00fchrt. Erst k\u00fcrzlich, im Dezember, wurden die Bremsen \u00fcberholt. Auf den zur Verf\u00fcgung gestellten Fotos und dem dazugeh\u00f6rigen Video erscheint das Auto in neuwertigem Zustand, ohne sichtbare Sch\u00e4den oder Gebrauchsspuren.<\/p>\n<p>Dar\u00fcber hinaus sagt der Verk\u00e4ufer, dass der Wagen, der sich derzeit in Italien befindet, weder auf der Rennstrecke benutzt wurde noch in Unf\u00e4lle verwickelt war. Ein entsprechender <a href=\"https:\/\/pistonaddict.com\/wp-content\/uploads\/2023\/12\/abarthspider.pdf\">CARFAX<\/a> Vehicle History Report best\u00e4tigt dies.<\/p>\n<p><strong><br \/>\nSehen Sie sich das Kaltstart-Video dieses sch\u00f6nen Abarth 124 Spider an:<\/strong><\/p>\n<p><iframe title=\"Cold Start Video of the Abarth 124 Spider for auction sale\" width=\"1200\" height=\"675\" src=\"https:\/\/www.youtube.com\/embed\/wZs51_ew1WU?feature=oembed\" frameborder=\"0\" allow=\"accelerometer; autoplay; clipboard-write; encrypted-media; gyroscope; picture-in-picture; web-share\" allowfullscreen><\/iframe><\/p>\n","protected":false},"excerpt":{"rendered":"<p>Wenn Sie ein Auto wollen, das gut aussieht, das Spa\u00df macht und mit dem man gut leben kann, sollten Sie einen Roadster in Betracht ziehen. Es stehen mehrere relativ neue Modelle zur Auswahl. Eines davon ist der 124 Spider, der seine mechanischen Grundlagen mit dem wohl ber\u00fchmtesten Roadster der Gegenwart teilt &#8211; dem Mazda MX5. Als solches stellt es eine einzigartige Mischung aus italienischem Stil und japanischer Pr\u00e4zisionstechnologie dar.<\/p>\n<p>Und wenn der hauseigene Tuner von Fiat all das aufpeppt, erh\u00e4lt man einen feurigen <strong>Abarth 124 Spider<\/strong>, der hier auf unserer Seite versteigert wird. Dieses makellose 2019er Modell hat nur etwas mehr als 23.000 Kilometer zur\u00fcckgelegt und sucht nun einen neuen Besitzer. Und abgesehen von seinem eleganten Aussehen und seiner angenehmen Leistung hat er noch ein weiteres Ass im \u00c4rmel.<\/p>\n","protected":false},"featured_media":77141,"comment_status":"open","ping_status":"closed","template":"","meta":{"inline_featured_image":false},"product_cat":[702],"product_tag":[2723,2729,2719,1007],"acf":[],"yoast_head":"<!-- This site is optimized with the Yoast SEO plugin v22.5 - https:\/\/yoast.com\/wordpress\/plugins\/seo\/ -->\n<title>Auktion -<\/title>\n<meta name=\"robots\" content=\"index, follow, max-snippet:-1, max-image-preview:large, max-video-preview:-1\" \/>\n<link rel=\"canonical\" href=\"https:\/\/pistonaddict.com\/de\/product\/abarth-124-spinne\/\" \/>\n<meta property=\"og:locale\" content=\"de_DE\" \/>\n<meta property=\"og:type\" content=\"article\" \/>\n<meta property=\"og:title\" content=\"Auktion -\" \/>\n<meta property=\"og:description\" content=\"Wenn Sie ein Auto wollen, das gut aussieht, das Spa\u00df macht und mit dem man gut leben kann, sollten Sie einen Roadster in Betracht ziehen. Es stehen mehrere relativ neue Modelle zur Auswahl. Eines davon ist der 124 Spider, der seine mechanischen Grundlagen mit dem wohl ber\u00fchmtesten Roadster der Gegenwart teilt - dem Mazda MX5. Als solches stellt es eine einzigartige Mischung aus italienischem Stil und japanischer Pr\u00e4zisionstechnologie dar. Und wenn der hauseigene Tuner von Fiat all das aufpeppt, erh\u00e4lt man einen feurigen Abarth 124 Spider, der hier auf unserer Seite versteigert wird. Dieses makellose 2019er Modell hat nur etwas mehr als 23.000 Kilometer zur\u00fcckgelegt und sucht nun einen neuen Besitzer. Und abgesehen von seinem eleganten Aussehen und seiner angenehmen Leistung hat er noch ein weiteres Ass im \u00c4rmel.\" \/>\n<meta property=\"og:url\" content=\"https:\/\/pistonaddict.com\/de\/product\/abarth-124-spinne\/\" \/>\n<meta property=\"og:site_name\" content=\"Piston Addict\" \/>\n<meta property=\"article:modified_time\" content=\"2024-03-20T08:41:41+00:00\" \/>\n<meta property=\"og:image\" content=\"https:\/\/pistonaddict.com\/wp-content\/uploads\/2023\/12\/image00020-scaled.jpeg\" \/>\n\t<meta property=\"og:image:width\" content=\"2560\" \/>\n\t<meta property=\"og:image:height\" content=\"1920\" \/>\n\t<meta property=\"og:image:type\" content=\"image\/jpeg\" \/>\n<meta name=\"twitter:card\" content=\"summary_large_image\" \/>\n<meta name=\"twitter:label1\" content=\"Gesch\u00e4tzte Lesezeit\" \/>\n\t<meta name=\"twitter:data1\" content=\"2\u00a0Minuten\" \/>\n<script type=\"application\/ld+json\" class=\"yoast-schema-graph\">{\"@context\":\"https:\/\/schema.org\",\"@graph\":[{\"@type\":\"WebPage\",\"@id\":\"https:\/\/pistonaddict.com\/de\/product\/abarth-124-spinne\/\",\"url\":\"https:\/\/pistonaddict.com\/de\/product\/abarth-124-spinne\/\",\"name\":\"Auktion -\",\"isPartOf\":{\"@id\":\"https:\/\/pistonaddict.com\/de\/#website\"},\"primaryImageOfPage\":{\"@id\":\"https:\/\/pistonaddict.com\/de\/product\/abarth-124-spinne\/#primaryimage\"},\"image\":{\"@id\":\"https:\/\/pistonaddict.com\/de\/product\/abarth-124-spinne\/#primaryimage\"},\"thumbnailUrl\":\"https:\/\/pistonaddict.com\/wp-content\/uploads\/2023\/12\/image00020-scaled.jpeg\",\"datePublished\":\"2023-12-11T14:55:41+00:00\",\"dateModified\":\"2024-03-20T08:41:41+00:00\",\"breadcrumb\":{\"@id\":\"https:\/\/pistonaddict.com\/de\/product\/abarth-124-spinne\/#breadcrumb\"},\"inLanguage\":\"de\",\"potentialAction\":[{\"@type\":\"ReadAction\",\"target\":[\"https:\/\/pistonaddict.com\/de\/product\/abarth-124-spinne\/\"]}]},{\"@type\":\"ImageObject\",\"inLanguage\":\"de\",\"@id\":\"https:\/\/pistonaddict.com\/de\/product\/abarth-124-spinne\/#primaryimage\",\"url\":\"https:\/\/pistonaddict.com\/wp-content\/uploads\/2023\/12\/image00020-scaled.jpeg\",\"contentUrl\":\"https:\/\/pistonaddict.com\/wp-content\/uploads\/2023\/12\/image00020-scaled.jpeg\",\"width\":2560,\"height\":1920},{\"@type\":\"BreadcrumbList\",\"@id\":\"https:\/\/pistonaddict.com\/de\/product\/abarth-124-spinne\/#breadcrumb\",\"itemListElement\":[{\"@type\":\"ListItem\",\"position\":1,\"name\":\"Startseite\",\"item\":\"https:\/\/pistonaddict.com\/de\/homepage\/\"},{\"@type\":\"ListItem\",\"position\":2,\"name\":\"Auctions\",\"item\":\"https:\/\/pistonaddict.com\/auctions-listing\/\"},{\"@type\":\"ListItem\",\"position\":3,\"name\":\"Abarth 124 Spider\"}]},{\"@type\":\"WebSite\",\"@id\":\"https:\/\/pistonaddict.com\/de\/#website\",\"url\":\"https:\/\/pistonaddict.com\/de\/\",\"name\":\"Piston Addict\",\"description\":\"Only interesting vehicles\",\"publisher\":{\"@id\":\"https:\/\/pistonaddict.com\/de\/#organization\"},\"potentialAction\":[{\"@type\":\"SearchAction\",\"target\":{\"@type\":\"EntryPoint\",\"urlTemplate\":\"https:\/\/pistonaddict.com\/de\/?s={search_term_string}\"},\"query-input\":\"required name=search_term_string\"}],\"inLanguage\":\"de\"},{\"@type\":\"Organization\",\"@id\":\"https:\/\/pistonaddict.com\/de\/#organization\",\"name\":\"Piston Addict\",\"url\":\"https:\/\/pistonaddict.com\/de\/\",\"logo\":{\"@type\":\"ImageObject\",\"inLanguage\":\"de\",\"@id\":\"https:\/\/pistonaddict.com\/de\/#\/schema\/logo\/image\/\",\"url\":\"https:\/\/pistonaddict.com\/wp-content\/uploads\/2022\/07\/logo-6.png\",\"contentUrl\":\"https:\/\/pistonaddict.com\/wp-content\/uploads\/2022\/07\/logo-6.png\",\"width\":970,\"height\":200,\"caption\":\"Piston Addict\"},\"image\":{\"@id\":\"https:\/\/pistonaddict.com\/de\/#\/schema\/logo\/image\/\"}}]}<\/script>\n<!-- \/ Yoast SEO plugin. -->","yoast_head_json":{"title":"Auktion -","robots":{"index":"index","follow":"follow","max-snippet":"max-snippet:-1","max-image-preview":"max-image-preview:large","max-video-preview":"max-video-preview:-1"},"canonical":"https:\/\/pistonaddict.com\/de\/product\/abarth-124-spinne\/","og_locale":"de_DE","og_type":"article","og_title":"Auktion -","og_description":"Wenn Sie ein Auto wollen, das gut aussieht, das Spa\u00df macht und mit dem man gut leben kann, sollten Sie einen Roadster in Betracht ziehen. Es stehen mehrere relativ neue Modelle zur Auswahl. Eines davon ist der 124 Spider, der seine mechanischen Grundlagen mit dem wohl ber\u00fchmtesten Roadster der Gegenwart teilt - dem Mazda MX5. Als solches stellt es eine einzigartige Mischung aus italienischem Stil und japanischer Pr\u00e4zisionstechnologie dar. Und wenn der hauseigene Tuner von Fiat all das aufpeppt, erh\u00e4lt man einen feurigen Abarth 124 Spider, der hier auf unserer Seite versteigert wird. Dieses makellose 2019er Modell hat nur etwas mehr als 23.000 Kilometer zur\u00fcckgelegt und sucht nun einen neuen Besitzer. Und abgesehen von seinem eleganten Aussehen und seiner angenehmen Leistung hat er noch ein weiteres Ass im \u00c4rmel.","og_url":"https:\/\/pistonaddict.com\/de\/product\/abarth-124-spinne\/","og_site_name":"Piston Addict","article_modified_time":"2024-03-20T08:41:41+00:00","og_image":[{"width":2560,"height":1920,"url":"https:\/\/pistonaddict.com\/wp-content\/uploads\/2023\/12\/image00020-scaled.jpeg","type":"image\/jpeg"}],"twitter_card":"summary_large_image","twitter_misc":{"Gesch\u00e4tzte Lesezeit":"2\u00a0Minuten"},"schema":{"@context":"https:\/\/schema.org","@graph":[{"@type":"WebPage","@id":"https:\/\/pistonaddict.com\/de\/product\/abarth-124-spinne\/","url":"https:\/\/pistonaddict.com\/de\/product\/abarth-124-spinne\/","name":"Auktion -","isPartOf":{"@id":"https:\/\/pistonaddict.com\/de\/#website"},"primaryImageOfPage":{"@id":"https:\/\/pistonaddict.com\/de\/product\/abarth-124-spinne\/#primaryimage"},"image":{"@id":"https:\/\/pistonaddict.com\/de\/product\/abarth-124-spinne\/#primaryimage"},"thumbnailUrl":"https:\/\/pistonaddict.com\/wp-content\/uploads\/2023\/12\/image00020-scaled.jpeg","datePublished":"2023-12-11T14:55:41+00:00","dateModified":"2024-03-20T08:41:41+00:00","breadcrumb":{"@id":"https:\/\/pistonaddict.com\/de\/product\/abarth-124-spinne\/#breadcrumb"},"inLanguage":"de","potentialAction":[{"@type":"ReadAction","target":["https:\/\/pistonaddict.com\/de\/product\/abarth-124-spinne\/"]}]},{"@type":"ImageObject","inLanguage":"de","@id":"https:\/\/pistonaddict.com\/de\/product\/abarth-124-spinne\/#primaryimage","url":"https:\/\/pistonaddict.com\/wp-content\/uploads\/2023\/12\/image00020-scaled.jpeg","contentUrl":"https:\/\/pistonaddict.com\/wp-content\/uploads\/2023\/12\/image00020-scaled.jpeg","width":2560,"height":1920},{"@type":"BreadcrumbList","@id":"https:\/\/pistonaddict.com\/de\/product\/abarth-124-spinne\/#breadcrumb","itemListElement":[{"@type":"ListItem","position":1,"name":"Startseite","item":"https:\/\/pistonaddict.com\/de\/homepage\/"},{"@type":"ListItem","position":2,"name":"Auctions","item":"https:\/\/pistonaddict.com\/auctions-listing\/"},{"@type":"ListItem","position":3,"name":"Abarth 124 Spider"}]},{"@type":"WebSite","@id":"https:\/\/pistonaddict.com\/de\/#website","url":"https:\/\/pistonaddict.com\/de\/","name":"Piston Addict","description":"Only interesting vehicles","publisher":{"@id":"https:\/\/pistonaddict.com\/de\/#organization"},"potentialAction":[{"@type":"SearchAction","target":{"@type":"EntryPoint","urlTemplate":"https:\/\/pistonaddict.com\/de\/?s={search_term_string}"},"query-input":"required name=search_term_string"}],"inLanguage":"de"},{"@type":"Organization","@id":"https:\/\/pistonaddict.com\/de\/#organization","name":"Piston Addict","url":"https:\/\/pistonaddict.com\/de\/","logo":{"@type":"ImageObject","inLanguage":"de","@id":"https:\/\/pistonaddict.com\/de\/#\/schema\/logo\/image\/","url":"https:\/\/pistonaddict.com\/wp-content\/uploads\/2022\/07\/logo-6.png","contentUrl":"https:\/\/pistonaddict.com\/wp-content\/uploads\/2022\/07\/logo-6.png","width":970,"height":200,"caption":"Piston Addict"},"image":{"@id":"https:\/\/pistonaddict.com\/de\/#\/schema\/logo\/image\/"}}]}},"_links":{"self":[{"href":"https:\/\/pistonaddict.com\/de\/wp-json\/wp\/v2\/product\/77361"}],"collection":[{"href":"https:\/\/pistonaddict.com\/de\/wp-json\/wp\/v2\/product"}],"about":[{"href":"https:\/\/pistonaddict.com\/de\/wp-json\/wp\/v2\/types\/product"}],"replies":[{"embeddable":true,"href":"https:\/\/pistonaddict.com\/de\/wp-json\/wp\/v2\/comments?post=77361"}],"wp:featuredmedia":[{"embeddable":true,"href":"https:\/\/pistonaddict.com\/de\/wp-json\/wp\/v2\/media\/77141"}],"wp:attachment":[{"href":"https:\/\/pistonaddict.com\/de\/wp-json\/wp\/v2\/media?parent=77361"}],"wp:term":[{"taxonomy":"product_cat","embeddable":true,"href":"https:\/\/pistonaddict.com\/de\/wp-json\/wp\/v2\/product_cat?post=77361"},{"taxonomy":"product_tag","embeddable":true,"href":"https:\/\/pistonaddict.com\/de\/wp-json\/wp\/v2\/product_tag?post=77361"}],"curies":[{"name":"wp","href":"https:\/\/api.w.org\/{rel}","templated":true}]}}