{"id":76285,"date":"2023-12-01T10:53:23","date_gmt":"2023-12-01T09:53:23","guid":{"rendered":"https:\/\/pistonaddict.com\/product\/ferrari-488-gtb\/"},"modified":"2023-12-20T11:45:24","modified_gmt":"2023-12-20T10:45:24","slug":"ferrari-488-gtb","status":"publish","type":"product","link":"https:\/\/pistonaddict.com\/de\/product\/ferrari-488-gtb\/","title":{"rendered":"Ferrari 488 GTB"},"content":{"rendered":"<p><strong>Auto-Geschichte<\/strong><\/p>\n<p>Als Ersatz f\u00fcr den 458 Italia stellte Ferrari 2015 den 488 GTB vor, den ersten V8-Mittelmotor-Ferrari mit Turbolader seit dem legend\u00e4ren F40. Obwohl der 488 GTB mit seinem 3,9-Liter-V8 \u00fcber weniger Hubraum verf\u00fcgte, leistete er 100 PS mehr als der 458 Italia und kam auf erstaunliche 670 PS. Noch spannender war aber das Drehmoment, das mit 760 Nm beeindruckt und f\u00fcr blitzschnelle Beschleunigung, sofortige Gasannahme und unglaubliche Fahrdynamik sorgt. Die 100 km\/h werden in nur 3 Sekunden erreicht, und die H\u00f6chstgeschwindigkeit von 330 km\/h klingt unglaublich. Mit niedrigem Kilometerstand, aufregenden Optionen und Karbonbremsen ist der von uns angebotene 488 GTB ein echtes Fahrermodell, das Sie mit der schieren Kraft, Raffinesse und Fahrdynamik eines Kampfjets verbl\u00fcffen wird.<\/p>\n<p><strong>Innenbereich<\/strong><\/p>\n<p>Da dieser Ferrari sorgf\u00e4ltig gepflegt wurde, sind das schwarze Leder und die Alcantara-Innenausstattung in sehr gutem Zustand und weisen keine Gebrauchsspuren auf. Der urspr\u00fcngliche Besitzer dieses Wagens entschied sich f\u00fcr Performance-Optionen wie Sitze mit Carbonr\u00fcckenlehne und einer Kombination aus Leder und Alcantara, ein digitales Display am Lenkrad und Innenraumeins\u00e4tze aus Carbon. Alle diese Teile sehen sehr gut aus, haben keine Kratzer und tragen zum Leistungsgef\u00fchl dieses Autos bei. Es wurden keine \u00c4nderungen vorgenommen, und alles funktioniert wie erwartet.<\/p>\n<p><strong>Zustand<\/strong><\/p>\n<p>Urspr\u00fcnglich wurde dieser Ferrari 488 GTB im April 2016 an seinen ersten Besitzer in Frankreich ausgeliefert und 2022 vom Verk\u00e4ufer erworben. Dieser Supersportwagen befindet sich in einem tadellosen Zustand und hat nur 20.500 Kilometer auf dem Kilometerz\u00e4hler. Das Auto wurde nie Rennen gefahren, auf Rennstrecken eingesetzt oder in Unf\u00e4lle verwickelt. Stets sorgf\u00e4ltig gewartet, wobei die Bremsen Ende November 2023 \u00fcberholt und der letzte vollst\u00e4ndige Service im Mai desselben Jahres durchgef\u00fchrt wurde. Zuk\u00fcnftige Besitzer werden sich freuen zu h\u00f6ren, dass dieses Exemplar durch eine erweiterte Ferrari-Garantie (Ferrari Power) abgedeckt ist, die \u00fcbertragbar ist. Die Wartung wurde immer von einem Vertragsh\u00e4ndler durchgef\u00fchrt und dokumentiert. Eines der Verkaufsargumente dieses Fahrzeugs ist jedoch die lange Liste an Sonderausstattungen. <strong>Dieser 488 GTB verf\u00fcgt \u00fcber ein ATF-System, Keramikbremsen mit lackierten Bremss\u00e4tteln, T\u00fcrverkleidungen und Sitze aus Kohlefaser, PDC vorne und hinten, Aufh\u00e4ngungsheber und Kohlefasereins\u00e4tze<\/strong>. All das macht ihn zu einem einzigartigen Auto mit idealen Fahrereigenschaften.<\/p>\n<p><strong>\u00c4u\u00dferes und R\u00e4der<\/strong><\/p>\n<p>Dieser 488 GTB ist in einem auff\u00e4lligen Grigio Silverstone lackiert und hat ein passendes schwarzes Interieur, was ihn zu einem echten Hingucker macht. Obwohl sie nicht rot ist, ist sie in Dunkelgrau noch sch\u00f6ner und diskreter. Nat\u00fcrlich ist die Karosserie ohne Kratzer und Beulen. Mit werksseitigen 20-Zoll-R\u00e4dern, die mit brandneuen und korrekten Pirelli-Reifen bespannt sind, ist dieser fantastische 488 GTB bereit, seine 670 PS in ein einzigartiges Fahrerlebnis zu verwandeln.<\/p>\n<p><strong> <\/strong><strong>Dokumentation<\/strong><\/p>\n<p>Der Fachmann verkauft dieses Fahrzeug mit den entsprechenden Unterlagen, die sich in Frankreich befinden. Der <a href=\"https:\/\/pistonaddict.com\/wp-content\/uploads\/2023\/12\/Ferrari488GTB.pdf\" target=\"_blank\" rel=\"noopener\">CarVertical-Bericht<\/a> ist sauber; es gibt keine Belege f\u00fcr Unf\u00e4lle, Unfallreparaturen, Eigentumsverh\u00e4ltnisse oder rechtliche Probleme. Es gibt Aufzeichnungen \u00fcber die regelm\u00e4\u00dfige Wartung, Kaufbelege und Quittungen. <strong>Eine verl\u00e4ngerte Werksgarantie f\u00fcr dieses Modell f\u00fcr 12 Monate<\/strong> und eine Konformit\u00e4tsbescheinigung (im Wert von 2000 Euro) sind ein zus\u00e4tzlicher Beweis daf\u00fcr, dass es sich um ein erstklassiges Sammlerfahrzeug handelt.<\/p>\n<p><strong><br \/>\nSehen Sie sich das Kaltstartvideo dieses wundersch\u00f6nen Ferrari 488 GTB an:<\/strong><\/p>\n<p><iframe title=\"Cold Start Video of the Ferrari 488 GTB for auction sale\" width=\"1200\" height=\"675\" src=\"https:\/\/www.youtube.com\/embed\/_SyEnhUZHXQ?feature=oembed\" frameborder=\"0\" allow=\"accelerometer; autoplay; clipboard-write; encrypted-media; gyroscope; picture-in-picture; web-share\" allowfullscreen><\/iframe><\/p>\n","protected":false},"excerpt":{"rendered":"<p>War der Ferrari 458 Italia die Perfektion mit Saugmotor, so war der Nachfolger, der 488 Italia, ein Meisterwerk mit Turbolader. Der 458 Italia setzte extrem hohe Ma\u00dfst\u00e4be f\u00fcr die Klasse der Mittelmotor-Sportwagen, aber Ferrari gelang es, die Erwartungen mit dem 488 GTB zu \u00fcbertreffen. Der 488 GTB ist ein unglaublich potenter, aggressiver und schneller Sportwagen, der auf der Autobahn und auf der Rennstrecke gleicherma\u00dfen zu Hause ist. Das von uns zum Verkauf angebotene Exemplar ist eines der besten auf dem Markt.<\/p>\n","protected":false},"featured_media":75674,"comment_status":"open","ping_status":"closed","template":"","meta":{"inline_featured_image":false},"product_cat":[702],"product_tag":[2653,2292,901,2649],"acf":[],"yoast_head":"<!-- This site is optimized with the Yoast SEO plugin v22.5 - https:\/\/yoast.com\/wordpress\/plugins\/seo\/ -->\n<title>% Auktion -<\/title>\n<meta name=\"robots\" content=\"index, follow, max-snippet:-1, max-image-preview:large, max-video-preview:-1\" \/>\n<link rel=\"canonical\" href=\"https:\/\/pistonaddict.com\/de\/product\/ferrari-488-gtb\/\" \/>\n<meta property=\"og:locale\" content=\"de_DE\" \/>\n<meta property=\"og:type\" content=\"article\" \/>\n<meta property=\"og:title\" content=\"% Auktion -\" \/>\n<meta property=\"og:description\" content=\"War der Ferrari 458 Italia die Perfektion mit Saugmotor, so war der Nachfolger, der 488 Italia, ein Meisterwerk mit Turbolader. Der 458 Italia setzte extrem hohe Ma\u00dfst\u00e4be f\u00fcr die Klasse der Mittelmotor-Sportwagen, aber Ferrari gelang es, die Erwartungen mit dem 488 GTB zu \u00fcbertreffen. Der 488 GTB ist ein unglaublich potenter, aggressiver und schneller Sportwagen, der auf der Autobahn und auf der Rennstrecke gleicherma\u00dfen zu Hause ist. Das von uns zum Verkauf angebotene Exemplar ist eines der besten auf dem Markt.\" \/>\n<meta property=\"og:url\" content=\"https:\/\/pistonaddict.com\/de\/product\/ferrari-488-gtb\/\" \/>\n<meta property=\"og:site_name\" content=\"Piston Addict\" \/>\n<meta property=\"article:modified_time\" content=\"2023-12-20T10:45:24+00:00\" \/>\n<meta property=\"og:image\" content=\"https:\/\/pistonaddict.com\/wp-content\/uploads\/2023\/12\/IMG_0075-1024x765.png\" \/>\n\t<meta property=\"og:image:width\" content=\"1024\" \/>\n\t<meta property=\"og:image:height\" content=\"765\" \/>\n\t<meta property=\"og:image:type\" content=\"image\/png\" \/>\n<meta name=\"twitter:card\" content=\"summary_large_image\" \/>\n<meta name=\"twitter:label1\" content=\"Gesch\u00e4tzte Lesezeit\" \/>\n\t<meta name=\"twitter:data1\" content=\"3\u00a0Minuten\" \/>\n<script type=\"application\/ld+json\" class=\"yoast-schema-graph\">{\"@context\":\"https:\/\/schema.org\",\"@graph\":[{\"@type\":\"WebPage\",\"@id\":\"https:\/\/pistonaddict.com\/de\/product\/ferrari-488-gtb\/\",\"url\":\"https:\/\/pistonaddict.com\/de\/product\/ferrari-488-gtb\/\",\"name\":\"% Auktion -\",\"isPartOf\":{\"@id\":\"https:\/\/pistonaddict.com\/de\/#website\"},\"primaryImageOfPage\":{\"@id\":\"https:\/\/pistonaddict.com\/de\/product\/ferrari-488-gtb\/#primaryimage\"},\"image\":{\"@id\":\"https:\/\/pistonaddict.com\/de\/product\/ferrari-488-gtb\/#primaryimage\"},\"thumbnailUrl\":\"https:\/\/pistonaddict.com\/wp-content\/uploads\/2023\/12\/IMG_0075.png\",\"datePublished\":\"2023-12-01T09:53:23+00:00\",\"dateModified\":\"2023-12-20T10:45:24+00:00\",\"breadcrumb\":{\"@id\":\"https:\/\/pistonaddict.com\/de\/product\/ferrari-488-gtb\/#breadcrumb\"},\"inLanguage\":\"de\",\"potentialAction\":[{\"@type\":\"ReadAction\",\"target\":[\"https:\/\/pistonaddict.com\/de\/product\/ferrari-488-gtb\/\"]}]},{\"@type\":\"ImageObject\",\"inLanguage\":\"de\",\"@id\":\"https:\/\/pistonaddict.com\/de\/product\/ferrari-488-gtb\/#primaryimage\",\"url\":\"https:\/\/pistonaddict.com\/wp-content\/uploads\/2023\/12\/IMG_0075.png\",\"contentUrl\":\"https:\/\/pistonaddict.com\/wp-content\/uploads\/2023\/12\/IMG_0075.png\",\"width\":2160,\"height\":1614},{\"@type\":\"BreadcrumbList\",\"@id\":\"https:\/\/pistonaddict.com\/de\/product\/ferrari-488-gtb\/#breadcrumb\",\"itemListElement\":[{\"@type\":\"ListItem\",\"position\":1,\"name\":\"Startseite\",\"item\":\"https:\/\/pistonaddict.com\/de\/homepage\/\"},{\"@type\":\"ListItem\",\"position\":2,\"name\":\"Auctions\",\"item\":\"https:\/\/pistonaddict.com\/auctions-listing\/\"},{\"@type\":\"ListItem\",\"position\":3,\"name\":\"Ferrari 488 GTB\"}]},{\"@type\":\"WebSite\",\"@id\":\"https:\/\/pistonaddict.com\/de\/#website\",\"url\":\"https:\/\/pistonaddict.com\/de\/\",\"name\":\"Piston Addict\",\"description\":\"Only interesting vehicles\",\"publisher\":{\"@id\":\"https:\/\/pistonaddict.com\/de\/#organization\"},\"potentialAction\":[{\"@type\":\"SearchAction\",\"target\":{\"@type\":\"EntryPoint\",\"urlTemplate\":\"https:\/\/pistonaddict.com\/de\/?s={search_term_string}\"},\"query-input\":\"required name=search_term_string\"}],\"inLanguage\":\"de\"},{\"@type\":\"Organization\",\"@id\":\"https:\/\/pistonaddict.com\/de\/#organization\",\"name\":\"Piston Addict\",\"url\":\"https:\/\/pistonaddict.com\/de\/\",\"logo\":{\"@type\":\"ImageObject\",\"inLanguage\":\"de\",\"@id\":\"https:\/\/pistonaddict.com\/de\/#\/schema\/logo\/image\/\",\"url\":\"https:\/\/pistonaddict.com\/wp-content\/uploads\/2022\/07\/logo-6.png\",\"contentUrl\":\"https:\/\/pistonaddict.com\/wp-content\/uploads\/2022\/07\/logo-6.png\",\"width\":970,\"height\":200,\"caption\":\"Piston Addict\"},\"image\":{\"@id\":\"https:\/\/pistonaddict.com\/de\/#\/schema\/logo\/image\/\"}}]}<\/script>\n<!-- \/ Yoast SEO plugin. -->","yoast_head_json":{"title":"% Auktion -","robots":{"index":"index","follow":"follow","max-snippet":"max-snippet:-1","max-image-preview":"max-image-preview:large","max-video-preview":"max-video-preview:-1"},"canonical":"https:\/\/pistonaddict.com\/de\/product\/ferrari-488-gtb\/","og_locale":"de_DE","og_type":"article","og_title":"% Auktion -","og_description":"War der Ferrari 458 Italia die Perfektion mit Saugmotor, so war der Nachfolger, der 488 Italia, ein Meisterwerk mit Turbolader. Der 458 Italia setzte extrem hohe Ma\u00dfst\u00e4be f\u00fcr die Klasse der Mittelmotor-Sportwagen, aber Ferrari gelang es, die Erwartungen mit dem 488 GTB zu \u00fcbertreffen. Der 488 GTB ist ein unglaublich potenter, aggressiver und schneller Sportwagen, der auf der Autobahn und auf der Rennstrecke gleicherma\u00dfen zu Hause ist. Das von uns zum Verkauf angebotene Exemplar ist eines der besten auf dem Markt.","og_url":"https:\/\/pistonaddict.com\/de\/product\/ferrari-488-gtb\/","og_site_name":"Piston Addict","article_modified_time":"2023-12-20T10:45:24+00:00","og_image":[{"width":1024,"height":765,"url":"https:\/\/pistonaddict.com\/wp-content\/uploads\/2023\/12\/IMG_0075-1024x765.png","type":"image\/png"}],"twitter_card":"summary_large_image","twitter_misc":{"Gesch\u00e4tzte Lesezeit":"3\u00a0Minuten"},"schema":{"@context":"https:\/\/schema.org","@graph":[{"@type":"WebPage","@id":"https:\/\/pistonaddict.com\/de\/product\/ferrari-488-gtb\/","url":"https:\/\/pistonaddict.com\/de\/product\/ferrari-488-gtb\/","name":"% Auktion -","isPartOf":{"@id":"https:\/\/pistonaddict.com\/de\/#website"},"primaryImageOfPage":{"@id":"https:\/\/pistonaddict.com\/de\/product\/ferrari-488-gtb\/#primaryimage"},"image":{"@id":"https:\/\/pistonaddict.com\/de\/product\/ferrari-488-gtb\/#primaryimage"},"thumbnailUrl":"https:\/\/pistonaddict.com\/wp-content\/uploads\/2023\/12\/IMG_0075.png","datePublished":"2023-12-01T09:53:23+00:00","dateModified":"2023-12-20T10:45:24+00:00","breadcrumb":{"@id":"https:\/\/pistonaddict.com\/de\/product\/ferrari-488-gtb\/#breadcrumb"},"inLanguage":"de","potentialAction":[{"@type":"ReadAction","target":["https:\/\/pistonaddict.com\/de\/product\/ferrari-488-gtb\/"]}]},{"@type":"ImageObject","inLanguage":"de","@id":"https:\/\/pistonaddict.com\/de\/product\/ferrari-488-gtb\/#primaryimage","url":"https:\/\/pistonaddict.com\/wp-content\/uploads\/2023\/12\/IMG_0075.png","contentUrl":"https:\/\/pistonaddict.com\/wp-content\/uploads\/2023\/12\/IMG_0075.png","width":2160,"height":1614},{"@type":"BreadcrumbList","@id":"https:\/\/pistonaddict.com\/de\/product\/ferrari-488-gtb\/#breadcrumb","itemListElement":[{"@type":"ListItem","position":1,"name":"Startseite","item":"https:\/\/pistonaddict.com\/de\/homepage\/"},{"@type":"ListItem","position":2,"name":"Auctions","item":"https:\/\/pistonaddict.com\/auctions-listing\/"},{"@type":"ListItem","position":3,"name":"Ferrari 488 GTB"}]},{"@type":"WebSite","@id":"https:\/\/pistonaddict.com\/de\/#website","url":"https:\/\/pistonaddict.com\/de\/","name":"Piston Addict","description":"Only interesting vehicles","publisher":{"@id":"https:\/\/pistonaddict.com\/de\/#organization"},"potentialAction":[{"@type":"SearchAction","target":{"@type":"EntryPoint","urlTemplate":"https:\/\/pistonaddict.com\/de\/?s={search_term_string}"},"query-input":"required name=search_term_string"}],"inLanguage":"de"},{"@type":"Organization","@id":"https:\/\/pistonaddict.com\/de\/#organization","name":"Piston Addict","url":"https:\/\/pistonaddict.com\/de\/","logo":{"@type":"ImageObject","inLanguage":"de","@id":"https:\/\/pistonaddict.com\/de\/#\/schema\/logo\/image\/","url":"https:\/\/pistonaddict.com\/wp-content\/uploads\/2022\/07\/logo-6.png","contentUrl":"https:\/\/pistonaddict.com\/wp-content\/uploads\/2022\/07\/logo-6.png","width":970,"height":200,"caption":"Piston Addict"},"image":{"@id":"https:\/\/pistonaddict.com\/de\/#\/schema\/logo\/image\/"}}]}},"_links":{"self":[{"href":"https:\/\/pistonaddict.com\/de\/wp-json\/wp\/v2\/product\/76285"}],"collection":[{"href":"https:\/\/pistonaddict.com\/de\/wp-json\/wp\/v2\/product"}],"about":[{"href":"https:\/\/pistonaddict.com\/de\/wp-json\/wp\/v2\/types\/product"}],"replies":[{"embeddable":true,"href":"https:\/\/pistonaddict.com\/de\/wp-json\/wp\/v2\/comments?post=76285"}],"wp:featuredmedia":[{"embeddable":true,"href":"https:\/\/pistonaddict.com\/de\/wp-json\/wp\/v2\/media\/75674"}],"wp:attachment":[{"href":"https:\/\/pistonaddict.com\/de\/wp-json\/wp\/v2\/media?parent=76285"}],"wp:term":[{"taxonomy":"product_cat","embeddable":true,"href":"https:\/\/pistonaddict.com\/de\/wp-json\/wp\/v2\/product_cat?post=76285"},{"taxonomy":"product_tag","embeddable":true,"href":"https:\/\/pistonaddict.com\/de\/wp-json\/wp\/v2\/product_tag?post=76285"}],"curies":[{"name":"wp","href":"https:\/\/api.w.org\/{rel}","templated":true}]}}