{"id":75649,"date":"2023-12-01T10:02:11","date_gmt":"2023-12-01T09:02:11","guid":{"rendered":"https:\/\/pistonaddict.com\/product\/ferrari-458-italia\/"},"modified":"2023-12-20T09:59:05","modified_gmt":"2023-12-20T08:59:05","slug":"ferrari-458-italien","status":"publish","type":"product","link":"https:\/\/pistonaddict.com\/de\/product\/ferrari-458-italien\/","title":{"rendered":"Ferrari 458 Italia"},"content":{"rendered":"<p><strong>Auto-Geschichte<\/strong><\/p>\n<p>Der 458 Italia wurde 2009 vorgestellt und l\u00e4utete eine neue \u00c4ra f\u00fcr diese legend\u00e4re Marke ein. Er f\u00fchrte eine neue Designsprache, einen 4,5-Liter-V8-Motor, ein elektronisches Differenzial und eine 7-Gang-Doppelkupplungsautomatik als einzige Motoroption ein. Mit 570 PS an den Hinterr\u00e4dern und einer roten Linie bei 9.000 Umdrehungen pro Minute bietet der 458 Italia eine Fahrdynamik, die fast an die Formel 1 heranreicht, mit dem gleichen Soundtrack und der gleichen Spannung. Von Anfang an erkl\u00e4rten die Tester der Fachzeitschriften den 458 zu einem der besten stra\u00dfentauglichen Ferraris, die es gibt &#8211; ein hohes Lob, aber nicht ohne Grund. Er ist ein rasend schneller italienischer Hengst mit einer Beschleunigung von 0 auf 100 km\/h in deutlich unter 4 Sekunden und einer H\u00f6chstgeschwindigkeit von \u00fcber 320 km\/h. Dieser besondere Ferrari 458 wurde 2011 produziert und der jetzige Verk\u00e4ufer erwarb ihn 2022. Mit einer sehr interessanten Ausstattung, einer klassischen rot-schwarzen Lackierung, einem geringen Kilometerstand und einer k\u00fcrzlich erfolgten Wartung ist er bereit, von seinem neuen Besitzer in vollen Z\u00fcgen genossen zu werden. Der urspr\u00fcngliche Besitzer dieses Fahrzeugs konzentrierte sich auf Komfortoptionen wie ein adaptives Frontbeleuchtungssystem, beheizbare Sitze, PDC zum leichteren Man\u00f6vrieren und Einparken, eine elektrisch verstellbare Lenks\u00e4ule und vieles mehr. All das macht diesen 458 Italia zu einem sehr gut ausgestatteten und benutzerfreundlichen Exemplar.<\/p>\n<p><strong>Innenbereich<\/strong><\/p>\n<p>Da dieser Ferrari sorgf\u00e4ltig gepflegt wurde, ist die schwarze Lederausstattung in sehr gutem Zustand mit minimalen Gebrauchsspuren. Die Sitze mit den roten N\u00e4hten sind in einem idealen Zustand, und der urspr\u00fcngliche Besitzer hat sich f\u00fcr einen eleganten Look entschieden, der nie aus der Mode kommen wird. Es gibt keine Ver\u00e4nderungen, und der Innenraum sieht brandneu aus.<\/p>\n<p><strong>Zustand<\/strong><\/p>\n<p>Mit nur 25.500 Kilometern ist dieser Ferrari 458 Italia tadellos und wurde von allen seinen Benutzern sorgf\u00e4ltig gepflegt. Alle Wartungsarbeiten wurden p\u00fcnktlich durchgef\u00fchrt, der letzte \u00d6lwechsel und die letzte Wartung erfolgten im Mai 2023 und die Bremsen wurden erst vor wenigen Tagen, Ende November 2023, \u00fcberholt. Noch wichtiger an diesem speziellen Beispiel ist jedoch, dass alle werksseitigen R\u00fcckrufe f\u00fcr das Modell 458 Italia von offiziellen H\u00e4ndlern durchgef\u00fchrt wurden, die dies mit entsprechenden Dokumenten belegen k\u00f6nnen. Das Fahrzeug wurde urspr\u00fcnglich in den Niederlanden ausgeliefert, und der Ferrari-Vertragsh\u00e4ndler f\u00fchrte die R\u00fcckrufaktion durch. Im Jahr 2019 wurde der Beifahrerairbag ausgetauscht, und 2022 wurde der Deckel des Bremsfl\u00fcssigkeitsbeh\u00e4lters gewechselt. Alle diese R\u00fcckrufma\u00dfnahmen wurden vom Werk genehmigt und dokumentiert. Es zeigt, dass alle Besitzer engagierte Enthusiasten sind. <strong>Dieses besondere Auto hat eine erweiterte Ferrari New Power Garantie f\u00fcr die n\u00e4chsten 12 Monate<\/strong>.<\/p>\n<p><strong> <\/strong><strong>\u00c4u\u00dferes und R\u00e4der<\/strong><\/p>\n<p>Rosso Corsa ist die h\u00e4ufigste Farbe von Ferrari, aber dieser legend\u00e4re Farbton passt perfekt zu den verf\u00fchrerischen Linien des 458 Italia. Der Originallack ist unversehrt, es gibt keine Beulen und Kratzer, und das Auto ist perfekt vorzeigbar. Mit den originalen 20-Zoll-Felgen und brandneuen Michelin-Reifen ist dieser Wagen bereit, seine volle Leistung zu bringen. Eine der bemerkenswerten Optionen, die dieses Auto hat, sind die Keramikbremsen f\u00fcr unglaubliche Bremskraft.<\/p>\n<p><strong>Dokumentation<\/strong><\/p>\n<p>Dieses Fahrzeug wird von einem Fachmann mit entsprechender Dokumentation verkauft, und es befindet sich in Frankreich. Der <a href=\"https:\/\/pistonaddict.com\/wp-content\/uploads\/2023\/12\/CarVertical458.pdf\" target=\"_blank\" rel=\"noopener\">CarVertical-Bericht<\/a> ist sauber; es gibt keine Belege f\u00fcr Unf\u00e4lle, Unfallreparaturen, Eigentumsverh\u00e4ltnisse oder rechtliche Probleme. Es gibt Aufzeichnungen \u00fcber regelm\u00e4\u00dfige Wartungsarbeiten sowie Original-Werksprospekte, Kaufbelege und Quittungen. Eine verl\u00e4ngerte Werksgarantie (Ferrari Power) f\u00fcr dieses Modell f\u00fcr 12 Monate und ein Konformit\u00e4tszertifikat (im Wert von 2000 Euro) sind ein weiterer Beweis daf\u00fcr, dass es sich um ein erstklassiges Sammlerfahrzeug handelt.<\/p>\n<p><strong>Sehen Sie sich das Kaltstartvideo dieses wundersch\u00f6nen Ferrari 458 Italia an:<\/strong><\/p>\n<p><iframe title=\"Cold Start Video of the Ferrari 458 Italia for auction sale\" width=\"1200\" height=\"675\" src=\"https:\/\/www.youtube.com\/embed\/BEdW3ySb03E?feature=oembed\" frameborder=\"0\" allow=\"accelerometer; autoplay; clipboard-write; encrypted-media; gyroscope; picture-in-picture; web-share\" allowfullscreen><\/iframe><\/p>\n","protected":false},"excerpt":{"rendered":"<p>Ferrari ist immer auf dem neuesten Stand der Automobiltechnologie und -leistung und hat die Turboaufladung zusammen mit dem Hybridantrieb als Standard in alle seine Modelle aufgenommen. Doch f\u00fcr einen kurzen Moment produzierte Ferrari einen absolut modernen Sportwagen, der mit einem schreienden Saugmotor ausgestattet war, der moderne Technologie, hohe Drehzahlen und eine enorme Motorleistung perfekt mit dem Charme der alten Schule verband. Ja, die Rede ist vom 458 Italia, und wir sind stolz darauf, Ihnen eines der besten Exemplare auf dem Markt anbieten zu k\u00f6nnen.<\/p>\n","protected":false},"featured_media":75541,"comment_status":"open","ping_status":"closed","template":"","meta":{"inline_featured_image":false},"product_cat":[702],"product_tag":[2606,2605,901,2604],"acf":[],"yoast_head":"<!-- This site is optimized with the Yoast SEO plugin v22.5 - https:\/\/yoast.com\/wordpress\/plugins\/seo\/ -->\n<title>% Auktion -<\/title>\n<meta name=\"robots\" content=\"index, follow, max-snippet:-1, max-image-preview:large, max-video-preview:-1\" \/>\n<link rel=\"canonical\" href=\"https:\/\/pistonaddict.com\/de\/product\/ferrari-458-italien\/\" \/>\n<meta property=\"og:locale\" content=\"de_DE\" \/>\n<meta property=\"og:type\" content=\"article\" \/>\n<meta property=\"og:title\" content=\"% Auktion -\" \/>\n<meta property=\"og:description\" content=\"Ferrari ist immer auf dem neuesten Stand der Automobiltechnologie und -leistung und hat die Turboaufladung zusammen mit dem Hybridantrieb als Standard in alle seine Modelle aufgenommen. Doch f\u00fcr einen kurzen Moment produzierte Ferrari einen absolut modernen Sportwagen, der mit einem schreienden Saugmotor ausgestattet war, der moderne Technologie, hohe Drehzahlen und eine enorme Motorleistung perfekt mit dem Charme der alten Schule verband. Ja, die Rede ist vom 458 Italia, und wir sind stolz darauf, Ihnen eines der besten Exemplare auf dem Markt anbieten zu k\u00f6nnen.\" \/>\n<meta property=\"og:url\" content=\"https:\/\/pistonaddict.com\/de\/product\/ferrari-458-italien\/\" \/>\n<meta property=\"og:site_name\" content=\"Piston Addict\" \/>\n<meta property=\"article:modified_time\" content=\"2023-12-20T08:59:05+00:00\" \/>\n<meta property=\"og:image\" content=\"https:\/\/pistonaddict.com\/wp-content\/uploads\/2023\/12\/IMG_0124.jpeg\" \/>\n\t<meta property=\"og:image:width\" content=\"1885\" \/>\n\t<meta property=\"og:image:height\" content=\"1207\" \/>\n\t<meta property=\"og:image:type\" content=\"image\/jpeg\" \/>\n<meta name=\"twitter:card\" content=\"summary_large_image\" \/>\n<meta name=\"twitter:label1\" content=\"Gesch\u00e4tzte Lesezeit\" \/>\n\t<meta name=\"twitter:data1\" content=\"3\u00a0Minuten\" \/>\n<script type=\"application\/ld+json\" class=\"yoast-schema-graph\">{\"@context\":\"https:\/\/schema.org\",\"@graph\":[{\"@type\":\"WebPage\",\"@id\":\"https:\/\/pistonaddict.com\/de\/product\/ferrari-458-italien\/\",\"url\":\"https:\/\/pistonaddict.com\/de\/product\/ferrari-458-italien\/\",\"name\":\"% Auktion -\",\"isPartOf\":{\"@id\":\"https:\/\/pistonaddict.com\/de\/#website\"},\"primaryImageOfPage\":{\"@id\":\"https:\/\/pistonaddict.com\/de\/product\/ferrari-458-italien\/#primaryimage\"},\"image\":{\"@id\":\"https:\/\/pistonaddict.com\/de\/product\/ferrari-458-italien\/#primaryimage\"},\"thumbnailUrl\":\"https:\/\/pistonaddict.com\/wp-content\/uploads\/2023\/12\/IMG_0124.jpeg\",\"datePublished\":\"2023-12-01T09:02:11+00:00\",\"dateModified\":\"2023-12-20T08:59:05+00:00\",\"breadcrumb\":{\"@id\":\"https:\/\/pistonaddict.com\/de\/product\/ferrari-458-italien\/#breadcrumb\"},\"inLanguage\":\"de\",\"potentialAction\":[{\"@type\":\"ReadAction\",\"target\":[\"https:\/\/pistonaddict.com\/de\/product\/ferrari-458-italien\/\"]}]},{\"@type\":\"ImageObject\",\"inLanguage\":\"de\",\"@id\":\"https:\/\/pistonaddict.com\/de\/product\/ferrari-458-italien\/#primaryimage\",\"url\":\"https:\/\/pistonaddict.com\/wp-content\/uploads\/2023\/12\/IMG_0124.jpeg\",\"contentUrl\":\"https:\/\/pistonaddict.com\/wp-content\/uploads\/2023\/12\/IMG_0124.jpeg\",\"width\":1885,\"height\":1207},{\"@type\":\"BreadcrumbList\",\"@id\":\"https:\/\/pistonaddict.com\/de\/product\/ferrari-458-italien\/#breadcrumb\",\"itemListElement\":[{\"@type\":\"ListItem\",\"position\":1,\"name\":\"Startseite\",\"item\":\"https:\/\/pistonaddict.com\/de\/homepage\/\"},{\"@type\":\"ListItem\",\"position\":2,\"name\":\"Auctions\",\"item\":\"https:\/\/pistonaddict.com\/auctions-listing\/\"},{\"@type\":\"ListItem\",\"position\":3,\"name\":\"Ferrari 458 Italia\"}]},{\"@type\":\"WebSite\",\"@id\":\"https:\/\/pistonaddict.com\/de\/#website\",\"url\":\"https:\/\/pistonaddict.com\/de\/\",\"name\":\"Piston Addict\",\"description\":\"Only interesting vehicles\",\"publisher\":{\"@id\":\"https:\/\/pistonaddict.com\/de\/#organization\"},\"potentialAction\":[{\"@type\":\"SearchAction\",\"target\":{\"@type\":\"EntryPoint\",\"urlTemplate\":\"https:\/\/pistonaddict.com\/de\/?s={search_term_string}\"},\"query-input\":\"required name=search_term_string\"}],\"inLanguage\":\"de\"},{\"@type\":\"Organization\",\"@id\":\"https:\/\/pistonaddict.com\/de\/#organization\",\"name\":\"Piston Addict\",\"url\":\"https:\/\/pistonaddict.com\/de\/\",\"logo\":{\"@type\":\"ImageObject\",\"inLanguage\":\"de\",\"@id\":\"https:\/\/pistonaddict.com\/de\/#\/schema\/logo\/image\/\",\"url\":\"https:\/\/pistonaddict.com\/wp-content\/uploads\/2022\/07\/logo-6.png\",\"contentUrl\":\"https:\/\/pistonaddict.com\/wp-content\/uploads\/2022\/07\/logo-6.png\",\"width\":970,\"height\":200,\"caption\":\"Piston Addict\"},\"image\":{\"@id\":\"https:\/\/pistonaddict.com\/de\/#\/schema\/logo\/image\/\"}}]}<\/script>\n<!-- \/ Yoast SEO plugin. -->","yoast_head_json":{"title":"% Auktion -","robots":{"index":"index","follow":"follow","max-snippet":"max-snippet:-1","max-image-preview":"max-image-preview:large","max-video-preview":"max-video-preview:-1"},"canonical":"https:\/\/pistonaddict.com\/de\/product\/ferrari-458-italien\/","og_locale":"de_DE","og_type":"article","og_title":"% Auktion -","og_description":"Ferrari ist immer auf dem neuesten Stand der Automobiltechnologie und -leistung und hat die Turboaufladung zusammen mit dem Hybridantrieb als Standard in alle seine Modelle aufgenommen. Doch f\u00fcr einen kurzen Moment produzierte Ferrari einen absolut modernen Sportwagen, der mit einem schreienden Saugmotor ausgestattet war, der moderne Technologie, hohe Drehzahlen und eine enorme Motorleistung perfekt mit dem Charme der alten Schule verband. Ja, die Rede ist vom 458 Italia, und wir sind stolz darauf, Ihnen eines der besten Exemplare auf dem Markt anbieten zu k\u00f6nnen.","og_url":"https:\/\/pistonaddict.com\/de\/product\/ferrari-458-italien\/","og_site_name":"Piston Addict","article_modified_time":"2023-12-20T08:59:05+00:00","og_image":[{"width":1885,"height":1207,"url":"https:\/\/pistonaddict.com\/wp-content\/uploads\/2023\/12\/IMG_0124.jpeg","type":"image\/jpeg"}],"twitter_card":"summary_large_image","twitter_misc":{"Gesch\u00e4tzte Lesezeit":"3\u00a0Minuten"},"schema":{"@context":"https:\/\/schema.org","@graph":[{"@type":"WebPage","@id":"https:\/\/pistonaddict.com\/de\/product\/ferrari-458-italien\/","url":"https:\/\/pistonaddict.com\/de\/product\/ferrari-458-italien\/","name":"% Auktion -","isPartOf":{"@id":"https:\/\/pistonaddict.com\/de\/#website"},"primaryImageOfPage":{"@id":"https:\/\/pistonaddict.com\/de\/product\/ferrari-458-italien\/#primaryimage"},"image":{"@id":"https:\/\/pistonaddict.com\/de\/product\/ferrari-458-italien\/#primaryimage"},"thumbnailUrl":"https:\/\/pistonaddict.com\/wp-content\/uploads\/2023\/12\/IMG_0124.jpeg","datePublished":"2023-12-01T09:02:11+00:00","dateModified":"2023-12-20T08:59:05+00:00","breadcrumb":{"@id":"https:\/\/pistonaddict.com\/de\/product\/ferrari-458-italien\/#breadcrumb"},"inLanguage":"de","potentialAction":[{"@type":"ReadAction","target":["https:\/\/pistonaddict.com\/de\/product\/ferrari-458-italien\/"]}]},{"@type":"ImageObject","inLanguage":"de","@id":"https:\/\/pistonaddict.com\/de\/product\/ferrari-458-italien\/#primaryimage","url":"https:\/\/pistonaddict.com\/wp-content\/uploads\/2023\/12\/IMG_0124.jpeg","contentUrl":"https:\/\/pistonaddict.com\/wp-content\/uploads\/2023\/12\/IMG_0124.jpeg","width":1885,"height":1207},{"@type":"BreadcrumbList","@id":"https:\/\/pistonaddict.com\/de\/product\/ferrari-458-italien\/#breadcrumb","itemListElement":[{"@type":"ListItem","position":1,"name":"Startseite","item":"https:\/\/pistonaddict.com\/de\/homepage\/"},{"@type":"ListItem","position":2,"name":"Auctions","item":"https:\/\/pistonaddict.com\/auctions-listing\/"},{"@type":"ListItem","position":3,"name":"Ferrari 458 Italia"}]},{"@type":"WebSite","@id":"https:\/\/pistonaddict.com\/de\/#website","url":"https:\/\/pistonaddict.com\/de\/","name":"Piston Addict","description":"Only interesting vehicles","publisher":{"@id":"https:\/\/pistonaddict.com\/de\/#organization"},"potentialAction":[{"@type":"SearchAction","target":{"@type":"EntryPoint","urlTemplate":"https:\/\/pistonaddict.com\/de\/?s={search_term_string}"},"query-input":"required name=search_term_string"}],"inLanguage":"de"},{"@type":"Organization","@id":"https:\/\/pistonaddict.com\/de\/#organization","name":"Piston Addict","url":"https:\/\/pistonaddict.com\/de\/","logo":{"@type":"ImageObject","inLanguage":"de","@id":"https:\/\/pistonaddict.com\/de\/#\/schema\/logo\/image\/","url":"https:\/\/pistonaddict.com\/wp-content\/uploads\/2022\/07\/logo-6.png","contentUrl":"https:\/\/pistonaddict.com\/wp-content\/uploads\/2022\/07\/logo-6.png","width":970,"height":200,"caption":"Piston Addict"},"image":{"@id":"https:\/\/pistonaddict.com\/de\/#\/schema\/logo\/image\/"}}]}},"_links":{"self":[{"href":"https:\/\/pistonaddict.com\/de\/wp-json\/wp\/v2\/product\/75649"}],"collection":[{"href":"https:\/\/pistonaddict.com\/de\/wp-json\/wp\/v2\/product"}],"about":[{"href":"https:\/\/pistonaddict.com\/de\/wp-json\/wp\/v2\/types\/product"}],"replies":[{"embeddable":true,"href":"https:\/\/pistonaddict.com\/de\/wp-json\/wp\/v2\/comments?post=75649"}],"wp:featuredmedia":[{"embeddable":true,"href":"https:\/\/pistonaddict.com\/de\/wp-json\/wp\/v2\/media\/75541"}],"wp:attachment":[{"href":"https:\/\/pistonaddict.com\/de\/wp-json\/wp\/v2\/media?parent=75649"}],"wp:term":[{"taxonomy":"product_cat","embeddable":true,"href":"https:\/\/pistonaddict.com\/de\/wp-json\/wp\/v2\/product_cat?post=75649"},{"taxonomy":"product_tag","embeddable":true,"href":"https:\/\/pistonaddict.com\/de\/wp-json\/wp\/v2\/product_tag?post=75649"}],"curies":[{"name":"wp","href":"https:\/\/api.w.org\/{rel}","templated":true}]}}