{"id":72237,"date":"2023-11-17T17:40:02","date_gmt":"2023-11-17T16:40:02","guid":{"rendered":"https:\/\/pistonaddict.com\/product\/land-rover-defender-p90e-elektrisch\/"},"modified":"2024-03-19T16:59:08","modified_gmt":"2024-03-19T15:59:08","slug":"land-rover-defender-p90e-elektrisch","status":"publish","type":"product","link":"https:\/\/pistonaddict.com\/de\/product\/land-rover-defender-p90e-elektrisch\/","title":{"rendered":"Land Rover Defender P90E Elektrisch"},"content":{"rendered":"<p><strong>Auto-Geschichte<\/strong><\/p>\n<p>In der Welt der Gel\u00e4ndewagen ist der Land Rover Defender eine unbestrittene Ikone. Ein wahrer automobiler Held und ein Modell, das noch immer f\u00fcr Robustheit, Zuverl\u00e4ssigkeit und die Einstellung steht, \u00fcberall hin zu fahren. Als solcher ist er immer noch das Traumauto von Millionen von Offroad-Fans weltweit. Die klassischen Modelle, so cool und charmant sie auch sind, haben in der heutigen verkehrs- und umweltbewussten Welt jedoch ausgedient. Das Schweizer Unternehmen Revive hat daf\u00fcr eine L\u00f6sung gefunden und dieses Exemplar auf modernen Elektroantrieb umger\u00fcstet, was das Gef\u00fchl dieses klassischen Fahrzeugs v\u00f6llig ver\u00e4ndert und seine F\u00e4higkeiten verbessert hat. Dieses besondere Exemplar wurde 1999 in der begehrten dreit\u00fcrigen Form produziert und neu in die Schweiz geliefert. Er wurde 2021 vom Verk\u00e4ufer erworben und 2022 von Revive gr\u00fcndlich umger\u00fcstet, was zum ersten Defender EV-Umbau in der Schweiz f\u00fchrte. Der urspr\u00fcngliche Dieselmotor wurde durch einen Netgain Hyper 9-Elektromotor mit 66 kW (100 PS) ersetzt, der von einem 44-kWh-Batteriepaket begleitet wird. Interessanterweise wurde der Elektromotor an das urspr\u00fcngliche Schaltgetriebe und den 4&#215;4-Antriebsstrang angeschlossen. Dieser Defender verf\u00fcgt \u00fcber eine einzigartige Kombination aus Elektroantrieb und Schaltgetriebe, verbesserte Leistung, mehr Drehmoment und eine Reichweite von 120 bis 130 km.<\/p>\n<p><strong>Innenbereich<\/strong><\/p>\n<p>Abgesehen von der zentralen Anzeige ist die Innenausstattung dieses einzigartigen Land Rover Defender aus der Zeit und in ausgezeichnetem Zustand. Die Sitze sind mit Stoff bezogen, und im Fond gibt es cool aussehende Rumpelsitze. Das Armaturenbrett sieht genauso aus wie das Original. Er verf\u00fcgt \u00fcber einige zus\u00e4tzliche Schalter, ein verbessertes Audiosystem und eine Kraftstoffanzeige, die so umgebaut wurde, dass sie die Strommenge in den Batterien anzeigt &#8211; ein hervorragendes Detail. Obwohl der Defender jetzt \u00fcber ein Batteriepaket verf\u00fcgt, hat er nichts von seiner Praktikabilit\u00e4t und seinem Platzangebot eingeb\u00fc\u00dft.<\/p>\n<p><strong> <\/strong><strong>Zustand<\/strong><\/p>\n<p>Dieser legend\u00e4re Gel\u00e4ndewagen hat bis zu seinem Umbau durch Revive 187.654 km zur\u00fcckgelegt. Dieses besondere Exemplar wurde aufgrund seines Zustands und des Fehlens von Sch\u00e4den oder Rost ausgew\u00e4hlt, die alle zu den \u00fcblichen Problemen eines klassischen Defender geh\u00f6ren. Seit dem Umbau hat der Defender knapp 10 000 Kilometer zur\u00fcckgelegt und ist bereit, noch viel mehr zu fahren, denn sein Motor ist brandneu. Derzeit steht der Kilometerz\u00e4hler bei knapp \u00fcber 197.500 Kilometern. Das Fahrzeug wird mit einer umfassenden Dokumentation sowie den Unterlagen und der Garantie der Firma Revive geliefert. Das Fahrzeug wurde kurz vor dem Umbau 2022 gr\u00fcndlich gewartet, wobei die Bremsen erst vor wenigen Tagen im November 2023 \u00fcberholt wurden. Unbedingt zu erw\u00e4hnen ist, dass dieser Defender die schweizerische technische Kontrolle bestanden hat, zugelassen ist und mit einer dreij\u00e4hrigen Garantie von Revive ausgestattet ist, was zeigt, dass der Gesamtzustand fantastisch ist und dass das Fahrzeug f\u00fcr jeden Einsatz auf der Stra\u00dfe und im Gel\u00e4nde absolut geeignet ist.<\/p>\n<p><strong> <\/strong><strong>\u00c4u\u00dferes und R\u00e4der<\/strong><\/p>\n<p>Von au\u00dfen sieht dieser Defender EV aus wie jeder andere Land Rover desselben Jahrgangs, und das einzige, was ihn von anderen unterscheidet, sind die Aufkleber und der Ladeanschluss anstelle des Tankdeckels. Mit den originalen 16-Zoll-R\u00e4dern mit Nokian-Gel\u00e4ndereifen (aus dem Jahr 2021) ist er in der Lage, jedes Gel\u00e4nde zu meistern. Es gibt keine Beulen, Kratzer oder Rost, und die graue Farbe ist original.<\/p>\n<p><strong> <\/strong><strong>Dokumentation<\/strong><\/p>\n<p>Der Besitzer verkauft dieses Fahrzeug mit den entsprechenden Unterlagen, und befindet sich in der Schweiz. Der <a href=\"https:\/\/pistonaddict.com\/wp-content\/uploads\/2023\/11\/CarVertical.pdf\">Car Vertical-Bericht<\/a> ist sauber; es gibt keinen Nachweis \u00fcber Unf\u00e4lle, Unfallreparaturen, Eigentumsverh\u00e4ltnisse oder rechtliche Probleme. Es gibt Aufzeichnungen \u00fcber die regelm\u00e4\u00dfige Wartung, Original-Werksprospekte, Kaufbelege und Quittungen.  <strong>Das Auto wird mit einer ordnungsgem\u00e4\u00dfen Dokumentation von Revive, einer schriftlichen 3-Jahres-Garantie f\u00fcr den Elektromotor und das Akkupaket sowie einer technischen Pr\u00fcfung durch die Schweizer Beh\u00f6rden geliefert. Ein umfassendes Benutzerhandbuch und Versicherungsunterlagen werden ebenfalls mit dem Fahrzeug geliefert.<\/strong>. All das bedeutet, dass dieser Defender EV eine vollst\u00e4ndige Stra\u00dfenzulassung hat, f\u00fcr den Export bereit ist und \u00fcberall eingesetzt werden kann.<\/p>\n<p><strong>Sehen Sie sich das Kaltstart-Video dieses sehr interessanten Land Rover Defender voll elektrisch an:<\/strong><\/p>\n<p><iframe title=\"Cold Start Video of the Land Rover Defender full Electric for auction sale\" width=\"1200\" height=\"900\" src=\"https:\/\/www.youtube.com\/embed\/8ZfpIXIwhOI?feature=oembed\" frameborder=\"0\" allow=\"accelerometer; autoplay; clipboard-write; encrypted-media; gyroscope; picture-in-picture; web-share\" allowfullscreen><\/iframe><\/p>\n<p><strong> <\/strong><\/p>\n","protected":false},"excerpt":{"rendered":"<p>Einer der spannendsten Aspekte der EV-Revolution ist, dass wir klassische Autos neu erfinden und ihnen ein neues Leben geben k\u00f6nnen. Die Nachr\u00fcstung eines klassischen Fahrzeugs mit einem hochmodernen Elektroantrieb ist ein Schritt \u00fcber die Restaurierung hinaus und eine einzigartige M\u00f6glichkeit, die erkennbare Form mit der Technologie des 21. Heute sind wir stolz darauf, ein solches Auto zu pr\u00e4sentieren &#8211; den Land Rover Defender EV, den ersten klassischen Defender, der von der Schweizer Firma Revive zu einem Elektrofahrzeug umgebaut wurde.<\/p>\n","protected":false},"featured_media":71387,"comment_status":"open","ping_status":"closed","template":"","meta":{"inline_featured_image":false},"product_cat":[702],"product_tag":[2559,2480,2478,2484],"acf":[],"yoast_head":"<!-- This site is optimized with the Yoast SEO plugin v22.5 - https:\/\/yoast.com\/wordpress\/plugins\/seo\/ -->\n<title>Auktion -<\/title>\n<meta name=\"robots\" content=\"index, follow, max-snippet:-1, max-image-preview:large, max-video-preview:-1\" \/>\n<link rel=\"canonical\" href=\"https:\/\/pistonaddict.com\/de\/product\/land-rover-defender-p90e-elektrisch\/\" \/>\n<meta property=\"og:locale\" content=\"de_DE\" \/>\n<meta property=\"og:type\" content=\"article\" \/>\n<meta property=\"og:title\" content=\"Auktion -\" \/>\n<meta property=\"og:description\" content=\"Einer der spannendsten Aspekte der EV-Revolution ist, dass wir klassische Autos neu erfinden und ihnen ein neues Leben geben k\u00f6nnen. Die Nachr\u00fcstung eines klassischen Fahrzeugs mit einem hochmodernen Elektroantrieb ist ein Schritt \u00fcber die Restaurierung hinaus und eine einzigartige M\u00f6glichkeit, die erkennbare Form mit der Technologie des 21. Heute sind wir stolz darauf, ein solches Auto zu pr\u00e4sentieren - den Land Rover Defender EV, den ersten klassischen Defender, der von der Schweizer Firma Revive zu einem Elektrofahrzeug umgebaut wurde.\" \/>\n<meta property=\"og:url\" content=\"https:\/\/pistonaddict.com\/de\/product\/land-rover-defender-p90e-elektrisch\/\" \/>\n<meta property=\"og:site_name\" content=\"Piston Addict\" \/>\n<meta property=\"article:modified_time\" content=\"2024-03-19T15:59:08+00:00\" \/>\n<meta property=\"og:image\" content=\"https:\/\/pistonaddict.com\/wp-content\/uploads\/2023\/11\/def-05.jpg\" \/>\n\t<meta property=\"og:image:width\" content=\"2560\" \/>\n\t<meta property=\"og:image:height\" content=\"1440\" \/>\n\t<meta property=\"og:image:type\" content=\"image\/jpeg\" \/>\n<meta name=\"twitter:card\" content=\"summary_large_image\" \/>\n<meta name=\"twitter:label1\" content=\"Gesch\u00e4tzte Lesezeit\" \/>\n\t<meta name=\"twitter:data1\" content=\"3\u00a0Minuten\" \/>\n<script type=\"application\/ld+json\" class=\"yoast-schema-graph\">{\"@context\":\"https:\/\/schema.org\",\"@graph\":[{\"@type\":\"WebPage\",\"@id\":\"https:\/\/pistonaddict.com\/de\/product\/land-rover-defender-p90e-elektrisch\/\",\"url\":\"https:\/\/pistonaddict.com\/de\/product\/land-rover-defender-p90e-elektrisch\/\",\"name\":\"Auktion -\",\"isPartOf\":{\"@id\":\"https:\/\/pistonaddict.com\/de\/#website\"},\"primaryImageOfPage\":{\"@id\":\"https:\/\/pistonaddict.com\/de\/product\/land-rover-defender-p90e-elektrisch\/#primaryimage\"},\"image\":{\"@id\":\"https:\/\/pistonaddict.com\/de\/product\/land-rover-defender-p90e-elektrisch\/#primaryimage\"},\"thumbnailUrl\":\"https:\/\/pistonaddict.com\/wp-content\/uploads\/2023\/11\/def-05.jpg\",\"datePublished\":\"2023-11-17T16:40:02+00:00\",\"dateModified\":\"2024-03-19T15:59:08+00:00\",\"breadcrumb\":{\"@id\":\"https:\/\/pistonaddict.com\/de\/product\/land-rover-defender-p90e-elektrisch\/#breadcrumb\"},\"inLanguage\":\"de\",\"potentialAction\":[{\"@type\":\"ReadAction\",\"target\":[\"https:\/\/pistonaddict.com\/de\/product\/land-rover-defender-p90e-elektrisch\/\"]}]},{\"@type\":\"ImageObject\",\"inLanguage\":\"de\",\"@id\":\"https:\/\/pistonaddict.com\/de\/product\/land-rover-defender-p90e-elektrisch\/#primaryimage\",\"url\":\"https:\/\/pistonaddict.com\/wp-content\/uploads\/2023\/11\/def-05.jpg\",\"contentUrl\":\"https:\/\/pistonaddict.com\/wp-content\/uploads\/2023\/11\/def-05.jpg\",\"width\":2560,\"height\":1440},{\"@type\":\"BreadcrumbList\",\"@id\":\"https:\/\/pistonaddict.com\/de\/product\/land-rover-defender-p90e-elektrisch\/#breadcrumb\",\"itemListElement\":[{\"@type\":\"ListItem\",\"position\":1,\"name\":\"Startseite\",\"item\":\"https:\/\/pistonaddict.com\/de\/homepage\/\"},{\"@type\":\"ListItem\",\"position\":2,\"name\":\"Auctions\",\"item\":\"https:\/\/pistonaddict.com\/auctions-listing\/\"},{\"@type\":\"ListItem\",\"position\":3,\"name\":\"Land Rover Defender P90E Elektrisch\"}]},{\"@type\":\"WebSite\",\"@id\":\"https:\/\/pistonaddict.com\/de\/#website\",\"url\":\"https:\/\/pistonaddict.com\/de\/\",\"name\":\"Piston Addict\",\"description\":\"Only interesting vehicles\",\"publisher\":{\"@id\":\"https:\/\/pistonaddict.com\/de\/#organization\"},\"potentialAction\":[{\"@type\":\"SearchAction\",\"target\":{\"@type\":\"EntryPoint\",\"urlTemplate\":\"https:\/\/pistonaddict.com\/de\/?s={search_term_string}\"},\"query-input\":\"required name=search_term_string\"}],\"inLanguage\":\"de\"},{\"@type\":\"Organization\",\"@id\":\"https:\/\/pistonaddict.com\/de\/#organization\",\"name\":\"Piston Addict\",\"url\":\"https:\/\/pistonaddict.com\/de\/\",\"logo\":{\"@type\":\"ImageObject\",\"inLanguage\":\"de\",\"@id\":\"https:\/\/pistonaddict.com\/de\/#\/schema\/logo\/image\/\",\"url\":\"https:\/\/pistonaddict.com\/wp-content\/uploads\/2022\/07\/logo-6.png\",\"contentUrl\":\"https:\/\/pistonaddict.com\/wp-content\/uploads\/2022\/07\/logo-6.png\",\"width\":970,\"height\":200,\"caption\":\"Piston Addict\"},\"image\":{\"@id\":\"https:\/\/pistonaddict.com\/de\/#\/schema\/logo\/image\/\"}}]}<\/script>\n<!-- \/ Yoast SEO plugin. -->","yoast_head_json":{"title":"Auktion -","robots":{"index":"index","follow":"follow","max-snippet":"max-snippet:-1","max-image-preview":"max-image-preview:large","max-video-preview":"max-video-preview:-1"},"canonical":"https:\/\/pistonaddict.com\/de\/product\/land-rover-defender-p90e-elektrisch\/","og_locale":"de_DE","og_type":"article","og_title":"Auktion -","og_description":"Einer der spannendsten Aspekte der EV-Revolution ist, dass wir klassische Autos neu erfinden und ihnen ein neues Leben geben k\u00f6nnen. Die Nachr\u00fcstung eines klassischen Fahrzeugs mit einem hochmodernen Elektroantrieb ist ein Schritt \u00fcber die Restaurierung hinaus und eine einzigartige M\u00f6glichkeit, die erkennbare Form mit der Technologie des 21. Heute sind wir stolz darauf, ein solches Auto zu pr\u00e4sentieren - den Land Rover Defender EV, den ersten klassischen Defender, der von der Schweizer Firma Revive zu einem Elektrofahrzeug umgebaut wurde.","og_url":"https:\/\/pistonaddict.com\/de\/product\/land-rover-defender-p90e-elektrisch\/","og_site_name":"Piston Addict","article_modified_time":"2024-03-19T15:59:08+00:00","og_image":[{"width":2560,"height":1440,"url":"https:\/\/pistonaddict.com\/wp-content\/uploads\/2023\/11\/def-05.jpg","type":"image\/jpeg"}],"twitter_card":"summary_large_image","twitter_misc":{"Gesch\u00e4tzte Lesezeit":"3\u00a0Minuten"},"schema":{"@context":"https:\/\/schema.org","@graph":[{"@type":"WebPage","@id":"https:\/\/pistonaddict.com\/de\/product\/land-rover-defender-p90e-elektrisch\/","url":"https:\/\/pistonaddict.com\/de\/product\/land-rover-defender-p90e-elektrisch\/","name":"Auktion -","isPartOf":{"@id":"https:\/\/pistonaddict.com\/de\/#website"},"primaryImageOfPage":{"@id":"https:\/\/pistonaddict.com\/de\/product\/land-rover-defender-p90e-elektrisch\/#primaryimage"},"image":{"@id":"https:\/\/pistonaddict.com\/de\/product\/land-rover-defender-p90e-elektrisch\/#primaryimage"},"thumbnailUrl":"https:\/\/pistonaddict.com\/wp-content\/uploads\/2023\/11\/def-05.jpg","datePublished":"2023-11-17T16:40:02+00:00","dateModified":"2024-03-19T15:59:08+00:00","breadcrumb":{"@id":"https:\/\/pistonaddict.com\/de\/product\/land-rover-defender-p90e-elektrisch\/#breadcrumb"},"inLanguage":"de","potentialAction":[{"@type":"ReadAction","target":["https:\/\/pistonaddict.com\/de\/product\/land-rover-defender-p90e-elektrisch\/"]}]},{"@type":"ImageObject","inLanguage":"de","@id":"https:\/\/pistonaddict.com\/de\/product\/land-rover-defender-p90e-elektrisch\/#primaryimage","url":"https:\/\/pistonaddict.com\/wp-content\/uploads\/2023\/11\/def-05.jpg","contentUrl":"https:\/\/pistonaddict.com\/wp-content\/uploads\/2023\/11\/def-05.jpg","width":2560,"height":1440},{"@type":"BreadcrumbList","@id":"https:\/\/pistonaddict.com\/de\/product\/land-rover-defender-p90e-elektrisch\/#breadcrumb","itemListElement":[{"@type":"ListItem","position":1,"name":"Startseite","item":"https:\/\/pistonaddict.com\/de\/homepage\/"},{"@type":"ListItem","position":2,"name":"Auctions","item":"https:\/\/pistonaddict.com\/auctions-listing\/"},{"@type":"ListItem","position":3,"name":"Land Rover Defender P90E Elektrisch"}]},{"@type":"WebSite","@id":"https:\/\/pistonaddict.com\/de\/#website","url":"https:\/\/pistonaddict.com\/de\/","name":"Piston Addict","description":"Only interesting vehicles","publisher":{"@id":"https:\/\/pistonaddict.com\/de\/#organization"},"potentialAction":[{"@type":"SearchAction","target":{"@type":"EntryPoint","urlTemplate":"https:\/\/pistonaddict.com\/de\/?s={search_term_string}"},"query-input":"required name=search_term_string"}],"inLanguage":"de"},{"@type":"Organization","@id":"https:\/\/pistonaddict.com\/de\/#organization","name":"Piston Addict","url":"https:\/\/pistonaddict.com\/de\/","logo":{"@type":"ImageObject","inLanguage":"de","@id":"https:\/\/pistonaddict.com\/de\/#\/schema\/logo\/image\/","url":"https:\/\/pistonaddict.com\/wp-content\/uploads\/2022\/07\/logo-6.png","contentUrl":"https:\/\/pistonaddict.com\/wp-content\/uploads\/2022\/07\/logo-6.png","width":970,"height":200,"caption":"Piston Addict"},"image":{"@id":"https:\/\/pistonaddict.com\/de\/#\/schema\/logo\/image\/"}}]}},"_links":{"self":[{"href":"https:\/\/pistonaddict.com\/de\/wp-json\/wp\/v2\/product\/72237"}],"collection":[{"href":"https:\/\/pistonaddict.com\/de\/wp-json\/wp\/v2\/product"}],"about":[{"href":"https:\/\/pistonaddict.com\/de\/wp-json\/wp\/v2\/types\/product"}],"replies":[{"embeddable":true,"href":"https:\/\/pistonaddict.com\/de\/wp-json\/wp\/v2\/comments?post=72237"}],"wp:featuredmedia":[{"embeddable":true,"href":"https:\/\/pistonaddict.com\/de\/wp-json\/wp\/v2\/media\/71387"}],"wp:attachment":[{"href":"https:\/\/pistonaddict.com\/de\/wp-json\/wp\/v2\/media?parent=72237"}],"wp:term":[{"taxonomy":"product_cat","embeddable":true,"href":"https:\/\/pistonaddict.com\/de\/wp-json\/wp\/v2\/product_cat?post=72237"},{"taxonomy":"product_tag","embeddable":true,"href":"https:\/\/pistonaddict.com\/de\/wp-json\/wp\/v2\/product_tag?post=72237"}],"curies":[{"name":"wp","href":"https:\/\/api.w.org\/{rel}","templated":true}]}}