{"id":69411,"date":"2023-11-09T17:05:55","date_gmt":"2023-11-09T16:05:55","guid":{"rendered":"https:\/\/pistonaddict.com\/product\/mini-rover-1-3-mpi-silberstein\/"},"modified":"2023-12-20T09:53:41","modified_gmt":"2023-12-20T08:53:41","slug":"mini-rover-1-3-mpi-silberstein","status":"publish","type":"product","link":"https:\/\/pistonaddict.com\/de\/product\/mini-rover-1-3-mpi-silberstein\/","title":{"rendered":"Mini Rover 1.3 Silverstone"},"content":{"rendered":"<h2>\u00c4u\u00dferes<\/h2>\n<p>\u00c4u\u00dferlich wird die vertraute Form des schwarzen Zweit\u00fcrers durch Details wie einen verchromten K\u00fchlergrill, Rennstreifen auf der Motorhaube und ein wei\u00df lackiertes Dach aufgepeppt. Au\u00dferdem gibt es vorne ein Paar Nebelscheinwerfer, die sowohl die Sicht als auch das Aussehen verbessern. Dazu gibt es rundum wei\u00dfe Blinker, die viel besser sind als die altmodischen gelben. Und hinten gibt es einen mittig gemuldeten Auspuff mit einer verchromten Spitze.<\/p>\n<p>Schlie\u00dflich sind noch die ausgestellten Radk\u00e4sten zu erw\u00e4hnen, die das aggressive Erscheinungsbild des Fahrzeugs noch verst\u00e4rken. Aber dieser Umbau ist nicht nur f\u00fcr die Show, denn er war notwendig, um gen\u00fcgend Platz f\u00fcr breite, sportliche R\u00e4der zu haben. Und wenn wir schon beim Thema Reifen sind, muss erw\u00e4hnt werden, dass die 13-Zoll-Felgen an diesem Auto nicht die Serienfelgen sind. Aber der Verk\u00e4ufer sagt, dass auch diese zur Verf\u00fcgung gestellt werden.<\/p>\n<h2>Innenbereich<\/h2>\n<p>Im Inneren des Fahrzeugs finden Sie sich hinter einem typischen Mini-Lederlenkrad mit drei Speichen wieder. Dahinter befindet sich das Kombiinstrument mit einem Tachometer, der bei 180 km\/h endet, und einem Drehzahlmesser, der bis zu 8.000 U\/min reicht. Das aus Echtholz gefertigte Armaturenbrett ist erwartungsgem\u00e4\u00df sparsam ausgestattet und bietet nur das N\u00f6tigste. Dazu geh\u00f6ren die Lichtschalter, die L\u00fcftungsregler und die Stereoanlage, die in diesem Fall ein Nachr\u00fcstger\u00e4t von Sony ist.<\/p>\n<p>Der Rest des Innenraums deutet auf den sportlichen Charakter des Fahrzeugs hin, wobei die Vordersitze am meisten \u00fcberzeugen. Die Kombination aus schwarzem Leder und grauem Stoff bietet ausreichend Halt in engen Kurven, in denen der Mini seine St\u00e4rken ausspielt. Die R\u00fccksitze und die Seitenverkleidung sind im gleichen Stil gepolstert, ein roter Bodenteppich rundet den auff\u00e4lligen Auftritt ab. Schlie\u00dflich wird der Verk\u00e4ufer den Dachhimmel vor der Auslieferung des Fahrzeugs ersetzen, da der originale Dachhimmel direkt \u00fcber den Sonnenblenden besch\u00e4digt ist (siehe Bild).<\/p>\n<h2>Mechanik<\/h2>\n<p>Dieser Mini Cooper hat einen 1.3 4-Zylinder-Motor, der die Vorderr\u00e4der \u00fcber ein 4-Gang-Schaltgetriebe antreibt. W\u00e4hrend die Grundkonfiguration des Motors noch aus den 60er Jahren stammt, ist dieses Modell mit der elektronischen Kraftstoffeinspritzung von Rover ausgestattet, die das Fahrzeug zuverl\u00e4ssiger und angenehmer zu fahren macht.<\/p>\n<p>In Bezug auf die Leistung hat der Mini Cooper nur 63 Pferdest\u00e4rken zur Verf\u00fcgung, was vielleicht nicht viel erscheint. Aber er muss nur 685 Kilogramm bew\u00e4ltigen, so viel wiegt dieses Auto. Alles in allem ist der Mini zwar auf den Geraden nicht gerade rasend schnell, aber in den Kurven macht er unglaublich viel Spa\u00df. Und das ist eines der Dinge, die sie \u00fcberhaupt erst so besonders und ber\u00fchmt gemacht haben.<\/p>\n<h2>Geschichte des Fahrzeugs<\/h2>\n<p>Abschlie\u00dfend noch ein paar Worte zum aktuellen Zustand des Minis, den der Verk\u00e4ufer als sehr gut beschreibt. Das Auto wurde zuletzt im Juni 2023 gewartet, als regelm\u00e4\u00dfige Wartungsarbeiten durchgef\u00fchrt und neue Bremsen eingebaut wurden. Au\u00dferdem ist der gesamte Auspuff, einschlie\u00dflich des Katalysators, neu. Und nach den Fotos zu urteilen, sieht das Auto sowohl au\u00dfen als auch innen wie neu aus. Dar\u00fcber hinaus gibt der professionelle Verk\u00e4ufer, der der 5. Besitzer ist, an, dass der Wagen nie einen Unfall hatte, was zus\u00e4tzlich durch einen entsprechenden <a href=\"https:\/\/pistonaddict.com\/wp-content\/uploads\/2023\/11\/CARFAX-Vehicle-History-Report-ROVER-MINI.pdf\">CARFAX<\/a> Vehicle History Report best\u00e4tigt werden kann. Die letzte technische Pr\u00fcfung wurde am 6. Oktober 2023 bestanden und genehmigt.<\/p>\n<p><strong><br \/>\nSehen Sie sich das Kaltstart-Video dieses niedlichen Mini Rover Silverstone an:<\/strong><\/p>\n<p><iframe title=\"Cold Start Video of the Austin Mini Silverstone for auction sale\" width=\"1200\" height=\"675\" src=\"https:\/\/www.youtube.com\/embed\/NW_53HH3Wg4?feature=oembed\" frameborder=\"0\" allow=\"accelerometer; autoplay; clipboard-write; encrypted-media; gyroscope; picture-in-picture; web-share\" allowfullscreen><\/iframe><\/p>\n","protected":false},"excerpt":{"rendered":"<p>Wenn Sie auf der Suche nach einem kleinen, praktischen und wendigen Oldtimer sind, muss der originale Mini ganz oben auf Ihrer Liste stehen. W\u00e4hrend seiner langen Produktionszeit war diese Automobilikone in mehreren Varianten erh\u00e4ltlich, wobei der sportliche Cooper wohl die begehrteste war. Ein Auto, das den originalen Mini-Charakter mit einer Vielzahl exquisiter optischer Details und einem aufregenden Fahrerlebnis verbindet. Und zum Verkauf steht hier ein Mini Cooper von 1993, der sich in einem ausgezeichneten Zustand befindet und bisher 74.000 Kilometer zur\u00fcckgelegt hat. Dar\u00fcber hinaus ist er eines von nur 400 in Silverstone hergestellten Exemplaren, was ihm Exklusivit\u00e4t verleiht. Schauen wir uns einmal genauer an, was es zu bieten hat.<\/p>\n","protected":false},"featured_media":67410,"comment_status":"open","ping_status":"closed","template":"","meta":{"inline_featured_image":false},"product_cat":[702],"product_tag":[2440,1007,2442],"acf":[],"yoast_head":"<!-- This site is optimized with the Yoast SEO plugin v22.5 - https:\/\/yoast.com\/wordpress\/plugins\/seo\/ -->\n<title>% Auktion -<\/title>\n<meta name=\"robots\" content=\"index, follow, max-snippet:-1, max-image-preview:large, max-video-preview:-1\" \/>\n<link rel=\"canonical\" href=\"https:\/\/pistonaddict.com\/de\/product\/mini-rover-1-3-mpi-silberstein\/\" \/>\n<meta property=\"og:locale\" content=\"de_DE\" \/>\n<meta property=\"og:type\" content=\"article\" \/>\n<meta property=\"og:title\" content=\"% Auktion -\" \/>\n<meta property=\"og:description\" content=\"Wenn Sie auf der Suche nach einem kleinen, praktischen und wendigen Oldtimer sind, muss der originale Mini ganz oben auf Ihrer Liste stehen. W\u00e4hrend seiner langen Produktionszeit war diese Automobilikone in mehreren Varianten erh\u00e4ltlich, wobei der sportliche Cooper wohl die begehrteste war. Ein Auto, das den originalen Mini-Charakter mit einer Vielzahl exquisiter optischer Details und einem aufregenden Fahrerlebnis verbindet. Und zum Verkauf steht hier ein Mini Cooper von 1993, der sich in einem ausgezeichneten Zustand befindet und bisher 74.000 Kilometer zur\u00fcckgelegt hat. Dar\u00fcber hinaus ist er eines von nur 400 in Silverstone hergestellten Exemplaren, was ihm Exklusivit\u00e4t verleiht. Schauen wir uns einmal genauer an, was es zu bieten hat.\" \/>\n<meta property=\"og:url\" content=\"https:\/\/pistonaddict.com\/de\/product\/mini-rover-1-3-mpi-silberstein\/\" \/>\n<meta property=\"og:site_name\" content=\"Piston Addict\" \/>\n<meta property=\"article:modified_time\" content=\"2023-12-20T08:53:41+00:00\" \/>\n<meta property=\"og:image\" content=\"https:\/\/pistonaddict.com\/wp-content\/uploads\/2023\/11\/IMG_5534-scaled.jpeg\" \/>\n\t<meta property=\"og:image:width\" content=\"2560\" \/>\n\t<meta property=\"og:image:height\" content=\"1920\" \/>\n\t<meta property=\"og:image:type\" content=\"image\/jpeg\" \/>\n<meta name=\"twitter:card\" content=\"summary_large_image\" \/>\n<meta name=\"twitter:label1\" content=\"Gesch\u00e4tzte Lesezeit\" \/>\n\t<meta name=\"twitter:data1\" content=\"3\u00a0Minuten\" \/>\n<script type=\"application\/ld+json\" class=\"yoast-schema-graph\">{\"@context\":\"https:\/\/schema.org\",\"@graph\":[{\"@type\":\"WebPage\",\"@id\":\"https:\/\/pistonaddict.com\/de\/product\/mini-rover-1-3-mpi-silberstein\/\",\"url\":\"https:\/\/pistonaddict.com\/de\/product\/mini-rover-1-3-mpi-silberstein\/\",\"name\":\"% Auktion -\",\"isPartOf\":{\"@id\":\"https:\/\/pistonaddict.com\/de\/#website\"},\"primaryImageOfPage\":{\"@id\":\"https:\/\/pistonaddict.com\/de\/product\/mini-rover-1-3-mpi-silberstein\/#primaryimage\"},\"image\":{\"@id\":\"https:\/\/pistonaddict.com\/de\/product\/mini-rover-1-3-mpi-silberstein\/#primaryimage\"},\"thumbnailUrl\":\"https:\/\/pistonaddict.com\/wp-content\/uploads\/2023\/11\/IMG_5534-scaled.jpeg\",\"datePublished\":\"2023-11-09T16:05:55+00:00\",\"dateModified\":\"2023-12-20T08:53:41+00:00\",\"breadcrumb\":{\"@id\":\"https:\/\/pistonaddict.com\/de\/product\/mini-rover-1-3-mpi-silberstein\/#breadcrumb\"},\"inLanguage\":\"de\",\"potentialAction\":[{\"@type\":\"ReadAction\",\"target\":[\"https:\/\/pistonaddict.com\/de\/product\/mini-rover-1-3-mpi-silberstein\/\"]}]},{\"@type\":\"ImageObject\",\"inLanguage\":\"de\",\"@id\":\"https:\/\/pistonaddict.com\/de\/product\/mini-rover-1-3-mpi-silberstein\/#primaryimage\",\"url\":\"https:\/\/pistonaddict.com\/wp-content\/uploads\/2023\/11\/IMG_5534-scaled.jpeg\",\"contentUrl\":\"https:\/\/pistonaddict.com\/wp-content\/uploads\/2023\/11\/IMG_5534-scaled.jpeg\",\"width\":2560,\"height\":1920},{\"@type\":\"BreadcrumbList\",\"@id\":\"https:\/\/pistonaddict.com\/de\/product\/mini-rover-1-3-mpi-silberstein\/#breadcrumb\",\"itemListElement\":[{\"@type\":\"ListItem\",\"position\":1,\"name\":\"Startseite\",\"item\":\"https:\/\/pistonaddict.com\/de\/homepage\/\"},{\"@type\":\"ListItem\",\"position\":2,\"name\":\"Auctions\",\"item\":\"https:\/\/pistonaddict.com\/auctions-listing\/\"},{\"@type\":\"ListItem\",\"position\":3,\"name\":\"Mini Rover 1.3 Silverstone\"}]},{\"@type\":\"WebSite\",\"@id\":\"https:\/\/pistonaddict.com\/de\/#website\",\"url\":\"https:\/\/pistonaddict.com\/de\/\",\"name\":\"Piston Addict\",\"description\":\"Only interesting vehicles\",\"publisher\":{\"@id\":\"https:\/\/pistonaddict.com\/de\/#organization\"},\"potentialAction\":[{\"@type\":\"SearchAction\",\"target\":{\"@type\":\"EntryPoint\",\"urlTemplate\":\"https:\/\/pistonaddict.com\/de\/?s={search_term_string}\"},\"query-input\":\"required name=search_term_string\"}],\"inLanguage\":\"de\"},{\"@type\":\"Organization\",\"@id\":\"https:\/\/pistonaddict.com\/de\/#organization\",\"name\":\"Piston Addict\",\"url\":\"https:\/\/pistonaddict.com\/de\/\",\"logo\":{\"@type\":\"ImageObject\",\"inLanguage\":\"de\",\"@id\":\"https:\/\/pistonaddict.com\/de\/#\/schema\/logo\/image\/\",\"url\":\"https:\/\/pistonaddict.com\/wp-content\/uploads\/2022\/07\/logo-6.png\",\"contentUrl\":\"https:\/\/pistonaddict.com\/wp-content\/uploads\/2022\/07\/logo-6.png\",\"width\":970,\"height\":200,\"caption\":\"Piston Addict\"},\"image\":{\"@id\":\"https:\/\/pistonaddict.com\/de\/#\/schema\/logo\/image\/\"}}]}<\/script>\n<!-- \/ Yoast SEO plugin. -->","yoast_head_json":{"title":"% Auktion -","robots":{"index":"index","follow":"follow","max-snippet":"max-snippet:-1","max-image-preview":"max-image-preview:large","max-video-preview":"max-video-preview:-1"},"canonical":"https:\/\/pistonaddict.com\/de\/product\/mini-rover-1-3-mpi-silberstein\/","og_locale":"de_DE","og_type":"article","og_title":"% Auktion -","og_description":"Wenn Sie auf der Suche nach einem kleinen, praktischen und wendigen Oldtimer sind, muss der originale Mini ganz oben auf Ihrer Liste stehen. W\u00e4hrend seiner langen Produktionszeit war diese Automobilikone in mehreren Varianten erh\u00e4ltlich, wobei der sportliche Cooper wohl die begehrteste war. Ein Auto, das den originalen Mini-Charakter mit einer Vielzahl exquisiter optischer Details und einem aufregenden Fahrerlebnis verbindet. Und zum Verkauf steht hier ein Mini Cooper von 1993, der sich in einem ausgezeichneten Zustand befindet und bisher 74.000 Kilometer zur\u00fcckgelegt hat. Dar\u00fcber hinaus ist er eines von nur 400 in Silverstone hergestellten Exemplaren, was ihm Exklusivit\u00e4t verleiht. Schauen wir uns einmal genauer an, was es zu bieten hat.","og_url":"https:\/\/pistonaddict.com\/de\/product\/mini-rover-1-3-mpi-silberstein\/","og_site_name":"Piston Addict","article_modified_time":"2023-12-20T08:53:41+00:00","og_image":[{"width":2560,"height":1920,"url":"https:\/\/pistonaddict.com\/wp-content\/uploads\/2023\/11\/IMG_5534-scaled.jpeg","type":"image\/jpeg"}],"twitter_card":"summary_large_image","twitter_misc":{"Gesch\u00e4tzte Lesezeit":"3\u00a0Minuten"},"schema":{"@context":"https:\/\/schema.org","@graph":[{"@type":"WebPage","@id":"https:\/\/pistonaddict.com\/de\/product\/mini-rover-1-3-mpi-silberstein\/","url":"https:\/\/pistonaddict.com\/de\/product\/mini-rover-1-3-mpi-silberstein\/","name":"% Auktion -","isPartOf":{"@id":"https:\/\/pistonaddict.com\/de\/#website"},"primaryImageOfPage":{"@id":"https:\/\/pistonaddict.com\/de\/product\/mini-rover-1-3-mpi-silberstein\/#primaryimage"},"image":{"@id":"https:\/\/pistonaddict.com\/de\/product\/mini-rover-1-3-mpi-silberstein\/#primaryimage"},"thumbnailUrl":"https:\/\/pistonaddict.com\/wp-content\/uploads\/2023\/11\/IMG_5534-scaled.jpeg","datePublished":"2023-11-09T16:05:55+00:00","dateModified":"2023-12-20T08:53:41+00:00","breadcrumb":{"@id":"https:\/\/pistonaddict.com\/de\/product\/mini-rover-1-3-mpi-silberstein\/#breadcrumb"},"inLanguage":"de","potentialAction":[{"@type":"ReadAction","target":["https:\/\/pistonaddict.com\/de\/product\/mini-rover-1-3-mpi-silberstein\/"]}]},{"@type":"ImageObject","inLanguage":"de","@id":"https:\/\/pistonaddict.com\/de\/product\/mini-rover-1-3-mpi-silberstein\/#primaryimage","url":"https:\/\/pistonaddict.com\/wp-content\/uploads\/2023\/11\/IMG_5534-scaled.jpeg","contentUrl":"https:\/\/pistonaddict.com\/wp-content\/uploads\/2023\/11\/IMG_5534-scaled.jpeg","width":2560,"height":1920},{"@type":"BreadcrumbList","@id":"https:\/\/pistonaddict.com\/de\/product\/mini-rover-1-3-mpi-silberstein\/#breadcrumb","itemListElement":[{"@type":"ListItem","position":1,"name":"Startseite","item":"https:\/\/pistonaddict.com\/de\/homepage\/"},{"@type":"ListItem","position":2,"name":"Auctions","item":"https:\/\/pistonaddict.com\/auctions-listing\/"},{"@type":"ListItem","position":3,"name":"Mini Rover 1.3 Silverstone"}]},{"@type":"WebSite","@id":"https:\/\/pistonaddict.com\/de\/#website","url":"https:\/\/pistonaddict.com\/de\/","name":"Piston Addict","description":"Only interesting vehicles","publisher":{"@id":"https:\/\/pistonaddict.com\/de\/#organization"},"potentialAction":[{"@type":"SearchAction","target":{"@type":"EntryPoint","urlTemplate":"https:\/\/pistonaddict.com\/de\/?s={search_term_string}"},"query-input":"required name=search_term_string"}],"inLanguage":"de"},{"@type":"Organization","@id":"https:\/\/pistonaddict.com\/de\/#organization","name":"Piston Addict","url":"https:\/\/pistonaddict.com\/de\/","logo":{"@type":"ImageObject","inLanguage":"de","@id":"https:\/\/pistonaddict.com\/de\/#\/schema\/logo\/image\/","url":"https:\/\/pistonaddict.com\/wp-content\/uploads\/2022\/07\/logo-6.png","contentUrl":"https:\/\/pistonaddict.com\/wp-content\/uploads\/2022\/07\/logo-6.png","width":970,"height":200,"caption":"Piston Addict"},"image":{"@id":"https:\/\/pistonaddict.com\/de\/#\/schema\/logo\/image\/"}}]}},"_links":{"self":[{"href":"https:\/\/pistonaddict.com\/de\/wp-json\/wp\/v2\/product\/69411"}],"collection":[{"href":"https:\/\/pistonaddict.com\/de\/wp-json\/wp\/v2\/product"}],"about":[{"href":"https:\/\/pistonaddict.com\/de\/wp-json\/wp\/v2\/types\/product"}],"replies":[{"embeddable":true,"href":"https:\/\/pistonaddict.com\/de\/wp-json\/wp\/v2\/comments?post=69411"}],"wp:featuredmedia":[{"embeddable":true,"href":"https:\/\/pistonaddict.com\/de\/wp-json\/wp\/v2\/media\/67410"}],"wp:attachment":[{"href":"https:\/\/pistonaddict.com\/de\/wp-json\/wp\/v2\/media?parent=69411"}],"wp:term":[{"taxonomy":"product_cat","embeddable":true,"href":"https:\/\/pistonaddict.com\/de\/wp-json\/wp\/v2\/product_cat?post=69411"},{"taxonomy":"product_tag","embeddable":true,"href":"https:\/\/pistonaddict.com\/de\/wp-json\/wp\/v2\/product_tag?post=69411"}],"curies":[{"name":"wp","href":"https:\/\/api.w.org\/{rel}","templated":true}]}}