{"id":67049,"date":"2023-11-07T14:48:12","date_gmt":"2023-11-07T13:48:12","guid":{"rendered":"https:\/\/pistonaddict.com\/product\/ferrari-348-tb\/"},"modified":"2024-03-20T09:39:56","modified_gmt":"2024-03-20T08:39:56","slug":"ferrari-348-tb","status":"publish","type":"product","link":"https:\/\/pistonaddict.com\/de\/product\/ferrari-348-tb\/","title":{"rendered":"Ferrari 348 TB"},"content":{"rendered":"<p><strong>Auto-Geschichte<\/strong><\/p>\n<p>Der 348 TB wurde 1989 vorgestellt, und er war ein gro\u00dfer Schritt nach vorn in Bezug auf Leistung und Technik im Vergleich zu seinen Vorg\u00e4ngern. Er war auch eines der letzten Modelle der &#8220;Enzo&#8221;-\u00c4ra und wurde kurz vor dem Tod des legend\u00e4ren Ferrari-Chefs zur Produktion freigegeben. Angetrieben von einem 3,4-Liter-V8-Motor, leistete er satte 300 PS und sorgte damit f\u00fcr berauschende Fahrleistungen. Dieser Wagen wurde 1991 neu in die Schweiz geliefert und 2023 vom jetzigen Besitzer erworben. <strong>Was diesen Ferrari 348 TB jedoch so interessant macht, ist, dass er mit einem Challenge-Kit ausgestattet<\/strong> wurde. In den fr\u00fchen 90er Jahren startete Ferrari seine ber\u00fchmte 348 Challenge Rennserie f\u00fcr Besitzer, die mit ihren Autos Rennen fahren wollten. Um daran teilzunehmen, mussten Sie entweder einen 348 Challenge ab Werk kaufen (es wurden etwa 50 Exemplare hergestellt) oder einen Challenge-Bausatz bei Ihrem Ferrari-H\u00e4ndler bestellen. <strong>Die Challenge-Spezifikation umfasste einen auf 320 PS aufger\u00fcsteten Motor, bessere Bremsen, Sitze, eine kleinere Batterie, einen \u00dcberrollk\u00e4fig und Slick-Reifen<\/strong>. Dieses Exemplar wurde Ende 1995 von einem Ferrari-H\u00e4ndler umgebaut, kam aber nie zum Einsatz, da die Ferrari Challenge-Serie f\u00fcr die Saison 1996 auf das Modell Ferrari 355 umgestellt wurde. Der Vorgang wurde vollst\u00e4ndig mit Rechnungen und Quittungen dokumentiert,<strong> was diesen gelben 348 zu einem von etwa 150 Fahrzeugen macht, die von H\u00e4ndlern weltweit umgebaut wurden, und wahrscheinlich zum einzigen ohne Renngeschichte!<\/strong><\/p>\n<p><strong>Innenbereich<\/strong><\/p>\n<p>Da dieser Ferrari sorgf\u00e4ltig gepflegt wurde, ist die schwarze Lederausstattung in sehr gutem Zustand mit minimalen Gebrauchsspuren. Der Vorbesitzer entfernte den \u00dcberrollk\u00e4fig und baute die Originalsitze wieder ein, was den Ein- und Ausstieg erheblich erleichtert. Das Armaturenbrett hat keine Risse, und alle Instrumente und Tasten funktionieren. Es gibt keine \u00c4nderungen, au\u00dfer dem CD-Spieler, der perfekt in das 90er-Jahre-Gef\u00fchl dieses Autos passt.<\/p>\n<p><strong>Zustand<\/strong><\/p>\n<p>Mit nur 55.721 Kilometern aus dem Neuzustand ist dieser Ferrari 348 TB Challenge in einem tadellosen Zustand und wurde von all seinen Benutzern sorgf\u00e4ltig gepflegt. Das Fahrzeug wurde offensichtlich kaum benutzt und gut gewartet, wie aus den Unterlagen hervorgeht. Die Wartungshistorie, die mit diesem Auto geliefert wird, ist unglaublich, mit dem originalen Kaufvertrag und den Besitzern aus den 90er Jahren. Die letzte Wartung wurde im August 2023 durchgef\u00fchrt, und die Bremsen wurden erst vor wenigen Tagen im November 2023 \u00fcberholt. Nach Angaben des Verk\u00e4ufers, sollte die n\u00e4chste Wartung Verteilerriemen, die von ihren Mechanikern zu zus\u00e4tzlichen Kosten von 3000 Euro durchgef\u00fchrt werden kann. Es gibt keine undichten Stellen; der Unterboden ist so sauber wie der Innenraum. Das Auto ist bereit, \u00fcberall gefahren zu werden und ist wahrscheinlich eines der besten Beispiele f\u00fcr einen Ferrari 348 TB Challenge in Fahrerqualit\u00e4t, die Sie finden werden.<\/p>\n<p><strong>\u00c4u\u00dferes und R\u00e4der<\/strong><\/p>\n<p>Der Giallo Yellow Lack ist in perfektem Zustand ohne Kratzer und Beulen. Das Lackdickenmessger\u00e4t zeigt eine gleichm\u00e4\u00dfige Farbe an, was bedeutet, dass keine Sch\u00e4den repariert und keine Spachtelmasse verwendet wurde. Der einzige sichtbare Schaden an der Karosserie ist der Dichtungsring an den Fahrert\u00fcren, der Verschlei\u00dferscheinungen aufweist, was angesichts des Alters des Fahrzeugs zu erwarten ist. Die originalgetreuen 17-Zoll-Leichtmetallfelgen von OZ sind spezifische Challenge-Produkte und sehen gut aus. Der Michelin Pilot Sport ist \u00e4lter, aber nicht abgenutzt.<\/p>\n<p><strong> <\/strong><strong>Dokumentation<\/strong><\/p>\n<p>Dieses Fahrzeug wird vom H\u00e4ndler mit den entsprechenden Unterlagen verkauft, und es befindet sich in Spanien. Der <a href=\"https:\/\/pistonaddict.com\/wp-content\/uploads\/2023\/11\/CARFAX-Vehicle-History-Report-FERRARI-348-tb.pdf\">CarFax-Bericht<\/a> ist sauber; es gibt keine Belege f\u00fcr Unf\u00e4lle, Unfallreparaturen, Eigentumsverh\u00e4ltnisse oder rechtliche Probleme. Es gibt Aufzeichnungen \u00fcber die regelm\u00e4\u00dfige Wartung sowie Original-Werksprospekte, Kaufbelege, Quittungen und die technische Zulassung ist bis August 2024 g\u00fcltig. Der Umfang der Dokumentation ist einfach erstaunlich, und es ist selten, ein Auto mit so viel Papierkram zu sehen, der beweist, dass es gut gepflegt wurde.<\/p>\n<p><strong><br \/>\nSehen Sie sich das Kaltstartvideo dieses wundersch\u00f6nen Ferrari 348 TB an:<\/strong><\/p>\n<p><iframe title=\"Cold Start Video of the Ferrari F348 TB for auction sale\" width=\"1200\" height=\"675\" src=\"https:\/\/www.youtube.com\/embed\/VcqnL6NA2Yk?feature=oembed\" frameborder=\"0\" allow=\"accelerometer; autoplay; clipboard-write; encrypted-media; gyroscope; picture-in-picture; web-share\" allowfullscreen><\/iframe><\/p>\n","protected":false},"excerpt":{"rendered":"<p>Einen Ferrari zu fahren ist immer eine interessante Angelegenheit. Autos aus den 60er Jahren sind heute zu wertvoll, um auf der Stra\u00dfe eingesetzt zu werden, und die aktuelle Modellreihe ist fast zu schnell f\u00fcr den modernen Verkehr. Es gibt jedoch immer noch Modelle, die Ihnen das Vergn\u00fcgen bieten, einen reinrassigen italienischen Sportwagen zu besitzen, das Dr\u00f6hnen eines V8-Saugmotors und eine unvergleichliche Fahrdynamik. Wir sind stolz darauf, ein besonderes Fahrzeug in idealem Zustand mit einer aufregenden Motorsportverbindung und einer wahnsinnigen Dokumentation zu pr\u00e4sentieren.<\/p>\n","protected":false},"featured_media":64585,"comment_status":"open","ping_status":"closed","template":"","meta":{"inline_featured_image":false},"product_cat":[702],"product_tag":[2381,2380,1007],"acf":[],"yoast_head":"<!-- This site is optimized with the Yoast SEO plugin v22.5 - https:\/\/yoast.com\/wordpress\/plugins\/seo\/ -->\n<title>Auktion -<\/title>\n<meta name=\"robots\" content=\"index, follow, max-snippet:-1, max-image-preview:large, max-video-preview:-1\" \/>\n<link rel=\"canonical\" href=\"https:\/\/pistonaddict.com\/de\/product\/ferrari-348-tb\/\" \/>\n<meta property=\"og:locale\" content=\"de_DE\" \/>\n<meta property=\"og:type\" content=\"article\" \/>\n<meta property=\"og:title\" content=\"Auktion -\" \/>\n<meta property=\"og:description\" content=\"Einen Ferrari zu fahren ist immer eine interessante Angelegenheit. Autos aus den 60er Jahren sind heute zu wertvoll, um auf der Stra\u00dfe eingesetzt zu werden, und die aktuelle Modellreihe ist fast zu schnell f\u00fcr den modernen Verkehr. Es gibt jedoch immer noch Modelle, die Ihnen das Vergn\u00fcgen bieten, einen reinrassigen italienischen Sportwagen zu besitzen, das Dr\u00f6hnen eines V8-Saugmotors und eine unvergleichliche Fahrdynamik. Wir sind stolz darauf, ein besonderes Fahrzeug in idealem Zustand mit einer aufregenden Motorsportverbindung und einer wahnsinnigen Dokumentation zu pr\u00e4sentieren.\" \/>\n<meta property=\"og:url\" content=\"https:\/\/pistonaddict.com\/de\/product\/ferrari-348-tb\/\" \/>\n<meta property=\"og:site_name\" content=\"Piston Addict\" \/>\n<meta property=\"article:modified_time\" content=\"2024-03-20T08:39:56+00:00\" \/>\n<meta property=\"og:image\" content=\"https:\/\/pistonaddict.com\/wp-content\/uploads\/2023\/11\/IMG7107-scaled.jpg\" \/>\n\t<meta property=\"og:image:width\" content=\"2560\" \/>\n\t<meta property=\"og:image:height\" content=\"1709\" \/>\n\t<meta property=\"og:image:type\" content=\"image\/jpeg\" \/>\n<meta name=\"twitter:card\" content=\"summary_large_image\" \/>\n<meta name=\"twitter:label1\" content=\"Gesch\u00e4tzte Lesezeit\" \/>\n\t<meta name=\"twitter:data1\" content=\"3\u00a0Minuten\" \/>\n<script type=\"application\/ld+json\" class=\"yoast-schema-graph\">{\"@context\":\"https:\/\/schema.org\",\"@graph\":[{\"@type\":\"WebPage\",\"@id\":\"https:\/\/pistonaddict.com\/de\/product\/ferrari-348-tb\/\",\"url\":\"https:\/\/pistonaddict.com\/de\/product\/ferrari-348-tb\/\",\"name\":\"Auktion -\",\"isPartOf\":{\"@id\":\"https:\/\/pistonaddict.com\/de\/#website\"},\"primaryImageOfPage\":{\"@id\":\"https:\/\/pistonaddict.com\/de\/product\/ferrari-348-tb\/#primaryimage\"},\"image\":{\"@id\":\"https:\/\/pistonaddict.com\/de\/product\/ferrari-348-tb\/#primaryimage\"},\"thumbnailUrl\":\"https:\/\/pistonaddict.com\/wp-content\/uploads\/2023\/11\/IMG7107-scaled.jpg\",\"datePublished\":\"2023-11-07T13:48:12+00:00\",\"dateModified\":\"2024-03-20T08:39:56+00:00\",\"breadcrumb\":{\"@id\":\"https:\/\/pistonaddict.com\/de\/product\/ferrari-348-tb\/#breadcrumb\"},\"inLanguage\":\"de\",\"potentialAction\":[{\"@type\":\"ReadAction\",\"target\":[\"https:\/\/pistonaddict.com\/de\/product\/ferrari-348-tb\/\"]}]},{\"@type\":\"ImageObject\",\"inLanguage\":\"de\",\"@id\":\"https:\/\/pistonaddict.com\/de\/product\/ferrari-348-tb\/#primaryimage\",\"url\":\"https:\/\/pistonaddict.com\/wp-content\/uploads\/2023\/11\/IMG7107-scaled.jpg\",\"contentUrl\":\"https:\/\/pistonaddict.com\/wp-content\/uploads\/2023\/11\/IMG7107-scaled.jpg\",\"width\":2560,\"height\":1709},{\"@type\":\"BreadcrumbList\",\"@id\":\"https:\/\/pistonaddict.com\/de\/product\/ferrari-348-tb\/#breadcrumb\",\"itemListElement\":[{\"@type\":\"ListItem\",\"position\":1,\"name\":\"Startseite\",\"item\":\"https:\/\/pistonaddict.com\/de\/homepage\/\"},{\"@type\":\"ListItem\",\"position\":2,\"name\":\"Auctions\",\"item\":\"https:\/\/pistonaddict.com\/auctions-listing\/\"},{\"@type\":\"ListItem\",\"position\":3,\"name\":\"Ferrari 348 TB\"}]},{\"@type\":\"WebSite\",\"@id\":\"https:\/\/pistonaddict.com\/de\/#website\",\"url\":\"https:\/\/pistonaddict.com\/de\/\",\"name\":\"Piston Addict\",\"description\":\"Only interesting vehicles\",\"publisher\":{\"@id\":\"https:\/\/pistonaddict.com\/de\/#organization\"},\"potentialAction\":[{\"@type\":\"SearchAction\",\"target\":{\"@type\":\"EntryPoint\",\"urlTemplate\":\"https:\/\/pistonaddict.com\/de\/?s={search_term_string}\"},\"query-input\":\"required name=search_term_string\"}],\"inLanguage\":\"de\"},{\"@type\":\"Organization\",\"@id\":\"https:\/\/pistonaddict.com\/de\/#organization\",\"name\":\"Piston Addict\",\"url\":\"https:\/\/pistonaddict.com\/de\/\",\"logo\":{\"@type\":\"ImageObject\",\"inLanguage\":\"de\",\"@id\":\"https:\/\/pistonaddict.com\/de\/#\/schema\/logo\/image\/\",\"url\":\"https:\/\/pistonaddict.com\/wp-content\/uploads\/2022\/07\/logo-6.png\",\"contentUrl\":\"https:\/\/pistonaddict.com\/wp-content\/uploads\/2022\/07\/logo-6.png\",\"width\":970,\"height\":200,\"caption\":\"Piston Addict\"},\"image\":{\"@id\":\"https:\/\/pistonaddict.com\/de\/#\/schema\/logo\/image\/\"}}]}<\/script>\n<!-- \/ Yoast SEO plugin. -->","yoast_head_json":{"title":"Auktion -","robots":{"index":"index","follow":"follow","max-snippet":"max-snippet:-1","max-image-preview":"max-image-preview:large","max-video-preview":"max-video-preview:-1"},"canonical":"https:\/\/pistonaddict.com\/de\/product\/ferrari-348-tb\/","og_locale":"de_DE","og_type":"article","og_title":"Auktion -","og_description":"Einen Ferrari zu fahren ist immer eine interessante Angelegenheit. Autos aus den 60er Jahren sind heute zu wertvoll, um auf der Stra\u00dfe eingesetzt zu werden, und die aktuelle Modellreihe ist fast zu schnell f\u00fcr den modernen Verkehr. Es gibt jedoch immer noch Modelle, die Ihnen das Vergn\u00fcgen bieten, einen reinrassigen italienischen Sportwagen zu besitzen, das Dr\u00f6hnen eines V8-Saugmotors und eine unvergleichliche Fahrdynamik. Wir sind stolz darauf, ein besonderes Fahrzeug in idealem Zustand mit einer aufregenden Motorsportverbindung und einer wahnsinnigen Dokumentation zu pr\u00e4sentieren.","og_url":"https:\/\/pistonaddict.com\/de\/product\/ferrari-348-tb\/","og_site_name":"Piston Addict","article_modified_time":"2024-03-20T08:39:56+00:00","og_image":[{"width":2560,"height":1709,"url":"https:\/\/pistonaddict.com\/wp-content\/uploads\/2023\/11\/IMG7107-scaled.jpg","type":"image\/jpeg"}],"twitter_card":"summary_large_image","twitter_misc":{"Gesch\u00e4tzte Lesezeit":"3\u00a0Minuten"},"schema":{"@context":"https:\/\/schema.org","@graph":[{"@type":"WebPage","@id":"https:\/\/pistonaddict.com\/de\/product\/ferrari-348-tb\/","url":"https:\/\/pistonaddict.com\/de\/product\/ferrari-348-tb\/","name":"Auktion -","isPartOf":{"@id":"https:\/\/pistonaddict.com\/de\/#website"},"primaryImageOfPage":{"@id":"https:\/\/pistonaddict.com\/de\/product\/ferrari-348-tb\/#primaryimage"},"image":{"@id":"https:\/\/pistonaddict.com\/de\/product\/ferrari-348-tb\/#primaryimage"},"thumbnailUrl":"https:\/\/pistonaddict.com\/wp-content\/uploads\/2023\/11\/IMG7107-scaled.jpg","datePublished":"2023-11-07T13:48:12+00:00","dateModified":"2024-03-20T08:39:56+00:00","breadcrumb":{"@id":"https:\/\/pistonaddict.com\/de\/product\/ferrari-348-tb\/#breadcrumb"},"inLanguage":"de","potentialAction":[{"@type":"ReadAction","target":["https:\/\/pistonaddict.com\/de\/product\/ferrari-348-tb\/"]}]},{"@type":"ImageObject","inLanguage":"de","@id":"https:\/\/pistonaddict.com\/de\/product\/ferrari-348-tb\/#primaryimage","url":"https:\/\/pistonaddict.com\/wp-content\/uploads\/2023\/11\/IMG7107-scaled.jpg","contentUrl":"https:\/\/pistonaddict.com\/wp-content\/uploads\/2023\/11\/IMG7107-scaled.jpg","width":2560,"height":1709},{"@type":"BreadcrumbList","@id":"https:\/\/pistonaddict.com\/de\/product\/ferrari-348-tb\/#breadcrumb","itemListElement":[{"@type":"ListItem","position":1,"name":"Startseite","item":"https:\/\/pistonaddict.com\/de\/homepage\/"},{"@type":"ListItem","position":2,"name":"Auctions","item":"https:\/\/pistonaddict.com\/auctions-listing\/"},{"@type":"ListItem","position":3,"name":"Ferrari 348 TB"}]},{"@type":"WebSite","@id":"https:\/\/pistonaddict.com\/de\/#website","url":"https:\/\/pistonaddict.com\/de\/","name":"Piston Addict","description":"Only interesting vehicles","publisher":{"@id":"https:\/\/pistonaddict.com\/de\/#organization"},"potentialAction":[{"@type":"SearchAction","target":{"@type":"EntryPoint","urlTemplate":"https:\/\/pistonaddict.com\/de\/?s={search_term_string}"},"query-input":"required name=search_term_string"}],"inLanguage":"de"},{"@type":"Organization","@id":"https:\/\/pistonaddict.com\/de\/#organization","name":"Piston Addict","url":"https:\/\/pistonaddict.com\/de\/","logo":{"@type":"ImageObject","inLanguage":"de","@id":"https:\/\/pistonaddict.com\/de\/#\/schema\/logo\/image\/","url":"https:\/\/pistonaddict.com\/wp-content\/uploads\/2022\/07\/logo-6.png","contentUrl":"https:\/\/pistonaddict.com\/wp-content\/uploads\/2022\/07\/logo-6.png","width":970,"height":200,"caption":"Piston Addict"},"image":{"@id":"https:\/\/pistonaddict.com\/de\/#\/schema\/logo\/image\/"}}]}},"_links":{"self":[{"href":"https:\/\/pistonaddict.com\/de\/wp-json\/wp\/v2\/product\/67049"}],"collection":[{"href":"https:\/\/pistonaddict.com\/de\/wp-json\/wp\/v2\/product"}],"about":[{"href":"https:\/\/pistonaddict.com\/de\/wp-json\/wp\/v2\/types\/product"}],"replies":[{"embeddable":true,"href":"https:\/\/pistonaddict.com\/de\/wp-json\/wp\/v2\/comments?post=67049"}],"wp:featuredmedia":[{"embeddable":true,"href":"https:\/\/pistonaddict.com\/de\/wp-json\/wp\/v2\/media\/64585"}],"wp:attachment":[{"href":"https:\/\/pistonaddict.com\/de\/wp-json\/wp\/v2\/media?parent=67049"}],"wp:term":[{"taxonomy":"product_cat","embeddable":true,"href":"https:\/\/pistonaddict.com\/de\/wp-json\/wp\/v2\/product_cat?post=67049"},{"taxonomy":"product_tag","embeddable":true,"href":"https:\/\/pistonaddict.com\/de\/wp-json\/wp\/v2\/product_tag?post=67049"}],"curies":[{"name":"wp","href":"https:\/\/api.w.org\/{rel}","templated":true}]}}