{"id":62902,"date":"2023-10-25T19:30:40","date_gmt":"2023-10-25T17:30:40","guid":{"rendered":"https:\/\/pistonaddict.com\/product\/porsche-911-996-targa\/"},"modified":"2024-03-20T09:39:05","modified_gmt":"2024-03-20T08:39:05","slug":"porsche-911-996-targa","status":"publish","type":"product","link":"https:\/\/pistonaddict.com\/de\/product\/porsche-911-996-targa\/","title":{"rendered":"Porsche 911 (996) Targa"},"content":{"rendered":"<p><strong>Auto-Geschichte<\/strong><\/p>\n<p>Bei diesem Exemplar handelt es sich um den 911 Targa, der im Jahr 2004 produziert wurde. Einzigartig ist, dass der Targa bei weitem die seltenste aller 996-Karosserievarianten war; nur 5.125 Fahrzeuge wurden mit einem speziellen, zu \u00f6ffnenden Glasdach und anderen C-S\u00e4ulen ausgeliefert. Dieser in einem verf\u00fchrerischen dunkelblauen Farbton mit hellem Interieur lackierte 911 Targa wurde neu in Spanien ausgeliefert und 2023 vom jetzigen Besitzer erworben. Angetrieben wird er von einem 3,6-Liter-Boxermotor, der wassergek\u00fchlt ist (eine der Kontroversen der 996er-Generationen). Allerdings verf\u00fcgt er \u00fcber ein 6-Gang-Schaltgetriebe, was ihn noch seltener macht und ein Muss f\u00fcr jeden Sammler bestimmter 911-Modelle ist. Mit 320 PS und einer leichten Karosserie ist dieser 911 Targa in der Lage, in nur 5,2 Sekunden auf 100 km\/h zu springen und 285 km\/h zu erreichen. Interessanterweise ist die manuelle Version dieses Modells deutlich schneller als die Automatikversion, was dieses Auto noch begehrenswerter macht. Die Tatsache, dass er alle Vorz\u00fcge eines Cabriolets, die hervorragende Sicht und das Open-Air-Gef\u00fchl mit der Zweckm\u00e4\u00dfigkeit und dem Komfort eines Coup\u00e9s verbindet, macht diesen blauen 911 Targa zu einem sehr vielseitigen Fahrzeug mit dem alles entscheidenden Flat-Six-Soundtrack und Schaltgetriebe.<\/p>\n<p><strong>Innenbereich<\/strong><\/p>\n<p>Da es sich um ein Exemplar mit geringer Laufleistung handelt, ist die Innenausstattung in tadellosem Zustand, v\u00f6llig original und mit w\u00fcnschenswerten Optionen. Er ist in der Farbe Savannah Grau lackiert und verf\u00fcgt \u00fcber ein Infotainment-System, Premium-Audio mit 6 CD-Ladeger\u00e4ten (zeitgem\u00e4\u00df), Leder und elektronisch verstellbare Sitze. Die Qualit\u00e4t der Porsche-Innenausstattung ist in der gesamten Branche bekannt, und dieser 911 Targa von 2004 ist nicht anders. Das Leder ist in perfektem Zustand; es gibt keine Kratzer auf dem Armaturenbrett, den T\u00fcrkarten oder der Mittelkonsole. Es gibt auch brauchbare R\u00fccksitze, die ideal f\u00fcr Kinder sind.<\/p>\n<p><strong>Zustand<\/strong><\/p>\n<p>Mit nur 39.037 Kilometern aus dem Neuzustand befindet sich dieser 911 Targa in einem tadellosen Zustand und wurde von allen seinen Nutzern sorgf\u00e4ltig gepflegt. Das Fahrzeug wurde offensichtlich kaum benutzt und gut gewartet, wie aus den Unterlagen hervorgeht. Der derzeitige Besitzer ist ein H\u00e4ndler in Spanien, und der letzte Service wurde im April 2023 durchgef\u00fchrt, wobei die Bremsen erst vor wenigen Tagen im Oktober 2023 \u00fcberholt wurden. Die Unterseite von Porsches besteht aus Aluminium, damit sie nicht rosten kann. Wie Sie jedoch auf den letzten Bildern der Unterseite sehen k\u00f6nnen, gibt es einige trockene Verschmutzungen, die der Verk\u00e4ufer f\u00fcr den K\u00e4ufer reinigen wird, wenn die Auktion beendet ist. Das Auto ist bereit, \u00fcberall gefahren zu werden und ist wahrscheinlich eines der besten Beispiele f\u00fcr einen 911 996 Targa mit Handschaltung, die Sie jemals finden werden.<\/p>\n<p><strong>\u00c4u\u00dferes und R\u00e4der<\/strong><\/p>\n<p>Mit einer unmarkierten Karosserie in Mitternachtsblau und einer grauen Innenausstattung ist dieser 911 Targa ein wundersch\u00f6nes Fahrzeug ohne Kratzer, Sch\u00e4den oder Dellen. Das rollende Material besteht aus 18-Zoll-R\u00e4dern, die werkseitig mit Bridgestone Potenza Performance-Gummi bezogen sind. Die Reifen sind von 2020 und haben nur wenige Kilometer zur\u00fcckgelegt. Es gibt keine Modifikationen, und dieser 996 Targa befindet sich im Auslieferungszustand.<\/p>\n<p><strong>Dokumentation<\/strong><\/p>\n<p>Dieses Fahrzeug wird vom H\u00e4ndler mit den entsprechenden Unterlagen verkauft, und es befindet sich in Spanien. Der CarFax-Bericht ist sauber; es gibt keine Belege f\u00fcr Unf\u00e4lle, Unfallreparaturen, Eigentumsverh\u00e4ltnisse oder rechtliche Probleme. Es gibt Aufzeichnungen \u00fcber die regelm\u00e4\u00dfigen Wartungsarbeiten sowie die originalen Werksprospekte und Quittungen.<\/p>\n<p><strong>Sehen Sie sich das Kaltstartvideo dieses sch\u00f6nen Porsche 911 Targa an:<\/strong><\/p>\n<p><iframe title=\"Cold Start Video of the Porsche 911 996 Targa for auction sale\" width=\"1200\" height=\"675\" src=\"https:\/\/www.youtube.com\/embed\/pOCqegVAqt8?feature=oembed\" frameborder=\"0\" allow=\"accelerometer; autoplay; clipboard-write; encrypted-media; gyroscope; picture-in-picture; web-share\" allowfullscreen><\/iframe><\/p>\n","protected":false},"excerpt":{"rendered":"<p>Die 996-Generation des altehrw\u00fcrdigen Porsche 911 war sehr umstritten, als sie Ende der 90er Jahre auf den Markt kam. Seitdem gilt er jedoch als fester Bestandteil der 911-Legende, als immens wichtiges Modell f\u00fcr das Unternehmen und als erster 911 der Neuzeit. Mit seinem charakteristischen Design, einer breiten Palette von Modellen und technischen Daten haben Sammler begonnen, die wahren Juwelen des 996 911 zu entdecken. Heute sind wir stolz darauf, ein solches Modell zu pr\u00e4sentieren, eine seltene Version in idealer Ausstattung, die die Aufmerksamkeit jedes 911-Liebhabers auf sich ziehen wird.<\/p>\n","protected":false},"featured_media":59803,"comment_status":"open","ping_status":"closed","template":"","meta":{"inline_featured_image":false},"product_cat":[702],"product_tag":[2340,2309,1007,2308],"acf":[],"yoast_head":"<!-- This site is optimized with the Yoast SEO plugin v22.5 - https:\/\/yoast.com\/wordpress\/plugins\/seo\/ -->\n<title>Auktion -<\/title>\n<meta name=\"robots\" content=\"index, follow, max-snippet:-1, max-image-preview:large, max-video-preview:-1\" \/>\n<link rel=\"canonical\" href=\"https:\/\/pistonaddict.com\/de\/product\/porsche-911-996-targa\/\" \/>\n<meta property=\"og:locale\" content=\"de_DE\" \/>\n<meta property=\"og:type\" content=\"article\" \/>\n<meta property=\"og:title\" content=\"Auktion -\" \/>\n<meta property=\"og:description\" content=\"Die 996-Generation des altehrw\u00fcrdigen Porsche 911 war sehr umstritten, als sie Ende der 90er Jahre auf den Markt kam. Seitdem gilt er jedoch als fester Bestandteil der 911-Legende, als immens wichtiges Modell f\u00fcr das Unternehmen und als erster 911 der Neuzeit. Mit seinem charakteristischen Design, einer breiten Palette von Modellen und technischen Daten haben Sammler begonnen, die wahren Juwelen des 996 911 zu entdecken. Heute sind wir stolz darauf, ein solches Modell zu pr\u00e4sentieren, eine seltene Version in idealer Ausstattung, die die Aufmerksamkeit jedes 911-Liebhabers auf sich ziehen wird.\" \/>\n<meta property=\"og:url\" content=\"https:\/\/pistonaddict.com\/de\/product\/porsche-911-996-targa\/\" \/>\n<meta property=\"og:site_name\" content=\"Piston Addict\" \/>\n<meta property=\"article:modified_time\" content=\"2024-03-20T08:39:05+00:00\" \/>\n<meta property=\"og:image\" content=\"https:\/\/pistonaddict.com\/wp-content\/uploads\/2023\/10\/image00032-1-scaled.jpeg\" \/>\n\t<meta property=\"og:image:width\" content=\"2560\" \/>\n\t<meta property=\"og:image:height\" content=\"1920\" \/>\n\t<meta property=\"og:image:type\" content=\"image\/jpeg\" \/>\n<meta name=\"twitter:card\" content=\"summary_large_image\" \/>\n<meta name=\"twitter:label1\" content=\"Gesch\u00e4tzte Lesezeit\" \/>\n\t<meta name=\"twitter:data1\" content=\"3\u00a0Minuten\" \/>\n<script type=\"application\/ld+json\" class=\"yoast-schema-graph\">{\"@context\":\"https:\/\/schema.org\",\"@graph\":[{\"@type\":\"WebPage\",\"@id\":\"https:\/\/pistonaddict.com\/de\/product\/porsche-911-996-targa\/\",\"url\":\"https:\/\/pistonaddict.com\/de\/product\/porsche-911-996-targa\/\",\"name\":\"Auktion -\",\"isPartOf\":{\"@id\":\"https:\/\/pistonaddict.com\/de\/#website\"},\"primaryImageOfPage\":{\"@id\":\"https:\/\/pistonaddict.com\/de\/product\/porsche-911-996-targa\/#primaryimage\"},\"image\":{\"@id\":\"https:\/\/pistonaddict.com\/de\/product\/porsche-911-996-targa\/#primaryimage\"},\"thumbnailUrl\":\"https:\/\/pistonaddict.com\/wp-content\/uploads\/2023\/10\/image00032-1-scaled.jpeg\",\"datePublished\":\"2023-10-25T17:30:40+00:00\",\"dateModified\":\"2024-03-20T08:39:05+00:00\",\"breadcrumb\":{\"@id\":\"https:\/\/pistonaddict.com\/de\/product\/porsche-911-996-targa\/#breadcrumb\"},\"inLanguage\":\"de\",\"potentialAction\":[{\"@type\":\"ReadAction\",\"target\":[\"https:\/\/pistonaddict.com\/de\/product\/porsche-911-996-targa\/\"]}]},{\"@type\":\"ImageObject\",\"inLanguage\":\"de\",\"@id\":\"https:\/\/pistonaddict.com\/de\/product\/porsche-911-996-targa\/#primaryimage\",\"url\":\"https:\/\/pistonaddict.com\/wp-content\/uploads\/2023\/10\/image00032-1-scaled.jpeg\",\"contentUrl\":\"https:\/\/pistonaddict.com\/wp-content\/uploads\/2023\/10\/image00032-1-scaled.jpeg\",\"width\":2560,\"height\":1920},{\"@type\":\"BreadcrumbList\",\"@id\":\"https:\/\/pistonaddict.com\/de\/product\/porsche-911-996-targa\/#breadcrumb\",\"itemListElement\":[{\"@type\":\"ListItem\",\"position\":1,\"name\":\"Startseite\",\"item\":\"https:\/\/pistonaddict.com\/de\/homepage\/\"},{\"@type\":\"ListItem\",\"position\":2,\"name\":\"Auctions\",\"item\":\"https:\/\/pistonaddict.com\/auctions-listing\/\"},{\"@type\":\"ListItem\",\"position\":3,\"name\":\"Porsche 911 (996) Targa\"}]},{\"@type\":\"WebSite\",\"@id\":\"https:\/\/pistonaddict.com\/de\/#website\",\"url\":\"https:\/\/pistonaddict.com\/de\/\",\"name\":\"Piston Addict\",\"description\":\"Only interesting vehicles\",\"publisher\":{\"@id\":\"https:\/\/pistonaddict.com\/de\/#organization\"},\"potentialAction\":[{\"@type\":\"SearchAction\",\"target\":{\"@type\":\"EntryPoint\",\"urlTemplate\":\"https:\/\/pistonaddict.com\/de\/?s={search_term_string}\"},\"query-input\":\"required name=search_term_string\"}],\"inLanguage\":\"de\"},{\"@type\":\"Organization\",\"@id\":\"https:\/\/pistonaddict.com\/de\/#organization\",\"name\":\"Piston Addict\",\"url\":\"https:\/\/pistonaddict.com\/de\/\",\"logo\":{\"@type\":\"ImageObject\",\"inLanguage\":\"de\",\"@id\":\"https:\/\/pistonaddict.com\/de\/#\/schema\/logo\/image\/\",\"url\":\"https:\/\/pistonaddict.com\/wp-content\/uploads\/2022\/07\/logo-6.png\",\"contentUrl\":\"https:\/\/pistonaddict.com\/wp-content\/uploads\/2022\/07\/logo-6.png\",\"width\":970,\"height\":200,\"caption\":\"Piston Addict\"},\"image\":{\"@id\":\"https:\/\/pistonaddict.com\/de\/#\/schema\/logo\/image\/\"}}]}<\/script>\n<!-- \/ Yoast SEO plugin. -->","yoast_head_json":{"title":"Auktion -","robots":{"index":"index","follow":"follow","max-snippet":"max-snippet:-1","max-image-preview":"max-image-preview:large","max-video-preview":"max-video-preview:-1"},"canonical":"https:\/\/pistonaddict.com\/de\/product\/porsche-911-996-targa\/","og_locale":"de_DE","og_type":"article","og_title":"Auktion -","og_description":"Die 996-Generation des altehrw\u00fcrdigen Porsche 911 war sehr umstritten, als sie Ende der 90er Jahre auf den Markt kam. Seitdem gilt er jedoch als fester Bestandteil der 911-Legende, als immens wichtiges Modell f\u00fcr das Unternehmen und als erster 911 der Neuzeit. Mit seinem charakteristischen Design, einer breiten Palette von Modellen und technischen Daten haben Sammler begonnen, die wahren Juwelen des 996 911 zu entdecken. Heute sind wir stolz darauf, ein solches Modell zu pr\u00e4sentieren, eine seltene Version in idealer Ausstattung, die die Aufmerksamkeit jedes 911-Liebhabers auf sich ziehen wird.","og_url":"https:\/\/pistonaddict.com\/de\/product\/porsche-911-996-targa\/","og_site_name":"Piston Addict","article_modified_time":"2024-03-20T08:39:05+00:00","og_image":[{"width":2560,"height":1920,"url":"https:\/\/pistonaddict.com\/wp-content\/uploads\/2023\/10\/image00032-1-scaled.jpeg","type":"image\/jpeg"}],"twitter_card":"summary_large_image","twitter_misc":{"Gesch\u00e4tzte Lesezeit":"3\u00a0Minuten"},"schema":{"@context":"https:\/\/schema.org","@graph":[{"@type":"WebPage","@id":"https:\/\/pistonaddict.com\/de\/product\/porsche-911-996-targa\/","url":"https:\/\/pistonaddict.com\/de\/product\/porsche-911-996-targa\/","name":"Auktion -","isPartOf":{"@id":"https:\/\/pistonaddict.com\/de\/#website"},"primaryImageOfPage":{"@id":"https:\/\/pistonaddict.com\/de\/product\/porsche-911-996-targa\/#primaryimage"},"image":{"@id":"https:\/\/pistonaddict.com\/de\/product\/porsche-911-996-targa\/#primaryimage"},"thumbnailUrl":"https:\/\/pistonaddict.com\/wp-content\/uploads\/2023\/10\/image00032-1-scaled.jpeg","datePublished":"2023-10-25T17:30:40+00:00","dateModified":"2024-03-20T08:39:05+00:00","breadcrumb":{"@id":"https:\/\/pistonaddict.com\/de\/product\/porsche-911-996-targa\/#breadcrumb"},"inLanguage":"de","potentialAction":[{"@type":"ReadAction","target":["https:\/\/pistonaddict.com\/de\/product\/porsche-911-996-targa\/"]}]},{"@type":"ImageObject","inLanguage":"de","@id":"https:\/\/pistonaddict.com\/de\/product\/porsche-911-996-targa\/#primaryimage","url":"https:\/\/pistonaddict.com\/wp-content\/uploads\/2023\/10\/image00032-1-scaled.jpeg","contentUrl":"https:\/\/pistonaddict.com\/wp-content\/uploads\/2023\/10\/image00032-1-scaled.jpeg","width":2560,"height":1920},{"@type":"BreadcrumbList","@id":"https:\/\/pistonaddict.com\/de\/product\/porsche-911-996-targa\/#breadcrumb","itemListElement":[{"@type":"ListItem","position":1,"name":"Startseite","item":"https:\/\/pistonaddict.com\/de\/homepage\/"},{"@type":"ListItem","position":2,"name":"Auctions","item":"https:\/\/pistonaddict.com\/auctions-listing\/"},{"@type":"ListItem","position":3,"name":"Porsche 911 (996) Targa"}]},{"@type":"WebSite","@id":"https:\/\/pistonaddict.com\/de\/#website","url":"https:\/\/pistonaddict.com\/de\/","name":"Piston Addict","description":"Only interesting vehicles","publisher":{"@id":"https:\/\/pistonaddict.com\/de\/#organization"},"potentialAction":[{"@type":"SearchAction","target":{"@type":"EntryPoint","urlTemplate":"https:\/\/pistonaddict.com\/de\/?s={search_term_string}"},"query-input":"required name=search_term_string"}],"inLanguage":"de"},{"@type":"Organization","@id":"https:\/\/pistonaddict.com\/de\/#organization","name":"Piston Addict","url":"https:\/\/pistonaddict.com\/de\/","logo":{"@type":"ImageObject","inLanguage":"de","@id":"https:\/\/pistonaddict.com\/de\/#\/schema\/logo\/image\/","url":"https:\/\/pistonaddict.com\/wp-content\/uploads\/2022\/07\/logo-6.png","contentUrl":"https:\/\/pistonaddict.com\/wp-content\/uploads\/2022\/07\/logo-6.png","width":970,"height":200,"caption":"Piston Addict"},"image":{"@id":"https:\/\/pistonaddict.com\/de\/#\/schema\/logo\/image\/"}}]}},"_links":{"self":[{"href":"https:\/\/pistonaddict.com\/de\/wp-json\/wp\/v2\/product\/62902"}],"collection":[{"href":"https:\/\/pistonaddict.com\/de\/wp-json\/wp\/v2\/product"}],"about":[{"href":"https:\/\/pistonaddict.com\/de\/wp-json\/wp\/v2\/types\/product"}],"replies":[{"embeddable":true,"href":"https:\/\/pistonaddict.com\/de\/wp-json\/wp\/v2\/comments?post=62902"}],"wp:featuredmedia":[{"embeddable":true,"href":"https:\/\/pistonaddict.com\/de\/wp-json\/wp\/v2\/media\/59803"}],"wp:attachment":[{"href":"https:\/\/pistonaddict.com\/de\/wp-json\/wp\/v2\/media?parent=62902"}],"wp:term":[{"taxonomy":"product_cat","embeddable":true,"href":"https:\/\/pistonaddict.com\/de\/wp-json\/wp\/v2\/product_cat?post=62902"},{"taxonomy":"product_tag","embeddable":true,"href":"https:\/\/pistonaddict.com\/de\/wp-json\/wp\/v2\/product_tag?post=62902"}],"curies":[{"name":"wp","href":"https:\/\/api.w.org\/{rel}","templated":true}]}}