{"id":55261,"date":"2023-10-13T09:36:04","date_gmt":"2023-10-13T07:36:04","guid":{"rendered":"https:\/\/pistonaddict.com\/product\/porsche-cayman-s-3-4-325-cv\/"},"modified":"2023-12-19T19:41:31","modified_gmt":"2023-12-19T18:41:31","slug":"porsche-cayman-s-3-4-325-cv","status":"publish","type":"product","link":"https:\/\/pistonaddict.com\/de\/product\/porsche-cayman-s-3-4-325-cv\/","title":{"rendered":"Porsche Cayman S 3.4 325 CV"},"content":{"rendered":"<p><strong>Auto-Geschichte<\/strong><\/p>\n<p>Dieser wei\u00dfe 2016er Cayman S wurde zun\u00e4chst in Deutschland verkauft, zog dann aber nach Italien, wo er vom jetzigen Besitzer, einem Sportwagenh\u00e4ndler, importiert wurde. Das Jahr 2016 ist das letzte Jahr des Cayman der Generation 981, was aus mehreren Gr\u00fcnden von Bedeutung ist. Vor allem, weil der Cayman S mit dem erneuerten 3,4-Liter-Boxermotor aus dem Porsche 911 Carrera ausgestattet ist und damit eine der wichtigsten Kontroversen in der modernen Porsche-Gemeinde aufgreift. Jahrelang kursierten Ger\u00fcchte, dass Porsche sich nicht traute, den 911er-Motor in den Cayman einzubauen, weil man bef\u00fcrchtete, dass er ein noch besseres Fahrerlebnis bieten k\u00f6nnte. Dies ist der erste Cayman, der tats\u00e4chlich einen 911er Motor hat. Mit 325 PS, einem blitzschnellen 7-Gang-PDK-Getriebe und einem ab Werk speziell abgestimmten Fahrwerk erreicht der 2016er Cayman S in nur 4,8 Sekunden die 100 km\/h-Marke und erreicht eine H\u00f6chstgeschwindigkeit von 283 km\/h. Es geht jedoch nicht um die Zahlen, auch wenn sie fantastisch sind. Der Cayman S hat einen Mittelmotor, eine leichte Karosserie, eine pr\u00e4zise Lenkung und hervorragende Bremsen, weshalb er viele 911er-Besitzer so nerv\u00f6s macht. Die Kombination aus drehfreudigem Saugmotor, agilem Fahrwerk und perfekter Fahrdynamik gilt in Sportwagenkreisen noch immer als eines der idealsten Fahrerautos, die je gebaut wurden.<\/p>\n<p><strong>Innenbereich<\/strong><\/p>\n<p>Da es sich bei diesem 2016 Porsche Cayman S um ein Exemplar mit geringer Laufleistung handelt, ist der Innenraum erwartungsgem\u00e4\u00df unbesch\u00e4digt und in ausgezeichnetem Zustand. Der urspr\u00fcngliche Besitzer inspiziert es sorgf\u00e4ltig mit ein paar w\u00fcnschenswerten Optionen, die der n\u00e4chste Besitzer zu sch\u00e4tzen wissen wird. Die elektronisch verstellbaren Sportsitze, das Infotainmentsystem mit integrierter Digitalanzeige und das Multifunktionslenkrad heben das Fahrerlebnis auf ein neues Niveau. Die Porsche-typische Innenraumqualit\u00e4t ist sichtbar, ebenso wie die bemerkenswerte Passform und Verarbeitung.<\/p>\n<p><strong>Zustand<\/strong><\/p>\n<p>Dieser tadellose Porsche Cayman S hat in den letzten sieben Jahren nur knapp \u00fcber 33.000 Kilometer zur\u00fcckgelegt. Ein so geringer Kilometerstand, ein paar sorgf\u00e4ltige Besitzer und ordnungsgem\u00e4\u00dfe Wartungsaufzeichnungen garantieren, dass sich das Auto durchweg in perfektem Zustand befindet. Der Verk\u00e4ufer ist ein sehr angesehener Sportwagenh\u00e4ndler in Italien, und sie sind so zuversichtlich, in den Gesamtzustand dieses Cayman S, dass das <strong>Auto kommt mit einer 12-monatigen Garantie<\/strong>, die sehr wichtig ist und unterscheidet sich dieses Fahrzeug von \u00e4hnlichen finden Sie zum Verkauf. Es gibt Aufzeichnungen \u00fcber die Wartung und die im Jahr 2021 durchgef\u00fchrten wichtigen Dienstleistungen.<\/p>\n<p><strong>\u00c4u\u00dferes und R\u00e4der<\/strong><\/p>\n<p>Das elegante wei\u00dfe \u00c4u\u00dfere hat keine Kratzer oder Dellen, und dieses Auto hat interessante grafische Details an den Schwellern, die original sind und zeigen, dass dieser Cayman kein Basismodell ist. Der Sportwagen-Look wird durch 20-Zoll-R\u00e4der vervollst\u00e4ndigt, die die gleichen sind, die auch beim 911er verwendet werden. Sie sind mit fast neuen Michelin Pilot Sport 4S-Reifen umwickelt, die als die erste Wahl f\u00fcr begeisterte Fahrer bekannt sind. Es gibt keine Modifikationen, und dieser Cayman ist in idealem Originalzustand.<\/p>\n<p><strong>Dokumentation<\/strong><\/p>\n<p>Dieses Fahrzeug wird vom H\u00e4ndler mit den entsprechenden Unterlagen verkauft, und es befindet sich in Italien. Der <a href=\"https:\/\/pistonaddict.com\/wp-content\/uploads\/2023\/10\/CARFAX-Vehicle-History-Report-PORSCHE-WP0ZZZ98ZGK181513.pdf\" target=\"_blank\" rel=\"noopener\">CarFax-Bericht<\/a> ist sauber; es gibt keine Belege f\u00fcr Unf\u00e4lle, Unfallreparaturen, Eigentumsverh\u00e4ltnisse oder rechtliche Probleme. Der Verk\u00e4ufer teilte uns jedoch mit, dass es 2017 einen Unfall mit einem Motorrad gab, das betroffene Element, die vordere Motorhaube, wurde nat\u00fcrlich repariert. Es gibt Aufzeichnungen \u00fcber die regelm\u00e4\u00dfigen Wartungsarbeiten sowie die originalen Werksprospekte und Quittungen. Die 12-monatige Garantie des H\u00e4ndlers ist im Kaufpreis enthalten. <strong>Und wenn Sie in Europa leben, kann der Verk\u00e4ufer den Transport f\u00fcr Sie \u00fcbernehmen und das Fahrzeug zu Ihnen nach Hause bringen.<\/strong><\/p>\n<p>&nbsp;<\/p>\n<p>Sehen Sie sich das Entdeckungsvideo dieses sch\u00f6nen Porsche Cayman S an:<\/p>\n<p><iframe title=\"Video of the Porsche Cayman S for auction sale\" width=\"1200\" height=\"675\" src=\"https:\/\/www.youtube.com\/embed\/-29PE_JnFJM?feature=oembed\" frameborder=\"0\" allow=\"accelerometer; autoplay; clipboard-write; encrypted-media; gyroscope; picture-in-picture; web-share\" allowfullscreen><\/iframe><\/p>\n","protected":false},"excerpt":{"rendered":"<p>Als Unternehmen, das seit jeher nach der Perfektion des Sportwagens strebt, hat Porsche auf die Kritik auf die bestm\u00f6gliche Art und Weise reagiert &#8211; mit der Pr\u00e4sentation des von allen geliebten und gelobten Modells f\u00fcr den engagierten Fahrer. Als der Cayman der ersten Generation auf den Markt kam, war er alles, was Enthusiasten wollten: 90 % des Porsche 911-Gef\u00fchls f\u00fcr 60 % des Preises. Der Cayman war ein leichteres, pr\u00e4ziseres und einnehmendes Auto, w\u00e4hrend die S-Version ein perfekt ausbalancierter Sportwagen war. Hier ist ein besonders interessantes Exemplar in idealem Zustand. <strong>Sie m\u00fcssen <a href=\"https:\/\/pistonaddict.com\/de\/mein-konto\/\">Ihr Konto erstellen<\/a>, um auf diese Auktion zugreifen zu k\u00f6nnen.<\/strong><\/p>\n","protected":false},"featured_media":55122,"comment_status":"open","ping_status":"closed","template":"","meta":{"inline_featured_image":false},"product_cat":[702],"product_tag":[2292,2291,901,2290],"acf":[],"yoast_head":"<!-- This site is optimized with the Yoast SEO plugin v22.5 - https:\/\/yoast.com\/wordpress\/plugins\/seo\/ -->\n<title>Auktion -<\/title>\n<meta name=\"robots\" content=\"index, follow, max-snippet:-1, max-image-preview:large, max-video-preview:-1\" \/>\n<link rel=\"canonical\" href=\"https:\/\/pistonaddict.com\/de\/product\/porsche-cayman-s-3-4-325-cv\/\" \/>\n<meta property=\"og:locale\" content=\"de_DE\" \/>\n<meta property=\"og:type\" content=\"article\" \/>\n<meta property=\"og:title\" content=\"Auktion -\" \/>\n<meta property=\"og:description\" content=\"Als Unternehmen, das seit jeher nach der Perfektion des Sportwagens strebt, hat Porsche auf die Kritik auf die bestm\u00f6gliche Art und Weise reagiert - mit der Pr\u00e4sentation des von allen geliebten und gelobten Modells f\u00fcr den engagierten Fahrer. Als der Cayman der ersten Generation auf den Markt kam, war er alles, was Enthusiasten wollten: 90 % des Porsche 911-Gef\u00fchls f\u00fcr 60 % des Preises. Der Cayman war ein leichteres, pr\u00e4ziseres und einnehmendes Auto, w\u00e4hrend die S-Version ein perfekt ausbalancierter Sportwagen war. Hier ist ein besonders interessantes Exemplar in idealem Zustand. Sie m\u00fcssen Ihr Konto erstellen, um auf diese Auktion zugreifen zu k\u00f6nnen.\" \/>\n<meta property=\"og:url\" content=\"https:\/\/pistonaddict.com\/de\/product\/porsche-cayman-s-3-4-325-cv\/\" \/>\n<meta property=\"og:site_name\" content=\"Piston Addict\" \/>\n<meta property=\"article:modified_time\" content=\"2023-12-19T18:41:31+00:00\" \/>\n<meta property=\"og:image\" content=\"https:\/\/pistonaddict.com\/wp-content\/uploads\/2023\/10\/CAYMAN-1.png\" \/>\n\t<meta property=\"og:image:width\" content=\"1887\" \/>\n\t<meta property=\"og:image:height\" content=\"781\" \/>\n\t<meta property=\"og:image:type\" content=\"image\/png\" \/>\n<meta name=\"twitter:card\" content=\"summary_large_image\" \/>\n<meta name=\"twitter:label1\" content=\"Gesch\u00e4tzte Lesezeit\" \/>\n\t<meta name=\"twitter:data1\" content=\"3\u00a0Minuten\" \/>\n<script type=\"application\/ld+json\" class=\"yoast-schema-graph\">{\"@context\":\"https:\/\/schema.org\",\"@graph\":[{\"@type\":\"WebPage\",\"@id\":\"https:\/\/pistonaddict.com\/de\/product\/porsche-cayman-s-3-4-325-cv\/\",\"url\":\"https:\/\/pistonaddict.com\/de\/product\/porsche-cayman-s-3-4-325-cv\/\",\"name\":\"Auktion -\",\"isPartOf\":{\"@id\":\"https:\/\/pistonaddict.com\/de\/#website\"},\"primaryImageOfPage\":{\"@id\":\"https:\/\/pistonaddict.com\/de\/product\/porsche-cayman-s-3-4-325-cv\/#primaryimage\"},\"image\":{\"@id\":\"https:\/\/pistonaddict.com\/de\/product\/porsche-cayman-s-3-4-325-cv\/#primaryimage\"},\"thumbnailUrl\":\"https:\/\/pistonaddict.com\/wp-content\/uploads\/2023\/10\/CAYMAN-1.png\",\"datePublished\":\"2023-10-13T07:36:04+00:00\",\"dateModified\":\"2023-12-19T18:41:31+00:00\",\"breadcrumb\":{\"@id\":\"https:\/\/pistonaddict.com\/de\/product\/porsche-cayman-s-3-4-325-cv\/#breadcrumb\"},\"inLanguage\":\"de\",\"potentialAction\":[{\"@type\":\"ReadAction\",\"target\":[\"https:\/\/pistonaddict.com\/de\/product\/porsche-cayman-s-3-4-325-cv\/\"]}]},{\"@type\":\"ImageObject\",\"inLanguage\":\"de\",\"@id\":\"https:\/\/pistonaddict.com\/de\/product\/porsche-cayman-s-3-4-325-cv\/#primaryimage\",\"url\":\"https:\/\/pistonaddict.com\/wp-content\/uploads\/2023\/10\/CAYMAN-1.png\",\"contentUrl\":\"https:\/\/pistonaddict.com\/wp-content\/uploads\/2023\/10\/CAYMAN-1.png\",\"width\":1887,\"height\":781},{\"@type\":\"BreadcrumbList\",\"@id\":\"https:\/\/pistonaddict.com\/de\/product\/porsche-cayman-s-3-4-325-cv\/#breadcrumb\",\"itemListElement\":[{\"@type\":\"ListItem\",\"position\":1,\"name\":\"Startseite\",\"item\":\"https:\/\/pistonaddict.com\/de\/homepage\/\"},{\"@type\":\"ListItem\",\"position\":2,\"name\":\"Auctions\",\"item\":\"https:\/\/pistonaddict.com\/auctions-listing\/\"},{\"@type\":\"ListItem\",\"position\":3,\"name\":\"Porsche Cayman S 3.4 325 CV\"}]},{\"@type\":\"WebSite\",\"@id\":\"https:\/\/pistonaddict.com\/de\/#website\",\"url\":\"https:\/\/pistonaddict.com\/de\/\",\"name\":\"Piston Addict\",\"description\":\"Only interesting vehicles\",\"publisher\":{\"@id\":\"https:\/\/pistonaddict.com\/de\/#organization\"},\"potentialAction\":[{\"@type\":\"SearchAction\",\"target\":{\"@type\":\"EntryPoint\",\"urlTemplate\":\"https:\/\/pistonaddict.com\/de\/?s={search_term_string}\"},\"query-input\":\"required name=search_term_string\"}],\"inLanguage\":\"de\"},{\"@type\":\"Organization\",\"@id\":\"https:\/\/pistonaddict.com\/de\/#organization\",\"name\":\"Piston Addict\",\"url\":\"https:\/\/pistonaddict.com\/de\/\",\"logo\":{\"@type\":\"ImageObject\",\"inLanguage\":\"de\",\"@id\":\"https:\/\/pistonaddict.com\/de\/#\/schema\/logo\/image\/\",\"url\":\"https:\/\/pistonaddict.com\/wp-content\/uploads\/2022\/07\/logo-6.png\",\"contentUrl\":\"https:\/\/pistonaddict.com\/wp-content\/uploads\/2022\/07\/logo-6.png\",\"width\":970,\"height\":200,\"caption\":\"Piston Addict\"},\"image\":{\"@id\":\"https:\/\/pistonaddict.com\/de\/#\/schema\/logo\/image\/\"}}]}<\/script>\n<!-- \/ Yoast SEO plugin. -->","yoast_head_json":{"title":"Auktion -","robots":{"index":"index","follow":"follow","max-snippet":"max-snippet:-1","max-image-preview":"max-image-preview:large","max-video-preview":"max-video-preview:-1"},"canonical":"https:\/\/pistonaddict.com\/de\/product\/porsche-cayman-s-3-4-325-cv\/","og_locale":"de_DE","og_type":"article","og_title":"Auktion -","og_description":"Als Unternehmen, das seit jeher nach der Perfektion des Sportwagens strebt, hat Porsche auf die Kritik auf die bestm\u00f6gliche Art und Weise reagiert - mit der Pr\u00e4sentation des von allen geliebten und gelobten Modells f\u00fcr den engagierten Fahrer. Als der Cayman der ersten Generation auf den Markt kam, war er alles, was Enthusiasten wollten: 90 % des Porsche 911-Gef\u00fchls f\u00fcr 60 % des Preises. Der Cayman war ein leichteres, pr\u00e4ziseres und einnehmendes Auto, w\u00e4hrend die S-Version ein perfekt ausbalancierter Sportwagen war. Hier ist ein besonders interessantes Exemplar in idealem Zustand. Sie m\u00fcssen Ihr Konto erstellen, um auf diese Auktion zugreifen zu k\u00f6nnen.","og_url":"https:\/\/pistonaddict.com\/de\/product\/porsche-cayman-s-3-4-325-cv\/","og_site_name":"Piston Addict","article_modified_time":"2023-12-19T18:41:31+00:00","og_image":[{"width":1887,"height":781,"url":"https:\/\/pistonaddict.com\/wp-content\/uploads\/2023\/10\/CAYMAN-1.png","type":"image\/png"}],"twitter_card":"summary_large_image","twitter_misc":{"Gesch\u00e4tzte Lesezeit":"3\u00a0Minuten"},"schema":{"@context":"https:\/\/schema.org","@graph":[{"@type":"WebPage","@id":"https:\/\/pistonaddict.com\/de\/product\/porsche-cayman-s-3-4-325-cv\/","url":"https:\/\/pistonaddict.com\/de\/product\/porsche-cayman-s-3-4-325-cv\/","name":"Auktion -","isPartOf":{"@id":"https:\/\/pistonaddict.com\/de\/#website"},"primaryImageOfPage":{"@id":"https:\/\/pistonaddict.com\/de\/product\/porsche-cayman-s-3-4-325-cv\/#primaryimage"},"image":{"@id":"https:\/\/pistonaddict.com\/de\/product\/porsche-cayman-s-3-4-325-cv\/#primaryimage"},"thumbnailUrl":"https:\/\/pistonaddict.com\/wp-content\/uploads\/2023\/10\/CAYMAN-1.png","datePublished":"2023-10-13T07:36:04+00:00","dateModified":"2023-12-19T18:41:31+00:00","breadcrumb":{"@id":"https:\/\/pistonaddict.com\/de\/product\/porsche-cayman-s-3-4-325-cv\/#breadcrumb"},"inLanguage":"de","potentialAction":[{"@type":"ReadAction","target":["https:\/\/pistonaddict.com\/de\/product\/porsche-cayman-s-3-4-325-cv\/"]}]},{"@type":"ImageObject","inLanguage":"de","@id":"https:\/\/pistonaddict.com\/de\/product\/porsche-cayman-s-3-4-325-cv\/#primaryimage","url":"https:\/\/pistonaddict.com\/wp-content\/uploads\/2023\/10\/CAYMAN-1.png","contentUrl":"https:\/\/pistonaddict.com\/wp-content\/uploads\/2023\/10\/CAYMAN-1.png","width":1887,"height":781},{"@type":"BreadcrumbList","@id":"https:\/\/pistonaddict.com\/de\/product\/porsche-cayman-s-3-4-325-cv\/#breadcrumb","itemListElement":[{"@type":"ListItem","position":1,"name":"Startseite","item":"https:\/\/pistonaddict.com\/de\/homepage\/"},{"@type":"ListItem","position":2,"name":"Auctions","item":"https:\/\/pistonaddict.com\/auctions-listing\/"},{"@type":"ListItem","position":3,"name":"Porsche Cayman S 3.4 325 CV"}]},{"@type":"WebSite","@id":"https:\/\/pistonaddict.com\/de\/#website","url":"https:\/\/pistonaddict.com\/de\/","name":"Piston Addict","description":"Only interesting vehicles","publisher":{"@id":"https:\/\/pistonaddict.com\/de\/#organization"},"potentialAction":[{"@type":"SearchAction","target":{"@type":"EntryPoint","urlTemplate":"https:\/\/pistonaddict.com\/de\/?s={search_term_string}"},"query-input":"required name=search_term_string"}],"inLanguage":"de"},{"@type":"Organization","@id":"https:\/\/pistonaddict.com\/de\/#organization","name":"Piston Addict","url":"https:\/\/pistonaddict.com\/de\/","logo":{"@type":"ImageObject","inLanguage":"de","@id":"https:\/\/pistonaddict.com\/de\/#\/schema\/logo\/image\/","url":"https:\/\/pistonaddict.com\/wp-content\/uploads\/2022\/07\/logo-6.png","contentUrl":"https:\/\/pistonaddict.com\/wp-content\/uploads\/2022\/07\/logo-6.png","width":970,"height":200,"caption":"Piston Addict"},"image":{"@id":"https:\/\/pistonaddict.com\/de\/#\/schema\/logo\/image\/"}}]}},"_links":{"self":[{"href":"https:\/\/pistonaddict.com\/de\/wp-json\/wp\/v2\/product\/55261"}],"collection":[{"href":"https:\/\/pistonaddict.com\/de\/wp-json\/wp\/v2\/product"}],"about":[{"href":"https:\/\/pistonaddict.com\/de\/wp-json\/wp\/v2\/types\/product"}],"replies":[{"embeddable":true,"href":"https:\/\/pistonaddict.com\/de\/wp-json\/wp\/v2\/comments?post=55261"}],"wp:featuredmedia":[{"embeddable":true,"href":"https:\/\/pistonaddict.com\/de\/wp-json\/wp\/v2\/media\/55122"}],"wp:attachment":[{"href":"https:\/\/pistonaddict.com\/de\/wp-json\/wp\/v2\/media?parent=55261"}],"wp:term":[{"taxonomy":"product_cat","embeddable":true,"href":"https:\/\/pistonaddict.com\/de\/wp-json\/wp\/v2\/product_cat?post=55261"},{"taxonomy":"product_tag","embeddable":true,"href":"https:\/\/pistonaddict.com\/de\/wp-json\/wp\/v2\/product_tag?post=55261"}],"curies":[{"name":"wp","href":"https:\/\/api.w.org\/{rel}","templated":true}]}}