{"id":47831,"date":"2024-01-16T09:00:29","date_gmt":"2024-01-16T08:00:29","guid":{"rendered":"https:\/\/pistonaddict.com\/product\/morgan-roadster-v6-3-0\/"},"modified":"2024-03-20T09:43:18","modified_gmt":"2024-03-20T08:43:18","slug":"morgan-roadster-v6-3-0","status":"publish","type":"product","link":"https:\/\/pistonaddict.com\/de\/product\/morgan-roadster-v6-3-0\/","title":{"rendered":"Morgan Roadster V6 3.0"},"content":{"rendered":"<p><strong>Auto-Geschichte<\/strong><\/p>\n<p>Der jetzige Besitzer dieses eleganten Roadsters erwarb das Auto im Jahr 2010, als es gerade einmal drei Jahre alt war. Er wurde neu geliefert und verbrachte sein ganzes Leben in Spanien, wo er f\u00fcr entspannende Fahrten entlang der K\u00fcste genutzt wurde. Diese Generation von Morgans ehrw\u00fcrdigem Roadster wurde 2004 eingef\u00fchrt, und obwohl sie von au\u00dfen kaum zu unterscheiden war, fand sich unter der langen Motorhaube eine sehr willkommene Verbesserung: der Duratec 3,0-Liter-V6 von Ford. Mit 24 Ventilen, moderner Konstruktion und un\u00fcbertroffener Zuverl\u00e4ssigkeit ist der V6 von Ford in fast jeder Hinsicht besser als der alte Rover V8, den Morgan verwendete. Dieser Motor leistet beachtliche 223 PS, und da der V6-Motor k\u00fcrzer ist als der V8-Motor, liegt er mehr in der Mitte des Fahrzeugs, was das Handling verbessert. Wie Sie wahrscheinlich wissen, ist eines der Geheimnisse der einzigartigen Fahrdynamik des Morgan sein Fahrgestell, das teilweise aus Holz besteht. Wenn Sie also einen Roadster haben, der knapp eine Tonne wiegt, haben Sie ein lebendiges Fahrerlebnis und bemerken jedes Detail, wie er f\u00e4hrt, beschleunigt und sich verh\u00e4lt. \u00dcbrigens erreicht er die 100 km\/h in 5,5 Sekunden, was das Fahren sehr aufregend macht.<\/p>\n<p><strong>Zustand<\/strong><\/p>\n<p>Dieser Morgan Roadster hat nur etwas mehr als 41.000 Kilometer zur\u00fcckgelegt und hat zwei neue Besitzer. Der Gesamtzustand ist sehr gut, es gibt keine Sch\u00e4den, St\u00fcrze oder \u00e4u\u00dfere Reparaturen. Er wurde regelm\u00e4\u00dfig gewartet, ohne dass \u00c4nderungen am Motor, an der Karosserie oder am Fahrwerk vorgenommen wurden. Der Besitzer hat vor kurzem die Bremsen \u00fcberholt und eine \u00d6lanalyse durchgef\u00fchrt, die negativ ausfiel, was bedeutet, dass der Motor in perfektem Zustand ist. Das ist zu erwarten, denn der 3,0-Liter-V6 von Ford ist f\u00fcr seine Haltbarkeit und Langlebigkeit bekannt.<\/p>\n<p><strong>Innenbereich<\/strong><\/p>\n<p>Eine der besten Eigenschaften des Morgan Roadsters war sein klassisches, aber elegantes Interieur, das in diesem Fall mit dem legend\u00e4ren Moto-Lita-Holzlenkrad aufgewertet wurde. Das h\u00f6lzerne Armaturenbrett verf\u00fcgt \u00fcber eine vollst\u00e4ndige Instrumentierung, ein Audiosystem und eine Uhr. Gleichzeitig sind die Sitze mit sch\u00f6nem beigem Leder bezogen, das sich in einem idealen Zustand befindet und perfekt zur Au\u00dfenfarbe passt. Das schwarze Cabrioverdeck ist ebenfalls in sehr gutem Zustand und wurde selten benutzt, da das Fahrzeug in der Garage stand und nur bei sch\u00f6nem Wetter gefahren wurde. Der originale Morgan-Innenumschlag ist ebenfalls enthalten.<\/p>\n<p><strong>\u00c4u\u00dferes und R\u00e4der<\/strong><\/p>\n<p>Offiziell Connaught Green genannt, aber bekannter als BRG (British Racing Green), ist dieser Morgan in der begehrtesten Farbe von allen fertiggestellt. Ein klassischer dunkler Farbton, der perfekt zum beigen Interieur passt, ist die ultimative Ausstattung f\u00fcr einen klassischen britischen Roadster. Die Karosserie ist in perfektem Zustand, ohne Kratzer oder Verf\u00e4rbungen und mit aufregenden Details wie Nebelscheinwerfern, Plaketten und Ledergurten, die die Motorhaube an Ort und Stelle halten (der Aufkleber auf der Motorhaube kann leicht entfernt werden). Der Look wird durch einen Satz 18-Zoll-Drahtr\u00e4der mit Yokohama-Reifen und das hinten montierte Reserverad in voller Gr\u00f6\u00dfe abgerundet. Die R\u00e4der sehen zwar aus wie aus den 40er Jahren, sind aber nagelneu und liebevoll nachgebaut, um mit modernen Gummis zu fahren.<\/p>\n<p><strong>Dokumentation<\/strong><\/p>\n<p>Es handelt sich um ein Fahrzeug in Privatbesitz mit entsprechenden Papieren, das sich in Palma de Mallorca, Spanien, befindet. Die Berichte sind sauber; es gibt keine Belege f\u00fcr Unf\u00e4lle, Unfallreparaturen, Eigentumsverh\u00e4ltnisse oder rechtliche Probleme. Es gibt Aufzeichnungen \u00fcber die regelm\u00e4\u00dfige Wartung, die bis ins Jahr 2020 zur\u00fcckreichen.<br \/>\nSie k\u00f6nnen das CarFax dieses Morgan Roadster V6 Cabrio <a href=\"https:\/\/pistonaddict.com\/wp-content\/uploads\/2023\/08\/CARFAX-Vehicle-History-Report-MORGAN-ROADSTER-Convertible-2007.pdf\">hier<\/a> einsehen. <strong>Spanisch MOT (ITV) bestanden und g\u00fcltig bis 4. August 2024<\/strong>.<\/p>\n<p><strong>Ausstattung und Extras<\/strong><\/p>\n<p>&#8211; Motolita klassisches Holzlenkrad<br \/>\n&#8211; Armaturenbrett aus Holz<br \/>\n&#8211; Stahl-Schaltknauf<br \/>\n&#8211; Seitentaschen in Ledert\u00fcren<br \/>\n&#8211; Morgan shield crossbar trims<br \/>\n&#8211; Schlossverkleidungen innen mit Morgan-Schild<br \/>\n&#8211; Uhr<br \/>\n&#8211; Radio CD\/MP3 Blaupunkt<br \/>\n&#8211; 2 zus\u00e4tzliche Frontleuchten<br \/>\n&#8211; Innerer Lederg\u00fcrtel mit Schafsfell gef\u00fcttert auf der Motorhaube<br \/>\n&#8211; Sonnenschirme aus schwarzem Leder<br \/>\n&#8211; Anti-Diebstahl-Batterietrennschalter<br \/>\n&#8211; Frontleiste f\u00fcr Plaketten\/Schilder<br \/>\n&#8211; Schwarzer Lederhaubenbezug mit Morgan-Schild<br \/>\n&#8211; 2 schwarze Lederbez\u00fcge f\u00fcr Methacrylatfenster mit Morgan-Schild<br \/>\n&#8211; Innenschutzh\u00fclle f\u00fcr das Auto (blauer Stoff) mit Morgan-Schild<\/p>\n<p><strong>Sehen Sie sich das Kaltstart-Video dieses sch\u00f6nen Morgan Roadster V6 Cabrio an:<\/strong><\/p>\n<p><iframe title=\"Cold Start : Morgan Roadster V6 3.0 on PistonAddict.com\" width=\"1200\" height=\"675\" src=\"https:\/\/www.youtube.com\/embed\/yLSfe-ePOFg?start=29&#038;feature=oembed\" frameborder=\"0\" allow=\"accelerometer; autoplay; clipboard-write; encrypted-media; gyroscope; picture-in-picture; web-share\" allowfullscreen><\/iframe><\/p>\n","protected":false},"excerpt":{"rendered":"<p>Unter den vielen Klassikern aus dem Vereinigten K\u00f6nigreich ist der Morgan Roadster unbestreitbar der Inbegriff des britischen Charmes in Automobilform. Mit einem zeitlosen Design, das aus den fr\u00fchen Tagen der Roadster stammt, und einer seit 1950 ununterbrochenen Modellreihe ist der moderne Morgan Plus Six eine unwiderstehliche Kombination aus einzigartiger Konstruktion, ma\u00dfgeschneiderter und handgefertigter Produktion und einem leistungsstarken V6, der diesen echten Klassiker in einen f\u00e4higen offenen Sportwagen verwandelt.<\/p>\n","protected":false},"featured_media":46731,"comment_status":"open","ping_status":"closed","template":"","meta":{"inline_featured_image":false},"product_cat":[702],"product_tag":[2021,2020,1007,2018,2019],"acf":[],"yoast_head":"<!-- This site is optimized with the Yoast SEO plugin v22.5 - https:\/\/yoast.com\/wordpress\/plugins\/seo\/ -->\n<title>Auktion -<\/title>\n<meta name=\"description\" content=\"Toller Morgan Roadster V6 3.0 von 2007 in hervorragendem Zustand auf PistonAddict.com zu ersteigern\" \/>\n<meta name=\"robots\" content=\"index, follow, max-snippet:-1, max-image-preview:large, max-video-preview:-1\" \/>\n<link rel=\"canonical\" href=\"https:\/\/pistonaddict.com\/de\/product\/morgan-roadster-v6-3-0\/\" \/>\n<meta property=\"og:locale\" content=\"de_DE\" \/>\n<meta property=\"og:type\" content=\"article\" \/>\n<meta property=\"og:title\" content=\"Auktion -\" \/>\n<meta property=\"og:description\" content=\"Toller Morgan Roadster V6 3.0 von 2007 in hervorragendem Zustand auf PistonAddict.com zu ersteigern\" \/>\n<meta property=\"og:url\" content=\"https:\/\/pistonaddict.com\/de\/product\/morgan-roadster-v6-3-0\/\" \/>\n<meta property=\"og:site_name\" content=\"Piston Addict\" \/>\n<meta property=\"article:modified_time\" content=\"2024-03-20T08:43:18+00:00\" \/>\n<meta property=\"og:image\" content=\"https:\/\/pistonaddict.com\/wp-content\/uploads\/2023\/08\/DSC0169-scaled.jpg\" \/>\n\t<meta property=\"og:image:width\" content=\"2560\" \/>\n\t<meta property=\"og:image:height\" content=\"1707\" \/>\n\t<meta property=\"og:image:type\" content=\"image\/jpeg\" \/>\n<meta name=\"twitter:card\" content=\"summary_large_image\" \/>\n<meta name=\"twitter:label1\" content=\"Gesch\u00e4tzte Lesezeit\" \/>\n\t<meta name=\"twitter:data1\" content=\"4\u00a0Minuten\" \/>\n<script type=\"application\/ld+json\" class=\"yoast-schema-graph\">{\"@context\":\"https:\/\/schema.org\",\"@graph\":[{\"@type\":\"WebPage\",\"@id\":\"https:\/\/pistonaddict.com\/de\/product\/morgan-roadster-v6-3-0\/\",\"url\":\"https:\/\/pistonaddict.com\/de\/product\/morgan-roadster-v6-3-0\/\",\"name\":\"Auktion -\",\"isPartOf\":{\"@id\":\"https:\/\/pistonaddict.com\/de\/#website\"},\"primaryImageOfPage\":{\"@id\":\"https:\/\/pistonaddict.com\/de\/product\/morgan-roadster-v6-3-0\/#primaryimage\"},\"image\":{\"@id\":\"https:\/\/pistonaddict.com\/de\/product\/morgan-roadster-v6-3-0\/#primaryimage\"},\"thumbnailUrl\":\"https:\/\/pistonaddict.com\/wp-content\/uploads\/2023\/08\/DSC0169-scaled.jpg\",\"datePublished\":\"2024-01-16T08:00:29+00:00\",\"dateModified\":\"2024-03-20T08:43:18+00:00\",\"description\":\"Toller Morgan Roadster V6 3.0 von 2007 in hervorragendem Zustand auf PistonAddict.com zu ersteigern\",\"breadcrumb\":{\"@id\":\"https:\/\/pistonaddict.com\/de\/product\/morgan-roadster-v6-3-0\/#breadcrumb\"},\"inLanguage\":\"de\",\"potentialAction\":[{\"@type\":\"ReadAction\",\"target\":[\"https:\/\/pistonaddict.com\/de\/product\/morgan-roadster-v6-3-0\/\"]}]},{\"@type\":\"ImageObject\",\"inLanguage\":\"de\",\"@id\":\"https:\/\/pistonaddict.com\/de\/product\/morgan-roadster-v6-3-0\/#primaryimage\",\"url\":\"https:\/\/pistonaddict.com\/wp-content\/uploads\/2023\/08\/DSC0169-scaled.jpg\",\"contentUrl\":\"https:\/\/pistonaddict.com\/wp-content\/uploads\/2023\/08\/DSC0169-scaled.jpg\",\"width\":2560,\"height\":1707},{\"@type\":\"BreadcrumbList\",\"@id\":\"https:\/\/pistonaddict.com\/de\/product\/morgan-roadster-v6-3-0\/#breadcrumb\",\"itemListElement\":[{\"@type\":\"ListItem\",\"position\":1,\"name\":\"Startseite\",\"item\":\"https:\/\/pistonaddict.com\/de\/homepage\/\"},{\"@type\":\"ListItem\",\"position\":2,\"name\":\"Auctions\",\"item\":\"https:\/\/pistonaddict.com\/auctions-listing\/\"},{\"@type\":\"ListItem\",\"position\":3,\"name\":\"Morgan Roadster V6 3.0\"}]},{\"@type\":\"WebSite\",\"@id\":\"https:\/\/pistonaddict.com\/de\/#website\",\"url\":\"https:\/\/pistonaddict.com\/de\/\",\"name\":\"Piston Addict\",\"description\":\"Only interesting vehicles\",\"publisher\":{\"@id\":\"https:\/\/pistonaddict.com\/de\/#organization\"},\"potentialAction\":[{\"@type\":\"SearchAction\",\"target\":{\"@type\":\"EntryPoint\",\"urlTemplate\":\"https:\/\/pistonaddict.com\/de\/?s={search_term_string}\"},\"query-input\":\"required name=search_term_string\"}],\"inLanguage\":\"de\"},{\"@type\":\"Organization\",\"@id\":\"https:\/\/pistonaddict.com\/de\/#organization\",\"name\":\"Piston Addict\",\"url\":\"https:\/\/pistonaddict.com\/de\/\",\"logo\":{\"@type\":\"ImageObject\",\"inLanguage\":\"de\",\"@id\":\"https:\/\/pistonaddict.com\/de\/#\/schema\/logo\/image\/\",\"url\":\"https:\/\/pistonaddict.com\/wp-content\/uploads\/2022\/07\/logo-6.png\",\"contentUrl\":\"https:\/\/pistonaddict.com\/wp-content\/uploads\/2022\/07\/logo-6.png\",\"width\":970,\"height\":200,\"caption\":\"Piston Addict\"},\"image\":{\"@id\":\"https:\/\/pistonaddict.com\/de\/#\/schema\/logo\/image\/\"}}]}<\/script>\n<!-- \/ Yoast SEO plugin. -->","yoast_head_json":{"title":"Auktion -","description":"Toller Morgan Roadster V6 3.0 von 2007 in hervorragendem Zustand auf PistonAddict.com zu ersteigern","robots":{"index":"index","follow":"follow","max-snippet":"max-snippet:-1","max-image-preview":"max-image-preview:large","max-video-preview":"max-video-preview:-1"},"canonical":"https:\/\/pistonaddict.com\/de\/product\/morgan-roadster-v6-3-0\/","og_locale":"de_DE","og_type":"article","og_title":"Auktion -","og_description":"Toller Morgan Roadster V6 3.0 von 2007 in hervorragendem Zustand auf PistonAddict.com zu ersteigern","og_url":"https:\/\/pistonaddict.com\/de\/product\/morgan-roadster-v6-3-0\/","og_site_name":"Piston Addict","article_modified_time":"2024-03-20T08:43:18+00:00","og_image":[{"width":2560,"height":1707,"url":"https:\/\/pistonaddict.com\/wp-content\/uploads\/2023\/08\/DSC0169-scaled.jpg","type":"image\/jpeg"}],"twitter_card":"summary_large_image","twitter_misc":{"Gesch\u00e4tzte Lesezeit":"4\u00a0Minuten"},"schema":{"@context":"https:\/\/schema.org","@graph":[{"@type":"WebPage","@id":"https:\/\/pistonaddict.com\/de\/product\/morgan-roadster-v6-3-0\/","url":"https:\/\/pistonaddict.com\/de\/product\/morgan-roadster-v6-3-0\/","name":"Auktion -","isPartOf":{"@id":"https:\/\/pistonaddict.com\/de\/#website"},"primaryImageOfPage":{"@id":"https:\/\/pistonaddict.com\/de\/product\/morgan-roadster-v6-3-0\/#primaryimage"},"image":{"@id":"https:\/\/pistonaddict.com\/de\/product\/morgan-roadster-v6-3-0\/#primaryimage"},"thumbnailUrl":"https:\/\/pistonaddict.com\/wp-content\/uploads\/2023\/08\/DSC0169-scaled.jpg","datePublished":"2024-01-16T08:00:29+00:00","dateModified":"2024-03-20T08:43:18+00:00","description":"Toller Morgan Roadster V6 3.0 von 2007 in hervorragendem Zustand auf PistonAddict.com zu ersteigern","breadcrumb":{"@id":"https:\/\/pistonaddict.com\/de\/product\/morgan-roadster-v6-3-0\/#breadcrumb"},"inLanguage":"de","potentialAction":[{"@type":"ReadAction","target":["https:\/\/pistonaddict.com\/de\/product\/morgan-roadster-v6-3-0\/"]}]},{"@type":"ImageObject","inLanguage":"de","@id":"https:\/\/pistonaddict.com\/de\/product\/morgan-roadster-v6-3-0\/#primaryimage","url":"https:\/\/pistonaddict.com\/wp-content\/uploads\/2023\/08\/DSC0169-scaled.jpg","contentUrl":"https:\/\/pistonaddict.com\/wp-content\/uploads\/2023\/08\/DSC0169-scaled.jpg","width":2560,"height":1707},{"@type":"BreadcrumbList","@id":"https:\/\/pistonaddict.com\/de\/product\/morgan-roadster-v6-3-0\/#breadcrumb","itemListElement":[{"@type":"ListItem","position":1,"name":"Startseite","item":"https:\/\/pistonaddict.com\/de\/homepage\/"},{"@type":"ListItem","position":2,"name":"Auctions","item":"https:\/\/pistonaddict.com\/auctions-listing\/"},{"@type":"ListItem","position":3,"name":"Morgan Roadster V6 3.0"}]},{"@type":"WebSite","@id":"https:\/\/pistonaddict.com\/de\/#website","url":"https:\/\/pistonaddict.com\/de\/","name":"Piston Addict","description":"Only interesting vehicles","publisher":{"@id":"https:\/\/pistonaddict.com\/de\/#organization"},"potentialAction":[{"@type":"SearchAction","target":{"@type":"EntryPoint","urlTemplate":"https:\/\/pistonaddict.com\/de\/?s={search_term_string}"},"query-input":"required name=search_term_string"}],"inLanguage":"de"},{"@type":"Organization","@id":"https:\/\/pistonaddict.com\/de\/#organization","name":"Piston Addict","url":"https:\/\/pistonaddict.com\/de\/","logo":{"@type":"ImageObject","inLanguage":"de","@id":"https:\/\/pistonaddict.com\/de\/#\/schema\/logo\/image\/","url":"https:\/\/pistonaddict.com\/wp-content\/uploads\/2022\/07\/logo-6.png","contentUrl":"https:\/\/pistonaddict.com\/wp-content\/uploads\/2022\/07\/logo-6.png","width":970,"height":200,"caption":"Piston Addict"},"image":{"@id":"https:\/\/pistonaddict.com\/de\/#\/schema\/logo\/image\/"}}]}},"_links":{"self":[{"href":"https:\/\/pistonaddict.com\/de\/wp-json\/wp\/v2\/product\/47831"}],"collection":[{"href":"https:\/\/pistonaddict.com\/de\/wp-json\/wp\/v2\/product"}],"about":[{"href":"https:\/\/pistonaddict.com\/de\/wp-json\/wp\/v2\/types\/product"}],"replies":[{"embeddable":true,"href":"https:\/\/pistonaddict.com\/de\/wp-json\/wp\/v2\/comments?post=47831"}],"wp:featuredmedia":[{"embeddable":true,"href":"https:\/\/pistonaddict.com\/de\/wp-json\/wp\/v2\/media\/46731"}],"wp:attachment":[{"href":"https:\/\/pistonaddict.com\/de\/wp-json\/wp\/v2\/media?parent=47831"}],"wp:term":[{"taxonomy":"product_cat","embeddable":true,"href":"https:\/\/pistonaddict.com\/de\/wp-json\/wp\/v2\/product_cat?post=47831"},{"taxonomy":"product_tag","embeddable":true,"href":"https:\/\/pistonaddict.com\/de\/wp-json\/wp\/v2\/product_tag?post=47831"}],"curies":[{"name":"wp","href":"https:\/\/api.w.org\/{rel}","templated":true}]}}