{"id":45982,"date":"2023-06-16T15:02:15","date_gmt":"2023-06-16T13:02:15","guid":{"rendered":"https:\/\/pistonaddict.com\/product\/audi-r8-v10-rotes-dynamit\/"},"modified":"2023-12-20T09:46:55","modified_gmt":"2023-12-20T08:46:55","slug":"audi-r8-v10-red-dynamite","status":"publish","type":"product","link":"https:\/\/pistonaddict.com\/de\/product\/audi-r8-v10-red-dynamite\/","title":{"rendered":"Audi R8 V10 Rotes Dynamit"},"content":{"rendered":"<h2>\u00c4u\u00dferes<\/h2>\n<p>Mit einer leuchtend roten Lackierung und schwarzen Details wird dieser Audi R8 \u00fcberall, wo er auftaucht, nicht unbemerkt bleiben. Hinzu kommen Dinge wie der verchromte K\u00fchlergrill und die Spiegelkappen aus Kohlefaser, die das Erscheinungsbild noch verbessern. Aber, ehrlich gesagt, der R8 ist ein atemberaubendes Auto in jeder Farbe und unabh\u00e4ngig von der Anwesenheit von solchen Details.<\/p>\n<p>Unterm Strich ist den deutschen Designern mit dem R8 eine nahezu perfekte Mischung aus Aggressivit\u00e4t und Subtilit\u00e4t gelungen. Kaum zu glauben, dass darunter ein Lamborgini Aventador steckt, der weitaus auff\u00e4lliger und extravaganter ist. Wenn Sie also auf der Suche nach einem f\u00e4higen Sportwagen sind, aber nicht wie ein Angeber aussehen wollen, ist der R8 eine der besten Wahlm\u00f6glichkeiten. Zu den weiteren erw\u00e4hnenswerten Details dieses 2-Sitzers geh\u00f6ren ein massiver Heckspoiler und werkseitig montierte 20-Zoll-R\u00e4der mit brandneuen Good Year Eagle-Reifen.<\/p>\n<h2>Innenbereich<\/h2>\n<p>Das Interieur dieses R8 wird von einer Kombination aus schwarzem Leder, roten N\u00e4hten und Karbonfaser-Zierteilen dominiert. Die Sitze, die aussehen, als h\u00e4tten sie gerade die Fabrik verlassen, sind st\u00fctzend und bequem zugleich. Au\u00dferdem gibt es ein lederbezogenes 3-Speichen-Lenkrad mit Bedientasten f\u00fcr alle wichtigen Funktionen. Dazu geh\u00f6ren neben den regul\u00e4ren Tasten, etwa f\u00fcr die Stereoanlage oder den Bordcomputer, auch die Taste f\u00fcr die Wahl des Fahrmodus, die Launch Control und die Auspuffabstimmung.<\/p>\n<p>Hinter dem Lenkrad befindet sich ein digitales Kombiinstrument, das neben den Basisinformationen noch viel mehr anzeigen kann. Dazu geh\u00f6ren Navigation, R\u00fcckfahrkamera und Stereoanlage, die \u00fcbrigens von dem weltber\u00fchmten Unternehmen Bang&amp;Olufsen stammt.<\/p>\n<h2>Mechanik<\/h2>\n<p>Unter der subtilen und eleganten Haut hat dieser R8 der zweiten Generation ein steiferes und leichteres Chassis aus Aluminium und Kohlefaser. Aber der wichtigste Teil dieses Autos ist nat\u00fcrlich sein Motor, ein leistungsstarker 5,2-Liter-V10. Als so genanntes Plus-Modell leistet er 610 PS und 560 Nm Drehmoment, die \u00fcber ein Quattro-System und eine 7-Gang-Automatik auf alle R\u00e4der \u00fcbertragen werden. Damit schafft der R8 den Sprint von 0 auf 100 in etwa 3 Sekunden und erreicht eine H\u00f6chstgeschwindigkeit von 329 km\/h. Und damit die Bremskraft zu dieser Geschwindigkeit passt, gibt es rundherum massive Bremsen.<\/p>\n<h2>Geschichte des Fahrzeugs<\/h2>\n<p>Nach Angaben des Verk\u00e4ufers wurde dieser Audi R8 zuletzt im Oktober 2022 gewartet, w\u00e4hrend die Bremsen erst vor wenigen Tagen \u00fcberholt wurden. Au\u00dferdem gibt es keine bekannten Fehler oder Warnungen auf dem Armaturenbrett. Nach den Fotos zu urteilen, gibt es keine M\u00e4ngel an der Karosserie, die gemeldet werden m\u00fcssten.<\/p>\n<p>&nbsp;<\/p>\n<p><strong>F\u00fcr den Zugang zur Auktion dieses Premium-Fahrzeugs ist ein Kreditkartenabzug erforderlich.<\/strong><\/p>\n","protected":false},"excerpt":{"rendered":"<p>Das Auto, das hier zum Verkauf steht, ist wohl eines der leistungsst\u00e4rksten Modelle seiner Klasse &#8211; der legend\u00e4re Audi R8. Es war und ist der erste Versuch des Ingolst\u00e4dter Herstellers auf dem Supersportwagenmarkt, der sich als gro\u00dfer Erfolg erwies. Nach Angaben des Verk\u00e4ufers ist dieses Fahrzeug vollst\u00e4ndig gewartet und hatte keine Unf\u00e4lle, mit einem passenden CarVertical Bericht, der dies best\u00e4tigt. Au\u00dferdem hat er bisher weniger als 50.000 km zur\u00fcckgelegt, was f\u00fcr ein Auto wie dieses nicht viel ist. Dieser <strong>Audi R8 V10 plus Quattro <\/strong>aus dem Jahr 2015 befindet sich derzeit in Belgien, wo er seit seiner Erstzulassung registriert ist. Sie k\u00f6nnen ein Angebot f\u00fcr dieses Auto machen, indem Sie <a href=\"https:\/\/pistonaddict.com\/contact-us\/\">sich mit uns in Verbindung setzen<\/a>.<\/p>\n","protected":false},"featured_media":43349,"comment_status":"open","ping_status":"closed","template":"","meta":{"inline_featured_image":false},"product_cat":[702],"product_tag":[1913,1917,901],"acf":[],"yoast_head":"<!-- This site is optimized with the Yoast SEO plugin v22.5 - https:\/\/yoast.com\/wordpress\/plugins\/seo\/ -->\n<title>% Auktion -<\/title>\n<meta name=\"description\" content=\"Das Auto, das hier zur Versteigerung steht, ist wohl eines der leistungsst\u00e4rksten Modelle seiner Klasse - der ikonische Audi R8 V10.\" \/>\n<meta name=\"robots\" content=\"index, follow, max-snippet:-1, max-image-preview:large, max-video-preview:-1\" \/>\n<link rel=\"canonical\" href=\"https:\/\/pistonaddict.com\/de\/product\/audi-r8-v10-red-dynamite\/\" \/>\n<meta property=\"og:locale\" content=\"de_DE\" \/>\n<meta property=\"og:type\" content=\"article\" \/>\n<meta property=\"og:title\" content=\"% Auktion -\" \/>\n<meta property=\"og:description\" content=\"Das Auto, das hier zur Versteigerung steht, ist wohl eines der leistungsst\u00e4rksten Modelle seiner Klasse - der ikonische Audi R8 V10.\" \/>\n<meta property=\"og:url\" content=\"https:\/\/pistonaddict.com\/de\/product\/audi-r8-v10-red-dynamite\/\" \/>\n<meta property=\"og:site_name\" content=\"Piston Addict\" \/>\n<meta property=\"article:modified_time\" content=\"2023-12-20T08:46:55+00:00\" \/>\n<meta property=\"og:image\" content=\"https:\/\/pistonaddict.com\/wp-content\/uploads\/2023\/06\/DSC_0412.jpg\" \/>\n\t<meta property=\"og:image:width\" content=\"2048\" \/>\n\t<meta property=\"og:image:height\" content=\"1365\" \/>\n\t<meta property=\"og:image:type\" content=\"image\/jpeg\" \/>\n<meta name=\"twitter:card\" content=\"summary_large_image\" \/>\n<meta name=\"twitter:label1\" content=\"Gesch\u00e4tzte Lesezeit\" \/>\n\t<meta name=\"twitter:data1\" content=\"2\u00a0Minuten\" \/>\n<script type=\"application\/ld+json\" class=\"yoast-schema-graph\">{\"@context\":\"https:\/\/schema.org\",\"@graph\":[{\"@type\":\"WebPage\",\"@id\":\"https:\/\/pistonaddict.com\/de\/product\/audi-r8-v10-red-dynamite\/\",\"url\":\"https:\/\/pistonaddict.com\/de\/product\/audi-r8-v10-red-dynamite\/\",\"name\":\"% Auktion -\",\"isPartOf\":{\"@id\":\"https:\/\/pistonaddict.com\/de\/#website\"},\"primaryImageOfPage\":{\"@id\":\"https:\/\/pistonaddict.com\/de\/product\/audi-r8-v10-red-dynamite\/#primaryimage\"},\"image\":{\"@id\":\"https:\/\/pistonaddict.com\/de\/product\/audi-r8-v10-red-dynamite\/#primaryimage\"},\"thumbnailUrl\":\"https:\/\/pistonaddict.com\/wp-content\/uploads\/2023\/06\/DSC_0412.jpg\",\"datePublished\":\"2023-06-16T13:02:15+00:00\",\"dateModified\":\"2023-12-20T08:46:55+00:00\",\"description\":\"Das Auto, das hier zur Versteigerung steht, ist wohl eines der leistungsst\u00e4rksten Modelle seiner Klasse - der ikonische Audi R8 V10.\",\"breadcrumb\":{\"@id\":\"https:\/\/pistonaddict.com\/de\/product\/audi-r8-v10-red-dynamite\/#breadcrumb\"},\"inLanguage\":\"de\",\"potentialAction\":[{\"@type\":\"ReadAction\",\"target\":[\"https:\/\/pistonaddict.com\/de\/product\/audi-r8-v10-red-dynamite\/\"]}]},{\"@type\":\"ImageObject\",\"inLanguage\":\"de\",\"@id\":\"https:\/\/pistonaddict.com\/de\/product\/audi-r8-v10-red-dynamite\/#primaryimage\",\"url\":\"https:\/\/pistonaddict.com\/wp-content\/uploads\/2023\/06\/DSC_0412.jpg\",\"contentUrl\":\"https:\/\/pistonaddict.com\/wp-content\/uploads\/2023\/06\/DSC_0412.jpg\",\"width\":2048,\"height\":1365},{\"@type\":\"BreadcrumbList\",\"@id\":\"https:\/\/pistonaddict.com\/de\/product\/audi-r8-v10-red-dynamite\/#breadcrumb\",\"itemListElement\":[{\"@type\":\"ListItem\",\"position\":1,\"name\":\"Startseite\",\"item\":\"https:\/\/pistonaddict.com\/de\/homepage\/\"},{\"@type\":\"ListItem\",\"position\":2,\"name\":\"Auctions\",\"item\":\"https:\/\/pistonaddict.com\/auctions-listing\/\"},{\"@type\":\"ListItem\",\"position\":3,\"name\":\"Audi R8 V10 Rotes Dynamit\"}]},{\"@type\":\"WebSite\",\"@id\":\"https:\/\/pistonaddict.com\/de\/#website\",\"url\":\"https:\/\/pistonaddict.com\/de\/\",\"name\":\"Piston Addict\",\"description\":\"Only interesting vehicles\",\"publisher\":{\"@id\":\"https:\/\/pistonaddict.com\/de\/#organization\"},\"potentialAction\":[{\"@type\":\"SearchAction\",\"target\":{\"@type\":\"EntryPoint\",\"urlTemplate\":\"https:\/\/pistonaddict.com\/de\/?s={search_term_string}\"},\"query-input\":\"required name=search_term_string\"}],\"inLanguage\":\"de\"},{\"@type\":\"Organization\",\"@id\":\"https:\/\/pistonaddict.com\/de\/#organization\",\"name\":\"Piston Addict\",\"url\":\"https:\/\/pistonaddict.com\/de\/\",\"logo\":{\"@type\":\"ImageObject\",\"inLanguage\":\"de\",\"@id\":\"https:\/\/pistonaddict.com\/de\/#\/schema\/logo\/image\/\",\"url\":\"https:\/\/pistonaddict.com\/wp-content\/uploads\/2022\/07\/logo-6.png\",\"contentUrl\":\"https:\/\/pistonaddict.com\/wp-content\/uploads\/2022\/07\/logo-6.png\",\"width\":970,\"height\":200,\"caption\":\"Piston Addict\"},\"image\":{\"@id\":\"https:\/\/pistonaddict.com\/de\/#\/schema\/logo\/image\/\"}}]}<\/script>\n<!-- \/ Yoast SEO plugin. -->","yoast_head_json":{"title":"% Auktion -","description":"Das Auto, das hier zur Versteigerung steht, ist wohl eines der leistungsst\u00e4rksten Modelle seiner Klasse - der ikonische Audi R8 V10.","robots":{"index":"index","follow":"follow","max-snippet":"max-snippet:-1","max-image-preview":"max-image-preview:large","max-video-preview":"max-video-preview:-1"},"canonical":"https:\/\/pistonaddict.com\/de\/product\/audi-r8-v10-red-dynamite\/","og_locale":"de_DE","og_type":"article","og_title":"% Auktion -","og_description":"Das Auto, das hier zur Versteigerung steht, ist wohl eines der leistungsst\u00e4rksten Modelle seiner Klasse - der ikonische Audi R8 V10.","og_url":"https:\/\/pistonaddict.com\/de\/product\/audi-r8-v10-red-dynamite\/","og_site_name":"Piston Addict","article_modified_time":"2023-12-20T08:46:55+00:00","og_image":[{"width":2048,"height":1365,"url":"https:\/\/pistonaddict.com\/wp-content\/uploads\/2023\/06\/DSC_0412.jpg","type":"image\/jpeg"}],"twitter_card":"summary_large_image","twitter_misc":{"Gesch\u00e4tzte Lesezeit":"2\u00a0Minuten"},"schema":{"@context":"https:\/\/schema.org","@graph":[{"@type":"WebPage","@id":"https:\/\/pistonaddict.com\/de\/product\/audi-r8-v10-red-dynamite\/","url":"https:\/\/pistonaddict.com\/de\/product\/audi-r8-v10-red-dynamite\/","name":"% Auktion -","isPartOf":{"@id":"https:\/\/pistonaddict.com\/de\/#website"},"primaryImageOfPage":{"@id":"https:\/\/pistonaddict.com\/de\/product\/audi-r8-v10-red-dynamite\/#primaryimage"},"image":{"@id":"https:\/\/pistonaddict.com\/de\/product\/audi-r8-v10-red-dynamite\/#primaryimage"},"thumbnailUrl":"https:\/\/pistonaddict.com\/wp-content\/uploads\/2023\/06\/DSC_0412.jpg","datePublished":"2023-06-16T13:02:15+00:00","dateModified":"2023-12-20T08:46:55+00:00","description":"Das Auto, das hier zur Versteigerung steht, ist wohl eines der leistungsst\u00e4rksten Modelle seiner Klasse - der ikonische Audi R8 V10.","breadcrumb":{"@id":"https:\/\/pistonaddict.com\/de\/product\/audi-r8-v10-red-dynamite\/#breadcrumb"},"inLanguage":"de","potentialAction":[{"@type":"ReadAction","target":["https:\/\/pistonaddict.com\/de\/product\/audi-r8-v10-red-dynamite\/"]}]},{"@type":"ImageObject","inLanguage":"de","@id":"https:\/\/pistonaddict.com\/de\/product\/audi-r8-v10-red-dynamite\/#primaryimage","url":"https:\/\/pistonaddict.com\/wp-content\/uploads\/2023\/06\/DSC_0412.jpg","contentUrl":"https:\/\/pistonaddict.com\/wp-content\/uploads\/2023\/06\/DSC_0412.jpg","width":2048,"height":1365},{"@type":"BreadcrumbList","@id":"https:\/\/pistonaddict.com\/de\/product\/audi-r8-v10-red-dynamite\/#breadcrumb","itemListElement":[{"@type":"ListItem","position":1,"name":"Startseite","item":"https:\/\/pistonaddict.com\/de\/homepage\/"},{"@type":"ListItem","position":2,"name":"Auctions","item":"https:\/\/pistonaddict.com\/auctions-listing\/"},{"@type":"ListItem","position":3,"name":"Audi R8 V10 Rotes Dynamit"}]},{"@type":"WebSite","@id":"https:\/\/pistonaddict.com\/de\/#website","url":"https:\/\/pistonaddict.com\/de\/","name":"Piston Addict","description":"Only interesting vehicles","publisher":{"@id":"https:\/\/pistonaddict.com\/de\/#organization"},"potentialAction":[{"@type":"SearchAction","target":{"@type":"EntryPoint","urlTemplate":"https:\/\/pistonaddict.com\/de\/?s={search_term_string}"},"query-input":"required name=search_term_string"}],"inLanguage":"de"},{"@type":"Organization","@id":"https:\/\/pistonaddict.com\/de\/#organization","name":"Piston Addict","url":"https:\/\/pistonaddict.com\/de\/","logo":{"@type":"ImageObject","inLanguage":"de","@id":"https:\/\/pistonaddict.com\/de\/#\/schema\/logo\/image\/","url":"https:\/\/pistonaddict.com\/wp-content\/uploads\/2022\/07\/logo-6.png","contentUrl":"https:\/\/pistonaddict.com\/wp-content\/uploads\/2022\/07\/logo-6.png","width":970,"height":200,"caption":"Piston Addict"},"image":{"@id":"https:\/\/pistonaddict.com\/de\/#\/schema\/logo\/image\/"}}]}},"_links":{"self":[{"href":"https:\/\/pistonaddict.com\/de\/wp-json\/wp\/v2\/product\/45982"}],"collection":[{"href":"https:\/\/pistonaddict.com\/de\/wp-json\/wp\/v2\/product"}],"about":[{"href":"https:\/\/pistonaddict.com\/de\/wp-json\/wp\/v2\/types\/product"}],"replies":[{"embeddable":true,"href":"https:\/\/pistonaddict.com\/de\/wp-json\/wp\/v2\/comments?post=45982"}],"wp:featuredmedia":[{"embeddable":true,"href":"https:\/\/pistonaddict.com\/de\/wp-json\/wp\/v2\/media\/43349"}],"wp:attachment":[{"href":"https:\/\/pistonaddict.com\/de\/wp-json\/wp\/v2\/media?parent=45982"}],"wp:term":[{"taxonomy":"product_cat","embeddable":true,"href":"https:\/\/pistonaddict.com\/de\/wp-json\/wp\/v2\/product_cat?post=45982"},{"taxonomy":"product_tag","embeddable":true,"href":"https:\/\/pistonaddict.com\/de\/wp-json\/wp\/v2\/product_tag?post=45982"}],"curies":[{"name":"wp","href":"https:\/\/api.w.org\/{rel}","templated":true}]}}