{"id":41976,"date":"2023-06-12T14:22:37","date_gmt":"2023-06-12T12:22:37","guid":{"rendered":"https:\/\/pistonaddict.com\/product\/audi-r8-4-2-fsi-v8\/"},"modified":"2024-03-20T09:15:38","modified_gmt":"2024-03-20T08:15:38","slug":"audi-r8-4-2-fsi-v8","status":"publish","type":"product","link":"https:\/\/pistonaddict.com\/de\/product\/audi-r8-4-2-fsi-v8\/","title":{"rendered":"Audi R8 4.2 FSI V8"},"content":{"rendered":"<p><strong>Modell Geschichte<\/strong><\/p>\n<p>Der R8 sorgte bei seinem Erscheinen im Jahr 2007 f\u00fcr Aufsehen. Er war nicht nur der erste Supersportwagen von Audi, sondern auch unglaublich erfolgreich mit seinem zeitlosen Design und einem fantastischen Antriebsstrang, bestehend aus einem hochdrehenden V8 (sp\u00e4ter V10) und dem ber\u00fchmten Quattro-Allradantriebssystem. Das Erscheinen des R8 machte die Konkurrenten sehr nerv\u00f6s, da die Kunden endlich die M\u00f6glichkeit hatten, eine hochleistungsf\u00e4hige Maschine mit Allradantrieb und Audi Qualit\u00e4t zu kaufen. Aus diesem Grund war der R8 der ersten Generation mit fast 30.000 produzierten Exemplaren ein enormer Erfolg. Bei diesem Exemplar handelt es sich um das Modell von 2014, d. h. um eine neuere und begehrtere Version, die von einem leichten Restyling, einer besseren Ausstattung und einer verfeinerten Mechanik profitiert hat. F\u00fcr die Kraft sorgt ein 4,2-Liter-FSI-V8-Motor, der 430 PS leistet und sie \u00fcber ein 7-Gang-Doppelkupplungs-Automatikgetriebe S Tronic an alle vier R\u00e4der schickt. Mit einer Zeit von 4,2 Sekunden von 0 auf 100 km\/h und einer H\u00f6chstgeschwindigkeit von knapp \u00fcber 300 km\/h geh\u00f6rt der R8 zur Kategorie der Supersportwagen.<\/p>\n<p><strong>Zustand<\/strong><\/p>\n<p>Mit nur 43.649 km auf dem Kilometerz\u00e4hler ist dieser R8 in einem idealen Zustand. Er wurde Ende 2014 an seinen urspr\u00fcnglichen Besitzer in den Niederlanden ausgeliefert und 2021 von den jetzigen Besitzern erworben. Dieser Audi R8 wurde nie auf der Rennstrecke eingesetzt und regelm\u00e4\u00dfig gewartet, wie die vom Verk\u00e4ufer zur Verf\u00fcgung gestellten Serviceunterlagen belegen. Au\u00dferdem ist dieses Beispiel v\u00f6llig originalgetreu, ohne jegliche \u00c4nderungen oder unn\u00f6tige Anbauteile. Alle werksseitigen Ausstattungen und Merkmale sind vorhanden und funktionsf\u00e4hig. Die letzte Wartung, zusammen mit dem \u00d6lwechsel, wurde Ende Oktober 2022 durchgef\u00fchrt, und die Bremsen wurden im Juni 2023 \u00fcberholt. Der so genannte &#8220;Long Life&#8221;-Service wurde durchgef\u00fchrt und die Z\u00fcndkerzen wurden ersetzt. <strong>Dieser R8 hat eine 6-monatige Bovag-Garantie<\/strong>, was zeigt, dass er in einem tadellosen Zustand ist.<\/p>\n<p><strong>\u00c4u\u00dferes und R\u00e4der<\/strong><\/p>\n<p>Dieser R8 ist in elegantem Panther Black lackiert und verf\u00fcgt \u00fcber ein optionales Carbon-Paket mit Au\u00dfen- und Inneneins\u00e4tzen aus Kohlefaser. Die Karosserie hat keine Sch\u00e4den, Kratzer oder Verf\u00e4rbungen, und der Lack ist in perfektem Zustand. Die einzige Sache, die auf dem \u00c4u\u00dferen dieses R8 ber\u00fchrt wurde, ist repariert Tankklappe (Tankdeckel T\u00fcr), die von zertifizierten H\u00e4ndler (Rechnung am 5. Mai 2021) durchgef\u00fchrt wurde. Der Look wird durch optionale 20-Zoll-R\u00e4der mit frischen Pirelli P Zero-Reifen unterstrichen.<\/p>\n<p><strong>Innenbereich<\/strong><\/p>\n<p>Das Interieur ist mit einer Kombination aus schwarzem Leder und Alcantara bezogen und weist keinerlei Abnutzungserscheinungen auf. Es verf\u00fcgt \u00fcber Karbonfasereins\u00e4tze als Teil des werkseitigen Ausstattungspakets. Die Sitze haben eine optionale Heizfunktion, und alle Systeme (Audio, Infotainment, HVAC) sind in perfektem Zustand. Als Teil der Ausstattungsliste ist es erw\u00e4hnenswert, dass dieser R8 Tempomat, regensensierende Scheibenwischer, Bang und Olufsen Audiosystem, automatisch abblendende Spiegel, Navigation, LED-Beleuchtung und vieles mehr hat.<\/p>\n<p><strong>Dokumentation<\/strong><\/p>\n<p>Dieses Gebrauchtfahrzeug mit entsprechender Dokumentation befindet sich in den Niederlanden. Der CarFax-Bericht ist sauber, es gibt keine rechtlichen Probleme. Es gibt Aufzeichnungen \u00fcber die regelm\u00e4\u00dfige Wartung und einige kleinere Reparaturen. Es ist sehr wichtig zu erw\u00e4hnen, dass dieser Audi R8 eine BPM-R\u00fcckerstattung hat. Die BPM-Erstattung ist eine niederl\u00e4ndische Luxussteuererstattung f\u00fcr die Ausfuhr. <strong> Das bedeutet, dass der K\u00e4ufer, der in einem anderen Land der Europ\u00e4ischen Union (au\u00dfer den Niederlanden) ans\u00e4ssig ist und das Auto innerhalb von 13 Wochen nach dem Kauf in seinem Heimatland anmeldet, 5.967 Euro zur\u00fcckerh\u00e4lt<\/strong>, was sehr praktisch ist.<br \/>\nSiehe das <a href=\"https:\/\/pistonaddict.com\/wp-content\/uploads\/2023\/06\/CARFAX-Vehicle-History-Report-AUDI-R8.pdf\">CarFax dieses Audi R8<\/a>.<\/p>\n<p><strong>F\u00fcr den Zugriff auf die Auktion dieses Premium-Fahrzeugs ist ein Kreditkartenabdruck\/eine Kreditkarte erforderlich (wird automatisch freigegeben).<\/strong><\/p>\n<p>Sehen Sie sich hier das Kaltstartvideo dieses wundersch\u00f6nen Audi R8 an:<\/p>\n<p><iframe title=\"Cold Start video of the Audi R8 4.2 FSI V8 on auction sale\" width=\"1200\" height=\"675\" src=\"https:\/\/www.youtube.com\/embed\/GyBid0aFEiA?feature=oembed\" frameborder=\"0\" allow=\"accelerometer; autoplay; clipboard-write; encrypted-media; gyroscope; picture-in-picture; web-share\" allowfullscreen><\/iframe><\/p>\n","protected":false},"excerpt":{"rendered":"<p>Man h\u00f6rt oft den Begriff &#8220;Alltags-Supercar&#8221;, doch nur wenige Autos \u00fcberzeugen im Alltag durch Leistung, Benutzerfreundlichkeit und Zuverl\u00e4ssigkeit. Der Audi R8 von 2014 ist ein echtes Schmuckst\u00fcck. Mit seinem potenten 4,2-Liter-V8, dem gut ausgestatteten Innenraum und der perfekten Fahrdynamik ist er ein Auto, das Sie im Alltag genie\u00dfen k\u00f6nnen und trotzdem alle Vorz\u00fcge eines reinrassigen Supersportwagens hat. Sie k\u00f6nnen ein Angebot f\u00fcr dieses Auto machen, indem Sie <a href=\"https:\/\/pistonaddict.com\/contact-us\/\">sich mit uns in Verbindung setzen<\/a>.<\/p>\n","protected":false},"featured_media":41838,"comment_status":"open","ping_status":"closed","template":"","meta":{"inline_featured_image":false},"product_cat":[702],"product_tag":[1897,1896,901],"acf":[],"yoast_head":"<!-- This site is optimized with the Yoast SEO plugin v22.5 - https:\/\/yoast.com\/wordpress\/plugins\/seo\/ -->\n<title>Auktion -<\/title>\n<meta name=\"description\" content=\"Bei diesem Audi R8 handelt es sich um das Modell 2014, also um eine neuere und begehrenswertere Version, die von einem leichten Restyle, einer besseren Ausstattung und einer verfeinerten Mechanik profitiert. F\u00fcr die Kraft sorgt ein 4,2-Liter-FSI-V8-Motor, der 430 PS leistet und sie \u00fcber ein 7-Gang-Doppelkupplungs-Automatikgetriebe S Tronic an alle vier R\u00e4der schickt.\" \/>\n<meta name=\"robots\" content=\"index, follow, max-snippet:-1, max-image-preview:large, max-video-preview:-1\" \/>\n<link rel=\"canonical\" href=\"https:\/\/pistonaddict.com\/de\/product\/audi-r8-4-2-fsi-v8\/\" \/>\n<meta property=\"og:locale\" content=\"de_DE\" \/>\n<meta property=\"og:type\" content=\"article\" \/>\n<meta property=\"og:title\" content=\"Auktion -\" \/>\n<meta property=\"og:description\" content=\"Bei diesem Audi R8 handelt es sich um das Modell 2014, also um eine neuere und begehrenswertere Version, die von einem leichten Restyle, einer besseren Ausstattung und einer verfeinerten Mechanik profitiert. F\u00fcr die Kraft sorgt ein 4,2-Liter-FSI-V8-Motor, der 430 PS leistet und sie \u00fcber ein 7-Gang-Doppelkupplungs-Automatikgetriebe S Tronic an alle vier R\u00e4der schickt.\" \/>\n<meta property=\"og:url\" content=\"https:\/\/pistonaddict.com\/de\/product\/audi-r8-4-2-fsi-v8\/\" \/>\n<meta property=\"og:site_name\" content=\"Piston Addict\" \/>\n<meta property=\"article:modified_time\" content=\"2024-03-20T08:15:38+00:00\" \/>\n<meta property=\"og:image\" content=\"https:\/\/pistonaddict.com\/wp-content\/uploads\/2023\/06\/foto-5.jpg\" \/>\n\t<meta property=\"og:image:width\" content=\"1024\" \/>\n\t<meta property=\"og:image:height\" content=\"683\" \/>\n\t<meta property=\"og:image:type\" content=\"image\/jpeg\" \/>\n<meta name=\"twitter:card\" content=\"summary_large_image\" \/>\n<meta name=\"twitter:label1\" content=\"Gesch\u00e4tzte Lesezeit\" \/>\n\t<meta name=\"twitter:data1\" content=\"3\u00a0Minuten\" \/>\n<script type=\"application\/ld+json\" class=\"yoast-schema-graph\">{\"@context\":\"https:\/\/schema.org\",\"@graph\":[{\"@type\":\"WebPage\",\"@id\":\"https:\/\/pistonaddict.com\/de\/product\/audi-r8-4-2-fsi-v8\/\",\"url\":\"https:\/\/pistonaddict.com\/de\/product\/audi-r8-4-2-fsi-v8\/\",\"name\":\"Auktion -\",\"isPartOf\":{\"@id\":\"https:\/\/pistonaddict.com\/de\/#website\"},\"primaryImageOfPage\":{\"@id\":\"https:\/\/pistonaddict.com\/de\/product\/audi-r8-4-2-fsi-v8\/#primaryimage\"},\"image\":{\"@id\":\"https:\/\/pistonaddict.com\/de\/product\/audi-r8-4-2-fsi-v8\/#primaryimage\"},\"thumbnailUrl\":\"https:\/\/pistonaddict.com\/wp-content\/uploads\/2023\/06\/foto-5.jpg\",\"datePublished\":\"2023-06-12T12:22:37+00:00\",\"dateModified\":\"2024-03-20T08:15:38+00:00\",\"description\":\"Bei diesem Audi R8 handelt es sich um das Modell 2014, also um eine neuere und begehrenswertere Version, die von einem leichten Restyle, einer besseren Ausstattung und einer verfeinerten Mechanik profitiert. F\u00fcr die Kraft sorgt ein 4,2-Liter-FSI-V8-Motor, der 430 PS leistet und sie \u00fcber ein 7-Gang-Doppelkupplungs-Automatikgetriebe S Tronic an alle vier R\u00e4der schickt.\",\"breadcrumb\":{\"@id\":\"https:\/\/pistonaddict.com\/de\/product\/audi-r8-4-2-fsi-v8\/#breadcrumb\"},\"inLanguage\":\"de\",\"potentialAction\":[{\"@type\":\"ReadAction\",\"target\":[\"https:\/\/pistonaddict.com\/de\/product\/audi-r8-4-2-fsi-v8\/\"]}]},{\"@type\":\"ImageObject\",\"inLanguage\":\"de\",\"@id\":\"https:\/\/pistonaddict.com\/de\/product\/audi-r8-4-2-fsi-v8\/#primaryimage\",\"url\":\"https:\/\/pistonaddict.com\/wp-content\/uploads\/2023\/06\/foto-5.jpg\",\"contentUrl\":\"https:\/\/pistonaddict.com\/wp-content\/uploads\/2023\/06\/foto-5.jpg\",\"width\":1024,\"height\":683},{\"@type\":\"BreadcrumbList\",\"@id\":\"https:\/\/pistonaddict.com\/de\/product\/audi-r8-4-2-fsi-v8\/#breadcrumb\",\"itemListElement\":[{\"@type\":\"ListItem\",\"position\":1,\"name\":\"Startseite\",\"item\":\"https:\/\/pistonaddict.com\/de\/homepage\/\"},{\"@type\":\"ListItem\",\"position\":2,\"name\":\"Auctions\",\"item\":\"https:\/\/pistonaddict.com\/auctions-listing\/\"},{\"@type\":\"ListItem\",\"position\":3,\"name\":\"Audi R8 4.2 FSI V8\"}]},{\"@type\":\"WebSite\",\"@id\":\"https:\/\/pistonaddict.com\/de\/#website\",\"url\":\"https:\/\/pistonaddict.com\/de\/\",\"name\":\"Piston Addict\",\"description\":\"Only interesting vehicles\",\"publisher\":{\"@id\":\"https:\/\/pistonaddict.com\/de\/#organization\"},\"potentialAction\":[{\"@type\":\"SearchAction\",\"target\":{\"@type\":\"EntryPoint\",\"urlTemplate\":\"https:\/\/pistonaddict.com\/de\/?s={search_term_string}\"},\"query-input\":\"required name=search_term_string\"}],\"inLanguage\":\"de\"},{\"@type\":\"Organization\",\"@id\":\"https:\/\/pistonaddict.com\/de\/#organization\",\"name\":\"Piston Addict\",\"url\":\"https:\/\/pistonaddict.com\/de\/\",\"logo\":{\"@type\":\"ImageObject\",\"inLanguage\":\"de\",\"@id\":\"https:\/\/pistonaddict.com\/de\/#\/schema\/logo\/image\/\",\"url\":\"https:\/\/pistonaddict.com\/wp-content\/uploads\/2022\/07\/logo-6.png\",\"contentUrl\":\"https:\/\/pistonaddict.com\/wp-content\/uploads\/2022\/07\/logo-6.png\",\"width\":970,\"height\":200,\"caption\":\"Piston Addict\"},\"image\":{\"@id\":\"https:\/\/pistonaddict.com\/de\/#\/schema\/logo\/image\/\"}}]}<\/script>\n<!-- \/ Yoast SEO plugin. -->","yoast_head_json":{"title":"Auktion -","description":"Bei diesem Audi R8 handelt es sich um das Modell 2014, also um eine neuere und begehrenswertere Version, die von einem leichten Restyle, einer besseren Ausstattung und einer verfeinerten Mechanik profitiert. F\u00fcr die Kraft sorgt ein 4,2-Liter-FSI-V8-Motor, der 430 PS leistet und sie \u00fcber ein 7-Gang-Doppelkupplungs-Automatikgetriebe S Tronic an alle vier R\u00e4der schickt.","robots":{"index":"index","follow":"follow","max-snippet":"max-snippet:-1","max-image-preview":"max-image-preview:large","max-video-preview":"max-video-preview:-1"},"canonical":"https:\/\/pistonaddict.com\/de\/product\/audi-r8-4-2-fsi-v8\/","og_locale":"de_DE","og_type":"article","og_title":"Auktion -","og_description":"Bei diesem Audi R8 handelt es sich um das Modell 2014, also um eine neuere und begehrenswertere Version, die von einem leichten Restyle, einer besseren Ausstattung und einer verfeinerten Mechanik profitiert. F\u00fcr die Kraft sorgt ein 4,2-Liter-FSI-V8-Motor, der 430 PS leistet und sie \u00fcber ein 7-Gang-Doppelkupplungs-Automatikgetriebe S Tronic an alle vier R\u00e4der schickt.","og_url":"https:\/\/pistonaddict.com\/de\/product\/audi-r8-4-2-fsi-v8\/","og_site_name":"Piston Addict","article_modified_time":"2024-03-20T08:15:38+00:00","og_image":[{"width":1024,"height":683,"url":"https:\/\/pistonaddict.com\/wp-content\/uploads\/2023\/06\/foto-5.jpg","type":"image\/jpeg"}],"twitter_card":"summary_large_image","twitter_misc":{"Gesch\u00e4tzte Lesezeit":"3\u00a0Minuten"},"schema":{"@context":"https:\/\/schema.org","@graph":[{"@type":"WebPage","@id":"https:\/\/pistonaddict.com\/de\/product\/audi-r8-4-2-fsi-v8\/","url":"https:\/\/pistonaddict.com\/de\/product\/audi-r8-4-2-fsi-v8\/","name":"Auktion -","isPartOf":{"@id":"https:\/\/pistonaddict.com\/de\/#website"},"primaryImageOfPage":{"@id":"https:\/\/pistonaddict.com\/de\/product\/audi-r8-4-2-fsi-v8\/#primaryimage"},"image":{"@id":"https:\/\/pistonaddict.com\/de\/product\/audi-r8-4-2-fsi-v8\/#primaryimage"},"thumbnailUrl":"https:\/\/pistonaddict.com\/wp-content\/uploads\/2023\/06\/foto-5.jpg","datePublished":"2023-06-12T12:22:37+00:00","dateModified":"2024-03-20T08:15:38+00:00","description":"Bei diesem Audi R8 handelt es sich um das Modell 2014, also um eine neuere und begehrenswertere Version, die von einem leichten Restyle, einer besseren Ausstattung und einer verfeinerten Mechanik profitiert. F\u00fcr die Kraft sorgt ein 4,2-Liter-FSI-V8-Motor, der 430 PS leistet und sie \u00fcber ein 7-Gang-Doppelkupplungs-Automatikgetriebe S Tronic an alle vier R\u00e4der schickt.","breadcrumb":{"@id":"https:\/\/pistonaddict.com\/de\/product\/audi-r8-4-2-fsi-v8\/#breadcrumb"},"inLanguage":"de","potentialAction":[{"@type":"ReadAction","target":["https:\/\/pistonaddict.com\/de\/product\/audi-r8-4-2-fsi-v8\/"]}]},{"@type":"ImageObject","inLanguage":"de","@id":"https:\/\/pistonaddict.com\/de\/product\/audi-r8-4-2-fsi-v8\/#primaryimage","url":"https:\/\/pistonaddict.com\/wp-content\/uploads\/2023\/06\/foto-5.jpg","contentUrl":"https:\/\/pistonaddict.com\/wp-content\/uploads\/2023\/06\/foto-5.jpg","width":1024,"height":683},{"@type":"BreadcrumbList","@id":"https:\/\/pistonaddict.com\/de\/product\/audi-r8-4-2-fsi-v8\/#breadcrumb","itemListElement":[{"@type":"ListItem","position":1,"name":"Startseite","item":"https:\/\/pistonaddict.com\/de\/homepage\/"},{"@type":"ListItem","position":2,"name":"Auctions","item":"https:\/\/pistonaddict.com\/auctions-listing\/"},{"@type":"ListItem","position":3,"name":"Audi R8 4.2 FSI V8"}]},{"@type":"WebSite","@id":"https:\/\/pistonaddict.com\/de\/#website","url":"https:\/\/pistonaddict.com\/de\/","name":"Piston Addict","description":"Only interesting vehicles","publisher":{"@id":"https:\/\/pistonaddict.com\/de\/#organization"},"potentialAction":[{"@type":"SearchAction","target":{"@type":"EntryPoint","urlTemplate":"https:\/\/pistonaddict.com\/de\/?s={search_term_string}"},"query-input":"required name=search_term_string"}],"inLanguage":"de"},{"@type":"Organization","@id":"https:\/\/pistonaddict.com\/de\/#organization","name":"Piston Addict","url":"https:\/\/pistonaddict.com\/de\/","logo":{"@type":"ImageObject","inLanguage":"de","@id":"https:\/\/pistonaddict.com\/de\/#\/schema\/logo\/image\/","url":"https:\/\/pistonaddict.com\/wp-content\/uploads\/2022\/07\/logo-6.png","contentUrl":"https:\/\/pistonaddict.com\/wp-content\/uploads\/2022\/07\/logo-6.png","width":970,"height":200,"caption":"Piston Addict"},"image":{"@id":"https:\/\/pistonaddict.com\/de\/#\/schema\/logo\/image\/"}}]}},"_links":{"self":[{"href":"https:\/\/pistonaddict.com\/de\/wp-json\/wp\/v2\/product\/41976"}],"collection":[{"href":"https:\/\/pistonaddict.com\/de\/wp-json\/wp\/v2\/product"}],"about":[{"href":"https:\/\/pistonaddict.com\/de\/wp-json\/wp\/v2\/types\/product"}],"replies":[{"embeddable":true,"href":"https:\/\/pistonaddict.com\/de\/wp-json\/wp\/v2\/comments?post=41976"}],"wp:featuredmedia":[{"embeddable":true,"href":"https:\/\/pistonaddict.com\/de\/wp-json\/wp\/v2\/media\/41838"}],"wp:attachment":[{"href":"https:\/\/pistonaddict.com\/de\/wp-json\/wp\/v2\/media?parent=41976"}],"wp:term":[{"taxonomy":"product_cat","embeddable":true,"href":"https:\/\/pistonaddict.com\/de\/wp-json\/wp\/v2\/product_cat?post=41976"},{"taxonomy":"product_tag","embeddable":true,"href":"https:\/\/pistonaddict.com\/de\/wp-json\/wp\/v2\/product_tag?post=41976"}],"curies":[{"name":"wp","href":"https:\/\/api.w.org\/{rel}","templated":true}]}}