{"id":39962,"date":"2023-04-19T17:58:30","date_gmt":"2023-04-19T15:58:30","guid":{"rendered":"https:\/\/pistonaddict.com\/product\/nissan-gtr\/"},"modified":"2024-03-19T17:52:22","modified_gmt":"2024-03-19T16:52:22","slug":"nissan-gtr","status":"publish","type":"product","link":"https:\/\/pistonaddict.com\/de\/product\/nissan-gtr\/","title":{"rendered":"Nissan GT-R Nismo"},"content":{"rendered":"<h2>\u00c4u\u00dferes<\/h2>\n<p>Von au\u00dfen bietet das schwarz lackierte 2-t\u00fcrige Coup\u00e9 ein Gleichgewicht zwischen einem scheinbar subtilen Erscheinungsbild und aggressiven Details, die auf seinen wahren Charakter hinweisen. Die Frontpartie mit dem gro\u00dfen K\u00fchlergrill und den dreieckigen Scheinwerfern verleiht ihm eine beeindruckende Pr\u00e4senz auf der Stra\u00dfe. Die Silhouette des GT-R wird durch seine lange Motorhaube, die abfallende Dachlinie und den massiven Heckspoiler bestimmt. Das Heck schlie\u00dflich wird von den f\u00fcr Nissan typischen runden R\u00fcckleuchten dominiert. Der von Nismo gebaute GT-R unterscheidet sich in mehreren Details von den Serienmodellen. Dazu geh\u00f6ren neben dem K\u00fchlergrill auch ein vergr\u00f6\u00dferter Frontsplitter und ein Kofferraumdeckel aus Kohlefaser. Der Wagen steht auf griffigen Michelin Super Sport Cup 2-Reifen, die auf bronzenen 20-Zoll-R\u00e4dern von Volk Racking montiert sind.<\/p>\n<h2>Innenbereich<\/h2>\n<p>Der Innenraum des GT-R mit seiner 2+2-Sitzanordnung zeigt, wie praktisch er ist. Nat\u00fcrlich bieten die R\u00fccksitze nur ein begrenztes Platzangebot und sind nur f\u00fcr kurze Strecken geeignet. Aber auch als solche ist es sch\u00f6n, sie zu haben. Bei den Vordersitzen sieht es hingegen anders aus. In schwarzem Leder mit roten Akzenten bieten sie nahezu uneingeschr\u00e4nkten Halt und halten den Fahrer auch in den sch\u00e4rfsten Kurven fest an seinem Platz. Und diese werden mit einem dreispeichigen Lenkrad in geb\u00fcrstetem Leder mit roten N\u00e4hten verhandelt. Dahinter befindet sich das Kombiinstrument, das von einem Drehzahlmesser dominiert wird, der bis zu 8.000 RPM reicht. Weitere Anzeigen sind der Tachometer und die Instrumente f\u00fcr die Motortemperatur und den Kraftstoffstand. Au\u00dferdem gibt es ein mittig angebrachtes Display, das rennsport\u00e4hnliche Parameter wie Beschleunigung oder Seitenkr\u00e4fte anzeigt.<\/p>\n<h2>Mechanik<\/h2>\n<p>So atemberaubend er auch aussehen mag, der Nissan GT-R fasziniert vor allem durch die Mechanik, die unter seiner Haut steckt. Da ist zun\u00e4chst der Motor, ein 3,8-Liter-V6 mit Doppelturboaufladung, der von Nissans besten Technikern mit h\u00f6chster Pr\u00e4zision handgefertigt wird. Dar\u00fcber hinaus ist jeder von ihnen auf sein Maximum abgestimmt, was zu einer unterschiedlichen Leistungsabgabe der einzelnen Fahrzeuge f\u00fchrt. Und mit 750 Pferdest\u00e4rken hat dieser besondere GT-R jede Menge Power zu bieten. Hinzu kommt ein Sechsgang-Doppelkupplungs-Automatikgetriebe, das zur besseren Gewichtsverteilung im Heck montiert ist. Es ist ebenfalls handgefertigt und mit dem Motor gekoppelt, um die Schaltvorg\u00e4nge so schnell wie m\u00f6glich zu machen. Und schlie\u00dflich wird all diese immense Kraft durch ein ausgekl\u00fcgeltes Allradsystem effizient auf den Boden \u00fcbertragen. Mit all dem, dieser Nissan GT-R beschleunigt von 0 bis 60 in nur 2,5 Sekunden und hat eine H\u00f6chstgeschwindigkeit von 205 MPH.<\/p>\n<h2>Geschichte des Fahrzeugs<\/h2>\n<p>W\u00e4hrend jeder Nissan GT-R mit seiner handgefertigten Mechanik und seinem ma\u00dfgeschneiderten Tuning auf seine Weise einzigartig ist, ist dieses Modell sogar noch spezieller. Es war das erste Modell mit Linkslenkung, das von Nismo, der hauseigenen Rennabteilung von Nissan, f\u00fcr den damaligen Vorsitzenden des Renault-Formel-1-Teams gebaut wurde. Nach Angaben des Verk\u00e4ufers ist der Wagen neuwertig, hat 2.703 Meilen zur\u00fcckgelegt und befindet sich derzeit im Vereinigten K\u00f6nigreich.<\/p>\n","protected":false},"excerpt":{"rendered":"<p>Der legend\u00e4re Nissan GT-R ist eines der kultigsten und begehrtesten Autos aus dem Land der aufgehenden Sonne. Mit seinem m\u00e4chtigen V6-Turbomotor und dem ausgekl\u00fcgelten Allradantrieb beeindruckt dieses Stra\u00dfenmonster mit einer Geschwindigkeit und einem Handling, das den Gesetzen der Physik zu trotzen scheint. Aber dieses 2016er Modell, das von einem professionellen Verk\u00e4ufer zum Verkauf angeboten wird, ist kein gew\u00f6hnlicher GT-R. Stattdessen handelt es sich bei dem Auto, das Sie hier sehen, um den rennstreckenorientierten, rekordverd\u00e4chtigen GT-R Nismo. Bislang hat er nur 2.700 Meilen zur\u00fcckgelegt und wartet nicht auf seinen neuen Besitzer.<\/p>\n","protected":false},"featured_media":39376,"comment_status":"open","ping_status":"closed","template":"","meta":{"inline_featured_image":false},"product_cat":[702],"product_tag":[1698,901,1695,1691],"acf":[],"yoast_head":"<!-- This site is optimized with the Yoast SEO plugin v22.5 - https:\/\/yoast.com\/wordpress\/plugins\/seo\/ -->\n<title>Auktion -<\/title>\n<meta name=\"description\" content=\"Schauen Sie sich diesen Nissan GT-R Nismo zur Versteigerung auf PistonAddict.com an\" \/>\n<meta name=\"robots\" content=\"index, follow, max-snippet:-1, max-image-preview:large, max-video-preview:-1\" \/>\n<link rel=\"canonical\" href=\"https:\/\/pistonaddict.com\/de\/product\/nissan-gtr\/\" \/>\n<meta property=\"og:locale\" content=\"de_DE\" \/>\n<meta property=\"og:type\" content=\"article\" \/>\n<meta property=\"og:title\" content=\"Auktion -\" \/>\n<meta property=\"og:description\" content=\"Schauen Sie sich diesen Nissan GT-R Nismo zur Versteigerung auf PistonAddict.com an\" \/>\n<meta property=\"og:url\" content=\"https:\/\/pistonaddict.com\/de\/product\/nissan-gtr\/\" \/>\n<meta property=\"og:site_name\" content=\"Piston Addict\" \/>\n<meta property=\"article:modified_time\" content=\"2024-03-19T16:52:22+00:00\" \/>\n<meta property=\"og:image\" content=\"https:\/\/pistonaddict.com\/wp-content\/uploads\/2023\/04\/LuxurycarLondonApril11PistonAddict_0497-scaled.jpg\" \/>\n\t<meta property=\"og:image:width\" content=\"2560\" \/>\n\t<meta property=\"og:image:height\" content=\"1972\" \/>\n\t<meta property=\"og:image:type\" content=\"image\/jpeg\" \/>\n<meta name=\"twitter:card\" content=\"summary_large_image\" \/>\n<meta name=\"twitter:label1\" content=\"Gesch\u00e4tzte Lesezeit\" \/>\n\t<meta name=\"twitter:data1\" content=\"2\u00a0Minuten\" \/>\n<script type=\"application\/ld+json\" class=\"yoast-schema-graph\">{\"@context\":\"https:\/\/schema.org\",\"@graph\":[{\"@type\":\"WebPage\",\"@id\":\"https:\/\/pistonaddict.com\/de\/product\/nissan-gtr\/\",\"url\":\"https:\/\/pistonaddict.com\/de\/product\/nissan-gtr\/\",\"name\":\"Auktion -\",\"isPartOf\":{\"@id\":\"https:\/\/pistonaddict.com\/de\/#website\"},\"primaryImageOfPage\":{\"@id\":\"https:\/\/pistonaddict.com\/de\/product\/nissan-gtr\/#primaryimage\"},\"image\":{\"@id\":\"https:\/\/pistonaddict.com\/de\/product\/nissan-gtr\/#primaryimage\"},\"thumbnailUrl\":\"https:\/\/pistonaddict.com\/wp-content\/uploads\/2023\/04\/LuxurycarLondonApril11PistonAddict_0497-scaled.jpg\",\"datePublished\":\"2023-04-19T15:58:30+00:00\",\"dateModified\":\"2024-03-19T16:52:22+00:00\",\"description\":\"Schauen Sie sich diesen Nissan GT-R Nismo zur Versteigerung auf PistonAddict.com an\",\"breadcrumb\":{\"@id\":\"https:\/\/pistonaddict.com\/de\/product\/nissan-gtr\/#breadcrumb\"},\"inLanguage\":\"de\",\"potentialAction\":[{\"@type\":\"ReadAction\",\"target\":[\"https:\/\/pistonaddict.com\/de\/product\/nissan-gtr\/\"]}]},{\"@type\":\"ImageObject\",\"inLanguage\":\"de\",\"@id\":\"https:\/\/pistonaddict.com\/de\/product\/nissan-gtr\/#primaryimage\",\"url\":\"https:\/\/pistonaddict.com\/wp-content\/uploads\/2023\/04\/LuxurycarLondonApril11PistonAddict_0497-scaled.jpg\",\"contentUrl\":\"https:\/\/pistonaddict.com\/wp-content\/uploads\/2023\/04\/LuxurycarLondonApril11PistonAddict_0497-scaled.jpg\",\"width\":2560,\"height\":1972},{\"@type\":\"BreadcrumbList\",\"@id\":\"https:\/\/pistonaddict.com\/de\/product\/nissan-gtr\/#breadcrumb\",\"itemListElement\":[{\"@type\":\"ListItem\",\"position\":1,\"name\":\"Startseite\",\"item\":\"https:\/\/pistonaddict.com\/de\/homepage\/\"},{\"@type\":\"ListItem\",\"position\":2,\"name\":\"Auctions\",\"item\":\"https:\/\/pistonaddict.com\/auctions-listing\/\"},{\"@type\":\"ListItem\",\"position\":3,\"name\":\"Nissan GT-R Nismo\"}]},{\"@type\":\"WebSite\",\"@id\":\"https:\/\/pistonaddict.com\/de\/#website\",\"url\":\"https:\/\/pistonaddict.com\/de\/\",\"name\":\"Piston Addict\",\"description\":\"Only interesting vehicles\",\"publisher\":{\"@id\":\"https:\/\/pistonaddict.com\/de\/#organization\"},\"potentialAction\":[{\"@type\":\"SearchAction\",\"target\":{\"@type\":\"EntryPoint\",\"urlTemplate\":\"https:\/\/pistonaddict.com\/de\/?s={search_term_string}\"},\"query-input\":\"required name=search_term_string\"}],\"inLanguage\":\"de\"},{\"@type\":\"Organization\",\"@id\":\"https:\/\/pistonaddict.com\/de\/#organization\",\"name\":\"Piston Addict\",\"url\":\"https:\/\/pistonaddict.com\/de\/\",\"logo\":{\"@type\":\"ImageObject\",\"inLanguage\":\"de\",\"@id\":\"https:\/\/pistonaddict.com\/de\/#\/schema\/logo\/image\/\",\"url\":\"https:\/\/pistonaddict.com\/wp-content\/uploads\/2022\/07\/logo-6.png\",\"contentUrl\":\"https:\/\/pistonaddict.com\/wp-content\/uploads\/2022\/07\/logo-6.png\",\"width\":970,\"height\":200,\"caption\":\"Piston Addict\"},\"image\":{\"@id\":\"https:\/\/pistonaddict.com\/de\/#\/schema\/logo\/image\/\"}}]}<\/script>\n<!-- \/ Yoast SEO plugin. -->","yoast_head_json":{"title":"Auktion -","description":"Schauen Sie sich diesen Nissan GT-R Nismo zur Versteigerung auf PistonAddict.com an","robots":{"index":"index","follow":"follow","max-snippet":"max-snippet:-1","max-image-preview":"max-image-preview:large","max-video-preview":"max-video-preview:-1"},"canonical":"https:\/\/pistonaddict.com\/de\/product\/nissan-gtr\/","og_locale":"de_DE","og_type":"article","og_title":"Auktion -","og_description":"Schauen Sie sich diesen Nissan GT-R Nismo zur Versteigerung auf PistonAddict.com an","og_url":"https:\/\/pistonaddict.com\/de\/product\/nissan-gtr\/","og_site_name":"Piston Addict","article_modified_time":"2024-03-19T16:52:22+00:00","og_image":[{"width":2560,"height":1972,"url":"https:\/\/pistonaddict.com\/wp-content\/uploads\/2023\/04\/LuxurycarLondonApril11PistonAddict_0497-scaled.jpg","type":"image\/jpeg"}],"twitter_card":"summary_large_image","twitter_misc":{"Gesch\u00e4tzte Lesezeit":"2\u00a0Minuten"},"schema":{"@context":"https:\/\/schema.org","@graph":[{"@type":"WebPage","@id":"https:\/\/pistonaddict.com\/de\/product\/nissan-gtr\/","url":"https:\/\/pistonaddict.com\/de\/product\/nissan-gtr\/","name":"Auktion -","isPartOf":{"@id":"https:\/\/pistonaddict.com\/de\/#website"},"primaryImageOfPage":{"@id":"https:\/\/pistonaddict.com\/de\/product\/nissan-gtr\/#primaryimage"},"image":{"@id":"https:\/\/pistonaddict.com\/de\/product\/nissan-gtr\/#primaryimage"},"thumbnailUrl":"https:\/\/pistonaddict.com\/wp-content\/uploads\/2023\/04\/LuxurycarLondonApril11PistonAddict_0497-scaled.jpg","datePublished":"2023-04-19T15:58:30+00:00","dateModified":"2024-03-19T16:52:22+00:00","description":"Schauen Sie sich diesen Nissan GT-R Nismo zur Versteigerung auf PistonAddict.com an","breadcrumb":{"@id":"https:\/\/pistonaddict.com\/de\/product\/nissan-gtr\/#breadcrumb"},"inLanguage":"de","potentialAction":[{"@type":"ReadAction","target":["https:\/\/pistonaddict.com\/de\/product\/nissan-gtr\/"]}]},{"@type":"ImageObject","inLanguage":"de","@id":"https:\/\/pistonaddict.com\/de\/product\/nissan-gtr\/#primaryimage","url":"https:\/\/pistonaddict.com\/wp-content\/uploads\/2023\/04\/LuxurycarLondonApril11PistonAddict_0497-scaled.jpg","contentUrl":"https:\/\/pistonaddict.com\/wp-content\/uploads\/2023\/04\/LuxurycarLondonApril11PistonAddict_0497-scaled.jpg","width":2560,"height":1972},{"@type":"BreadcrumbList","@id":"https:\/\/pistonaddict.com\/de\/product\/nissan-gtr\/#breadcrumb","itemListElement":[{"@type":"ListItem","position":1,"name":"Startseite","item":"https:\/\/pistonaddict.com\/de\/homepage\/"},{"@type":"ListItem","position":2,"name":"Auctions","item":"https:\/\/pistonaddict.com\/auctions-listing\/"},{"@type":"ListItem","position":3,"name":"Nissan GT-R Nismo"}]},{"@type":"WebSite","@id":"https:\/\/pistonaddict.com\/de\/#website","url":"https:\/\/pistonaddict.com\/de\/","name":"Piston Addict","description":"Only interesting vehicles","publisher":{"@id":"https:\/\/pistonaddict.com\/de\/#organization"},"potentialAction":[{"@type":"SearchAction","target":{"@type":"EntryPoint","urlTemplate":"https:\/\/pistonaddict.com\/de\/?s={search_term_string}"},"query-input":"required name=search_term_string"}],"inLanguage":"de"},{"@type":"Organization","@id":"https:\/\/pistonaddict.com\/de\/#organization","name":"Piston Addict","url":"https:\/\/pistonaddict.com\/de\/","logo":{"@type":"ImageObject","inLanguage":"de","@id":"https:\/\/pistonaddict.com\/de\/#\/schema\/logo\/image\/","url":"https:\/\/pistonaddict.com\/wp-content\/uploads\/2022\/07\/logo-6.png","contentUrl":"https:\/\/pistonaddict.com\/wp-content\/uploads\/2022\/07\/logo-6.png","width":970,"height":200,"caption":"Piston Addict"},"image":{"@id":"https:\/\/pistonaddict.com\/de\/#\/schema\/logo\/image\/"}}]}},"_links":{"self":[{"href":"https:\/\/pistonaddict.com\/de\/wp-json\/wp\/v2\/product\/39962"}],"collection":[{"href":"https:\/\/pistonaddict.com\/de\/wp-json\/wp\/v2\/product"}],"about":[{"href":"https:\/\/pistonaddict.com\/de\/wp-json\/wp\/v2\/types\/product"}],"replies":[{"embeddable":true,"href":"https:\/\/pistonaddict.com\/de\/wp-json\/wp\/v2\/comments?post=39962"}],"wp:featuredmedia":[{"embeddable":true,"href":"https:\/\/pistonaddict.com\/de\/wp-json\/wp\/v2\/media\/39376"}],"wp:attachment":[{"href":"https:\/\/pistonaddict.com\/de\/wp-json\/wp\/v2\/media?parent=39962"}],"wp:term":[{"taxonomy":"product_cat","embeddable":true,"href":"https:\/\/pistonaddict.com\/de\/wp-json\/wp\/v2\/product_cat?post=39962"},{"taxonomy":"product_tag","embeddable":true,"href":"https:\/\/pistonaddict.com\/de\/wp-json\/wp\/v2\/product_tag?post=39962"}],"curies":[{"name":"wp","href":"https:\/\/api.w.org\/{rel}","templated":true}]}}