{"id":39214,"date":"2023-04-19T17:31:19","date_gmt":"2023-04-19T15:31:19","guid":{"rendered":"https:\/\/pistonaddict.com\/product\/mclaren-720s\/"},"modified":"2024-03-19T17:51:56","modified_gmt":"2024-03-19T16:51:56","slug":"mclaren-720s","status":"publish","type":"product","link":"https:\/\/pistonaddict.com\/de\/product\/mclaren-720s\/","title":{"rendered":"McLaren 720S"},"content":{"rendered":"<h2>\u00c4u\u00dferes<\/h2>\n<p>Der McLaren 720S ist leuchtend orange lackiert und wird \u00fcberall, wo er auftaucht, f\u00fcr Aufsehen sorgen. Aber das w\u00e4re auch in jeder anderen Farbe so, dank des atemberaubenden, vom Hai inspirierten Designs. Mit seiner aggressiven Frontpartie, der stromlinienf\u00f6rmigen Silhouette und den praktischen und zugleich am\u00fcsanten Schmetterlingst\u00fcren ist er aus jedem Blickwinkel beeindruckend. Dazu geh\u00f6ren massive Lufteinl\u00e4sse an den Seiten, ein mit Mesh bespannter Motorraum, der bei eingeschalteter Z\u00fcndung leuchtet, und ein Heckspoiler, der sich beim starken Bremsen aufstellt. Gebremst wird mit massiven Keramikscheiben, die hinter den schwarzen 19-Zoll-R\u00e4dern mit Pirelli P Zero-Reifen sitzen.<\/p>\n<p>Dennoch sieht dieser Zweisitzer nicht nur f\u00fcr die Show so aus, denn die meisten Formen der Karosserie sind so gestaltet, dass sie die Aerodynamik verbessern und Abtrieb erzeugen. Und so zeigt der McLaren 720S, dass sich Form und Funktion in perfekter Harmonie verbinden lassen.<\/p>\n<h2>Innenbereich<\/h2>\n<p>Das mit Alcantara und Karbonfaser verkleidete Interieur des McLaren zeigt, wie sehr dieses Auto auf die Rennstrecke ausgerichtet ist. Der erste ist ein Paar sportliche Sitze, die so geformt sind, dass Fahrer und Beifahrer in scharfen Kurven fest angeschnallt bleiben. Dann gibt es ein lederbezogenes Dreispeichen-Lenkrad, das ein digitales Kombiinstrument einrahmt. Im Standardmodus werden verschiedene Motor- und Fahrzeugparameter angezeigt, z. B. Geschwindigkeit und Motortemperatur. Wenn jedoch der Track-Modus aktiviert ist, kippt das gesamte Kombiinstrument nach unten und gibt den Blick auf ein kleines Display im oberen Bereich frei, das nur den Drehzahlmesser, die Geschwindigkeit und den gew\u00e4hlten Gang anzeigt. Die Mittelkonsole schlie\u00dflich ist sparsam, aber funktionell mit den wichtigsten Kn\u00f6pfen und Tasten ausgestattet, begleitet von einem fahrerorientierten Touchscreen-Display.<\/p>\n<h2>Mechanik<\/h2>\n<p>Unter der eleganten und aerodynamisch geformten Haut verf\u00fcgt der 720S \u00fcber ein Kohlefaser-Monocoque-Chassis, das McLaren MonoCage nennt. Diese von der Formel 1 inspirierte Struktur ist nicht nur leicht, sondern auch extrem steif, was die Durchbiegung der Karosserie bei starker Kurvenfahrt reduziert.<\/p>\n<p>Das Herz eines jeden Supersportwagens ist der Motor, der bei McLaren direkt hinter den Sitzen eingebaut ist. Im Werkszustand entwickelt der dort verborgene V8 mit Doppelturboaufladung 720 PS &#8211; die Zahl, der das Auto seinen Namen verdankt &#8211; und ein erstaunliches Drehmoment von 770 Nm. Die Kraft wird \u00fcber ein flottes 7-Gang-Doppelkupplungsgetriebe an die Hinterr\u00e4der geleitet.<\/p>\n<p>Und das alles in einem Auto, das nur 1.400 Kilogramm wiegt, ist mehr als genug f\u00fcr \u00fcberlegenes Handling und Leistung. In Zahlen ausgedr\u00fcckt bedeutet das eine Beschleunigung von 0-60 in 2,9 Sekunden und eine H\u00f6chstgeschwindigkeit von 212 Meilen pro Stunde. Doch dies ist kein gew\u00f6hnlicher, werkseitig getunter McLaren 720S. Stattdessen hat sein Besitzer ihn mit einem Litchfield Custom Tune ausgestattet, das die Leistung des Motors auf 800 PS erh\u00f6ht.<\/p>\n<h2>Geschichte des Fahrzeugs<\/h2>\n<p>Der Verk\u00e4ufer gibt an, dass alle Wartungsarbeiten regelm\u00e4\u00dfig durchgef\u00fchrt wurden, wobei der letzte Service im Oktober 2022 stattfand. Derzeit sind keine Fehler oder Warnungen auf dem Armaturenbrett bekannt. Nach den Fotos zu urteilen, gibt es auch keine Karosseriem\u00e4ngel zu beanstanden.<\/p>\n","protected":false},"excerpt":{"rendered":"<p>Hier wird der McLaren 720S verkauft, wohl eines der leistungsst\u00e4rksten Autos seiner Klasse. Mit seinem V8-Turbomotor und dem hochmodernen Fahrwerk ist dieses Coup\u00e9 sowohl auf den Geraden als auch in den Kurven blitzschnell. Laut dem professionellen Verk\u00e4ufer, der ihn versteigert, ist dieser 2017er McLaren 720S tadellos, vollst\u00e4ndig gewartet und war in keine Unf\u00e4lle verwickelt. Bislang hat es etwas mehr als 4.000 Meilen zur\u00fcckgelegt und befindet sich derzeit im Vereinigten K\u00f6nigreich.<\/p>\n","protected":false},"featured_media":39156,"comment_status":"open","ping_status":"closed","template":"","meta":{"inline_featured_image":false},"product_cat":[702],"product_tag":[1616,1612,901,1608],"acf":[],"yoast_head":"<!-- This site is optimized with the Yoast SEO plugin v22.5 - https:\/\/yoast.com\/wordpress\/plugins\/seo\/ -->\n<title>Auktion -<\/title>\n<meta name=\"description\" content=\"Schauen Sie sich diesen McLaren 720S zur Versteigerung auf PistonAddict.com an\" \/>\n<meta name=\"robots\" content=\"index, follow, max-snippet:-1, max-image-preview:large, max-video-preview:-1\" \/>\n<link rel=\"canonical\" href=\"https:\/\/pistonaddict.com\/de\/product\/mclaren-720s\/\" \/>\n<meta property=\"og:locale\" content=\"de_DE\" \/>\n<meta property=\"og:type\" content=\"article\" \/>\n<meta property=\"og:title\" content=\"Auktion -\" \/>\n<meta property=\"og:description\" content=\"Schauen Sie sich diesen McLaren 720S zur Versteigerung auf PistonAddict.com an\" \/>\n<meta property=\"og:url\" content=\"https:\/\/pistonaddict.com\/de\/product\/mclaren-720s\/\" \/>\n<meta property=\"og:site_name\" content=\"Piston Addict\" \/>\n<meta property=\"article:modified_time\" content=\"2024-03-19T16:51:56+00:00\" \/>\n<meta property=\"og:image\" content=\"https:\/\/pistonaddict.com\/wp-content\/uploads\/2023\/04\/LuxurycarLondonApril11PistonAddict_0851-scaled.jpg\" \/>\n\t<meta property=\"og:image:width\" content=\"2560\" \/>\n\t<meta property=\"og:image:height\" content=\"1534\" \/>\n\t<meta property=\"og:image:type\" content=\"image\/jpeg\" \/>\n<meta name=\"twitter:card\" content=\"summary_large_image\" \/>\n<meta name=\"twitter:label1\" content=\"Gesch\u00e4tzte Lesezeit\" \/>\n\t<meta name=\"twitter:data1\" content=\"2\u00a0Minuten\" \/>\n<script type=\"application\/ld+json\" class=\"yoast-schema-graph\">{\"@context\":\"https:\/\/schema.org\",\"@graph\":[{\"@type\":\"WebPage\",\"@id\":\"https:\/\/pistonaddict.com\/de\/product\/mclaren-720s\/\",\"url\":\"https:\/\/pistonaddict.com\/de\/product\/mclaren-720s\/\",\"name\":\"Auktion -\",\"isPartOf\":{\"@id\":\"https:\/\/pistonaddict.com\/de\/#website\"},\"primaryImageOfPage\":{\"@id\":\"https:\/\/pistonaddict.com\/de\/product\/mclaren-720s\/#primaryimage\"},\"image\":{\"@id\":\"https:\/\/pistonaddict.com\/de\/product\/mclaren-720s\/#primaryimage\"},\"thumbnailUrl\":\"https:\/\/pistonaddict.com\/wp-content\/uploads\/2023\/04\/LuxurycarLondonApril11PistonAddict_0851-scaled.jpg\",\"datePublished\":\"2023-04-19T15:31:19+00:00\",\"dateModified\":\"2024-03-19T16:51:56+00:00\",\"description\":\"Schauen Sie sich diesen McLaren 720S zur Versteigerung auf PistonAddict.com an\",\"breadcrumb\":{\"@id\":\"https:\/\/pistonaddict.com\/de\/product\/mclaren-720s\/#breadcrumb\"},\"inLanguage\":\"de\",\"potentialAction\":[{\"@type\":\"ReadAction\",\"target\":[\"https:\/\/pistonaddict.com\/de\/product\/mclaren-720s\/\"]}]},{\"@type\":\"ImageObject\",\"inLanguage\":\"de\",\"@id\":\"https:\/\/pistonaddict.com\/de\/product\/mclaren-720s\/#primaryimage\",\"url\":\"https:\/\/pistonaddict.com\/wp-content\/uploads\/2023\/04\/LuxurycarLondonApril11PistonAddict_0851-scaled.jpg\",\"contentUrl\":\"https:\/\/pistonaddict.com\/wp-content\/uploads\/2023\/04\/LuxurycarLondonApril11PistonAddict_0851-scaled.jpg\",\"width\":2560,\"height\":1534},{\"@type\":\"BreadcrumbList\",\"@id\":\"https:\/\/pistonaddict.com\/de\/product\/mclaren-720s\/#breadcrumb\",\"itemListElement\":[{\"@type\":\"ListItem\",\"position\":1,\"name\":\"Startseite\",\"item\":\"https:\/\/pistonaddict.com\/de\/homepage\/\"},{\"@type\":\"ListItem\",\"position\":2,\"name\":\"Auctions\",\"item\":\"https:\/\/pistonaddict.com\/auctions-listing\/\"},{\"@type\":\"ListItem\",\"position\":3,\"name\":\"McLaren 720S\"}]},{\"@type\":\"WebSite\",\"@id\":\"https:\/\/pistonaddict.com\/de\/#website\",\"url\":\"https:\/\/pistonaddict.com\/de\/\",\"name\":\"Piston Addict\",\"description\":\"Only interesting vehicles\",\"publisher\":{\"@id\":\"https:\/\/pistonaddict.com\/de\/#organization\"},\"potentialAction\":[{\"@type\":\"SearchAction\",\"target\":{\"@type\":\"EntryPoint\",\"urlTemplate\":\"https:\/\/pistonaddict.com\/de\/?s={search_term_string}\"},\"query-input\":\"required name=search_term_string\"}],\"inLanguage\":\"de\"},{\"@type\":\"Organization\",\"@id\":\"https:\/\/pistonaddict.com\/de\/#organization\",\"name\":\"Piston Addict\",\"url\":\"https:\/\/pistonaddict.com\/de\/\",\"logo\":{\"@type\":\"ImageObject\",\"inLanguage\":\"de\",\"@id\":\"https:\/\/pistonaddict.com\/de\/#\/schema\/logo\/image\/\",\"url\":\"https:\/\/pistonaddict.com\/wp-content\/uploads\/2022\/07\/logo-6.png\",\"contentUrl\":\"https:\/\/pistonaddict.com\/wp-content\/uploads\/2022\/07\/logo-6.png\",\"width\":970,\"height\":200,\"caption\":\"Piston Addict\"},\"image\":{\"@id\":\"https:\/\/pistonaddict.com\/de\/#\/schema\/logo\/image\/\"}}]}<\/script>\n<!-- \/ Yoast SEO plugin. -->","yoast_head_json":{"title":"Auktion -","description":"Schauen Sie sich diesen McLaren 720S zur Versteigerung auf PistonAddict.com an","robots":{"index":"index","follow":"follow","max-snippet":"max-snippet:-1","max-image-preview":"max-image-preview:large","max-video-preview":"max-video-preview:-1"},"canonical":"https:\/\/pistonaddict.com\/de\/product\/mclaren-720s\/","og_locale":"de_DE","og_type":"article","og_title":"Auktion -","og_description":"Schauen Sie sich diesen McLaren 720S zur Versteigerung auf PistonAddict.com an","og_url":"https:\/\/pistonaddict.com\/de\/product\/mclaren-720s\/","og_site_name":"Piston Addict","article_modified_time":"2024-03-19T16:51:56+00:00","og_image":[{"width":2560,"height":1534,"url":"https:\/\/pistonaddict.com\/wp-content\/uploads\/2023\/04\/LuxurycarLondonApril11PistonAddict_0851-scaled.jpg","type":"image\/jpeg"}],"twitter_card":"summary_large_image","twitter_misc":{"Gesch\u00e4tzte Lesezeit":"2\u00a0Minuten"},"schema":{"@context":"https:\/\/schema.org","@graph":[{"@type":"WebPage","@id":"https:\/\/pistonaddict.com\/de\/product\/mclaren-720s\/","url":"https:\/\/pistonaddict.com\/de\/product\/mclaren-720s\/","name":"Auktion -","isPartOf":{"@id":"https:\/\/pistonaddict.com\/de\/#website"},"primaryImageOfPage":{"@id":"https:\/\/pistonaddict.com\/de\/product\/mclaren-720s\/#primaryimage"},"image":{"@id":"https:\/\/pistonaddict.com\/de\/product\/mclaren-720s\/#primaryimage"},"thumbnailUrl":"https:\/\/pistonaddict.com\/wp-content\/uploads\/2023\/04\/LuxurycarLondonApril11PistonAddict_0851-scaled.jpg","datePublished":"2023-04-19T15:31:19+00:00","dateModified":"2024-03-19T16:51:56+00:00","description":"Schauen Sie sich diesen McLaren 720S zur Versteigerung auf PistonAddict.com an","breadcrumb":{"@id":"https:\/\/pistonaddict.com\/de\/product\/mclaren-720s\/#breadcrumb"},"inLanguage":"de","potentialAction":[{"@type":"ReadAction","target":["https:\/\/pistonaddict.com\/de\/product\/mclaren-720s\/"]}]},{"@type":"ImageObject","inLanguage":"de","@id":"https:\/\/pistonaddict.com\/de\/product\/mclaren-720s\/#primaryimage","url":"https:\/\/pistonaddict.com\/wp-content\/uploads\/2023\/04\/LuxurycarLondonApril11PistonAddict_0851-scaled.jpg","contentUrl":"https:\/\/pistonaddict.com\/wp-content\/uploads\/2023\/04\/LuxurycarLondonApril11PistonAddict_0851-scaled.jpg","width":2560,"height":1534},{"@type":"BreadcrumbList","@id":"https:\/\/pistonaddict.com\/de\/product\/mclaren-720s\/#breadcrumb","itemListElement":[{"@type":"ListItem","position":1,"name":"Startseite","item":"https:\/\/pistonaddict.com\/de\/homepage\/"},{"@type":"ListItem","position":2,"name":"Auctions","item":"https:\/\/pistonaddict.com\/auctions-listing\/"},{"@type":"ListItem","position":3,"name":"McLaren 720S"}]},{"@type":"WebSite","@id":"https:\/\/pistonaddict.com\/de\/#website","url":"https:\/\/pistonaddict.com\/de\/","name":"Piston Addict","description":"Only interesting vehicles","publisher":{"@id":"https:\/\/pistonaddict.com\/de\/#organization"},"potentialAction":[{"@type":"SearchAction","target":{"@type":"EntryPoint","urlTemplate":"https:\/\/pistonaddict.com\/de\/?s={search_term_string}"},"query-input":"required name=search_term_string"}],"inLanguage":"de"},{"@type":"Organization","@id":"https:\/\/pistonaddict.com\/de\/#organization","name":"Piston Addict","url":"https:\/\/pistonaddict.com\/de\/","logo":{"@type":"ImageObject","inLanguage":"de","@id":"https:\/\/pistonaddict.com\/de\/#\/schema\/logo\/image\/","url":"https:\/\/pistonaddict.com\/wp-content\/uploads\/2022\/07\/logo-6.png","contentUrl":"https:\/\/pistonaddict.com\/wp-content\/uploads\/2022\/07\/logo-6.png","width":970,"height":200,"caption":"Piston Addict"},"image":{"@id":"https:\/\/pistonaddict.com\/de\/#\/schema\/logo\/image\/"}}]}},"_links":{"self":[{"href":"https:\/\/pistonaddict.com\/de\/wp-json\/wp\/v2\/product\/39214"}],"collection":[{"href":"https:\/\/pistonaddict.com\/de\/wp-json\/wp\/v2\/product"}],"about":[{"href":"https:\/\/pistonaddict.com\/de\/wp-json\/wp\/v2\/types\/product"}],"replies":[{"embeddable":true,"href":"https:\/\/pistonaddict.com\/de\/wp-json\/wp\/v2\/comments?post=39214"}],"wp:featuredmedia":[{"embeddable":true,"href":"https:\/\/pistonaddict.com\/de\/wp-json\/wp\/v2\/media\/39156"}],"wp:attachment":[{"href":"https:\/\/pistonaddict.com\/de\/wp-json\/wp\/v2\/media?parent=39214"}],"wp:term":[{"taxonomy":"product_cat","embeddable":true,"href":"https:\/\/pistonaddict.com\/de\/wp-json\/wp\/v2\/product_cat?post=39214"},{"taxonomy":"product_tag","embeddable":true,"href":"https:\/\/pistonaddict.com\/de\/wp-json\/wp\/v2\/product_tag?post=39214"}],"curies":[{"name":"wp","href":"https:\/\/api.w.org\/{rel}","templated":true}]}}