{"id":37935,"date":"2023-04-19T16:55:04","date_gmt":"2023-04-19T14:55:04","guid":{"rendered":"https:\/\/pistonaddict.com\/product\/ferrari-412\/"},"modified":"2024-03-19T17:52:27","modified_gmt":"2024-03-19T16:52:27","slug":"ferrari-412","status":"publish","type":"product","link":"https:\/\/pistonaddict.com\/de\/product\/ferrari-412\/","title":{"rendered":"Ferrari 412"},"content":{"rendered":"<p><strong>Auto-Geschichte<\/strong><\/p>\n<p>Der Ferrari 412 wurde 1985 als Topmodell der GT-Reihe des Unternehmens eingef\u00fchrt und bietet Platz f\u00fcr vier Passagiere und einen ger\u00e4umigen Kofferraum. Angetrieben vom klassischen Colombo-V12-Motor mit 4,9 Litern Hubraum, stellt er eine der letzten Iterationen der klassischen Ferrari-GT-\u00c4ra dar. Mit 340 PS, die \u00fcber ein Borg-Warner-Automatikgetriebe auf die Hinterr\u00e4der \u00fcbertragen werden, erreicht der Ferrari 412 in nur 6,5 Sekunden die 100 km\/h-Marke und beschleunigt auf eine H\u00f6chstgeschwindigkeit von 260 km\/h. Dieses besondere Exemplar ist eines der letzten produzierten und wurde im November 1988 an den ersten Besitzer ausgeliefert. Die Produktion endete 1989 nach 576 ausgelieferten Fahrzeugen, von denen nur 306 mit Automatikgetriebe ausgestattet waren. Der letzte Service wurde im April 2021 durchgef\u00fchrt, und das Auto wurde seitdem kaum benutzt.<\/p>\n<p><strong>Zustand des Autos<\/strong><\/p>\n<p>Was diesen eleganten GT so reizvoll macht, ist sein Zustand. Mit weniger als 37.000 Kilometern aus dem Neuzustand ist er ein perfekt erhaltenes Beispiel f\u00fcr die Eleganz eines Ferrari aus den 80er Jahren. Der Wagen wurde nie restauriert und befindet sich in einem bemerkenswerten Originalzustand, bis hin zu den Originalr\u00e4dern, dem Werkzeugsatz (ein unter Ferrari-Sammlern gesch\u00e4tztes Detail) und den fabrikneuen Reifen, die heutzutage eher ungew\u00f6hnlich sind. Dieser Ferrari 412 wurde angemessen gepflegt und in der Garage aufbewahrt, was einer der Gr\u00fcnde ist, warum er wie neu aussieht. Der Unterboden weist keine \u00d6llecks auf, der Motorraum ist sauber, und alle Originalstempel und -markierungen sind vorhanden.<\/p>\n<p><strong>Innenbereich<\/strong><\/p>\n<p>Die Innenausstattung dieses 1988er Ferrari 412 ist erwartungsgem\u00e4\u00df mit Leder bezogen, und die Farbkombination aus schwarzem \u00c4u\u00dferen und hellbraunen Sitzen ist besonders ansprechend. Es gibt keine sichtbaren Sch\u00e4den, und die Sitze, T\u00fcrkarten und das Armaturenbrett sind in einwandfreiem Zustand. Als luxuri\u00f6ser GT, der dieser Ferrari 412 zweifellos ist, ist der Innenraum nat\u00fcrlich voll von Komfort, elektrischen Accessoires und einer funktionierenden Klimaanlage. Das Einzige, was nicht original ist, ist die Audioanlage, die gegen ein modernes Ger\u00e4t ausgetauscht wurde.<\/p>\n<p><strong>\u00c4u\u00dferes und R\u00e4der<\/strong><\/p>\n<p>Alle Au\u00dfenverkleidungen, Zierleisten und Kunststoffteile sind in perfektem Zustand, und es gibt keinen Rost, wie man es von einem gut gepflegten Fahrzeug erwarten k\u00f6nnte. Es gibt keine Kratzer oder Dellen, und der Lack ist in einem idealen Zustand. Interessanterweise hat der Wagen noch die Originalfelgen und TRX-Gummis, die er im Neuzustand hatte. Einige der Ferrari 412-Besitzer tauschten die R\u00e4der gegen modernere aus, da TRX-Reifen schwer zu finden sind, aber der Besitzer dieses Exemplars blieb der urspr\u00fcnglichen Spezifikation treu, was eine nette Note ist und zeigt, wie gut das Auto gepflegt wurde.<\/p>\n<p><strong>Dokumentation<\/strong><\/p>\n<p>Es handelt sich um ein Fahrzeug in Privatbesitz mit entsprechenden Papieren, das sich in London, Gro\u00dfbritannien, befindet. Der CarVertical-Bericht ist sauber; es gibt keine Belege f\u00fcr Unf\u00e4lle, Unfallreparaturen oder rechtliche Probleme. Es gibt Aufzeichnungen \u00fcber die regelm\u00e4\u00dfige Wartung.<\/p>\n","protected":false},"excerpt":{"rendered":"<p>Die V12-GTs von Ferrari waren schon immer gro\u00dfartige Fahrmaschinen, die in der Lage waren, Kontinente mit hoher Geschwindigkeit zu \u00fcberqueren und einen beeindruckenden Komfort zu bieten, und dieser 412 von 1988 ist nicht anders. Das begehrte sp\u00e4te Modell verf\u00fcgt \u00fcber alle Zutaten eines exzellenten Investitions-Ferraris mit einem leistungsstarken V12-Motor, einer perfekten Farbkombination und einem tadellosen Zustand mit nur 37.000 Kilometern ab Werk.<\/p>\n","protected":false},"featured_media":37877,"comment_status":"open","ping_status":"closed","template":"","meta":{"inline_featured_image":false},"product_cat":[702],"product_tag":[1537,1545,901,1541],"acf":[],"yoast_head":"<!-- This site is optimized with the Yoast SEO plugin v22.5 - https:\/\/yoast.com\/wordpress\/plugins\/seo\/ -->\n<title>Auktion -<\/title>\n<meta name=\"description\" content=\"Schauen Sie sich diesen Ferrari 412 zur Versteigerung auf PistonAddict.com mit Automatikgetriebe und nur 36 971 km an.\" \/>\n<meta name=\"robots\" content=\"index, follow, max-snippet:-1, max-image-preview:large, max-video-preview:-1\" \/>\n<link rel=\"canonical\" href=\"https:\/\/pistonaddict.com\/de\/product\/ferrari-412\/\" \/>\n<meta property=\"og:locale\" content=\"de_DE\" \/>\n<meta property=\"og:type\" content=\"article\" \/>\n<meta property=\"og:title\" content=\"Auktion -\" \/>\n<meta property=\"og:description\" content=\"Schauen Sie sich diesen Ferrari 412 zur Versteigerung auf PistonAddict.com mit Automatikgetriebe und nur 36 971 km an.\" \/>\n<meta property=\"og:url\" content=\"https:\/\/pistonaddict.com\/de\/product\/ferrari-412\/\" \/>\n<meta property=\"og:site_name\" content=\"Piston Addict\" \/>\n<meta property=\"article:modified_time\" content=\"2024-03-19T16:52:27+00:00\" \/>\n<meta property=\"og:image\" content=\"https:\/\/pistonaddict.com\/wp-content\/uploads\/2023\/04\/LuxurycarLondonApril11PistonAddict_0358-scaled.jpg\" \/>\n\t<meta property=\"og:image:width\" content=\"2560\" \/>\n\t<meta property=\"og:image:height\" content=\"1737\" \/>\n\t<meta property=\"og:image:type\" content=\"image\/jpeg\" \/>\n<meta name=\"twitter:card\" content=\"summary_large_image\" \/>\n<meta name=\"twitter:label1\" content=\"Gesch\u00e4tzte Lesezeit\" \/>\n\t<meta name=\"twitter:data1\" content=\"2\u00a0Minuten\" \/>\n<script type=\"application\/ld+json\" class=\"yoast-schema-graph\">{\"@context\":\"https:\/\/schema.org\",\"@graph\":[{\"@type\":\"WebPage\",\"@id\":\"https:\/\/pistonaddict.com\/de\/product\/ferrari-412\/\",\"url\":\"https:\/\/pistonaddict.com\/de\/product\/ferrari-412\/\",\"name\":\"Auktion -\",\"isPartOf\":{\"@id\":\"https:\/\/pistonaddict.com\/de\/#website\"},\"primaryImageOfPage\":{\"@id\":\"https:\/\/pistonaddict.com\/de\/product\/ferrari-412\/#primaryimage\"},\"image\":{\"@id\":\"https:\/\/pistonaddict.com\/de\/product\/ferrari-412\/#primaryimage\"},\"thumbnailUrl\":\"https:\/\/pistonaddict.com\/wp-content\/uploads\/2023\/04\/LuxurycarLondonApril11PistonAddict_0358-scaled.jpg\",\"datePublished\":\"2023-04-19T14:55:04+00:00\",\"dateModified\":\"2024-03-19T16:52:27+00:00\",\"description\":\"Schauen Sie sich diesen Ferrari 412 zur Versteigerung auf PistonAddict.com mit Automatikgetriebe und nur 36 971 km an.\",\"breadcrumb\":{\"@id\":\"https:\/\/pistonaddict.com\/de\/product\/ferrari-412\/#breadcrumb\"},\"inLanguage\":\"de\",\"potentialAction\":[{\"@type\":\"ReadAction\",\"target\":[\"https:\/\/pistonaddict.com\/de\/product\/ferrari-412\/\"]}]},{\"@type\":\"ImageObject\",\"inLanguage\":\"de\",\"@id\":\"https:\/\/pistonaddict.com\/de\/product\/ferrari-412\/#primaryimage\",\"url\":\"https:\/\/pistonaddict.com\/wp-content\/uploads\/2023\/04\/LuxurycarLondonApril11PistonAddict_0358-scaled.jpg\",\"contentUrl\":\"https:\/\/pistonaddict.com\/wp-content\/uploads\/2023\/04\/LuxurycarLondonApril11PistonAddict_0358-scaled.jpg\",\"width\":2560,\"height\":1737},{\"@type\":\"BreadcrumbList\",\"@id\":\"https:\/\/pistonaddict.com\/de\/product\/ferrari-412\/#breadcrumb\",\"itemListElement\":[{\"@type\":\"ListItem\",\"position\":1,\"name\":\"Startseite\",\"item\":\"https:\/\/pistonaddict.com\/de\/homepage\/\"},{\"@type\":\"ListItem\",\"position\":2,\"name\":\"Auctions\",\"item\":\"https:\/\/pistonaddict.com\/auctions-listing\/\"},{\"@type\":\"ListItem\",\"position\":3,\"name\":\"Ferrari 412\"}]},{\"@type\":\"WebSite\",\"@id\":\"https:\/\/pistonaddict.com\/de\/#website\",\"url\":\"https:\/\/pistonaddict.com\/de\/\",\"name\":\"Piston Addict\",\"description\":\"Only interesting vehicles\",\"publisher\":{\"@id\":\"https:\/\/pistonaddict.com\/de\/#organization\"},\"potentialAction\":[{\"@type\":\"SearchAction\",\"target\":{\"@type\":\"EntryPoint\",\"urlTemplate\":\"https:\/\/pistonaddict.com\/de\/?s={search_term_string}\"},\"query-input\":\"required name=search_term_string\"}],\"inLanguage\":\"de\"},{\"@type\":\"Organization\",\"@id\":\"https:\/\/pistonaddict.com\/de\/#organization\",\"name\":\"Piston Addict\",\"url\":\"https:\/\/pistonaddict.com\/de\/\",\"logo\":{\"@type\":\"ImageObject\",\"inLanguage\":\"de\",\"@id\":\"https:\/\/pistonaddict.com\/de\/#\/schema\/logo\/image\/\",\"url\":\"https:\/\/pistonaddict.com\/wp-content\/uploads\/2022\/07\/logo-6.png\",\"contentUrl\":\"https:\/\/pistonaddict.com\/wp-content\/uploads\/2022\/07\/logo-6.png\",\"width\":970,\"height\":200,\"caption\":\"Piston Addict\"},\"image\":{\"@id\":\"https:\/\/pistonaddict.com\/de\/#\/schema\/logo\/image\/\"}}]}<\/script>\n<!-- \/ Yoast SEO plugin. -->","yoast_head_json":{"title":"Auktion -","description":"Schauen Sie sich diesen Ferrari 412 zur Versteigerung auf PistonAddict.com mit Automatikgetriebe und nur 36 971 km an.","robots":{"index":"index","follow":"follow","max-snippet":"max-snippet:-1","max-image-preview":"max-image-preview:large","max-video-preview":"max-video-preview:-1"},"canonical":"https:\/\/pistonaddict.com\/de\/product\/ferrari-412\/","og_locale":"de_DE","og_type":"article","og_title":"Auktion -","og_description":"Schauen Sie sich diesen Ferrari 412 zur Versteigerung auf PistonAddict.com mit Automatikgetriebe und nur 36 971 km an.","og_url":"https:\/\/pistonaddict.com\/de\/product\/ferrari-412\/","og_site_name":"Piston Addict","article_modified_time":"2024-03-19T16:52:27+00:00","og_image":[{"width":2560,"height":1737,"url":"https:\/\/pistonaddict.com\/wp-content\/uploads\/2023\/04\/LuxurycarLondonApril11PistonAddict_0358-scaled.jpg","type":"image\/jpeg"}],"twitter_card":"summary_large_image","twitter_misc":{"Gesch\u00e4tzte Lesezeit":"2\u00a0Minuten"},"schema":{"@context":"https:\/\/schema.org","@graph":[{"@type":"WebPage","@id":"https:\/\/pistonaddict.com\/de\/product\/ferrari-412\/","url":"https:\/\/pistonaddict.com\/de\/product\/ferrari-412\/","name":"Auktion -","isPartOf":{"@id":"https:\/\/pistonaddict.com\/de\/#website"},"primaryImageOfPage":{"@id":"https:\/\/pistonaddict.com\/de\/product\/ferrari-412\/#primaryimage"},"image":{"@id":"https:\/\/pistonaddict.com\/de\/product\/ferrari-412\/#primaryimage"},"thumbnailUrl":"https:\/\/pistonaddict.com\/wp-content\/uploads\/2023\/04\/LuxurycarLondonApril11PistonAddict_0358-scaled.jpg","datePublished":"2023-04-19T14:55:04+00:00","dateModified":"2024-03-19T16:52:27+00:00","description":"Schauen Sie sich diesen Ferrari 412 zur Versteigerung auf PistonAddict.com mit Automatikgetriebe und nur 36 971 km an.","breadcrumb":{"@id":"https:\/\/pistonaddict.com\/de\/product\/ferrari-412\/#breadcrumb"},"inLanguage":"de","potentialAction":[{"@type":"ReadAction","target":["https:\/\/pistonaddict.com\/de\/product\/ferrari-412\/"]}]},{"@type":"ImageObject","inLanguage":"de","@id":"https:\/\/pistonaddict.com\/de\/product\/ferrari-412\/#primaryimage","url":"https:\/\/pistonaddict.com\/wp-content\/uploads\/2023\/04\/LuxurycarLondonApril11PistonAddict_0358-scaled.jpg","contentUrl":"https:\/\/pistonaddict.com\/wp-content\/uploads\/2023\/04\/LuxurycarLondonApril11PistonAddict_0358-scaled.jpg","width":2560,"height":1737},{"@type":"BreadcrumbList","@id":"https:\/\/pistonaddict.com\/de\/product\/ferrari-412\/#breadcrumb","itemListElement":[{"@type":"ListItem","position":1,"name":"Startseite","item":"https:\/\/pistonaddict.com\/de\/homepage\/"},{"@type":"ListItem","position":2,"name":"Auctions","item":"https:\/\/pistonaddict.com\/auctions-listing\/"},{"@type":"ListItem","position":3,"name":"Ferrari 412"}]},{"@type":"WebSite","@id":"https:\/\/pistonaddict.com\/de\/#website","url":"https:\/\/pistonaddict.com\/de\/","name":"Piston Addict","description":"Only interesting vehicles","publisher":{"@id":"https:\/\/pistonaddict.com\/de\/#organization"},"potentialAction":[{"@type":"SearchAction","target":{"@type":"EntryPoint","urlTemplate":"https:\/\/pistonaddict.com\/de\/?s={search_term_string}"},"query-input":"required name=search_term_string"}],"inLanguage":"de"},{"@type":"Organization","@id":"https:\/\/pistonaddict.com\/de\/#organization","name":"Piston Addict","url":"https:\/\/pistonaddict.com\/de\/","logo":{"@type":"ImageObject","inLanguage":"de","@id":"https:\/\/pistonaddict.com\/de\/#\/schema\/logo\/image\/","url":"https:\/\/pistonaddict.com\/wp-content\/uploads\/2022\/07\/logo-6.png","contentUrl":"https:\/\/pistonaddict.com\/wp-content\/uploads\/2022\/07\/logo-6.png","width":970,"height":200,"caption":"Piston Addict"},"image":{"@id":"https:\/\/pistonaddict.com\/de\/#\/schema\/logo\/image\/"}}]}},"_links":{"self":[{"href":"https:\/\/pistonaddict.com\/de\/wp-json\/wp\/v2\/product\/37935"}],"collection":[{"href":"https:\/\/pistonaddict.com\/de\/wp-json\/wp\/v2\/product"}],"about":[{"href":"https:\/\/pistonaddict.com\/de\/wp-json\/wp\/v2\/types\/product"}],"replies":[{"embeddable":true,"href":"https:\/\/pistonaddict.com\/de\/wp-json\/wp\/v2\/comments?post=37935"}],"wp:featuredmedia":[{"embeddable":true,"href":"https:\/\/pistonaddict.com\/de\/wp-json\/wp\/v2\/media\/37877"}],"wp:attachment":[{"href":"https:\/\/pistonaddict.com\/de\/wp-json\/wp\/v2\/media?parent=37935"}],"wp:term":[{"taxonomy":"product_cat","embeddable":true,"href":"https:\/\/pistonaddict.com\/de\/wp-json\/wp\/v2\/product_cat?post=37935"},{"taxonomy":"product_tag","embeddable":true,"href":"https:\/\/pistonaddict.com\/de\/wp-json\/wp\/v2\/product_tag?post=37935"}],"curies":[{"name":"wp","href":"https:\/\/api.w.org\/{rel}","templated":true}]}}