{"id":35651,"date":"2023-04-19T15:45:16","date_gmt":"2023-04-19T13:45:16","guid":{"rendered":"https:\/\/pistonaddict.com\/product\/bmw-m4\/"},"modified":"2024-03-19T17:50:48","modified_gmt":"2024-03-19T16:50:48","slug":"bmw-m4","status":"publish","type":"product","link":"https:\/\/pistonaddict.com\/de\/product\/bmw-m4\/","title":{"rendered":"BMW M4"},"content":{"rendered":"<p><strong>Auto-Geschichte<\/strong><\/p>\n<p>Der M4 der F82-Serie war ein gro\u00dfer Schritt f\u00fcr BMW, als er 2014 auf den Markt kam. Es war das erste M-Produkt mit einem aufgeladenen Sechszylindermotor, einer elektrischen Servolenkung und einer umfangreichen Verwendung von Karbonfasern bei der Konstruktion des Fahrzeugs. Das Ergebnis war eine fantastische Fahrmaschine mit 425 PS im Serienzustand, einer ausgewogenen Aufh\u00e4ngung und erhabenen Leistungen. Der F82 war auch das erste Modell, das den Namen M4 trug, der die Bezeichnung f\u00fcr die Coup\u00e9-Version des M3 war. Dieses besondere Exemplar wurde 2017 produziert und ist ein begehrteres und verbessertes sp\u00e4teres Modell. Das Interessanteste an diesem Auto sind jedoch seine Ausstattung, sein Zustand und sein Kilometerstand. Mit etwas mehr als 2000 Meilen (3.500 km) auf dem Tacho ist es praktisch ein Neuwagen, was es zu einem investitionsw\u00fcrdigen Fahrzeug macht. Aber dieser M4 ist auch stark aufger\u00fcstet und geschmackvoll modifiziert, um mehr Leistung, besseres Handling und eine beeindruckende Fahrdynamik zu bieten. Er wurde von einem VIP-Kunden von BMW neu bestellt, der genau wusste, wie der perfekte M4 aussehen sollte.<\/p>\n<p><strong> <\/strong><strong>Zustand<\/strong><\/p>\n<p>Die geringe Laufleistung sorgt daf\u00fcr, dass sich dieser M4 in einem perfekten Zustand befindet, ohne mechanische Defekte, Unfallsch\u00e4den und mit einem k\u00fcrzlich durchgef\u00fchrten Service im Februar 2022. Neben der beeindruckenden Liste der werksseitigen Ausstattung verf\u00fcgt dieses Fahrzeug \u00fcber eine modifizierte Aufh\u00e4ngung und liegt tiefer als das Original, was ein noch besseres Handling und Fahrgef\u00fchl gew\u00e4hrleistet. Doch das ist nur der Anfang. Der urspr\u00fcngliche Besitzer dieses Wagens installierte eine Akrapovi\u010d-Titanauspuffanlage mit Carbonspitzen, die den Klang des ber\u00fchmten Reihensechszylinders noch verst\u00e4rken. Die Verbesserung des Exterieurs wurde durch einen Carbon-Splitter an der Front, einen Heckspoiler und Aftermarket-R\u00e4der erg\u00e4nzt. Interessanterweise hat der urspr\u00fcngliche Besitzer, obwohl die 425 PS ziemlich viel sind, die Leistung erh\u00f6ht, und der Motor leistet jetzt 510 PS, was diesen M4 zu einem wirklich kompetenten Auto macht. Als Getriebe kommt das 7-Gang-DCT-Automatikgetriebe von BMW zum Einsatz &#8211; eine intelligente Wahl, die Komfort und Leistung vereint. Dieses Fahrzeug ist optional mit Keramikbremsscheiben ausgestattet.<\/p>\n<p><strong>Innenbereich<\/strong><\/p>\n<p>Der Innenraum ist mit schwarzem Leder, M-spezifischen Sitzen und Carbon-Akzenten ausgestattet und weist keinerlei Gebrauchsspuren auf. Mit einer perfekten Sitzposition, einem erstklassigen Audiosystem und BMWs ber\u00fchmtem iDrive-Infotainment wird der Aufenthalt in diesem M4 zum Vergn\u00fcgen, w\u00e4hrend Sie mit erstaunlicher Geschwindigkeit Kilometer zur\u00fccklegen. Im Innenraum gibt es keine \u00c4nderungen, und die Liste der Sonderausstattungen und des Komforts ist umfangreich.<\/p>\n<p><strong>\u00c4u\u00dferes und R\u00e4der<\/strong><\/p>\n<p>Dieser M4 ist in einem auff\u00e4lligen Farbton von Austin Yellow Metallic lackiert und hat ein makelloses \u00c4u\u00dferes, bei dem alle Verkleidungsteile vorhanden und unbeschriftet sind. Die Karbonteile sind Teil des M Performance Accessories Katalogs und passen perfekt. Ein bemerkenswertes Detail sind die HRE-Nachr\u00fcstr\u00e4der, die zum Exterieur passen und leichter und st\u00e4rker sind als die Werksr\u00e4der.<\/p>\n<p><strong>Dokumentation<\/strong><\/p>\n<p>Es handelt sich um ein Fahrzeug in Privatbesitz mit entsprechenden Papieren, das sich in London, Gro\u00dfbritannien, befindet. Der CarVertical-Bericht ist sauber; es gibt keine Belege f\u00fcr Unf\u00e4lle, Unfallreparaturen oder rechtliche Probleme. Es gibt Aufzeichnungen \u00fcber die regelm\u00e4\u00dfige Wartung.<\/p>\n","protected":false},"excerpt":{"rendered":"<p>Es gibt einen guten Grund, warum der BMW M4 bei den Fans leistungsstarker Autos so angesehen ist. Kein anderes Auto in seiner Klasse kann eine so beeindruckende Sportwagendynamik und Alltagstauglichkeit bieten wie der M4 der F82-Serie. Dieses besondere Auto ist ein perfektes Beispiel, leicht modifiziert, um das Fahren noch besser zu machen, mit minimaler Laufleistung, gut gepflegt und bereit f\u00fcr den n\u00e4chsten Besitzer.<\/p>\n","protected":false},"featured_media":35430,"comment_status":"open","ping_status":"closed","template":"","meta":{"inline_featured_image":false},"product_cat":[702],"product_tag":[1426,901,1424,1425],"acf":[],"yoast_head":"<!-- This site is optimized with the Yoast SEO plugin v22.5 - https:\/\/yoast.com\/wordpress\/plugins\/seo\/ -->\n<title>Auktion -<\/title>\n<meta name=\"description\" content=\"Schauen Sie sich diesen BMW M4 zur Versteigerung auf PistonAddict.com mit Automatikgetriebe und nur 2053 Meilen an.\" \/>\n<meta name=\"robots\" content=\"index, follow, max-snippet:-1, max-image-preview:large, max-video-preview:-1\" \/>\n<link rel=\"canonical\" href=\"https:\/\/pistonaddict.com\/de\/product\/bmw-m4\/\" \/>\n<meta property=\"og:locale\" content=\"de_DE\" \/>\n<meta property=\"og:type\" content=\"article\" \/>\n<meta property=\"og:title\" content=\"Auktion -\" \/>\n<meta property=\"og:description\" content=\"Schauen Sie sich diesen BMW M4 zur Versteigerung auf PistonAddict.com mit Automatikgetriebe und nur 2053 Meilen an.\" \/>\n<meta property=\"og:url\" content=\"https:\/\/pistonaddict.com\/de\/product\/bmw-m4\/\" \/>\n<meta property=\"og:site_name\" content=\"Piston Addict\" \/>\n<meta property=\"article:modified_time\" content=\"2024-03-19T16:50:48+00:00\" \/>\n<meta property=\"og:image\" content=\"https:\/\/pistonaddict.com\/wp-content\/uploads\/2023\/04\/LuxurycarLondonApril11PistonAddict_0647-scaled.jpg\" \/>\n\t<meta property=\"og:image:width\" content=\"2560\" \/>\n\t<meta property=\"og:image:height\" content=\"1708\" \/>\n\t<meta property=\"og:image:type\" content=\"image\/jpeg\" \/>\n<meta name=\"twitter:card\" content=\"summary_large_image\" \/>\n<meta name=\"twitter:label1\" content=\"Gesch\u00e4tzte Lesezeit\" \/>\n\t<meta name=\"twitter:data1\" content=\"3\u00a0Minuten\" \/>\n<script type=\"application\/ld+json\" class=\"yoast-schema-graph\">{\"@context\":\"https:\/\/schema.org\",\"@graph\":[{\"@type\":\"WebPage\",\"@id\":\"https:\/\/pistonaddict.com\/de\/product\/bmw-m4\/\",\"url\":\"https:\/\/pistonaddict.com\/de\/product\/bmw-m4\/\",\"name\":\"Auktion -\",\"isPartOf\":{\"@id\":\"https:\/\/pistonaddict.com\/de\/#website\"},\"primaryImageOfPage\":{\"@id\":\"https:\/\/pistonaddict.com\/de\/product\/bmw-m4\/#primaryimage\"},\"image\":{\"@id\":\"https:\/\/pistonaddict.com\/de\/product\/bmw-m4\/#primaryimage\"},\"thumbnailUrl\":\"https:\/\/pistonaddict.com\/wp-content\/uploads\/2023\/04\/LuxurycarLondonApril11PistonAddict_0647-scaled.jpg\",\"datePublished\":\"2023-04-19T13:45:16+00:00\",\"dateModified\":\"2024-03-19T16:50:48+00:00\",\"description\":\"Schauen Sie sich diesen BMW M4 zur Versteigerung auf PistonAddict.com mit Automatikgetriebe und nur 2053 Meilen an.\",\"breadcrumb\":{\"@id\":\"https:\/\/pistonaddict.com\/de\/product\/bmw-m4\/#breadcrumb\"},\"inLanguage\":\"de\",\"potentialAction\":[{\"@type\":\"ReadAction\",\"target\":[\"https:\/\/pistonaddict.com\/de\/product\/bmw-m4\/\"]}]},{\"@type\":\"ImageObject\",\"inLanguage\":\"de\",\"@id\":\"https:\/\/pistonaddict.com\/de\/product\/bmw-m4\/#primaryimage\",\"url\":\"https:\/\/pistonaddict.com\/wp-content\/uploads\/2023\/04\/LuxurycarLondonApril11PistonAddict_0647-scaled.jpg\",\"contentUrl\":\"https:\/\/pistonaddict.com\/wp-content\/uploads\/2023\/04\/LuxurycarLondonApril11PistonAddict_0647-scaled.jpg\",\"width\":2560,\"height\":1708},{\"@type\":\"BreadcrumbList\",\"@id\":\"https:\/\/pistonaddict.com\/de\/product\/bmw-m4\/#breadcrumb\",\"itemListElement\":[{\"@type\":\"ListItem\",\"position\":1,\"name\":\"Startseite\",\"item\":\"https:\/\/pistonaddict.com\/de\/homepage\/\"},{\"@type\":\"ListItem\",\"position\":2,\"name\":\"Auctions\",\"item\":\"https:\/\/pistonaddict.com\/auctions-listing\/\"},{\"@type\":\"ListItem\",\"position\":3,\"name\":\"BMW M4\"}]},{\"@type\":\"WebSite\",\"@id\":\"https:\/\/pistonaddict.com\/de\/#website\",\"url\":\"https:\/\/pistonaddict.com\/de\/\",\"name\":\"Piston Addict\",\"description\":\"Only interesting vehicles\",\"publisher\":{\"@id\":\"https:\/\/pistonaddict.com\/de\/#organization\"},\"potentialAction\":[{\"@type\":\"SearchAction\",\"target\":{\"@type\":\"EntryPoint\",\"urlTemplate\":\"https:\/\/pistonaddict.com\/de\/?s={search_term_string}\"},\"query-input\":\"required name=search_term_string\"}],\"inLanguage\":\"de\"},{\"@type\":\"Organization\",\"@id\":\"https:\/\/pistonaddict.com\/de\/#organization\",\"name\":\"Piston Addict\",\"url\":\"https:\/\/pistonaddict.com\/de\/\",\"logo\":{\"@type\":\"ImageObject\",\"inLanguage\":\"de\",\"@id\":\"https:\/\/pistonaddict.com\/de\/#\/schema\/logo\/image\/\",\"url\":\"https:\/\/pistonaddict.com\/wp-content\/uploads\/2022\/07\/logo-6.png\",\"contentUrl\":\"https:\/\/pistonaddict.com\/wp-content\/uploads\/2022\/07\/logo-6.png\",\"width\":970,\"height\":200,\"caption\":\"Piston Addict\"},\"image\":{\"@id\":\"https:\/\/pistonaddict.com\/de\/#\/schema\/logo\/image\/\"}}]}<\/script>\n<!-- \/ Yoast SEO plugin. -->","yoast_head_json":{"title":"Auktion -","description":"Schauen Sie sich diesen BMW M4 zur Versteigerung auf PistonAddict.com mit Automatikgetriebe und nur 2053 Meilen an.","robots":{"index":"index","follow":"follow","max-snippet":"max-snippet:-1","max-image-preview":"max-image-preview:large","max-video-preview":"max-video-preview:-1"},"canonical":"https:\/\/pistonaddict.com\/de\/product\/bmw-m4\/","og_locale":"de_DE","og_type":"article","og_title":"Auktion -","og_description":"Schauen Sie sich diesen BMW M4 zur Versteigerung auf PistonAddict.com mit Automatikgetriebe und nur 2053 Meilen an.","og_url":"https:\/\/pistonaddict.com\/de\/product\/bmw-m4\/","og_site_name":"Piston Addict","article_modified_time":"2024-03-19T16:50:48+00:00","og_image":[{"width":2560,"height":1708,"url":"https:\/\/pistonaddict.com\/wp-content\/uploads\/2023\/04\/LuxurycarLondonApril11PistonAddict_0647-scaled.jpg","type":"image\/jpeg"}],"twitter_card":"summary_large_image","twitter_misc":{"Gesch\u00e4tzte Lesezeit":"3\u00a0Minuten"},"schema":{"@context":"https:\/\/schema.org","@graph":[{"@type":"WebPage","@id":"https:\/\/pistonaddict.com\/de\/product\/bmw-m4\/","url":"https:\/\/pistonaddict.com\/de\/product\/bmw-m4\/","name":"Auktion -","isPartOf":{"@id":"https:\/\/pistonaddict.com\/de\/#website"},"primaryImageOfPage":{"@id":"https:\/\/pistonaddict.com\/de\/product\/bmw-m4\/#primaryimage"},"image":{"@id":"https:\/\/pistonaddict.com\/de\/product\/bmw-m4\/#primaryimage"},"thumbnailUrl":"https:\/\/pistonaddict.com\/wp-content\/uploads\/2023\/04\/LuxurycarLondonApril11PistonAddict_0647-scaled.jpg","datePublished":"2023-04-19T13:45:16+00:00","dateModified":"2024-03-19T16:50:48+00:00","description":"Schauen Sie sich diesen BMW M4 zur Versteigerung auf PistonAddict.com mit Automatikgetriebe und nur 2053 Meilen an.","breadcrumb":{"@id":"https:\/\/pistonaddict.com\/de\/product\/bmw-m4\/#breadcrumb"},"inLanguage":"de","potentialAction":[{"@type":"ReadAction","target":["https:\/\/pistonaddict.com\/de\/product\/bmw-m4\/"]}]},{"@type":"ImageObject","inLanguage":"de","@id":"https:\/\/pistonaddict.com\/de\/product\/bmw-m4\/#primaryimage","url":"https:\/\/pistonaddict.com\/wp-content\/uploads\/2023\/04\/LuxurycarLondonApril11PistonAddict_0647-scaled.jpg","contentUrl":"https:\/\/pistonaddict.com\/wp-content\/uploads\/2023\/04\/LuxurycarLondonApril11PistonAddict_0647-scaled.jpg","width":2560,"height":1708},{"@type":"BreadcrumbList","@id":"https:\/\/pistonaddict.com\/de\/product\/bmw-m4\/#breadcrumb","itemListElement":[{"@type":"ListItem","position":1,"name":"Startseite","item":"https:\/\/pistonaddict.com\/de\/homepage\/"},{"@type":"ListItem","position":2,"name":"Auctions","item":"https:\/\/pistonaddict.com\/auctions-listing\/"},{"@type":"ListItem","position":3,"name":"BMW M4"}]},{"@type":"WebSite","@id":"https:\/\/pistonaddict.com\/de\/#website","url":"https:\/\/pistonaddict.com\/de\/","name":"Piston Addict","description":"Only interesting vehicles","publisher":{"@id":"https:\/\/pistonaddict.com\/de\/#organization"},"potentialAction":[{"@type":"SearchAction","target":{"@type":"EntryPoint","urlTemplate":"https:\/\/pistonaddict.com\/de\/?s={search_term_string}"},"query-input":"required name=search_term_string"}],"inLanguage":"de"},{"@type":"Organization","@id":"https:\/\/pistonaddict.com\/de\/#organization","name":"Piston Addict","url":"https:\/\/pistonaddict.com\/de\/","logo":{"@type":"ImageObject","inLanguage":"de","@id":"https:\/\/pistonaddict.com\/de\/#\/schema\/logo\/image\/","url":"https:\/\/pistonaddict.com\/wp-content\/uploads\/2022\/07\/logo-6.png","contentUrl":"https:\/\/pistonaddict.com\/wp-content\/uploads\/2022\/07\/logo-6.png","width":970,"height":200,"caption":"Piston Addict"},"image":{"@id":"https:\/\/pistonaddict.com\/de\/#\/schema\/logo\/image\/"}}]}},"_links":{"self":[{"href":"https:\/\/pistonaddict.com\/de\/wp-json\/wp\/v2\/product\/35651"}],"collection":[{"href":"https:\/\/pistonaddict.com\/de\/wp-json\/wp\/v2\/product"}],"about":[{"href":"https:\/\/pistonaddict.com\/de\/wp-json\/wp\/v2\/types\/product"}],"replies":[{"embeddable":true,"href":"https:\/\/pistonaddict.com\/de\/wp-json\/wp\/v2\/comments?post=35651"}],"wp:featuredmedia":[{"embeddable":true,"href":"https:\/\/pistonaddict.com\/de\/wp-json\/wp\/v2\/media\/35430"}],"wp:attachment":[{"href":"https:\/\/pistonaddict.com\/de\/wp-json\/wp\/v2\/media?parent=35651"}],"wp:term":[{"taxonomy":"product_cat","embeddable":true,"href":"https:\/\/pistonaddict.com\/de\/wp-json\/wp\/v2\/product_cat?post=35651"},{"taxonomy":"product_tag","embeddable":true,"href":"https:\/\/pistonaddict.com\/de\/wp-json\/wp\/v2\/product_tag?post=35651"}],"curies":[{"name":"wp","href":"https:\/\/api.w.org\/{rel}","templated":true}]}}