{"id":34582,"date":"2023-04-19T15:06:28","date_gmt":"2023-04-19T13:06:28","guid":{"rendered":"https:\/\/pistonaddict.com\/product\/bentley-flying-spur\/"},"modified":"2024-03-19T17:48:22","modified_gmt":"2024-03-19T16:48:22","slug":"bentley-flying-spur","status":"publish","type":"product","link":"https:\/\/pistonaddict.com\/de\/product\/bentley-flying-spur\/","title":{"rendered":"Bentley Flying Spur"},"content":{"rendered":"<p><strong>Auto-Geschichte<\/strong><\/p>\n<p>Dieser Flying Spur ist eines der ersten Fahrzeuge dieser Art, das Ende 2020 an bekannte VIP-Kunden von Bentley ausgeliefert wird. Es ist ein Ein-Besitzer-Auto, das nur 8359 km zur\u00fcckgelegt hat. Dieser Flying Spur ist in begehrtem Gr\u00fcn mit passendem hellbraunem Leder lackiert und verf\u00fcgt \u00fcber ein Black-Out-Paket f\u00fcr das Exterieur und ist ein First Edition-Modell. In der Welt von Bentley sind die First-Edition-Modelle immer die begehrtesten, denn sie zeichnen sich durch eine besondere und einzigartige Farbauswahl, feine Details und Ausstattungen aus, die bei den Standardmodellen oft als Sonderausstattung erh\u00e4ltlich sind.<\/p>\n<p><strong>Zustand des Autos<\/strong><\/p>\n<p>Als einer der am h\u00f6chsten ausgestatteten Bentley Flying Spurs erwarb der urspr\u00fcngliche und jetzige Besitzer nicht nur das First Edition-Paket, sondern f\u00fcgte dem ohnehin schon beeindruckenden Ausstattungspaket noch zahlreiche weitere Merkmale und Ausstattungen hinzu. Der optionale 6,0-Liter-W12-Motor leistet 626 PS und bringt die Super-Luxuslimousine in beeindruckenden 3,5 Sekunden von 0 auf 100 km\/h. Was noch faszinierender ist, ist die H\u00f6chstgeschwindigkeit, und wenn Sie sich auf dem nicht gesperrten Teil der Autobahn befinden, k\u00f6nnen Sie 333 km\/h erreichen! Wir sind sicher, dass der Flying Spur selbst bei dieser Geschwindigkeit stabil und komfortabel ist.<\/p>\n<p><strong>\u00c4u\u00dferes und R\u00e4der<\/strong><\/p>\n<p>Aufgrund der sorgf\u00e4ltigen Wartung, der klimatisierten Garage und der geringen Kilometerzahl wird dieser Flying Spur in perfektem Lackzustand, ohne Sch\u00e4den am Exterieur (oder Interieur) und mit den Originalr\u00e4dern verkauft. Eines der kleinen, aber interessanten Details ist das schwarze Dach, das perfekt auf die schwarze Au\u00dfenverkleidung abgestimmt ist und den sportlichen Charakter dieser eleganten Limousine noch verst\u00e4rkt.<\/p>\n<p><strong>Innenbereich<\/strong><\/p>\n<p>Einer der faszinierendsten Teile dieses Wagens ist der Innenraum. Dieser Flying Spur wurde als perfekte Mischung aus moderner Technologie und klassischem Luxus konzipiert und ist mit begehrtem hellbraunem Leder mit kontrastierenden gr\u00fcnen Leder- und Holzeins\u00e4tzen ausgestattet. Ausgestattet mit allen erdenklichen Annehmlichkeiten, ist die Schutzfolie auf einigen Chromteilen zu finden, was zeigt, dass dieses Auto kaum benutzt wurde.<\/p>\n<p><strong>Dokumentation<\/strong><\/p>\n<p>Es handelt sich um ein Fahrzeug in Privatbesitz mit entsprechenden Papieren, das sich in London, Gro\u00dfbritannien, befindet. Der CarVertical-Bericht ist sauber; es gibt keine Belege f\u00fcr Unf\u00e4lle, Unfallreparaturen oder rechtliche Probleme. Es gibt Aufzeichnungen \u00fcber die regelm\u00e4\u00dfige Wartung.<\/p>\n","protected":false},"excerpt":{"rendered":"<p>Wie viele seiner Konkurrenten setzt auch Bentley in naher Zukunft auf EV-Modelle. Das bedeutet, dass dies die letzte Gelegenheit sein k\u00f6nnte, ein majest\u00e4tisches, ICE-angetriebenes Luxusauto wie diesen Flying Spur zu erwerben, in h\u00f6chst begehrter Ausstattung und in neuwertigem Zustand. Angetrieben von dem charakteristischen W12-Motor ist dies ein einzigartiges Exemplar, perfekt f\u00fcr anspruchsvolle Bentley-Kenner.<\/p>\n","protected":false},"featured_media":34085,"comment_status":"open","ping_status":"closed","template":"","meta":{"inline_featured_image":false},"product_cat":[702],"product_tag":[1310,901,1301,1305],"acf":[],"yoast_head":"<!-- This site is optimized with the Yoast SEO plugin v22.5 - https:\/\/yoast.com\/wordpress\/plugins\/seo\/ -->\n<title>Auktion -<\/title>\n<meta name=\"description\" content=\"Sehen Sie sich diesen Bentley Flying Spur zur Versteigerung auf PistonAddict.com mit Automatikgetriebe und nur 8359 km an.\" \/>\n<meta name=\"robots\" content=\"index, follow, max-snippet:-1, max-image-preview:large, max-video-preview:-1\" \/>\n<link rel=\"canonical\" href=\"https:\/\/pistonaddict.com\/de\/product\/bentley-flying-spur\/\" \/>\n<meta property=\"og:locale\" content=\"de_DE\" \/>\n<meta property=\"og:type\" content=\"article\" \/>\n<meta property=\"og:title\" content=\"Auktion -\" \/>\n<meta property=\"og:description\" content=\"Sehen Sie sich diesen Bentley Flying Spur zur Versteigerung auf PistonAddict.com mit Automatikgetriebe und nur 8359 km an.\" \/>\n<meta property=\"og:url\" content=\"https:\/\/pistonaddict.com\/de\/product\/bentley-flying-spur\/\" \/>\n<meta property=\"og:site_name\" content=\"Piston Addict\" \/>\n<meta property=\"article:modified_time\" content=\"2024-03-19T16:48:22+00:00\" \/>\n<meta property=\"og:image\" content=\"https:\/\/pistonaddict.com\/wp-content\/uploads\/2023\/04\/LuxurycarLondonApril11PistonAddict_0433-scaled.jpg\" \/>\n\t<meta property=\"og:image:width\" content=\"2560\" \/>\n\t<meta property=\"og:image:height\" content=\"1505\" \/>\n\t<meta property=\"og:image:type\" content=\"image\/jpeg\" \/>\n<meta name=\"twitter:card\" content=\"summary_large_image\" \/>\n<meta name=\"twitter:label1\" content=\"Gesch\u00e4tzte Lesezeit\" \/>\n\t<meta name=\"twitter:data1\" content=\"2\u00a0Minuten\" \/>\n<script type=\"application\/ld+json\" class=\"yoast-schema-graph\">{\"@context\":\"https:\/\/schema.org\",\"@graph\":[{\"@type\":\"WebPage\",\"@id\":\"https:\/\/pistonaddict.com\/de\/product\/bentley-flying-spur\/\",\"url\":\"https:\/\/pistonaddict.com\/de\/product\/bentley-flying-spur\/\",\"name\":\"Auktion -\",\"isPartOf\":{\"@id\":\"https:\/\/pistonaddict.com\/de\/#website\"},\"primaryImageOfPage\":{\"@id\":\"https:\/\/pistonaddict.com\/de\/product\/bentley-flying-spur\/#primaryimage\"},\"image\":{\"@id\":\"https:\/\/pistonaddict.com\/de\/product\/bentley-flying-spur\/#primaryimage\"},\"thumbnailUrl\":\"https:\/\/pistonaddict.com\/wp-content\/uploads\/2023\/04\/LuxurycarLondonApril11PistonAddict_0433-scaled.jpg\",\"datePublished\":\"2023-04-19T13:06:28+00:00\",\"dateModified\":\"2024-03-19T16:48:22+00:00\",\"description\":\"Sehen Sie sich diesen Bentley Flying Spur zur Versteigerung auf PistonAddict.com mit Automatikgetriebe und nur 8359 km an.\",\"breadcrumb\":{\"@id\":\"https:\/\/pistonaddict.com\/de\/product\/bentley-flying-spur\/#breadcrumb\"},\"inLanguage\":\"de\",\"potentialAction\":[{\"@type\":\"ReadAction\",\"target\":[\"https:\/\/pistonaddict.com\/de\/product\/bentley-flying-spur\/\"]}]},{\"@type\":\"ImageObject\",\"inLanguage\":\"de\",\"@id\":\"https:\/\/pistonaddict.com\/de\/product\/bentley-flying-spur\/#primaryimage\",\"url\":\"https:\/\/pistonaddict.com\/wp-content\/uploads\/2023\/04\/LuxurycarLondonApril11PistonAddict_0433-scaled.jpg\",\"contentUrl\":\"https:\/\/pistonaddict.com\/wp-content\/uploads\/2023\/04\/LuxurycarLondonApril11PistonAddict_0433-scaled.jpg\",\"width\":2560,\"height\":1505},{\"@type\":\"BreadcrumbList\",\"@id\":\"https:\/\/pistonaddict.com\/de\/product\/bentley-flying-spur\/#breadcrumb\",\"itemListElement\":[{\"@type\":\"ListItem\",\"position\":1,\"name\":\"Startseite\",\"item\":\"https:\/\/pistonaddict.com\/de\/homepage\/\"},{\"@type\":\"ListItem\",\"position\":2,\"name\":\"Auctions\",\"item\":\"https:\/\/pistonaddict.com\/auctions-listing\/\"},{\"@type\":\"ListItem\",\"position\":3,\"name\":\"Bentley Flying Spur\"}]},{\"@type\":\"WebSite\",\"@id\":\"https:\/\/pistonaddict.com\/de\/#website\",\"url\":\"https:\/\/pistonaddict.com\/de\/\",\"name\":\"Piston Addict\",\"description\":\"Only interesting vehicles\",\"publisher\":{\"@id\":\"https:\/\/pistonaddict.com\/de\/#organization\"},\"potentialAction\":[{\"@type\":\"SearchAction\",\"target\":{\"@type\":\"EntryPoint\",\"urlTemplate\":\"https:\/\/pistonaddict.com\/de\/?s={search_term_string}\"},\"query-input\":\"required name=search_term_string\"}],\"inLanguage\":\"de\"},{\"@type\":\"Organization\",\"@id\":\"https:\/\/pistonaddict.com\/de\/#organization\",\"name\":\"Piston Addict\",\"url\":\"https:\/\/pistonaddict.com\/de\/\",\"logo\":{\"@type\":\"ImageObject\",\"inLanguage\":\"de\",\"@id\":\"https:\/\/pistonaddict.com\/de\/#\/schema\/logo\/image\/\",\"url\":\"https:\/\/pistonaddict.com\/wp-content\/uploads\/2022\/07\/logo-6.png\",\"contentUrl\":\"https:\/\/pistonaddict.com\/wp-content\/uploads\/2022\/07\/logo-6.png\",\"width\":970,\"height\":200,\"caption\":\"Piston Addict\"},\"image\":{\"@id\":\"https:\/\/pistonaddict.com\/de\/#\/schema\/logo\/image\/\"}}]}<\/script>\n<!-- \/ Yoast SEO plugin. -->","yoast_head_json":{"title":"Auktion -","description":"Sehen Sie sich diesen Bentley Flying Spur zur Versteigerung auf PistonAddict.com mit Automatikgetriebe und nur 8359 km an.","robots":{"index":"index","follow":"follow","max-snippet":"max-snippet:-1","max-image-preview":"max-image-preview:large","max-video-preview":"max-video-preview:-1"},"canonical":"https:\/\/pistonaddict.com\/de\/product\/bentley-flying-spur\/","og_locale":"de_DE","og_type":"article","og_title":"Auktion -","og_description":"Sehen Sie sich diesen Bentley Flying Spur zur Versteigerung auf PistonAddict.com mit Automatikgetriebe und nur 8359 km an.","og_url":"https:\/\/pistonaddict.com\/de\/product\/bentley-flying-spur\/","og_site_name":"Piston Addict","article_modified_time":"2024-03-19T16:48:22+00:00","og_image":[{"width":2560,"height":1505,"url":"https:\/\/pistonaddict.com\/wp-content\/uploads\/2023\/04\/LuxurycarLondonApril11PistonAddict_0433-scaled.jpg","type":"image\/jpeg"}],"twitter_card":"summary_large_image","twitter_misc":{"Gesch\u00e4tzte Lesezeit":"2\u00a0Minuten"},"schema":{"@context":"https:\/\/schema.org","@graph":[{"@type":"WebPage","@id":"https:\/\/pistonaddict.com\/de\/product\/bentley-flying-spur\/","url":"https:\/\/pistonaddict.com\/de\/product\/bentley-flying-spur\/","name":"Auktion -","isPartOf":{"@id":"https:\/\/pistonaddict.com\/de\/#website"},"primaryImageOfPage":{"@id":"https:\/\/pistonaddict.com\/de\/product\/bentley-flying-spur\/#primaryimage"},"image":{"@id":"https:\/\/pistonaddict.com\/de\/product\/bentley-flying-spur\/#primaryimage"},"thumbnailUrl":"https:\/\/pistonaddict.com\/wp-content\/uploads\/2023\/04\/LuxurycarLondonApril11PistonAddict_0433-scaled.jpg","datePublished":"2023-04-19T13:06:28+00:00","dateModified":"2024-03-19T16:48:22+00:00","description":"Sehen Sie sich diesen Bentley Flying Spur zur Versteigerung auf PistonAddict.com mit Automatikgetriebe und nur 8359 km an.","breadcrumb":{"@id":"https:\/\/pistonaddict.com\/de\/product\/bentley-flying-spur\/#breadcrumb"},"inLanguage":"de","potentialAction":[{"@type":"ReadAction","target":["https:\/\/pistonaddict.com\/de\/product\/bentley-flying-spur\/"]}]},{"@type":"ImageObject","inLanguage":"de","@id":"https:\/\/pistonaddict.com\/de\/product\/bentley-flying-spur\/#primaryimage","url":"https:\/\/pistonaddict.com\/wp-content\/uploads\/2023\/04\/LuxurycarLondonApril11PistonAddict_0433-scaled.jpg","contentUrl":"https:\/\/pistonaddict.com\/wp-content\/uploads\/2023\/04\/LuxurycarLondonApril11PistonAddict_0433-scaled.jpg","width":2560,"height":1505},{"@type":"BreadcrumbList","@id":"https:\/\/pistonaddict.com\/de\/product\/bentley-flying-spur\/#breadcrumb","itemListElement":[{"@type":"ListItem","position":1,"name":"Startseite","item":"https:\/\/pistonaddict.com\/de\/homepage\/"},{"@type":"ListItem","position":2,"name":"Auctions","item":"https:\/\/pistonaddict.com\/auctions-listing\/"},{"@type":"ListItem","position":3,"name":"Bentley Flying Spur"}]},{"@type":"WebSite","@id":"https:\/\/pistonaddict.com\/de\/#website","url":"https:\/\/pistonaddict.com\/de\/","name":"Piston Addict","description":"Only interesting vehicles","publisher":{"@id":"https:\/\/pistonaddict.com\/de\/#organization"},"potentialAction":[{"@type":"SearchAction","target":{"@type":"EntryPoint","urlTemplate":"https:\/\/pistonaddict.com\/de\/?s={search_term_string}"},"query-input":"required name=search_term_string"}],"inLanguage":"de"},{"@type":"Organization","@id":"https:\/\/pistonaddict.com\/de\/#organization","name":"Piston Addict","url":"https:\/\/pistonaddict.com\/de\/","logo":{"@type":"ImageObject","inLanguage":"de","@id":"https:\/\/pistonaddict.com\/de\/#\/schema\/logo\/image\/","url":"https:\/\/pistonaddict.com\/wp-content\/uploads\/2022\/07\/logo-6.png","contentUrl":"https:\/\/pistonaddict.com\/wp-content\/uploads\/2022\/07\/logo-6.png","width":970,"height":200,"caption":"Piston Addict"},"image":{"@id":"https:\/\/pistonaddict.com\/de\/#\/schema\/logo\/image\/"}}]}},"_links":{"self":[{"href":"https:\/\/pistonaddict.com\/de\/wp-json\/wp\/v2\/product\/34582"}],"collection":[{"href":"https:\/\/pistonaddict.com\/de\/wp-json\/wp\/v2\/product"}],"about":[{"href":"https:\/\/pistonaddict.com\/de\/wp-json\/wp\/v2\/types\/product"}],"replies":[{"embeddable":true,"href":"https:\/\/pistonaddict.com\/de\/wp-json\/wp\/v2\/comments?post=34582"}],"wp:featuredmedia":[{"embeddable":true,"href":"https:\/\/pistonaddict.com\/de\/wp-json\/wp\/v2\/media\/34085"}],"wp:attachment":[{"href":"https:\/\/pistonaddict.com\/de\/wp-json\/wp\/v2\/media?parent=34582"}],"wp:term":[{"taxonomy":"product_cat","embeddable":true,"href":"https:\/\/pistonaddict.com\/de\/wp-json\/wp\/v2\/product_cat?post=34582"},{"taxonomy":"product_tag","embeddable":true,"href":"https:\/\/pistonaddict.com\/de\/wp-json\/wp\/v2\/product_tag?post=34582"}],"curies":[{"name":"wp","href":"https:\/\/api.w.org\/{rel}","templated":true}]}}