{"id":34027,"date":"2023-04-19T10:37:02","date_gmt":"2023-04-19T08:37:02","guid":{"rendered":"https:\/\/pistonaddict.com\/product\/porsche-gt3-touring\/"},"modified":"2024-03-19T17:27:12","modified_gmt":"2024-03-19T16:27:12","slug":"porsche-gt3-touring","status":"publish","type":"product","link":"https:\/\/pistonaddict.com\/de\/product\/porsche-gt3-touring\/","title":{"rendered":"Porsche GT3 Touring"},"content":{"rendered":"<h2>\u00c4u\u00dferes<\/h2>\n<p>\u00c4u\u00dferlich teilt das graue Touring-Modell die meisten Designdetails mit dem 911 RS3, auf dem es basiert. Dazu geh\u00f6ren Xenon-Scheinwerfer mit LED-Lichth\u00f6fen, gro\u00dfe Lufteinl\u00e4sse an der Front sowie verbreiterte Karosserieteile und Sto\u00dff\u00e4nger. Der Unterschied zwischen den beiden Fahrzeugen ist der massive Heckfl\u00fcgel bzw. das scheinbare Fehlen desselben beim Touring. Stattdessen verf\u00fcgt dieses Modell \u00fcber einen einziehbaren Heckspoiler, der sich bei 75 MPH entfaltet und f\u00fcr zus\u00e4tzlichen Abtrieb sorgt. Bei niedrigen Geschwindigkeiten ist der Spoiler jedoch eingefahren und schlie\u00dft b\u00fcndig mit der Silhouette des Fahrzeugs ab, was ihm ein schlankes und stromlinienf\u00f6rmiges Aussehen verleiht. Dieser Porsche hat werksseitig 19-Zoll-R\u00e4der und Dunlop Sport Maxx Race 2-Reifen, die ideal zu ihm passen.<\/p>\n<h2>Innenbereich<\/h2>\n<p>Im Innenraum verf\u00fcgt dieser Porsche \u00fcber ein Paar leichte Schalensitze in schwarzem Leder mit dunkelgrauen Stoffeins\u00e4tzen. Gelbe Sicherheitsgurte sind eine nette Idee, die dem Innenraum ein lebendigeres Aussehen verleiht. Anders als beim <em>normalen<\/em> 911 gibt es keine Sitze im hinteren Bereich. Im Innenraum findet der Fahrer ein dreispeichiges Lederlenkrad und dahinter das Porsche-typische Kombiinstrument. Dazu geh\u00f6ren ein mittig angebrachter Drehzahlmesser, der bis zu 10.000 RPM reicht, ein Tachometer und mehrere weitere Anzeigen. Die Mittelkonsole wird von einem gro\u00dfen Touchscreen mit integrierter Stereoanlage, R\u00fcckfahrkameraanzeige und Navigation dominiert. Wie die meisten GT3-Modelle verf\u00fcgt auch dieser Porsche \u00fcber eine Stoppuhr am oberen Rand des Armaturenbretts, die bei der Zeitmessung von Runden hilfreich ist.<\/p>\n<h2>Mechanik<\/h2>\n<p>Obwohl es sich um ein scheinbar gem\u00e4chliches Modell handelt, geh\u00f6rt dieser Touring zur prestigetr\u00e4chtigen GT3-Reihe. Das bedeutet, dass er \u00fcber den gleichen 4,0-Liter-Boxermotor verf\u00fcgt, der 500 PS leistet und ein Drehmoment von 469 Nm entwickelt. Doch im Gegensatz zu den meisten GT3-Modellen, die mit Doppelkupplungs-Automatikgetrieben ausgestattet sind, verf\u00fcgt dieses Auto \u00fcber ein traditionelles Sechsgang-Schaltgetriebe. Die Kraft wird \u00fcber ein Sperrdifferenzial an die Hinterr\u00e4der geleitet, was die Traktion vor allem auf rutschigem Untergrund verbessert. Mit all dem, beschleunigt dieser Porsche von 0 auf 60 in nur 3,4 Sekunden und hat eine H\u00f6chstgeschwindigkeit von 196 MPH. Und wenn er zum Stehen kommen muss, sorgen die enormen Bremsen daf\u00fcr, dass dies auf dem k\u00fcrzesten Weg geschieht.<\/p>\n<h2>Geschichte des Fahrzeugs<\/h2>\n<p>Dieser besondere 911 GT3 Touring wurde von Porsche f\u00fcr einen VIP-Kunden ma\u00dfgeschneidert, der ihn als Teil einer gr\u00f6\u00dferen Kollektion bestellte. Trotz seines Standorts im Vereinigten K\u00f6nigreich handelt es sich um ein Modell mit Linkslenkung und luxemburgischen Kennzeichen. Er wurde erst vor wenigen Monaten, im Februar, zum letzten Mal gewartet und ist nun wieder voll einsatzbereit.<\/p>\n","protected":false},"excerpt":{"rendered":"<p>Dieser Porsche 911 GT3 Touring ist perfekt f\u00fcr jemanden, der ein elegantes und geschmeidiges Auto sucht, das in der Lage ist, blitzschnelle Leistungen zu erbringen. Auch wenn es von au\u00dfen unauff\u00e4llig &#8211; oder sogar schlicht &#8211; aussieht, ist dieses 2-t\u00fcrige Coup\u00e9 ein echter Vollblut-Renner. Und als solcher ist er auf der Autobahn genauso gut wie auf der Rennstrecke. Dieser Porsche wurde 2018 als eines der letzten Fahrzeuge der Baureihe 991.2 hergestellt und hat nur 1.400 Meilen zur\u00fcckgelegt. Au\u00dferdem sagt der Verk\u00e4ufer, dass es k\u00fcrzlich gewartet wurde und beschreibt es <em>als neuwertig<\/em>.<\/p>\n","protected":false},"featured_media":33486,"comment_status":"open","ping_status":"closed","template":"","meta":{"inline_featured_image":false},"product_cat":[702],"product_tag":[1272,901,1143,841],"acf":[],"yoast_head":"<!-- This site is optimized with the Yoast SEO plugin v22.5 - https:\/\/yoast.com\/wordpress\/plugins\/seo\/ -->\n<title>Auktion -<\/title>\n<meta name=\"description\" content=\"Sehen Sie sich diesen Porsche GT3 Touring zur Versteigerung auf PistonAddict.com mit Automatikgetriebe und nur 1414 Meilen an.\" \/>\n<meta name=\"robots\" content=\"index, follow, max-snippet:-1, max-image-preview:large, max-video-preview:-1\" \/>\n<link rel=\"canonical\" href=\"https:\/\/pistonaddict.com\/de\/product\/porsche-gt3-touring\/\" \/>\n<meta property=\"og:locale\" content=\"de_DE\" \/>\n<meta property=\"og:type\" content=\"article\" \/>\n<meta property=\"og:title\" content=\"Auktion -\" \/>\n<meta property=\"og:description\" content=\"Sehen Sie sich diesen Porsche GT3 Touring zur Versteigerung auf PistonAddict.com mit Automatikgetriebe und nur 1414 Meilen an.\" \/>\n<meta property=\"og:url\" content=\"https:\/\/pistonaddict.com\/de\/product\/porsche-gt3-touring\/\" \/>\n<meta property=\"og:site_name\" content=\"Piston Addict\" \/>\n<meta property=\"article:modified_time\" content=\"2024-03-19T16:27:12+00:00\" \/>\n<meta property=\"og:image\" content=\"https:\/\/pistonaddict.com\/wp-content\/uploads\/2023\/04\/LuxurycarLondonApril11PistonAddict_0868-2-scaled.jpg\" \/>\n\t<meta property=\"og:image:width\" content=\"2560\" \/>\n\t<meta property=\"og:image:height\" content=\"1673\" \/>\n\t<meta property=\"og:image:type\" content=\"image\/jpeg\" \/>\n<meta name=\"twitter:card\" content=\"summary_large_image\" \/>\n<meta name=\"twitter:label1\" content=\"Gesch\u00e4tzte Lesezeit\" \/>\n\t<meta name=\"twitter:data1\" content=\"2\u00a0Minuten\" \/>\n<script type=\"application\/ld+json\" class=\"yoast-schema-graph\">{\"@context\":\"https:\/\/schema.org\",\"@graph\":[{\"@type\":\"WebPage\",\"@id\":\"https:\/\/pistonaddict.com\/de\/product\/porsche-gt3-touring\/\",\"url\":\"https:\/\/pistonaddict.com\/de\/product\/porsche-gt3-touring\/\",\"name\":\"Auktion -\",\"isPartOf\":{\"@id\":\"https:\/\/pistonaddict.com\/de\/#website\"},\"primaryImageOfPage\":{\"@id\":\"https:\/\/pistonaddict.com\/de\/product\/porsche-gt3-touring\/#primaryimage\"},\"image\":{\"@id\":\"https:\/\/pistonaddict.com\/de\/product\/porsche-gt3-touring\/#primaryimage\"},\"thumbnailUrl\":\"https:\/\/pistonaddict.com\/wp-content\/uploads\/2023\/04\/LuxurycarLondonApril11PistonAddict_0868-2-scaled.jpg\",\"datePublished\":\"2023-04-19T08:37:02+00:00\",\"dateModified\":\"2024-03-19T16:27:12+00:00\",\"description\":\"Sehen Sie sich diesen Porsche GT3 Touring zur Versteigerung auf PistonAddict.com mit Automatikgetriebe und nur 1414 Meilen an.\",\"breadcrumb\":{\"@id\":\"https:\/\/pistonaddict.com\/de\/product\/porsche-gt3-touring\/#breadcrumb\"},\"inLanguage\":\"de\",\"potentialAction\":[{\"@type\":\"ReadAction\",\"target\":[\"https:\/\/pistonaddict.com\/de\/product\/porsche-gt3-touring\/\"]}]},{\"@type\":\"ImageObject\",\"inLanguage\":\"de\",\"@id\":\"https:\/\/pistonaddict.com\/de\/product\/porsche-gt3-touring\/#primaryimage\",\"url\":\"https:\/\/pistonaddict.com\/wp-content\/uploads\/2023\/04\/LuxurycarLondonApril11PistonAddict_0868-2-scaled.jpg\",\"contentUrl\":\"https:\/\/pistonaddict.com\/wp-content\/uploads\/2023\/04\/LuxurycarLondonApril11PistonAddict_0868-2-scaled.jpg\",\"width\":2560,\"height\":1673},{\"@type\":\"BreadcrumbList\",\"@id\":\"https:\/\/pistonaddict.com\/de\/product\/porsche-gt3-touring\/#breadcrumb\",\"itemListElement\":[{\"@type\":\"ListItem\",\"position\":1,\"name\":\"Startseite\",\"item\":\"https:\/\/pistonaddict.com\/de\/homepage\/\"},{\"@type\":\"ListItem\",\"position\":2,\"name\":\"Auctions\",\"item\":\"https:\/\/pistonaddict.com\/auctions-listing\/\"},{\"@type\":\"ListItem\",\"position\":3,\"name\":\"Porsche GT3 Touring\"}]},{\"@type\":\"WebSite\",\"@id\":\"https:\/\/pistonaddict.com\/de\/#website\",\"url\":\"https:\/\/pistonaddict.com\/de\/\",\"name\":\"Piston Addict\",\"description\":\"Only interesting vehicles\",\"publisher\":{\"@id\":\"https:\/\/pistonaddict.com\/de\/#organization\"},\"potentialAction\":[{\"@type\":\"SearchAction\",\"target\":{\"@type\":\"EntryPoint\",\"urlTemplate\":\"https:\/\/pistonaddict.com\/de\/?s={search_term_string}\"},\"query-input\":\"required name=search_term_string\"}],\"inLanguage\":\"de\"},{\"@type\":\"Organization\",\"@id\":\"https:\/\/pistonaddict.com\/de\/#organization\",\"name\":\"Piston Addict\",\"url\":\"https:\/\/pistonaddict.com\/de\/\",\"logo\":{\"@type\":\"ImageObject\",\"inLanguage\":\"de\",\"@id\":\"https:\/\/pistonaddict.com\/de\/#\/schema\/logo\/image\/\",\"url\":\"https:\/\/pistonaddict.com\/wp-content\/uploads\/2022\/07\/logo-6.png\",\"contentUrl\":\"https:\/\/pistonaddict.com\/wp-content\/uploads\/2022\/07\/logo-6.png\",\"width\":970,\"height\":200,\"caption\":\"Piston Addict\"},\"image\":{\"@id\":\"https:\/\/pistonaddict.com\/de\/#\/schema\/logo\/image\/\"}}]}<\/script>\n<!-- \/ Yoast SEO plugin. -->","yoast_head_json":{"title":"Auktion -","description":"Sehen Sie sich diesen Porsche GT3 Touring zur Versteigerung auf PistonAddict.com mit Automatikgetriebe und nur 1414 Meilen an.","robots":{"index":"index","follow":"follow","max-snippet":"max-snippet:-1","max-image-preview":"max-image-preview:large","max-video-preview":"max-video-preview:-1"},"canonical":"https:\/\/pistonaddict.com\/de\/product\/porsche-gt3-touring\/","og_locale":"de_DE","og_type":"article","og_title":"Auktion -","og_description":"Sehen Sie sich diesen Porsche GT3 Touring zur Versteigerung auf PistonAddict.com mit Automatikgetriebe und nur 1414 Meilen an.","og_url":"https:\/\/pistonaddict.com\/de\/product\/porsche-gt3-touring\/","og_site_name":"Piston Addict","article_modified_time":"2024-03-19T16:27:12+00:00","og_image":[{"width":2560,"height":1673,"url":"https:\/\/pistonaddict.com\/wp-content\/uploads\/2023\/04\/LuxurycarLondonApril11PistonAddict_0868-2-scaled.jpg","type":"image\/jpeg"}],"twitter_card":"summary_large_image","twitter_misc":{"Gesch\u00e4tzte Lesezeit":"2\u00a0Minuten"},"schema":{"@context":"https:\/\/schema.org","@graph":[{"@type":"WebPage","@id":"https:\/\/pistonaddict.com\/de\/product\/porsche-gt3-touring\/","url":"https:\/\/pistonaddict.com\/de\/product\/porsche-gt3-touring\/","name":"Auktion -","isPartOf":{"@id":"https:\/\/pistonaddict.com\/de\/#website"},"primaryImageOfPage":{"@id":"https:\/\/pistonaddict.com\/de\/product\/porsche-gt3-touring\/#primaryimage"},"image":{"@id":"https:\/\/pistonaddict.com\/de\/product\/porsche-gt3-touring\/#primaryimage"},"thumbnailUrl":"https:\/\/pistonaddict.com\/wp-content\/uploads\/2023\/04\/LuxurycarLondonApril11PistonAddict_0868-2-scaled.jpg","datePublished":"2023-04-19T08:37:02+00:00","dateModified":"2024-03-19T16:27:12+00:00","description":"Sehen Sie sich diesen Porsche GT3 Touring zur Versteigerung auf PistonAddict.com mit Automatikgetriebe und nur 1414 Meilen an.","breadcrumb":{"@id":"https:\/\/pistonaddict.com\/de\/product\/porsche-gt3-touring\/#breadcrumb"},"inLanguage":"de","potentialAction":[{"@type":"ReadAction","target":["https:\/\/pistonaddict.com\/de\/product\/porsche-gt3-touring\/"]}]},{"@type":"ImageObject","inLanguage":"de","@id":"https:\/\/pistonaddict.com\/de\/product\/porsche-gt3-touring\/#primaryimage","url":"https:\/\/pistonaddict.com\/wp-content\/uploads\/2023\/04\/LuxurycarLondonApril11PistonAddict_0868-2-scaled.jpg","contentUrl":"https:\/\/pistonaddict.com\/wp-content\/uploads\/2023\/04\/LuxurycarLondonApril11PistonAddict_0868-2-scaled.jpg","width":2560,"height":1673},{"@type":"BreadcrumbList","@id":"https:\/\/pistonaddict.com\/de\/product\/porsche-gt3-touring\/#breadcrumb","itemListElement":[{"@type":"ListItem","position":1,"name":"Startseite","item":"https:\/\/pistonaddict.com\/de\/homepage\/"},{"@type":"ListItem","position":2,"name":"Auctions","item":"https:\/\/pistonaddict.com\/auctions-listing\/"},{"@type":"ListItem","position":3,"name":"Porsche GT3 Touring"}]},{"@type":"WebSite","@id":"https:\/\/pistonaddict.com\/de\/#website","url":"https:\/\/pistonaddict.com\/de\/","name":"Piston Addict","description":"Only interesting vehicles","publisher":{"@id":"https:\/\/pistonaddict.com\/de\/#organization"},"potentialAction":[{"@type":"SearchAction","target":{"@type":"EntryPoint","urlTemplate":"https:\/\/pistonaddict.com\/de\/?s={search_term_string}"},"query-input":"required name=search_term_string"}],"inLanguage":"de"},{"@type":"Organization","@id":"https:\/\/pistonaddict.com\/de\/#organization","name":"Piston Addict","url":"https:\/\/pistonaddict.com\/de\/","logo":{"@type":"ImageObject","inLanguage":"de","@id":"https:\/\/pistonaddict.com\/de\/#\/schema\/logo\/image\/","url":"https:\/\/pistonaddict.com\/wp-content\/uploads\/2022\/07\/logo-6.png","contentUrl":"https:\/\/pistonaddict.com\/wp-content\/uploads\/2022\/07\/logo-6.png","width":970,"height":200,"caption":"Piston Addict"},"image":{"@id":"https:\/\/pistonaddict.com\/de\/#\/schema\/logo\/image\/"}}]}},"_links":{"self":[{"href":"https:\/\/pistonaddict.com\/de\/wp-json\/wp\/v2\/product\/34027"}],"collection":[{"href":"https:\/\/pistonaddict.com\/de\/wp-json\/wp\/v2\/product"}],"about":[{"href":"https:\/\/pistonaddict.com\/de\/wp-json\/wp\/v2\/types\/product"}],"replies":[{"embeddable":true,"href":"https:\/\/pistonaddict.com\/de\/wp-json\/wp\/v2\/comments?post=34027"}],"wp:featuredmedia":[{"embeddable":true,"href":"https:\/\/pistonaddict.com\/de\/wp-json\/wp\/v2\/media\/33486"}],"wp:attachment":[{"href":"https:\/\/pistonaddict.com\/de\/wp-json\/wp\/v2\/media?parent=34027"}],"wp:term":[{"taxonomy":"product_cat","embeddable":true,"href":"https:\/\/pistonaddict.com\/de\/wp-json\/wp\/v2\/product_cat?post=34027"},{"taxonomy":"product_tag","embeddable":true,"href":"https:\/\/pistonaddict.com\/de\/wp-json\/wp\/v2\/product_tag?post=34027"}],"curies":[{"name":"wp","href":"https:\/\/api.w.org\/{rel}","templated":true}]}}