{"id":33354,"date":"2023-04-19T09:41:30","date_gmt":"2023-04-19T07:41:30","guid":{"rendered":"https:\/\/pistonaddict.com\/product\/jensen-abfangjaeger\/"},"modified":"2024-03-19T17:47:59","modified_gmt":"2024-03-19T16:47:59","slug":"jensen-abfangjager","status":"publish","type":"product","link":"https:\/\/pistonaddict.com\/de\/product\/jensen-abfangjager\/","title":{"rendered":"Jensen Abfangj\u00e4ger R Mk3"},"content":{"rendered":"<p><strong>Auto-Geschichte<\/strong><\/p>\n<p>Dieser besondere Jensen Interceptor wurde im M\u00e4rz 1972 an den urspr\u00fcnglichen Besitzer ausgeliefert. Er wurde von einem massiven 440 CID Chrysler V8-Motor angetrieben, der aufgrund der strengeren Abgasnormen der damaligen Zeit nur 280 PS leistete. Die 1971 eingef\u00fchrten Mk3-Modelle waren bekannt f\u00fcr ihre komfortable Innenausstattung, die umfangreiche Serienausstattung und die sanfte Fahrdynamik. Doch w\u00e4hrend die meisten Interceptors ihr Leben als Teil von Oldtimersammlungen fristeten, erhielt dieses Exemplar eine umfassende \u00dcberarbeitung, ein neues Leben und eine massive Leistungssteigerung. Er verwandelt sich von einem 70er-Jahre-Cruiser in eine Muskelmaschine des 21. Jahrhunderts, die Porsche-Besitzer auf der Autobahn \u00fcberraschen kann. Die britische Firma JIR f\u00fchrte eine vollst\u00e4ndige Umgestaltung durch, wobei die urspr\u00fcnglichen Linien beibehalten, die Mechanik jedoch umfassend modernisiert wurde.<\/p>\n<p><strong>Zustand des Autos<\/strong><\/p>\n<p>Mit weniger als 10.000 Meilen seit der kompletten \u00dcberholung befindet sich dieser Jensen Interceptor R in einem tadellosen Zustand. Da es sich um ein Paradebeispiel f\u00fcr einen gelungenen Restomod handelt, sind die Spezifikationen besonders interessant. Die Kosten f\u00fcr den Bau dieses Wagens beliefen sich auf \u00fcber 200.000 Pfund, so dass die Liste der Modifikationen, Spezialkomponenten und Einzelteile sehr umfangreich ist. Genau dieser Interceptor R gilt als der am weitesten entwickelte Jensen der Welt. Unter der Haube steckt ein 6,2-Liter-V8 aus der Corvette ZR1, der \u00fcber 600 PS leistet und die Kraft \u00fcber ein 6-Gang-Automatikgetriebe an die Hinterr\u00e4der schickt. Diese Leistung erforderte einen Satz AP-Bremsen, eine \u00fcberarbeitete Aufh\u00e4ngung und vieles mehr. Das Ergebnis ist eine fantastische Maschine, die in etwas mehr als 4 Sekunden auf 100 km kommt und auch bei hohen Geschwindigkeiten komfortabel f\u00e4hrt.<\/p>\n<p><strong>Innenbereich<\/strong><\/p>\n<p>Im Innenraum war das Understatement der Schl\u00fcssel mit klassischem Armaturenbrett-Layout und Verkleidung, aber mit verbesserten Sitzen, Technologie und feinsten Lederbez\u00fcgen. Die burgunderrote Farbe passt perfekt zu einem zweifarbigen \u00c4u\u00dferen. Besitzer von Jensen-Klassikern k\u00f6nnen Ihnen sagen, dass diese Autos mit komplizierter Elektronik und oft komplexen Systemen ausgestattet waren, als sie neu waren. Gl\u00fccklicherweise hat dieses Exemplar von einer kompletten \u00dcberarbeitung, modernen Komponenten, Funktionen, einer funktionierenden Klimaanlage und einem erstklassigen Audiosystem profitiert.<\/p>\n<p><strong>\u00c4u\u00dferes und R\u00e4der<\/strong><\/p>\n<p>Dieser 1972er Interceptor R ist in einer eleganten Zweifarbkombination lackiert und sieht ziemlich normal aus, aber sobald Sie sich die Details ansehen, werden Sie feststellen, dass er alles andere als das ist. Die R\u00e4der sind eine Sonderanfertigung und \u00e4hneln dem Originaldesign, sind aber breiter und gr\u00f6\u00dfer. Die seitliche Entl\u00fcftung wurde hinzugef\u00fcgt, um den leistungsstarken Motor zu k\u00fchlen, und der K\u00fchlergrill und die Abzeichen wurden diskret hinzugef\u00fcgt. Diejenigen, die sich mit klassischen Interceptors auskennen, wissen, dass diese Autos sehr rostanf\u00e4llig waren, aber dieses Exemplar ist nach all der Arbeit, die hineingesteckt wurde, praktisch ein neues Fahrzeug ohne derartige Probleme.<\/p>\n<p><strong>  Dokumentation<\/strong><\/p>\n<p>Es handelt sich um ein Fahrzeug in Privatbesitz mit entsprechenden Papieren, das sich in London, Gro\u00dfbritannien, befindet. Der CarVertical-Bericht ist sauber; es gibt keine Belege f\u00fcr Unf\u00e4lle, Unfallreparaturen oder rechtliche Probleme. Es gibt Aufzeichnungen \u00fcber die regelm\u00e4\u00dfige Wartung. K\u00fcnftige Besitzer sollten wissen, dass es sich bei diesem Exemplar um ein Promi-Auto handelt, das von Jeremy Clarkson getestet wurde und 2011\/2012 in Top Gear zu sehen war.<\/p>\n","protected":false},"excerpt":{"rendered":"<p>Auch wenn dieser sch\u00f6ne Interceptor von au\u00dfen ziemlich gew\u00f6hnlich aussieht, birgt er ein aufregendes Geheimnis. Aufgeladener V8-Motor mit 600 PS und weltbewegenden Leistungen, verpackt in eines der sch\u00f6nsten Designs der 70er Jahre. Dies ist ein echter britischer Restomod-GT mit amerikanischem Herz, bereit, alles zu \u00fcberholen, was sich ihm in den Weg stellt.<\/p>\n","protected":false},"featured_media":32668,"comment_status":"open","ping_status":"closed","template":"","meta":{"inline_featured_image":false},"product_cat":[702],"product_tag":[1253,1124,901,1122],"acf":[],"yoast_head":"<!-- This site is optimized with the Yoast SEO plugin v22.5 - https:\/\/yoast.com\/wordpress\/plugins\/seo\/ -->\n<title>Auktion -<\/title>\n<meta name=\"description\" content=\"Schauen Sie sich diesen Jensen Interceptor R MK3 zur Versteigerung auf PistonAddict.com an.\" \/>\n<meta name=\"robots\" content=\"index, follow, max-snippet:-1, max-image-preview:large, max-video-preview:-1\" \/>\n<link rel=\"canonical\" href=\"https:\/\/pistonaddict.com\/de\/product\/jensen-abfangjager\/\" \/>\n<meta property=\"og:locale\" content=\"de_DE\" \/>\n<meta property=\"og:type\" content=\"article\" \/>\n<meta property=\"og:title\" content=\"Auktion -\" \/>\n<meta property=\"og:description\" content=\"Schauen Sie sich diesen Jensen Interceptor R MK3 zur Versteigerung auf PistonAddict.com an.\" \/>\n<meta property=\"og:url\" content=\"https:\/\/pistonaddict.com\/de\/product\/jensen-abfangjager\/\" \/>\n<meta property=\"og:site_name\" content=\"Piston Addict\" \/>\n<meta property=\"article:modified_time\" content=\"2024-03-19T16:47:59+00:00\" \/>\n<meta property=\"og:image\" content=\"https:\/\/pistonaddict.com\/wp-content\/uploads\/2023\/04\/LuxurycarLondonApril11PistonAddict_0906-scaled.jpg\" \/>\n\t<meta property=\"og:image:width\" content=\"2560\" \/>\n\t<meta property=\"og:image:height\" content=\"1505\" \/>\n\t<meta property=\"og:image:type\" content=\"image\/jpeg\" \/>\n<meta name=\"twitter:card\" content=\"summary_large_image\" \/>\n<meta name=\"twitter:label1\" content=\"Gesch\u00e4tzte Lesezeit\" \/>\n\t<meta name=\"twitter:data1\" content=\"3\u00a0Minuten\" \/>\n<script type=\"application\/ld+json\" class=\"yoast-schema-graph\">{\"@context\":\"https:\/\/schema.org\",\"@graph\":[{\"@type\":\"WebPage\",\"@id\":\"https:\/\/pistonaddict.com\/de\/product\/jensen-abfangjager\/\",\"url\":\"https:\/\/pistonaddict.com\/de\/product\/jensen-abfangjager\/\",\"name\":\"Auktion -\",\"isPartOf\":{\"@id\":\"https:\/\/pistonaddict.com\/de\/#website\"},\"primaryImageOfPage\":{\"@id\":\"https:\/\/pistonaddict.com\/de\/product\/jensen-abfangjager\/#primaryimage\"},\"image\":{\"@id\":\"https:\/\/pistonaddict.com\/de\/product\/jensen-abfangjager\/#primaryimage\"},\"thumbnailUrl\":\"https:\/\/pistonaddict.com\/wp-content\/uploads\/2023\/04\/LuxurycarLondonApril11PistonAddict_0906-scaled.jpg\",\"datePublished\":\"2023-04-19T07:41:30+00:00\",\"dateModified\":\"2024-03-19T16:47:59+00:00\",\"description\":\"Schauen Sie sich diesen Jensen Interceptor R MK3 zur Versteigerung auf PistonAddict.com an.\",\"breadcrumb\":{\"@id\":\"https:\/\/pistonaddict.com\/de\/product\/jensen-abfangjager\/#breadcrumb\"},\"inLanguage\":\"de\",\"potentialAction\":[{\"@type\":\"ReadAction\",\"target\":[\"https:\/\/pistonaddict.com\/de\/product\/jensen-abfangjager\/\"]}]},{\"@type\":\"ImageObject\",\"inLanguage\":\"de\",\"@id\":\"https:\/\/pistonaddict.com\/de\/product\/jensen-abfangjager\/#primaryimage\",\"url\":\"https:\/\/pistonaddict.com\/wp-content\/uploads\/2023\/04\/LuxurycarLondonApril11PistonAddict_0906-scaled.jpg\",\"contentUrl\":\"https:\/\/pistonaddict.com\/wp-content\/uploads\/2023\/04\/LuxurycarLondonApril11PistonAddict_0906-scaled.jpg\",\"width\":2560,\"height\":1505},{\"@type\":\"BreadcrumbList\",\"@id\":\"https:\/\/pistonaddict.com\/de\/product\/jensen-abfangjager\/#breadcrumb\",\"itemListElement\":[{\"@type\":\"ListItem\",\"position\":1,\"name\":\"Startseite\",\"item\":\"https:\/\/pistonaddict.com\/de\/homepage\/\"},{\"@type\":\"ListItem\",\"position\":2,\"name\":\"Auctions\",\"item\":\"https:\/\/pistonaddict.com\/auctions-listing\/\"},{\"@type\":\"ListItem\",\"position\":3,\"name\":\"Jensen Abfangj\u00e4ger R Mk3\"}]},{\"@type\":\"WebSite\",\"@id\":\"https:\/\/pistonaddict.com\/de\/#website\",\"url\":\"https:\/\/pistonaddict.com\/de\/\",\"name\":\"Piston Addict\",\"description\":\"Only interesting vehicles\",\"publisher\":{\"@id\":\"https:\/\/pistonaddict.com\/de\/#organization\"},\"potentialAction\":[{\"@type\":\"SearchAction\",\"target\":{\"@type\":\"EntryPoint\",\"urlTemplate\":\"https:\/\/pistonaddict.com\/de\/?s={search_term_string}\"},\"query-input\":\"required name=search_term_string\"}],\"inLanguage\":\"de\"},{\"@type\":\"Organization\",\"@id\":\"https:\/\/pistonaddict.com\/de\/#organization\",\"name\":\"Piston Addict\",\"url\":\"https:\/\/pistonaddict.com\/de\/\",\"logo\":{\"@type\":\"ImageObject\",\"inLanguage\":\"de\",\"@id\":\"https:\/\/pistonaddict.com\/de\/#\/schema\/logo\/image\/\",\"url\":\"https:\/\/pistonaddict.com\/wp-content\/uploads\/2022\/07\/logo-6.png\",\"contentUrl\":\"https:\/\/pistonaddict.com\/wp-content\/uploads\/2022\/07\/logo-6.png\",\"width\":970,\"height\":200,\"caption\":\"Piston Addict\"},\"image\":{\"@id\":\"https:\/\/pistonaddict.com\/de\/#\/schema\/logo\/image\/\"}}]}<\/script>\n<!-- \/ Yoast SEO plugin. -->","yoast_head_json":{"title":"Auktion -","description":"Schauen Sie sich diesen Jensen Interceptor R MK3 zur Versteigerung auf PistonAddict.com an.","robots":{"index":"index","follow":"follow","max-snippet":"max-snippet:-1","max-image-preview":"max-image-preview:large","max-video-preview":"max-video-preview:-1"},"canonical":"https:\/\/pistonaddict.com\/de\/product\/jensen-abfangjager\/","og_locale":"de_DE","og_type":"article","og_title":"Auktion -","og_description":"Schauen Sie sich diesen Jensen Interceptor R MK3 zur Versteigerung auf PistonAddict.com an.","og_url":"https:\/\/pistonaddict.com\/de\/product\/jensen-abfangjager\/","og_site_name":"Piston Addict","article_modified_time":"2024-03-19T16:47:59+00:00","og_image":[{"width":2560,"height":1505,"url":"https:\/\/pistonaddict.com\/wp-content\/uploads\/2023\/04\/LuxurycarLondonApril11PistonAddict_0906-scaled.jpg","type":"image\/jpeg"}],"twitter_card":"summary_large_image","twitter_misc":{"Gesch\u00e4tzte Lesezeit":"3\u00a0Minuten"},"schema":{"@context":"https:\/\/schema.org","@graph":[{"@type":"WebPage","@id":"https:\/\/pistonaddict.com\/de\/product\/jensen-abfangjager\/","url":"https:\/\/pistonaddict.com\/de\/product\/jensen-abfangjager\/","name":"Auktion -","isPartOf":{"@id":"https:\/\/pistonaddict.com\/de\/#website"},"primaryImageOfPage":{"@id":"https:\/\/pistonaddict.com\/de\/product\/jensen-abfangjager\/#primaryimage"},"image":{"@id":"https:\/\/pistonaddict.com\/de\/product\/jensen-abfangjager\/#primaryimage"},"thumbnailUrl":"https:\/\/pistonaddict.com\/wp-content\/uploads\/2023\/04\/LuxurycarLondonApril11PistonAddict_0906-scaled.jpg","datePublished":"2023-04-19T07:41:30+00:00","dateModified":"2024-03-19T16:47:59+00:00","description":"Schauen Sie sich diesen Jensen Interceptor R MK3 zur Versteigerung auf PistonAddict.com an.","breadcrumb":{"@id":"https:\/\/pistonaddict.com\/de\/product\/jensen-abfangjager\/#breadcrumb"},"inLanguage":"de","potentialAction":[{"@type":"ReadAction","target":["https:\/\/pistonaddict.com\/de\/product\/jensen-abfangjager\/"]}]},{"@type":"ImageObject","inLanguage":"de","@id":"https:\/\/pistonaddict.com\/de\/product\/jensen-abfangjager\/#primaryimage","url":"https:\/\/pistonaddict.com\/wp-content\/uploads\/2023\/04\/LuxurycarLondonApril11PistonAddict_0906-scaled.jpg","contentUrl":"https:\/\/pistonaddict.com\/wp-content\/uploads\/2023\/04\/LuxurycarLondonApril11PistonAddict_0906-scaled.jpg","width":2560,"height":1505},{"@type":"BreadcrumbList","@id":"https:\/\/pistonaddict.com\/de\/product\/jensen-abfangjager\/#breadcrumb","itemListElement":[{"@type":"ListItem","position":1,"name":"Startseite","item":"https:\/\/pistonaddict.com\/de\/homepage\/"},{"@type":"ListItem","position":2,"name":"Auctions","item":"https:\/\/pistonaddict.com\/auctions-listing\/"},{"@type":"ListItem","position":3,"name":"Jensen Abfangj\u00e4ger R Mk3"}]},{"@type":"WebSite","@id":"https:\/\/pistonaddict.com\/de\/#website","url":"https:\/\/pistonaddict.com\/de\/","name":"Piston Addict","description":"Only interesting vehicles","publisher":{"@id":"https:\/\/pistonaddict.com\/de\/#organization"},"potentialAction":[{"@type":"SearchAction","target":{"@type":"EntryPoint","urlTemplate":"https:\/\/pistonaddict.com\/de\/?s={search_term_string}"},"query-input":"required name=search_term_string"}],"inLanguage":"de"},{"@type":"Organization","@id":"https:\/\/pistonaddict.com\/de\/#organization","name":"Piston Addict","url":"https:\/\/pistonaddict.com\/de\/","logo":{"@type":"ImageObject","inLanguage":"de","@id":"https:\/\/pistonaddict.com\/de\/#\/schema\/logo\/image\/","url":"https:\/\/pistonaddict.com\/wp-content\/uploads\/2022\/07\/logo-6.png","contentUrl":"https:\/\/pistonaddict.com\/wp-content\/uploads\/2022\/07\/logo-6.png","width":970,"height":200,"caption":"Piston Addict"},"image":{"@id":"https:\/\/pistonaddict.com\/de\/#\/schema\/logo\/image\/"}}]}},"_links":{"self":[{"href":"https:\/\/pistonaddict.com\/de\/wp-json\/wp\/v2\/product\/33354"}],"collection":[{"href":"https:\/\/pistonaddict.com\/de\/wp-json\/wp\/v2\/product"}],"about":[{"href":"https:\/\/pistonaddict.com\/de\/wp-json\/wp\/v2\/types\/product"}],"replies":[{"embeddable":true,"href":"https:\/\/pistonaddict.com\/de\/wp-json\/wp\/v2\/comments?post=33354"}],"wp:featuredmedia":[{"embeddable":true,"href":"https:\/\/pistonaddict.com\/de\/wp-json\/wp\/v2\/media\/32668"}],"wp:attachment":[{"href":"https:\/\/pistonaddict.com\/de\/wp-json\/wp\/v2\/media?parent=33354"}],"wp:term":[{"taxonomy":"product_cat","embeddable":true,"href":"https:\/\/pistonaddict.com\/de\/wp-json\/wp\/v2\/product_cat?post=33354"},{"taxonomy":"product_tag","embeddable":true,"href":"https:\/\/pistonaddict.com\/de\/wp-json\/wp\/v2\/product_tag?post=33354"}],"curies":[{"name":"wp","href":"https:\/\/api.w.org\/{rel}","templated":true}]}}