{"id":32598,"date":"2023-04-18T18:05:14","date_gmt":"2023-04-18T16:05:14","guid":{"rendered":"https:\/\/pistonaddict.com\/product\/maserati-ghibli-ss-49-liter\/"},"modified":"2024-03-19T17:37:04","modified_gmt":"2024-03-19T16:37:04","slug":"maserati-ghibli-ss-49-liter","status":"publish","type":"product","link":"https:\/\/pistonaddict.com\/de\/product\/maserati-ghibli-ss-49-liter\/","title":{"rendered":"Maserati Ghibli SS 4,9 Liter"},"content":{"rendered":"<h2>\u00c4u\u00dferes<\/h2>\n<p>Das Auto, das bei dieser Auktion versteigert wird, ist blau gef\u00e4rbt und hat attraktive Pop-up-Scheinwerfer an der Front. Aber was diesen Sypder so attraktiv und auff\u00e4llig macht, ist seine elegante Silhouette. Der von Giorgetto Giugiaro, einem der gr\u00f6\u00dften Namen der Branche, entworfene zweit\u00fcrige Roadster hat eine niedrige, haifischartige Nase, muskul\u00f6se Radk\u00e4sten und ein abfallendes Heck. Das macht ihn ideal f\u00fcr entspanntes Cruisen auf dem Boulevard oder auf malerischen K\u00fcstenstra\u00dfen. Und bei schlechtem Wetter ist das faltbare Verdeck, das sich unter einer farblich gekennzeichneten Persenning verbirgt, sehr praktisch. Der Wagen hat 15-Zoll-Drahtfelgen von Ruote Borrani und originalgetreue Michelin Radial X-Reifen. Weitere bemerkenswerte Details sind verchromte Sto\u00dfstangen und funktionale Entl\u00fcftungs\u00f6ffnungen auf der Motorhaube und den Kotfl\u00fcgeln.<\/p>\n<h2>Innenbereich<\/h2>\n<p>Im Inneren dieses Maserati befinden sich zwei bequeme und dennoch st\u00fctzende Sitze, die mit weichem, hellbraunem Leder bezogen sind. Das gleiche augenfreundliche Material wird f\u00fcr die Polsterung des gr\u00f6\u00dften Teils des Innenraums verwendet, mit Ausnahme der Oberseite des Armaturenbretts, die mit schwarzem Wildleder bezogen ist. Nach den vom Verk\u00e4ufer zur Verf\u00fcgung gestellten Fotos zu urteilen, ist die Innenausstattung in einem tadellosen Zustand. Im Inneren des Fahrzeugs wird der Fahrer ein wundersch\u00f6nes Holzlenkrad mit drei Speichen aus Edelstahl in der Mitte bedienen. Dahinter befindet sich das Kombiinstrument mit einem Drehzahlmesser, der bei 5.555 RPM rot unterlegt ist, und einem Tacho, dessen Endwert 300 KPH betr\u00e4gt. Dar\u00fcber hinaus verf\u00fcgt der Ghibli \u00fcber f\u00fcnf zentral angeordnete Anzeigen, die wichtige Parameter wie \u00d6ldruck, Temperatur und Kraftstoffstand anzeigen. Im Moment steht der Kilometerz\u00e4hler bei etwa 13.000 km.<\/p>\n<h2>Mechanik<\/h2>\n<p>Bei dem zum Verkauf stehenden Fahrzeug handelt es sich um das Modell SS, das mit einem gr\u00f6\u00dferen und st\u00e4rkeren 4,9-Liter-V8-Motor ausgestattet ist. Er wird von vier Weber-Doppelvergasern gespeist und entwickelt 335 PS und etwas mehr als 480 Nm Drehmoment, die \u00fcber ein F\u00fcnfgang-Schaltgetriebe an die Hinterr\u00e4der geleitet werden. Das reicht aus, um diesen Ghibli SS Roadster auf eine H\u00f6chstgeschwindigkeit von 280 MPH zu bringen, was ihn zum schnellsten Maserati seiner Zeit macht. Abgesehen von der Mechanik verf\u00fcgt der Wagen \u00fcber ein Stahlrohrchassis, das f\u00fcr Leichtigkeit und strukturelle Steifigkeit sorgt.<\/p>\n<h2>Geschichte des Fahrzeugs<\/h2>\n<p>Der besagte Spyder-Umbau wurde von einer spezialisierten Werkstatt in Mondena durchgef\u00fchrt, was die Qualit\u00e4t der Arbeit garantiert. Dieser Umbau ist bei Ghibli-Besitzern sehr beliebt, da Maserati weniger als 50 Spyder gebaut hat. Dar\u00fcber hinaus wurde der Wagen einer gr\u00fcndlichen Restaurierung unterzogen, die von Furlonger Cars durchgef\u00fchrt wurde, einem renommierten Restaurator in Ashford, der sich mit italienischen Supersportwagen auskennt.<\/p>\n<p>Nach Angaben des Eigent\u00fcmers wurden alle Wartungsarbeiten regelm\u00e4\u00dfig durchgef\u00fchrt, der letzte Service fand im Juni 2021 statt. Derzeit sind keine Fehler oder Probleme mit einer der Komponenten bekannt. Au\u00dferdem sind keine auff\u00e4lligen Kratzer, Dellen oder andere Karosseriem\u00e4ngel vorhanden.<\/p>\n","protected":false},"excerpt":{"rendered":"<p>Dieser offene Maserati Ghibli SS aus dem Jahr 1971, der nur etwas mehr als 13.000 Kilometer zur\u00fcckgelegt hat, wird vom Besitzer privat verkauft. Er wird von einem V8-Motor angetrieben, der mit einem F\u00fcnfgang-Schaltgetriebe gekoppelt ist. Optisch identisch mit dem kultigen Spyder-Modell, wurde dieses Auto zun\u00e4chst als Coup\u00e9 gebaut und erst sp\u00e4ter in seine heutige Form gebracht. Der Wagen befindet sich nicht nur in einem nahezu makellosen Zustand, sondern wurde auch vollst\u00e4ndig gewartet und war nach Angaben des Eigent\u00fcmers in keine Unf\u00e4lle verwickelt und befindet sich derzeit in Gro\u00dfbritannien.<\/p>\n","protected":false},"featured_media":32150,"comment_status":"open","ping_status":"closed","template":"","meta":{"inline_featured_image":false},"product_cat":[702],"product_tag":[1229,1063,1007,1058],"acf":[],"yoast_head":"<!-- This site is optimized with the Yoast SEO plugin v22.5 - https:\/\/yoast.com\/wordpress\/plugins\/seo\/ -->\n<title>Auktion -<\/title>\n<meta name=\"description\" content=\"Schauen Sie sich diese Maserati Ghibli SS 4.9 Liter f\u00fcr Auktion Verkauf auf PistonAddict.com mit Schaltgetriebe und nur 13 220 km.\" \/>\n<meta name=\"robots\" content=\"index, follow, max-snippet:-1, max-image-preview:large, max-video-preview:-1\" \/>\n<link rel=\"canonical\" href=\"https:\/\/pistonaddict.com\/de\/product\/maserati-ghibli-ss-49-liter\/\" \/>\n<meta property=\"og:locale\" content=\"de_DE\" \/>\n<meta property=\"og:type\" content=\"article\" \/>\n<meta property=\"og:title\" content=\"Auktion -\" \/>\n<meta property=\"og:description\" content=\"Schauen Sie sich diese Maserati Ghibli SS 4.9 Liter f\u00fcr Auktion Verkauf auf PistonAddict.com mit Schaltgetriebe und nur 13 220 km.\" \/>\n<meta property=\"og:url\" content=\"https:\/\/pistonaddict.com\/de\/product\/maserati-ghibli-ss-49-liter\/\" \/>\n<meta property=\"og:site_name\" content=\"Piston Addict\" \/>\n<meta property=\"article:modified_time\" content=\"2024-03-19T16:37:04+00:00\" \/>\n<meta property=\"og:image\" content=\"https:\/\/pistonaddict.com\/wp-content\/uploads\/2023\/04\/Maserati13-scaled.jpg\" \/>\n\t<meta property=\"og:image:width\" content=\"2560\" \/>\n\t<meta property=\"og:image:height\" content=\"1609\" \/>\n\t<meta property=\"og:image:type\" content=\"image\/jpeg\" \/>\n<meta name=\"twitter:card\" content=\"summary_large_image\" \/>\n<meta name=\"twitter:label1\" content=\"Gesch\u00e4tzte Lesezeit\" \/>\n\t<meta name=\"twitter:data1\" content=\"2\u00a0Minuten\" \/>\n<script type=\"application\/ld+json\" class=\"yoast-schema-graph\">{\"@context\":\"https:\/\/schema.org\",\"@graph\":[{\"@type\":\"WebPage\",\"@id\":\"https:\/\/pistonaddict.com\/de\/product\/maserati-ghibli-ss-49-liter\/\",\"url\":\"https:\/\/pistonaddict.com\/de\/product\/maserati-ghibli-ss-49-liter\/\",\"name\":\"Auktion -\",\"isPartOf\":{\"@id\":\"https:\/\/pistonaddict.com\/de\/#website\"},\"primaryImageOfPage\":{\"@id\":\"https:\/\/pistonaddict.com\/de\/product\/maserati-ghibli-ss-49-liter\/#primaryimage\"},\"image\":{\"@id\":\"https:\/\/pistonaddict.com\/de\/product\/maserati-ghibli-ss-49-liter\/#primaryimage\"},\"thumbnailUrl\":\"https:\/\/pistonaddict.com\/wp-content\/uploads\/2023\/04\/Maserati13-scaled.jpg\",\"datePublished\":\"2023-04-18T16:05:14+00:00\",\"dateModified\":\"2024-03-19T16:37:04+00:00\",\"description\":\"Schauen Sie sich diese Maserati Ghibli SS 4.9 Liter f\u00fcr Auktion Verkauf auf PistonAddict.com mit Schaltgetriebe und nur 13 220 km.\",\"breadcrumb\":{\"@id\":\"https:\/\/pistonaddict.com\/de\/product\/maserati-ghibli-ss-49-liter\/#breadcrumb\"},\"inLanguage\":\"de\",\"potentialAction\":[{\"@type\":\"ReadAction\",\"target\":[\"https:\/\/pistonaddict.com\/de\/product\/maserati-ghibli-ss-49-liter\/\"]}]},{\"@type\":\"ImageObject\",\"inLanguage\":\"de\",\"@id\":\"https:\/\/pistonaddict.com\/de\/product\/maserati-ghibli-ss-49-liter\/#primaryimage\",\"url\":\"https:\/\/pistonaddict.com\/wp-content\/uploads\/2023\/04\/Maserati13-scaled.jpg\",\"contentUrl\":\"https:\/\/pistonaddict.com\/wp-content\/uploads\/2023\/04\/Maserati13-scaled.jpg\",\"width\":2560,\"height\":1609},{\"@type\":\"BreadcrumbList\",\"@id\":\"https:\/\/pistonaddict.com\/de\/product\/maserati-ghibli-ss-49-liter\/#breadcrumb\",\"itemListElement\":[{\"@type\":\"ListItem\",\"position\":1,\"name\":\"Startseite\",\"item\":\"https:\/\/pistonaddict.com\/de\/homepage\/\"},{\"@type\":\"ListItem\",\"position\":2,\"name\":\"Auctions\",\"item\":\"https:\/\/pistonaddict.com\/auctions-listing\/\"},{\"@type\":\"ListItem\",\"position\":3,\"name\":\"Maserati Ghibli SS 4,9 Liter\"}]},{\"@type\":\"WebSite\",\"@id\":\"https:\/\/pistonaddict.com\/de\/#website\",\"url\":\"https:\/\/pistonaddict.com\/de\/\",\"name\":\"Piston Addict\",\"description\":\"Only interesting vehicles\",\"publisher\":{\"@id\":\"https:\/\/pistonaddict.com\/de\/#organization\"},\"potentialAction\":[{\"@type\":\"SearchAction\",\"target\":{\"@type\":\"EntryPoint\",\"urlTemplate\":\"https:\/\/pistonaddict.com\/de\/?s={search_term_string}\"},\"query-input\":\"required name=search_term_string\"}],\"inLanguage\":\"de\"},{\"@type\":\"Organization\",\"@id\":\"https:\/\/pistonaddict.com\/de\/#organization\",\"name\":\"Piston Addict\",\"url\":\"https:\/\/pistonaddict.com\/de\/\",\"logo\":{\"@type\":\"ImageObject\",\"inLanguage\":\"de\",\"@id\":\"https:\/\/pistonaddict.com\/de\/#\/schema\/logo\/image\/\",\"url\":\"https:\/\/pistonaddict.com\/wp-content\/uploads\/2022\/07\/logo-6.png\",\"contentUrl\":\"https:\/\/pistonaddict.com\/wp-content\/uploads\/2022\/07\/logo-6.png\",\"width\":970,\"height\":200,\"caption\":\"Piston Addict\"},\"image\":{\"@id\":\"https:\/\/pistonaddict.com\/de\/#\/schema\/logo\/image\/\"}}]}<\/script>\n<!-- \/ Yoast SEO plugin. -->","yoast_head_json":{"title":"Auktion -","description":"Schauen Sie sich diese Maserati Ghibli SS 4.9 Liter f\u00fcr Auktion Verkauf auf PistonAddict.com mit Schaltgetriebe und nur 13 220 km.","robots":{"index":"index","follow":"follow","max-snippet":"max-snippet:-1","max-image-preview":"max-image-preview:large","max-video-preview":"max-video-preview:-1"},"canonical":"https:\/\/pistonaddict.com\/de\/product\/maserati-ghibli-ss-49-liter\/","og_locale":"de_DE","og_type":"article","og_title":"Auktion -","og_description":"Schauen Sie sich diese Maserati Ghibli SS 4.9 Liter f\u00fcr Auktion Verkauf auf PistonAddict.com mit Schaltgetriebe und nur 13 220 km.","og_url":"https:\/\/pistonaddict.com\/de\/product\/maserati-ghibli-ss-49-liter\/","og_site_name":"Piston Addict","article_modified_time":"2024-03-19T16:37:04+00:00","og_image":[{"width":2560,"height":1609,"url":"https:\/\/pistonaddict.com\/wp-content\/uploads\/2023\/04\/Maserati13-scaled.jpg","type":"image\/jpeg"}],"twitter_card":"summary_large_image","twitter_misc":{"Gesch\u00e4tzte Lesezeit":"2\u00a0Minuten"},"schema":{"@context":"https:\/\/schema.org","@graph":[{"@type":"WebPage","@id":"https:\/\/pistonaddict.com\/de\/product\/maserati-ghibli-ss-49-liter\/","url":"https:\/\/pistonaddict.com\/de\/product\/maserati-ghibli-ss-49-liter\/","name":"Auktion -","isPartOf":{"@id":"https:\/\/pistonaddict.com\/de\/#website"},"primaryImageOfPage":{"@id":"https:\/\/pistonaddict.com\/de\/product\/maserati-ghibli-ss-49-liter\/#primaryimage"},"image":{"@id":"https:\/\/pistonaddict.com\/de\/product\/maserati-ghibli-ss-49-liter\/#primaryimage"},"thumbnailUrl":"https:\/\/pistonaddict.com\/wp-content\/uploads\/2023\/04\/Maserati13-scaled.jpg","datePublished":"2023-04-18T16:05:14+00:00","dateModified":"2024-03-19T16:37:04+00:00","description":"Schauen Sie sich diese Maserati Ghibli SS 4.9 Liter f\u00fcr Auktion Verkauf auf PistonAddict.com mit Schaltgetriebe und nur 13 220 km.","breadcrumb":{"@id":"https:\/\/pistonaddict.com\/de\/product\/maserati-ghibli-ss-49-liter\/#breadcrumb"},"inLanguage":"de","potentialAction":[{"@type":"ReadAction","target":["https:\/\/pistonaddict.com\/de\/product\/maserati-ghibli-ss-49-liter\/"]}]},{"@type":"ImageObject","inLanguage":"de","@id":"https:\/\/pistonaddict.com\/de\/product\/maserati-ghibli-ss-49-liter\/#primaryimage","url":"https:\/\/pistonaddict.com\/wp-content\/uploads\/2023\/04\/Maserati13-scaled.jpg","contentUrl":"https:\/\/pistonaddict.com\/wp-content\/uploads\/2023\/04\/Maserati13-scaled.jpg","width":2560,"height":1609},{"@type":"BreadcrumbList","@id":"https:\/\/pistonaddict.com\/de\/product\/maserati-ghibli-ss-49-liter\/#breadcrumb","itemListElement":[{"@type":"ListItem","position":1,"name":"Startseite","item":"https:\/\/pistonaddict.com\/de\/homepage\/"},{"@type":"ListItem","position":2,"name":"Auctions","item":"https:\/\/pistonaddict.com\/auctions-listing\/"},{"@type":"ListItem","position":3,"name":"Maserati Ghibli SS 4,9 Liter"}]},{"@type":"WebSite","@id":"https:\/\/pistonaddict.com\/de\/#website","url":"https:\/\/pistonaddict.com\/de\/","name":"Piston Addict","description":"Only interesting vehicles","publisher":{"@id":"https:\/\/pistonaddict.com\/de\/#organization"},"potentialAction":[{"@type":"SearchAction","target":{"@type":"EntryPoint","urlTemplate":"https:\/\/pistonaddict.com\/de\/?s={search_term_string}"},"query-input":"required name=search_term_string"}],"inLanguage":"de"},{"@type":"Organization","@id":"https:\/\/pistonaddict.com\/de\/#organization","name":"Piston Addict","url":"https:\/\/pistonaddict.com\/de\/","logo":{"@type":"ImageObject","inLanguage":"de","@id":"https:\/\/pistonaddict.com\/de\/#\/schema\/logo\/image\/","url":"https:\/\/pistonaddict.com\/wp-content\/uploads\/2022\/07\/logo-6.png","contentUrl":"https:\/\/pistonaddict.com\/wp-content\/uploads\/2022\/07\/logo-6.png","width":970,"height":200,"caption":"Piston Addict"},"image":{"@id":"https:\/\/pistonaddict.com\/de\/#\/schema\/logo\/image\/"}}]}},"_links":{"self":[{"href":"https:\/\/pistonaddict.com\/de\/wp-json\/wp\/v2\/product\/32598"}],"collection":[{"href":"https:\/\/pistonaddict.com\/de\/wp-json\/wp\/v2\/product"}],"about":[{"href":"https:\/\/pistonaddict.com\/de\/wp-json\/wp\/v2\/types\/product"}],"replies":[{"embeddable":true,"href":"https:\/\/pistonaddict.com\/de\/wp-json\/wp\/v2\/comments?post=32598"}],"wp:featuredmedia":[{"embeddable":true,"href":"https:\/\/pistonaddict.com\/de\/wp-json\/wp\/v2\/media\/32150"}],"wp:attachment":[{"href":"https:\/\/pistonaddict.com\/de\/wp-json\/wp\/v2\/media?parent=32598"}],"wp:term":[{"taxonomy":"product_cat","embeddable":true,"href":"https:\/\/pistonaddict.com\/de\/wp-json\/wp\/v2\/product_cat?post=32598"},{"taxonomy":"product_tag","embeddable":true,"href":"https:\/\/pistonaddict.com\/de\/wp-json\/wp\/v2\/product_tag?post=32598"}],"curies":[{"name":"wp","href":"https:\/\/api.w.org\/{rel}","templated":true}]}}