{"id":29702,"date":"2023-03-02T21:25:19","date_gmt":"2023-03-02T20:25:19","guid":{"rendered":"https:\/\/pistonaddict.com\/product\/1985-porsche-911-carrera-3-2-zu-verkaufen\/"},"modified":"2024-03-22T16:10:19","modified_gmt":"2024-03-22T15:10:19","slug":"1985-porsche-911-carrera-3-2-for-sale","status":"publish","type":"product","link":"https:\/\/pistonaddict.com\/de\/product\/1985-porsche-911-carrera-3-2-for-sale\/","title":{"rendered":"1985 Porsche 911 Carrera 3.2 zu versteigern"},"content":{"rendered":"<p><strong>Auto-Geschichte<\/strong><\/p>\n<p>Der Verk\u00e4ufer erwarb dieses sch\u00f6ne Exemplar aus der Mitte der 80er Jahre 1997 in Luxemburg und importierte es in die Schweiz. Dieser Carrera ist serienm\u00e4\u00dfig mit einem 3,2-Liter-Boxermotor ausgestattet, der \u00fcber ein 5-Gang-Schaltgetriebe 231 PS auf die Hinterr\u00e4der \u00fcbertr\u00e4gt. Der Motor hat eine Einspritzanlage und ist in der Lage, diesen legend\u00e4ren Sportwagen in 5,9 Sekunden von 0 auf 100 km\/h zu beschleunigen und eine H\u00f6chstgeschwindigkeit von 245 km\/h (150 mph) zu erreichen, die immer noch respektabel ist. Es gibt keine Aufzeichnungen \u00fcber irgendwelche Motor\u00e4nderungen, aber das Auto wurde regelm\u00e4\u00dfig gewartet, wobei der letzte dokumentierte Service Ende M\u00e4rz 2022 durchgef\u00fchrt wurde. Bislang hat dieser schwarze Porsche 168.000 km zur\u00fcckgelegt.<\/p>\n<p><strong>Zustand<\/strong><\/p>\n<p>Das Fahrzeug erhielt eine komplette professionelle Neulackierung der Karosserie und eine \u00dcberholung des Motors unter Verwendung von Originalteilen und -komponenten. Es hat die technische Abnahme in der Schweiz bestanden, ist zugelassen und registriert. Die potenziellen K\u00e4ufer wollen wissen, dass die \u00d6lanalyse durchgef\u00fchrt wurde und die Ergebnisse in Ordnung sind. In den Videos k\u00f6nnen Sie sehen, dass der \u00d6ldruck und alle Anzeigen korrekt funktionieren. Der Unterboden weist keine \u00d6llecks auf, der Motorraum ist sauber, und alle Originalstempel und -markierungen sind vorhanden.<\/p>\n<p><strong>Innenbereich<\/strong><\/p>\n<p>Die Innenausstattung dieses Porsche 911 Carrera 3.2 von 1985 ist original, die Sitze und T\u00fcrverkleidungen sind mit Leder bezogen. Im Vergleich zu \u00e4hnlichen Fahrzeugen hat dieses dreifach schwarze Exemplar (Karosserie, Innenraum und Teppiche &#8211; alles schwarz) einige w\u00fcnschenswerte Optionen, die Sammler suchen. Die erste davon sind die Ledersitze mit elektrischen Optionen. Zweitens ist dieses Beispiel mit einer Klimaanlage ausgestattet, was vor allem an hei\u00dfen Sommertagen eine willkommene Erg\u00e4nzung ist. Drittens verf\u00fcgt dieser 1985er Carrera \u00fcber ein Schiebedach, elektrisch verstellbare Au\u00dfenspiegel und eine Scheinwerferwaschanlage, die allesamt zu einem besseren Erlebnis beitragen. Die Heckscheibe ist beheizt, und es gibt eine Aftermarket-Stereoanlage f\u00fcr Ihre Lieblingsmusik aus den 80ern. Der Schaltknauf ist jedoch nicht das Originalteil.<\/p>\n<p><strong>\u00c4u\u00dferes und R\u00e4der<\/strong><\/p>\n<p>Alle Au\u00dfenverkleidungen, Zierleisten und Kunststoffteile sind in perfektem Zustand, und es gibt keinen sichtbaren Rost im Bereich der Schiebedach\u00f6ffnung, was bei diesen Fahrzeugen h\u00e4ufig vorkommt. Es bedeutet, dass das Fahrzeug gut gepflegt und nur sporadisch genutzt wird. Interessanterweise hat sich der Besitzer daf\u00fcr entschieden, das Rollmaterial dieses Porsche 911 Carrera von 1985 zu verbessern. Anstelle der werksseitig korrekten 15-Zoll-R\u00e4der hat dieser Wagen 16-Zoll-Fuchs-Originalr\u00e4der mit Pirelli P Zero-Reifen. Nat\u00fcrlich sind die hinteren breiter als die vorderen. Dies ist eine g\u00e4ngige Modifikation, die sich sowohl auf das Aussehen als auch auf die Fahrdynamik auswirkt. Die Reifen wurden Mitte 2021 montiert. Das Auto kommt mit einem originalen Werkzeugsatz und Ersatzrad, was den Originalit\u00e4tsgrad zu Gunsten der Sammler zeigt.<\/p>\n<p><strong>Dokumentation<\/strong><\/p>\n<p>Es handelt sich um ein Fahrzeug in Privatbesitz mit entsprechender Dokumentation, das sich in Genf, Schweiz, befindet. Der CarVertical-Bericht ist sauber; es gibt keine Beweise f\u00fcr Unf\u00e4lle, Unfallreparaturen oder Eigentum oder rechtliche Probleme. Es gibt Aufzeichnungen \u00fcber die regelm\u00e4\u00dfige Wartung, die bis ins Jahr 2015 zur\u00fcckreichen.<\/p>\n","protected":false},"excerpt":{"rendered":"<p>Dieser 1985er Carrera 3.2 in elegantem Porsche-Schwarz mit passendem Interieur ist ein perfektes Beispiel f\u00fcr einen klassischen 911er in Fahrerqualit\u00e4t und bereit, von seinem neuen Besitzer genossen zu werden. Mit seinem unmarkierten \u00c4u\u00dferen, einigen w\u00fcnschenswerten Optionen und einem gut ausgestatteten Innenraum ist dieser Carrera ein gut gepflegter und zuverl\u00e4ssiger Klassiker mit viel Leistung, bereit f\u00fcr eine sommerliche Reise quer durch Europa mit Vertrauen.<\/p>\n","protected":false},"featured_media":29664,"comment_status":"open","ping_status":"closed","template":"","meta":{"inline_featured_image":false},"product_cat":[702],"product_tag":[1008,842,878,1007,841],"acf":[],"yoast_head":"<!-- This site is optimized with the Yoast SEO plugin v22.5 - https:\/\/yoast.com\/wordpress\/plugins\/seo\/ -->\n<title>1985 Porsche 911 Carrera 3.2 zu versteigern - Piston Addict<\/title>\n<meta name=\"description\" content=\"Schauen Sie sich diese herrliche 1985 Porsche 911 Carrera 3.2 Auktion auf PistonAddict.com an\" \/>\n<meta name=\"robots\" content=\"index, follow, max-snippet:-1, max-image-preview:large, max-video-preview:-1\" \/>\n<link rel=\"canonical\" href=\"https:\/\/pistonaddict.com\/de\/product\/1985-porsche-911-carrera-3-2-for-sale\/\" \/>\n<meta property=\"og:locale\" content=\"de_DE\" \/>\n<meta property=\"og:type\" content=\"article\" \/>\n<meta property=\"og:title\" content=\"1985 Porsche 911 Carrera 3.2 zu versteigern - Piston Addict\" \/>\n<meta property=\"og:description\" content=\"Schauen Sie sich diese herrliche 1985 Porsche 911 Carrera 3.2 Auktion auf PistonAddict.com an\" \/>\n<meta property=\"og:url\" content=\"https:\/\/pistonaddict.com\/de\/product\/1985-porsche-911-carrera-3-2-for-sale\/\" \/>\n<meta property=\"og:site_name\" content=\"Piston Addict\" \/>\n<meta property=\"article:modified_time\" content=\"2024-03-22T15:10:19+00:00\" \/>\n<meta property=\"og:image\" content=\"https:\/\/pistonaddict.com\/wp-content\/uploads\/2023\/03\/IMG_2519-scaled.jpeg\" \/>\n\t<meta property=\"og:image:width\" content=\"2560\" \/>\n\t<meta property=\"og:image:height\" content=\"1920\" \/>\n\t<meta property=\"og:image:type\" content=\"image\/jpeg\" \/>\n<meta name=\"twitter:card\" content=\"summary_large_image\" \/>\n<meta name=\"twitter:label1\" content=\"Gesch\u00e4tzte Lesezeit\" \/>\n\t<meta name=\"twitter:data1\" content=\"2\u00a0Minuten\" \/>\n<script type=\"application\/ld+json\" class=\"yoast-schema-graph\">{\"@context\":\"https:\/\/schema.org\",\"@graph\":[{\"@type\":\"WebPage\",\"@id\":\"https:\/\/pistonaddict.com\/de\/product\/1985-porsche-911-carrera-3-2-for-sale\/\",\"url\":\"https:\/\/pistonaddict.com\/de\/product\/1985-porsche-911-carrera-3-2-for-sale\/\",\"name\":\"1985 Porsche 911 Carrera 3.2 zu versteigern - Piston Addict\",\"isPartOf\":{\"@id\":\"https:\/\/pistonaddict.com\/de\/#website\"},\"primaryImageOfPage\":{\"@id\":\"https:\/\/pistonaddict.com\/de\/product\/1985-porsche-911-carrera-3-2-for-sale\/#primaryimage\"},\"image\":{\"@id\":\"https:\/\/pistonaddict.com\/de\/product\/1985-porsche-911-carrera-3-2-for-sale\/#primaryimage\"},\"thumbnailUrl\":\"https:\/\/pistonaddict.com\/wp-content\/uploads\/2023\/03\/IMG_2519-scaled.jpeg\",\"datePublished\":\"2023-03-02T20:25:19+00:00\",\"dateModified\":\"2024-03-22T15:10:19+00:00\",\"description\":\"Schauen Sie sich diese herrliche 1985 Porsche 911 Carrera 3.2 Auktion auf PistonAddict.com an\",\"breadcrumb\":{\"@id\":\"https:\/\/pistonaddict.com\/de\/product\/1985-porsche-911-carrera-3-2-for-sale\/#breadcrumb\"},\"inLanguage\":\"de\",\"potentialAction\":[{\"@type\":\"ReadAction\",\"target\":[\"https:\/\/pistonaddict.com\/de\/product\/1985-porsche-911-carrera-3-2-for-sale\/\"]}]},{\"@type\":\"ImageObject\",\"inLanguage\":\"de\",\"@id\":\"https:\/\/pistonaddict.com\/de\/product\/1985-porsche-911-carrera-3-2-for-sale\/#primaryimage\",\"url\":\"https:\/\/pistonaddict.com\/wp-content\/uploads\/2023\/03\/IMG_2519-scaled.jpeg\",\"contentUrl\":\"https:\/\/pistonaddict.com\/wp-content\/uploads\/2023\/03\/IMG_2519-scaled.jpeg\",\"width\":2560,\"height\":1920},{\"@type\":\"BreadcrumbList\",\"@id\":\"https:\/\/pistonaddict.com\/de\/product\/1985-porsche-911-carrera-3-2-for-sale\/#breadcrumb\",\"itemListElement\":[{\"@type\":\"ListItem\",\"position\":1,\"name\":\"Startseite\",\"item\":\"https:\/\/pistonaddict.com\/de\/homepage\/\"},{\"@type\":\"ListItem\",\"position\":2,\"name\":\"Auctions\",\"item\":\"https:\/\/pistonaddict.com\/auctions-listing\/\"},{\"@type\":\"ListItem\",\"position\":3,\"name\":\"1985 Porsche 911 Carrera 3.2 zu versteigern\"}]},{\"@type\":\"WebSite\",\"@id\":\"https:\/\/pistonaddict.com\/de\/#website\",\"url\":\"https:\/\/pistonaddict.com\/de\/\",\"name\":\"Piston Addict\",\"description\":\"Only interesting vehicles\",\"publisher\":{\"@id\":\"https:\/\/pistonaddict.com\/de\/#organization\"},\"potentialAction\":[{\"@type\":\"SearchAction\",\"target\":{\"@type\":\"EntryPoint\",\"urlTemplate\":\"https:\/\/pistonaddict.com\/de\/?s={search_term_string}\"},\"query-input\":\"required name=search_term_string\"}],\"inLanguage\":\"de\"},{\"@type\":\"Organization\",\"@id\":\"https:\/\/pistonaddict.com\/de\/#organization\",\"name\":\"Piston Addict\",\"url\":\"https:\/\/pistonaddict.com\/de\/\",\"logo\":{\"@type\":\"ImageObject\",\"inLanguage\":\"de\",\"@id\":\"https:\/\/pistonaddict.com\/de\/#\/schema\/logo\/image\/\",\"url\":\"https:\/\/pistonaddict.com\/wp-content\/uploads\/2022\/07\/logo-6.png\",\"contentUrl\":\"https:\/\/pistonaddict.com\/wp-content\/uploads\/2022\/07\/logo-6.png\",\"width\":970,\"height\":200,\"caption\":\"Piston Addict\"},\"image\":{\"@id\":\"https:\/\/pistonaddict.com\/de\/#\/schema\/logo\/image\/\"}}]}<\/script>\n<!-- \/ Yoast SEO plugin. -->","yoast_head_json":{"title":"1985 Porsche 911 Carrera 3.2 zu versteigern - Piston Addict","description":"Schauen Sie sich diese herrliche 1985 Porsche 911 Carrera 3.2 Auktion auf PistonAddict.com an","robots":{"index":"index","follow":"follow","max-snippet":"max-snippet:-1","max-image-preview":"max-image-preview:large","max-video-preview":"max-video-preview:-1"},"canonical":"https:\/\/pistonaddict.com\/de\/product\/1985-porsche-911-carrera-3-2-for-sale\/","og_locale":"de_DE","og_type":"article","og_title":"1985 Porsche 911 Carrera 3.2 zu versteigern - Piston Addict","og_description":"Schauen Sie sich diese herrliche 1985 Porsche 911 Carrera 3.2 Auktion auf PistonAddict.com an","og_url":"https:\/\/pistonaddict.com\/de\/product\/1985-porsche-911-carrera-3-2-for-sale\/","og_site_name":"Piston Addict","article_modified_time":"2024-03-22T15:10:19+00:00","og_image":[{"width":2560,"height":1920,"url":"https:\/\/pistonaddict.com\/wp-content\/uploads\/2023\/03\/IMG_2519-scaled.jpeg","type":"image\/jpeg"}],"twitter_card":"summary_large_image","twitter_misc":{"Gesch\u00e4tzte Lesezeit":"2\u00a0Minuten"},"schema":{"@context":"https:\/\/schema.org","@graph":[{"@type":"WebPage","@id":"https:\/\/pistonaddict.com\/de\/product\/1985-porsche-911-carrera-3-2-for-sale\/","url":"https:\/\/pistonaddict.com\/de\/product\/1985-porsche-911-carrera-3-2-for-sale\/","name":"1985 Porsche 911 Carrera 3.2 zu versteigern - Piston Addict","isPartOf":{"@id":"https:\/\/pistonaddict.com\/de\/#website"},"primaryImageOfPage":{"@id":"https:\/\/pistonaddict.com\/de\/product\/1985-porsche-911-carrera-3-2-for-sale\/#primaryimage"},"image":{"@id":"https:\/\/pistonaddict.com\/de\/product\/1985-porsche-911-carrera-3-2-for-sale\/#primaryimage"},"thumbnailUrl":"https:\/\/pistonaddict.com\/wp-content\/uploads\/2023\/03\/IMG_2519-scaled.jpeg","datePublished":"2023-03-02T20:25:19+00:00","dateModified":"2024-03-22T15:10:19+00:00","description":"Schauen Sie sich diese herrliche 1985 Porsche 911 Carrera 3.2 Auktion auf PistonAddict.com an","breadcrumb":{"@id":"https:\/\/pistonaddict.com\/de\/product\/1985-porsche-911-carrera-3-2-for-sale\/#breadcrumb"},"inLanguage":"de","potentialAction":[{"@type":"ReadAction","target":["https:\/\/pistonaddict.com\/de\/product\/1985-porsche-911-carrera-3-2-for-sale\/"]}]},{"@type":"ImageObject","inLanguage":"de","@id":"https:\/\/pistonaddict.com\/de\/product\/1985-porsche-911-carrera-3-2-for-sale\/#primaryimage","url":"https:\/\/pistonaddict.com\/wp-content\/uploads\/2023\/03\/IMG_2519-scaled.jpeg","contentUrl":"https:\/\/pistonaddict.com\/wp-content\/uploads\/2023\/03\/IMG_2519-scaled.jpeg","width":2560,"height":1920},{"@type":"BreadcrumbList","@id":"https:\/\/pistonaddict.com\/de\/product\/1985-porsche-911-carrera-3-2-for-sale\/#breadcrumb","itemListElement":[{"@type":"ListItem","position":1,"name":"Startseite","item":"https:\/\/pistonaddict.com\/de\/homepage\/"},{"@type":"ListItem","position":2,"name":"Auctions","item":"https:\/\/pistonaddict.com\/auctions-listing\/"},{"@type":"ListItem","position":3,"name":"1985 Porsche 911 Carrera 3.2 zu versteigern"}]},{"@type":"WebSite","@id":"https:\/\/pistonaddict.com\/de\/#website","url":"https:\/\/pistonaddict.com\/de\/","name":"Piston Addict","description":"Only interesting vehicles","publisher":{"@id":"https:\/\/pistonaddict.com\/de\/#organization"},"potentialAction":[{"@type":"SearchAction","target":{"@type":"EntryPoint","urlTemplate":"https:\/\/pistonaddict.com\/de\/?s={search_term_string}"},"query-input":"required name=search_term_string"}],"inLanguage":"de"},{"@type":"Organization","@id":"https:\/\/pistonaddict.com\/de\/#organization","name":"Piston Addict","url":"https:\/\/pistonaddict.com\/de\/","logo":{"@type":"ImageObject","inLanguage":"de","@id":"https:\/\/pistonaddict.com\/de\/#\/schema\/logo\/image\/","url":"https:\/\/pistonaddict.com\/wp-content\/uploads\/2022\/07\/logo-6.png","contentUrl":"https:\/\/pistonaddict.com\/wp-content\/uploads\/2022\/07\/logo-6.png","width":970,"height":200,"caption":"Piston Addict"},"image":{"@id":"https:\/\/pistonaddict.com\/de\/#\/schema\/logo\/image\/"}}]}},"_links":{"self":[{"href":"https:\/\/pistonaddict.com\/de\/wp-json\/wp\/v2\/product\/29702"}],"collection":[{"href":"https:\/\/pistonaddict.com\/de\/wp-json\/wp\/v2\/product"}],"about":[{"href":"https:\/\/pistonaddict.com\/de\/wp-json\/wp\/v2\/types\/product"}],"replies":[{"embeddable":true,"href":"https:\/\/pistonaddict.com\/de\/wp-json\/wp\/v2\/comments?post=29702"}],"wp:featuredmedia":[{"embeddable":true,"href":"https:\/\/pistonaddict.com\/de\/wp-json\/wp\/v2\/media\/29664"}],"wp:attachment":[{"href":"https:\/\/pistonaddict.com\/de\/wp-json\/wp\/v2\/media?parent=29702"}],"wp:term":[{"taxonomy":"product_cat","embeddable":true,"href":"https:\/\/pistonaddict.com\/de\/wp-json\/wp\/v2\/product_cat?post=29702"},{"taxonomy":"product_tag","embeddable":true,"href":"https:\/\/pistonaddict.com\/de\/wp-json\/wp\/v2\/product_tag?post=29702"}],"curies":[{"name":"wp","href":"https:\/\/api.w.org\/{rel}","templated":true}]}}