{"id":28014,"date":"2023-03-02T16:24:00","date_gmt":"2023-03-02T15:24:00","guid":{"rendered":"https:\/\/pistonaddict.com\/product\/2008-porsche-911-gt2\/"},"modified":"2024-03-22T16:09:08","modified_gmt":"2024-03-22T15:09:08","slug":"2008-porsche-911-gt2","status":"publish","type":"product","link":"https:\/\/pistonaddict.com\/de\/product\/2008-porsche-911-gt2\/","title":{"rendered":"2008 Porsche 911 GT2 zu versteigern"},"content":{"rendered":"<h2>\u00c4u\u00dferes<\/h2>\n<p>Der vorliegende Wagen ist schwarz lackiert und hat Bi-Xenon-Scheinwerfer. Aber was an diesem Porsche am meisten auff\u00e4llt, ist sein aggressives Aussehen. Im Vergleich zu einem serienm\u00e4\u00dfigen 911 verf\u00fcgt der GT2 \u00fcber verbreiterte Karosserieteile und Sto\u00dff\u00e4nger sowie zus\u00e4tzliche Bel\u00fcftungs\u00f6ffnungen f\u00fcr eine bessere K\u00fchlung. Gl\u00e4nzende Auspuffendst\u00fccke aus Titan sind ein weiteres bemerkenswertes Detail, das ihn von anderen Modellen unterscheidet. Ein gro\u00dfer, schwarzer Spoiler am Heck sorgt f\u00fcr ein aggressiveres Erscheinungsbild und verbessert die Aerodynamik. Der Wagen steht auf 19-Zoll-Werksr\u00e4dern mit Michelin Pilot Sport Cup2-Reifen. Diese Reifen wurden im Juli 2022 auf das Fahrzeug montiert und sind f\u00fcr den Einsatz ideal geeignet.<\/p>\n<h2>Innenbereich<\/h2>\n<p>Im Innenraum befinden sich zwei manuell verstellbare, leichte Schalensitze, die mit flammhemmendem Stoff gepolstert und mit roten Renngurten ausgestattet sind. Der Besitzer beschreibt sie <em>als neu<\/em>, und die Fotos erz\u00e4hlen dasselbe. Hinten gibt es einen werkseitig eingebauten \u00dcberrollb\u00fcgel, der das Fahrgestell versteift und die Sicherheit erh\u00f6ht. Der Rest des Innenraums ist mit schwarzem Stoff verkleidet. Der Fahrer findet sich hinter einem mit Alcantara-Leder \u00fcberzogenen Vierspeichen-Lenkrad wieder. Wie bei den meisten Porsches wird das Kombiinstrument von einem Drehzahlmesser dominiert, dessen Redline bei 7.000 U\/min liegt. Dar\u00fcber hinaus verf\u00fcgt er \u00fcber einen Tachometer, der bis zu 350 KPM erreicht, und mehrere Anzeigen, die wichtige Betriebsparameter anzeigen. Dazu geh\u00f6ren u. a. Motortemperatur, \u00d6ldruck und Kraftstoffstand. Der aktuelle Kilometerstand liegt bei etwa 12.000 Kilometern. In der Mitte des Armaturenbretts befindet sich eine Stoppuhr, die bei der Zeitmessung von Runden hilfreich ist.<\/p>\n<h2>Mechanik<\/h2>\n<p>Die Mechanik unter der Haut ist der Punkt, an dem der Charakter des GT2 voll zur Geltung kommt. Zun\u00e4chst einmal verf\u00fcgt er \u00fcber einen 3,6-Liter-Flachsechszylinder, der in den meisten 997-Modellen zum Einsatz kommt. F\u00fcr den Einsatz im GT2 ist dieser Motor jedoch mit zwei Turboladern mit variabler Geometrie und einer Kraftstoff-Direkteinspritzung ausgestattet. Diese Upgrades trugen dazu bei, die Leistung des Wagens auf gewaltige 530 PS zu steigern. Die Kraft wird \u00fcber ein herk\u00f6mmliches 6-Gang-Getriebe an die Hinterr\u00e4der \u00fcbertragen. Um Gewicht zu sparen, verzichtete Porsche auf einen Allradantrieb und das komplexe Doppelkupplungsgetriebe PDK. Ein Satz werksseitig eingebauter Keramikbremsen sorgt daf\u00fcr, dass der GT2 ebenso eindrucksvoll stoppt wie er f\u00e4hrt.<\/p>\n<h2>Service-Geschichte<\/h2>\n<p>Nach Angaben des Eigent\u00fcmers wurde der Wagen regelm\u00e4\u00dfig nach den Vorgaben des Herstellers gewartet, zuletzt im Juli 2022. Derzeit sind keine Fehler oder Warnleuchten auf dem Armaturenbrett bekannt. Au\u00dferdem sind keine auff\u00e4lligen Kratzer, Dellen oder andere Karosseriem\u00e4ngel vorhanden. Schlie\u00dflich ist dieses Fahrzeug vollst\u00e4ndig auf Lager, ohne Aftermarket-\u00c4nderungen jeglicher Art getan, um es. Mit all dem im Hinterkopf kann man sagen, dass dieser 911 GT2 <em>in perfektem Zustand<\/em> ist, so wie ihn der Besitzer beschrieben hat.<\/p>\n","protected":false},"excerpt":{"rendered":"<p>Dieser Porsche 911 GT2 aus dem Jahr 2008 mit einer Laufleistung von knapp 12.000 Kilometern wird von seinem Besitzer, der ihn fabrikneu gekauft hat, privat verkauft. Angetrieben wird er von einem 530-PS-Turbo-Boxermotor, der mit einer Sechsgang-Automatik gekoppelt ist. Zur Ausstattung geh\u00f6ren 19-Zoll-Porsche-R\u00e4der, Bi-Xenon-Scheinwerfer, Keramikbremsen, leichte Schalensitze mit Renngurten und ein werkseitig installierter \u00dcberrollb\u00fcgel. Das Auto befindet sich derzeit in der Schweiz, wo es seit dem ersten Tag zugelassen ist. Er wurde vor kurzem komplett gewartet und hat jetzt einen Satz fast brandneuer Reifen. Abgesehen von einem kleinen Kratzer an der Sto\u00dfstange im Jahr 2013, der vollst\u00e4ndig repariert wurde, ist dieser GT2 schadensfrei, was durch einen entsprechenden carVertical-Bericht best\u00e4tigt wird.<\/p>\n","protected":false},"featured_media":27895,"comment_status":"open","ping_status":"closed","template":"","meta":{"inline_featured_image":false},"product_cat":[702],"product_tag":[974,842,901,843,841],"acf":[],"yoast_head":"<!-- This site is optimized with the Yoast SEO plugin v22.5 - https:\/\/yoast.com\/wordpress\/plugins\/seo\/ -->\n<title>2008 Porsche 911 GT2 zu versteigern - Piston Addict<\/title>\n<meta name=\"description\" content=\"Sehen Sie sich diesen 2008 Porsche 911 GT2 zur Versteigerung auf PistonAddict.com an\" \/>\n<meta name=\"robots\" content=\"index, follow, max-snippet:-1, max-image-preview:large, max-video-preview:-1\" \/>\n<link rel=\"canonical\" href=\"https:\/\/pistonaddict.com\/de\/product\/2008-porsche-911-gt2\/\" \/>\n<meta property=\"og:locale\" content=\"de_DE\" \/>\n<meta property=\"og:type\" content=\"article\" \/>\n<meta property=\"og:title\" content=\"2008 Porsche 911 GT2 zu versteigern - Piston Addict\" \/>\n<meta property=\"og:description\" content=\"Sehen Sie sich diesen 2008 Porsche 911 GT2 zur Versteigerung auf PistonAddict.com an\" \/>\n<meta property=\"og:url\" content=\"https:\/\/pistonaddict.com\/de\/product\/2008-porsche-911-gt2\/\" \/>\n<meta property=\"og:site_name\" content=\"Piston Addict\" \/>\n<meta property=\"article:modified_time\" content=\"2024-03-22T15:09:08+00:00\" \/>\n<meta property=\"og:image\" content=\"https:\/\/pistonaddict.com\/wp-content\/uploads\/2023\/03\/MainGT22008.jpg\" \/>\n\t<meta property=\"og:image:width\" content=\"1200\" \/>\n\t<meta property=\"og:image:height\" content=\"798\" \/>\n\t<meta property=\"og:image:type\" content=\"image\/jpeg\" \/>\n<meta name=\"twitter:card\" content=\"summary_large_image\" \/>\n<meta name=\"twitter:label1\" content=\"Gesch\u00e4tzte Lesezeit\" \/>\n\t<meta name=\"twitter:data1\" content=\"2\u00a0Minuten\" \/>\n<script type=\"application\/ld+json\" class=\"yoast-schema-graph\">{\"@context\":\"https:\/\/schema.org\",\"@graph\":[{\"@type\":\"WebPage\",\"@id\":\"https:\/\/pistonaddict.com\/de\/product\/2008-porsche-911-gt2\/\",\"url\":\"https:\/\/pistonaddict.com\/de\/product\/2008-porsche-911-gt2\/\",\"name\":\"2008 Porsche 911 GT2 zu versteigern - Piston Addict\",\"isPartOf\":{\"@id\":\"https:\/\/pistonaddict.com\/de\/#website\"},\"primaryImageOfPage\":{\"@id\":\"https:\/\/pistonaddict.com\/de\/product\/2008-porsche-911-gt2\/#primaryimage\"},\"image\":{\"@id\":\"https:\/\/pistonaddict.com\/de\/product\/2008-porsche-911-gt2\/#primaryimage\"},\"thumbnailUrl\":\"https:\/\/pistonaddict.com\/wp-content\/uploads\/2023\/03\/MainGT22008.jpg\",\"datePublished\":\"2023-03-02T15:24:00+00:00\",\"dateModified\":\"2024-03-22T15:09:08+00:00\",\"description\":\"Sehen Sie sich diesen 2008 Porsche 911 GT2 zur Versteigerung auf PistonAddict.com an\",\"breadcrumb\":{\"@id\":\"https:\/\/pistonaddict.com\/de\/product\/2008-porsche-911-gt2\/#breadcrumb\"},\"inLanguage\":\"de\",\"potentialAction\":[{\"@type\":\"ReadAction\",\"target\":[\"https:\/\/pistonaddict.com\/de\/product\/2008-porsche-911-gt2\/\"]}]},{\"@type\":\"ImageObject\",\"inLanguage\":\"de\",\"@id\":\"https:\/\/pistonaddict.com\/de\/product\/2008-porsche-911-gt2\/#primaryimage\",\"url\":\"https:\/\/pistonaddict.com\/wp-content\/uploads\/2023\/03\/MainGT22008.jpg\",\"contentUrl\":\"https:\/\/pistonaddict.com\/wp-content\/uploads\/2023\/03\/MainGT22008.jpg\",\"width\":1200,\"height\":798},{\"@type\":\"BreadcrumbList\",\"@id\":\"https:\/\/pistonaddict.com\/de\/product\/2008-porsche-911-gt2\/#breadcrumb\",\"itemListElement\":[{\"@type\":\"ListItem\",\"position\":1,\"name\":\"Startseite\",\"item\":\"https:\/\/pistonaddict.com\/de\/homepage\/\"},{\"@type\":\"ListItem\",\"position\":2,\"name\":\"Auctions\",\"item\":\"https:\/\/pistonaddict.com\/auctions-listing\/\"},{\"@type\":\"ListItem\",\"position\":3,\"name\":\"2008 Porsche 911 GT2 zu versteigern\"}]},{\"@type\":\"WebSite\",\"@id\":\"https:\/\/pistonaddict.com\/de\/#website\",\"url\":\"https:\/\/pistonaddict.com\/de\/\",\"name\":\"Piston Addict\",\"description\":\"Only interesting vehicles\",\"publisher\":{\"@id\":\"https:\/\/pistonaddict.com\/de\/#organization\"},\"potentialAction\":[{\"@type\":\"SearchAction\",\"target\":{\"@type\":\"EntryPoint\",\"urlTemplate\":\"https:\/\/pistonaddict.com\/de\/?s={search_term_string}\"},\"query-input\":\"required name=search_term_string\"}],\"inLanguage\":\"de\"},{\"@type\":\"Organization\",\"@id\":\"https:\/\/pistonaddict.com\/de\/#organization\",\"name\":\"Piston Addict\",\"url\":\"https:\/\/pistonaddict.com\/de\/\",\"logo\":{\"@type\":\"ImageObject\",\"inLanguage\":\"de\",\"@id\":\"https:\/\/pistonaddict.com\/de\/#\/schema\/logo\/image\/\",\"url\":\"https:\/\/pistonaddict.com\/wp-content\/uploads\/2022\/07\/logo-6.png\",\"contentUrl\":\"https:\/\/pistonaddict.com\/wp-content\/uploads\/2022\/07\/logo-6.png\",\"width\":970,\"height\":200,\"caption\":\"Piston Addict\"},\"image\":{\"@id\":\"https:\/\/pistonaddict.com\/de\/#\/schema\/logo\/image\/\"}}]}<\/script>\n<!-- \/ Yoast SEO plugin. -->","yoast_head_json":{"title":"2008 Porsche 911 GT2 zu versteigern - Piston Addict","description":"Sehen Sie sich diesen 2008 Porsche 911 GT2 zur Versteigerung auf PistonAddict.com an","robots":{"index":"index","follow":"follow","max-snippet":"max-snippet:-1","max-image-preview":"max-image-preview:large","max-video-preview":"max-video-preview:-1"},"canonical":"https:\/\/pistonaddict.com\/de\/product\/2008-porsche-911-gt2\/","og_locale":"de_DE","og_type":"article","og_title":"2008 Porsche 911 GT2 zu versteigern - Piston Addict","og_description":"Sehen Sie sich diesen 2008 Porsche 911 GT2 zur Versteigerung auf PistonAddict.com an","og_url":"https:\/\/pistonaddict.com\/de\/product\/2008-porsche-911-gt2\/","og_site_name":"Piston Addict","article_modified_time":"2024-03-22T15:09:08+00:00","og_image":[{"width":1200,"height":798,"url":"https:\/\/pistonaddict.com\/wp-content\/uploads\/2023\/03\/MainGT22008.jpg","type":"image\/jpeg"}],"twitter_card":"summary_large_image","twitter_misc":{"Gesch\u00e4tzte Lesezeit":"2\u00a0Minuten"},"schema":{"@context":"https:\/\/schema.org","@graph":[{"@type":"WebPage","@id":"https:\/\/pistonaddict.com\/de\/product\/2008-porsche-911-gt2\/","url":"https:\/\/pistonaddict.com\/de\/product\/2008-porsche-911-gt2\/","name":"2008 Porsche 911 GT2 zu versteigern - Piston Addict","isPartOf":{"@id":"https:\/\/pistonaddict.com\/de\/#website"},"primaryImageOfPage":{"@id":"https:\/\/pistonaddict.com\/de\/product\/2008-porsche-911-gt2\/#primaryimage"},"image":{"@id":"https:\/\/pistonaddict.com\/de\/product\/2008-porsche-911-gt2\/#primaryimage"},"thumbnailUrl":"https:\/\/pistonaddict.com\/wp-content\/uploads\/2023\/03\/MainGT22008.jpg","datePublished":"2023-03-02T15:24:00+00:00","dateModified":"2024-03-22T15:09:08+00:00","description":"Sehen Sie sich diesen 2008 Porsche 911 GT2 zur Versteigerung auf PistonAddict.com an","breadcrumb":{"@id":"https:\/\/pistonaddict.com\/de\/product\/2008-porsche-911-gt2\/#breadcrumb"},"inLanguage":"de","potentialAction":[{"@type":"ReadAction","target":["https:\/\/pistonaddict.com\/de\/product\/2008-porsche-911-gt2\/"]}]},{"@type":"ImageObject","inLanguage":"de","@id":"https:\/\/pistonaddict.com\/de\/product\/2008-porsche-911-gt2\/#primaryimage","url":"https:\/\/pistonaddict.com\/wp-content\/uploads\/2023\/03\/MainGT22008.jpg","contentUrl":"https:\/\/pistonaddict.com\/wp-content\/uploads\/2023\/03\/MainGT22008.jpg","width":1200,"height":798},{"@type":"BreadcrumbList","@id":"https:\/\/pistonaddict.com\/de\/product\/2008-porsche-911-gt2\/#breadcrumb","itemListElement":[{"@type":"ListItem","position":1,"name":"Startseite","item":"https:\/\/pistonaddict.com\/de\/homepage\/"},{"@type":"ListItem","position":2,"name":"Auctions","item":"https:\/\/pistonaddict.com\/auctions-listing\/"},{"@type":"ListItem","position":3,"name":"2008 Porsche 911 GT2 zu versteigern"}]},{"@type":"WebSite","@id":"https:\/\/pistonaddict.com\/de\/#website","url":"https:\/\/pistonaddict.com\/de\/","name":"Piston Addict","description":"Only interesting vehicles","publisher":{"@id":"https:\/\/pistonaddict.com\/de\/#organization"},"potentialAction":[{"@type":"SearchAction","target":{"@type":"EntryPoint","urlTemplate":"https:\/\/pistonaddict.com\/de\/?s={search_term_string}"},"query-input":"required name=search_term_string"}],"inLanguage":"de"},{"@type":"Organization","@id":"https:\/\/pistonaddict.com\/de\/#organization","name":"Piston Addict","url":"https:\/\/pistonaddict.com\/de\/","logo":{"@type":"ImageObject","inLanguage":"de","@id":"https:\/\/pistonaddict.com\/de\/#\/schema\/logo\/image\/","url":"https:\/\/pistonaddict.com\/wp-content\/uploads\/2022\/07\/logo-6.png","contentUrl":"https:\/\/pistonaddict.com\/wp-content\/uploads\/2022\/07\/logo-6.png","width":970,"height":200,"caption":"Piston Addict"},"image":{"@id":"https:\/\/pistonaddict.com\/de\/#\/schema\/logo\/image\/"}}]}},"_links":{"self":[{"href":"https:\/\/pistonaddict.com\/de\/wp-json\/wp\/v2\/product\/28014"}],"collection":[{"href":"https:\/\/pistonaddict.com\/de\/wp-json\/wp\/v2\/product"}],"about":[{"href":"https:\/\/pistonaddict.com\/de\/wp-json\/wp\/v2\/types\/product"}],"replies":[{"embeddable":true,"href":"https:\/\/pistonaddict.com\/de\/wp-json\/wp\/v2\/comments?post=28014"}],"wp:featuredmedia":[{"embeddable":true,"href":"https:\/\/pistonaddict.com\/de\/wp-json\/wp\/v2\/media\/27895"}],"wp:attachment":[{"href":"https:\/\/pistonaddict.com\/de\/wp-json\/wp\/v2\/media?parent=28014"}],"wp:term":[{"taxonomy":"product_cat","embeddable":true,"href":"https:\/\/pistonaddict.com\/de\/wp-json\/wp\/v2\/product_cat?post=28014"},{"taxonomy":"product_tag","embeddable":true,"href":"https:\/\/pistonaddict.com\/de\/wp-json\/wp\/v2\/product_tag?post=28014"}],"curies":[{"name":"wp","href":"https:\/\/api.w.org\/{rel}","templated":true}]}}