{"id":108790,"date":"2024-06-11T17:05:07","date_gmt":"2024-06-11T15:05:07","guid":{"rendered":"https:\/\/pistonaddict.com\/product\/lamborghini-urraco-p250\/"},"modified":"2024-06-12T09:54:20","modified_gmt":"2024-06-12T07:54:20","slug":"lamborghini-urraco-p250","status":"publish","type":"product","link":"https:\/\/pistonaddict.com\/de\/product\/lamborghini-urraco-p250\/","title":{"rendered":"Lamborghini Urraco P250"},"content":{"rendered":"<h2>\u00c4u\u00dferes<\/h2>\n<p>\u00c4u\u00dferlich zeigt dieser italienische Viersitzer eine keilf\u00f6rmige Silhouette, die f\u00fcr die meisten Supersportwagen dieser Zeit charakteristisch ist. Die Front wird von den ikonischen Pop-up-Scheinwerfern dominiert, die eine absolute Notwendigkeit sind, um die flache, tief h\u00e4ngende Motorhaube unterzubringen. An den Seiten fallen vor allem die muskul\u00f6sen Radk\u00e4sten auf, in denen die originalen 14-Zoll-Leichtmetallfelgen mit originalgetreuen Michelin XWX-Reifen montiert sind. Au\u00dferdem wird ein aufmerksames Auge auf der R\u00fcckseite eine doppelte ANSA aus Edelstahl entdecken, die vom ber\u00fchmten Tuner Abart hergestellt wurde. Dieser Wagen ist in einem eleganten Silber lackiert, das seine aggressive Erscheinung elegant unterstreicht.<\/p>\n<h2>Innenbereich<\/h2>\n<p>Beim \u00d6ffnen der T\u00fcren kommt die \u00fcppige Nero-Innenausstattung des Lambo zum Vorschein, wobei die Schalensitze, deren Zustand vom Verk\u00e4ufer als &#8216;neu&#8217; beschrieben wird, das Bemerkenswerteste sind. Die gleiche Beschreibung kann f\u00fcr die R\u00fcckbank verwendet werden, die ger\u00e4umig genug ist, um zwei Personen aufzunehmen. Sobald der Fahrer Platz genommen hat, blickt er auf ein Lederlenkrad mit vier Speichen, hinter dem sich ein aufwendiges Kombiinstrument befindet. Neben dem Tacho, der bis 280 km\/h reicht, und dem Drehzahlmesser mit 9000 Umdrehungen pro Minute sind auch die Anzeigen f\u00fcr Motortemperatur, \u00d6ldruck und Ladespannung zu sehen. Das Armaturenbrett ist mit dunkelgrauem Alcantara-Leder \u00fcberzogen, das sich weich anf\u00fchlt und flach wirkt, so dass es die Sonnenstrahlen nicht reflektiert.<\/p>\n<h2>Mechanik<\/h2>\n<p>Als Modell P250 verf\u00fcgt dieser Urraco \u00fcber einen 2,5-Liter-V8-Motor, der 250 PS und ein ebenso beeindruckendes Drehmoment von 220 Nm erzeugt. Diese Leistung wird \u00fcber ein 5-Gang-Schaltgetriebe \u00fcbertragen und sorgt f\u00fcr eine 0-100-Zeit von knapp 7 Sekunden und eine H\u00f6chstgeschwindigkeit von 240 Stundenkilometern. Diese selbst nach heutigen Ma\u00dfst\u00e4ben beeindruckenden Leistungsdaten machten den Uracco zu einem der schnellsten Viersitzer der damaligen Zeit. Die Einzelradaufh\u00e4ngung sorgt f\u00fcr ein pr\u00e4zises Fahrverhalten, w\u00e4hrend leistungsf\u00e4hige und langlebige Scheibenbremsen an allen vier R\u00e4dern f\u00fcr sicheres Anhalten sorgen.<\/p>\n<h2>Geschichte des Fahrzeugs<\/h2>\n<p>Der Lamborghini Urraco P250, den wir hier anbieten, wurde 1975 hergestellt und hat derzeit 78.000 Kilometer auf der Uhr. In all den Jahren wurde der Wagen weder auf der Rennstrecke eingesetzt noch in einen Unfall verwickelt. Im Jahr 2016 wurde er einer umfassenden \u00dcberholung unterzogen, bei der der Motor und die Aufh\u00e4ngung komplett erneuert wurden, w\u00e4hrend der Unterboden eine neue Schicht Rostschutz erhielt. Gleichzeitig wurde das Interieur komplett neu gepolstert und der Wagen neu lackiert. Optische M\u00e4ngel beschr\u00e4nken sich auf einen kleinen Schaden an der Fahrert\u00fcr, der vor der Auslieferung an den zuk\u00fcnftigen Besitzer repariert wird. Das Fahrzeug befindet sich derzeit in Spanien, wo es seit dem ersten Tag registriert ist.<\/p>\n<p><strong>Sehen Sie sich das Kaltstartvideo dieses erstaunlichen<\/strong> <strong>Lamborghini Urraco P250<\/strong> an:<\/p>\n<p><iframe title=\"Cold Start Video of the amazing Lamborghini Urraco P250\" width=\"1200\" height=\"675\" src=\"https:\/\/www.youtube.com\/embed\/wt_LCr8LgcQ?feature=oembed\" frameborder=\"0\" allow=\"accelerometer; autoplay; clipboard-write; encrypted-media; gyroscope; picture-in-picture; web-share\" referrerpolicy=\"strict-origin-when-cross-origin\" allowfullscreen><\/iframe><\/p>\n<p><strong>Und die Videotour :<\/strong><\/p>\n<p><iframe title=\"Video Tour of the Lamborghini Urraco P250\" width=\"1200\" height=\"675\" src=\"https:\/\/www.youtube.com\/embed\/azU8K1XDHOA?feature=oembed\" frameborder=\"0\" allow=\"accelerometer; autoplay; clipboard-write; encrypted-media; gyroscope; picture-in-picture; web-share\" referrerpolicy=\"strict-origin-when-cross-origin\" allowfullscreen><\/iframe><\/p>\n","protected":false},"excerpt":{"rendered":"<p>Der Urraco, benannt nach einer Rasse von Kampfstieren aus Miura, ist ein Sportwagen, der zwischen 1972 und 1979 von Lamborghini hergestellt wurde. Dieser von Bertone entworfene Viersitzer sollte es mit Konkurrenten wie dem Ferrari 308 GT4 und dem legend\u00e4ren Porsche 911 aufnehmen. Doch obwohl der Urraco atemberaubend aussieht und leicht zu fahren ist, war er kein gro\u00dfer Verkaufserfolg. In den 7 Jahren seiner Produktion wurden nur 791 Fahrzeuge hergestellt. Die begrenzten Produktionszahlen garantieren jedoch Exklusivit\u00e4t. Wer diesen silbernen Lambo kauft, hat also etwas, das man nicht oft sieht.<\/p>\n","protected":false},"featured_media":108757,"comment_status":"open","ping_status":"closed","template":"","meta":{"inline_featured_image":false},"product_cat":[702],"product_tag":[4239,4240,4238,1007],"acf":[],"yoast_head":"<!-- This site is optimized with the Yoast SEO plugin v22.5 - https:\/\/yoast.com\/wordpress\/plugins\/seo\/ -->\n<title>Lamborghini Urraco P250 - Piston Addict<\/title>\n<meta name=\"robots\" content=\"index, follow, max-snippet:-1, max-image-preview:large, max-video-preview:-1\" \/>\n<link rel=\"canonical\" href=\"https:\/\/pistonaddict.com\/de\/product\/lamborghini-urraco-p250\/\" \/>\n<meta property=\"og:locale\" content=\"de_DE\" \/>\n<meta property=\"og:type\" content=\"article\" \/>\n<meta property=\"og:title\" content=\"Lamborghini Urraco P250 - Piston Addict\" \/>\n<meta property=\"og:description\" content=\"Der Urraco, benannt nach einer Rasse von Kampfstieren aus Miura, ist ein Sportwagen, der zwischen 1972 und 1979 von Lamborghini hergestellt wurde. Dieser von Bertone entworfene Viersitzer sollte es mit Konkurrenten wie dem Ferrari 308 GT4 und dem legend\u00e4ren Porsche 911 aufnehmen. Doch obwohl der Urraco atemberaubend aussieht und leicht zu fahren ist, war er kein gro\u00dfer Verkaufserfolg. In den 7 Jahren seiner Produktion wurden nur 791 Fahrzeuge hergestellt. Die begrenzten Produktionszahlen garantieren jedoch Exklusivit\u00e4t. Wer diesen silbernen Lambo kauft, hat also etwas, das man nicht oft sieht.\" \/>\n<meta property=\"og:url\" content=\"https:\/\/pistonaddict.com\/de\/product\/lamborghini-urraco-p250\/\" \/>\n<meta property=\"og:site_name\" content=\"Piston Addict\" \/>\n<meta property=\"article:modified_time\" content=\"2024-06-12T07:54:20+00:00\" \/>\n<meta property=\"og:image\" content=\"https:\/\/pistonaddict.com\/wp-content\/uploads\/2024\/06\/IMG-20231121-WA0182.jpg\" \/>\n\t<meta property=\"og:image:width\" content=\"2048\" \/>\n\t<meta property=\"og:image:height\" content=\"1536\" \/>\n\t<meta property=\"og:image:type\" content=\"image\/jpeg\" \/>\n<meta name=\"twitter:card\" content=\"summary_large_image\" \/>\n<meta name=\"twitter:label1\" content=\"Gesch\u00e4tzte Lesezeit\" \/>\n\t<meta name=\"twitter:data1\" content=\"2\u00a0Minuten\" \/>\n<script type=\"application\/ld+json\" class=\"yoast-schema-graph\">{\"@context\":\"https:\/\/schema.org\",\"@graph\":[{\"@type\":\"WebPage\",\"@id\":\"https:\/\/pistonaddict.com\/de\/product\/lamborghini-urraco-p250\/\",\"url\":\"https:\/\/pistonaddict.com\/de\/product\/lamborghini-urraco-p250\/\",\"name\":\"Lamborghini Urraco P250 - Piston Addict\",\"isPartOf\":{\"@id\":\"https:\/\/pistonaddict.com\/de\/#website\"},\"primaryImageOfPage\":{\"@id\":\"https:\/\/pistonaddict.com\/de\/product\/lamborghini-urraco-p250\/#primaryimage\"},\"image\":{\"@id\":\"https:\/\/pistonaddict.com\/de\/product\/lamborghini-urraco-p250\/#primaryimage\"},\"thumbnailUrl\":\"https:\/\/pistonaddict.com\/wp-content\/uploads\/2024\/06\/IMG-20231121-WA0182.jpg\",\"datePublished\":\"2024-06-11T15:05:07+00:00\",\"dateModified\":\"2024-06-12T07:54:20+00:00\",\"breadcrumb\":{\"@id\":\"https:\/\/pistonaddict.com\/de\/product\/lamborghini-urraco-p250\/#breadcrumb\"},\"inLanguage\":\"de\",\"potentialAction\":[{\"@type\":\"ReadAction\",\"target\":[\"https:\/\/pistonaddict.com\/de\/product\/lamborghini-urraco-p250\/\"]}]},{\"@type\":\"ImageObject\",\"inLanguage\":\"de\",\"@id\":\"https:\/\/pistonaddict.com\/de\/product\/lamborghini-urraco-p250\/#primaryimage\",\"url\":\"https:\/\/pistonaddict.com\/wp-content\/uploads\/2024\/06\/IMG-20231121-WA0182.jpg\",\"contentUrl\":\"https:\/\/pistonaddict.com\/wp-content\/uploads\/2024\/06\/IMG-20231121-WA0182.jpg\",\"width\":2048,\"height\":1536},{\"@type\":\"BreadcrumbList\",\"@id\":\"https:\/\/pistonaddict.com\/de\/product\/lamborghini-urraco-p250\/#breadcrumb\",\"itemListElement\":[{\"@type\":\"ListItem\",\"position\":1,\"name\":\"Startseite\",\"item\":\"https:\/\/pistonaddict.com\/de\/homepage\/\"},{\"@type\":\"ListItem\",\"position\":2,\"name\":\"Auctions\",\"item\":\"https:\/\/pistonaddict.com\/auctions-listing\/\"},{\"@type\":\"ListItem\",\"position\":3,\"name\":\"Lamborghini Urraco P250\"}]},{\"@type\":\"WebSite\",\"@id\":\"https:\/\/pistonaddict.com\/de\/#website\",\"url\":\"https:\/\/pistonaddict.com\/de\/\",\"name\":\"Piston Addict\",\"description\":\"Only interesting vehicles\",\"publisher\":{\"@id\":\"https:\/\/pistonaddict.com\/de\/#organization\"},\"potentialAction\":[{\"@type\":\"SearchAction\",\"target\":{\"@type\":\"EntryPoint\",\"urlTemplate\":\"https:\/\/pistonaddict.com\/de\/?s={search_term_string}\"},\"query-input\":\"required name=search_term_string\"}],\"inLanguage\":\"de\"},{\"@type\":\"Organization\",\"@id\":\"https:\/\/pistonaddict.com\/de\/#organization\",\"name\":\"Piston Addict\",\"url\":\"https:\/\/pistonaddict.com\/de\/\",\"logo\":{\"@type\":\"ImageObject\",\"inLanguage\":\"de\",\"@id\":\"https:\/\/pistonaddict.com\/de\/#\/schema\/logo\/image\/\",\"url\":\"https:\/\/pistonaddict.com\/wp-content\/uploads\/2022\/07\/logo-6.png\",\"contentUrl\":\"https:\/\/pistonaddict.com\/wp-content\/uploads\/2022\/07\/logo-6.png\",\"width\":970,\"height\":200,\"caption\":\"Piston Addict\"},\"image\":{\"@id\":\"https:\/\/pistonaddict.com\/de\/#\/schema\/logo\/image\/\"}}]}<\/script>\n<!-- \/ Yoast SEO plugin. -->","yoast_head_json":{"title":"Lamborghini Urraco P250 - Piston Addict","robots":{"index":"index","follow":"follow","max-snippet":"max-snippet:-1","max-image-preview":"max-image-preview:large","max-video-preview":"max-video-preview:-1"},"canonical":"https:\/\/pistonaddict.com\/de\/product\/lamborghini-urraco-p250\/","og_locale":"de_DE","og_type":"article","og_title":"Lamborghini Urraco P250 - Piston Addict","og_description":"Der Urraco, benannt nach einer Rasse von Kampfstieren aus Miura, ist ein Sportwagen, der zwischen 1972 und 1979 von Lamborghini hergestellt wurde. Dieser von Bertone entworfene Viersitzer sollte es mit Konkurrenten wie dem Ferrari 308 GT4 und dem legend\u00e4ren Porsche 911 aufnehmen. Doch obwohl der Urraco atemberaubend aussieht und leicht zu fahren ist, war er kein gro\u00dfer Verkaufserfolg. In den 7 Jahren seiner Produktion wurden nur 791 Fahrzeuge hergestellt. Die begrenzten Produktionszahlen garantieren jedoch Exklusivit\u00e4t. Wer diesen silbernen Lambo kauft, hat also etwas, das man nicht oft sieht.","og_url":"https:\/\/pistonaddict.com\/de\/product\/lamborghini-urraco-p250\/","og_site_name":"Piston Addict","article_modified_time":"2024-06-12T07:54:20+00:00","og_image":[{"width":2048,"height":1536,"url":"https:\/\/pistonaddict.com\/wp-content\/uploads\/2024\/06\/IMG-20231121-WA0182.jpg","type":"image\/jpeg"}],"twitter_card":"summary_large_image","twitter_misc":{"Gesch\u00e4tzte Lesezeit":"2\u00a0Minuten"},"schema":{"@context":"https:\/\/schema.org","@graph":[{"@type":"WebPage","@id":"https:\/\/pistonaddict.com\/de\/product\/lamborghini-urraco-p250\/","url":"https:\/\/pistonaddict.com\/de\/product\/lamborghini-urraco-p250\/","name":"Lamborghini Urraco P250 - Piston Addict","isPartOf":{"@id":"https:\/\/pistonaddict.com\/de\/#website"},"primaryImageOfPage":{"@id":"https:\/\/pistonaddict.com\/de\/product\/lamborghini-urraco-p250\/#primaryimage"},"image":{"@id":"https:\/\/pistonaddict.com\/de\/product\/lamborghini-urraco-p250\/#primaryimage"},"thumbnailUrl":"https:\/\/pistonaddict.com\/wp-content\/uploads\/2024\/06\/IMG-20231121-WA0182.jpg","datePublished":"2024-06-11T15:05:07+00:00","dateModified":"2024-06-12T07:54:20+00:00","breadcrumb":{"@id":"https:\/\/pistonaddict.com\/de\/product\/lamborghini-urraco-p250\/#breadcrumb"},"inLanguage":"de","potentialAction":[{"@type":"ReadAction","target":["https:\/\/pistonaddict.com\/de\/product\/lamborghini-urraco-p250\/"]}]},{"@type":"ImageObject","inLanguage":"de","@id":"https:\/\/pistonaddict.com\/de\/product\/lamborghini-urraco-p250\/#primaryimage","url":"https:\/\/pistonaddict.com\/wp-content\/uploads\/2024\/06\/IMG-20231121-WA0182.jpg","contentUrl":"https:\/\/pistonaddict.com\/wp-content\/uploads\/2024\/06\/IMG-20231121-WA0182.jpg","width":2048,"height":1536},{"@type":"BreadcrumbList","@id":"https:\/\/pistonaddict.com\/de\/product\/lamborghini-urraco-p250\/#breadcrumb","itemListElement":[{"@type":"ListItem","position":1,"name":"Startseite","item":"https:\/\/pistonaddict.com\/de\/homepage\/"},{"@type":"ListItem","position":2,"name":"Auctions","item":"https:\/\/pistonaddict.com\/auctions-listing\/"},{"@type":"ListItem","position":3,"name":"Lamborghini Urraco P250"}]},{"@type":"WebSite","@id":"https:\/\/pistonaddict.com\/de\/#website","url":"https:\/\/pistonaddict.com\/de\/","name":"Piston Addict","description":"Only interesting vehicles","publisher":{"@id":"https:\/\/pistonaddict.com\/de\/#organization"},"potentialAction":[{"@type":"SearchAction","target":{"@type":"EntryPoint","urlTemplate":"https:\/\/pistonaddict.com\/de\/?s={search_term_string}"},"query-input":"required name=search_term_string"}],"inLanguage":"de"},{"@type":"Organization","@id":"https:\/\/pistonaddict.com\/de\/#organization","name":"Piston Addict","url":"https:\/\/pistonaddict.com\/de\/","logo":{"@type":"ImageObject","inLanguage":"de","@id":"https:\/\/pistonaddict.com\/de\/#\/schema\/logo\/image\/","url":"https:\/\/pistonaddict.com\/wp-content\/uploads\/2022\/07\/logo-6.png","contentUrl":"https:\/\/pistonaddict.com\/wp-content\/uploads\/2022\/07\/logo-6.png","width":970,"height":200,"caption":"Piston Addict"},"image":{"@id":"https:\/\/pistonaddict.com\/de\/#\/schema\/logo\/image\/"}}]}},"_links":{"self":[{"href":"https:\/\/pistonaddict.com\/de\/wp-json\/wp\/v2\/product\/108790"}],"collection":[{"href":"https:\/\/pistonaddict.com\/de\/wp-json\/wp\/v2\/product"}],"about":[{"href":"https:\/\/pistonaddict.com\/de\/wp-json\/wp\/v2\/types\/product"}],"replies":[{"embeddable":true,"href":"https:\/\/pistonaddict.com\/de\/wp-json\/wp\/v2\/comments?post=108790"}],"wp:featuredmedia":[{"embeddable":true,"href":"https:\/\/pistonaddict.com\/de\/wp-json\/wp\/v2\/media\/108757"}],"wp:attachment":[{"href":"https:\/\/pistonaddict.com\/de\/wp-json\/wp\/v2\/media?parent=108790"}],"wp:term":[{"taxonomy":"product_cat","embeddable":true,"href":"https:\/\/pistonaddict.com\/de\/wp-json\/wp\/v2\/product_cat?post=108790"},{"taxonomy":"product_tag","embeddable":true,"href":"https:\/\/pistonaddict.com\/de\/wp-json\/wp\/v2\/product_tag?post=108790"}],"curies":[{"name":"wp","href":"https:\/\/api.w.org\/{rel}","templated":true}]}}