{"id":104248,"date":"2024-05-17T11:16:20","date_gmt":"2024-05-17T09:16:20","guid":{"rendered":"https:\/\/pistonaddict.com\/product\/1979-pontiac-bonneville-brougham\/"},"modified":"2024-05-17T15:57:17","modified_gmt":"2024-05-17T13:57:17","slug":"1979-pontiac-bonneville-brougham","status":"publish","type":"product","link":"https:\/\/pistonaddict.com\/de\/product\/1979-pontiac-bonneville-brougham\/","title":{"rendered":"1979 Pontiac Bonneville Brougham"},"content":{"rendered":"<p><strong>Auto-Geschichte<\/strong><\/p>\n<p>In der Nomenklatur von GM hatte der Pontiac Bonneville einen besonderen Platz. Obwohl er eng mit dem Chevrolet Impala und dem Caprice verwandt ist, hebt er sich durch sein einzigartiges Design, seinen gehobenen Luxus und seine Leistungsst\u00e4rke deutlich vom Rest seiner Artgenossen ab. Seit der Einf\u00fchrung des ersten Bonneville-Modells im Jahr 1958 \u00fcbt diese Marke eine besondere Anziehungskraft auf amerikanische Autofans aus. Obwohl der Bonneville 1979 weniger leistungsstark war als seine Vorg\u00e4nger, galt er als eine der besten Limousinen auf dem Markt und war die erste Wahl f\u00fcr anspruchsvolle Enthusiasten, die eine Mischung aus Luxus und Leistung wollten. Diese sechste Generation wurde 1977 eingef\u00fchrt und bis 1981 verkauft, bevor GM sie durch ein kleineres und nicht ganz so attraktives Modell ersetzte. Deshalb ist diese spezielle Bonneville so interessant. Es ist nicht nur eine der letzten echten Pontiac-Limousinen, sondern auch ein Exemplar mit einer einzigartigen Geschichte und in tadellosem Zustand. Da es sich um einen Bonneville Brougham (das Spitzenmodell) handelt, ist er auch recht selten, und Pontiac stellte in diesem Jahr nur etwa 17.300 Exemplare her. Unter der Haube arbeitet ein optionaler 350 V8 (5,7 Liter) mit 170 PS, der an ein 4-Gang-Automatikgetriebe gekoppelt ist.<\/p>\n<p>Dieses besondere Exemplar wurde urspr\u00fcnglich 1979 in Mexiko verkauft und unmittelbar danach nach Spanien importiert. Deshalb verf\u00fcgt er \u00fcber einen Tachometer in Kilometern und andere spezifische Angaben. Der Besitzer importierte ihn und nutzte ihn nur sporadisch, so dass das Auto nur 31.000 Kilometer zur\u00fcckgelegt hat. Der jetzige Besitzer erwarb ihn 2019 von der Familie des urspr\u00fcnglichen Besitzers und restaurierte das Fahrzeug (Lackierung und einige Details), wodurch diese begehrte Limousine in einen neuen Zustand versetzt wurde.<\/p>\n<p><strong>Innenbereich<\/strong><\/p>\n<p>Wenn Sie sich hinter das Steuer eines 1979er Pontiac Bonneville setzen, werden sich Ihre Vorstellungen von einer luxuri\u00f6sen Innenausstattung sofort \u00e4ndern. Massive und bequeme Velours-Sitze, viel Platz im Innenraum, verchromte Details und eine Ger\u00e4uscharmut, die selbst von vielen anderen Autos nicht \u00fcbertroffen wird. Die karamellfarbenen Polster und Teppiche passen perfekt zu den Holzmaserungseins\u00e4tzen und der Au\u00dfenfarbe, und er ist ein Paradebeispiel f\u00fcr die \u00c4sthetik von Detroit in den sp\u00e4ten 70er Jahren. Es ist au\u00dferdem ein gut ausgestattetes Fahrzeug mit elektrischen Fensterhebern und Spiegeln, einer auf modernes Gas umger\u00fcsteten automatischen Klimaanlage, einer Stereoanlage und einem Tempomat. Alles ist voll funktionsf\u00e4hig und ohne Sch\u00e4den.<\/p>\n<p><strong>Zustand des Autos<\/strong><\/p>\n<p>Mit genau 31.619 Kilometern auf dem Kilometerz\u00e4hler wurde dieser Bonneville Brougham immer in der Garage und unter einer einzigartigen Abdeckung aufbewahrt, wenn er nicht benutzt wurde. Aufgrund der k\u00fcrzlich erfolgten Neulackierung in der Originalfarbe k\u00f6nnen wir mit Sicherheit sagen, dass sich das Fahrzeug in einem neuwertigen Zustand befindet. Die verchromten Details gl\u00e4nzen, alle Zierleisten sind in perfektem Zustand, die R\u00e4der sind original und die Bereifung zeitgem\u00e4\u00df. Der Wagen wurde im April 2024 gewartet, das \u00d6l wurde gewechselt und die Bremsen wurden \u00fcberholt, w\u00e4hrend 2021 einige elektrische Arbeiten durchgef\u00fchrt wurden. In Anbetracht des Kilometerstandes, des Zustands und der Ausstattung k\u00f6nnte dies der beste 1979er Bonneville Brougham sein. Dieses Auto hat die ITV-Pr\u00fcfung bestanden, die bis 2028 g\u00fcltig ist.<\/p>\n<p><strong>\u00c4u\u00dferes und R\u00e4der<\/strong><\/p>\n<p>Die Karosserie ist nach einer professionellen und korrekten Neulackierung in der Originalfarbe makellos. Die Neulackierung war erfolgreich, da die Karosserie perfekt erhalten war und keine Korrosion, Sch\u00e4den oder Reparaturen aufwies. Auf den originalen Drahtr\u00e4dern hat der Besitzer 2021 die charakteristischen und originalen Wei\u00dfwandreifen montiert.<\/p>\n<p><strong>Dokumentation<\/strong><\/p>\n<p>Das Fahrzeug befindet sich in Spanien und wird mit einer umfangreichen Dokumentation ausgeliefert, die u.a. Quittungen \u00fcber Wartungsarbeiten, Unterlagen \u00fcber die spanische Fahrzeuginspektion und die Zulassung als Oldtimer umfasst. Es gibt keine Aufzeichnungen \u00fcber Sch\u00e4den, Diebstahl oder Versicherungsanspr\u00fcche. Die Dokumentation umfasst das Fahrzeug vom ersten Tag an und ist voller Beweise f\u00fcr die au\u00dfergew\u00f6hnliche Pflege.<\/p>\n<p><strong>Sehen Sie sich das Kaltstartvideo dieses makellosen Pontiac Bonneville von 1979 an:<\/strong><\/p>\n<p><iframe title=\"Cold Start Video of the incredible 1979 Pontiac Bonneville\" width=\"1200\" height=\"675\" src=\"https:\/\/www.youtube.com\/embed\/6DKO8uhEkN8?feature=oembed\" frameborder=\"0\" allow=\"accelerometer; autoplay; clipboard-write; encrypted-media; gyroscope; picture-in-picture; web-share\" referrerpolicy=\"strict-origin-when-cross-origin\" allowfullscreen><\/iframe><\/p>\n","protected":false},"excerpt":{"rendered":"<p>In der Automobilgeschichte wird Pontiac als die aufregende Marke von GM in Erinnerung bleiben, mit einer Reihe von kraftvollen Muscle Cars, eleganten Formen und innovativen Designs. Der Bonneville von 1979 steht an der Spitze der Modellpalette und markiert das Ende einer \u00c4ra f\u00fcr Limousinen in voller Gr\u00f6\u00dfe. Mit ihrem unvergleichlichen Stil, dem gro\u00dfz\u00fcgigen Platzangebot und einer Reihe von Luxusmerkmalen ist diese Limousine ein Paradebeispiel f\u00fcr ein klassisches amerikanisches Automobil.<\/p>\n","protected":false},"featured_media":104288,"comment_status":"open","ping_status":"closed","template":"","meta":{"inline_featured_image":false},"product_cat":[702],"product_tag":[3993,4020,901],"acf":[],"yoast_head":"<!-- This site is optimized with the Yoast SEO plugin v22.5 - https:\/\/yoast.com\/wordpress\/plugins\/seo\/ -->\n<title>1979 Pontiac Bonneville Brougham - Piston Addict<\/title>\n<meta name=\"robots\" content=\"index, follow, max-snippet:-1, max-image-preview:large, max-video-preview:-1\" \/>\n<link rel=\"canonical\" href=\"https:\/\/pistonaddict.com\/de\/product\/1979-pontiac-bonneville-brougham\/\" \/>\n<meta property=\"og:locale\" content=\"de_DE\" \/>\n<meta property=\"og:type\" content=\"article\" \/>\n<meta property=\"og:title\" content=\"1979 Pontiac Bonneville Brougham - Piston Addict\" \/>\n<meta property=\"og:description\" content=\"In der Automobilgeschichte wird Pontiac als die aufregende Marke von GM in Erinnerung bleiben, mit einer Reihe von kraftvollen Muscle Cars, eleganten Formen und innovativen Designs. Der Bonneville von 1979 steht an der Spitze der Modellpalette und markiert das Ende einer \u00c4ra f\u00fcr Limousinen in voller Gr\u00f6\u00dfe. Mit ihrem unvergleichlichen Stil, dem gro\u00dfz\u00fcgigen Platzangebot und einer Reihe von Luxusmerkmalen ist diese Limousine ein Paradebeispiel f\u00fcr ein klassisches amerikanisches Automobil.\" \/>\n<meta property=\"og:url\" content=\"https:\/\/pistonaddict.com\/de\/product\/1979-pontiac-bonneville-brougham\/\" \/>\n<meta property=\"og:site_name\" content=\"Piston Addict\" \/>\n<meta property=\"article:modified_time\" content=\"2024-05-17T13:57:17+00:00\" \/>\n<meta property=\"og:image\" content=\"https:\/\/pistonaddict.com\/wp-content\/uploads\/2024\/05\/5a7bfe0d-cda7-49a4-89d2-85a67cfe2d90-1.jpg\" \/>\n\t<meta property=\"og:image:width\" content=\"2016\" \/>\n\t<meta property=\"og:image:height\" content=\"1134\" \/>\n\t<meta property=\"og:image:type\" content=\"image\/jpeg\" \/>\n<meta name=\"twitter:card\" content=\"summary_large_image\" \/>\n<meta name=\"twitter:label1\" content=\"Gesch\u00e4tzte Lesezeit\" \/>\n\t<meta name=\"twitter:data1\" content=\"3\u00a0Minuten\" \/>\n<script type=\"application\/ld+json\" class=\"yoast-schema-graph\">{\"@context\":\"https:\/\/schema.org\",\"@graph\":[{\"@type\":\"WebPage\",\"@id\":\"https:\/\/pistonaddict.com\/de\/product\/1979-pontiac-bonneville-brougham\/\",\"url\":\"https:\/\/pistonaddict.com\/de\/product\/1979-pontiac-bonneville-brougham\/\",\"name\":\"1979 Pontiac Bonneville Brougham - Piston Addict\",\"isPartOf\":{\"@id\":\"https:\/\/pistonaddict.com\/de\/#website\"},\"primaryImageOfPage\":{\"@id\":\"https:\/\/pistonaddict.com\/de\/product\/1979-pontiac-bonneville-brougham\/#primaryimage\"},\"image\":{\"@id\":\"https:\/\/pistonaddict.com\/de\/product\/1979-pontiac-bonneville-brougham\/#primaryimage\"},\"thumbnailUrl\":\"https:\/\/pistonaddict.com\/wp-content\/uploads\/2024\/05\/5a7bfe0d-cda7-49a4-89d2-85a67cfe2d90-1.jpg\",\"datePublished\":\"2024-05-17T09:16:20+00:00\",\"dateModified\":\"2024-05-17T13:57:17+00:00\",\"breadcrumb\":{\"@id\":\"https:\/\/pistonaddict.com\/de\/product\/1979-pontiac-bonneville-brougham\/#breadcrumb\"},\"inLanguage\":\"de\",\"potentialAction\":[{\"@type\":\"ReadAction\",\"target\":[\"https:\/\/pistonaddict.com\/de\/product\/1979-pontiac-bonneville-brougham\/\"]}]},{\"@type\":\"ImageObject\",\"inLanguage\":\"de\",\"@id\":\"https:\/\/pistonaddict.com\/de\/product\/1979-pontiac-bonneville-brougham\/#primaryimage\",\"url\":\"https:\/\/pistonaddict.com\/wp-content\/uploads\/2024\/05\/5a7bfe0d-cda7-49a4-89d2-85a67cfe2d90-1.jpg\",\"contentUrl\":\"https:\/\/pistonaddict.com\/wp-content\/uploads\/2024\/05\/5a7bfe0d-cda7-49a4-89d2-85a67cfe2d90-1.jpg\",\"width\":2016,\"height\":1134},{\"@type\":\"BreadcrumbList\",\"@id\":\"https:\/\/pistonaddict.com\/de\/product\/1979-pontiac-bonneville-brougham\/#breadcrumb\",\"itemListElement\":[{\"@type\":\"ListItem\",\"position\":1,\"name\":\"Startseite\",\"item\":\"https:\/\/pistonaddict.com\/de\/homepage\/\"},{\"@type\":\"ListItem\",\"position\":2,\"name\":\"Auctions\",\"item\":\"https:\/\/pistonaddict.com\/auctions-listing\/\"},{\"@type\":\"ListItem\",\"position\":3,\"name\":\"1979 Pontiac Bonneville Brougham\"}]},{\"@type\":\"WebSite\",\"@id\":\"https:\/\/pistonaddict.com\/de\/#website\",\"url\":\"https:\/\/pistonaddict.com\/de\/\",\"name\":\"Piston Addict\",\"description\":\"Only interesting vehicles\",\"publisher\":{\"@id\":\"https:\/\/pistonaddict.com\/de\/#organization\"},\"potentialAction\":[{\"@type\":\"SearchAction\",\"target\":{\"@type\":\"EntryPoint\",\"urlTemplate\":\"https:\/\/pistonaddict.com\/de\/?s={search_term_string}\"},\"query-input\":\"required name=search_term_string\"}],\"inLanguage\":\"de\"},{\"@type\":\"Organization\",\"@id\":\"https:\/\/pistonaddict.com\/de\/#organization\",\"name\":\"Piston Addict\",\"url\":\"https:\/\/pistonaddict.com\/de\/\",\"logo\":{\"@type\":\"ImageObject\",\"inLanguage\":\"de\",\"@id\":\"https:\/\/pistonaddict.com\/de\/#\/schema\/logo\/image\/\",\"url\":\"https:\/\/pistonaddict.com\/wp-content\/uploads\/2022\/07\/logo-6.png\",\"contentUrl\":\"https:\/\/pistonaddict.com\/wp-content\/uploads\/2022\/07\/logo-6.png\",\"width\":970,\"height\":200,\"caption\":\"Piston Addict\"},\"image\":{\"@id\":\"https:\/\/pistonaddict.com\/de\/#\/schema\/logo\/image\/\"}}]}<\/script>\n<!-- \/ Yoast SEO plugin. -->","yoast_head_json":{"title":"1979 Pontiac Bonneville Brougham - Piston Addict","robots":{"index":"index","follow":"follow","max-snippet":"max-snippet:-1","max-image-preview":"max-image-preview:large","max-video-preview":"max-video-preview:-1"},"canonical":"https:\/\/pistonaddict.com\/de\/product\/1979-pontiac-bonneville-brougham\/","og_locale":"de_DE","og_type":"article","og_title":"1979 Pontiac Bonneville Brougham - Piston Addict","og_description":"In der Automobilgeschichte wird Pontiac als die aufregende Marke von GM in Erinnerung bleiben, mit einer Reihe von kraftvollen Muscle Cars, eleganten Formen und innovativen Designs. Der Bonneville von 1979 steht an der Spitze der Modellpalette und markiert das Ende einer \u00c4ra f\u00fcr Limousinen in voller Gr\u00f6\u00dfe. Mit ihrem unvergleichlichen Stil, dem gro\u00dfz\u00fcgigen Platzangebot und einer Reihe von Luxusmerkmalen ist diese Limousine ein Paradebeispiel f\u00fcr ein klassisches amerikanisches Automobil.","og_url":"https:\/\/pistonaddict.com\/de\/product\/1979-pontiac-bonneville-brougham\/","og_site_name":"Piston Addict","article_modified_time":"2024-05-17T13:57:17+00:00","og_image":[{"width":2016,"height":1134,"url":"https:\/\/pistonaddict.com\/wp-content\/uploads\/2024\/05\/5a7bfe0d-cda7-49a4-89d2-85a67cfe2d90-1.jpg","type":"image\/jpeg"}],"twitter_card":"summary_large_image","twitter_misc":{"Gesch\u00e4tzte Lesezeit":"3\u00a0Minuten"},"schema":{"@context":"https:\/\/schema.org","@graph":[{"@type":"WebPage","@id":"https:\/\/pistonaddict.com\/de\/product\/1979-pontiac-bonneville-brougham\/","url":"https:\/\/pistonaddict.com\/de\/product\/1979-pontiac-bonneville-brougham\/","name":"1979 Pontiac Bonneville Brougham - Piston Addict","isPartOf":{"@id":"https:\/\/pistonaddict.com\/de\/#website"},"primaryImageOfPage":{"@id":"https:\/\/pistonaddict.com\/de\/product\/1979-pontiac-bonneville-brougham\/#primaryimage"},"image":{"@id":"https:\/\/pistonaddict.com\/de\/product\/1979-pontiac-bonneville-brougham\/#primaryimage"},"thumbnailUrl":"https:\/\/pistonaddict.com\/wp-content\/uploads\/2024\/05\/5a7bfe0d-cda7-49a4-89d2-85a67cfe2d90-1.jpg","datePublished":"2024-05-17T09:16:20+00:00","dateModified":"2024-05-17T13:57:17+00:00","breadcrumb":{"@id":"https:\/\/pistonaddict.com\/de\/product\/1979-pontiac-bonneville-brougham\/#breadcrumb"},"inLanguage":"de","potentialAction":[{"@type":"ReadAction","target":["https:\/\/pistonaddict.com\/de\/product\/1979-pontiac-bonneville-brougham\/"]}]},{"@type":"ImageObject","inLanguage":"de","@id":"https:\/\/pistonaddict.com\/de\/product\/1979-pontiac-bonneville-brougham\/#primaryimage","url":"https:\/\/pistonaddict.com\/wp-content\/uploads\/2024\/05\/5a7bfe0d-cda7-49a4-89d2-85a67cfe2d90-1.jpg","contentUrl":"https:\/\/pistonaddict.com\/wp-content\/uploads\/2024\/05\/5a7bfe0d-cda7-49a4-89d2-85a67cfe2d90-1.jpg","width":2016,"height":1134},{"@type":"BreadcrumbList","@id":"https:\/\/pistonaddict.com\/de\/product\/1979-pontiac-bonneville-brougham\/#breadcrumb","itemListElement":[{"@type":"ListItem","position":1,"name":"Startseite","item":"https:\/\/pistonaddict.com\/de\/homepage\/"},{"@type":"ListItem","position":2,"name":"Auctions","item":"https:\/\/pistonaddict.com\/auctions-listing\/"},{"@type":"ListItem","position":3,"name":"1979 Pontiac Bonneville Brougham"}]},{"@type":"WebSite","@id":"https:\/\/pistonaddict.com\/de\/#website","url":"https:\/\/pistonaddict.com\/de\/","name":"Piston Addict","description":"Only interesting vehicles","publisher":{"@id":"https:\/\/pistonaddict.com\/de\/#organization"},"potentialAction":[{"@type":"SearchAction","target":{"@type":"EntryPoint","urlTemplate":"https:\/\/pistonaddict.com\/de\/?s={search_term_string}"},"query-input":"required name=search_term_string"}],"inLanguage":"de"},{"@type":"Organization","@id":"https:\/\/pistonaddict.com\/de\/#organization","name":"Piston Addict","url":"https:\/\/pistonaddict.com\/de\/","logo":{"@type":"ImageObject","inLanguage":"de","@id":"https:\/\/pistonaddict.com\/de\/#\/schema\/logo\/image\/","url":"https:\/\/pistonaddict.com\/wp-content\/uploads\/2022\/07\/logo-6.png","contentUrl":"https:\/\/pistonaddict.com\/wp-content\/uploads\/2022\/07\/logo-6.png","width":970,"height":200,"caption":"Piston Addict"},"image":{"@id":"https:\/\/pistonaddict.com\/de\/#\/schema\/logo\/image\/"}}]}},"_links":{"self":[{"href":"https:\/\/pistonaddict.com\/de\/wp-json\/wp\/v2\/product\/104248"}],"collection":[{"href":"https:\/\/pistonaddict.com\/de\/wp-json\/wp\/v2\/product"}],"about":[{"href":"https:\/\/pistonaddict.com\/de\/wp-json\/wp\/v2\/types\/product"}],"replies":[{"embeddable":true,"href":"https:\/\/pistonaddict.com\/de\/wp-json\/wp\/v2\/comments?post=104248"}],"wp:featuredmedia":[{"embeddable":true,"href":"https:\/\/pistonaddict.com\/de\/wp-json\/wp\/v2\/media\/104288"}],"wp:attachment":[{"href":"https:\/\/pistonaddict.com\/de\/wp-json\/wp\/v2\/media?parent=104248"}],"wp:term":[{"taxonomy":"product_cat","embeddable":true,"href":"https:\/\/pistonaddict.com\/de\/wp-json\/wp\/v2\/product_cat?post=104248"},{"taxonomy":"product_tag","embeddable":true,"href":"https:\/\/pistonaddict.com\/de\/wp-json\/wp\/v2\/product_tag?post=104248"}],"curies":[{"name":"wp","href":"https:\/\/api.w.org\/{rel}","templated":true}]}}