{"id":10058,"date":"2022-06-12T14:24:29","date_gmt":"2022-06-12T12:24:29","guid":{"rendered":"https:\/\/pistonaddict.com\/produit\/klassisch\/"},"modified":"2023-11-29T10:39:30","modified_gmt":"2023-11-29T09:39:30","slug":"klassisch","status":"publish","type":"product","link":"https:\/\/pistonaddict.com\/de\/product\/klassisch\/","title":{"rendered":"Klassisch"},"content":{"rendered":"<p><strong>Wie funktioniert es?<\/strong><\/p>\n<ol>\n<li>Sie abonnieren f\u00fcr 99\u20ac<\/li>\n<li>Sie melden Ihr Fahrzeug an<\/li>\n<li>Wir akzeptieren es, wenn es passt<\/li>\n<li>Wir schreiben Ihre Anzeige<\/li>\n<li>Sie bearbeiten und genehmigen Ihre Anzeige<\/li>\n<li>Ihre Anzeige ist online<\/li>\n<\/ol>\n","protected":false},"excerpt":{"rendered":"<p>Der beste Ort, um ein Fahrzeug zu verkaufen. 99\u20ac f\u00fcr die Einreichung, keine weiteren Geb\u00fchren f\u00fcr den Verk\u00e4ufer und eine individuelle Auktion auf unserer Website.<\/p>\n","protected":false},"featured_media":1695,"comment_status":"closed","ping_status":"closed","template":"","meta":{"inline_featured_image":false},"product_cat":[],"product_tag":[],"acf":[],"yoast_head":"<!-- This site is optimized with the Yoast SEO plugin v22.5 - https:\/\/yoast.com\/wordpress\/plugins\/seo\/ -->\n<title>Klassisch - Piston Addict<\/title>\n<meta name=\"robots\" content=\"index, follow, max-snippet:-1, max-image-preview:large, max-video-preview:-1\" \/>\n<link rel=\"canonical\" href=\"https:\/\/pistonaddict.com\/de\/product\/klassisch\/\" \/>\n<meta property=\"og:locale\" content=\"de_DE\" \/>\n<meta property=\"og:type\" content=\"article\" \/>\n<meta property=\"og:title\" content=\"Klassisch - Piston Addict\" \/>\n<meta property=\"og:description\" content=\"Der beste Ort, um ein Fahrzeug zu verkaufen. 99\u20ac f\u00fcr die Einreichung, keine weiteren Geb\u00fchren f\u00fcr den Verk\u00e4ufer und eine individuelle Auktion auf unserer Website.\" \/>\n<meta property=\"og:url\" content=\"https:\/\/pistonaddict.com\/de\/product\/klassisch\/\" \/>\n<meta property=\"og:site_name\" content=\"Piston Addict\" \/>\n<meta property=\"article:modified_time\" content=\"2023-11-29T09:39:30+00:00\" \/>\n<meta property=\"og:image\" content=\"https:\/\/pistonaddict.com\/wp-content\/uploads\/2022\/05\/cropped-PA-Favicon.png\" \/>\n\t<meta property=\"og:image:width\" content=\"512\" \/>\n\t<meta property=\"og:image:height\" content=\"512\" \/>\n\t<meta property=\"og:image:type\" content=\"image\/png\" \/>\n<meta name=\"twitter:card\" content=\"summary_large_image\" \/>\n<script type=\"application\/ld+json\" class=\"yoast-schema-graph\">{\"@context\":\"https:\/\/schema.org\",\"@graph\":[{\"@type\":\"WebPage\",\"@id\":\"https:\/\/pistonaddict.com\/de\/product\/klassisch\/\",\"url\":\"https:\/\/pistonaddict.com\/de\/product\/klassisch\/\",\"name\":\"Klassisch - Piston Addict\",\"isPartOf\":{\"@id\":\"https:\/\/pistonaddict.com\/de\/#website\"},\"primaryImageOfPage\":{\"@id\":\"https:\/\/pistonaddict.com\/de\/product\/klassisch\/#primaryimage\"},\"image\":{\"@id\":\"https:\/\/pistonaddict.com\/de\/product\/klassisch\/#primaryimage\"},\"thumbnailUrl\":\"https:\/\/pistonaddict.com\/wp-content\/uploads\/2022\/05\/cropped-PA-Favicon.png\",\"datePublished\":\"2022-06-12T12:24:29+00:00\",\"dateModified\":\"2023-11-29T09:39:30+00:00\",\"breadcrumb\":{\"@id\":\"https:\/\/pistonaddict.com\/de\/product\/klassisch\/#breadcrumb\"},\"inLanguage\":\"de\",\"potentialAction\":[{\"@type\":\"ReadAction\",\"target\":[\"https:\/\/pistonaddict.com\/de\/product\/klassisch\/\"]}]},{\"@type\":\"ImageObject\",\"inLanguage\":\"de\",\"@id\":\"https:\/\/pistonaddict.com\/de\/product\/klassisch\/#primaryimage\",\"url\":\"https:\/\/pistonaddict.com\/wp-content\/uploads\/2022\/05\/cropped-PA-Favicon.png\",\"contentUrl\":\"https:\/\/pistonaddict.com\/wp-content\/uploads\/2022\/05\/cropped-PA-Favicon.png\",\"width\":512,\"height\":512},{\"@type\":\"BreadcrumbList\",\"@id\":\"https:\/\/pistonaddict.com\/de\/product\/klassisch\/#breadcrumb\",\"itemListElement\":[{\"@type\":\"ListItem\",\"position\":1,\"name\":\"Startseite\",\"item\":\"https:\/\/pistonaddict.com\/de\/homepage\/\"},{\"@type\":\"ListItem\",\"position\":2,\"name\":\"Auctions\",\"item\":\"https:\/\/pistonaddict.com\/auctions-listing\/\"},{\"@type\":\"ListItem\",\"position\":3,\"name\":\"Klassisch\"}]},{\"@type\":\"WebSite\",\"@id\":\"https:\/\/pistonaddict.com\/de\/#website\",\"url\":\"https:\/\/pistonaddict.com\/de\/\",\"name\":\"Piston Addict\",\"description\":\"Only interesting vehicles\",\"publisher\":{\"@id\":\"https:\/\/pistonaddict.com\/de\/#organization\"},\"potentialAction\":[{\"@type\":\"SearchAction\",\"target\":{\"@type\":\"EntryPoint\",\"urlTemplate\":\"https:\/\/pistonaddict.com\/de\/?s={search_term_string}\"},\"query-input\":\"required name=search_term_string\"}],\"inLanguage\":\"de\"},{\"@type\":\"Organization\",\"@id\":\"https:\/\/pistonaddict.com\/de\/#organization\",\"name\":\"Piston Addict\",\"url\":\"https:\/\/pistonaddict.com\/de\/\",\"logo\":{\"@type\":\"ImageObject\",\"inLanguage\":\"de\",\"@id\":\"https:\/\/pistonaddict.com\/de\/#\/schema\/logo\/image\/\",\"url\":\"https:\/\/pistonaddict.com\/wp-content\/uploads\/2022\/07\/logo-6.png\",\"contentUrl\":\"https:\/\/pistonaddict.com\/wp-content\/uploads\/2022\/07\/logo-6.png\",\"width\":970,\"height\":200,\"caption\":\"Piston Addict\"},\"image\":{\"@id\":\"https:\/\/pistonaddict.com\/de\/#\/schema\/logo\/image\/\"}}]}<\/script>\n<!-- \/ Yoast SEO plugin. -->","yoast_head_json":{"title":"Klassisch - Piston Addict","robots":{"index":"index","follow":"follow","max-snippet":"max-snippet:-1","max-image-preview":"max-image-preview:large","max-video-preview":"max-video-preview:-1"},"canonical":"https:\/\/pistonaddict.com\/de\/product\/klassisch\/","og_locale":"de_DE","og_type":"article","og_title":"Klassisch - Piston Addict","og_description":"Der beste Ort, um ein Fahrzeug zu verkaufen. 99\u20ac f\u00fcr die Einreichung, keine weiteren Geb\u00fchren f\u00fcr den Verk\u00e4ufer und eine individuelle Auktion auf unserer Website.","og_url":"https:\/\/pistonaddict.com\/de\/product\/klassisch\/","og_site_name":"Piston Addict","article_modified_time":"2023-11-29T09:39:30+00:00","og_image":[{"width":512,"height":512,"url":"https:\/\/pistonaddict.com\/wp-content\/uploads\/2022\/05\/cropped-PA-Favicon.png","type":"image\/png"}],"twitter_card":"summary_large_image","schema":{"@context":"https:\/\/schema.org","@graph":[{"@type":"WebPage","@id":"https:\/\/pistonaddict.com\/de\/product\/klassisch\/","url":"https:\/\/pistonaddict.com\/de\/product\/klassisch\/","name":"Klassisch - Piston Addict","isPartOf":{"@id":"https:\/\/pistonaddict.com\/de\/#website"},"primaryImageOfPage":{"@id":"https:\/\/pistonaddict.com\/de\/product\/klassisch\/#primaryimage"},"image":{"@id":"https:\/\/pistonaddict.com\/de\/product\/klassisch\/#primaryimage"},"thumbnailUrl":"https:\/\/pistonaddict.com\/wp-content\/uploads\/2022\/05\/cropped-PA-Favicon.png","datePublished":"2022-06-12T12:24:29+00:00","dateModified":"2023-11-29T09:39:30+00:00","breadcrumb":{"@id":"https:\/\/pistonaddict.com\/de\/product\/klassisch\/#breadcrumb"},"inLanguage":"de","potentialAction":[{"@type":"ReadAction","target":["https:\/\/pistonaddict.com\/de\/product\/klassisch\/"]}]},{"@type":"ImageObject","inLanguage":"de","@id":"https:\/\/pistonaddict.com\/de\/product\/klassisch\/#primaryimage","url":"https:\/\/pistonaddict.com\/wp-content\/uploads\/2022\/05\/cropped-PA-Favicon.png","contentUrl":"https:\/\/pistonaddict.com\/wp-content\/uploads\/2022\/05\/cropped-PA-Favicon.png","width":512,"height":512},{"@type":"BreadcrumbList","@id":"https:\/\/pistonaddict.com\/de\/product\/klassisch\/#breadcrumb","itemListElement":[{"@type":"ListItem","position":1,"name":"Startseite","item":"https:\/\/pistonaddict.com\/de\/homepage\/"},{"@type":"ListItem","position":2,"name":"Auctions","item":"https:\/\/pistonaddict.com\/auctions-listing\/"},{"@type":"ListItem","position":3,"name":"Klassisch"}]},{"@type":"WebSite","@id":"https:\/\/pistonaddict.com\/de\/#website","url":"https:\/\/pistonaddict.com\/de\/","name":"Piston Addict","description":"Only interesting vehicles","publisher":{"@id":"https:\/\/pistonaddict.com\/de\/#organization"},"potentialAction":[{"@type":"SearchAction","target":{"@type":"EntryPoint","urlTemplate":"https:\/\/pistonaddict.com\/de\/?s={search_term_string}"},"query-input":"required name=search_term_string"}],"inLanguage":"de"},{"@type":"Organization","@id":"https:\/\/pistonaddict.com\/de\/#organization","name":"Piston Addict","url":"https:\/\/pistonaddict.com\/de\/","logo":{"@type":"ImageObject","inLanguage":"de","@id":"https:\/\/pistonaddict.com\/de\/#\/schema\/logo\/image\/","url":"https:\/\/pistonaddict.com\/wp-content\/uploads\/2022\/07\/logo-6.png","contentUrl":"https:\/\/pistonaddict.com\/wp-content\/uploads\/2022\/07\/logo-6.png","width":970,"height":200,"caption":"Piston Addict"},"image":{"@id":"https:\/\/pistonaddict.com\/de\/#\/schema\/logo\/image\/"}}]}},"_links":{"self":[{"href":"https:\/\/pistonaddict.com\/de\/wp-json\/wp\/v2\/product\/10058"}],"collection":[{"href":"https:\/\/pistonaddict.com\/de\/wp-json\/wp\/v2\/product"}],"about":[{"href":"https:\/\/pistonaddict.com\/de\/wp-json\/wp\/v2\/types\/product"}],"replies":[{"embeddable":true,"href":"https:\/\/pistonaddict.com\/de\/wp-json\/wp\/v2\/comments?post=10058"}],"wp:featuredmedia":[{"embeddable":true,"href":"https:\/\/pistonaddict.com\/de\/wp-json\/wp\/v2\/media\/1695"}],"wp:attachment":[{"href":"https:\/\/pistonaddict.com\/de\/wp-json\/wp\/v2\/media?parent=10058"}],"wp:term":[{"taxonomy":"product_cat","embeddable":true,"href":"https:\/\/pistonaddict.com\/de\/wp-json\/wp\/v2\/product_cat?post=10058"},{"taxonomy":"product_tag","embeddable":true,"href":"https:\/\/pistonaddict.com\/de\/wp-json\/wp\/v2\/product_tag?post=10058"}],"curies":[{"name":"wp","href":"https:\/\/api.w.org\/{rel}","templated":true}]}}