{"id":51258,"date":"2022-04-28T09:17:25","date_gmt":"2022-04-28T07:17:25","guid":{"rendered":"https:\/\/pistonaddict.com\/homepage\/"},"modified":"2024-05-17T17:25:38","modified_gmt":"2024-05-17T15:25:38","slug":"homepage","status":"publish","type":"page","link":"https:\/\/pistonaddict.com\/de\/","title":{"rendered":"Homepage"},"content":{"rendered":"","protected":false},"excerpt":{"rendered":"","protected":false},"author":1,"featured_media":0,"parent":0,"menu_order":0,"comment_status":"closed","ping_status":"closed","template":"template-parts\/tpl-accueil.php","meta":{"inline_featured_image":false,"footnotes":""},"acf":[],"yoast_head":"<!-- This site is optimized with the Yoast SEO plugin v22.5 - https:\/\/yoast.com\/wordpress\/plugins\/seo\/ -->\n<title>Piston Addict : Online-Auktionsmarktplatz f\u00fcr Autos<\/title>\n<meta name=\"description\" content=\"Piston Addict Auctions ist der internationale Marktplatz f\u00fcr Oldtimer und klassische Fahrzeuge. Verkaufen und ersteigern Sie das Fahrzeug Ihrer Tr\u00e4ume auf Piston Addict, nur interessante Fahrzeuge, vom Oldtimer-Motorrad bis zum Hypercars. Sie k\u00f6nnen sich auch mit Piston Addict Autoartikeln, die von unseren Automobiljournalisten geschrieben wurden, \u00fcber Ihr n\u00e4chstes Fahrzeug informieren und Fragen an die Piston Addict Community stellen.\" \/>\n<meta name=\"robots\" content=\"index, follow, max-snippet:-1, max-image-preview:large, max-video-preview:-1\" \/>\n<link rel=\"canonical\" href=\"https:\/\/pistonaddict.com\/de\/\" \/>\n<meta property=\"og:locale\" content=\"de_DE\" \/>\n<meta property=\"og:type\" content=\"article\" \/>\n<meta property=\"og:title\" content=\"Piston Addict : Online-Auktionsmarktplatz f\u00fcr Autos\" \/>\n<meta property=\"og:description\" content=\"Piston Addict Auctions ist der internationale Marktplatz f\u00fcr Oldtimer und klassische Fahrzeuge. Verkaufen und ersteigern Sie das Fahrzeug Ihrer Tr\u00e4ume auf Piston Addict, nur interessante Fahrzeuge, vom Oldtimer-Motorrad bis zum Hypercars. Sie k\u00f6nnen sich auch mit Piston Addict Autoartikeln, die von unseren Automobiljournalisten geschrieben wurden, \u00fcber Ihr n\u00e4chstes Fahrzeug informieren und Fragen an die Piston Addict Community stellen.\" \/>\n<meta property=\"og:url\" content=\"https:\/\/pistonaddict.com\/de\/\" \/>\n<meta property=\"og:site_name\" content=\"Piston Addict\" \/>\n<meta property=\"article:modified_time\" content=\"2024-05-17T15:25:38+00:00\" \/>\n<meta name=\"twitter:card\" content=\"summary_large_image\" \/>\n<script type=\"application\/ld+json\" class=\"yoast-schema-graph\">{\"@context\":\"https:\/\/schema.org\",\"@graph\":[{\"@type\":\"WebPage\",\"@id\":\"https:\/\/pistonaddict.com\/de\/\",\"url\":\"https:\/\/pistonaddict.com\/de\/\",\"name\":\"Piston Addict : Online-Auktionsmarktplatz f\u00fcr Autos\",\"isPartOf\":{\"@id\":\"https:\/\/pistonaddict.com\/de\/#website\"},\"datePublished\":\"2022-04-28T07:17:25+00:00\",\"dateModified\":\"2024-05-17T15:25:38+00:00\",\"description\":\"Piston Addict Auctions ist der internationale Marktplatz f\u00fcr Oldtimer und klassische Fahrzeuge. Verkaufen und ersteigern Sie das Fahrzeug Ihrer Tr\u00e4ume auf Piston Addict, nur interessante Fahrzeuge, vom Oldtimer-Motorrad bis zum Hypercars. Sie k\u00f6nnen sich auch mit Piston Addict Autoartikeln, die von unseren Automobiljournalisten geschrieben wurden, \u00fcber Ihr n\u00e4chstes Fahrzeug informieren und Fragen an die Piston Addict Community stellen.\",\"breadcrumb\":{\"@id\":\"https:\/\/pistonaddict.com\/de\/#breadcrumb\"},\"inLanguage\":\"de\",\"potentialAction\":[{\"@type\":\"ReadAction\",\"target\":[\"https:\/\/pistonaddict.com\/de\/\"]}]},{\"@type\":\"BreadcrumbList\",\"@id\":\"https:\/\/pistonaddict.com\/de\/#breadcrumb\",\"itemListElement\":[{\"@type\":\"ListItem\",\"position\":1,\"name\":\"Startseite\",\"item\":\"https:\/\/pistonaddict.com\/de\/homepage\/\"},{\"@type\":\"ListItem\",\"position\":2,\"name\":\"Homepage\"}]},{\"@type\":\"WebSite\",\"@id\":\"https:\/\/pistonaddict.com\/de\/#website\",\"url\":\"https:\/\/pistonaddict.com\/de\/\",\"name\":\"Piston Addict\",\"description\":\"Only interesting vehicles\",\"publisher\":{\"@id\":\"https:\/\/pistonaddict.com\/de\/#organization\"},\"potentialAction\":[{\"@type\":\"SearchAction\",\"target\":{\"@type\":\"EntryPoint\",\"urlTemplate\":\"https:\/\/pistonaddict.com\/de\/?s={search_term_string}\"},\"query-input\":\"required name=search_term_string\"}],\"inLanguage\":\"de\"},{\"@type\":\"Organization\",\"@id\":\"https:\/\/pistonaddict.com\/de\/#organization\",\"name\":\"Piston Addict\",\"url\":\"https:\/\/pistonaddict.com\/de\/\",\"logo\":{\"@type\":\"ImageObject\",\"inLanguage\":\"de\",\"@id\":\"https:\/\/pistonaddict.com\/de\/#\/schema\/logo\/image\/\",\"url\":\"https:\/\/pistonaddict.com\/wp-content\/uploads\/2022\/07\/logo-6.png\",\"contentUrl\":\"https:\/\/pistonaddict.com\/wp-content\/uploads\/2022\/07\/logo-6.png\",\"width\":970,\"height\":200,\"caption\":\"Piston Addict\"},\"image\":{\"@id\":\"https:\/\/pistonaddict.com\/de\/#\/schema\/logo\/image\/\"}}]}<\/script>\n<!-- \/ Yoast SEO plugin. -->","yoast_head_json":{"title":"Piston Addict : Online-Auktionsmarktplatz f\u00fcr Autos","description":"Piston Addict Auctions ist der internationale Marktplatz f\u00fcr Oldtimer und klassische Fahrzeuge. Verkaufen und ersteigern Sie das Fahrzeug Ihrer Tr\u00e4ume auf Piston Addict, nur interessante Fahrzeuge, vom Oldtimer-Motorrad bis zum Hypercars. Sie k\u00f6nnen sich auch mit Piston Addict Autoartikeln, die von unseren Automobiljournalisten geschrieben wurden, \u00fcber Ihr n\u00e4chstes Fahrzeug informieren und Fragen an die Piston Addict Community stellen.","robots":{"index":"index","follow":"follow","max-snippet":"max-snippet:-1","max-image-preview":"max-image-preview:large","max-video-preview":"max-video-preview:-1"},"canonical":"https:\/\/pistonaddict.com\/de\/","og_locale":"de_DE","og_type":"article","og_title":"Piston Addict : Online-Auktionsmarktplatz f\u00fcr Autos","og_description":"Piston Addict Auctions ist der internationale Marktplatz f\u00fcr Oldtimer und klassische Fahrzeuge. Verkaufen und ersteigern Sie das Fahrzeug Ihrer Tr\u00e4ume auf Piston Addict, nur interessante Fahrzeuge, vom Oldtimer-Motorrad bis zum Hypercars. Sie k\u00f6nnen sich auch mit Piston Addict Autoartikeln, die von unseren Automobiljournalisten geschrieben wurden, \u00fcber Ihr n\u00e4chstes Fahrzeug informieren und Fragen an die Piston Addict Community stellen.","og_url":"https:\/\/pistonaddict.com\/de\/","og_site_name":"Piston Addict","article_modified_time":"2024-05-17T15:25:38+00:00","twitter_card":"summary_large_image","schema":{"@context":"https:\/\/schema.org","@graph":[{"@type":"WebPage","@id":"https:\/\/pistonaddict.com\/de\/","url":"https:\/\/pistonaddict.com\/de\/","name":"Piston Addict : Online-Auktionsmarktplatz f\u00fcr Autos","isPartOf":{"@id":"https:\/\/pistonaddict.com\/de\/#website"},"datePublished":"2022-04-28T07:17:25+00:00","dateModified":"2024-05-17T15:25:38+00:00","description":"Piston Addict Auctions ist der internationale Marktplatz f\u00fcr Oldtimer und klassische Fahrzeuge. Verkaufen und ersteigern Sie das Fahrzeug Ihrer Tr\u00e4ume auf Piston Addict, nur interessante Fahrzeuge, vom Oldtimer-Motorrad bis zum Hypercars. Sie k\u00f6nnen sich auch mit Piston Addict Autoartikeln, die von unseren Automobiljournalisten geschrieben wurden, \u00fcber Ihr n\u00e4chstes Fahrzeug informieren und Fragen an die Piston Addict Community stellen.","breadcrumb":{"@id":"https:\/\/pistonaddict.com\/de\/#breadcrumb"},"inLanguage":"de","potentialAction":[{"@type":"ReadAction","target":["https:\/\/pistonaddict.com\/de\/"]}]},{"@type":"BreadcrumbList","@id":"https:\/\/pistonaddict.com\/de\/#breadcrumb","itemListElement":[{"@type":"ListItem","position":1,"name":"Startseite","item":"https:\/\/pistonaddict.com\/de\/homepage\/"},{"@type":"ListItem","position":2,"name":"Homepage"}]},{"@type":"WebSite","@id":"https:\/\/pistonaddict.com\/de\/#website","url":"https:\/\/pistonaddict.com\/de\/","name":"Piston Addict","description":"Only interesting vehicles","publisher":{"@id":"https:\/\/pistonaddict.com\/de\/#organization"},"potentialAction":[{"@type":"SearchAction","target":{"@type":"EntryPoint","urlTemplate":"https:\/\/pistonaddict.com\/de\/?s={search_term_string}"},"query-input":"required name=search_term_string"}],"inLanguage":"de"},{"@type":"Organization","@id":"https:\/\/pistonaddict.com\/de\/#organization","name":"Piston Addict","url":"https:\/\/pistonaddict.com\/de\/","logo":{"@type":"ImageObject","inLanguage":"de","@id":"https:\/\/pistonaddict.com\/de\/#\/schema\/logo\/image\/","url":"https:\/\/pistonaddict.com\/wp-content\/uploads\/2022\/07\/logo-6.png","contentUrl":"https:\/\/pistonaddict.com\/wp-content\/uploads\/2022\/07\/logo-6.png","width":970,"height":200,"caption":"Piston Addict"},"image":{"@id":"https:\/\/pistonaddict.com\/de\/#\/schema\/logo\/image\/"}}]}},"_links":{"self":[{"href":"https:\/\/pistonaddict.com\/de\/wp-json\/wp\/v2\/pages\/51258"}],"collection":[{"href":"https:\/\/pistonaddict.com\/de\/wp-json\/wp\/v2\/pages"}],"about":[{"href":"https:\/\/pistonaddict.com\/de\/wp-json\/wp\/v2\/types\/page"}],"author":[{"embeddable":true,"href":"https:\/\/pistonaddict.com\/de\/wp-json\/wp\/v2\/users\/1"}],"replies":[{"embeddable":true,"href":"https:\/\/pistonaddict.com\/de\/wp-json\/wp\/v2\/comments?post=51258"}],"version-history":[{"count":1,"href":"https:\/\/pistonaddict.com\/de\/wp-json\/wp\/v2\/pages\/51258\/revisions"}],"predecessor-version":[{"id":80973,"href":"https:\/\/pistonaddict.com\/de\/wp-json\/wp\/v2\/pages\/51258\/revisions\/80973"}],"wp:attachment":[{"href":"https:\/\/pistonaddict.com\/de\/wp-json\/wp\/v2\/media?parent=51258"}],"curies":[{"name":"wp","href":"https:\/\/api.w.org\/{rel}","templated":true}]}}