{"id":3091,"date":"2022-04-29T11:20:06","date_gmt":"2022-04-29T09:20:06","guid":{"rendered":"https:\/\/pistonaddict.com\/kommentarregeln\/"},"modified":"2023-02-05T11:11:47","modified_gmt":"2023-02-05T10:11:47","slug":"kommentarregeln","status":"publish","type":"page","link":"https:\/\/pistonaddict.com\/de\/kommentarregeln\/","title":{"rendered":"Kommentar Regeln"},"content":{"rendered":"\t\t<div data-elementor-type=\"wp-page\" data-elementor-id=\"3091\" class=\"elementor elementor-3091 elementor-3043\">\n\t\t\t\t\t\t<section class=\"elementor-section elementor-top-section elementor-element elementor-element-01b8fa5 elementor-section-boxed elementor-section-height-default elementor-section-height-default\" data-id=\"01b8fa5\" data-element_type=\"section\">\n\t\t\t\t\t\t<div class=\"elementor-container elementor-column-gap-default\">\n\t\t\t\t\t<div class=\"elementor-column elementor-col-100 elementor-top-column elementor-element elementor-element-19e2c1c\" data-id=\"19e2c1c\" data-element_type=\"column\">\n\t\t\t<div class=\"elementor-widget-wrap elementor-element-populated\">\n\t\t\t\t\t\t<div class=\"elementor-element elementor-element-9413b6d elementor-widget elementor-widget-text-editor\" data-id=\"9413b6d\" data-element_type=\"widget\" data-widget_type=\"text-editor.default\">\n\t\t\t\t<div class=\"elementor-widget-container\">\n\t\t\t<style>\/*! elementor - v3.21.0 - 18-04-2024 *\/\n.elementor-widget-text-editor.elementor-drop-cap-view-stacked .elementor-drop-cap{background-color:#69727d;color:#fff}.elementor-widget-text-editor.elementor-drop-cap-view-framed .elementor-drop-cap{color:#69727d;border:3px solid;background-color:transparent}.elementor-widget-text-editor:not(.elementor-drop-cap-view-default) .elementor-drop-cap{margin-top:8px}.elementor-widget-text-editor:not(.elementor-drop-cap-view-default) .elementor-drop-cap-letter{width:1em;height:1em}.elementor-widget-text-editor .elementor-drop-cap{float:left;text-align:center;line-height:1;font-size:50px}.elementor-widget-text-editor .elementor-drop-cap-letter{display:inline-block}<\/style>\t\t\t\t<\/p>\n<h2> <\/h2>\n<h2>Regel 1. Seien Sie konstruktiv und nicht negativ<\/h2>\n<p>Es ist einfacher zu sagen, dass man etwas nicht mag, und manchmal kann das auch gerechtfertigt sein. Andererseits ist es wertvoller zu sagen, wie man es verbessern k\u00f6nnte. Ein echter Mehrwert entsteht, wenn man angeben kann, was falsch ist und wie man es versch\u00f6nern kann.<\/p>\n<h2> <\/h2>\n<h2>Regel 2. Erfahrung gewinnt<\/h2>\n<p>Andere Leser interessieren sich viel mehr f\u00fcr Ihre Meinung, wenn sie aus einschl\u00e4giger Erfahrung stammt. Wenn Sie die Geschichte eines bestimmten Fahrzeugs kennen oder viel \u00fcber eine bestimmte Marke oder ein bestimmtes Modell wissen, ist es viel wahrscheinlicher, dass Sie interessant sind.<\/p>\n<h2> <\/h2>\n<h2>Regel 3. Sprechen Sie \u00fcber Autos, nicht \u00fcber andere<\/h2>\n<p>Jeder hat das Recht, eine Meinung zu haben, auch wenn man mit ihr nicht einverstanden ist. Kritik am Charakter, am Geschmack oder am allgemeinen Wesen anderer Mitglieder ist nicht angebracht.<\/p>\n<h2> <\/h2>\n<h2>Regel 4. Der Markt bestimmt den Preis<\/h2>\n<p>Piston Addict ist ein freier Markt, auf dem Verk\u00e4ufer und K\u00e4ufer den Preis bestimmen, so dass die Aussage, etwas sei zu teuer oder zu billig, \u00fcberhaupt nichts bedeutet. Ein Gegenstand ist das wert, was jemand zu zahlen bereit ist.<\/p>\n<h2> <\/h2>\n<h2>Regel 5. Wenn Sie nicht alle anderen Kommentare gelesen haben, sind Sie noch nicht bereit, Ihren zu hinterlassen.<\/h2>\n<p>Das ist das digitale \u00c4quivalent zu &#8220;H\u00f6ren Sie zu, bevor Sie sprechen&#8221;.<\/p>\n<h2> <\/h2>\n<h2>Regel 6. Im Kommentarbereich sind keine Kauf-, Verkaufs- oder Kontaktinformationen erlaubt.<\/h2>\n<p>Wenn Sie ein Auto zu verkaufen haben, senden Sie es uns bitte \u00fcber das Formular zu. Kaufanfragen, E-Mail-Adressen und Telefonnummern in Kommentaren ver\u00f6ffentlicht  <br \/>gel\u00f6scht werden.<\/p>\n<h2> <\/h2>\n<h2>Regel 7. Jeder ist willkommen<\/h2>\n<p>Unsere Community-Mitglieder sind so vielf\u00e4ltig wie die Auswahl an Fahrzeugen, die wir anbieten. Politische, frauenfeindliche oder homophobe Kommentare sind nicht erlaubt.<\/p>\n<h2> <\/h2>\n<h2>Kommentar Funktionalit\u00e4t<\/h2>\n<p><strong>\u00c4nderung von Kommentaren:<\/strong> Kommentare k\u00f6nnen nach ihrer Ver\u00f6ffentlichung ohne zeitliche Begrenzung von ihrem Verfasser ge\u00e4ndert werden. Klicken Sie auf den roten Link &#8220;Bearbeiten&#8221;, der f\u00fcr diesen Zweck vorgesehen ist.<\/p>\n<p><strong>Als unkonstruktiv kennzeichnen:<\/strong> Wenn ein Kommentar gegen die oben genannten Regeln verst\u00f6\u00dft, klicken Sie bitte auf den Link &#8220;Melden&#8221;, damit er \u00fcberpr\u00fcft oder entfernt werden kann. Wir pr\u00fcfen alle gemeldeten Kommentare und treffen die endg\u00fcltige Entscheidung, ob sie wieder eingestellt oder entfernt werden.<br \/>Wir m\u00f6chten, dass die Gespr\u00e4che auf dieser Website von hoher Qualit\u00e4t sind.<\/p>\n<p><strong>Erstmalige Kommentatoren: Alle Erstkommentatoren<\/strong> werden moderiert, und ein Kommentar wird erst dann auf der Website ver\u00f6ffentlicht, wenn er von Piston Addict-Mitarbeitern gepr\u00fcft wurde. Nach der erstmaligen Ver\u00f6ffentlichung eines Kommentars werden diese nicht mehr moderiert.<\/p>\n\t\t\t\t\t\t<\/div>\n\t\t\t\t<\/div>\n\t\t\t\t\t<\/div>\n\t\t<\/div>\n\t\t\t\t\t<\/div>\n\t\t<\/section>\n\t\t\t\t<\/div>\n\t\t","protected":false},"excerpt":{"rendered":"<p>Regel 1. Seien Sie konstruktiv und nicht negativ Es ist einfacher zu sagen, dass man etwas nicht mag, und manchmal kann das auch gerechtfertigt sein. Andererseits ist es wertvoller zu sagen, wie man es verbessern k\u00f6nnte. Ein echter Mehrwert entsteht, wenn man angeben kann, was falsch ist und wie man es versch\u00f6nern kann. Regel 2. &#8230; <a title=\"Kommentar Regeln\" class=\"read-more\" href=\"https:\/\/pistonaddict.com\/de\/kommentarregeln\/\">Mehr lesen<span class=\"screen-reader-text\">Kommentar Regeln<\/span><\/a><\/p>\n","protected":false},"author":1,"featured_media":0,"parent":0,"menu_order":0,"comment_status":"closed","ping_status":"closed","template":"","meta":{"inline_featured_image":false,"footnotes":""},"acf":[],"yoast_head":"<!-- This site is optimized with the Yoast SEO plugin v22.5 - https:\/\/yoast.com\/wordpress\/plugins\/seo\/ -->\n<title>Kommentar Regeln - Piston Addict<\/title>\n<meta name=\"robots\" content=\"index, follow, max-snippet:-1, max-image-preview:large, max-video-preview:-1\" \/>\n<link rel=\"canonical\" href=\"https:\/\/pistonaddict.com\/de\/kommentarregeln\/\" \/>\n<meta property=\"og:locale\" content=\"de_DE\" \/>\n<meta property=\"og:type\" content=\"article\" \/>\n<meta property=\"og:title\" content=\"Kommentar Regeln - Piston Addict\" \/>\n<meta property=\"og:description\" content=\"Regel 1. Seien Sie konstruktiv und nicht negativ Es ist einfacher zu sagen, dass man etwas nicht mag, und manchmal kann das auch gerechtfertigt sein. Andererseits ist es wertvoller zu sagen, wie man es verbessern k\u00f6nnte. Ein echter Mehrwert entsteht, wenn man angeben kann, was falsch ist und wie man es versch\u00f6nern kann. Regel 2. ... Mehr lesenKommentar Regeln\" \/>\n<meta property=\"og:url\" content=\"https:\/\/pistonaddict.com\/de\/kommentarregeln\/\" \/>\n<meta property=\"og:site_name\" content=\"Piston Addict\" \/>\n<meta property=\"article:modified_time\" content=\"2023-02-05T10:11:47+00:00\" \/>\n<meta name=\"twitter:card\" content=\"summary_large_image\" \/>\n<meta name=\"twitter:label1\" content=\"Gesch\u00e4tzte Lesezeit\" \/>\n\t<meta name=\"twitter:data1\" content=\"2\u00a0Minuten\" \/>\n<script type=\"application\/ld+json\" class=\"yoast-schema-graph\">{\"@context\":\"https:\/\/schema.org\",\"@graph\":[{\"@type\":\"WebPage\",\"@id\":\"https:\/\/pistonaddict.com\/de\/kommentarregeln\/\",\"url\":\"https:\/\/pistonaddict.com\/de\/kommentarregeln\/\",\"name\":\"Kommentar Regeln - Piston Addict\",\"isPartOf\":{\"@id\":\"https:\/\/pistonaddict.com\/de\/#website\"},\"datePublished\":\"2022-04-29T09:20:06+00:00\",\"dateModified\":\"2023-02-05T10:11:47+00:00\",\"breadcrumb\":{\"@id\":\"https:\/\/pistonaddict.com\/de\/kommentarregeln\/#breadcrumb\"},\"inLanguage\":\"de\",\"potentialAction\":[{\"@type\":\"ReadAction\",\"target\":[\"https:\/\/pistonaddict.com\/de\/kommentarregeln\/\"]}]},{\"@type\":\"BreadcrumbList\",\"@id\":\"https:\/\/pistonaddict.com\/de\/kommentarregeln\/#breadcrumb\",\"itemListElement\":[{\"@type\":\"ListItem\",\"position\":1,\"name\":\"Startseite\",\"item\":\"https:\/\/pistonaddict.com\/de\/homepage\/\"},{\"@type\":\"ListItem\",\"position\":2,\"name\":\"Kommentar Regeln\"}]},{\"@type\":\"WebSite\",\"@id\":\"https:\/\/pistonaddict.com\/de\/#website\",\"url\":\"https:\/\/pistonaddict.com\/de\/\",\"name\":\"Piston Addict\",\"description\":\"Only interesting vehicles\",\"publisher\":{\"@id\":\"https:\/\/pistonaddict.com\/de\/#organization\"},\"potentialAction\":[{\"@type\":\"SearchAction\",\"target\":{\"@type\":\"EntryPoint\",\"urlTemplate\":\"https:\/\/pistonaddict.com\/de\/?s={search_term_string}\"},\"query-input\":\"required name=search_term_string\"}],\"inLanguage\":\"de\"},{\"@type\":\"Organization\",\"@id\":\"https:\/\/pistonaddict.com\/de\/#organization\",\"name\":\"Piston Addict\",\"url\":\"https:\/\/pistonaddict.com\/de\/\",\"logo\":{\"@type\":\"ImageObject\",\"inLanguage\":\"de\",\"@id\":\"https:\/\/pistonaddict.com\/de\/#\/schema\/logo\/image\/\",\"url\":\"https:\/\/pistonaddict.com\/wp-content\/uploads\/2022\/07\/logo-6.png\",\"contentUrl\":\"https:\/\/pistonaddict.com\/wp-content\/uploads\/2022\/07\/logo-6.png\",\"width\":970,\"height\":200,\"caption\":\"Piston Addict\"},\"image\":{\"@id\":\"https:\/\/pistonaddict.com\/de\/#\/schema\/logo\/image\/\"}}]}<\/script>\n<!-- \/ Yoast SEO plugin. -->","yoast_head_json":{"title":"Kommentar Regeln - Piston Addict","robots":{"index":"index","follow":"follow","max-snippet":"max-snippet:-1","max-image-preview":"max-image-preview:large","max-video-preview":"max-video-preview:-1"},"canonical":"https:\/\/pistonaddict.com\/de\/kommentarregeln\/","og_locale":"de_DE","og_type":"article","og_title":"Kommentar Regeln - Piston Addict","og_description":"Regel 1. Seien Sie konstruktiv und nicht negativ Es ist einfacher zu sagen, dass man etwas nicht mag, und manchmal kann das auch gerechtfertigt sein. Andererseits ist es wertvoller zu sagen, wie man es verbessern k\u00f6nnte. Ein echter Mehrwert entsteht, wenn man angeben kann, was falsch ist und wie man es versch\u00f6nern kann. Regel 2. ... Mehr lesenKommentar Regeln","og_url":"https:\/\/pistonaddict.com\/de\/kommentarregeln\/","og_site_name":"Piston Addict","article_modified_time":"2023-02-05T10:11:47+00:00","twitter_card":"summary_large_image","twitter_misc":{"Gesch\u00e4tzte Lesezeit":"2\u00a0Minuten"},"schema":{"@context":"https:\/\/schema.org","@graph":[{"@type":"WebPage","@id":"https:\/\/pistonaddict.com\/de\/kommentarregeln\/","url":"https:\/\/pistonaddict.com\/de\/kommentarregeln\/","name":"Kommentar Regeln - Piston Addict","isPartOf":{"@id":"https:\/\/pistonaddict.com\/de\/#website"},"datePublished":"2022-04-29T09:20:06+00:00","dateModified":"2023-02-05T10:11:47+00:00","breadcrumb":{"@id":"https:\/\/pistonaddict.com\/de\/kommentarregeln\/#breadcrumb"},"inLanguage":"de","potentialAction":[{"@type":"ReadAction","target":["https:\/\/pistonaddict.com\/de\/kommentarregeln\/"]}]},{"@type":"BreadcrumbList","@id":"https:\/\/pistonaddict.com\/de\/kommentarregeln\/#breadcrumb","itemListElement":[{"@type":"ListItem","position":1,"name":"Startseite","item":"https:\/\/pistonaddict.com\/de\/homepage\/"},{"@type":"ListItem","position":2,"name":"Kommentar Regeln"}]},{"@type":"WebSite","@id":"https:\/\/pistonaddict.com\/de\/#website","url":"https:\/\/pistonaddict.com\/de\/","name":"Piston Addict","description":"Only interesting vehicles","publisher":{"@id":"https:\/\/pistonaddict.com\/de\/#organization"},"potentialAction":[{"@type":"SearchAction","target":{"@type":"EntryPoint","urlTemplate":"https:\/\/pistonaddict.com\/de\/?s={search_term_string}"},"query-input":"required name=search_term_string"}],"inLanguage":"de"},{"@type":"Organization","@id":"https:\/\/pistonaddict.com\/de\/#organization","name":"Piston Addict","url":"https:\/\/pistonaddict.com\/de\/","logo":{"@type":"ImageObject","inLanguage":"de","@id":"https:\/\/pistonaddict.com\/de\/#\/schema\/logo\/image\/","url":"https:\/\/pistonaddict.com\/wp-content\/uploads\/2022\/07\/logo-6.png","contentUrl":"https:\/\/pistonaddict.com\/wp-content\/uploads\/2022\/07\/logo-6.png","width":970,"height":200,"caption":"Piston Addict"},"image":{"@id":"https:\/\/pistonaddict.com\/de\/#\/schema\/logo\/image\/"}}]}},"_links":{"self":[{"href":"https:\/\/pistonaddict.com\/de\/wp-json\/wp\/v2\/pages\/3091"}],"collection":[{"href":"https:\/\/pistonaddict.com\/de\/wp-json\/wp\/v2\/pages"}],"about":[{"href":"https:\/\/pistonaddict.com\/de\/wp-json\/wp\/v2\/types\/page"}],"author":[{"embeddable":true,"href":"https:\/\/pistonaddict.com\/de\/wp-json\/wp\/v2\/users\/1"}],"replies":[{"embeddable":true,"href":"https:\/\/pistonaddict.com\/de\/wp-json\/wp\/v2\/comments?post=3091"}],"version-history":[{"count":6,"href":"https:\/\/pistonaddict.com\/de\/wp-json\/wp\/v2\/pages\/3091\/revisions"}],"predecessor-version":[{"id":26255,"href":"https:\/\/pistonaddict.com\/de\/wp-json\/wp\/v2\/pages\/3091\/revisions\/26255"}],"wp:attachment":[{"href":"https:\/\/pistonaddict.com\/de\/wp-json\/wp\/v2\/media?parent=3091"}],"curies":[{"name":"wp","href":"https:\/\/api.w.org\/{rel}","templated":true}]}}