{"id":3038,"date":"2022-04-29T11:19:54","date_gmt":"2022-04-29T09:19:54","guid":{"rendered":"https:\/\/pistonaddict.com\/datenschutz-bestimmungen\/"},"modified":"2022-05-04T18:00:03","modified_gmt":"2022-05-04T16:00:03","slug":"datenschutz-bestimmungen","status":"publish","type":"page","link":"https:\/\/pistonaddict.com\/de\/datenschutz-bestimmungen\/","title":{"rendered":"Datenschutz-Bestimmungen"},"content":{"rendered":"\t\t<div data-elementor-type=\"wp-page\" data-elementor-id=\"3038\" class=\"elementor elementor-3038 elementor-339\">\n\t\t\t\t\t\t<section class=\"elementor-section elementor-top-section elementor-element elementor-element-82c15da elementor-section-boxed elementor-section-height-default elementor-section-height-default\" data-id=\"82c15da\" data-element_type=\"section\">\n\t\t\t\t\t\t<div class=\"elementor-container elementor-column-gap-default\">\n\t\t\t\t\t<div class=\"elementor-column elementor-col-100 elementor-top-column elementor-element elementor-element-ddaf1f1\" data-id=\"ddaf1f1\" data-element_type=\"column\">\n\t\t\t<div class=\"elementor-widget-wrap elementor-element-populated\">\n\t\t\t\t\t\t<div class=\"elementor-element elementor-element-25741e6 elementor-widget elementor-widget-text-editor\" data-id=\"25741e6\" data-element_type=\"widget\" data-widget_type=\"text-editor.default\">\n\t\t\t\t<div class=\"elementor-widget-container\">\n\t\t\t<style>\/*! elementor - v3.21.0 - 18-04-2024 *\/\n.elementor-widget-text-editor.elementor-drop-cap-view-stacked .elementor-drop-cap{background-color:#69727d;color:#fff}.elementor-widget-text-editor.elementor-drop-cap-view-framed .elementor-drop-cap{color:#69727d;border:3px solid;background-color:transparent}.elementor-widget-text-editor:not(.elementor-drop-cap-view-default) .elementor-drop-cap{margin-top:8px}.elementor-widget-text-editor:not(.elementor-drop-cap-view-default) .elementor-drop-cap-letter{width:1em;height:1em}.elementor-widget-text-editor .elementor-drop-cap{float:left;text-align:center;line-height:1;font-size:50px}.elementor-widget-text-editor .elementor-drop-cap-letter{display:inline-block}<\/style>\t\t\t\t\n          <p> <\/p>\n          <p>Der Zweck der Datenschutzrichtlinie besteht darin, Ihnen zu zeigen, wie <strong>Piston Addict<\/strong> verwendet, verwaltet und sch\u00fctzt die personenbezogenen Daten, die Sie m\u00f6glicherweise im Zusammenhang mit der Nutzung seiner Website an das Unternehmen \u00fcbermittelt haben: https:\/\/www.pistonaddict.com. Diese Datenschutzerkl\u00e4rung basiert auf den Pflichten des Website-Betreibers, wie sie in der Datenschutz-Grundverordnung (DSGVO) definiert sind, f\u00fcr alle Angelegenheiten im Zusammenhang mit der Einwilligung zur Erhebung personenbezogener Daten, dem Schutz und der Sicherheit personenbezogener Daten, deren Einhaltung Ihre Rechte in Bezug auf Zugang, Berichtigung, Verarbeitung, \u00dcbertragbarkeit und L\u00f6schung Ihrer Daten.<\/p>\n          <p>Die Datenschutzrichtlinie von <strong>Piston Addict<\/strong> kann gem\u00e4\u00df m\u00f6glichen \u00c4nderungen der gesetzlichen (RGPD), regulatorischen und rechtswissenschaftlichen Rahmenbedingungen, die ihre Entwicklung und Anwendung bestimmen, ge\u00e4ndert werden.<\/p>\n          <div class=\"vc_row wpb_row vc_row-fluid row_bg_bottom vc_custom_1496737831361\"> <\/div>\n          <div class=\"wpb_column vc_column_container vc_col-sm-12\">\n            <div class=\"vc_column-inner\">\n              <div class=\"wpb_wrapper\"> <\/div>\n            <\/div>\n          <\/div>\n          <div class=\"cms-custom-heading-wrap heading2 text-left vc_custom_heading heading2_uppercase \">\n            <h2 class=\"cmsc-custom-heading vc_custom_heading\">1\u00b0 DIE ERHEBUNG PERSONENBEZOGENER DATEN<\/h2>\n          <\/div>\n          <div class=\"wpb_text_column wpb_content_element vc_custom_1621498045904 cms_text_block\">\n            <div class=\"wpb_wrapper \"> <\/div>\n          <\/div>\n          <p>Es ist durchaus m\u00f6glich, die Website https:\/\/www.pistonaddict.com zu durchsuchen, ohne Ihre pers\u00f6nlichen Daten an den Herausgeber der Website weiterzugeben, mit den Einschr\u00e4nkungen, die dies in Bezug auf den Zugriff auf einen Teil der angebotenen Informationen und Dienste auferlegt.<\/p>\n          <p>Die Bereitstellung personenbezogener Daten (Name und Vorname, Firmenname, Funktion im Unternehmen, E-Mail-Adresse, berufliche Telefonnummer usw.) an <strong>Piston Addict<\/strong> ist eine Verpflichtung, wenn Sie ein Angebot erhalten, Kontakt aufnehmen oder eine Anfrage stellen m\u00f6chten Information.<\/p>\n          <p>Sie akzeptieren daher den Grundsatz ihrer Erhebung zu den in den Formularen beschriebenen Zwecken sowie im Abschnitt \u201eZwecke der Datenverarbeitung\u201c. Der Herausgeber erhebt auch personenbezogene Daten \u00fcber die Bereitstellung von Verbindungsdateien in \u00dcbereinstimmung mit den geltenden Gesetzen zur Verwendung von Cookies.<\/p>\n          <div class=\"vc_row wpb_row vc_row-fluid row_bg_bottom vc_custom_1496737831361\"> <\/div>\n          <div class=\"wpb_column vc_column_container vc_col-sm-12\">\n            <div class=\"vc_column-inner\">\n              <div class=\"wpb_wrapper\"> <\/div>\n            <\/div>\n          <\/div>\n          <div class=\"cms-custom-heading-wrap heading2 text-left vc_custom_heading heading2_uppercase \">\n            <h2 class=\"cmsc-custom-heading vc_custom_heading\">2\u00b0 SICHERUNG PERSONENBEZOGENER DATEN<\/h2>\n          <\/div>\n          <p><strong>Piston Addict<\/strong> implementiert eine Vielzahl von Sicherheitsma\u00dfnahmen, um die Sicherheit Ihrer pers\u00f6nlichen Daten zu gew\u00e4hrleisten:<\/p>\n          <ul>\n            <li>Verwendung einer dem Stand der Technik entsprechenden Verschl\u00fcsselung zum Schutz Ihrer online \u00fcbermittelten personenbezogenen Daten,<\/li>\n            <li>Analytische Cookies erm\u00f6glichen es, Internetnutzer zu z\u00e4hlen und gleichzeitig ihr Verhalten w\u00e4hrend des Besuchs der Website zu analysieren, um Verkehrsstatistiken zu erstellen,<\/li>\n            <li>Nutzung von Computern und Servern in einer sicheren Umgebung zur Speicherung und Verarbeitung Ihrer Daten,<\/li>\n            <li>eingeschr\u00e4nkter Zugriff auf personenbezogene Daten f\u00fcr Mitarbeiter, die bestimmte Arbeiten ausf\u00fchren m\u00fcssen (Rechnungsstellung usw.).<\/li>\n          <\/ul>\n          <div class=\"vc_row wpb_row vc_row-fluid row_bg_bottom vc_custom_1496737831361\"> <\/div>\n          <div class=\"wpb_column vc_column_container vc_col-sm-12\">\n            <div class=\"vc_column-inner\">\n              <div class=\"wpb_wrapper\"> <\/div>\n            <\/div>\n          <\/div>\n          <div class=\"cms-custom-heading-wrap heading2 text-left vc_custom_heading heading2_uppercase \">\n            <h2 class=\"cmsc-custom-heading vc_custom_heading\">3\u00b0 DIE VERARBEITUNG PERSONENBEZOGENER DATEN<\/h2>\n          <\/div>\n          <div class=\"wpb_text_column wpb_content_element vc_custom_1621498045904 cms_text_block\">\n            <div class=\"wpb_wrapper \"> <\/div>\n          <\/div>\n          <p><strong>Piston Addict<\/strong> hat eine sehr strenge Richtlinie f\u00fcr die Verarbeitung personenbezogener Daten, die darin besteht, sie niemals an Drittorganisationen abzutreten, zu verleihen, zu vermieten oder weiterzuverkaufen.<\/p>\n          <p>Die gesamte Verarbeitung Ihrer auf der Website https:\/\/www.pistonaddict.com erhobenen personenbezogenen Daten erfolgt direkt durch die zu diesem Zweck autorisierten Mitglieder des <strong>Efficiencies<\/strong> -Teams.<\/p>\n          <p>Sie stimmen daher dem Grundsatz der Verarbeitung Ihrer personenbezogenen Daten f\u00fcr die in den Kontaktformularen, der Kontoerstellung\/-verwaltung sowie im nachstehenden Abschnitt beschriebenen Zwecke zu, damit wir Ihre Bed\u00fcrfnisse in Bezug auf Produkte und Dienstleistungen besser verstehen.<\/p>\n          <div class=\"vc_row wpb_row vc_row-fluid row_bg_bottom vc_custom_1496737831361\"> <\/div>\n          <div class=\"wpb_column vc_column_container vc_col-sm-12\">\n            <div class=\"vc_column-inner\">\n              <div class=\"wpb_wrapper\"> <\/div>\n            <\/div>\n          <\/div>\n          <div class=\"cms-custom-heading-wrap heading2 text-left vc_custom_heading heading2_uppercase \">\n            <h2 class=\"cmsc-custom-heading vc_custom_heading\">4\u00b0 DIE ZWECKE DER DATENVERARBEITUNG<\/h2>\n          <\/div>\n          <div class=\"wpb_text_column wpb_content_element vc_custom_1621498045904 cms_text_block\">\n            <div class=\"wpb_wrapper \"> <\/div>\n          <\/div>\n          <p><strong>Piston Addict<\/strong> f\u00fchrt eine manuelle oder automatisierte Verarbeitung Ihrer personenbezogenen Daten zu bestimmten Zwecken durch:<\/p>\n          <ul>\n            <li>Die \u00fcber die Informationseingabeformulare auf der Website erhobenen Daten (Kontakt, Angebotsanfrage, Rekrutierung) werden verwendet, um Angebote zu senden, eine Gesch\u00e4ftsbeziehung aufzubauen oder zu entwickeln, Praktikanten und\/oder Mitarbeiter zu rekrutieren.<\/li>\n            <li>Die w\u00e4hrend der Wiedergabe von auf spezialisierten Plattformen geposteten Videos gesammelten Daten sind erforderlich, um auf diese Websites von Drittanbietern zugreifen und ihre Anfragen ausf\u00fchren zu k\u00f6nnen.<\/li>\n            <li>Die bei der Verwendung der Zugriffsschaltfl\u00e4chen der sozialen Netzwerke erhobenen Daten sind erforderlich, um die Anfragen dieser Drittseiten ausf\u00fchren zu k\u00f6nnen.<\/li>\n          <\/ul>\n          <div class=\"vc_row wpb_row vc_row-fluid row_bg_bottom vc_custom_1496737831361\"> <\/div>\n          <div class=\"wpb_column vc_column_container vc_col-sm-12\">\n            <div class=\"vc_column-inner\">\n              <div class=\"wpb_wrapper\"> <\/div>\n            <\/div>\n          <\/div>\n          <div class=\"cms-custom-heading-wrap heading2 text-left vc_custom_heading heading2_uppercase \">\n            <h2 class=\"cmsc-custom-heading vc_custom_heading\">5\u00b0 ERHEBUNG DER EINWILLIGUNG ZUR DATENERHEBUNG<\/h2>\n          <\/div>\n          <div class=\"wpb_text_column wpb_content_element vc_custom_1621498045904 cms_text_block\">\n            <div class=\"wpb_wrapper \"> <\/div>\n          <\/div>\n          <p>F\u00fcr alle Arten der Erhebung personenbezogener Daten \u00fcber seine Website verwendet <strong>Piston Addict<\/strong> Ger\u00e4te, um Ihre ausdr\u00fcckliche Zustimmung zu erhalten:<\/p>\n          <ul>\n            <li>f\u00fcr die Einwilligung zur Datenerhebung beim Ausf\u00fcllen von Kontaktformularen,<\/li>\n            <li>f\u00fcr die Annahme von Cookies bei Anzeige des Warnbanners.<\/li>\n          <\/ul>\n          <p><strong>Piston Addict<\/strong> speichert die Sammlungen der Zustimmung zur Erhebung personenbezogener Daten, um sie der CNIL und jeder anderen Kontrollbeh\u00f6rde auf einfache Anfrage zur Verf\u00fcgung stellen zu k\u00f6nnen.<\/p>\n          <div class=\"vc_row wpb_row vc_row-fluid row_bg_bottom vc_custom_1496737831361\"> <\/div>\n          <div class=\"wpb_column vc_column_container vc_col-sm-12\">\n            <div class=\"vc_column-inner\">\n              <div class=\"wpb_wrapper\"> <\/div>\n            <\/div>\n          <\/div>\n          <div class=\"cms-custom-heading-wrap heading2 text-left vc_custom_heading heading2_uppercase \">\n            <h2 class=\"cmsc-custom-heading vc_custom_heading\">6\u00b0 DIE DAUER DER AUFBEWAHRUNG PERSONENBEZOGENER DATEN<\/h2>\n          <\/div>\n          <div class=\"wpb_text_column wpb_content_element vc_custom_1621498045904 cms_text_block\">\n            <div class=\"wpb_wrapper \"> <\/div>\n          <\/div>\n          <p>Die Aufbewahrungsdauer Ihrer personenbezogenen Daten variiert je nach ihrer Art und der f\u00fcr ihre Erhebung verwendeten Technologie:<\/p>\n          <ul>\n            <li>f\u00fcr alle Ihre durch Cookies gesammelten personenbezogenen Daten betr\u00e4gt die Aufbewahrungsfrist maximal 13 Monate,<\/li>\n            <li>F\u00fcr alle Ihre Daten, die \u00fcber ein Formular gesammelt werden, darf die Aufbewahrungsfrist 36 Monate nicht \u00fcberschreiten.<\/li>\n          <\/ul>\n          <div class=\"vc_row wpb_row vc_row-fluid row_bg_bottom vc_custom_1496737831361\"> <\/div>\n          <div class=\"wpb_column vc_column_container vc_col-sm-12\">\n            <div class=\"vc_column-inner\">\n              <div class=\"wpb_wrapper\"> <\/div>\n            <\/div>\n          <\/div>\n          <div class=\"cms-custom-heading-wrap heading2 text-left vc_custom_heading heading2_uppercase \">\n            <h2 class=\"cmsc-custom-heading vc_custom_heading\">7\u00b0 \u00dcBERTRAGUNG PERSONENBEZOGENER DATEN<\/h2>\n          <\/div>\n          <div class=\"wpb_text_column wpb_content_element vc_custom_1621498045904 cms_text_block\">\n            <div class=\"wpb_wrapper \"> <\/div>\n          <\/div>\n          <p><strong>Piston Addict<\/strong> \u00fcbermittelt Ihre personenbezogenen Daten nicht an Drittl\u00e4nder, weder innerhalb noch au\u00dferhalb der Europ\u00e4ischen Union.<\/p>\n          <div class=\"vc_row wpb_row vc_row-fluid row_bg_bottom vc_custom_1496737831361\"> <\/div>\n          <div class=\"wpb_column vc_column_container vc_col-sm-12\">\n            <div class=\"vc_column-inner\">\n              <div class=\"wpb_wrapper\"> <\/div>\n            <\/div>\n          <\/div>\n          <div class=\"cms-custom-heading-wrap heading2 text-left vc_custom_heading heading2_uppercase \">\n            <h2 class=\"cmsc-custom-heading vc_custom_heading\">8\u00b0 AUTORISIERTE ANBIETER<\/h2>\n          <\/div>\n          <div class=\"wpb_text_column wpb_content_element vc_custom_1621498045904 cms_text_block\">\n            <div class=\"wpb_wrapper \"> <\/div>\n          <\/div>\n          <p><strong>Piston Addict<\/strong> nutzt die Dienste autorisierter Dienstleister, um die Verarbeitung personenbezogener Daten zu erleichtern, die Sie auf der Website verwenden.<\/p>\n          <div class=\"wpb_column vc_column_container vc_col-sm-12\">\n            <div class=\"vc_column-inner\">\n              <div class=\"wpb_wrapper\"> <\/div>\n            <\/div>\n          <\/div>\n          <div class=\"cms-custom-heading-wrap heading2 text-left vc_custom_heading heading2_uppercase \">\n            <h2 class=\"cmsc-custom-heading vc_custom_heading\">9\u00b0 DIE AUS\u00dcBUNG DER RECHTE DER INTERNETNUTZER<\/h2>\n          <\/div>\n          <div class=\"wpb_text_column wpb_content_element vc_custom_1621498045904 cms_text_block\">\n            <div class=\"wpb_wrapper \"> <\/div>\n          <\/div>\n          <p>Gem\u00e4\u00df der vom Europ\u00e4ischen Parlament am 14. April 2016 verabschiedeten Datenschutz-Grundverordnung und dem ge\u00e4nderten Datenschutzgesetz vom 6. Januar 1978 haben Sie eine Reihe von Rechten in Bezug auf Ihre personenbezogenen Daten.<\/p>\n          <p>Sie k\u00f6nnen diese Rechte aus\u00fcben, indem Sie sich direkt an den Herausgeber der Website wenden:<\/p>\n          <ul>\n            <li>per Post: <strong>Piston Addict<\/strong> \u2013 <\/li>\n            <li>mit dem Telefon : <\/li>\n            <li>per Email : <\/li>\n          <\/ul>\n          <h3>9.1\u00b0 Das Recht auf Zugang zu Daten<\/h3>\n          <p>Innerhalb des von der RGPD definierten gesetzlichen Rahmens k\u00f6nnen Sie jederzeit schriftlich die \u00dcbermittlung Ihrer personenbezogenen Daten beantragen.<\/p>\n          <p>Dazu k\u00f6nnen Sie das von der Commission Nationale de l&#8217;Informatique et des Libert\u00e9s erstellte Musterschreiben verwenden: https:\/\/www.cnil.fr\/fr\/modele\/courrier\/exerciser-son-droit-dacces.<\/p>\n          <h3>9.2\u00b0 Das Recht auf Berichtigung von Daten<\/h3>\n          <p>Die Gesetzgebung in Bezug auf personenbezogene Daten erm\u00f6glicht es Ihnen, die \u00c4nderung oder Berichtigung unvollst\u00e4ndiger, ungenauer oder veralteter Informationen zu Ihrer Person oder zu einer verstorbenen nahestehenden Person zu verlangen.<\/p>\n          <p>Dazu k\u00f6nnen Sie das von der Commission Nationale de l&#8217;Informatique et des Libert\u00e9s erstellte Musterschreiben verwenden: https:\/\/www.cnil.fr\/fr\/modele\/courrier\/rectifier-des-donnees-inexactes-obsoletes-ou -abgelaufen.<\/p>\n          <h3>9.3\u00b0 Das Widerspruchsrecht aus legitimen Gr\u00fcnden<\/h3>\n          <p>Innerhalb des durch die DSGVO vorgegebenen gesetzlichen Rahmens k\u00f6nnen Sie der Verarbeitung Ihrer personenbezogenen Daten aus folgenden Gr\u00fcnden jederzeit widersprechen:<\/p>\n          <ul>\n            <li>Widerspruch gegen die Verwendung von Daten, die im Rahmen von kommerziellen Prospektionsvorg\u00e4ngen erhoben werden,<\/li>\n            <li>Widerspruch aus legitimen Gr\u00fcnden.<\/li>\n          <\/ul>\n          <p>Dazu k\u00f6nnen Sie das von der Commission Nationale de l&#8217;Informatique et des Libert\u00e9s erstellte Musterschreiben verwenden: https:\/\/www.cnil.fr\/fr\/modele\/courrier\/sopposing-lutilisation-commerciale-de-ses- koordiniert .<\/p>\n          <h3>9.4\u00b0 Das Recht auf Daten\u00fcbertragbarkeit<\/h3>\n          <p>Innerhalb des von der RGPD festgelegten gesetzlichen Rahmens k\u00f6nnen Sie jederzeit verlangen, dass Ihre personenbezogenen Daten in einem offenen und maschinenlesbaren Format wiederhergestellt werden, um sie auf einem anderen Medium zu speichern oder sie zur Wiederverwendung an ein anderes Informationssystem zu \u00fcbertragen.<\/p>\n          <p>Dazu k\u00f6nnen Sie das von der Commission Nationale de l&#8217;Informatique et des Libert\u00e9s vorgeschlagene Musterschreiben verwenden: https:\/\/www.cnil.fr\/fr\/modele\/courrier\/exerciser-son-droit-dacces.<\/p>\n          <h3>9.5\u00b0 Das Recht, Daten zu l\u00f6schen<\/h3>\n          <p>Die Gesetzgebung zu personenbezogenen Daten erm\u00f6glicht es Ihnen, die L\u00f6schung aller Ihrer Daten zu verlangen, die auf der <strong>Piston Addict<\/strong> -Website gespeichert wurden.<\/p>\n          <p>Dazu k\u00f6nnen Sie das von der Commission Nationale de l&#8217;Informatique et des Libert\u00e9s vorgeschlagene Musterschreiben verwenden: https:\/\/www.cnil.fr\/fr\/modele\/courrier\/supprimer-des-informations-vous-concernant-dun -Webseite.<\/p>\n          <h3>9.6\u00b0 Die Bearbeitung Ihrer Anfragen<\/h3>\n          <p><strong>Piston Addict<\/strong> verpflichtet sich, Ihre Anfragen zu personenbezogenen Daten innerhalb einer angemessenen Frist zu beantworten, die 1 Monat nach Erhalt nicht \u00fcberschreiten darf.<\/p>\n          <p><strong>Piston Addict<\/strong> beh\u00e4lt sich das Recht vor, Anfragen in Bezug auf Daten abzulehnen, die entweder durch offensichtlich b\u00f6swillige Absicht oder durch einen sich wiederholenden und missbr\u00e4uchlichen Charakter gekennzeichnet sind.<\/p>\n          <h3>9.7\u00b0 Die Person, die f\u00fcr personenbezogene Daten verantwortlich ist<\/h3>\n          <p><strong>Herr. <\/strong><br>Email : <br>Telefon : <\/p>\n        \t\t\t\t\t\t<\/div>\n\t\t\t\t<\/div>\n\t\t\t\t\t<\/div>\n\t\t<\/div>\n\t\t\t\t\t<\/div>\n\t\t<\/section>\n\t\t\t\t<\/div>\n\t\t","protected":false},"excerpt":{"rendered":"<p>Der Zweck der Datenschutzrichtlinie besteht darin, Ihnen zu zeigen, wie Piston Addict verwendet, verwaltet und sch\u00fctzt die personenbezogenen Daten, die Sie m\u00f6glicherweise im Zusammenhang mit der Nutzung seiner Website an das Unternehmen \u00fcbermittelt haben: https:\/\/www.pistonaddict.com. Diese Datenschutzerkl\u00e4rung basiert auf den Pflichten des Website-Betreibers, wie sie in der Datenschutz-Grundverordnung (DSGVO) definiert sind, f\u00fcr alle Angelegenheiten im &#8230; <a title=\"Datenschutz-Bestimmungen\" class=\"read-more\" href=\"https:\/\/pistonaddict.com\/de\/datenschutz-bestimmungen\/\">Mehr lesen<span class=\"screen-reader-text\">Datenschutz-Bestimmungen<\/span><\/a><\/p>\n","protected":false},"author":1,"featured_media":0,"parent":0,"menu_order":0,"comment_status":"closed","ping_status":"closed","template":"","meta":{"inline_featured_image":false,"footnotes":""},"acf":[],"yoast_head":"<!-- This site is optimized with the Yoast SEO plugin v22.5 - https:\/\/yoast.com\/wordpress\/plugins\/seo\/ -->\n<title>Datenschutz-Bestimmungen - Piston Addict<\/title>\n<meta name=\"robots\" content=\"index, follow, max-snippet:-1, max-image-preview:large, max-video-preview:-1\" \/>\n<link rel=\"canonical\" href=\"https:\/\/pistonaddict.com\/de\/datenschutz-bestimmungen\/\" \/>\n<meta property=\"og:locale\" content=\"de_DE\" \/>\n<meta property=\"og:type\" content=\"article\" \/>\n<meta property=\"og:title\" content=\"Datenschutz-Bestimmungen - Piston Addict\" \/>\n<meta property=\"og:description\" content=\"Der Zweck der Datenschutzrichtlinie besteht darin, Ihnen zu zeigen, wie Piston Addict verwendet, verwaltet und sch\u00fctzt die personenbezogenen Daten, die Sie m\u00f6glicherweise im Zusammenhang mit der Nutzung seiner Website an das Unternehmen \u00fcbermittelt haben: https:\/\/www.pistonaddict.com. Diese Datenschutzerkl\u00e4rung basiert auf den Pflichten des Website-Betreibers, wie sie in der Datenschutz-Grundverordnung (DSGVO) definiert sind, f\u00fcr alle Angelegenheiten im ... Mehr lesenDatenschutz-Bestimmungen\" \/>\n<meta property=\"og:url\" content=\"https:\/\/pistonaddict.com\/de\/datenschutz-bestimmungen\/\" \/>\n<meta property=\"og:site_name\" content=\"Piston Addict\" \/>\n<meta property=\"article:modified_time\" content=\"2022-05-04T16:00:03+00:00\" \/>\n<meta name=\"twitter:card\" content=\"summary_large_image\" \/>\n<meta name=\"twitter:label1\" content=\"Gesch\u00e4tzte Lesezeit\" \/>\n\t<meta name=\"twitter:data1\" content=\"6\u00a0Minuten\" \/>\n<script type=\"application\/ld+json\" class=\"yoast-schema-graph\">{\"@context\":\"https:\/\/schema.org\",\"@graph\":[{\"@type\":\"WebPage\",\"@id\":\"https:\/\/pistonaddict.com\/de\/datenschutz-bestimmungen\/\",\"url\":\"https:\/\/pistonaddict.com\/de\/datenschutz-bestimmungen\/\",\"name\":\"Datenschutz-Bestimmungen - Piston Addict\",\"isPartOf\":{\"@id\":\"https:\/\/pistonaddict.com\/de\/#website\"},\"datePublished\":\"2022-04-29T09:19:54+00:00\",\"dateModified\":\"2022-05-04T16:00:03+00:00\",\"breadcrumb\":{\"@id\":\"https:\/\/pistonaddict.com\/de\/datenschutz-bestimmungen\/#breadcrumb\"},\"inLanguage\":\"de\",\"potentialAction\":[{\"@type\":\"ReadAction\",\"target\":[\"https:\/\/pistonaddict.com\/de\/datenschutz-bestimmungen\/\"]}]},{\"@type\":\"BreadcrumbList\",\"@id\":\"https:\/\/pistonaddict.com\/de\/datenschutz-bestimmungen\/#breadcrumb\",\"itemListElement\":[{\"@type\":\"ListItem\",\"position\":1,\"name\":\"Startseite\",\"item\":\"https:\/\/pistonaddict.com\/de\/homepage\/\"},{\"@type\":\"ListItem\",\"position\":2,\"name\":\"Datenschutz-Bestimmungen\"}]},{\"@type\":\"WebSite\",\"@id\":\"https:\/\/pistonaddict.com\/de\/#website\",\"url\":\"https:\/\/pistonaddict.com\/de\/\",\"name\":\"Piston Addict\",\"description\":\"Only interesting vehicles\",\"publisher\":{\"@id\":\"https:\/\/pistonaddict.com\/de\/#organization\"},\"potentialAction\":[{\"@type\":\"SearchAction\",\"target\":{\"@type\":\"EntryPoint\",\"urlTemplate\":\"https:\/\/pistonaddict.com\/de\/?s={search_term_string}\"},\"query-input\":\"required name=search_term_string\"}],\"inLanguage\":\"de\"},{\"@type\":\"Organization\",\"@id\":\"https:\/\/pistonaddict.com\/de\/#organization\",\"name\":\"Piston Addict\",\"url\":\"https:\/\/pistonaddict.com\/de\/\",\"logo\":{\"@type\":\"ImageObject\",\"inLanguage\":\"de\",\"@id\":\"https:\/\/pistonaddict.com\/de\/#\/schema\/logo\/image\/\",\"url\":\"https:\/\/pistonaddict.com\/wp-content\/uploads\/2022\/07\/logo-6.png\",\"contentUrl\":\"https:\/\/pistonaddict.com\/wp-content\/uploads\/2022\/07\/logo-6.png\",\"width\":970,\"height\":200,\"caption\":\"Piston Addict\"},\"image\":{\"@id\":\"https:\/\/pistonaddict.com\/de\/#\/schema\/logo\/image\/\"}}]}<\/script>\n<!-- \/ Yoast SEO plugin. -->","yoast_head_json":{"title":"Datenschutz-Bestimmungen - Piston Addict","robots":{"index":"index","follow":"follow","max-snippet":"max-snippet:-1","max-image-preview":"max-image-preview:large","max-video-preview":"max-video-preview:-1"},"canonical":"https:\/\/pistonaddict.com\/de\/datenschutz-bestimmungen\/","og_locale":"de_DE","og_type":"article","og_title":"Datenschutz-Bestimmungen - Piston Addict","og_description":"Der Zweck der Datenschutzrichtlinie besteht darin, Ihnen zu zeigen, wie Piston Addict verwendet, verwaltet und sch\u00fctzt die personenbezogenen Daten, die Sie m\u00f6glicherweise im Zusammenhang mit der Nutzung seiner Website an das Unternehmen \u00fcbermittelt haben: https:\/\/www.pistonaddict.com. Diese Datenschutzerkl\u00e4rung basiert auf den Pflichten des Website-Betreibers, wie sie in der Datenschutz-Grundverordnung (DSGVO) definiert sind, f\u00fcr alle Angelegenheiten im ... Mehr lesenDatenschutz-Bestimmungen","og_url":"https:\/\/pistonaddict.com\/de\/datenschutz-bestimmungen\/","og_site_name":"Piston Addict","article_modified_time":"2022-05-04T16:00:03+00:00","twitter_card":"summary_large_image","twitter_misc":{"Gesch\u00e4tzte Lesezeit":"6\u00a0Minuten"},"schema":{"@context":"https:\/\/schema.org","@graph":[{"@type":"WebPage","@id":"https:\/\/pistonaddict.com\/de\/datenschutz-bestimmungen\/","url":"https:\/\/pistonaddict.com\/de\/datenschutz-bestimmungen\/","name":"Datenschutz-Bestimmungen - Piston Addict","isPartOf":{"@id":"https:\/\/pistonaddict.com\/de\/#website"},"datePublished":"2022-04-29T09:19:54+00:00","dateModified":"2022-05-04T16:00:03+00:00","breadcrumb":{"@id":"https:\/\/pistonaddict.com\/de\/datenschutz-bestimmungen\/#breadcrumb"},"inLanguage":"de","potentialAction":[{"@type":"ReadAction","target":["https:\/\/pistonaddict.com\/de\/datenschutz-bestimmungen\/"]}]},{"@type":"BreadcrumbList","@id":"https:\/\/pistonaddict.com\/de\/datenschutz-bestimmungen\/#breadcrumb","itemListElement":[{"@type":"ListItem","position":1,"name":"Startseite","item":"https:\/\/pistonaddict.com\/de\/homepage\/"},{"@type":"ListItem","position":2,"name":"Datenschutz-Bestimmungen"}]},{"@type":"WebSite","@id":"https:\/\/pistonaddict.com\/de\/#website","url":"https:\/\/pistonaddict.com\/de\/","name":"Piston Addict","description":"Only interesting vehicles","publisher":{"@id":"https:\/\/pistonaddict.com\/de\/#organization"},"potentialAction":[{"@type":"SearchAction","target":{"@type":"EntryPoint","urlTemplate":"https:\/\/pistonaddict.com\/de\/?s={search_term_string}"},"query-input":"required name=search_term_string"}],"inLanguage":"de"},{"@type":"Organization","@id":"https:\/\/pistonaddict.com\/de\/#organization","name":"Piston Addict","url":"https:\/\/pistonaddict.com\/de\/","logo":{"@type":"ImageObject","inLanguage":"de","@id":"https:\/\/pistonaddict.com\/de\/#\/schema\/logo\/image\/","url":"https:\/\/pistonaddict.com\/wp-content\/uploads\/2022\/07\/logo-6.png","contentUrl":"https:\/\/pistonaddict.com\/wp-content\/uploads\/2022\/07\/logo-6.png","width":970,"height":200,"caption":"Piston Addict"},"image":{"@id":"https:\/\/pistonaddict.com\/de\/#\/schema\/logo\/image\/"}}]}},"_links":{"self":[{"href":"https:\/\/pistonaddict.com\/de\/wp-json\/wp\/v2\/pages\/3038"}],"collection":[{"href":"https:\/\/pistonaddict.com\/de\/wp-json\/wp\/v2\/pages"}],"about":[{"href":"https:\/\/pistonaddict.com\/de\/wp-json\/wp\/v2\/types\/page"}],"author":[{"embeddable":true,"href":"https:\/\/pistonaddict.com\/de\/wp-json\/wp\/v2\/users\/1"}],"replies":[{"embeddable":true,"href":"https:\/\/pistonaddict.com\/de\/wp-json\/wp\/v2\/comments?post=3038"}],"version-history":[{"count":2,"href":"https:\/\/pistonaddict.com\/de\/wp-json\/wp\/v2\/pages\/3038\/revisions"}],"predecessor-version":[{"id":4167,"href":"https:\/\/pistonaddict.com\/de\/wp-json\/wp\/v2\/pages\/3038\/revisions\/4167"}],"wp:attachment":[{"href":"https:\/\/pistonaddict.com\/de\/wp-json\/wp\/v2\/media?parent=3038"}],"curies":[{"name":"wp","href":"https:\/\/api.w.org\/{rel}","templated":true}]}}