{"id":2997,"date":"2022-04-29T11:19:25","date_gmt":"2022-04-29T09:19:25","guid":{"rendered":"https:\/\/pistonaddict.com\/cookie-verwaltung\/"},"modified":"2022-10-28T10:21:19","modified_gmt":"2022-10-28T08:21:19","slug":"cookie-verwaltung","status":"publish","type":"page","link":"https:\/\/pistonaddict.com\/de\/cookie-verwaltung\/","title":{"rendered":"Verwaltung von Cookies"},"content":{"rendered":"\t\t<div data-elementor-type=\"wp-page\" data-elementor-id=\"2997\" class=\"elementor elementor-2997 elementor-2954\">\n\t\t\t\t\t\t<section class=\"elementor-section elementor-top-section elementor-element elementor-element-00987b4 elementor-section-boxed elementor-section-height-default elementor-section-height-default\" data-id=\"00987b4\" data-element_type=\"section\">\n\t\t\t\t\t\t<div class=\"elementor-container elementor-column-gap-default\">\n\t\t\t\t\t<div class=\"elementor-column elementor-col-100 elementor-top-column elementor-element elementor-element-9f5f945\" data-id=\"9f5f945\" data-element_type=\"column\">\n\t\t\t<div class=\"elementor-widget-wrap elementor-element-populated\">\n\t\t\t\t\t\t<div class=\"elementor-element elementor-element-8525f40 elementor-widget elementor-widget-text-editor\" data-id=\"8525f40\" data-element_type=\"widget\" data-widget_type=\"text-editor.default\">\n\t\t\t\t<div class=\"elementor-widget-container\">\n\t\t\t<style>\/*! elementor - v3.21.0 - 18-04-2024 *\/\n.elementor-widget-text-editor.elementor-drop-cap-view-stacked .elementor-drop-cap{background-color:#69727d;color:#fff}.elementor-widget-text-editor.elementor-drop-cap-view-framed .elementor-drop-cap{color:#69727d;border:3px solid;background-color:transparent}.elementor-widget-text-editor:not(.elementor-drop-cap-view-default) .elementor-drop-cap{margin-top:8px}.elementor-widget-text-editor:not(.elementor-drop-cap-view-default) .elementor-drop-cap-letter{width:1em;height:1em}.elementor-widget-text-editor .elementor-drop-cap{float:left;text-align:center;line-height:1;font-size:50px}.elementor-widget-text-editor .elementor-drop-cap-letter{display:inline-block}<\/style>\t\t\t\t<div class=\"wpb_text_column wpb_content_element cms_text_block\">\n<div class=\"wpb_wrapper \">\n<p>Bei Ihrem ersten Zugriff auf die Website https:\/\/www.pistonaddict.com informiert Sie ein unter der Seite befindliches Band dar\u00fcber, dass Daten, die sich auf Ihre Navigation beziehen, in speziellen Dateien, die als &#8220;Cookies&#8221; oder Verbindungsdateien bezeichnet werden, gespeichert werden sollen.<\/p>\n<p>Um Sie besser \u00fcber ihre Rolle, die mit ihrer Annahme oder Ablehnung verbundenen Einschr\u00e4nkungen und die zu befolgenden Schritte zur Blockierung ihrer Installation auf Ihrem Computer zu informieren, stellt <strong>Piston Addict<\/strong> Ihnen seine Politik zur Verwaltung von Cookies vor.<\/p>\n<div class=\"wpb_column vc_column_container vc_col-sm-12\">\n<div class=\"vc_column-inner\">\n<div class=\"wpb_wrapper\"> <\/div>\n<\/div>\n<\/div>\n<div class=\"cms-custom-heading-wrap heading2 text-left vc_custom_heading heading2_uppercase \">\n<h2> <\/h2>\n<h2 class=\"cmsc-custom-heading vc_custom_heading\">1\u00b0 LE R\u00d4LE DES COOKIES OU FICHIERS DE CONNEXION<\/h2>\n<\/div>\n<p>Die Cookies erm\u00f6glichen das Sammeln von Informationen \u00fcber Ihren Besuch auf der Website (https:\/\/www.pistonaddict.com), um Ihre Navigation zu verbessern und zu optimieren. Die von der Navigation bereitgestellten Verbindungsdateien erm\u00f6glichen es Ihnen, die von Ihnen gesuchten Dienste und Informationen anhand der Rubriken und der von Ihnen besuchten Seiten genau zu bestimmen.<\/p>\n<p>F\u00fcr eine optimale Nutzung der Internet-Site und ihrer Dienste werden je nach Zielsetzung verschiedene Arten von Cookies verwendet:<\/p>\n<ul>\n<li>Die Sitzungscookies werden in erster Linie auf den Marktseiten installiert, um w\u00e4hrend des gesamten Navigationsvorgangs bestimmte Daten zu sichern, die in der Sitzung gespeichert werden,<\/li>\n<li>Die funktionellen Cookies ber\u00fccksichtigen die Navigationspr\u00e4ferenzen (Sprache, Bildschirmaufl\u00f6sung&#8230;) oder geben die Informationen wieder, die w\u00e4hrend der vorangegangenen Navigationssitzungen gespeichert wurden (Verbindungsdaten, aufgerufene Dienste, gespeicherte Daten&#8230;),<\/li>\n<li>Die Analyse-Cookies erm\u00f6glichen es, das Verhalten der Nutzer w\u00e4hrend des Besuchs der Website zu analysieren und Statistiken \u00fcber die H\u00e4ufigkeit des Besuchs zu erstellen,<\/li>\n<li>Die Cookies werden von den Internetanbietern oder Partnern der Website sowie von den sozialen Netzwerken und Videoplattformen, die mit dieser Website verbunden sind, auf den Internetnutzer gesetzt.<\/li>\n<\/ul>\n<p>Die f\u00fcr die Verbindungsdateien erforderlichen Daten k\u00f6nnen Sie nicht namentlich identifizieren, sie werden ausschlie\u00dflich f\u00fcr das reibungslose Funktionieren der Internet-Site verwendet und werden von <strong>Piston Addict<\/strong> niemals an andere Strukturen weitergegeben.<\/p>\n<div class=\"wpb_column vc_column_container vc_col-sm-12\">\n<div class=\"vc_column-inner\">\n<div class=\"wpb_wrapper\"> <\/div>\n<\/div>\n<\/div>\n<div class=\"cms-custom-heading-wrap heading2 text-left vc_custom_heading heading2_uppercase \">\n<h2> <\/h2>\n<h2 class=\"cmsc-custom-heading vc_custom_heading\">2\u00b0 LES COOKIES PR\u00c9SENTS SUR LE SITE PISTONADDICT.COM<\/h2>\n<\/div>\n<div class=\"wpb_text_column wpb_content_element vc_custom_1621498045904 cms_text_block\">\n<div class=\"wpb_wrapper \"> <\/div>\n<\/div>\n<p>Je nach ihrer Art und der Art der Daten, die sie sammeln, k\u00f6nnen die auf der Website https:\/\/www.pistonaddict.com verwendeten Cookies Ihre Zustimmung zu ihrer Verwendung verweigern oder im Widerspruch zu ihr stehen.<\/p>\n<h3> <\/h3>\n<h3>2.1\u00b0 Die funktionierenden Cookies<\/h3>\n<p>Die Commission Nationale de l&#8217;Informatique et des Libert\u00e9s (CNIL) empfiehlt, auf die Speicherung von Cookies zu verzichten, die f\u00fcr das reibungslose Funktionieren der Internet-Site erforderlich sind oder nur der Erleichterung der elektronischen Kommunikation dienen.<\/p>\n<p>Dies betrifft vor allem die Sitzungscookies, die Sitzungscookies f\u00fcr Multimediadienste, die Authentifizierungscookies, die Sitzungscookies f\u00fcr den Ladungsausgleich sowie die Cookies zur Personalisierung Ihrer Benutzeroberfl\u00e4che.<\/p>\n<h3> <\/h3>\n<h3>2.2\u00b0 Les cookies de suivi<\/h3>\n<p>Gem\u00e4\u00df der geltenden Gesetzgebung, die von der RGPD angewendet wird, sind alle Cookies, die eine Zuordnung oder ein Profil erm\u00f6glichen, vor ihrer \u00dcbertragung auf Ihr Navigationssystem verf\u00fcgbar: die Erfassung Ihrer Zustimmung, die M\u00f6glichkeit, dass Sie der Verwendung widersprechen, die Information, dass die Navigation nach dem Ablegen von Cookies auf Ihrem Terminal erfolgt.<\/p>\n<p>Dies betrifft sowohl die Cookies zur Messung der Besucherzahlen (Analytics) als auch die Cookies f\u00fcr die Teilnahme an den sozialen Netzwerken (Facebook&#8230;), die daher den Vertraulichkeitsrichtlinien der Herausgeber dieser logischen Anwendungen unterliegen.<\/p>\n<h4> <\/h4>\n<h4><strong>2.2.1\u00b0 Les cookies de mesure d&#8217;audience<\/strong><\/h4>\n<p>Die Cookies von Google Analytics erm\u00f6glichen es, Statistiken \u00fcber die Nutzung der Website https:\/\/www.pistonaddict.com zu erstellen.<\/p>\n<p>Sie wurden so parametriert, dass sie Daten sammeln k\u00f6nnen, die eine einfache Erfassung Ihrer Zustimmung erm\u00f6glichen:<\/p>\n<ul>\n<li>Die gesetzten Cookies dienen ausschlie\u00dflich der Erstellung anonymer Statistiken, die IP-Adresse, mit der Sie sich lokalisieren k\u00f6nnen, ist nicht genauer als die Ortsebene, d.h. die beiden letzten Oktette der IP-Adresse werden unterdr\u00fcckt,<\/li>\n<li>Die Cookies, die es erm\u00f6glichen, Ihren Standort und Ihre IP-Adressen zu ermitteln, werden nicht l\u00e4nger als 13 Monate nach Ihrem ersten Besuch aufbewahrt.<\/li>\n<\/ul>\n<p>Die Vertraulichkeitspolitik von Google Analytics steht unter folgender Adresse zur Verf\u00fcgung: https:\/\/policies.google.com\/privacy?hl=fr<\/p>\n<h3> <\/h3>\n<h4><strong>2.2.2\u00b0 Die Cookies f\u00fcr die Daten\u00fcbermittlung<\/strong><\/h4>\n<p>Die Cookies f\u00fcr die Teilnahme an den sozialen Netzwerken (Facebook&#8230;) werden von den Herausgebern der Anwendungen gesetzt und bereitgestellt. Vorbehaltlich Ihres Einverst\u00e4ndnisses erm\u00f6glichen diese Cookies die einfache Teilung von Inhalten, die auf der Website https:\/\/www.pistonaddict.com mit Hilfe von speziellen Anwendungsbuttons ver\u00f6ffentlicht werden.<\/p>\n<p>Die Vertraulichkeitsrichtlinien der sozialen Netzwerke sind auf den folgenden Seiten abrufbar:<\/p>\n<ul>\n<li>Facebook: https:\/\/fr-fr.facebook.com\/privacy\/explanation<\/li>\n<li>Twitter: https:\/\/twitter.com\/fr\/privacy#update<\/li>\n<li>Pinterest : https:\/\/policy.pinterest.com\/fr\/privacy-policy<\/li>\n<li>Instagram : https:\/\/help.instagram.com\/519522125107875<\/li>\n<\/ul>\n<h3> <\/h3>\n<h4><strong>2.2.3\u00b0 Die Cookies von Videoplattformen<\/strong><\/h4>\n<p>Die Cookies f\u00fcr die Darstellung von Videos auf YouTube werden vom Herausgeber der Videoplattform gesetzt und bereitgestellt. Vorbehaltlich Ihrer Zustimmung werden diese Cookies an Ihren Internetnavigator gesendet, wenn Sie Videos ansehen, die auf der Website https:\/\/www.pistonaddict.com und auf der Plattform ver\u00f6ffentlicht werden.<\/p>\n<p>Die Vertraulichkeitspolitik von YouTube steht unter folgender Adresse zur Verf\u00fcgung: https:\/\/policies.google.com\/privacy?hl=fr-CA<\/p>\n<\/div>\n<\/div>\n<div class=\"wpb_column vc_column_container vc_col-sm-12\">\n<div class=\"vc_column-inner\">\n<div class=\"wpb_wrapper\"> <\/div>\n<\/div>\n<\/div>\n<div class=\"cms-custom-heading-wrap heading2 text-left vc_custom_heading heading2_uppercase \">\n<h2> <\/h2>\n<h2 class=\"cmsc-custom-heading vc_custom_heading\">3\u00b0 AKZEPTANZ ODER ABLEHNUNG VON COOKIES<\/h2>\n<\/div>\n<div class=\"wpb_text_column wpb_content_element vc_custom_1621498045904 cms_text_block\">\n<div class=\"wpb_wrapper \">\n<p>Bei Ihrem ersten Besuch auf der Website https:\/\/www.pistonaddict.com ist unten auf der Seite ein Band angebracht, das Ihnen die Annahme oder Ablehnung von Cookies erm\u00f6glicht. Diese Brosch\u00fcre enth\u00e4lt auch Hinweise auf die Beendigung der \u00dcbermittlung von Cookies durch Ihren Internet-Navigator.<\/p>\n<p>Sie k\u00f6nnen auch Ihren Internet-Navigator so einstellen, dass er Sie darauf aufmerksam macht, wenn Cookies gesetzt werden, und die M\u00f6glichkeit bietet, diese anzunehmen oder abzulehnen. Je nach verwendetem Navigationsger\u00e4t ist die Konfiguration der Cookie-Verwaltung (Annahme oder Ablehnung) unterschiedlich.<\/p>\n<p>Hier finden Sie die Adressen der Seiten, die f\u00fcr jeden der Hauptnutzer bestimmt sind:<\/p>\n<ul>\n<li>Microsoft Internet Explorer : http:\/\/windows.microsoft.com\/fr-FR\/windows-vista\/Block-or-allow-cookies<\/li>\n<li>Google Chrome : https:\/\/support.google.com\/chrome\/answer\/95647?hl=fr<\/li>\n<li>Safari : https:\/\/support.apple.com\/fr-fr\/guide\/safari\/sfri11471\/mac<\/li>\n<li>Firefox : https:\/\/support.mozilla.org\/fr\/kb\/autoriser-bloquer-cookies-preferences-sites<\/li>\n<li>Oper : https:\/\/help.opera.com\/en\/latest\/web-preferences\/#cookies<\/li>\n<\/ul>\n<p>A noteter : Le refus des cookies peut emp\u00eacher la personnalisation de votre navigation sur le site Internet : https:\/\/www.pistonaddict.com, il est donc important que vous configuriez votre navigateur en toute connaissance de cause.<\/p>\n<\/div>\n<\/div>\n<div class=\"wpb_column vc_column_container vc_col-sm-12\">\n<div class=\"vc_column-inner\">\n<div class=\"wpb_wrapper\"> <\/div>\n<\/div>\n<\/div>\n<div class=\"cms-custom-heading-wrap heading2 text-left vc_custom_heading heading2_uppercase \">\n<h2> <\/h2>\n<h2 class=\"cmsc-custom-heading vc_custom_heading\">4\u00b0 DER WIDERRUF DER ZUSTIMMUNG ZU DEN COOKIES<\/h2>\n<\/div>\n<div class=\"wpb_text_column wpb_content_element vc_custom_1621498045904 cms_text_block\">\n<div class=\"wpb_wrapper \">\n<p>Es ist jederzeit m\u00f6glich, seine <a class=\"wt-cli-manage-consent-link\">Zustimmung zu Cookies<\/a> und analytischen Cookies zu widerrufen.<\/p>\n<div class=\"wpb_column vc_column_container vc_col-sm-12\">\n<div class=\"vc_column-inner\">\n<div class=\"wpb_wrapper\"> <\/div>\n<\/div>\n<\/div>\n<div class=\"cms-custom-heading-wrap heading2 text-left vc_custom_heading heading2_uppercase \">\n<h2> <\/h2>\n<h2 class=\"cmsc-custom-heading vc_custom_heading\">5\u00b0 DIE POLITIK DER VERTRAULICHKEIT<\/h2>\n<\/div>\n<div class=\"wpb_text_column wpb_content_element vc_custom_1621498045904 cms_text_block\">\n<div class=\"wpb_wrapper \"> <\/div>\n<\/div>\n<p>Um mehr \u00fcber die Vertraulichkeitspolitik von <strong>Piston Addict<\/strong> zu erfahren: <a href=\"https:\/\/pistonaddict.com\/de\/datenschutz-bestimmungen\/\">cliquez ici<\/a>.<\/p>\n<\/div>\n<\/div>\n\t\t\t\t\t\t<\/div>\n\t\t\t\t<\/div>\n\t\t\t\t\t<\/div>\n\t\t<\/div>\n\t\t\t\t\t<\/div>\n\t\t<\/section>\n\t\t\t\t<\/div>\n\t\t","protected":false},"excerpt":{"rendered":"<p>Bei Ihrem ersten Zugriff auf die Website https:\/\/www.pistonaddict.com informiert Sie ein unter der Seite befindliches Band dar\u00fcber, dass Daten, die sich auf Ihre Navigation beziehen, in speziellen Dateien, die als &#8220;Cookies&#8221; oder Verbindungsdateien bezeichnet werden, gespeichert werden sollen. Um Sie besser \u00fcber ihre Rolle, die mit ihrer Annahme oder Ablehnung verbundenen Einschr\u00e4nkungen und die zu &#8230; <a title=\"Verwaltung von Cookies\" class=\"read-more\" href=\"https:\/\/pistonaddict.com\/de\/cookie-verwaltung\/\">Mehr lesen<span class=\"screen-reader-text\">Verwaltung von Cookies<\/span><\/a><\/p>\n","protected":false},"author":1,"featured_media":0,"parent":0,"menu_order":0,"comment_status":"closed","ping_status":"closed","template":"","meta":{"inline_featured_image":false,"footnotes":""},"acf":[],"yoast_head":"<!-- This site is optimized with the Yoast SEO plugin v22.5 - https:\/\/yoast.com\/wordpress\/plugins\/seo\/ -->\n<title>Verwaltung von Cookies - Piston Addict<\/title>\n<meta name=\"robots\" content=\"index, follow, max-snippet:-1, max-image-preview:large, max-video-preview:-1\" \/>\n<link rel=\"canonical\" href=\"https:\/\/pistonaddict.com\/de\/cookie-verwaltung\/\" \/>\n<meta property=\"og:locale\" content=\"de_DE\" \/>\n<meta property=\"og:type\" content=\"article\" \/>\n<meta property=\"og:title\" content=\"Verwaltung von Cookies - Piston Addict\" \/>\n<meta property=\"og:description\" content=\"Bei Ihrem ersten Zugriff auf die Website https:\/\/www.pistonaddict.com informiert Sie ein unter der Seite befindliches Band dar\u00fcber, dass Daten, die sich auf Ihre Navigation beziehen, in speziellen Dateien, die als &#8220;Cookies&#8221; oder Verbindungsdateien bezeichnet werden, gespeichert werden sollen. Um Sie besser \u00fcber ihre Rolle, die mit ihrer Annahme oder Ablehnung verbundenen Einschr\u00e4nkungen und die zu ... Mehr lesenVerwaltung von Cookies\" \/>\n<meta property=\"og:url\" content=\"https:\/\/pistonaddict.com\/de\/cookie-verwaltung\/\" \/>\n<meta property=\"og:site_name\" content=\"Piston Addict\" \/>\n<meta property=\"article:modified_time\" content=\"2022-10-28T08:21:19+00:00\" \/>\n<meta name=\"twitter:card\" content=\"summary_large_image\" \/>\n<meta name=\"twitter:label1\" content=\"Gesch\u00e4tzte Lesezeit\" \/>\n\t<meta name=\"twitter:data1\" content=\"5\u00a0Minuten\" \/>\n<script type=\"application\/ld+json\" class=\"yoast-schema-graph\">{\"@context\":\"https:\/\/schema.org\",\"@graph\":[{\"@type\":\"WebPage\",\"@id\":\"https:\/\/pistonaddict.com\/de\/cookie-verwaltung\/\",\"url\":\"https:\/\/pistonaddict.com\/de\/cookie-verwaltung\/\",\"name\":\"Verwaltung von Cookies - Piston Addict\",\"isPartOf\":{\"@id\":\"https:\/\/pistonaddict.com\/de\/#website\"},\"datePublished\":\"2022-04-29T09:19:25+00:00\",\"dateModified\":\"2022-10-28T08:21:19+00:00\",\"breadcrumb\":{\"@id\":\"https:\/\/pistonaddict.com\/de\/cookie-verwaltung\/#breadcrumb\"},\"inLanguage\":\"de\",\"potentialAction\":[{\"@type\":\"ReadAction\",\"target\":[\"https:\/\/pistonaddict.com\/de\/cookie-verwaltung\/\"]}]},{\"@type\":\"BreadcrumbList\",\"@id\":\"https:\/\/pistonaddict.com\/de\/cookie-verwaltung\/#breadcrumb\",\"itemListElement\":[{\"@type\":\"ListItem\",\"position\":1,\"name\":\"Startseite\",\"item\":\"https:\/\/pistonaddict.com\/de\/homepage\/\"},{\"@type\":\"ListItem\",\"position\":2,\"name\":\"Verwaltung von Cookies\"}]},{\"@type\":\"WebSite\",\"@id\":\"https:\/\/pistonaddict.com\/de\/#website\",\"url\":\"https:\/\/pistonaddict.com\/de\/\",\"name\":\"Piston Addict\",\"description\":\"Only interesting vehicles\",\"publisher\":{\"@id\":\"https:\/\/pistonaddict.com\/de\/#organization\"},\"potentialAction\":[{\"@type\":\"SearchAction\",\"target\":{\"@type\":\"EntryPoint\",\"urlTemplate\":\"https:\/\/pistonaddict.com\/de\/?s={search_term_string}\"},\"query-input\":\"required name=search_term_string\"}],\"inLanguage\":\"de\"},{\"@type\":\"Organization\",\"@id\":\"https:\/\/pistonaddict.com\/de\/#organization\",\"name\":\"Piston Addict\",\"url\":\"https:\/\/pistonaddict.com\/de\/\",\"logo\":{\"@type\":\"ImageObject\",\"inLanguage\":\"de\",\"@id\":\"https:\/\/pistonaddict.com\/de\/#\/schema\/logo\/image\/\",\"url\":\"https:\/\/pistonaddict.com\/wp-content\/uploads\/2022\/07\/logo-6.png\",\"contentUrl\":\"https:\/\/pistonaddict.com\/wp-content\/uploads\/2022\/07\/logo-6.png\",\"width\":970,\"height\":200,\"caption\":\"Piston Addict\"},\"image\":{\"@id\":\"https:\/\/pistonaddict.com\/de\/#\/schema\/logo\/image\/\"}}]}<\/script>\n<!-- \/ Yoast SEO plugin. -->","yoast_head_json":{"title":"Verwaltung von Cookies - Piston Addict","robots":{"index":"index","follow":"follow","max-snippet":"max-snippet:-1","max-image-preview":"max-image-preview:large","max-video-preview":"max-video-preview:-1"},"canonical":"https:\/\/pistonaddict.com\/de\/cookie-verwaltung\/","og_locale":"de_DE","og_type":"article","og_title":"Verwaltung von Cookies - Piston Addict","og_description":"Bei Ihrem ersten Zugriff auf die Website https:\/\/www.pistonaddict.com informiert Sie ein unter der Seite befindliches Band dar\u00fcber, dass Daten, die sich auf Ihre Navigation beziehen, in speziellen Dateien, die als &#8220;Cookies&#8221; oder Verbindungsdateien bezeichnet werden, gespeichert werden sollen. Um Sie besser \u00fcber ihre Rolle, die mit ihrer Annahme oder Ablehnung verbundenen Einschr\u00e4nkungen und die zu ... Mehr lesenVerwaltung von Cookies","og_url":"https:\/\/pistonaddict.com\/de\/cookie-verwaltung\/","og_site_name":"Piston Addict","article_modified_time":"2022-10-28T08:21:19+00:00","twitter_card":"summary_large_image","twitter_misc":{"Gesch\u00e4tzte Lesezeit":"5\u00a0Minuten"},"schema":{"@context":"https:\/\/schema.org","@graph":[{"@type":"WebPage","@id":"https:\/\/pistonaddict.com\/de\/cookie-verwaltung\/","url":"https:\/\/pistonaddict.com\/de\/cookie-verwaltung\/","name":"Verwaltung von Cookies - Piston Addict","isPartOf":{"@id":"https:\/\/pistonaddict.com\/de\/#website"},"datePublished":"2022-04-29T09:19:25+00:00","dateModified":"2022-10-28T08:21:19+00:00","breadcrumb":{"@id":"https:\/\/pistonaddict.com\/de\/cookie-verwaltung\/#breadcrumb"},"inLanguage":"de","potentialAction":[{"@type":"ReadAction","target":["https:\/\/pistonaddict.com\/de\/cookie-verwaltung\/"]}]},{"@type":"BreadcrumbList","@id":"https:\/\/pistonaddict.com\/de\/cookie-verwaltung\/#breadcrumb","itemListElement":[{"@type":"ListItem","position":1,"name":"Startseite","item":"https:\/\/pistonaddict.com\/de\/homepage\/"},{"@type":"ListItem","position":2,"name":"Verwaltung von Cookies"}]},{"@type":"WebSite","@id":"https:\/\/pistonaddict.com\/de\/#website","url":"https:\/\/pistonaddict.com\/de\/","name":"Piston Addict","description":"Only interesting vehicles","publisher":{"@id":"https:\/\/pistonaddict.com\/de\/#organization"},"potentialAction":[{"@type":"SearchAction","target":{"@type":"EntryPoint","urlTemplate":"https:\/\/pistonaddict.com\/de\/?s={search_term_string}"},"query-input":"required name=search_term_string"}],"inLanguage":"de"},{"@type":"Organization","@id":"https:\/\/pistonaddict.com\/de\/#organization","name":"Piston Addict","url":"https:\/\/pistonaddict.com\/de\/","logo":{"@type":"ImageObject","inLanguage":"de","@id":"https:\/\/pistonaddict.com\/de\/#\/schema\/logo\/image\/","url":"https:\/\/pistonaddict.com\/wp-content\/uploads\/2022\/07\/logo-6.png","contentUrl":"https:\/\/pistonaddict.com\/wp-content\/uploads\/2022\/07\/logo-6.png","width":970,"height":200,"caption":"Piston Addict"},"image":{"@id":"https:\/\/pistonaddict.com\/de\/#\/schema\/logo\/image\/"}}]}},"_links":{"self":[{"href":"https:\/\/pistonaddict.com\/de\/wp-json\/wp\/v2\/pages\/2997"}],"collection":[{"href":"https:\/\/pistonaddict.com\/de\/wp-json\/wp\/v2\/pages"}],"about":[{"href":"https:\/\/pistonaddict.com\/de\/wp-json\/wp\/v2\/types\/page"}],"author":[{"embeddable":true,"href":"https:\/\/pistonaddict.com\/de\/wp-json\/wp\/v2\/users\/1"}],"replies":[{"embeddable":true,"href":"https:\/\/pistonaddict.com\/de\/wp-json\/wp\/v2\/comments?post=2997"}],"version-history":[{"count":5,"href":"https:\/\/pistonaddict.com\/de\/wp-json\/wp\/v2\/pages\/2997\/revisions"}],"predecessor-version":[{"id":15986,"href":"https:\/\/pistonaddict.com\/de\/wp-json\/wp\/v2\/pages\/2997\/revisions\/15986"}],"wp:attachment":[{"href":"https:\/\/pistonaddict.com\/de\/wp-json\/wp\/v2\/media?parent=2997"}],"curies":[{"name":"wp","href":"https:\/\/api.w.org\/{rel}","templated":true}]}}