{"id":2922,"date":"2022-04-29T11:18:33","date_gmt":"2022-04-29T09:18:33","guid":{"rendered":"https:\/\/pistonaddict.com\/impressum\/"},"modified":"2024-10-26T08:17:36","modified_gmt":"2024-10-26T06:17:36","slug":"impressum","status":"publish","type":"page","link":"https:\/\/pistonaddict.com\/de\/impressum\/","title":{"rendered":"Rechtlicher Hinweis"},"content":{"rendered":"\t\t<div data-elementor-type=\"wp-page\" data-elementor-id=\"2922\" class=\"elementor elementor-2922 elementor-2848\">\n\t\t\t\t\t\t<section class=\"elementor-section elementor-top-section elementor-element elementor-element-4eb0e23 elementor-section-boxed elementor-section-height-default elementor-section-height-default\" data-id=\"4eb0e23\" data-element_type=\"section\">\n\t\t\t\t\t\t<div class=\"elementor-container elementor-column-gap-default\">\n\t\t\t\t\t<div class=\"elementor-column elementor-col-100 elementor-top-column elementor-element elementor-element-229cbe5\" data-id=\"229cbe5\" data-element_type=\"column\">\n\t\t\t<div class=\"elementor-widget-wrap elementor-element-populated\">\n\t\t\t\t\t\t<div class=\"elementor-element elementor-element-2af4966 elementor-widget elementor-widget-text-editor\" data-id=\"2af4966\" data-element_type=\"widget\" data-widget_type=\"text-editor.default\">\n\t\t\t\t<div class=\"elementor-widget-container\">\n\t\t\t<style>\/*! elementor - v3.21.0 - 18-04-2024 *\/\n.elementor-widget-text-editor.elementor-drop-cap-view-stacked .elementor-drop-cap{background-color:#69727d;color:#fff}.elementor-widget-text-editor.elementor-drop-cap-view-framed .elementor-drop-cap{color:#69727d;border:3px solid;background-color:transparent}.elementor-widget-text-editor:not(.elementor-drop-cap-view-default) .elementor-drop-cap{margin-top:8px}.elementor-widget-text-editor:not(.elementor-drop-cap-view-default) .elementor-drop-cap-letter{width:1em;height:1em}.elementor-widget-text-editor .elementor-drop-cap{float:left;text-align:center;line-height:1;font-size:50px}.elementor-widget-text-editor .elementor-drop-cap-letter{display:inline-block}<\/style>\t\t\t\t<h2><strong>WEBSITE-PR\u00c4SENTATION<\/strong><\/h2>\n<p>Gem\u00e4\u00df Artikel 6 des Gesetzes Nr. 2004-575 vom 21. Juni 2004 \u00fcber das Vertrauen in die digitale Wirtschaft und in Anwendung der <strong>Allgemeinen<\/strong> <strong>Datenschutzverordnung<\/strong> [Verordnung (EU) 2016\/679] wird den Nutzern der Website: https:\/\/www.pistonaddict.com die Identit\u00e4t der verschiedenen Beteiligten im Rahmen ihrer Realisierung und ihrer \u00dcberwachung mitgeteilt.<\/p>\n<ul>\n<li><strong>Besitzer:<\/strong> <strong>Piston Addict SA<\/strong><\/li>\n<li>SA mit einem Aktienkapital von 400 000 CHF<\/li>\n<li>IDE-Nummer: CHE-354.351.695<\/li>\n<li>Umsatzsteuer-Identifikationsnummer: CHE-354.351.695TVA und EU528667635 (Nicht EU OSS Nummer)<\/li>\n<li>B\u00fcro : Rue Alexandre Gavard 16, 1227 Carouge,&nbsp; Schweiz<\/li>\n<li>Telefon: 00 41 22 342 03 55<\/li>\n<\/ul>\n<ul>\n<li><strong>Ersteller\/Webmaster: KUBIWEB<\/strong><\/li>\n<li>SAS mit einem Grundkapital von 21 320 \u20ac<\/li>\n<li>SIRET-Nummer: 53018964600025<\/li>\n<li>Hauptsitz: 46-48 Chemin de la Bruy\u00e8re &#8211; 69570 DARDILLY<\/li>\n<\/ul>\n<ul>\n<li><strong>Gastgeber: HOSTINGER<\/strong><\/li>\n<li>Hauptsitz: HOSTINGER INTERNATIONAL LTD, 61 Lordou Vironos Street, 6023 Larnaca, Zypern<\/li>\n<li>Kontakt: <a href=\"https:\/\/www.hostinger.fr\/contact\" target=\"_blank\" rel=\"noopener\">https:\/\/www.hostinger.fr\/contact<\/a><\/li>\n<\/ul>\n\n<ul>\n<li>E-Mail: <a href=\"https:\/\/pistonaddict.com\/de\/kontaktiere-uns\/\">Kontakt-Formular<\/a><\/li>\n<\/ul>\n<p>Piston Addict ist weltweit aktiv, wobei der Schwerpunkt in Europa liegt, mit Ausnahme von Gro\u00dfbritannien und Irland.&nbsp;<\/p>\n<p><\/p>\n<h2><strong>ALLGEMEINE BEDINGUNGEN F\u00dcR DIE NUTZUNG DER WEBSITE UND DER ANGEBOTENEN DIENSTE<\/strong><\/h2>\n<p>Die Nutzung der Website https:\/\/www.pistonaddict.com setzt die uneingeschr\u00e4nkte Zustimmung zu den nachstehend beschriebenen allgemeinen Nutzungsbedingungen voraus. Diese Nutzungsbedingungen k\u00f6nnen jederzeit ge\u00e4ndert oder erg\u00e4nzt werden; die Nutzer der Website https:\/\/www.pistonaddict.com werden daher gebeten, sie regelm\u00e4\u00dfig zu konsultieren.<\/p>\n<p>Diese Website ist normalerweise jederzeit f\u00fcr die Nutzer zug\u00e4nglich. Eine Unterbrechung aufgrund von technischen Wartungsarbeiten kann jedoch von <strong>Piston Addict<\/strong> beschlossen werden, die sich dann bem\u00fchen wird, den Nutzern die Daten und Zeiten des Eingriffs vorher mitzuteilen.<\/p>\n<p>Die Website https:\/\/www.pistonaddict.com wird regelm\u00e4\u00dfig von <strong>Piston Addict<\/strong> aktualisiert. Ebenso k\u00f6nnen die rechtlichen Hinweise jederzeit ge\u00e4ndert werden: Sie sind jedoch f\u00fcr den Nutzer verbindlich, der aufgefordert wird, sie so oft wie m\u00f6glich zu lesen, um sich mit ihnen vertraut zu machen.<\/p>\n<h2>&nbsp;<\/h2>\n<h2><strong>BESCHREIBUNG DER ANGEBOTENEN DIENSTLEISTUNGEN<\/strong><\/h2>\n<p>Der Zweck der Website https:\/\/www.pistonaddict.com ist es, Informationen \u00fcber alle Aktivit\u00e4ten des Unternehmens bereitzustellen. <strong>Piston Addict<\/strong> ist bestrebt, die Informationen auf der Website https:\/\/www.pistonaddict.com so genau wie m\u00f6glich zu halten.<\/p>\n<p>Sie kann jedoch nicht f\u00fcr Auslassungen, Ungenauigkeiten und Unzul\u00e4nglichkeiten in der Aktualisierung verantwortlich gemacht werden, weder von ihr selbst noch von den dritten Partnern, die ihr diese Informationen zur Verf\u00fcgung stellen.<\/p>\n<p>Alle Informationen, die auf der Website https:\/\/www.pistonaddict.com angegeben sind, dienen als Anhaltspunkte und werden sich wahrscheinlich noch weiterentwickeln. Au\u00dferdem sind die Informationen auf der Website https:\/\/www.pistonaddict.com nicht ersch\u00f6pfend. Sie werden unter dem Vorbehalt gegeben, dass seit ihrer Ver\u00f6ffentlichung \u00c4nderungen vorgenommen worden sind.<\/p>\n<h2>&nbsp;<\/h2>\n<h2><strong>VERTRAGLICHE BESCHR\u00c4NKUNGEN F\u00dcR TECHNISCHE DATEN<\/strong><\/h2>\n<p>Die Website verwendet die JavaScript-Technologie.<\/p>\n<p>Die Website kann nicht f\u00fcr materielle Sch\u00e4den im Zusammenhang mit der Nutzung der Website haftbar gemacht werden. Dar\u00fcber hinaus verpflichtet sich der Nutzer der Website, auf die Website mit aktuellen Ger\u00e4ten zuzugreifen, die keine Viren enthalten, und mit einem aktuellen Browser der neuesten Generation.<\/p>\n<h2>&nbsp;<\/h2>\n<h2><strong>GEISTIGES EIGENTUM UND RECHTSVERLETZUNGEN<\/strong><\/h2>\n<p><strong>Piston Addict<\/strong> ist Inhaber der geistigen Eigentumsrechte oder besitzt die Nutzungsrechte an allen auf der Website zug\u00e4nglichen Elementen, insbesondere an den Texten, Bildern, Grafiken, Logos, Icons, Sounds und Software.<\/p>\n<p>Jegliche Vervielf\u00e4ltigung, Darstellung, \u00c4nderung, Ver\u00f6ffentlichung, Anpassung aller oder eines Teils der Elemente der Website, unabh\u00e4ngig von den verwendeten Mitteln oder Verfahren, ist verboten, es sei denn, es liegt eine vorherige schriftliche Genehmigung von <strong>Piston Addict<\/strong> vor.<\/p>\n<p>Jede unbefugte Nutzung der Website oder eines der darin enthaltenen Elemente wird als Versto\u00df betrachtet und gem\u00e4\u00df den Bestimmungen der Artikel L.335-2 ff. des Gesetzes \u00fcber geistiges Eigentum geahndet.<\/p>\n<h2>&nbsp;<\/h2>\n<h2><strong>HAFTUNGSBESCHR\u00c4NKUNGEN<\/strong><\/h2>\n<p><strong>Piston Addict<\/strong> kann nicht f\u00fcr direkte oder indirekte Sch\u00e4den haftbar gemacht werden, die an den Ger\u00e4ten des Benutzers beim Zugriff auf die Website https:\/\/www.pistonaddict.com entstehen und die entweder auf die Verwendung von Ger\u00e4ten zur\u00fcckzuf\u00fchren sind, die nicht den in Punkt 4 genannten Spezifikationen entsprechen, oder auf das Auftreten eines Fehlers oder einer Inkompatibilit\u00e4t.<\/p>\n<p><strong>Piston Addict<\/strong> kann auch nicht f\u00fcr Folgesch\u00e4den (wie z.B. Markt- oder Chancenverluste) haftbar gemacht werden, die sich aus der Nutzung der Website https:\/\/www.pistonaddict.com ergeben. Den Nutzern stehen interaktive Bereiche zur Verf\u00fcgung (M\u00f6glichkeit, Fragen im Kontaktbereich zu stellen).<\/p>\n<p><strong>Piston Addict<\/strong> beh\u00e4lt sich das Recht vor, ohne Vorank\u00fcndigung alle in diesem Bereich ver\u00f6ffentlichten Inhalte zu l\u00f6schen, die gegen die in Frankreich geltende Gesetzgebung, insbesondere gegen die Bestimmungen zum Datenschutz, versto\u00dfen w\u00fcrden.<\/p>\n<p>Gegebenenfalls beh\u00e4lt sich <strong>Piston Addict<\/strong> auch das Recht vor, die zivil- und\/oder strafrechtliche Haftung des Benutzers in Frage zu stellen, insbesondere im Falle einer rassistischen, beleidigenden, verleumderischen oder pornografischen Nachricht, unabh\u00e4ngig vom verwendeten Medium (Text, Foto usw.).<\/p>\n<h2>&nbsp;<\/h2>\n<h2><strong>VERWALTUNG DER PERSONENBEZOGENEN DATEN<\/strong><\/h2>\n<p>In Frankreich werden personenbezogene Daten insbesondere durch das Gesetz Nr. 78-87 vom 6. Januar 1978, das Gesetz Nr. 2004-801 vom 6. August 2004, den Artikel L. 226-13 des Strafgesetzbuchs und die europ\u00e4ische Richtlinie vom 24. Oktober 1995 sowie durch die Verordnung (EU) 2016\/679 des Europ\u00e4ischen Parlaments und des Rates vom 27. April 2016 gesch\u00fctzt.<\/p>\n<p>Bei der Nutzung der Website https:\/\/www.pistonaddict.com kann Folgendes erfasst werden: die URL der Links, \u00fcber die der Nutzer auf die Website https:\/\/www.pistonaddict.com zugegriffen hat, der Internetanbieter des Nutzers, die Internetprotokolladresse (IP) des Nutzers.<\/p>\n<p>In jedem Fall sammelt <strong>Piston Addict<\/strong> nur pers\u00f6nliche Informationen \u00fcber den Benutzer f\u00fcr den Bedarf an bestimmten Dienstleistungen, die von der Website https:\/\/www.pistonaddict.com angeboten werden.<\/p>\n<p>Der Nutzer stellt diese Informationen in voller Kenntnis der Sachlage zur Verf\u00fcgung, insbesondere wenn er sie selbst eingibt. Es wird dann dem Nutzer der Website https:\/\/www.pistonaddict.com die Pflicht auferlegt, diese Informationen zur Verf\u00fcgung zu stellen oder nicht. Gem\u00e4\u00df den Bestimmungen der Artikel 38 und folgende des Gesetzes 78-17 vom 6. Januar 1978 \u00fcber die Datenverarbeitung, die Dateien und die Freiheiten sowie den Bestimmungen des Kapitels 3 der Allgemeinen Datenschutzverordnung hat jeder Nutzer ein Recht auf Zugang, Berichtigung und Widerspruch zu den ihn betreffenden personenbezogenen Daten, indem er einen schriftlichen und unterzeichneten Antrag stellt, dem eine Kopie des Ausweises mit Unterschrift des Inhabers des Dokuments beigef\u00fcgt ist, in dem die Adresse angegeben ist, an die die Antwort gesendet werden soll.<\/p>\n<p>Keine pers\u00f6nlichen Informationen des Nutzers der Website https:\/\/www.pistonaddict.com werden ohne das Wissen des Nutzers ver\u00f6ffentlicht, ausgetauscht, \u00fcbertragen, abgetreten oder auf irgendeinem Medium an Dritte verkauft.<\/p>\n<p>Nur die \u00dcbernahme der R\u00fccknahme von <strong>Piston Addict<\/strong> und seiner Rechte w\u00fcrde die Weitergabe dieser Informationen an den potenziellen K\u00e4ufer erm\u00f6glichen, der seinerseits an die gleiche Verpflichtung zur Speicherung und \u00c4nderung von Daten in Bezug auf den Nutzer der Website gebunden w\u00e4re. https:\/\/www.pistonaddict.com.<\/p>\n<p>Die Website ist nicht bei der CNIL gemeldet, da sie keine pers\u00f6nlichen Daten ohne die Zustimmung der betroffenen Personen sammelt. Die Datenbanken sind durch die Bestimmungen des Gesetzes vom 1. Juli 1998 zur Umsetzung der Richtlinie 96\/9 vom 11. M\u00e4rz 1996 \u00fcber den rechtlichen Schutz von Datenbanken gesch\u00fctzt.<\/p>\n<p><span lang=\"en\">Wenn Sie Ihre Rechte in Bezug auf Ihre pers\u00f6nlichen Daten aus\u00fcben m\u00f6chten oder Fragen dazu haben, k\u00f6nnen Sie sich an unseren Datenschutzbeauftragten unter folgender Adresse wenden: dpo@pistonaddict.com.<\/span><\/p>\n<h2>&nbsp;<\/h2>\n<h2><strong>HYPERTEXT-LINKS UND COOKIES<\/strong><\/h2>\n<p>Die Website https:\/\/www.pistonaddict.com enth\u00e4lt eine bestimmte Anzahl von Hypertext-Links zu anderen Websites, die mit Genehmigung von <strong>Piston Addict<\/strong> eingerichtet wurden. <strong>Piston Addict<\/strong> hat jedoch nicht die M\u00f6glichkeit, den Inhalt der so besuchten Seiten zu \u00fcberpr\u00fcfen und \u00fcbernimmt daher keine Haftung daf\u00fcr.<\/p>\n<p>Das Surfen auf der Website https:\/\/www.pistonaddict.com f\u00fchrt wahrscheinlich zur Installation von Cookies auf dem Computer des Benutzers. Ein Cookie ist eine kleine Datei, die keine Identifizierung des Benutzers erm\u00f6glicht, sondern Informationen \u00fcber die Navigation eines Computers auf einer Website aufzeichnet.<\/p>\n<p>Die auf diese Weise gewonnenen Daten sollen die sp\u00e4tere Navigation auf der Website erleichtern und auch verschiedene Messungen der Besucherzahlen erm\u00f6glichen.<\/p>\n<p>Die Verweigerung der Installation eines Cookies kann den Zugang zu bestimmten Diensten unm\u00f6glich machen. Der Nutzer kann seinen Computer jedoch wie folgt konfigurieren, um die Installation von Cookies abzulehnen:<\/p>\n<ul>\n<li>Unter Internet Explorer: Registerkarte Werkzeuge (Piktogramm in Form eines Zahnrads oben rechts) \/ Internetoptionen. Klicken Sie auf Datenschutz und w\u00e4hlen Sie Alle Cookies blockieren. Best\u00e4tigen Sie mit Ok.<\/li>\n<li>Unter Firefox: Klicken Sie am oberen Rand des Browserfensters auf die Schaltfl\u00e4che Firefox und gehen Sie dann auf die Registerkarte Optionen. Klicken Sie auf die Registerkarte Datenschutz. Setzen Sie die Aufbewahrungsregeln auf: Benutzerdefinierte Einstellungen f\u00fcr den Verlauf verwenden. Deaktivieren Sie abschlie\u00dfend das Kontrollk\u00e4stchen, um Cookies zu deaktivieren.<\/li>\n<li>Unter Safari: Klicken Sie oben rechts im Browser auf das Men\u00fcsymbol (symbolisiert durch ein Zahnrad). W\u00e4hlen Sie Einstellungen. Klicken Sie auf Erweiterte Einstellungen anzeigen. Klicken Sie im Abschnitt &#8220;Datenschutz&#8221; auf Inhaltseinstellungen. In der Rubrik &#8220;Cookies&#8221; k\u00f6nnen Sie Cookies blockieren.<\/li>\n<li>In Chrome: Klicken Sie oben rechts im Browser auf das Men\u00fcsymbol (symbolisiert durch drei horizontale Linien). W\u00e4hlen Sie Einstellungen. Klicken Sie auf Erweiterte Einstellungen anzeigen. Klicken Sie im Abschnitt &#8220;Datenschutz&#8221; auf Einstellungen. Auf der Registerkarte &#8220;Datenschutz&#8221; k\u00f6nnen Sie Cookies blockieren.<\/li>\n<\/ul>\n<h2>&nbsp;<\/h2>\n<h2><strong>ANWENDBARES RECHT UND ZUWEISUNG DER ZUST\u00c4NDIGKEIT<\/strong><\/h2>\n<p>Alle Streitigkeiten im Zusammenhang mit der Nutzung der Website https:\/\/www.pistonaddict.com unterliegen dem schweizerischen Recht. Die ausschlie\u00dfliche Zust\u00e4ndigkeit liegt bei den zust\u00e4ndigen Gerichten in Genf.<\/p>\n<h2>&nbsp;<\/h2>\n<h2><strong>DIE WICHTIGSTEN BETROFFENEN GESETZE<\/strong><\/h2>\n<p>Gesetz Nr. 78-87 vom 6. Januar 1978, insbesondere ge\u00e4ndert durch das Gesetz Nr. 2004-801 vom 6. August 2004 \u00fcber die Datenverarbeitung, Dateien und Freiheiten. Gesetz Nr. 2004-575 vom 21. Juni 2004 \u00fcber das Vertrauen in die digitale Wirtschaft. Kapitel 3 Abschnitte 2, 3, 4 und 5 der Allgemeinen Datenschutzverordnung.<\/p>\n<h2>&nbsp;<\/h2>\n<h2><strong>LEXICON<\/strong><\/h2>\n<p>Benutzer: Internetnutzer, der sich \u00fcber die oben genannte Website verbindet.<\/p>\n<p>Pers\u00f6nliche Informationen: &#8220;Informationen, die in irgendeiner Form, direkt oder indirekt, die Identifizierung der nat\u00fcrlichen Personen, auf die sie sich beziehen, erm\u00f6glichen&#8221; (Artikel 4 des Gesetzes Nr. 78-17 vom 6. Januar 1978).<\/p>\n<h2>&nbsp;<\/h2>\n<h2>COPYRIGHT<\/h2>\n<p><a title=\"Schl\u00fcsselsymbole\" href=\"https:\/\/www.flaticon.com\/free-icons\/key\">Schl\u00fcsselsymbole erstellt von Good Ware &#8211; Flaticon<br><\/a><\/p>\n<p><strong>Piston Addict<\/strong> ist eine eingetragene Marke, alle Rechte vorbehalten.<\/p>\t\t\t\t\t\t<\/div>\n\t\t\t\t<\/div>\n\t\t\t\t\t<\/div>\n\t\t<\/div>\n\t\t\t\t\t<\/div>\n\t\t<\/section>\n\t\t\t\t<\/div>\n\t\t","protected":false},"excerpt":{"rendered":"<p>WEBSITE-PR\u00c4SENTATION Gem\u00e4\u00df Artikel 6 des Gesetzes Nr. 2004-575 vom 21. Juni 2004 \u00fcber das Vertrauen in die digitale Wirtschaft und in Anwendung der Allgemeinen Datenschutzverordnung [Verordnung (EU) 2016\/679] wird den Nutzern der Website: https:\/\/www.pistonaddict.com die Identit\u00e4t der verschiedenen Beteiligten im Rahmen ihrer Realisierung und ihrer \u00dcberwachung mitgeteilt. Besitzer: Piston Addict SA SA mit einem Aktienkapital &#8230; <a title=\"Rechtlicher Hinweis\" class=\"read-more\" href=\"https:\/\/pistonaddict.com\/de\/impressum\/\">Mehr lesen<span class=\"screen-reader-text\">Rechtlicher Hinweis<\/span><\/a><\/p>\n","protected":false},"author":1,"featured_media":0,"parent":0,"menu_order":0,"comment_status":"closed","ping_status":"closed","template":"","meta":{"inline_featured_image":false,"footnotes":""},"acf":[],"yoast_head":"<!-- This site is optimized with the Yoast SEO plugin v22.5 - https:\/\/yoast.com\/wordpress\/plugins\/seo\/ -->\n<title>Rechtlicher Hinweis - Piston Addict<\/title>\n<meta name=\"robots\" content=\"index, follow, max-snippet:-1, max-image-preview:large, max-video-preview:-1\" \/>\n<link rel=\"canonical\" href=\"https:\/\/pistonaddict.com\/de\/impressum\/\" \/>\n<meta property=\"og:locale\" content=\"de_DE\" \/>\n<meta property=\"og:type\" content=\"article\" \/>\n<meta property=\"og:title\" content=\"Rechtlicher Hinweis - Piston Addict\" \/>\n<meta property=\"og:description\" content=\"WEBSITE-PR\u00c4SENTATION Gem\u00e4\u00df Artikel 6 des Gesetzes Nr. 2004-575 vom 21. Juni 2004 \u00fcber das Vertrauen in die digitale Wirtschaft und in Anwendung der Allgemeinen Datenschutzverordnung [Verordnung (EU) 2016\/679] wird den Nutzern der Website: https:\/\/www.pistonaddict.com die Identit\u00e4t der verschiedenen Beteiligten im Rahmen ihrer Realisierung und ihrer \u00dcberwachung mitgeteilt. Besitzer: Piston Addict SA SA mit einem Aktienkapital ... Mehr lesenRechtlicher Hinweis\" \/>\n<meta property=\"og:url\" content=\"https:\/\/pistonaddict.com\/de\/impressum\/\" \/>\n<meta property=\"og:site_name\" content=\"Piston Addict\" \/>\n<meta property=\"article:modified_time\" content=\"2024-10-26T06:17:36+00:00\" \/>\n<meta name=\"twitter:card\" content=\"summary_large_image\" \/>\n<meta name=\"twitter:label1\" content=\"Gesch\u00e4tzte Lesezeit\" \/>\n\t<meta name=\"twitter:data1\" content=\"8\u00a0Minuten\" \/>\n<script type=\"application\/ld+json\" class=\"yoast-schema-graph\">{\"@context\":\"https:\/\/schema.org\",\"@graph\":[{\"@type\":\"WebPage\",\"@id\":\"https:\/\/pistonaddict.com\/de\/impressum\/\",\"url\":\"https:\/\/pistonaddict.com\/de\/impressum\/\",\"name\":\"Rechtlicher Hinweis - Piston Addict\",\"isPartOf\":{\"@id\":\"https:\/\/pistonaddict.com\/de\/#website\"},\"datePublished\":\"2022-04-29T09:18:33+00:00\",\"dateModified\":\"2024-10-26T06:17:36+00:00\",\"breadcrumb\":{\"@id\":\"https:\/\/pistonaddict.com\/de\/impressum\/#breadcrumb\"},\"inLanguage\":\"de\",\"potentialAction\":[{\"@type\":\"ReadAction\",\"target\":[\"https:\/\/pistonaddict.com\/de\/impressum\/\"]}]},{\"@type\":\"BreadcrumbList\",\"@id\":\"https:\/\/pistonaddict.com\/de\/impressum\/#breadcrumb\",\"itemListElement\":[{\"@type\":\"ListItem\",\"position\":1,\"name\":\"Startseite\",\"item\":\"https:\/\/pistonaddict.com\/de\/homepage\/\"},{\"@type\":\"ListItem\",\"position\":2,\"name\":\"Rechtlicher Hinweis\"}]},{\"@type\":\"WebSite\",\"@id\":\"https:\/\/pistonaddict.com\/de\/#website\",\"url\":\"https:\/\/pistonaddict.com\/de\/\",\"name\":\"Piston Addict\",\"description\":\"Only interesting vehicles\",\"publisher\":{\"@id\":\"https:\/\/pistonaddict.com\/de\/#organization\"},\"potentialAction\":[{\"@type\":\"SearchAction\",\"target\":{\"@type\":\"EntryPoint\",\"urlTemplate\":\"https:\/\/pistonaddict.com\/de\/?s={search_term_string}\"},\"query-input\":\"required name=search_term_string\"}],\"inLanguage\":\"de\"},{\"@type\":\"Organization\",\"@id\":\"https:\/\/pistonaddict.com\/de\/#organization\",\"name\":\"Piston Addict\",\"url\":\"https:\/\/pistonaddict.com\/de\/\",\"logo\":{\"@type\":\"ImageObject\",\"inLanguage\":\"de\",\"@id\":\"https:\/\/pistonaddict.com\/de\/#\/schema\/logo\/image\/\",\"url\":\"https:\/\/pistonaddict.com\/wp-content\/uploads\/2022\/07\/logo-6.png\",\"contentUrl\":\"https:\/\/pistonaddict.com\/wp-content\/uploads\/2022\/07\/logo-6.png\",\"width\":970,\"height\":200,\"caption\":\"Piston Addict\"},\"image\":{\"@id\":\"https:\/\/pistonaddict.com\/de\/#\/schema\/logo\/image\/\"}}]}<\/script>\n<!-- \/ Yoast SEO plugin. -->","yoast_head_json":{"title":"Rechtlicher Hinweis - Piston Addict","robots":{"index":"index","follow":"follow","max-snippet":"max-snippet:-1","max-image-preview":"max-image-preview:large","max-video-preview":"max-video-preview:-1"},"canonical":"https:\/\/pistonaddict.com\/de\/impressum\/","og_locale":"de_DE","og_type":"article","og_title":"Rechtlicher Hinweis - Piston Addict","og_description":"WEBSITE-PR\u00c4SENTATION Gem\u00e4\u00df Artikel 6 des Gesetzes Nr. 2004-575 vom 21. Juni 2004 \u00fcber das Vertrauen in die digitale Wirtschaft und in Anwendung der Allgemeinen Datenschutzverordnung [Verordnung (EU) 2016\/679] wird den Nutzern der Website: https:\/\/www.pistonaddict.com die Identit\u00e4t der verschiedenen Beteiligten im Rahmen ihrer Realisierung und ihrer \u00dcberwachung mitgeteilt. Besitzer: Piston Addict SA SA mit einem Aktienkapital ... Mehr lesenRechtlicher Hinweis","og_url":"https:\/\/pistonaddict.com\/de\/impressum\/","og_site_name":"Piston Addict","article_modified_time":"2024-10-26T06:17:36+00:00","twitter_card":"summary_large_image","twitter_misc":{"Gesch\u00e4tzte Lesezeit":"8\u00a0Minuten"},"schema":{"@context":"https:\/\/schema.org","@graph":[{"@type":"WebPage","@id":"https:\/\/pistonaddict.com\/de\/impressum\/","url":"https:\/\/pistonaddict.com\/de\/impressum\/","name":"Rechtlicher Hinweis - Piston Addict","isPartOf":{"@id":"https:\/\/pistonaddict.com\/de\/#website"},"datePublished":"2022-04-29T09:18:33+00:00","dateModified":"2024-10-26T06:17:36+00:00","breadcrumb":{"@id":"https:\/\/pistonaddict.com\/de\/impressum\/#breadcrumb"},"inLanguage":"de","potentialAction":[{"@type":"ReadAction","target":["https:\/\/pistonaddict.com\/de\/impressum\/"]}]},{"@type":"BreadcrumbList","@id":"https:\/\/pistonaddict.com\/de\/impressum\/#breadcrumb","itemListElement":[{"@type":"ListItem","position":1,"name":"Startseite","item":"https:\/\/pistonaddict.com\/de\/homepage\/"},{"@type":"ListItem","position":2,"name":"Rechtlicher Hinweis"}]},{"@type":"WebSite","@id":"https:\/\/pistonaddict.com\/de\/#website","url":"https:\/\/pistonaddict.com\/de\/","name":"Piston Addict","description":"Only interesting vehicles","publisher":{"@id":"https:\/\/pistonaddict.com\/de\/#organization"},"potentialAction":[{"@type":"SearchAction","target":{"@type":"EntryPoint","urlTemplate":"https:\/\/pistonaddict.com\/de\/?s={search_term_string}"},"query-input":"required name=search_term_string"}],"inLanguage":"de"},{"@type":"Organization","@id":"https:\/\/pistonaddict.com\/de\/#organization","name":"Piston Addict","url":"https:\/\/pistonaddict.com\/de\/","logo":{"@type":"ImageObject","inLanguage":"de","@id":"https:\/\/pistonaddict.com\/de\/#\/schema\/logo\/image\/","url":"https:\/\/pistonaddict.com\/wp-content\/uploads\/2022\/07\/logo-6.png","contentUrl":"https:\/\/pistonaddict.com\/wp-content\/uploads\/2022\/07\/logo-6.png","width":970,"height":200,"caption":"Piston Addict"},"image":{"@id":"https:\/\/pistonaddict.com\/de\/#\/schema\/logo\/image\/"}}]}},"_links":{"self":[{"href":"https:\/\/pistonaddict.com\/de\/wp-json\/wp\/v2\/pages\/2922"}],"collection":[{"href":"https:\/\/pistonaddict.com\/de\/wp-json\/wp\/v2\/pages"}],"about":[{"href":"https:\/\/pistonaddict.com\/de\/wp-json\/wp\/v2\/types\/page"}],"author":[{"embeddable":true,"href":"https:\/\/pistonaddict.com\/de\/wp-json\/wp\/v2\/users\/1"}],"replies":[{"embeddable":true,"href":"https:\/\/pistonaddict.com\/de\/wp-json\/wp\/v2\/comments?post=2922"}],"version-history":[{"count":15,"href":"https:\/\/pistonaddict.com\/de\/wp-json\/wp\/v2\/pages\/2922\/revisions"}],"predecessor-version":[{"id":111601,"href":"https:\/\/pistonaddict.com\/de\/wp-json\/wp\/v2\/pages\/2922\/revisions\/111601"}],"wp:attachment":[{"href":"https:\/\/pistonaddict.com\/de\/wp-json\/wp\/v2\/media?parent=2922"}],"curies":[{"name":"wp","href":"https:\/\/api.w.org\/{rel}","templated":true}]}}