{"id":2852,"date":"2022-04-29T11:18:49","date_gmt":"2022-04-29T09:18:49","guid":{"rendered":"https:\/\/pistonaddict.com\/versenden\/"},"modified":"2022-05-04T18:00:05","modified_gmt":"2022-05-04T16:00:05","slug":"versenden","status":"publish","type":"page","link":"https:\/\/pistonaddict.com\/de\/versenden\/","title":{"rendered":"Versenden"},"content":{"rendered":"\t\t<div data-elementor-type=\"wp-page\" data-elementor-id=\"2852\" class=\"elementor elementor-2852 elementor-333\">\n\t\t\t\t\t\t<section class=\"elementor-section elementor-top-section elementor-element elementor-element-eb8a04d elementor-section-boxed elementor-section-height-default elementor-section-height-default\" data-id=\"eb8a04d\" data-element_type=\"section\">\n\t\t\t\t\t\t<div class=\"elementor-container elementor-column-gap-default\">\n\t\t\t\t\t<div class=\"elementor-column elementor-col-100 elementor-top-column elementor-element elementor-element-43edc4e\" data-id=\"43edc4e\" data-element_type=\"column\">\n\t\t\t<div class=\"elementor-widget-wrap elementor-element-populated\">\n\t\t\t\t\t\t<div class=\"elementor-element elementor-element-d78828a elementor-widget elementor-widget-text-editor\" data-id=\"d78828a\" data-element_type=\"widget\" data-widget_type=\"text-editor.default\">\n\t\t\t\t<div class=\"elementor-widget-container\">\n\t\t\t<style>\/*! elementor - v3.21.0 - 18-04-2024 *\/\n.elementor-widget-text-editor.elementor-drop-cap-view-stacked .elementor-drop-cap{background-color:#69727d;color:#fff}.elementor-widget-text-editor.elementor-drop-cap-view-framed .elementor-drop-cap{color:#69727d;border:3px solid;background-color:transparent}.elementor-widget-text-editor:not(.elementor-drop-cap-view-default) .elementor-drop-cap{margin-top:8px}.elementor-widget-text-editor:not(.elementor-drop-cap-view-default) .elementor-drop-cap-letter{width:1em;height:1em}.elementor-widget-text-editor .elementor-drop-cap{float:left;text-align:center;line-height:1;font-size:50px}.elementor-widget-text-editor .elementor-drop-cap-letter{display:inline-block}<\/style>\t\t\t\t\n          <h1>\n            <strong>VERSAND IHRES FAHRZEUGS<\/strong>\n          <\/h1>\n          <h2>\n            <strong>WIE KANN IHR FAHRZEUG TRANSPORTIERT WERDEN?<\/strong>\n          <\/h2>\n          <p>Wenn Sie Ihr Fahrzeug transportieren lassen m\u00f6chten, stehen Ihnen mehrere L\u00f6sungen zur Verf\u00fcgung.<\/p>\n          <p>Sie k\u00f6nnen dies selbst tun oder professionelle Transportdienste wie Abschleppen, F\u00f6rdern, Pritschen- oder LKW-Transport oder schlie\u00dflich den Seetransport in Anspruch nehmen.<\/p>\n          <h3>\n            <strong>1- Abschleppen des Fahrzeugs<\/strong>\n          <\/h3>\n          <p>Diese Art des Transports ist f\u00fcr kurze Strecken bei niedriger Geschwindigkeit geeignet. Um Ihr Fahrzeug abzuschleppen, m\u00fcssen Sie:<\/p>\n          <ul>\n            <li>Verwenden Sie f\u00fcr maximale Sicherheit eine zugelassene Klimmzugstange;<\/li>\n            <li>Von einem Fahrer im abgeschleppten Fahrzeug begleitet werden;<\/li>\n            <li>Fahren Sie maximal 50 km\/h und benutzen Sie nur die Nebenachsen;<\/li>\n            <li>Bereitstellung eines Zugfahrzeugs, das schwerer ist als das abgeschleppte Fahrzeug;<\/li>\n            <li>Nutzen Sie die Warnhinweise, seien Sie vorsichtig und fahren Sie flexibel.<\/li>\n          <\/ul>\n          <h2> <\/h2>\n          <h3>\n            <strong>2- Transportieren Sie ein Fahrzeug auf einer Plattform<\/strong>\n          <\/h3>\n          <p>Diese Option eignet sich f\u00fcr den sicheren Transport Ihres Fahrzeugs \u00fcber lange Strecken. Sie k\u00f6nnen Ihr Fahrzeug auf einem Pritschenwagen transportieren lassen, vorzugsweise \u00fcberdacht, um die Karosserie w\u00e4hrend des Transports zu sch\u00fctzen.<\/p>\n          <h3>\n            <strong>3- Fahrzeugtransport per LKW<\/strong>\n          <\/h3>\n          <p>Dies ist das gleiche Prinzip wie beim Transport mit einem Pritschenwagen, aber in diesem Fall wird Ihr Fahrzeug im Anh\u00e4nger des LKWs transportiert. Diese Alternative ist auch m\u00f6glich, wenn Sie nur ein Fahrzeug zu transportieren haben. Diese Option ist wirtschaftlich; Die besten Anbieter auf dem Markt bieten Lieferzeiten von ein bis zwei Wochen von der Auftragsannahme bis zur Lieferung.<\/p>\n          <h3>\n            <strong>4- Fahrzeugtransport<\/strong>\n          <\/h3>\n          <p>Voraussetzung f\u00fcr die Bef\u00f6rderung ist, dass das Fahrzeug fahrbar, funktionst\u00fcchtig und gepflegt ist. Ein F\u00f6rderband wird Ihren Bed\u00fcrfnissen zugeordnet und f\u00e4hrt das Fahrzeug vom Abfahrts- zum Zielort.<\/p>\n          <p>Es ist eine schnelle Alternative, ohne verschiedene Lade- oder Entladeplattformen zu durchlaufen, aber teurer.<\/p>\n          <h3>\n            <strong>5- Seetransport<\/strong>\n          <\/h3>\n          <p>Der Transport von Autos per Ro-Ro-Schiff (oder RO-RO) stellt einen gro\u00dfen Teil der Seefracht f\u00fcr Fahrzeuge dar. Dort werden die Fahrzeuge f\u00fcr die Dauer des Transports abgestellt. Es ist die wirtschaftlichste und manchmal schnellste Art des Autotransports.<\/p>\n          <p>Um ein Fahrzeug ins Ausland verschicken zu k\u00f6nnen, ist die Beauftragung eines Spediteurs oft zwingend erforderlich. Dieser k\u00fcmmert sich um die administrativen Abl\u00e4ufe im Abfahrtshafen, aber auch im Ankunftshafen.<\/p>\n          <h2>\n            <strong>WELCHE DOKUMENTE M\u00dcSSEN VORGELEGT WERDEN, UM IHR FAHRZEUG INTERNATIONAL ZU VERSENDEN?<\/strong>\n          <\/h2>\n          <ul>\n            <li>Die Kaufrechnung f\u00fcr das Fahrzeug;<\/li>\n            <li>Eine Kopie Ihres Ausweises;<\/li>\n            <li>Der Fahrzeugschein;<\/li>\n            <li>Die \u00dcbertragungsbescheinigung;<\/li>\n            <li>Das Nichtverpf\u00e4ndungszertifikat;<\/li>\n            <li>Das ausgef\u00fcllte und unterschriebene Wertzertifikat ( <strong><a href=\"https:\/\/pistonaddict.com\/wp-content\/uploads\/2022\/05\/Attestation-de-valeur-vehicule.pdf\" target=\"_blank\" rel=\"noopener\"><u>Download<\/u><\/a><\/strong> ).<\/li>\n          <\/ul>\n          <p>Je nach Bestimmungsland k\u00f6nnen weitere Dokumente erforderlich sein. Vergessen Sie nicht, Ihren Spediteur zu fragen, ob Steuern, Z\u00f6lle und Zollabfertigungsgeb\u00fchren in dem vorgelegten Angebot enthalten sind.<\/p>\n          <h2>\n            <strong>WIE VIEL KOSTET ES, EIN FAHRZEUG INTERNATIONAL ZU VERSENDEN?<\/strong>\n          <\/h2>\n          <p>Die Tarife variieren nat\u00fcrlich von einem Transportunternehmen zum anderen: Mehrere Elemente werden vom Autotransportunternehmen ber\u00fccksichtigt, um die Transportkosten zu berechnen:<\/p>\n          <ul>\n            <li>Fahrzeugtyp;<\/li>\n            <li>Das Transportmittel;<\/li>\n            <li>Die Entfernung zwischen den beiden L\u00e4ndern;<\/li>\n            <li>Der Abgabetermin und der Zeitraum des Jahres.<\/li>\n          <\/ul>\n          <p>Sie bleiben verantwortlich f\u00fcr die Transportversicherung, die Ihnen vom Transportunternehmen angeboten wird, sowie f\u00fcr die zu zahlenden Zollgeb\u00fchren und Steuern.<\/p>\n          <p>Der Landtransport ist die praktischste Art, ein Fahrzeug zu versenden, insbesondere zwischen angrenzenden L\u00e4ndern. Der Seeverkehr hat den Vorteil, dass er kosteng\u00fcnstiger, aber langsamer ist.<\/p>\n          <h2>\n            <strong>PISTON ADDICT RATSCHL\u00c4GE<\/strong>\n          <\/h2>\n          <p>Nachdem Sie nun alles wissen, was Sie \u00fcber den Transport von Fahrzeugen wissen m\u00fcssen, hier einige Tipps, die Sie immer befolgen sollten, bevor Sie Ihr Fahrzeug dem Transportunternehmen Ihrer Wahl anvertrauen:<\/p>\n          <ul>\n            <li>Deaktivieren Sie den Alarm, falls vorhanden, um zu verhindern, dass er w\u00e4hrend des Transports ausgel\u00f6st wird;<\/li>\n            <li>Laden Sie den Akku maximal auf, damit er sich beim Transport nicht vollst\u00e4ndig entl\u00e4dt;<\/li>\n            <li>Entleeren Sie aus Sicherheitsgr\u00fcnden den Kraftstofftank so weit wie m\u00f6glich;<\/li>\n            <li>Achten Sie darauf, keine Gegenst\u00e4nde im Fahrzeug zu lassen;<\/li>\n            <li>Bewahren Sie den Zustand des Fahrzeugs auf, bevor Sie es dem Spediteur \u00fcbergeben;<\/li>\n            <li>Schlie\u00dfen Sie eine Versicherung ab, um im Falle eines Problems w\u00e4hrend des Transports eine Geld-zur\u00fcck-Garantie zu haben;<\/li>\n            <li>Bewahren Sie die Originale des Fahrzeugscheins, der Eigentumsbescheinigung und der Unbedenklichkeitsbescheinigung auf;<\/li>\n            <li>Halten Sie einen Ersatz-Fahrzeugschl\u00fcssel bei sich. Und vergessen Sie vor allem nicht, die Zweitschl\u00fcssel nach Erhalt des Fahrzeugs beim K\u00e4ufer zu versenden.<\/li>\n          <\/ul>\n          <p> <\/p>\n          <h2>\n            <strong>Unsere Empfehlungen per LKW<\/strong>\n          <\/h2>\n          <ul>\n            <li><em><strong>Deutschland \u2013 \u00d6sterreich \u2013 Belgien \u2013 Spanien \u2013 Frankreich \u2013 Italien \u2013 Niederlande \u2013 Portugal \u2013 Schweiz \u2013 UK<\/strong> :<\/em> International: <a href=\"https:\/\/www.eurosender.com\/en\/vt\/vehicle-transport\/car\" target=\"_blank\" rel=\"noopener\">Eurosender<\/a> , <a href=\"https:\/\/www.shiply.com\/vehicle-delivery\/car-transport-to-europe.php\" target=\"_blank\" rel=\"noopener\">Shiply<\/a><\/li>\n            <li><strong><em>Frankreich:<\/em><\/strong> National: <a href=\"https:\/\/disposeo.com\/\" target=\"_blank\" rel=\"noopener\">Disposeo<\/a> , <a href=\"https:\/\/www.hiflow.com\/particulier\" target=\"_blank\" rel=\"noopener\">Hiflow<\/a><\/li>\n          <\/ul>\n          <h2>\n            <strong>Unsere Empfehlungen auf dem Seeweg<\/strong>\n          <\/h2>\n          <ul>\n            <li><a href=\"https:\/\/cfrrinkens.com\/rate-request\/\" target=\"_blank\" rel=\"noopener\">CFR Rinkens<\/a> , <a href=\"https:\/\/www.carseurope.net\/international-car-transportation-quote\/\" target=\"_blank\" rel=\"noopener\">AUTOS<\/a><\/li>\n          <\/ul>\n        \t\t\t\t\t\t<\/div>\n\t\t\t\t<\/div>\n\t\t\t\t\t<\/div>\n\t\t<\/div>\n\t\t\t\t\t<\/div>\n\t\t<\/section>\n\t\t\t\t<\/div>\n\t\t","protected":false},"excerpt":{"rendered":"<p>VERSAND IHRES FAHRZEUGS WIE KANN IHR FAHRZEUG TRANSPORTIERT WERDEN? Wenn Sie Ihr Fahrzeug transportieren lassen m\u00f6chten, stehen Ihnen mehrere L\u00f6sungen zur Verf\u00fcgung. Sie k\u00f6nnen dies selbst tun oder professionelle Transportdienste wie Abschleppen, F\u00f6rdern, Pritschen- oder LKW-Transport oder schlie\u00dflich den Seetransport in Anspruch nehmen. 1- Abschleppen des Fahrzeugs Diese Art des Transports ist f\u00fcr kurze Strecken &#8230; <a title=\"Versenden\" class=\"read-more\" href=\"https:\/\/pistonaddict.com\/de\/versenden\/\">Mehr lesen<span class=\"screen-reader-text\">Versenden<\/span><\/a><\/p>\n","protected":false},"author":1,"featured_media":0,"parent":0,"menu_order":0,"comment_status":"closed","ping_status":"closed","template":"","meta":{"inline_featured_image":false,"footnotes":""},"acf":[],"yoast_head":"<!-- This site is optimized with the Yoast SEO plugin v22.5 - https:\/\/yoast.com\/wordpress\/plugins\/seo\/ -->\n<title>Versenden - Piston Addict<\/title>\n<meta name=\"robots\" content=\"index, follow, max-snippet:-1, max-image-preview:large, max-video-preview:-1\" \/>\n<link rel=\"canonical\" href=\"https:\/\/pistonaddict.com\/de\/versenden\/\" \/>\n<meta property=\"og:locale\" content=\"de_DE\" \/>\n<meta property=\"og:type\" content=\"article\" \/>\n<meta property=\"og:title\" content=\"Versenden - Piston Addict\" \/>\n<meta property=\"og:description\" content=\"VERSAND IHRES FAHRZEUGS WIE KANN IHR FAHRZEUG TRANSPORTIERT WERDEN? Wenn Sie Ihr Fahrzeug transportieren lassen m\u00f6chten, stehen Ihnen mehrere L\u00f6sungen zur Verf\u00fcgung. Sie k\u00f6nnen dies selbst tun oder professionelle Transportdienste wie Abschleppen, F\u00f6rdern, Pritschen- oder LKW-Transport oder schlie\u00dflich den Seetransport in Anspruch nehmen. 1- Abschleppen des Fahrzeugs Diese Art des Transports ist f\u00fcr kurze Strecken ... Mehr lesenVersenden\" \/>\n<meta property=\"og:url\" content=\"https:\/\/pistonaddict.com\/de\/versenden\/\" \/>\n<meta property=\"og:site_name\" content=\"Piston Addict\" \/>\n<meta property=\"article:modified_time\" content=\"2022-05-04T16:00:05+00:00\" \/>\n<meta name=\"twitter:card\" content=\"summary_large_image\" \/>\n<meta name=\"twitter:label1\" content=\"Gesch\u00e4tzte Lesezeit\" \/>\n\t<meta name=\"twitter:data1\" content=\"4\u00a0Minuten\" \/>\n<script type=\"application\/ld+json\" class=\"yoast-schema-graph\">{\"@context\":\"https:\/\/schema.org\",\"@graph\":[{\"@type\":\"WebPage\",\"@id\":\"https:\/\/pistonaddict.com\/de\/versenden\/\",\"url\":\"https:\/\/pistonaddict.com\/de\/versenden\/\",\"name\":\"Versenden - Piston Addict\",\"isPartOf\":{\"@id\":\"https:\/\/pistonaddict.com\/de\/#website\"},\"datePublished\":\"2022-04-29T09:18:49+00:00\",\"dateModified\":\"2022-05-04T16:00:05+00:00\",\"breadcrumb\":{\"@id\":\"https:\/\/pistonaddict.com\/de\/versenden\/#breadcrumb\"},\"inLanguage\":\"de\",\"potentialAction\":[{\"@type\":\"ReadAction\",\"target\":[\"https:\/\/pistonaddict.com\/de\/versenden\/\"]}]},{\"@type\":\"BreadcrumbList\",\"@id\":\"https:\/\/pistonaddict.com\/de\/versenden\/#breadcrumb\",\"itemListElement\":[{\"@type\":\"ListItem\",\"position\":1,\"name\":\"Startseite\",\"item\":\"https:\/\/pistonaddict.com\/de\/homepage\/\"},{\"@type\":\"ListItem\",\"position\":2,\"name\":\"Versenden\"}]},{\"@type\":\"WebSite\",\"@id\":\"https:\/\/pistonaddict.com\/de\/#website\",\"url\":\"https:\/\/pistonaddict.com\/de\/\",\"name\":\"Piston Addict\",\"description\":\"Only interesting vehicles\",\"publisher\":{\"@id\":\"https:\/\/pistonaddict.com\/de\/#organization\"},\"potentialAction\":[{\"@type\":\"SearchAction\",\"target\":{\"@type\":\"EntryPoint\",\"urlTemplate\":\"https:\/\/pistonaddict.com\/de\/?s={search_term_string}\"},\"query-input\":\"required name=search_term_string\"}],\"inLanguage\":\"de\"},{\"@type\":\"Organization\",\"@id\":\"https:\/\/pistonaddict.com\/de\/#organization\",\"name\":\"Piston Addict\",\"url\":\"https:\/\/pistonaddict.com\/de\/\",\"logo\":{\"@type\":\"ImageObject\",\"inLanguage\":\"de\",\"@id\":\"https:\/\/pistonaddict.com\/de\/#\/schema\/logo\/image\/\",\"url\":\"https:\/\/pistonaddict.com\/wp-content\/uploads\/2022\/07\/logo-6.png\",\"contentUrl\":\"https:\/\/pistonaddict.com\/wp-content\/uploads\/2022\/07\/logo-6.png\",\"width\":970,\"height\":200,\"caption\":\"Piston Addict\"},\"image\":{\"@id\":\"https:\/\/pistonaddict.com\/de\/#\/schema\/logo\/image\/\"}}]}<\/script>\n<!-- \/ Yoast SEO plugin. -->","yoast_head_json":{"title":"Versenden - Piston Addict","robots":{"index":"index","follow":"follow","max-snippet":"max-snippet:-1","max-image-preview":"max-image-preview:large","max-video-preview":"max-video-preview:-1"},"canonical":"https:\/\/pistonaddict.com\/de\/versenden\/","og_locale":"de_DE","og_type":"article","og_title":"Versenden - Piston Addict","og_description":"VERSAND IHRES FAHRZEUGS WIE KANN IHR FAHRZEUG TRANSPORTIERT WERDEN? Wenn Sie Ihr Fahrzeug transportieren lassen m\u00f6chten, stehen Ihnen mehrere L\u00f6sungen zur Verf\u00fcgung. Sie k\u00f6nnen dies selbst tun oder professionelle Transportdienste wie Abschleppen, F\u00f6rdern, Pritschen- oder LKW-Transport oder schlie\u00dflich den Seetransport in Anspruch nehmen. 1- Abschleppen des Fahrzeugs Diese Art des Transports ist f\u00fcr kurze Strecken ... Mehr lesenVersenden","og_url":"https:\/\/pistonaddict.com\/de\/versenden\/","og_site_name":"Piston Addict","article_modified_time":"2022-05-04T16:00:05+00:00","twitter_card":"summary_large_image","twitter_misc":{"Gesch\u00e4tzte Lesezeit":"4\u00a0Minuten"},"schema":{"@context":"https:\/\/schema.org","@graph":[{"@type":"WebPage","@id":"https:\/\/pistonaddict.com\/de\/versenden\/","url":"https:\/\/pistonaddict.com\/de\/versenden\/","name":"Versenden - Piston Addict","isPartOf":{"@id":"https:\/\/pistonaddict.com\/de\/#website"},"datePublished":"2022-04-29T09:18:49+00:00","dateModified":"2022-05-04T16:00:05+00:00","breadcrumb":{"@id":"https:\/\/pistonaddict.com\/de\/versenden\/#breadcrumb"},"inLanguage":"de","potentialAction":[{"@type":"ReadAction","target":["https:\/\/pistonaddict.com\/de\/versenden\/"]}]},{"@type":"BreadcrumbList","@id":"https:\/\/pistonaddict.com\/de\/versenden\/#breadcrumb","itemListElement":[{"@type":"ListItem","position":1,"name":"Startseite","item":"https:\/\/pistonaddict.com\/de\/homepage\/"},{"@type":"ListItem","position":2,"name":"Versenden"}]},{"@type":"WebSite","@id":"https:\/\/pistonaddict.com\/de\/#website","url":"https:\/\/pistonaddict.com\/de\/","name":"Piston Addict","description":"Only interesting vehicles","publisher":{"@id":"https:\/\/pistonaddict.com\/de\/#organization"},"potentialAction":[{"@type":"SearchAction","target":{"@type":"EntryPoint","urlTemplate":"https:\/\/pistonaddict.com\/de\/?s={search_term_string}"},"query-input":"required name=search_term_string"}],"inLanguage":"de"},{"@type":"Organization","@id":"https:\/\/pistonaddict.com\/de\/#organization","name":"Piston Addict","url":"https:\/\/pistonaddict.com\/de\/","logo":{"@type":"ImageObject","inLanguage":"de","@id":"https:\/\/pistonaddict.com\/de\/#\/schema\/logo\/image\/","url":"https:\/\/pistonaddict.com\/wp-content\/uploads\/2022\/07\/logo-6.png","contentUrl":"https:\/\/pistonaddict.com\/wp-content\/uploads\/2022\/07\/logo-6.png","width":970,"height":200,"caption":"Piston Addict"},"image":{"@id":"https:\/\/pistonaddict.com\/de\/#\/schema\/logo\/image\/"}}]}},"_links":{"self":[{"href":"https:\/\/pistonaddict.com\/de\/wp-json\/wp\/v2\/pages\/2852"}],"collection":[{"href":"https:\/\/pistonaddict.com\/de\/wp-json\/wp\/v2\/pages"}],"about":[{"href":"https:\/\/pistonaddict.com\/de\/wp-json\/wp\/v2\/types\/page"}],"author":[{"embeddable":true,"href":"https:\/\/pistonaddict.com\/de\/wp-json\/wp\/v2\/users\/1"}],"replies":[{"embeddable":true,"href":"https:\/\/pistonaddict.com\/de\/wp-json\/wp\/v2\/comments?post=2852"}],"version-history":[{"count":2,"href":"https:\/\/pistonaddict.com\/de\/wp-json\/wp\/v2\/pages\/2852\/revisions"}],"predecessor-version":[{"id":4215,"href":"https:\/\/pistonaddict.com\/de\/wp-json\/wp\/v2\/pages\/2852\/revisions\/4215"}],"wp:attachment":[{"href":"https:\/\/pistonaddict.com\/de\/wp-json\/wp\/v2\/media?parent=2852"}],"curies":[{"name":"wp","href":"https:\/\/api.w.org\/{rel}","templated":true}]}}