{"id":26262,"date":"2022-06-12T14:30:57","date_gmt":"2022-06-12T12:30:57","guid":{"rendered":"https:\/\/pistonaddict.com\/abonnement\/"},"modified":"2023-10-03T14:38:40","modified_gmt":"2023-10-03T12:38:40","slug":"abonnement","status":"publish","type":"page","link":"https:\/\/pistonaddict.com\/de\/abonnement\/","title":{"rendered":"Einreichung"},"content":{"rendered":"\t\t<div data-elementor-type=\"wp-page\" data-elementor-id=\"26262\" class=\"elementor elementor-26262 elementor-10099\">\n\t\t\t\t\t\t<section class=\"elementor-section elementor-top-section elementor-element elementor-element-68d07eba elementor-section-full_width elementor-section-content-middle banniere-page elementor-section-height-default elementor-section-height-default\" data-id=\"68d07eba\" data-element_type=\"section\" data-settings=\"{&quot;background_background&quot;:&quot;classic&quot;}\">\n\t\t\t\t\t\t<div class=\"elementor-container elementor-column-gap-default\">\n\t\t\t\t\t<div class=\"elementor-column elementor-col-100 elementor-top-column elementor-element elementor-element-2f2c0a0f\" data-id=\"2f2c0a0f\" data-element_type=\"column\">\n\t\t\t<div class=\"elementor-widget-wrap elementor-element-populated\">\n\t\t\t\t\t\t<div class=\"elementor-element elementor-element-66f0411e elementor-widget elementor-widget-heading\" data-id=\"66f0411e\" data-element_type=\"widget\" data-widget_type=\"heading.default\">\n\t\t\t\t<div class=\"elementor-widget-container\">\n\t\t\t<style>\/*! elementor - v3.21.0 - 18-04-2024 *\/\n.elementor-heading-title{padding:0;margin:0;line-height:1}.elementor-widget-heading .elementor-heading-title[class*=elementor-size-]>a{color:inherit;font-size:inherit;line-height:inherit}.elementor-widget-heading .elementor-heading-title.elementor-size-small{font-size:15px}.elementor-widget-heading .elementor-heading-title.elementor-size-medium{font-size:19px}.elementor-widget-heading .elementor-heading-title.elementor-size-large{font-size:29px}.elementor-widget-heading .elementor-heading-title.elementor-size-xl{font-size:39px}.elementor-widget-heading .elementor-heading-title.elementor-size-xxl{font-size:59px}<\/style><h1 class=\"elementor-heading-title elementor-size-default\">Biete ein Fahrzeug an<\/h1>\t\t<\/div>\n\t\t\t\t<\/div>\n\t\t\t\t\t<\/div>\n\t\t<\/div>\n\t\t\t\t\t<\/div>\n\t\t<\/section>\n\t\t\t\t<section class=\"elementor-section elementor-top-section elementor-element elementor-element-7f312235 elementor-section-full_width descs elementor-section-height-default elementor-section-height-default\" data-id=\"7f312235\" data-element_type=\"section\">\n\t\t\t\t\t\t<div class=\"elementor-container elementor-column-gap-default\">\n\t\t\t\t\t<div class=\"elementor-column elementor-col-66 elementor-top-column elementor-element elementor-element-807d336\" data-id=\"807d336\" data-element_type=\"column\">\n\t\t\t<div class=\"elementor-widget-wrap elementor-element-populated\">\n\t\t\t\t\t\t<div class=\"elementor-element elementor-element-722c94a2 elementor-widget elementor-widget-text-editor\" data-id=\"722c94a2\" data-element_type=\"widget\" data-widget_type=\"text-editor.default\">\n\t\t\t\t<div class=\"elementor-widget-container\">\n\t\t\t<style>\/*! elementor - v3.21.0 - 18-04-2024 *\/\n.elementor-widget-text-editor.elementor-drop-cap-view-stacked .elementor-drop-cap{background-color:#69727d;color:#fff}.elementor-widget-text-editor.elementor-drop-cap-view-framed .elementor-drop-cap{color:#69727d;border:3px solid;background-color:transparent}.elementor-widget-text-editor:not(.elementor-drop-cap-view-default) .elementor-drop-cap{margin-top:8px}.elementor-widget-text-editor:not(.elementor-drop-cap-view-default) .elementor-drop-cap-letter{width:1em;height:1em}.elementor-widget-text-editor .elementor-drop-cap{float:left;text-align:center;line-height:1;font-size:50px}.elementor-widget-text-editor .elementor-drop-cap-letter{display:inline-block}<\/style>\t\t\t\t\n          <h2>Reichen Sie noch heute Ihre Anzeige ein!<\/h2>\n          <p>Piston Addict ist einfach der beste Weg, um die besten Fahrzeuge zu kaufen und zu verkaufen.<\/p>\n          <p>Ehrliches Bieten, niedrige Geb\u00fchren und eine Community von Enthusiasten.<\/p>\n        \t\t\t\t\t\t<\/div>\n\t\t\t\t<\/div>\n\t\t\t\t\t<\/div>\n\t\t<\/div>\n\t\t\t\t<div class=\"elementor-column elementor-col-33 elementor-top-column elementor-element elementor-element-469c0a2f\" data-id=\"469c0a2f\" data-element_type=\"column\">\n\t\t\t<div class=\"elementor-widget-wrap elementor-element-populated\">\n\t\t\t\t\t\t<div class=\"elementor-element elementor-element-1c2c8f98 elementor-widget elementor-widget-text-editor\" data-id=\"1c2c8f98\" data-element_type=\"widget\" data-widget_type=\"text-editor.default\">\n\t\t\t\t<div class=\"elementor-widget-container\">\n\t\t\t\t\t\t\t\n          <h3>Du hast Fragen ?<\/h3>\n          \n\n          <a class=\"btn-custom\" href=\"https:\/\/pistonaddict.com\/de\/haeufig-gestellte-fragen\/\">Klicken Sie hier (H\u00e4ufig gestellte Fragen)<\/a>\n        \t\t\t\t\t\t<\/div>\n\t\t\t\t<\/div>\n\t\t\t\t\t<\/div>\n\t\t<\/div>\n\t\t\t\t\t<\/div>\n\t\t<\/section>\n\t\t\t\t<section class=\"elementor-section elementor-top-section elementor-element elementor-element-6fb804e2 elementor-section-full_width elementor-section-height-default elementor-section-height-default\" data-id=\"6fb804e2\" data-element_type=\"section\">\n\t\t\t\t\t\t<div class=\"elementor-container elementor-column-gap-default\">\n\t\t\t\t\t<div class=\"elementor-column elementor-col-100 elementor-top-column elementor-element elementor-element-3c8122a1\" data-id=\"3c8122a1\" data-element_type=\"column\">\n\t\t\t<div class=\"elementor-widget-wrap elementor-element-populated\">\n\t\t\t\t\t\t<div class=\"elementor-element elementor-element-935356a elementor-widget elementor-widget-shortcode\" data-id=\"935356a\" data-element_type=\"widget\" data-widget_type=\"shortcode.default\">\n\t\t\t\t<div class=\"elementor-widget-container\">\n\t\t\t\t\t<div class=\"elementor-shortcode\">\n        <div class=\"dokan-subscription-content\">\n            \n            \n            \n                \n                \n                <div class=\"pack_content_wrapper\">\n\t\t\t\t<section id=\"tarifs\">\n\t\t\t\t\t<div class=\"grid-container\">\n\t\t\t\t\t\t\n                    \t\t\t\t<div class=\"block  \">\n\t\t\t\t\t\t\t<div class=\"top\">\n\t\t\t\t\t\t\t\t<div class=\"titre\">Klassisch<\/div>\n\t\t\t\t\t\t\t\t<div class=\"prix\"> <span class=\"woocommerce-Price-amount amount\"><bdi>99&nbsp;<span class=\"woocommerce-Price-currencySymbol\">&euro;<\/span><\/bdi><\/span>\t\t\t\t\t\t\t\t<br><span class=\"vat\">Mehrwertsteuer kann anfallen<\/span><\/div>\n\t\t\t\t\t\t\t\t<div class=\"desc\">\n\t\t\t\t\t\t\t\t\tDer beste Ort, um ein Fahrzeug zu verkaufen. 99\u20ac f\u00fcr die Einreichung, keine weiteren Geb\u00fchren f\u00fcr den Verk\u00e4ufer und eine individuelle Auktion auf unserer Website.\t\t\t\t\t\t\t\t\t<\/div>\n\t\t\t\t\t\t\t\t\n                                                                                                                        <a href=\"\/de\/wp-json\/wp\/v2\/pages\/26262?add-to-cart=10058\" class=\"btn-custom dokan-btn dokan-btn-theme buy_product_pack\">Jetzt kaufen<\/a>\n                                        \n                                                                    \t\t\t\t\t\t\t<\/div>\n\t\t\t\t\t\t\t<div class=\"bottom\">\n\t\t\t\t\t\t\t\t<strong>Wie funktioniert es?<\/strong>\n<ol>\n \t<li>Sie abonnieren f\u00fcr 99\u20ac<\/li>\n \t<li>Sie melden Ihr Fahrzeug an<\/li>\n \t<li>Wir akzeptieren es, wenn es passt<\/li>\n \t<li>Wir schreiben Ihre Anzeige<\/li>\n \t<li>Sie bearbeiten und genehmigen Ihre Anzeige<\/li>\n \t<li>Ihre Anzeige ist online<\/li>\n<\/ol>\t\t\t\t\t\t\t<\/div>\n\t\t\t\t\t\t<\/div>\n\t\t\t\t\n\t\t\t\t\t\t \n                        \t\t\t\t<div class=\"block  \">\n\t\t\t\t\t\t\t<div class=\"top\">\n\t\t\t\t\t\t\t\t<div class=\"titre\">Pr\u00e4mie<\/div>\n\t\t\t\t\t\t\t\t<div class=\"prix\"> <span class=\"woocommerce-Price-amount amount\"><bdi>349&nbsp;<span class=\"woocommerce-Price-currencySymbol\">&euro;<\/span><\/bdi><\/span>\t\t\t\t\t\t\t\t<br><span class=\"vat\">Mehrwertsteuer kann anfallen<\/span><\/div>\n\t\t\t\t\t\t\t\t<div class=\"desc\">\n\t\t\t\t\t\t\t\t\tDerselbe gro\u00dfartige Service wie bei Classic, aber Ihr Angebot wird in unseren sozialen Medien, auf Partnerseiten und in unseren Newslettern ver\u00f6ffentlicht, damit K\u00e4ufer mit Vertrauen und Begeisterung bieten k\u00f6nnen.\t\t\t\t\t\t\t\t\t<\/div>\n\t\t\t\t\t\t\t\t\n                                                                                                                        <a href=\"\/de\/wp-json\/wp\/v2\/pages\/26262?add-to-cart=10082\" class=\"btn-custom dokan-btn dokan-btn-theme buy_product_pack\">Jetzt kaufen<\/a>\n                                        \n                                                                    \t\t\t\t\t\t\t<\/div>\n\t\t\t\t\t\t\t<div class=\"bottom\">\n\t\t\t\t\t\t\t\t<strong>Wie funktioniert es?<\/strong>\n<ol>\n \t<li>Sie abonnieren f\u00fcr 349\u20ac<\/li>\n \t<li>Sie melden Ihr Fahrzeug an<\/li>\n \t<li>Wir akzeptieren es, wenn es passt<\/li>\n \t<li>Wir schreiben Ihre Anzeige<\/li>\n \t<li>Sie bearbeiten und genehmigen Ihre Anzeige<\/li>\n \t<li>Ihre Anzeige ist online<\/li>\n \t<li>Wir verbreiten sie in unseren sozialen Netzwerken, auf Partnerseiten und in unseren Newslettern.<\/li>\n<\/ol>\t\t\t\t\t\t\t<\/div>\n\t\t\t\t\t\t<\/div>\n\t\t\t\t\n\t\t\t\t\t\t \n                                       <\/div><\/section><\/div><!-- .dokan-subscription-content -->\n                            <div class=\"clearfix\"><\/div>\n        <\/div><!-- .pack_content_wrapper -->\n        <\/div>\n\t\t\t\t<\/div>\n\t\t\t\t<\/div>\n\t\t\t\t<div class=\"elementor-element elementor-element-abecd62 elementor-widget elementor-widget-text-editor\" data-id=\"abecd62\" data-element_type=\"widget\" data-widget_type=\"text-editor.default\">\n\t\t\t\t<div class=\"elementor-widget-container\">\n\t\t\t\t\t\t\t<h2 style=\"text-align: center;color: #2d2d2d;font-size: 35px;margin-bottom: 15px;\">Wie verkauft man ein Auto auf PistonAddict.com?<\/h2>\n                    <div class=\"single-video\">\n                    \t                        <div class=\"video\"><iframe width=\"560\" height=\"315\" src=\"https:\/\/www.youtube.com\/embed\/O3Y_LGkk7SA?si=lrPDABSM1_VbMAty&#038;cc_load_policy=1&#038;cc_lang_pref=de\" title=\"YouTube video player\" frameborder=\"0\" allow=\"accelerometer; autoplay; clipboard-write; encrypted-media; gyroscope; picture-in-picture; web-share\" allowfullscreen><\/iframe><\/div>\n                    <\/div>\n                    \n\n&nbsp;\t\t\t\t\t\t<\/div>\n\t\t\t\t<\/div>\n\t\t\t\t\t<\/div>\n\t\t<\/div>\n\t\t\t\t\t<\/div>\n\t\t<\/section>\n\t\t\t\t<\/div>\n\t\t","protected":false},"excerpt":{"rendered":"<p>Biete ein Fahrzeug an Reichen Sie noch heute Ihre Anzeige ein! Piston Addict ist einfach der beste Weg, um die besten Fahrzeuge zu kaufen und zu verkaufen. Ehrliches Bieten, niedrige Geb\u00fchren und eine Community von Enthusiasten. Du hast Fragen ? Klicken Sie hier (H\u00e4ufig gestellte Fragen) Wie verkauft man ein Auto auf PistonAddict.com? &nbsp;<\/p>\n","protected":false},"author":1,"featured_media":0,"parent":0,"menu_order":0,"comment_status":"closed","ping_status":"closed","template":"","meta":{"inline_featured_image":false,"footnotes":""},"acf":[],"yoast_head":"<!-- This site is optimized with the Yoast SEO plugin v22.5 - https:\/\/yoast.com\/wordpress\/plugins\/seo\/ -->\n<title>Einreichung - Piston Addict<\/title>\n<meta name=\"robots\" content=\"index, follow, max-snippet:-1, max-image-preview:large, max-video-preview:-1\" \/>\n<link rel=\"canonical\" href=\"https:\/\/pistonaddict.com\/de\/abonnement\/\" \/>\n<meta property=\"og:locale\" content=\"de_DE\" \/>\n<meta property=\"og:type\" content=\"article\" \/>\n<meta property=\"og:title\" content=\"Einreichung - Piston Addict\" \/>\n<meta property=\"og:description\" content=\"Biete ein Fahrzeug an Reichen Sie noch heute Ihre Anzeige ein! Piston Addict ist einfach der beste Weg, um die besten Fahrzeuge zu kaufen und zu verkaufen. Ehrliches Bieten, niedrige Geb\u00fchren und eine Community von Enthusiasten. Du hast Fragen ? Klicken Sie hier (H\u00e4ufig gestellte Fragen) Wie verkauft man ein Auto auf PistonAddict.com? &nbsp;\" \/>\n<meta property=\"og:url\" content=\"https:\/\/pistonaddict.com\/de\/abonnement\/\" \/>\n<meta property=\"og:site_name\" content=\"Piston Addict\" \/>\n<meta property=\"article:modified_time\" content=\"2023-10-03T12:38:40+00:00\" \/>\n<meta name=\"twitter:card\" content=\"summary_large_image\" \/>\n<script type=\"application\/ld+json\" class=\"yoast-schema-graph\">{\"@context\":\"https:\/\/schema.org\",\"@graph\":[{\"@type\":\"WebPage\",\"@id\":\"https:\/\/pistonaddict.com\/de\/abonnement\/\",\"url\":\"https:\/\/pistonaddict.com\/de\/abonnement\/\",\"name\":\"Einreichung - Piston Addict\",\"isPartOf\":{\"@id\":\"https:\/\/pistonaddict.com\/de\/#website\"},\"datePublished\":\"2022-06-12T12:30:57+00:00\",\"dateModified\":\"2023-10-03T12:38:40+00:00\",\"breadcrumb\":{\"@id\":\"https:\/\/pistonaddict.com\/de\/abonnement\/#breadcrumb\"},\"inLanguage\":\"de\",\"potentialAction\":[{\"@type\":\"ReadAction\",\"target\":[\"https:\/\/pistonaddict.com\/de\/abonnement\/\"]}]},{\"@type\":\"BreadcrumbList\",\"@id\":\"https:\/\/pistonaddict.com\/de\/abonnement\/#breadcrumb\",\"itemListElement\":[{\"@type\":\"ListItem\",\"position\":1,\"name\":\"Startseite\",\"item\":\"https:\/\/pistonaddict.com\/de\/homepage\/\"},{\"@type\":\"ListItem\",\"position\":2,\"name\":\"Einreichung\"}]},{\"@type\":\"WebSite\",\"@id\":\"https:\/\/pistonaddict.com\/de\/#website\",\"url\":\"https:\/\/pistonaddict.com\/de\/\",\"name\":\"Piston Addict\",\"description\":\"Only interesting vehicles\",\"publisher\":{\"@id\":\"https:\/\/pistonaddict.com\/de\/#organization\"},\"potentialAction\":[{\"@type\":\"SearchAction\",\"target\":{\"@type\":\"EntryPoint\",\"urlTemplate\":\"https:\/\/pistonaddict.com\/de\/?s={search_term_string}\"},\"query-input\":\"required name=search_term_string\"}],\"inLanguage\":\"de\"},{\"@type\":\"Organization\",\"@id\":\"https:\/\/pistonaddict.com\/de\/#organization\",\"name\":\"Piston Addict\",\"url\":\"https:\/\/pistonaddict.com\/de\/\",\"logo\":{\"@type\":\"ImageObject\",\"inLanguage\":\"de\",\"@id\":\"https:\/\/pistonaddict.com\/de\/#\/schema\/logo\/image\/\",\"url\":\"https:\/\/pistonaddict.com\/wp-content\/uploads\/2022\/07\/logo-6.png\",\"contentUrl\":\"https:\/\/pistonaddict.com\/wp-content\/uploads\/2022\/07\/logo-6.png\",\"width\":970,\"height\":200,\"caption\":\"Piston Addict\"},\"image\":{\"@id\":\"https:\/\/pistonaddict.com\/de\/#\/schema\/logo\/image\/\"}}]}<\/script>\n<!-- \/ Yoast SEO plugin. -->","yoast_head_json":{"title":"Einreichung - Piston Addict","robots":{"index":"index","follow":"follow","max-snippet":"max-snippet:-1","max-image-preview":"max-image-preview:large","max-video-preview":"max-video-preview:-1"},"canonical":"https:\/\/pistonaddict.com\/de\/abonnement\/","og_locale":"de_DE","og_type":"article","og_title":"Einreichung - Piston Addict","og_description":"Biete ein Fahrzeug an Reichen Sie noch heute Ihre Anzeige ein! Piston Addict ist einfach der beste Weg, um die besten Fahrzeuge zu kaufen und zu verkaufen. Ehrliches Bieten, niedrige Geb\u00fchren und eine Community von Enthusiasten. Du hast Fragen ? Klicken Sie hier (H\u00e4ufig gestellte Fragen) Wie verkauft man ein Auto auf PistonAddict.com? &nbsp;","og_url":"https:\/\/pistonaddict.com\/de\/abonnement\/","og_site_name":"Piston Addict","article_modified_time":"2023-10-03T12:38:40+00:00","twitter_card":"summary_large_image","schema":{"@context":"https:\/\/schema.org","@graph":[{"@type":"WebPage","@id":"https:\/\/pistonaddict.com\/de\/abonnement\/","url":"https:\/\/pistonaddict.com\/de\/abonnement\/","name":"Einreichung - Piston Addict","isPartOf":{"@id":"https:\/\/pistonaddict.com\/de\/#website"},"datePublished":"2022-06-12T12:30:57+00:00","dateModified":"2023-10-03T12:38:40+00:00","breadcrumb":{"@id":"https:\/\/pistonaddict.com\/de\/abonnement\/#breadcrumb"},"inLanguage":"de","potentialAction":[{"@type":"ReadAction","target":["https:\/\/pistonaddict.com\/de\/abonnement\/"]}]},{"@type":"BreadcrumbList","@id":"https:\/\/pistonaddict.com\/de\/abonnement\/#breadcrumb","itemListElement":[{"@type":"ListItem","position":1,"name":"Startseite","item":"https:\/\/pistonaddict.com\/de\/homepage\/"},{"@type":"ListItem","position":2,"name":"Einreichung"}]},{"@type":"WebSite","@id":"https:\/\/pistonaddict.com\/de\/#website","url":"https:\/\/pistonaddict.com\/de\/","name":"Piston Addict","description":"Only interesting vehicles","publisher":{"@id":"https:\/\/pistonaddict.com\/de\/#organization"},"potentialAction":[{"@type":"SearchAction","target":{"@type":"EntryPoint","urlTemplate":"https:\/\/pistonaddict.com\/de\/?s={search_term_string}"},"query-input":"required name=search_term_string"}],"inLanguage":"de"},{"@type":"Organization","@id":"https:\/\/pistonaddict.com\/de\/#organization","name":"Piston Addict","url":"https:\/\/pistonaddict.com\/de\/","logo":{"@type":"ImageObject","inLanguage":"de","@id":"https:\/\/pistonaddict.com\/de\/#\/schema\/logo\/image\/","url":"https:\/\/pistonaddict.com\/wp-content\/uploads\/2022\/07\/logo-6.png","contentUrl":"https:\/\/pistonaddict.com\/wp-content\/uploads\/2022\/07\/logo-6.png","width":970,"height":200,"caption":"Piston Addict"},"image":{"@id":"https:\/\/pistonaddict.com\/de\/#\/schema\/logo\/image\/"}}]}},"_links":{"self":[{"href":"https:\/\/pistonaddict.com\/de\/wp-json\/wp\/v2\/pages\/26262"}],"collection":[{"href":"https:\/\/pistonaddict.com\/de\/wp-json\/wp\/v2\/pages"}],"about":[{"href":"https:\/\/pistonaddict.com\/de\/wp-json\/wp\/v2\/types\/page"}],"author":[{"embeddable":true,"href":"https:\/\/pistonaddict.com\/de\/wp-json\/wp\/v2\/users\/1"}],"replies":[{"embeddable":true,"href":"https:\/\/pistonaddict.com\/de\/wp-json\/wp\/v2\/comments?post=26262"}],"version-history":[{"count":3,"href":"https:\/\/pistonaddict.com\/de\/wp-json\/wp\/v2\/pages\/26262\/revisions"}],"predecessor-version":[{"id":51797,"href":"https:\/\/pistonaddict.com\/de\/wp-json\/wp\/v2\/pages\/26262\/revisions\/51797"}],"wp:attachment":[{"href":"https:\/\/pistonaddict.com\/de\/wp-json\/wp\/v2\/media?parent=26262"}],"curies":[{"name":"wp","href":"https:\/\/api.w.org\/{rel}","templated":true}]}}