{"id":2030,"date":"2022-04-13T10:38:14","date_gmt":"2022-04-13T08:38:14","guid":{"rendered":"https:\/\/pistonaddict.com\/beispielseite\/"},"modified":"2022-05-04T18:00:16","modified_gmt":"2022-05-04T16:00:16","slug":"beispielseite","status":"publish","type":"page","link":"https:\/\/pistonaddict.com\/de\/beispielseite\/","title":{"rendered":"Beispielseite"},"content":{"rendered":"\n<p>Dies ist eine Beispielseite. Er unterscheidet sich von einem Blog-Beitrag, da er an einem Ort bleibt und in der Navigation Ihrer Website erscheint (in den meisten Themen). Die meisten Leute beginnen mit einer \u201e\u00dcber uns\u201c-Seite, die sie den Besuchern der Website vorstellt. Es k\u00f6nnte etwa so aussehen:<\/p>\n\n<blockquote class=\"wp-block-quote\"><p>Guten Morgen ! Ich bin Mechaniker und m\u00f6chte Schauspieler werden, und das ist meine Seite. Ich lebe in Bordeaux, habe einen tollen Hund namens Russell und ich liebe Wodka (und werde bei langen Strandspazierg\u00e4ngen bei Sonnenuntergang von pl\u00f6tzlichem Regen \u00fcberrascht).<\/p><\/blockquote>\n\n<p>\u2026oder sowas:<\/p>\n\n<blockquote class=\"wp-block-quote\"><p>Das Unternehmen 123 Machin Truc wurde 1971 gegr\u00fcndet und bietet der \u00d6ffentlichkeit seitdem weiterhin hochwertige Gadgets an. 123 Machin Truc mit Sitz in Saint-Remy-en-Bouzemont-Saint-Genest-et-Isson besch\u00e4ftigt 2.000 Mitarbeiter und stellt alle m\u00f6glichen gro\u00dfartigen Ger\u00e4te f\u00fcr die Bouzemont-Community her.<\/p><\/blockquote>\n\n<p>Als neuer WordPress-Benutzer sollten Sie zu <a href=\"https:\/\/pistonaddict.com\/wp-admin\/\">Ihrem Dashboard<\/a> gehen, um diese Seite zu l\u00f6schen und neue Seiten f\u00fcr Ihre Inhalte zu erstellen. Habe Spa\u00df !<\/p>\n","protected":false},"excerpt":{"rendered":"<p>Dies ist eine Beispielseite. Er unterscheidet sich von einem Blog-Beitrag, da er an einem Ort bleibt und in der Navigation Ihrer Website erscheint (in den meisten Themen). Die meisten Leute beginnen mit einer \u201e\u00dcber uns\u201c-Seite, die sie den Besuchern der Website vorstellt. Es k\u00f6nnte etwa so aussehen: Guten Morgen ! Ich bin Mechaniker und m\u00f6chte &#8230; <a title=\"Beispielseite\" class=\"read-more\" href=\"https:\/\/pistonaddict.com\/de\/beispielseite\/\">Mehr lesen<span class=\"screen-reader-text\">Beispielseite<\/span><\/a><\/p>\n","protected":false},"author":1,"featured_media":0,"parent":0,"menu_order":0,"comment_status":"closed","ping_status":"closed","template":"","meta":{"inline_featured_image":false,"footnotes":""},"acf":[],"yoast_head":"<!-- This site is optimized with the Yoast SEO plugin v22.5 - https:\/\/yoast.com\/wordpress\/plugins\/seo\/ -->\n<title>Beispielseite - Piston Addict<\/title>\n<meta name=\"robots\" content=\"index, follow, max-snippet:-1, max-image-preview:large, max-video-preview:-1\" \/>\n<link rel=\"canonical\" href=\"https:\/\/pistonaddict.com\/de\/beispielseite\/\" \/>\n<meta property=\"og:locale\" content=\"de_DE\" \/>\n<meta property=\"og:type\" content=\"article\" \/>\n<meta property=\"og:title\" content=\"Beispielseite - Piston Addict\" \/>\n<meta property=\"og:description\" content=\"Dies ist eine Beispielseite. Er unterscheidet sich von einem Blog-Beitrag, da er an einem Ort bleibt und in der Navigation Ihrer Website erscheint (in den meisten Themen). Die meisten Leute beginnen mit einer \u201e\u00dcber uns\u201c-Seite, die sie den Besuchern der Website vorstellt. Es k\u00f6nnte etwa so aussehen: Guten Morgen ! Ich bin Mechaniker und m\u00f6chte ... Mehr lesenBeispielseite\" \/>\n<meta property=\"og:url\" content=\"https:\/\/pistonaddict.com\/de\/beispielseite\/\" \/>\n<meta property=\"og:site_name\" content=\"Piston Addict\" \/>\n<meta property=\"article:modified_time\" content=\"2022-05-04T16:00:16+00:00\" \/>\n<meta name=\"twitter:card\" content=\"summary_large_image\" \/>\n<meta name=\"twitter:label1\" content=\"Gesch\u00e4tzte Lesezeit\" \/>\n\t<meta name=\"twitter:data1\" content=\"1\u00a0Minute\" \/>\n<script type=\"application\/ld+json\" class=\"yoast-schema-graph\">{\"@context\":\"https:\/\/schema.org\",\"@graph\":[{\"@type\":\"WebPage\",\"@id\":\"https:\/\/pistonaddict.com\/de\/beispielseite\/\",\"url\":\"https:\/\/pistonaddict.com\/de\/beispielseite\/\",\"name\":\"Beispielseite - Piston Addict\",\"isPartOf\":{\"@id\":\"https:\/\/pistonaddict.com\/de\/#website\"},\"datePublished\":\"2022-04-13T08:38:14+00:00\",\"dateModified\":\"2022-05-04T16:00:16+00:00\",\"breadcrumb\":{\"@id\":\"https:\/\/pistonaddict.com\/de\/beispielseite\/#breadcrumb\"},\"inLanguage\":\"de\",\"potentialAction\":[{\"@type\":\"ReadAction\",\"target\":[\"https:\/\/pistonaddict.com\/de\/beispielseite\/\"]}]},{\"@type\":\"BreadcrumbList\",\"@id\":\"https:\/\/pistonaddict.com\/de\/beispielseite\/#breadcrumb\",\"itemListElement\":[{\"@type\":\"ListItem\",\"position\":1,\"name\":\"Startseite\",\"item\":\"https:\/\/pistonaddict.com\/de\/homepage\/\"},{\"@type\":\"ListItem\",\"position\":2,\"name\":\"Beispielseite\"}]},{\"@type\":\"WebSite\",\"@id\":\"https:\/\/pistonaddict.com\/de\/#website\",\"url\":\"https:\/\/pistonaddict.com\/de\/\",\"name\":\"Piston Addict\",\"description\":\"Only interesting vehicles\",\"publisher\":{\"@id\":\"https:\/\/pistonaddict.com\/de\/#organization\"},\"potentialAction\":[{\"@type\":\"SearchAction\",\"target\":{\"@type\":\"EntryPoint\",\"urlTemplate\":\"https:\/\/pistonaddict.com\/de\/?s={search_term_string}\"},\"query-input\":\"required name=search_term_string\"}],\"inLanguage\":\"de\"},{\"@type\":\"Organization\",\"@id\":\"https:\/\/pistonaddict.com\/de\/#organization\",\"name\":\"Piston Addict\",\"url\":\"https:\/\/pistonaddict.com\/de\/\",\"logo\":{\"@type\":\"ImageObject\",\"inLanguage\":\"de\",\"@id\":\"https:\/\/pistonaddict.com\/de\/#\/schema\/logo\/image\/\",\"url\":\"https:\/\/pistonaddict.com\/wp-content\/uploads\/2022\/07\/logo-6.png\",\"contentUrl\":\"https:\/\/pistonaddict.com\/wp-content\/uploads\/2022\/07\/logo-6.png\",\"width\":970,\"height\":200,\"caption\":\"Piston Addict\"},\"image\":{\"@id\":\"https:\/\/pistonaddict.com\/de\/#\/schema\/logo\/image\/\"}}]}<\/script>\n<!-- \/ Yoast SEO plugin. -->","yoast_head_json":{"title":"Beispielseite - Piston Addict","robots":{"index":"index","follow":"follow","max-snippet":"max-snippet:-1","max-image-preview":"max-image-preview:large","max-video-preview":"max-video-preview:-1"},"canonical":"https:\/\/pistonaddict.com\/de\/beispielseite\/","og_locale":"de_DE","og_type":"article","og_title":"Beispielseite - Piston Addict","og_description":"Dies ist eine Beispielseite. Er unterscheidet sich von einem Blog-Beitrag, da er an einem Ort bleibt und in der Navigation Ihrer Website erscheint (in den meisten Themen). Die meisten Leute beginnen mit einer \u201e\u00dcber uns\u201c-Seite, die sie den Besuchern der Website vorstellt. Es k\u00f6nnte etwa so aussehen: Guten Morgen ! Ich bin Mechaniker und m\u00f6chte ... Mehr lesenBeispielseite","og_url":"https:\/\/pistonaddict.com\/de\/beispielseite\/","og_site_name":"Piston Addict","article_modified_time":"2022-05-04T16:00:16+00:00","twitter_card":"summary_large_image","twitter_misc":{"Gesch\u00e4tzte Lesezeit":"1\u00a0Minute"},"schema":{"@context":"https:\/\/schema.org","@graph":[{"@type":"WebPage","@id":"https:\/\/pistonaddict.com\/de\/beispielseite\/","url":"https:\/\/pistonaddict.com\/de\/beispielseite\/","name":"Beispielseite - Piston Addict","isPartOf":{"@id":"https:\/\/pistonaddict.com\/de\/#website"},"datePublished":"2022-04-13T08:38:14+00:00","dateModified":"2022-05-04T16:00:16+00:00","breadcrumb":{"@id":"https:\/\/pistonaddict.com\/de\/beispielseite\/#breadcrumb"},"inLanguage":"de","potentialAction":[{"@type":"ReadAction","target":["https:\/\/pistonaddict.com\/de\/beispielseite\/"]}]},{"@type":"BreadcrumbList","@id":"https:\/\/pistonaddict.com\/de\/beispielseite\/#breadcrumb","itemListElement":[{"@type":"ListItem","position":1,"name":"Startseite","item":"https:\/\/pistonaddict.com\/de\/homepage\/"},{"@type":"ListItem","position":2,"name":"Beispielseite"}]},{"@type":"WebSite","@id":"https:\/\/pistonaddict.com\/de\/#website","url":"https:\/\/pistonaddict.com\/de\/","name":"Piston Addict","description":"Only interesting vehicles","publisher":{"@id":"https:\/\/pistonaddict.com\/de\/#organization"},"potentialAction":[{"@type":"SearchAction","target":{"@type":"EntryPoint","urlTemplate":"https:\/\/pistonaddict.com\/de\/?s={search_term_string}"},"query-input":"required name=search_term_string"}],"inLanguage":"de"},{"@type":"Organization","@id":"https:\/\/pistonaddict.com\/de\/#organization","name":"Piston Addict","url":"https:\/\/pistonaddict.com\/de\/","logo":{"@type":"ImageObject","inLanguage":"de","@id":"https:\/\/pistonaddict.com\/de\/#\/schema\/logo\/image\/","url":"https:\/\/pistonaddict.com\/wp-content\/uploads\/2022\/07\/logo-6.png","contentUrl":"https:\/\/pistonaddict.com\/wp-content\/uploads\/2022\/07\/logo-6.png","width":970,"height":200,"caption":"Piston Addict"},"image":{"@id":"https:\/\/pistonaddict.com\/de\/#\/schema\/logo\/image\/"}}]}},"_links":{"self":[{"href":"https:\/\/pistonaddict.com\/de\/wp-json\/wp\/v2\/pages\/2030"}],"collection":[{"href":"https:\/\/pistonaddict.com\/de\/wp-json\/wp\/v2\/pages"}],"about":[{"href":"https:\/\/pistonaddict.com\/de\/wp-json\/wp\/v2\/types\/page"}],"author":[{"embeddable":true,"href":"https:\/\/pistonaddict.com\/de\/wp-json\/wp\/v2\/users\/1"}],"replies":[{"embeddable":true,"href":"https:\/\/pistonaddict.com\/de\/wp-json\/wp\/v2\/comments?post=2030"}],"version-history":[{"count":3,"href":"https:\/\/pistonaddict.com\/de\/wp-json\/wp\/v2\/pages\/2030\/revisions"}],"predecessor-version":[{"id":4378,"href":"https:\/\/pistonaddict.com\/de\/wp-json\/wp\/v2\/pages\/2030\/revisions\/4378"}],"wp:attachment":[{"href":"https:\/\/pistonaddict.com\/de\/wp-json\/wp\/v2\/media?parent=2030"}],"curies":[{"name":"wp","href":"https:\/\/api.w.org\/{rel}","templated":true}]}}