{"id":18975,"date":"2022-04-20T13:00:00","date_gmt":"2022-04-20T11:00:00","guid":{"rendered":"https:\/\/pistonaddict.com\/ueber-uns\/"},"modified":"2023-11-14T17:54:53","modified_gmt":"2023-11-14T16:54:53","slug":"ueber-uns","status":"publish","type":"page","link":"https:\/\/pistonaddict.com\/de\/ueber-uns\/","title":{"rendered":"\u00dcber uns"},"content":{"rendered":"\t\t<div data-elementor-type=\"wp-page\" data-elementor-id=\"18975\" class=\"elementor elementor-18975 elementor-2278\">\n\t\t\t\t\t\t<section class=\"elementor-section elementor-top-section elementor-element elementor-element-3668bb8 elementor-section-full_width elementor-section-content-middle banniere-page elementor-section-height-default elementor-section-height-default\" data-id=\"3668bb8\" data-element_type=\"section\" data-settings=\"{&quot;background_background&quot;:&quot;classic&quot;}\">\n\t\t\t\t\t\t<div class=\"elementor-container elementor-column-gap-default\">\n\t\t\t\t\t<div class=\"elementor-column elementor-col-100 elementor-top-column elementor-element elementor-element-b2088b2\" data-id=\"b2088b2\" data-element_type=\"column\">\n\t\t\t<div class=\"elementor-widget-wrap elementor-element-populated\">\n\t\t\t\t\t\t<div class=\"elementor-element elementor-element-26e06c0 elementor-widget elementor-widget-heading\" data-id=\"26e06c0\" data-element_type=\"widget\" data-widget_type=\"heading.default\">\n\t\t\t\t<div class=\"elementor-widget-container\">\n\t\t\t<style>\/*! elementor - v3.21.0 - 18-04-2024 *\/\n.elementor-heading-title{padding:0;margin:0;line-height:1}.elementor-widget-heading .elementor-heading-title[class*=elementor-size-]>a{color:inherit;font-size:inherit;line-height:inherit}.elementor-widget-heading .elementor-heading-title.elementor-size-small{font-size:15px}.elementor-widget-heading .elementor-heading-title.elementor-size-medium{font-size:19px}.elementor-widget-heading .elementor-heading-title.elementor-size-large{font-size:29px}.elementor-widget-heading .elementor-heading-title.elementor-size-xl{font-size:39px}.elementor-widget-heading .elementor-heading-title.elementor-size-xxl{font-size:59px}<\/style><h1 class=\"elementor-heading-title elementor-size-default\">\u00dcber Piston Addict<\/h1>\t\t<\/div>\n\t\t\t\t<\/div>\n\t\t\t\t\t<\/div>\n\t\t<\/div>\n\t\t\t\t\t<\/div>\n\t\t<\/section>\n\t\t\t\t<section class=\"elementor-section elementor-top-section elementor-element elementor-element-62ecd00 elementor-section-full_width descs elementor-section-height-default elementor-section-height-default\" data-id=\"62ecd00\" data-element_type=\"section\">\n\t\t\t\t\t\t<div class=\"elementor-container elementor-column-gap-default\">\n\t\t\t\t\t<div class=\"elementor-column elementor-col-100 elementor-top-column elementor-element elementor-element-cae2e10\" data-id=\"cae2e10\" data-element_type=\"column\">\n\t\t\t<div class=\"elementor-widget-wrap elementor-element-populated\">\n\t\t\t\t\t\t<div class=\"elementor-element elementor-element-174bee4 elementor-widget elementor-widget-text-editor\" data-id=\"174bee4\" data-element_type=\"widget\" data-widget_type=\"text-editor.default\">\n\t\t\t\t<div class=\"elementor-widget-container\">\n\t\t\t<style>\/*! elementor - v3.21.0 - 18-04-2024 *\/\n.elementor-widget-text-editor.elementor-drop-cap-view-stacked .elementor-drop-cap{background-color:#69727d;color:#fff}.elementor-widget-text-editor.elementor-drop-cap-view-framed .elementor-drop-cap{color:#69727d;border:3px solid;background-color:transparent}.elementor-widget-text-editor:not(.elementor-drop-cap-view-default) .elementor-drop-cap{margin-top:8px}.elementor-widget-text-editor:not(.elementor-drop-cap-view-default) .elementor-drop-cap-letter{width:1em;height:1em}.elementor-widget-text-editor .elementor-drop-cap{float:left;text-align:center;line-height:1;font-size:50px}.elementor-widget-text-editor .elementor-drop-cap-letter{display:inline-block}<\/style>\t\t\t\t<h2>Unsere Geschichte<\/h2>\nPiston Addict ist eine Online-Auktionsplattform, die sich auf au\u00dfergew\u00f6hnliche Fahrzeuge spezialisiert hat.\n\nAls Autoliebhaber von Kindesbeinen an war es uns wichtig, den Kauf und Verkauf von Autos und Motorr\u00e4dern zug\u00e4nglicher zu machen, damit Sie ein Fahrzeug verkaufen oder kaufen k\u00f6nnen, wo immer Sie sich befinden.\n\nPiston Addict wurde mit dem Wunsch geboren, den Gebrauchtwagenmarkt auf die einfachste, fl\u00fcssigste und transparenteste Weise zu revolutionieren. Alles, was Sie brauchen, ist ein Klick oder eine Auktion, um spannende Fahrzeuge zu erwerben und zu verkaufen.\n\n<b>Gegr\u00fcndet von Enthusiasten, Fachleuten des Sektors mit mehr als 20 Jahren Erfahrung in der Automobilbranche<\/b>Das Unternehmen wird von einer Gruppe unterst\u00fctzt, die in den letzten 10 Jahren einen Umsatz von \u00fcber 500 Millionen Euro erwirtschaftet hat und deren Aktion\u00e4re in den letzten 30 Jahren au\u00dfergew\u00f6hnliche Fahrzeuge gesammelt haben und die M\u00f6glichkeit hatten, legend\u00e4re Autos wie den  <a href=\"https:\/\/pistonaddict.com\/de\/ferrari-250-gto-zu-verkaufen\/\">Ferrari 250 GTO<\/a>,  <a href=\"https:\/\/pistonaddict.com\/de\/ferrari-250-gt-swb-zur-versteigerung\/\">Ferrari 250 GT SWB<\/a>, <a href=\"https:\/\/pistonaddict.com\/de\/lamborghini-miura-zu-verkaufen\/\">Lamborghini Miura SV<\/a>, <a href=\"https:\/\/pistonaddict.com\/de\/porsche-959-zur-versteigerung\/\">Porsche 959<\/a>, <a href=\"https:\/\/pistonaddict.com\/de\/shelby-ac-cobra-zu-verkaufen\/\">AC Cobra<\/a> oder der <a href=\"https:\/\/pistonaddict.com\/de\/maserati-5000-gt-zu-versteigern\/\">Maserati 5000 GT<\/a>.\n\nDer Wunsch, unsere Leidenschaft zu teilen, hat uns dazu gebracht, Piston Addict zu gr\u00fcnden.\n<h2><\/h2>\n<h2>Wie wir arbeiten<\/h2>\nPiston Addict erfindet die Art und Weise, wie man klassische Fahrzeuge, Sammlerst\u00fccke und Liebhaberfahrzeuge verkauft oder kauft, neu.\n\nWir untersuchen jedes eingereichte Fahrzeug mit gr\u00f6\u00dfter Aufmerksamkeit: bei Piston Addict finden Sie ein Team von Enthusiasten, die Experten f\u00fcr alte und moderne Fahrzeuge sind.\n\nUnsere Auktionen bieten volle Transparenz, umfangreichere Angebote und faire Geb\u00fchren im Vergleich zu traditionellen Plattformen. Wir w\u00e4hlen eine breite Palette von Marken, Modellen und Fahrzeugtypen aus, wir wollen so viele sehen, wie Sie sich nur w\u00fcnschen k\u00f6nnen!\n\t<div id=\"hp-videos\" class=\"internal-page\">\n\t\t\t\t\t<div class=\"row\">\n\t\t\t\t\t\t\t\t\t\t\t\t\t\t\t<div class=\"col-2\">\n\t\t\t\t\t\t\t<div class=\"titre\">Wie verkauft man ein Auto?<\/div>\n\t\t\t\t\t\t\t<div class=\"video\"><iframe width=\"560\" height=\"315\" src=\"https:\/\/www.youtube.com\/embed\/O3Y_LGkk7SA?si=lrPDABSM1_VbMAty&#038;cc_load_policy=1&#038;cc_lang_pref=de\" title=\"YouTube video player\" frameborder=\"0\" allow=\"accelerometer; autoplay; clipboard-write; encrypted-media; gyroscope; picture-in-picture; web-share\" allowfullscreen><\/iframe><\/div>\n\t\t\t\t\t\t<\/div>\n\t\t\t\t\t\t\t\t\t\t\t\t\t\t\t\t\t\t\t\t<div class=\"col-2\">\n\t\t\t\t\t\t\t<div class=\"titre\">Wie kaufe ich ein Auto?<\/div>\n\t\t\t\t\t\t\t<div class=\"video\"><iframe width=\"560\" height=\"315\" src=\"https:\/\/www.youtube.com\/embed\/rpL_CWBVwKk?si=Inx_LsS68MsBiaVq&#038;cc_load_policy=1&#038;cc_lang_pref=de\" title=\"YouTube video player\" frameborder=\"0\" allow=\"accelerometer; autoplay; clipboard-write; encrypted-media; gyroscope; picture-in-picture; web-share\" allowfullscreen><\/iframe><\/div>\n\t\t\t\t\t\t<\/div>\n\t\t\t\t\t\t\t\t\t\t\t\t<\/div>\n\t\t\t<\/div>\n\t\t\n<div class=\"grid-container\" id=\"logos-mag\">\n\t    \t<h3>In den folgenden Magazinen erschienen<\/h3>\n    \t<div class=\"c-logos-mag\">\n\t\t\t                                \t<div>\n                    \t<img \n                        \tsrc=\"https:\/\/pistonaddict.com\/wp-content\/uploads\/2023\/11\/1-logo-sport-auto-300x300-couleur.png\" \n                            alt=\"Sport Auto\" \n                        \ttitle=\"Sport Auto\" class=\"responsive-img\" \/>\n                    <\/div>\n                                                            \t<div>\n                    \t<img \n                        \tsrc=\"https:\/\/pistonaddict.com\/wp-content\/uploads\/2023\/11\/2-logo-auto-epca-300x300-couleur.png\" \n                            alt=\"Auto d\u2019Epoca\" \n                        \ttitle=\"Auto d\u2019Epoca\" class=\"responsive-img\" \/>\n                    <\/div>\n                                                            \t<div>\n                    \t<img \n                        \tsrc=\"https:\/\/pistonaddict.com\/wp-content\/uploads\/2023\/11\/3-logo-classic-300x300-couleur.png\" \n                            alt=\"Classic &amp; Sports Car\" \n                        \ttitle=\"Classic &amp; Sports Car\" class=\"responsive-img\" \/>\n                    <\/div>\n                                                            \t<div>\n                    \t<img \n                        \tsrc=\"https:\/\/pistonaddict.com\/wp-content\/uploads\/2023\/11\/4-logo-motor-klassik-300x300-couleur.png\" \n                            alt=\"Motor Klassik\" \n                        \ttitle=\"Motor Klassik\" class=\"responsive-img\" \/>\n                    <\/div>\n                                                            \t<div>\n                    \t<img \n                        \tsrc=\"https:\/\/pistonaddict.com\/wp-content\/uploads\/2023\/11\/5-logo-sport-auto-classiques-300x300-couleur.png\" \n                            alt=\"Sport Auto Classiques\" \n                        \ttitle=\"Sport Auto Classiques\" class=\"responsive-img\" \/>\n                    <\/div>\n                                    <\/div>\n    <\/div>\n\t\n<h2>Haben Sie Fragen? <a href=\"https:\/\/pistonaddict.com\/de\/kontaktiere-uns\/\">Kontaktieren Sie uns<\/a>.<\/h2>\t\t\t\t\t\t<\/div>\n\t\t\t\t<\/div>\n\t\t\t\t\t<\/div>\n\t\t<\/div>\n\t\t\t\t\t<\/div>\n\t\t<\/section>\n\t\t\t\t<section class=\"elementor-section elementor-top-section elementor-element elementor-element-38f2e81 elementor-section-content-middle story elementor-section-boxed elementor-section-height-default elementor-section-height-default\" data-id=\"38f2e81\" data-element_type=\"section\" data-settings=\"{&quot;background_background&quot;:&quot;gradient&quot;}\">\n\t\t\t\t\t\t<div class=\"elementor-container elementor-column-gap-default\">\n\t\t\t\t\t<div class=\"elementor-column elementor-col-100 elementor-top-column elementor-element elementor-element-71b8e7e\" data-id=\"71b8e7e\" data-element_type=\"column\">\n\t\t\t<div class=\"elementor-widget-wrap elementor-element-populated\">\n\t\t\t\t\t\t<div class=\"elementor-element elementor-element-205cd4d elementor-widget elementor-widget-text-editor\" data-id=\"205cd4d\" data-element_type=\"widget\" data-widget_type=\"text-editor.default\">\n\t\t\t\t<div class=\"elementor-widget-container\">\n\t\t\t\t\t\t\t\n          <h3>Zeugnis<\/h3>\n          <p>Wir freuen uns, wenn K\u00e4ufer und Verk\u00e4ufer uns von den guten Erfahrungen berichten, die sie auf unserer Website gemacht haben.<\/p>\n          <p>Schicken Sie uns Ihre Kauf- oder Verkaufsgeschichte mit ein paar coolen Fotos, und wir werden Ihren Erfahrungsbericht ver\u00f6ffentlichen.<\/p>\n          <p>\n            <a href=\"mailto:contact@pistonaddict.com\">Ihr Zeugnis einreichen<\/a>\n          <\/p>\n        \t\t\t\t\t\t<\/div>\n\t\t\t\t<\/div>\n\t\t\t\t\t<\/div>\n\t\t<\/div>\n\t\t\t\t\t<\/div>\n\t\t<\/section>\n\t\t\t\t<\/div>\n\t\t","protected":false},"excerpt":{"rendered":"<p>\u00dcber Piston Addict Unsere Geschichte Piston Addict ist eine Online-Auktionsplattform, die sich auf au\u00dfergew\u00f6hnliche Fahrzeuge spezialisiert hat. Als Autoliebhaber von Kindesbeinen an war es uns wichtig, den Kauf und Verkauf von Autos und Motorr\u00e4dern zug\u00e4nglicher zu machen, damit Sie ein Fahrzeug verkaufen oder kaufen k\u00f6nnen, wo immer Sie sich befinden. Piston Addict wurde mit dem &#8230; <a title=\"\u00dcber uns\" class=\"read-more\" href=\"https:\/\/pistonaddict.com\/de\/ueber-uns\/\">Mehr lesen<span class=\"screen-reader-text\">\u00dcber uns<\/span><\/a><\/p>\n","protected":false},"author":1,"featured_media":0,"parent":0,"menu_order":0,"comment_status":"closed","ping_status":"closed","template":"","meta":{"inline_featured_image":false,"footnotes":""},"acf":[],"yoast_head":"<!-- This site is optimized with the Yoast SEO plugin v22.5 - https:\/\/yoast.com\/wordpress\/plugins\/seo\/ -->\n<title>\u00dcber uns - Piston Addict<\/title>\n<meta name=\"robots\" content=\"index, follow, max-snippet:-1, max-image-preview:large, max-video-preview:-1\" \/>\n<link rel=\"canonical\" href=\"https:\/\/pistonaddict.com\/de\/ueber-uns\/\" \/>\n<meta property=\"og:locale\" content=\"de_DE\" \/>\n<meta property=\"og:type\" content=\"article\" \/>\n<meta property=\"og:title\" content=\"\u00dcber uns - Piston Addict\" \/>\n<meta property=\"og:description\" content=\"\u00dcber Piston Addict Unsere Geschichte Piston Addict ist eine Online-Auktionsplattform, die sich auf au\u00dfergew\u00f6hnliche Fahrzeuge spezialisiert hat. Als Autoliebhaber von Kindesbeinen an war es uns wichtig, den Kauf und Verkauf von Autos und Motorr\u00e4dern zug\u00e4nglicher zu machen, damit Sie ein Fahrzeug verkaufen oder kaufen k\u00f6nnen, wo immer Sie sich befinden. Piston Addict wurde mit dem ... Mehr lesen\u00dcber uns\" \/>\n<meta property=\"og:url\" content=\"https:\/\/pistonaddict.com\/de\/ueber-uns\/\" \/>\n<meta property=\"og:site_name\" content=\"Piston Addict\" \/>\n<meta property=\"article:modified_time\" content=\"2023-11-14T16:54:53+00:00\" \/>\n<meta name=\"twitter:card\" content=\"summary_large_image\" \/>\n<meta name=\"twitter:label1\" content=\"Gesch\u00e4tzte Lesezeit\" \/>\n\t<meta name=\"twitter:data1\" content=\"2\u00a0Minuten\" \/>\n<script type=\"application\/ld+json\" class=\"yoast-schema-graph\">{\"@context\":\"https:\/\/schema.org\",\"@graph\":[{\"@type\":\"WebPage\",\"@id\":\"https:\/\/pistonaddict.com\/de\/ueber-uns\/\",\"url\":\"https:\/\/pistonaddict.com\/de\/ueber-uns\/\",\"name\":\"\u00dcber uns - Piston Addict\",\"isPartOf\":{\"@id\":\"https:\/\/pistonaddict.com\/de\/#website\"},\"datePublished\":\"2022-04-20T11:00:00+00:00\",\"dateModified\":\"2023-11-14T16:54:53+00:00\",\"breadcrumb\":{\"@id\":\"https:\/\/pistonaddict.com\/de\/ueber-uns\/#breadcrumb\"},\"inLanguage\":\"de\",\"potentialAction\":[{\"@type\":\"ReadAction\",\"target\":[\"https:\/\/pistonaddict.com\/de\/ueber-uns\/\"]}]},{\"@type\":\"BreadcrumbList\",\"@id\":\"https:\/\/pistonaddict.com\/de\/ueber-uns\/#breadcrumb\",\"itemListElement\":[{\"@type\":\"ListItem\",\"position\":1,\"name\":\"Startseite\",\"item\":\"https:\/\/pistonaddict.com\/de\/homepage\/\"},{\"@type\":\"ListItem\",\"position\":2,\"name\":\"\u00dcber uns\"}]},{\"@type\":\"WebSite\",\"@id\":\"https:\/\/pistonaddict.com\/de\/#website\",\"url\":\"https:\/\/pistonaddict.com\/de\/\",\"name\":\"Piston Addict\",\"description\":\"Only interesting vehicles\",\"publisher\":{\"@id\":\"https:\/\/pistonaddict.com\/de\/#organization\"},\"potentialAction\":[{\"@type\":\"SearchAction\",\"target\":{\"@type\":\"EntryPoint\",\"urlTemplate\":\"https:\/\/pistonaddict.com\/de\/?s={search_term_string}\"},\"query-input\":\"required name=search_term_string\"}],\"inLanguage\":\"de\"},{\"@type\":\"Organization\",\"@id\":\"https:\/\/pistonaddict.com\/de\/#organization\",\"name\":\"Piston Addict\",\"url\":\"https:\/\/pistonaddict.com\/de\/\",\"logo\":{\"@type\":\"ImageObject\",\"inLanguage\":\"de\",\"@id\":\"https:\/\/pistonaddict.com\/de\/#\/schema\/logo\/image\/\",\"url\":\"https:\/\/pistonaddict.com\/wp-content\/uploads\/2022\/07\/logo-6.png\",\"contentUrl\":\"https:\/\/pistonaddict.com\/wp-content\/uploads\/2022\/07\/logo-6.png\",\"width\":970,\"height\":200,\"caption\":\"Piston Addict\"},\"image\":{\"@id\":\"https:\/\/pistonaddict.com\/de\/#\/schema\/logo\/image\/\"}}]}<\/script>\n<!-- \/ Yoast SEO plugin. -->","yoast_head_json":{"title":"\u00dcber uns - Piston Addict","robots":{"index":"index","follow":"follow","max-snippet":"max-snippet:-1","max-image-preview":"max-image-preview:large","max-video-preview":"max-video-preview:-1"},"canonical":"https:\/\/pistonaddict.com\/de\/ueber-uns\/","og_locale":"de_DE","og_type":"article","og_title":"\u00dcber uns - Piston Addict","og_description":"\u00dcber Piston Addict Unsere Geschichte Piston Addict ist eine Online-Auktionsplattform, die sich auf au\u00dfergew\u00f6hnliche Fahrzeuge spezialisiert hat. Als Autoliebhaber von Kindesbeinen an war es uns wichtig, den Kauf und Verkauf von Autos und Motorr\u00e4dern zug\u00e4nglicher zu machen, damit Sie ein Fahrzeug verkaufen oder kaufen k\u00f6nnen, wo immer Sie sich befinden. Piston Addict wurde mit dem ... Mehr lesen\u00dcber uns","og_url":"https:\/\/pistonaddict.com\/de\/ueber-uns\/","og_site_name":"Piston Addict","article_modified_time":"2023-11-14T16:54:53+00:00","twitter_card":"summary_large_image","twitter_misc":{"Gesch\u00e4tzte Lesezeit":"2\u00a0Minuten"},"schema":{"@context":"https:\/\/schema.org","@graph":[{"@type":"WebPage","@id":"https:\/\/pistonaddict.com\/de\/ueber-uns\/","url":"https:\/\/pistonaddict.com\/de\/ueber-uns\/","name":"\u00dcber uns - Piston Addict","isPartOf":{"@id":"https:\/\/pistonaddict.com\/de\/#website"},"datePublished":"2022-04-20T11:00:00+00:00","dateModified":"2023-11-14T16:54:53+00:00","breadcrumb":{"@id":"https:\/\/pistonaddict.com\/de\/ueber-uns\/#breadcrumb"},"inLanguage":"de","potentialAction":[{"@type":"ReadAction","target":["https:\/\/pistonaddict.com\/de\/ueber-uns\/"]}]},{"@type":"BreadcrumbList","@id":"https:\/\/pistonaddict.com\/de\/ueber-uns\/#breadcrumb","itemListElement":[{"@type":"ListItem","position":1,"name":"Startseite","item":"https:\/\/pistonaddict.com\/de\/homepage\/"},{"@type":"ListItem","position":2,"name":"\u00dcber uns"}]},{"@type":"WebSite","@id":"https:\/\/pistonaddict.com\/de\/#website","url":"https:\/\/pistonaddict.com\/de\/","name":"Piston Addict","description":"Only interesting vehicles","publisher":{"@id":"https:\/\/pistonaddict.com\/de\/#organization"},"potentialAction":[{"@type":"SearchAction","target":{"@type":"EntryPoint","urlTemplate":"https:\/\/pistonaddict.com\/de\/?s={search_term_string}"},"query-input":"required name=search_term_string"}],"inLanguage":"de"},{"@type":"Organization","@id":"https:\/\/pistonaddict.com\/de\/#organization","name":"Piston Addict","url":"https:\/\/pistonaddict.com\/de\/","logo":{"@type":"ImageObject","inLanguage":"de","@id":"https:\/\/pistonaddict.com\/de\/#\/schema\/logo\/image\/","url":"https:\/\/pistonaddict.com\/wp-content\/uploads\/2022\/07\/logo-6.png","contentUrl":"https:\/\/pistonaddict.com\/wp-content\/uploads\/2022\/07\/logo-6.png","width":970,"height":200,"caption":"Piston Addict"},"image":{"@id":"https:\/\/pistonaddict.com\/de\/#\/schema\/logo\/image\/"}}]}},"_links":{"self":[{"href":"https:\/\/pistonaddict.com\/de\/wp-json\/wp\/v2\/pages\/18975"}],"collection":[{"href":"https:\/\/pistonaddict.com\/de\/wp-json\/wp\/v2\/pages"}],"about":[{"href":"https:\/\/pistonaddict.com\/de\/wp-json\/wp\/v2\/types\/page"}],"author":[{"embeddable":true,"href":"https:\/\/pistonaddict.com\/de\/wp-json\/wp\/v2\/users\/1"}],"replies":[{"embeddable":true,"href":"https:\/\/pistonaddict.com\/de\/wp-json\/wp\/v2\/comments?post=18975"}],"version-history":[{"count":15,"href":"https:\/\/pistonaddict.com\/de\/wp-json\/wp\/v2\/pages\/18975\/revisions"}],"predecessor-version":[{"id":70333,"href":"https:\/\/pistonaddict.com\/de\/wp-json\/wp\/v2\/pages\/18975\/revisions\/70333"}],"wp:attachment":[{"href":"https:\/\/pistonaddict.com\/de\/wp-json\/wp\/v2\/media?parent=18975"}],"curies":[{"name":"wp","href":"https:\/\/api.w.org\/{rel}","templated":true}]}}