{"id":98262,"date":"2024-03-20T15:15:43","date_gmt":"2024-03-20T14:15:43","guid":{"rendered":"https:\/\/pistonaddict.com\/product\/porsche-997-targa\/"},"modified":"2024-03-20T15:23:54","modified_gmt":"2024-03-20T14:23:54","slug":"porsche-997-targa","status":"publish","type":"product","link":"https:\/\/pistonaddict.com\/da\/product\/porsche-997-targa\/","title":{"rendered":"Porsche 997 Targa 4S"},"content":{"rendered":"<p><strong>Bilens historie<\/strong><\/p>\n<p>Den sjette generation af den ikoniske Porsche 911 havde premiere i 2004 og var internt kendt som 997. Dens forg\u00e6nger, 996, er stadig en af de mest kontroversielle 911-modeller, der nogensinde er produceret, is\u00e6r p\u00e5 grund af dens design og introduktionen af de vandk\u00f8lede motorer. Men 997 blev universelt rost for sine rene linjer og forbedringer i teknologi og kraft. Selv om 997 har nogle mekaniske ligheder og samme platform som 996, var den en langt bedre og mere kompetent bil, for ikke at glemme mere moderne og smuk. Det er ingen overraskelse, at salgstallene viste, at 997 var en salgssucces med over 212.000 eksemplarer fremstillet p\u00e5 9 \u00e5r. Men netop dette eksemplar er ret sj\u00e6ldent, ikke kun fordi det er en tidligere 997.1-model, men ogs\u00e5 p\u00e5 grund af den sj\u00e6ldne Targa-karrosseristil. I 2008 blev der kun leveret 1426 eksemplarer af Targa 4S, og meget f\u00e5 havde en 6-trins manuel gearkasse. I alt blev der kun produceret omkring 8.400 Targa 4S i 997-generationen. Den 3,8-liters flat-six med naturlig indsugning leverede 350 hk til alle fire hjul, hvilket resulterede i imponerende acceleration og fantastisk vejgreb under alle forhold. Kombinationen af den st\u00e6rke ydeevne med glastagets luftige fornemmelse og den manuelle gearkasses mekaniske fornemmelse g\u00f8r dette eksemplar utroligt interessant for enhver \u00e6gte samler.<\/p>\n<p><strong>Interi\u00f8r<\/strong><\/p>\n<p>Porsche Targa 4S interi\u00f8r fra 2008 er udf\u00f8rt i sort l\u00e6der med sj\u00e6ldent og valgfrit l\u00e6derinstrumentbr\u00e6t og er i perfekt stand uden skader og f\u00e5 tegn p\u00e5 slid. Dette eksemplar har en masse eftertragtet ekstraudstyr som fartpilot, premium-lydsystem, elektrisk betjente og opvarmede sportss\u00e6der i l\u00e6der, multifunktionsrat, navigationssystem og s\u00e5 videre. Alt fungerer, som det skal, sammen med glastaget, og der er ingen \u00e6ndringer. Sammenlignet med andre 911&#8217;ere fra den periode er Targa ganske unik, da den giver cabrioletens friluftsf\u00f8lelse, men med coup\u00e9ens komfort og hel\u00e5rsbrugbarhed.<\/p>\n<p><strong>Bilens tilstand<\/strong><\/p>\n<p>Med lidt over 110.000 kilometer fra ny og to omhyggelige ejere er denne Porsche 911 Targa 4S i imponerende stand og bliver omhyggeligt vedligeholdt. Optegnelserne viser, at det sidste st\u00f8rre service blev udf\u00f8rt i slutningen af 2022, og bremserne blev efterset for blot et par dage siden, i marts 2024. Alle vedligeholdelsesrapporter er tilg\u00e6ngelige og viser, hvor omhyggeligt bilen er blevet passet. Denne bil blev leveret i Belgien.<\/p>\n<p><strong>Eksteri\u00f8r og hjul<\/strong><\/p>\n<p>Dette eksemplar blev professionelt omlakeret i sin originale m\u00f8rkegr\u00e5 farve, som ser perfekt ud og passer til de originale hjul og det sorte interi\u00f8r. Som n\u00e6vnt i CarVertical er den eneste detalje, der er v\u00e6rd at n\u00e6vne, en lille skade p\u00e5 den bageste kofanger, som blev repareret, som du kan se p\u00e5 billederne. Bridgestone-d\u00e6kkene, som har de korrekte specifikationer, er fra 2018 og er kun let slidte.<\/p>\n<p><strong>Dokumentation<\/strong><\/p>\n<p>Forhandleren s\u00e6lger denne bil med passende dokumentation og er beliggende i Belgien. <a href=\"https:\/\/pistonaddict.com\/wp-content\/uploads\/2024\/03\/CarVertical-Porsche.pdf\">CarVertical-rapporten<\/a> er ren, ejerskab eller juridiske problemer. Der er optegnelser over regelm\u00e6ssig vedligeholdelse og kvitteringer.<\/p>\n","protected":false},"excerpt":{"rendered":"<p>Som en perfekt balance mellem en klassisk 911-fornemmelse, kompakte dimensioner, kommunikativt chassis og moderne teknologi og funktioner er 997-generationen blevet stadig mere popul\u00e6r blandt 911-entusiaster. Det betyder, at dette er den n\u00e6ste store ting i 911-verdenen med stigende priser. Antag, at du \u00f8nsker at hoppe med p\u00e5 997-vognen. I s\u00e5 fald er der intet bedre end en meget eftertragtet bil i en sj\u00e6lden karrosseritype med en eftertragtet manuel gearkasse, der er klar til at blive nydt i fulde drag.<\/p>\n","protected":false},"featured_media":97669,"comment_status":"open","ping_status":"closed","template":"","meta":{"inline_featured_image":false},"product_cat":[701],"product_tag":[3918,3920,1003,2299,3916],"acf":[],"yoast_head":"<!-- This site is optimized with the Yoast SEO plugin v22.5 - https:\/\/yoast.com\/wordpress\/plugins\/seo\/ -->\n<title>Porsche 997 Targa 4S - Piston Addict<\/title>\n<meta name=\"robots\" content=\"index, follow, max-snippet:-1, max-image-preview:large, max-video-preview:-1\" \/>\n<link rel=\"canonical\" href=\"https:\/\/pistonaddict.com\/da\/product\/porsche-997-targa\/\" \/>\n<meta property=\"og:locale\" content=\"da_DK\" \/>\n<meta property=\"og:type\" content=\"article\" \/>\n<meta property=\"og:title\" content=\"Porsche 997 Targa 4S - Piston Addict\" \/>\n<meta property=\"og:description\" content=\"Som en perfekt balance mellem en klassisk 911-fornemmelse, kompakte dimensioner, kommunikativt chassis og moderne teknologi og funktioner er 997-generationen blevet stadig mere popul\u00e6r blandt 911-entusiaster. Det betyder, at dette er den n\u00e6ste store ting i 911-verdenen med stigende priser. Antag, at du \u00f8nsker at hoppe med p\u00e5 997-vognen. I s\u00e5 fald er der intet bedre end en meget eftertragtet bil i en sj\u00e6lden karrosseritype med en eftertragtet manuel gearkasse, der er klar til at blive nydt i fulde drag.\" \/>\n<meta property=\"og:url\" content=\"https:\/\/pistonaddict.com\/da\/product\/porsche-997-targa\/\" \/>\n<meta property=\"og:site_name\" content=\"Piston Addict\" \/>\n<meta property=\"article:modified_time\" content=\"2024-03-20T14:23:54+00:00\" \/>\n<meta property=\"og:image\" content=\"https:\/\/pistonaddict.com\/wp-content\/uploads\/2024\/03\/1-1-1024x611.png\" \/>\n\t<meta property=\"og:image:width\" content=\"1024\" \/>\n\t<meta property=\"og:image:height\" content=\"611\" \/>\n\t<meta property=\"og:image:type\" content=\"image\/png\" \/>\n<meta name=\"twitter:card\" content=\"summary_large_image\" \/>\n<meta name=\"twitter:label1\" content=\"Estimeret l\u00e6setid\" \/>\n\t<meta name=\"twitter:data1\" content=\"2 minutter\" \/>\n<script type=\"application\/ld+json\" class=\"yoast-schema-graph\">{\"@context\":\"https:\/\/schema.org\",\"@graph\":[{\"@type\":\"WebPage\",\"@id\":\"https:\/\/pistonaddict.com\/da\/product\/porsche-997-targa\/\",\"url\":\"https:\/\/pistonaddict.com\/da\/product\/porsche-997-targa\/\",\"name\":\"Porsche 997 Targa 4S - Piston Addict\",\"isPartOf\":{\"@id\":\"https:\/\/pistonaddict.com\/da\/#website\"},\"primaryImageOfPage\":{\"@id\":\"https:\/\/pistonaddict.com\/da\/product\/porsche-997-targa\/#primaryimage\"},\"image\":{\"@id\":\"https:\/\/pistonaddict.com\/da\/product\/porsche-997-targa\/#primaryimage\"},\"thumbnailUrl\":\"https:\/\/pistonaddict.com\/wp-content\/uploads\/2024\/03\/1-1.png\",\"datePublished\":\"2024-03-20T14:15:43+00:00\",\"dateModified\":\"2024-03-20T14:23:54+00:00\",\"breadcrumb\":{\"@id\":\"https:\/\/pistonaddict.com\/da\/product\/porsche-997-targa\/#breadcrumb\"},\"inLanguage\":\"da-DK\",\"potentialAction\":[{\"@type\":\"ReadAction\",\"target\":[\"https:\/\/pistonaddict.com\/da\/product\/porsche-997-targa\/\"]}]},{\"@type\":\"ImageObject\",\"inLanguage\":\"da-DK\",\"@id\":\"https:\/\/pistonaddict.com\/da\/product\/porsche-997-targa\/#primaryimage\",\"url\":\"https:\/\/pistonaddict.com\/wp-content\/uploads\/2024\/03\/1-1.png\",\"contentUrl\":\"https:\/\/pistonaddict.com\/wp-content\/uploads\/2024\/03\/1-1.png\",\"width\":2778,\"height\":1657},{\"@type\":\"BreadcrumbList\",\"@id\":\"https:\/\/pistonaddict.com\/da\/product\/porsche-997-targa\/#breadcrumb\",\"itemListElement\":[{\"@type\":\"ListItem\",\"position\":1,\"name\":\"Hjemmeside\",\"item\":\"https:\/\/pistonaddict.com\/da\/hjemmeside-2\/\"},{\"@type\":\"ListItem\",\"position\":2,\"name\":\"Auctions\",\"item\":\"https:\/\/pistonaddict.com\/auctions-listing\/\"},{\"@type\":\"ListItem\",\"position\":3,\"name\":\"Porsche 997 Targa 4S\"}]},{\"@type\":\"WebSite\",\"@id\":\"https:\/\/pistonaddict.com\/da\/#website\",\"url\":\"https:\/\/pistonaddict.com\/da\/\",\"name\":\"Piston Addict\",\"description\":\"Only interesting vehicles\",\"publisher\":{\"@id\":\"https:\/\/pistonaddict.com\/da\/#organization\"},\"potentialAction\":[{\"@type\":\"SearchAction\",\"target\":{\"@type\":\"EntryPoint\",\"urlTemplate\":\"https:\/\/pistonaddict.com\/da\/?s={search_term_string}\"},\"query-input\":\"required name=search_term_string\"}],\"inLanguage\":\"da-DK\"},{\"@type\":\"Organization\",\"@id\":\"https:\/\/pistonaddict.com\/da\/#organization\",\"name\":\"Piston Addict\",\"url\":\"https:\/\/pistonaddict.com\/da\/\",\"logo\":{\"@type\":\"ImageObject\",\"inLanguage\":\"da-DK\",\"@id\":\"https:\/\/pistonaddict.com\/da\/#\/schema\/logo\/image\/\",\"url\":\"https:\/\/pistonaddict.com\/wp-content\/uploads\/2022\/07\/logo-6.png\",\"contentUrl\":\"https:\/\/pistonaddict.com\/wp-content\/uploads\/2022\/07\/logo-6.png\",\"width\":970,\"height\":200,\"caption\":\"Piston Addict\"},\"image\":{\"@id\":\"https:\/\/pistonaddict.com\/da\/#\/schema\/logo\/image\/\"}}]}<\/script>\n<!-- \/ Yoast SEO plugin. -->","yoast_head_json":{"title":"Porsche 997 Targa 4S - Piston Addict","robots":{"index":"index","follow":"follow","max-snippet":"max-snippet:-1","max-image-preview":"max-image-preview:large","max-video-preview":"max-video-preview:-1"},"canonical":"https:\/\/pistonaddict.com\/da\/product\/porsche-997-targa\/","og_locale":"da_DK","og_type":"article","og_title":"Porsche 997 Targa 4S - Piston Addict","og_description":"Som en perfekt balance mellem en klassisk 911-fornemmelse, kompakte dimensioner, kommunikativt chassis og moderne teknologi og funktioner er 997-generationen blevet stadig mere popul\u00e6r blandt 911-entusiaster. Det betyder, at dette er den n\u00e6ste store ting i 911-verdenen med stigende priser. Antag, at du \u00f8nsker at hoppe med p\u00e5 997-vognen. I s\u00e5 fald er der intet bedre end en meget eftertragtet bil i en sj\u00e6lden karrosseritype med en eftertragtet manuel gearkasse, der er klar til at blive nydt i fulde drag.","og_url":"https:\/\/pistonaddict.com\/da\/product\/porsche-997-targa\/","og_site_name":"Piston Addict","article_modified_time":"2024-03-20T14:23:54+00:00","og_image":[{"width":1024,"height":611,"url":"https:\/\/pistonaddict.com\/wp-content\/uploads\/2024\/03\/1-1-1024x611.png","type":"image\/png"}],"twitter_card":"summary_large_image","twitter_misc":{"Estimeret l\u00e6setid":"2 minutter"},"schema":{"@context":"https:\/\/schema.org","@graph":[{"@type":"WebPage","@id":"https:\/\/pistonaddict.com\/da\/product\/porsche-997-targa\/","url":"https:\/\/pistonaddict.com\/da\/product\/porsche-997-targa\/","name":"Porsche 997 Targa 4S - Piston Addict","isPartOf":{"@id":"https:\/\/pistonaddict.com\/da\/#website"},"primaryImageOfPage":{"@id":"https:\/\/pistonaddict.com\/da\/product\/porsche-997-targa\/#primaryimage"},"image":{"@id":"https:\/\/pistonaddict.com\/da\/product\/porsche-997-targa\/#primaryimage"},"thumbnailUrl":"https:\/\/pistonaddict.com\/wp-content\/uploads\/2024\/03\/1-1.png","datePublished":"2024-03-20T14:15:43+00:00","dateModified":"2024-03-20T14:23:54+00:00","breadcrumb":{"@id":"https:\/\/pistonaddict.com\/da\/product\/porsche-997-targa\/#breadcrumb"},"inLanguage":"da-DK","potentialAction":[{"@type":"ReadAction","target":["https:\/\/pistonaddict.com\/da\/product\/porsche-997-targa\/"]}]},{"@type":"ImageObject","inLanguage":"da-DK","@id":"https:\/\/pistonaddict.com\/da\/product\/porsche-997-targa\/#primaryimage","url":"https:\/\/pistonaddict.com\/wp-content\/uploads\/2024\/03\/1-1.png","contentUrl":"https:\/\/pistonaddict.com\/wp-content\/uploads\/2024\/03\/1-1.png","width":2778,"height":1657},{"@type":"BreadcrumbList","@id":"https:\/\/pistonaddict.com\/da\/product\/porsche-997-targa\/#breadcrumb","itemListElement":[{"@type":"ListItem","position":1,"name":"Hjemmeside","item":"https:\/\/pistonaddict.com\/da\/hjemmeside-2\/"},{"@type":"ListItem","position":2,"name":"Auctions","item":"https:\/\/pistonaddict.com\/auctions-listing\/"},{"@type":"ListItem","position":3,"name":"Porsche 997 Targa 4S"}]},{"@type":"WebSite","@id":"https:\/\/pistonaddict.com\/da\/#website","url":"https:\/\/pistonaddict.com\/da\/","name":"Piston Addict","description":"Only interesting vehicles","publisher":{"@id":"https:\/\/pistonaddict.com\/da\/#organization"},"potentialAction":[{"@type":"SearchAction","target":{"@type":"EntryPoint","urlTemplate":"https:\/\/pistonaddict.com\/da\/?s={search_term_string}"},"query-input":"required name=search_term_string"}],"inLanguage":"da-DK"},{"@type":"Organization","@id":"https:\/\/pistonaddict.com\/da\/#organization","name":"Piston Addict","url":"https:\/\/pistonaddict.com\/da\/","logo":{"@type":"ImageObject","inLanguage":"da-DK","@id":"https:\/\/pistonaddict.com\/da\/#\/schema\/logo\/image\/","url":"https:\/\/pistonaddict.com\/wp-content\/uploads\/2022\/07\/logo-6.png","contentUrl":"https:\/\/pistonaddict.com\/wp-content\/uploads\/2022\/07\/logo-6.png","width":970,"height":200,"caption":"Piston Addict"},"image":{"@id":"https:\/\/pistonaddict.com\/da\/#\/schema\/logo\/image\/"}}]}},"_links":{"self":[{"href":"https:\/\/pistonaddict.com\/da\/wp-json\/wp\/v2\/product\/98262"}],"collection":[{"href":"https:\/\/pistonaddict.com\/da\/wp-json\/wp\/v2\/product"}],"about":[{"href":"https:\/\/pistonaddict.com\/da\/wp-json\/wp\/v2\/types\/product"}],"replies":[{"embeddable":true,"href":"https:\/\/pistonaddict.com\/da\/wp-json\/wp\/v2\/comments?post=98262"}],"wp:featuredmedia":[{"embeddable":true,"href":"https:\/\/pistonaddict.com\/da\/wp-json\/wp\/v2\/media\/97669"}],"wp:attachment":[{"href":"https:\/\/pistonaddict.com\/da\/wp-json\/wp\/v2\/media?parent=98262"}],"wp:term":[{"taxonomy":"product_cat","embeddable":true,"href":"https:\/\/pistonaddict.com\/da\/wp-json\/wp\/v2\/product_cat?post=98262"},{"taxonomy":"product_tag","embeddable":true,"href":"https:\/\/pistonaddict.com\/da\/wp-json\/wp\/v2\/product_tag?post=98262"}],"curies":[{"name":"wp","href":"https:\/\/api.w.org\/{rel}","templated":true}]}}