{"id":97438,"date":"2024-03-15T18:51:57","date_gmt":"2024-03-15T17:51:57","guid":{"rendered":"https:\/\/pistonaddict.com\/product\/bmw-m4-konkurrence\/"},"modified":"2024-03-20T14:16:32","modified_gmt":"2024-03-20T13:16:32","slug":"bmw-m4-konkurrence","status":"publish","type":"product","link":"https:\/\/pistonaddict.com\/da\/product\/bmw-m4-konkurrence\/","title":{"rendered":"BMW M4 Konkurrence"},"content":{"rendered":"<h2>Udvendig<\/h2>\n<p>Lad os starte med bilens farve &#8211; at kalde den brun ville v\u00e6re uretf\u00e6rdigt, i hvert fald at sige. BMW kaldte den Sepang Bronze, og for at v\u00e6rds\u00e6tte den fuldt ud, skal man se bilen i solskin. Men M4&#8217;s mest i\u00f8jnefaldende tr\u00e6k er dens foldetag af kulfiber, som g\u00f8r den b\u00e5de let og robust. Takket v\u00e6re den kan denne BMW forvandles fra en coup\u00e9lignende sportsvogn til en elegant bycruiser med et tryk p\u00e5 en knap.<\/p>\n<p>Andre bem\u00e6rkelsesv\u00e6rdige detaljer er Xenon-forlygter foran, 19-tommer f\u00e6lge med Michelin Pilot Sport-d\u00e6k p\u00e5 siden og dobbelte udst\u00f8dninger bagp\u00e5. Og som enhver anden M4 har denne bil aggressive kofangere, ventilations\u00e5bninger i sk\u00e6rmene og en motorhjelm med en bule i midten.<\/p>\n<h2>Interi\u00f8r<\/h2>\n<p>Indvendigt er det f\u00f8rste, der fanger opm\u00e6rksomheden, s\u00e6derne, som er betrukket med bl\u00f8dt brunt l\u00e6der med hvide syninger. Men ud over at v\u00e6re sporty og st\u00f8ttende, som deres udseende m\u00e5ske antyder, er de ogs\u00e5 meget komfortable. N\u00e5r du har sat dig til rette, finder du dig selv bag BMW&#8217;ens karakteristiske rat med tre eger og et instrumentbr\u00e6t med et enkelt m\u00e5lerarrangement. Det omfatter et speedometer, der slutter ved 330 km\/t, en omdrejningst\u00e6ller, der g\u00e5r op til 8000 RPM, og m\u00e5lere til br\u00e6ndstofniveau og motortemperatur. Og hvis du ikke har lyst til at kigge ned under h\u00e5rde sving, er der et Head-Up-display, der viser alle de vigtige oplysninger p\u00e5 forruden.<\/p>\n<h2>Mekanik<\/h2>\n<p>Bortset fra det fantastiske udseende skal enhver BMW v\u00e6re en ultimativ k\u00f8remaskine. Og denne M4 har flere esser i \u00e6rmet, der hj\u00e6lper den med at leve op til disse forventninger. Til at begynde med er der en spektakul\u00e6r r\u00e6kkesekser-motor med dobbelt turboladning under motorhjelmen, som udvikler betryggende 450 hestekr\u00e6fter. Kr\u00e6fterne overf\u00f8res til baghjulene via en 7-trins dobbeltkoblingsgearkasse og et elektronisk styret sp\u00e6rredifferentiale.<\/p>\n<p>Med al den kraft og teknologi kan M4 nemt n\u00e5 100 km\/t p\u00e5 cirka 4 sekunder og k\u00f8re op til 250 km\/t. Og den ville sandsynligvis k\u00f8re meget hurtigere, hvis det ikke var for den elektroniske begr\u00e6nser. Endelig er bilen udstyret med forst\u00e6rket affjedring og enorme bremser for at hj\u00e6lpe med at holde alt under kontrol ved h\u00f8j fart.<\/p>\n<h2>K\u00f8ret\u00f8jets historie<\/h2>\n<p>Vi afslutter med et par ord om BMW M4&#8217;s nuv\u00e6rende tilstand, som s\u00e6lgeren beskriver som pletfri. Og at d\u00f8mme ud fra billederne og den medf\u00f8lgende video er den det helt sikkert, uden synlige skader at rapportere. Bilen blev regelm\u00e6ssigt serviceret og inspiceret af en autoriseret BMW-forhandler, hvor det sidste service blev udf\u00f8rt i juni 2022.<\/p>\n<p>S\u00e6lgeren siger, at bilen, som i \u00f8jeblikket befinder sig i Belgien, ikke er blevet brugt p\u00e5 bane eller har v\u00e6ret involveret i ulykker, og en matchende <a href=\"https:\/\/pistonaddict.com\/wp-content\/uploads\/2024\/03\/CarVerticalBMWM4.pdf\">CarVertical Vehicle History Report<\/a> bekr\u00e6fter dette.<\/p>\n<p><strong>Se koldstartsvideoen af denne fantastiske<\/strong> <strong>BMW M4 Competition<\/strong>:<\/p>\n<p><iframe title=\"Cold Start Video of the BMW M4 Competition\" width=\"1200\" height=\"675\" src=\"https:\/\/www.youtube.com\/embed\/-weepN3iz9c?feature=oembed\" frameborder=\"0\" allow=\"accelerometer; autoplay; clipboard-write; encrypted-media; gyroscope; picture-in-picture; web-share\" allowfullscreen><\/iframe><\/p>\n","protected":false},"excerpt":{"rendered":"<p>Hvis du leder efter noget, der kan k\u00f8re rundt p\u00e5 banen i rekordtempo, s\u00e5 har du brug for en sportsvogn. Hvis du derimod foretr\u00e6kker en komfortabel tur ned ad gaden p\u00e5 en solskinsdag, er en elegant cabriolet den bedste l\u00f8sning. Men hvis du vil have noget, der kan begge dele, s\u00e5 vil du helt sikkert synes om denne BMW M4 Competition, som vi har p\u00e5 auktion. Den er i perfekt stand, har \u00e9n tidligere ejer og har 74.000 km p\u00e5 uret.<\/p>\n","protected":false},"featured_media":96738,"comment_status":"open","ping_status":"closed","template":"","meta":{"inline_featured_image":false},"product_cat":[701],"product_tag":[3146,3098,903,3093],"acf":[],"yoast_head":"<!-- This site is optimized with the Yoast SEO plugin v22.5 - https:\/\/yoast.com\/wordpress\/plugins\/seo\/ -->\n<title>BMW M4 Konkurrence - Piston Addict<\/title>\n<meta name=\"robots\" content=\"index, follow, max-snippet:-1, max-image-preview:large, max-video-preview:-1\" \/>\n<link rel=\"canonical\" href=\"https:\/\/pistonaddict.com\/da\/product\/bmw-m4-konkurrence\/\" \/>\n<meta property=\"og:locale\" content=\"da_DK\" \/>\n<meta property=\"og:type\" content=\"article\" \/>\n<meta property=\"og:title\" content=\"BMW M4 Konkurrence - Piston Addict\" \/>\n<meta property=\"og:description\" content=\"Hvis du leder efter noget, der kan k\u00f8re rundt p\u00e5 banen i rekordtempo, s\u00e5 har du brug for en sportsvogn. Hvis du derimod foretr\u00e6kker en komfortabel tur ned ad gaden p\u00e5 en solskinsdag, er en elegant cabriolet den bedste l\u00f8sning. Men hvis du vil have noget, der kan begge dele, s\u00e5 vil du helt sikkert synes om denne BMW M4 Competition, som vi har p\u00e5 auktion. Den er i perfekt stand, har \u00e9n tidligere ejer og har 74.000 km p\u00e5 uret.\" \/>\n<meta property=\"og:url\" content=\"https:\/\/pistonaddict.com\/da\/product\/bmw-m4-konkurrence\/\" \/>\n<meta property=\"og:site_name\" content=\"Piston Addict\" \/>\n<meta property=\"article:modified_time\" content=\"2024-03-20T13:16:32+00:00\" \/>\n<meta property=\"og:image\" content=\"https:\/\/pistonaddict.com\/wp-content\/uploads\/2024\/03\/1-1024x612.png\" \/>\n\t<meta property=\"og:image:width\" content=\"1024\" \/>\n\t<meta property=\"og:image:height\" content=\"612\" \/>\n\t<meta property=\"og:image:type\" content=\"image\/png\" \/>\n<meta name=\"twitter:card\" content=\"summary_large_image\" \/>\n<meta name=\"twitter:label1\" content=\"Estimeret l\u00e6setid\" \/>\n\t<meta name=\"twitter:data1\" content=\"3 minutter\" \/>\n<script type=\"application\/ld+json\" class=\"yoast-schema-graph\">{\"@context\":\"https:\/\/schema.org\",\"@graph\":[{\"@type\":\"WebPage\",\"@id\":\"https:\/\/pistonaddict.com\/da\/product\/bmw-m4-konkurrence\/\",\"url\":\"https:\/\/pistonaddict.com\/da\/product\/bmw-m4-konkurrence\/\",\"name\":\"BMW M4 Konkurrence - Piston Addict\",\"isPartOf\":{\"@id\":\"https:\/\/pistonaddict.com\/da\/#website\"},\"primaryImageOfPage\":{\"@id\":\"https:\/\/pistonaddict.com\/da\/product\/bmw-m4-konkurrence\/#primaryimage\"},\"image\":{\"@id\":\"https:\/\/pistonaddict.com\/da\/product\/bmw-m4-konkurrence\/#primaryimage\"},\"thumbnailUrl\":\"https:\/\/pistonaddict.com\/wp-content\/uploads\/2024\/03\/1.png\",\"datePublished\":\"2024-03-15T17:51:57+00:00\",\"dateModified\":\"2024-03-20T13:16:32+00:00\",\"breadcrumb\":{\"@id\":\"https:\/\/pistonaddict.com\/da\/product\/bmw-m4-konkurrence\/#breadcrumb\"},\"inLanguage\":\"da-DK\",\"potentialAction\":[{\"@type\":\"ReadAction\",\"target\":[\"https:\/\/pistonaddict.com\/da\/product\/bmw-m4-konkurrence\/\"]}]},{\"@type\":\"ImageObject\",\"inLanguage\":\"da-DK\",\"@id\":\"https:\/\/pistonaddict.com\/da\/product\/bmw-m4-konkurrence\/#primaryimage\",\"url\":\"https:\/\/pistonaddict.com\/wp-content\/uploads\/2024\/03\/1.png\",\"contentUrl\":\"https:\/\/pistonaddict.com\/wp-content\/uploads\/2024\/03\/1.png\",\"width\":2778,\"height\":1660},{\"@type\":\"BreadcrumbList\",\"@id\":\"https:\/\/pistonaddict.com\/da\/product\/bmw-m4-konkurrence\/#breadcrumb\",\"itemListElement\":[{\"@type\":\"ListItem\",\"position\":1,\"name\":\"Hjemmeside\",\"item\":\"https:\/\/pistonaddict.com\/da\/hjemmeside-2\/\"},{\"@type\":\"ListItem\",\"position\":2,\"name\":\"Auctions\",\"item\":\"https:\/\/pistonaddict.com\/auctions-listing\/\"},{\"@type\":\"ListItem\",\"position\":3,\"name\":\"BMW M4 Konkurrence\"}]},{\"@type\":\"WebSite\",\"@id\":\"https:\/\/pistonaddict.com\/da\/#website\",\"url\":\"https:\/\/pistonaddict.com\/da\/\",\"name\":\"Piston Addict\",\"description\":\"Only interesting vehicles\",\"publisher\":{\"@id\":\"https:\/\/pistonaddict.com\/da\/#organization\"},\"potentialAction\":[{\"@type\":\"SearchAction\",\"target\":{\"@type\":\"EntryPoint\",\"urlTemplate\":\"https:\/\/pistonaddict.com\/da\/?s={search_term_string}\"},\"query-input\":\"required name=search_term_string\"}],\"inLanguage\":\"da-DK\"},{\"@type\":\"Organization\",\"@id\":\"https:\/\/pistonaddict.com\/da\/#organization\",\"name\":\"Piston Addict\",\"url\":\"https:\/\/pistonaddict.com\/da\/\",\"logo\":{\"@type\":\"ImageObject\",\"inLanguage\":\"da-DK\",\"@id\":\"https:\/\/pistonaddict.com\/da\/#\/schema\/logo\/image\/\",\"url\":\"https:\/\/pistonaddict.com\/wp-content\/uploads\/2022\/07\/logo-6.png\",\"contentUrl\":\"https:\/\/pistonaddict.com\/wp-content\/uploads\/2022\/07\/logo-6.png\",\"width\":970,\"height\":200,\"caption\":\"Piston Addict\"},\"image\":{\"@id\":\"https:\/\/pistonaddict.com\/da\/#\/schema\/logo\/image\/\"}}]}<\/script>\n<!-- \/ Yoast SEO plugin. -->","yoast_head_json":{"title":"BMW M4 Konkurrence - Piston Addict","robots":{"index":"index","follow":"follow","max-snippet":"max-snippet:-1","max-image-preview":"max-image-preview:large","max-video-preview":"max-video-preview:-1"},"canonical":"https:\/\/pistonaddict.com\/da\/product\/bmw-m4-konkurrence\/","og_locale":"da_DK","og_type":"article","og_title":"BMW M4 Konkurrence - Piston Addict","og_description":"Hvis du leder efter noget, der kan k\u00f8re rundt p\u00e5 banen i rekordtempo, s\u00e5 har du brug for en sportsvogn. Hvis du derimod foretr\u00e6kker en komfortabel tur ned ad gaden p\u00e5 en solskinsdag, er en elegant cabriolet den bedste l\u00f8sning. Men hvis du vil have noget, der kan begge dele, s\u00e5 vil du helt sikkert synes om denne BMW M4 Competition, som vi har p\u00e5 auktion. Den er i perfekt stand, har \u00e9n tidligere ejer og har 74.000 km p\u00e5 uret.","og_url":"https:\/\/pistonaddict.com\/da\/product\/bmw-m4-konkurrence\/","og_site_name":"Piston Addict","article_modified_time":"2024-03-20T13:16:32+00:00","og_image":[{"width":1024,"height":612,"url":"https:\/\/pistonaddict.com\/wp-content\/uploads\/2024\/03\/1-1024x612.png","type":"image\/png"}],"twitter_card":"summary_large_image","twitter_misc":{"Estimeret l\u00e6setid":"3 minutter"},"schema":{"@context":"https:\/\/schema.org","@graph":[{"@type":"WebPage","@id":"https:\/\/pistonaddict.com\/da\/product\/bmw-m4-konkurrence\/","url":"https:\/\/pistonaddict.com\/da\/product\/bmw-m4-konkurrence\/","name":"BMW M4 Konkurrence - Piston Addict","isPartOf":{"@id":"https:\/\/pistonaddict.com\/da\/#website"},"primaryImageOfPage":{"@id":"https:\/\/pistonaddict.com\/da\/product\/bmw-m4-konkurrence\/#primaryimage"},"image":{"@id":"https:\/\/pistonaddict.com\/da\/product\/bmw-m4-konkurrence\/#primaryimage"},"thumbnailUrl":"https:\/\/pistonaddict.com\/wp-content\/uploads\/2024\/03\/1.png","datePublished":"2024-03-15T17:51:57+00:00","dateModified":"2024-03-20T13:16:32+00:00","breadcrumb":{"@id":"https:\/\/pistonaddict.com\/da\/product\/bmw-m4-konkurrence\/#breadcrumb"},"inLanguage":"da-DK","potentialAction":[{"@type":"ReadAction","target":["https:\/\/pistonaddict.com\/da\/product\/bmw-m4-konkurrence\/"]}]},{"@type":"ImageObject","inLanguage":"da-DK","@id":"https:\/\/pistonaddict.com\/da\/product\/bmw-m4-konkurrence\/#primaryimage","url":"https:\/\/pistonaddict.com\/wp-content\/uploads\/2024\/03\/1.png","contentUrl":"https:\/\/pistonaddict.com\/wp-content\/uploads\/2024\/03\/1.png","width":2778,"height":1660},{"@type":"BreadcrumbList","@id":"https:\/\/pistonaddict.com\/da\/product\/bmw-m4-konkurrence\/#breadcrumb","itemListElement":[{"@type":"ListItem","position":1,"name":"Hjemmeside","item":"https:\/\/pistonaddict.com\/da\/hjemmeside-2\/"},{"@type":"ListItem","position":2,"name":"Auctions","item":"https:\/\/pistonaddict.com\/auctions-listing\/"},{"@type":"ListItem","position":3,"name":"BMW M4 Konkurrence"}]},{"@type":"WebSite","@id":"https:\/\/pistonaddict.com\/da\/#website","url":"https:\/\/pistonaddict.com\/da\/","name":"Piston Addict","description":"Only interesting vehicles","publisher":{"@id":"https:\/\/pistonaddict.com\/da\/#organization"},"potentialAction":[{"@type":"SearchAction","target":{"@type":"EntryPoint","urlTemplate":"https:\/\/pistonaddict.com\/da\/?s={search_term_string}"},"query-input":"required name=search_term_string"}],"inLanguage":"da-DK"},{"@type":"Organization","@id":"https:\/\/pistonaddict.com\/da\/#organization","name":"Piston Addict","url":"https:\/\/pistonaddict.com\/da\/","logo":{"@type":"ImageObject","inLanguage":"da-DK","@id":"https:\/\/pistonaddict.com\/da\/#\/schema\/logo\/image\/","url":"https:\/\/pistonaddict.com\/wp-content\/uploads\/2022\/07\/logo-6.png","contentUrl":"https:\/\/pistonaddict.com\/wp-content\/uploads\/2022\/07\/logo-6.png","width":970,"height":200,"caption":"Piston Addict"},"image":{"@id":"https:\/\/pistonaddict.com\/da\/#\/schema\/logo\/image\/"}}]}},"_links":{"self":[{"href":"https:\/\/pistonaddict.com\/da\/wp-json\/wp\/v2\/product\/97438"}],"collection":[{"href":"https:\/\/pistonaddict.com\/da\/wp-json\/wp\/v2\/product"}],"about":[{"href":"https:\/\/pistonaddict.com\/da\/wp-json\/wp\/v2\/types\/product"}],"replies":[{"embeddable":true,"href":"https:\/\/pistonaddict.com\/da\/wp-json\/wp\/v2\/comments?post=97438"}],"wp:featuredmedia":[{"embeddable":true,"href":"https:\/\/pistonaddict.com\/da\/wp-json\/wp\/v2\/media\/96738"}],"wp:attachment":[{"href":"https:\/\/pistonaddict.com\/da\/wp-json\/wp\/v2\/media?parent=97438"}],"wp:term":[{"taxonomy":"product_cat","embeddable":true,"href":"https:\/\/pistonaddict.com\/da\/wp-json\/wp\/v2\/product_cat?post=97438"},{"taxonomy":"product_tag","embeddable":true,"href":"https:\/\/pistonaddict.com\/da\/wp-json\/wp\/v2\/product_tag?post=97438"}],"curies":[{"name":"wp","href":"https:\/\/api.w.org\/{rel}","templated":true}]}}