{"id":96717,"date":"2024-03-15T17:17:18","date_gmt":"2024-03-15T16:17:18","guid":{"rendered":"https:\/\/pistonaddict.com\/product\/amg-sls-roadster\/"},"modified":"2024-03-19T16:40:14","modified_gmt":"2024-03-19T15:40:14","slug":"amg-sls-roadster","status":"publish","type":"product","link":"https:\/\/pistonaddict.com\/da\/product\/amg-sls-roadster\/","title":{"rendered":"AMG SLS Roadster"},"content":{"rendered":"<p><strong>Bilens historie<\/strong><\/p>\n<p>Bilverdenen var lamsl\u00e5et, da Mercedes pr\u00e6senterede den ikoniske SLS AMG i 2010. Klassisk i sin tilgang, men helt moderne i sin udf\u00f8relse, var dette en fuldblods sportsvogn, der tydeligt hentede inspiration fra m\u00e6rkets glorv\u00e6rdige fortid og legendariske 300 SL Gullwing. Selvom Mercedes kiggede p\u00e5 fortiden, da den blev designet, sigtede virksomheden mod fremtiden med moderne chassiskonstruktion, interi\u00f8r, komfort og drivlinje. Under den lange motorhjelm var der en 6,2-liters V8 (kodenavn M156), som leverede 571 naturligt indsugede hestekr\u00e6fter, der blev sendt til baghjulene via en kompetent 7-trins dobbeltkoblingsgearkasse. Resultatet blev en bil, der ser fantastisk ud og stadig er superbilhurtig. Med en 0-100 km\/t-tid p\u00e5 kun 3,8 sekunder og en topfart p\u00e5 langt over 310 km\/t forst\u00e5r man, hvorfor Mercedes SLS AMG er blandt de hurtigste biler fra sin tid.<\/p>\n<p>Det er interessant, at produktionen af denne utrolige maskine var relativt kort, og at modellen udgik i 2014. Nogle siger, at Mercedes gjorde dette bevidst for at sikre eksklusiviteten og sj\u00e6ldenheden af sin fineste moderne sportsvogn. Disse rygter kan v\u00e6re sande, da virksomheden aldrig officielt har afsl\u00f8ret pr\u00e6cise produktionstal. Det kvalificerede sk\u00f8n er, at der blev leveret omkring 8.000 coup\u00e9er og omkring 4.000 roadstere. Denne bil er et af de 4.000 eksemplarer, hvilket g\u00f8r den endnu mere eksklusiv og mytisk.<\/p>\n<p><strong>Interi\u00f8r<\/strong><\/p>\n<p>Interi\u00f8ret i denne SLS AMG Roadster er udf\u00f8rt i sort l\u00e6der med et l\u00e6derinstrumentbr\u00e6t og er i perfekt stand uden tegn p\u00e5 brug. S\u00e6derne og d\u00f8rkortene er uden m\u00e6rker; alle funktioner fungerer sammen med navigationssystemet, premium audio og opvarmede og elektrisk styrede sportss\u00e6der. Cabriolet-taget er som nyt og \u00e5bner og lukker perfekt.<\/p>\n<p><strong>Tilstand<\/strong><\/p>\n<p>Vi er altid glade for at kunne tilbyde biler, der er som nye, og denne Mercedes SLS AMG Roadster fra 2012 er en af dem. Bilen har kun k\u00f8rt 19.000 km fra ny og blev meget lidt brugt af sin f\u00f8rste og eneste ejer og k\u00f8rte i gennemsnit mindre end 2.000 km om \u00e5ret. Det betyder, at den er i topform mekanisk og \u00e6stetisk, og at den er helt original fra fabrikken. Det sidste st\u00f8rre service blev udf\u00f8rt i 2018, og bremserne blev efterset for nylig i marts 2024. Bilen blev omhyggeligt passet og plejet af en Mercedes-forhandler.<\/p>\n<p><strong>Eksteri\u00f8r og hjul<\/strong><\/p>\n<p>Med s\u00e5 f\u00e5 kilometer p\u00e5 bagen og en omhyggelig pleje er det ingen overraskelse, at karrosseriet er som nyt uden ridser eller buler. Den er udf\u00f8rt i en klassisk Mercedes-s\u00f8lvfarve (der minder om Silver Arrow-racerbilerne) og ser fantastisk ud med et kontrasterende sort interi\u00f8r. De originale 19-tommer hjul er til stede, pakket ind i Continental ContiSport Contact performance gummi (DOT 2017) med omkring 50% brugt.<\/p>\n<p><strong>Dokumentation<\/strong><\/p>\n<p>Forhandleren s\u00e6lger dette k\u00f8ret\u00f8j p\u00e5 vegne af den oprindelige ejer, med passende dokumentation, beliggende i Belgien. <a href=\"https:\/\/pistonaddict.com\/wp-content\/uploads\/2024\/03\/CarVerticalAMG.pdf\">CarVertical-rapporten<\/a> er ren, uden bevis for ulykker, reparationer af ulykker, ejerskab eller juridiske problemer. Der er optegnelser over regelm\u00e6ssig vedligeholdelse og kvitteringer.<\/p>\n<p><strong>Se koldstartsvideoen af denne fantastiske AMG SLS Roadster :<\/strong><\/p>\n<p><iframe title=\"Cold Start Video of the AMG SLS Roadster\" width=\"1200\" height=\"675\" src=\"https:\/\/www.youtube.com\/embed\/vjLjXYVelXI?feature=oembed\" frameborder=\"0\" allow=\"accelerometer; autoplay; clipboard-write; encrypted-media; gyroscope; picture-in-picture; web-share\" allowfullscreen><\/iframe><\/p>\n","protected":false},"excerpt":{"rendered":"<p>N\u00e5r man ser p\u00e5 de moderne klassikere fra Stuttgart, kommer intet i n\u00e6rheden af Mercedes SLS AMG. Med sit retro-futuristiske design, m\u00e6gtige 6,2-liters V8 foran og sublime pr\u00e6stationer er SLS den mest eftertragtede sportsvogn fra Mercedes siden den originale fra 1950&#8217;erne, der startede r\u00e6kken. SLS er uds\u00f8gt i alle henseender og er en bil, der sj\u00e6ldent kommer til salg, hvilket g\u00f8r dette eksemplar med lavt kilometertal, en ejer og praktisk talt nyt sj\u00e6ldnere og endnu mere unikt.<\/p>\n","protected":false},"featured_media":95989,"comment_status":"open","ping_status":"closed","template":"","meta":{"inline_featured_image":false},"product_cat":[701],"product_tag":[3063,2766,3058,903],"acf":[],"yoast_head":"<!-- This site is optimized with the Yoast SEO plugin v22.5 - https:\/\/yoast.com\/wordpress\/plugins\/seo\/ -->\n<title>AMG SLS Roadster - Piston Addict<\/title>\n<meta name=\"robots\" content=\"index, follow, max-snippet:-1, max-image-preview:large, max-video-preview:-1\" \/>\n<link rel=\"canonical\" href=\"https:\/\/pistonaddict.com\/da\/product\/amg-sls-roadster\/\" \/>\n<meta property=\"og:locale\" content=\"da_DK\" \/>\n<meta property=\"og:type\" content=\"article\" \/>\n<meta property=\"og:title\" content=\"AMG SLS Roadster - Piston Addict\" \/>\n<meta property=\"og:description\" content=\"N\u00e5r man ser p\u00e5 de moderne klassikere fra Stuttgart, kommer intet i n\u00e6rheden af Mercedes SLS AMG. Med sit retro-futuristiske design, m\u00e6gtige 6,2-liters V8 foran og sublime pr\u00e6stationer er SLS den mest eftertragtede sportsvogn fra Mercedes siden den originale fra 1950&#039;erne, der startede r\u00e6kken. SLS er uds\u00f8gt i alle henseender og er en bil, der sj\u00e6ldent kommer til salg, hvilket g\u00f8r dette eksemplar med lavt kilometertal, en ejer og praktisk talt nyt sj\u00e6ldnere og endnu mere unikt.\" \/>\n<meta property=\"og:url\" content=\"https:\/\/pistonaddict.com\/da\/product\/amg-sls-roadster\/\" \/>\n<meta property=\"og:site_name\" content=\"Piston Addict\" \/>\n<meta property=\"article:modified_time\" content=\"2024-03-19T15:40:14+00:00\" \/>\n<meta property=\"og:image\" content=\"https:\/\/pistonaddict.com\/wp-content\/uploads\/2024\/03\/1-scaled.jpg\" \/>\n\t<meta property=\"og:image:width\" content=\"2560\" \/>\n\t<meta property=\"og:image:height\" content=\"1527\" \/>\n\t<meta property=\"og:image:type\" content=\"image\/jpeg\" \/>\n<meta name=\"twitter:card\" content=\"summary_large_image\" \/>\n<meta name=\"twitter:label1\" content=\"Estimeret l\u00e6setid\" \/>\n\t<meta name=\"twitter:data1\" content=\"3 minutter\" \/>\n<script type=\"application\/ld+json\" class=\"yoast-schema-graph\">{\"@context\":\"https:\/\/schema.org\",\"@graph\":[{\"@type\":\"WebPage\",\"@id\":\"https:\/\/pistonaddict.com\/da\/product\/amg-sls-roadster\/\",\"url\":\"https:\/\/pistonaddict.com\/da\/product\/amg-sls-roadster\/\",\"name\":\"AMG SLS Roadster - Piston Addict\",\"isPartOf\":{\"@id\":\"https:\/\/pistonaddict.com\/da\/#website\"},\"primaryImageOfPage\":{\"@id\":\"https:\/\/pistonaddict.com\/da\/product\/amg-sls-roadster\/#primaryimage\"},\"image\":{\"@id\":\"https:\/\/pistonaddict.com\/da\/product\/amg-sls-roadster\/#primaryimage\"},\"thumbnailUrl\":\"https:\/\/pistonaddict.com\/wp-content\/uploads\/2024\/03\/1-scaled.jpg\",\"datePublished\":\"2024-03-15T16:17:18+00:00\",\"dateModified\":\"2024-03-19T15:40:14+00:00\",\"breadcrumb\":{\"@id\":\"https:\/\/pistonaddict.com\/da\/product\/amg-sls-roadster\/#breadcrumb\"},\"inLanguage\":\"da-DK\",\"potentialAction\":[{\"@type\":\"ReadAction\",\"target\":[\"https:\/\/pistonaddict.com\/da\/product\/amg-sls-roadster\/\"]}]},{\"@type\":\"ImageObject\",\"inLanguage\":\"da-DK\",\"@id\":\"https:\/\/pistonaddict.com\/da\/product\/amg-sls-roadster\/#primaryimage\",\"url\":\"https:\/\/pistonaddict.com\/wp-content\/uploads\/2024\/03\/1-scaled.jpg\",\"contentUrl\":\"https:\/\/pistonaddict.com\/wp-content\/uploads\/2024\/03\/1-scaled.jpg\",\"width\":2560,\"height\":1527},{\"@type\":\"BreadcrumbList\",\"@id\":\"https:\/\/pistonaddict.com\/da\/product\/amg-sls-roadster\/#breadcrumb\",\"itemListElement\":[{\"@type\":\"ListItem\",\"position\":1,\"name\":\"Hjemmeside\",\"item\":\"https:\/\/pistonaddict.com\/da\/hjemmeside-2\/\"},{\"@type\":\"ListItem\",\"position\":2,\"name\":\"Auctions\",\"item\":\"https:\/\/pistonaddict.com\/auctions-listing\/\"},{\"@type\":\"ListItem\",\"position\":3,\"name\":\"AMG SLS Roadster\"}]},{\"@type\":\"WebSite\",\"@id\":\"https:\/\/pistonaddict.com\/da\/#website\",\"url\":\"https:\/\/pistonaddict.com\/da\/\",\"name\":\"Piston Addict\",\"description\":\"Only interesting vehicles\",\"publisher\":{\"@id\":\"https:\/\/pistonaddict.com\/da\/#organization\"},\"potentialAction\":[{\"@type\":\"SearchAction\",\"target\":{\"@type\":\"EntryPoint\",\"urlTemplate\":\"https:\/\/pistonaddict.com\/da\/?s={search_term_string}\"},\"query-input\":\"required name=search_term_string\"}],\"inLanguage\":\"da-DK\"},{\"@type\":\"Organization\",\"@id\":\"https:\/\/pistonaddict.com\/da\/#organization\",\"name\":\"Piston Addict\",\"url\":\"https:\/\/pistonaddict.com\/da\/\",\"logo\":{\"@type\":\"ImageObject\",\"inLanguage\":\"da-DK\",\"@id\":\"https:\/\/pistonaddict.com\/da\/#\/schema\/logo\/image\/\",\"url\":\"https:\/\/pistonaddict.com\/wp-content\/uploads\/2022\/07\/logo-6.png\",\"contentUrl\":\"https:\/\/pistonaddict.com\/wp-content\/uploads\/2022\/07\/logo-6.png\",\"width\":970,\"height\":200,\"caption\":\"Piston Addict\"},\"image\":{\"@id\":\"https:\/\/pistonaddict.com\/da\/#\/schema\/logo\/image\/\"}}]}<\/script>\n<!-- \/ Yoast SEO plugin. -->","yoast_head_json":{"title":"AMG SLS Roadster - Piston Addict","robots":{"index":"index","follow":"follow","max-snippet":"max-snippet:-1","max-image-preview":"max-image-preview:large","max-video-preview":"max-video-preview:-1"},"canonical":"https:\/\/pistonaddict.com\/da\/product\/amg-sls-roadster\/","og_locale":"da_DK","og_type":"article","og_title":"AMG SLS Roadster - Piston Addict","og_description":"N\u00e5r man ser p\u00e5 de moderne klassikere fra Stuttgart, kommer intet i n\u00e6rheden af Mercedes SLS AMG. Med sit retro-futuristiske design, m\u00e6gtige 6,2-liters V8 foran og sublime pr\u00e6stationer er SLS den mest eftertragtede sportsvogn fra Mercedes siden den originale fra 1950'erne, der startede r\u00e6kken. SLS er uds\u00f8gt i alle henseender og er en bil, der sj\u00e6ldent kommer til salg, hvilket g\u00f8r dette eksemplar med lavt kilometertal, en ejer og praktisk talt nyt sj\u00e6ldnere og endnu mere unikt.","og_url":"https:\/\/pistonaddict.com\/da\/product\/amg-sls-roadster\/","og_site_name":"Piston Addict","article_modified_time":"2024-03-19T15:40:14+00:00","og_image":[{"width":2560,"height":1527,"url":"https:\/\/pistonaddict.com\/wp-content\/uploads\/2024\/03\/1-scaled.jpg","type":"image\/jpeg"}],"twitter_card":"summary_large_image","twitter_misc":{"Estimeret l\u00e6setid":"3 minutter"},"schema":{"@context":"https:\/\/schema.org","@graph":[{"@type":"WebPage","@id":"https:\/\/pistonaddict.com\/da\/product\/amg-sls-roadster\/","url":"https:\/\/pistonaddict.com\/da\/product\/amg-sls-roadster\/","name":"AMG SLS Roadster - Piston Addict","isPartOf":{"@id":"https:\/\/pistonaddict.com\/da\/#website"},"primaryImageOfPage":{"@id":"https:\/\/pistonaddict.com\/da\/product\/amg-sls-roadster\/#primaryimage"},"image":{"@id":"https:\/\/pistonaddict.com\/da\/product\/amg-sls-roadster\/#primaryimage"},"thumbnailUrl":"https:\/\/pistonaddict.com\/wp-content\/uploads\/2024\/03\/1-scaled.jpg","datePublished":"2024-03-15T16:17:18+00:00","dateModified":"2024-03-19T15:40:14+00:00","breadcrumb":{"@id":"https:\/\/pistonaddict.com\/da\/product\/amg-sls-roadster\/#breadcrumb"},"inLanguage":"da-DK","potentialAction":[{"@type":"ReadAction","target":["https:\/\/pistonaddict.com\/da\/product\/amg-sls-roadster\/"]}]},{"@type":"ImageObject","inLanguage":"da-DK","@id":"https:\/\/pistonaddict.com\/da\/product\/amg-sls-roadster\/#primaryimage","url":"https:\/\/pistonaddict.com\/wp-content\/uploads\/2024\/03\/1-scaled.jpg","contentUrl":"https:\/\/pistonaddict.com\/wp-content\/uploads\/2024\/03\/1-scaled.jpg","width":2560,"height":1527},{"@type":"BreadcrumbList","@id":"https:\/\/pistonaddict.com\/da\/product\/amg-sls-roadster\/#breadcrumb","itemListElement":[{"@type":"ListItem","position":1,"name":"Hjemmeside","item":"https:\/\/pistonaddict.com\/da\/hjemmeside-2\/"},{"@type":"ListItem","position":2,"name":"Auctions","item":"https:\/\/pistonaddict.com\/auctions-listing\/"},{"@type":"ListItem","position":3,"name":"AMG SLS Roadster"}]},{"@type":"WebSite","@id":"https:\/\/pistonaddict.com\/da\/#website","url":"https:\/\/pistonaddict.com\/da\/","name":"Piston Addict","description":"Only interesting vehicles","publisher":{"@id":"https:\/\/pistonaddict.com\/da\/#organization"},"potentialAction":[{"@type":"SearchAction","target":{"@type":"EntryPoint","urlTemplate":"https:\/\/pistonaddict.com\/da\/?s={search_term_string}"},"query-input":"required name=search_term_string"}],"inLanguage":"da-DK"},{"@type":"Organization","@id":"https:\/\/pistonaddict.com\/da\/#organization","name":"Piston Addict","url":"https:\/\/pistonaddict.com\/da\/","logo":{"@type":"ImageObject","inLanguage":"da-DK","@id":"https:\/\/pistonaddict.com\/da\/#\/schema\/logo\/image\/","url":"https:\/\/pistonaddict.com\/wp-content\/uploads\/2022\/07\/logo-6.png","contentUrl":"https:\/\/pistonaddict.com\/wp-content\/uploads\/2022\/07\/logo-6.png","width":970,"height":200,"caption":"Piston Addict"},"image":{"@id":"https:\/\/pistonaddict.com\/da\/#\/schema\/logo\/image\/"}}]}},"_links":{"self":[{"href":"https:\/\/pistonaddict.com\/da\/wp-json\/wp\/v2\/product\/96717"}],"collection":[{"href":"https:\/\/pistonaddict.com\/da\/wp-json\/wp\/v2\/product"}],"about":[{"href":"https:\/\/pistonaddict.com\/da\/wp-json\/wp\/v2\/types\/product"}],"replies":[{"embeddable":true,"href":"https:\/\/pistonaddict.com\/da\/wp-json\/wp\/v2\/comments?post=96717"}],"wp:featuredmedia":[{"embeddable":true,"href":"https:\/\/pistonaddict.com\/da\/wp-json\/wp\/v2\/media\/95989"}],"wp:attachment":[{"href":"https:\/\/pistonaddict.com\/da\/wp-json\/wp\/v2\/media?parent=96717"}],"wp:term":[{"taxonomy":"product_cat","embeddable":true,"href":"https:\/\/pistonaddict.com\/da\/wp-json\/wp\/v2\/product_cat?post=96717"},{"taxonomy":"product_tag","embeddable":true,"href":"https:\/\/pistonaddict.com\/da\/wp-json\/wp\/v2\/product_tag?post=96717"}],"curies":[{"name":"wp","href":"https:\/\/api.w.org\/{rel}","templated":true}]}}