{"id":94114,"date":"2024-02-28T13:52:28","date_gmt":"2024-02-28T12:52:28","guid":{"rendered":"https:\/\/pistonaddict.com\/product\/fisker-karma\/"},"modified":"2024-03-19T16:38:21","modified_gmt":"2024-03-19T15:38:21","slug":"fisker-karma","status":"publish","type":"product","link":"https:\/\/pistonaddict.com\/da\/product\/fisker-karma\/","title":{"rendered":"Fisker Karma"},"content":{"rendered":"<h2>Udvendig<\/h2>\n<p>Forfra har Karma en lavth\u00e6ngende n\u00e6se med brede gitre og aflange Xenon-forlygter, som giver bilen en aggressiv fremtoning. Dette tema forts\u00e6tter langs siderne, hvor en muskul\u00f8s silhuet domineres af massive sk\u00e6rme viklet omkring 22-tommer f\u00e6lge. P\u00e5 den italienske superbils brede bagende giver detaljer som elegante baglygter og h\u00f8jttalere p\u00e5 et sted, hvor man ville forvente at se udst\u00f8dningsr\u00f8r med forkromede h\u00e6tter, Karma et unikt udseende p\u00e5 vejen.<\/p>\n<p>Bilen er lakeret i Deep Ocean blue, som ser spektakul\u00e6r ud p\u00e5 klare dage, n\u00e5r solens str\u00e5ler fremh\u00e6ver dens flakhed. N\u00e5r vi taler om solen &#8211; Karma har solpaneler integreret i taget, hvilket betyder, at den kan genoplade sig selv bare ved at blive parkeret udenfor.<\/p>\n<h2>Interi\u00f8r<\/h2>\n<p>N\u00e5r du er inde i bilen, befinder du dig bag et l\u00e6derrat med fire eger, der indrammer en slank og futuristisk instrumentgruppe. Til venstre er der et speedometer, der g\u00e5r op til 220 km\/t. Men til h\u00f8jre, i stedet for en omdrejningst\u00e6ller, er der en visning af batterikapacitet, og om det er ved at blive opladet, eller om elektriciteten bruges til acceleration. Instrumentbr\u00e6ttet er udstyret med en ber\u00f8ringsf\u00f8lsom sk\u00e6rm, der fungerer som kommandocentral for stereoanl\u00e6g, navigation og klimaanl\u00e6g.<\/p>\n<p>Hele interi\u00f8ret er kl\u00e6dt i en kombination af tr\u00e6, l\u00e6der og bl\u00f8dt Alcantara, hvilket giver det en uds\u00f8gt f\u00f8lelse og et uds\u00f8gt udseende. En ting, der fanger opm\u00e6rksomheden, er den massive midtertunnel, som er n\u00f8dvendig, da det er her, batterierne er placeret.<\/p>\n<h2>Mekanik<\/h2>\n<p>Selvom den ser fantastisk ud b\u00e5de indvendigt og udvendigt, er Fiskers mekaniske understel det mest imponerende. Hvis du \u00e5bner motorhjelmen, vil du finde en motor under den, ligesom i enhver anden bil. Denne turboladede 4-cylindrede enhed bruges dog ikke til at drive hjulene. I stedet fungerer den som en generator, der oplader batterierne, n\u00e5r de tr\u00e6nger til at blive fyldt op.<\/p>\n<p>Bilen drives af to elmotorer, som arbejder sammen to og to for at levere kraft til baghjulene gennem et sp\u00e6rredifferentiale. Denne kombination kan give op til 409 hestekr\u00e6fter og et k\u00e6mpe drejningsmoment p\u00e5 1300 N-m, hvilket giver Karma en ydeevne, der matcher dens udseende.<\/p>\n<p>Fordi Fisker ikke \u00f8nskede, at bilen skulle v\u00e6re for tung, da det ville g\u00e5 ud over k\u00f8reegenskaberne, er batterierne og den deraf f\u00f8lgende r\u00e6kkevidde i fuldelektrisk tilstand ikke s\u00e6rlig stor. N\u00e5r den er fuldt opladet, kan Karma k\u00f8re cirka 80 kilometer udelukkende p\u00e5 str\u00f8m. Men helt \u00e6rligt, det er nok mere end nok til de fleste daglige pendlerture, og der er altid en benzindrevet motor som backup-generator.<\/p>\n<h2>K\u00f8ret\u00f8jets historie<\/h2>\n<p>Til sidst et par ord om Fiskerens tilstand, som s\u00e6lgeren beskriver som fremragende. Og for at v\u00e6re \u00e6rlig, s\u00e5 fort\u00e6ller billederne og den korte video den samme historie. Bilen blev sidst serviceret i november 2023 og har ingen fejl eller mangler, bortset fra advarslen om d\u00e6ktryk p\u00e5 instrumentbr\u00e6ttet. Det skyldes tilsyneladende, at bilen i \u00f8jeblikket k\u00f8rer p\u00e5 21-tommer Schmid-eftermarkedshjul, mens TPMS-systemet er programmeret til at fungere med OEM-sommerhjulene p\u00e5 22 tommer. Ejeren siger, at bilen kan rekalibreres, s\u00e5 den genkender alternative d\u00e6kdimensioner, men det gad han ikke, da han sj\u00e6ldent k\u00f8rer med den om vinteren. Desuden blev alle airbags udskiftet i 2022 som en del af en stor tilbagekaldelse af Takata-airbags.<\/p>\n<p>Da dette er en elektrisk hybridbil, kan det give anledning til bekymring om batteriernes tilstand, da de er meget dyre at udskifte. Men if\u00f8lge s\u00e6lgeren er der intet at bekymre sig om, for batteriet er blevet kontrolleret af en certificeret Fisker Karma-tekniker i august 2023, som har bekr\u00e6ftet, at det stadig har fuld ydeevne. Bilen leveres med den originale mobiloplader, som tilsluttes 220 V-stikket, og en OBD2-kodel\u00e6ser til brug i h\u00e5nden. Den \u00f8strigske tekniske inspektion er best\u00e5et og gyldig indtil august 2024.<\/p>\n<p>En bem\u00e6rkning om fremtidig vedligeholdelse &#8211; mens den eneste europ\u00e6iske autoriserede forhandler er i Holland, er der mulighed for at f\u00e5 deres dygtige specialist fl\u00f8jet til din placering, hvor han tager sig af alt, hvad der skal g\u00f8res (forudsat at reparationen kan udf\u00f8res p\u00e5 stedet).<\/p>\n<p>Endelig siger s\u00e6lgeren, som k\u00f8bte den i 2019, at bilen aldrig har haft en ulykke eller v\u00e6ret brugt p\u00e5 racerbane, hvilket ogs\u00e5 kan bekr\u00e6ftes af en tilsvarende <a href=\"https:\/\/pistonaddict.com\/wp-content\/uploads\/2024\/02\/FiskerKarma.pdf\">Vehicle History Report<\/a>. Det er ogs\u00e5 v\u00e6rd at n\u00e6vne, at s\u00e6lgeren vil levere <a href=\"https:\/\/pistonaddict.com\/wp-content\/uploads\/2024\/02\/CoC1-rotated.jpg\">overensstemmelsescertifikatet<\/a>, hvis k\u00f8beren \u00f8nsker at flytte bilen uden for \u00d8strig, hvor denne Fisker har v\u00e6ret indregistreret siden dag \u00e9t.<\/p>\n<p><strong><br \/>\nSe koldstartsvideoen af denne fantastiske Fisker Karma :<\/strong><\/p>\n<p><iframe title=\"Cold Start Video of the Fisker Karma\" width=\"1200\" height=\"675\" src=\"https:\/\/www.youtube.com\/embed\/Ct2_uFf2FEw?feature=oembed\" frameborder=\"0\" allow=\"accelerometer; autoplay; clipboard-write; encrypted-media; gyroscope; picture-in-picture; web-share\" allowfullscreen><\/iframe><\/p>\n","protected":false},"excerpt":{"rendered":"<p>Hvis du er p\u00e5 udkig efter en sportsvogn, der kan transportere fire personer og deres bagage, er der masser at v\u00e6lge imellem. Men hvis du vil have noget, der adskiller dig fra mainstream-modellerne, s\u00e5 kan du m\u00e5ske lide Fisker Karma. Den har alle fordelene ved en elbil uden at v\u00e6re afh\u00e6ngig af r\u00e6kkevidden og den ekstra v\u00e6gt, der normalt er forbundet med dem. Og s\u00e5 er al denne tekniske trolddom pakket ind i et spektakul\u00e6rt udseende kabinet. Og til salg her har vi en 2012-model, som s\u00e6lges af ejeren og har k\u00f8rt 67.000 kilometer indtil videre. Lad os se n\u00e6rmere p\u00e5, hvad den har at byde p\u00e5.<\/p>\n","protected":false},"featured_media":93015,"comment_status":"open","ping_status":"closed","template":"","meta":{"inline_featured_image":false},"product_cat":[701],"product_tag":[2766,3029,903,1777,1772,2987],"acf":[],"yoast_head":"<!-- This site is optimized with the Yoast SEO plugin v22.5 - https:\/\/yoast.com\/wordpress\/plugins\/seo\/ -->\n<title>Fisker Karma - Piston Addict<\/title>\n<meta name=\"robots\" content=\"index, follow, max-snippet:-1, max-image-preview:large, max-video-preview:-1\" \/>\n<link rel=\"canonical\" href=\"https:\/\/pistonaddict.com\/da\/product\/fisker-karma\/\" \/>\n<meta property=\"og:locale\" content=\"da_DK\" \/>\n<meta property=\"og:type\" content=\"article\" \/>\n<meta property=\"og:title\" content=\"Fisker Karma - Piston Addict\" \/>\n<meta property=\"og:description\" content=\"Hvis du er p\u00e5 udkig efter en sportsvogn, der kan transportere fire personer og deres bagage, er der masser at v\u00e6lge imellem. Men hvis du vil have noget, der adskiller dig fra mainstream-modellerne, s\u00e5 kan du m\u00e5ske lide Fisker Karma. Den har alle fordelene ved en elbil uden at v\u00e6re afh\u00e6ngig af r\u00e6kkevidden og den ekstra v\u00e6gt, der normalt er forbundet med dem. Og s\u00e5 er al denne tekniske trolddom pakket ind i et spektakul\u00e6rt udseende kabinet. Og til salg her har vi en 2012-model, som s\u00e6lges af ejeren og har k\u00f8rt 67.000 kilometer indtil videre. Lad os se n\u00e6rmere p\u00e5, hvad den har at byde p\u00e5.\" \/>\n<meta property=\"og:url\" content=\"https:\/\/pistonaddict.com\/da\/product\/fisker-karma\/\" \/>\n<meta property=\"og:site_name\" content=\"Piston Addict\" \/>\n<meta property=\"article:modified_time\" content=\"2024-03-19T15:38:21+00:00\" \/>\n<meta property=\"og:image\" content=\"https:\/\/pistonaddict.com\/wp-content\/uploads\/2024\/02\/1.jpg\" \/>\n\t<meta property=\"og:image:width\" content=\"1280\" \/>\n\t<meta property=\"og:image:height\" content=\"960\" \/>\n\t<meta property=\"og:image:type\" content=\"image\/jpeg\" \/>\n<meta name=\"twitter:card\" content=\"summary_large_image\" \/>\n<meta name=\"twitter:label1\" content=\"Estimeret l\u00e6setid\" \/>\n\t<meta name=\"twitter:data1\" content=\"4 minutter\" \/>\n<script type=\"application\/ld+json\" class=\"yoast-schema-graph\">{\"@context\":\"https:\/\/schema.org\",\"@graph\":[{\"@type\":\"WebPage\",\"@id\":\"https:\/\/pistonaddict.com\/da\/product\/fisker-karma\/\",\"url\":\"https:\/\/pistonaddict.com\/da\/product\/fisker-karma\/\",\"name\":\"Fisker Karma - Piston Addict\",\"isPartOf\":{\"@id\":\"https:\/\/pistonaddict.com\/da\/#website\"},\"primaryImageOfPage\":{\"@id\":\"https:\/\/pistonaddict.com\/da\/product\/fisker-karma\/#primaryimage\"},\"image\":{\"@id\":\"https:\/\/pistonaddict.com\/da\/product\/fisker-karma\/#primaryimage\"},\"thumbnailUrl\":\"https:\/\/pistonaddict.com\/wp-content\/uploads\/2024\/02\/1.jpg\",\"datePublished\":\"2024-02-28T12:52:28+00:00\",\"dateModified\":\"2024-03-19T15:38:21+00:00\",\"breadcrumb\":{\"@id\":\"https:\/\/pistonaddict.com\/da\/product\/fisker-karma\/#breadcrumb\"},\"inLanguage\":\"da-DK\",\"potentialAction\":[{\"@type\":\"ReadAction\",\"target\":[\"https:\/\/pistonaddict.com\/da\/product\/fisker-karma\/\"]}]},{\"@type\":\"ImageObject\",\"inLanguage\":\"da-DK\",\"@id\":\"https:\/\/pistonaddict.com\/da\/product\/fisker-karma\/#primaryimage\",\"url\":\"https:\/\/pistonaddict.com\/wp-content\/uploads\/2024\/02\/1.jpg\",\"contentUrl\":\"https:\/\/pistonaddict.com\/wp-content\/uploads\/2024\/02\/1.jpg\",\"width\":1280,\"height\":960},{\"@type\":\"BreadcrumbList\",\"@id\":\"https:\/\/pistonaddict.com\/da\/product\/fisker-karma\/#breadcrumb\",\"itemListElement\":[{\"@type\":\"ListItem\",\"position\":1,\"name\":\"Hjemmeside\",\"item\":\"https:\/\/pistonaddict.com\/da\/hjemmeside-2\/\"},{\"@type\":\"ListItem\",\"position\":2,\"name\":\"Auctions\",\"item\":\"https:\/\/pistonaddict.com\/auctions-listing\/\"},{\"@type\":\"ListItem\",\"position\":3,\"name\":\"Fisker Karma\"}]},{\"@type\":\"WebSite\",\"@id\":\"https:\/\/pistonaddict.com\/da\/#website\",\"url\":\"https:\/\/pistonaddict.com\/da\/\",\"name\":\"Piston Addict\",\"description\":\"Only interesting vehicles\",\"publisher\":{\"@id\":\"https:\/\/pistonaddict.com\/da\/#organization\"},\"potentialAction\":[{\"@type\":\"SearchAction\",\"target\":{\"@type\":\"EntryPoint\",\"urlTemplate\":\"https:\/\/pistonaddict.com\/da\/?s={search_term_string}\"},\"query-input\":\"required name=search_term_string\"}],\"inLanguage\":\"da-DK\"},{\"@type\":\"Organization\",\"@id\":\"https:\/\/pistonaddict.com\/da\/#organization\",\"name\":\"Piston Addict\",\"url\":\"https:\/\/pistonaddict.com\/da\/\",\"logo\":{\"@type\":\"ImageObject\",\"inLanguage\":\"da-DK\",\"@id\":\"https:\/\/pistonaddict.com\/da\/#\/schema\/logo\/image\/\",\"url\":\"https:\/\/pistonaddict.com\/wp-content\/uploads\/2022\/07\/logo-6.png\",\"contentUrl\":\"https:\/\/pistonaddict.com\/wp-content\/uploads\/2022\/07\/logo-6.png\",\"width\":970,\"height\":200,\"caption\":\"Piston Addict\"},\"image\":{\"@id\":\"https:\/\/pistonaddict.com\/da\/#\/schema\/logo\/image\/\"}}]}<\/script>\n<!-- \/ Yoast SEO plugin. -->","yoast_head_json":{"title":"Fisker Karma - Piston Addict","robots":{"index":"index","follow":"follow","max-snippet":"max-snippet:-1","max-image-preview":"max-image-preview:large","max-video-preview":"max-video-preview:-1"},"canonical":"https:\/\/pistonaddict.com\/da\/product\/fisker-karma\/","og_locale":"da_DK","og_type":"article","og_title":"Fisker Karma - Piston Addict","og_description":"Hvis du er p\u00e5 udkig efter en sportsvogn, der kan transportere fire personer og deres bagage, er der masser at v\u00e6lge imellem. Men hvis du vil have noget, der adskiller dig fra mainstream-modellerne, s\u00e5 kan du m\u00e5ske lide Fisker Karma. Den har alle fordelene ved en elbil uden at v\u00e6re afh\u00e6ngig af r\u00e6kkevidden og den ekstra v\u00e6gt, der normalt er forbundet med dem. Og s\u00e5 er al denne tekniske trolddom pakket ind i et spektakul\u00e6rt udseende kabinet. Og til salg her har vi en 2012-model, som s\u00e6lges af ejeren og har k\u00f8rt 67.000 kilometer indtil videre. Lad os se n\u00e6rmere p\u00e5, hvad den har at byde p\u00e5.","og_url":"https:\/\/pistonaddict.com\/da\/product\/fisker-karma\/","og_site_name":"Piston Addict","article_modified_time":"2024-03-19T15:38:21+00:00","og_image":[{"width":1280,"height":960,"url":"https:\/\/pistonaddict.com\/wp-content\/uploads\/2024\/02\/1.jpg","type":"image\/jpeg"}],"twitter_card":"summary_large_image","twitter_misc":{"Estimeret l\u00e6setid":"4 minutter"},"schema":{"@context":"https:\/\/schema.org","@graph":[{"@type":"WebPage","@id":"https:\/\/pistonaddict.com\/da\/product\/fisker-karma\/","url":"https:\/\/pistonaddict.com\/da\/product\/fisker-karma\/","name":"Fisker Karma - Piston Addict","isPartOf":{"@id":"https:\/\/pistonaddict.com\/da\/#website"},"primaryImageOfPage":{"@id":"https:\/\/pistonaddict.com\/da\/product\/fisker-karma\/#primaryimage"},"image":{"@id":"https:\/\/pistonaddict.com\/da\/product\/fisker-karma\/#primaryimage"},"thumbnailUrl":"https:\/\/pistonaddict.com\/wp-content\/uploads\/2024\/02\/1.jpg","datePublished":"2024-02-28T12:52:28+00:00","dateModified":"2024-03-19T15:38:21+00:00","breadcrumb":{"@id":"https:\/\/pistonaddict.com\/da\/product\/fisker-karma\/#breadcrumb"},"inLanguage":"da-DK","potentialAction":[{"@type":"ReadAction","target":["https:\/\/pistonaddict.com\/da\/product\/fisker-karma\/"]}]},{"@type":"ImageObject","inLanguage":"da-DK","@id":"https:\/\/pistonaddict.com\/da\/product\/fisker-karma\/#primaryimage","url":"https:\/\/pistonaddict.com\/wp-content\/uploads\/2024\/02\/1.jpg","contentUrl":"https:\/\/pistonaddict.com\/wp-content\/uploads\/2024\/02\/1.jpg","width":1280,"height":960},{"@type":"BreadcrumbList","@id":"https:\/\/pistonaddict.com\/da\/product\/fisker-karma\/#breadcrumb","itemListElement":[{"@type":"ListItem","position":1,"name":"Hjemmeside","item":"https:\/\/pistonaddict.com\/da\/hjemmeside-2\/"},{"@type":"ListItem","position":2,"name":"Auctions","item":"https:\/\/pistonaddict.com\/auctions-listing\/"},{"@type":"ListItem","position":3,"name":"Fisker Karma"}]},{"@type":"WebSite","@id":"https:\/\/pistonaddict.com\/da\/#website","url":"https:\/\/pistonaddict.com\/da\/","name":"Piston Addict","description":"Only interesting vehicles","publisher":{"@id":"https:\/\/pistonaddict.com\/da\/#organization"},"potentialAction":[{"@type":"SearchAction","target":{"@type":"EntryPoint","urlTemplate":"https:\/\/pistonaddict.com\/da\/?s={search_term_string}"},"query-input":"required name=search_term_string"}],"inLanguage":"da-DK"},{"@type":"Organization","@id":"https:\/\/pistonaddict.com\/da\/#organization","name":"Piston Addict","url":"https:\/\/pistonaddict.com\/da\/","logo":{"@type":"ImageObject","inLanguage":"da-DK","@id":"https:\/\/pistonaddict.com\/da\/#\/schema\/logo\/image\/","url":"https:\/\/pistonaddict.com\/wp-content\/uploads\/2022\/07\/logo-6.png","contentUrl":"https:\/\/pistonaddict.com\/wp-content\/uploads\/2022\/07\/logo-6.png","width":970,"height":200,"caption":"Piston Addict"},"image":{"@id":"https:\/\/pistonaddict.com\/da\/#\/schema\/logo\/image\/"}}]}},"_links":{"self":[{"href":"https:\/\/pistonaddict.com\/da\/wp-json\/wp\/v2\/product\/94114"}],"collection":[{"href":"https:\/\/pistonaddict.com\/da\/wp-json\/wp\/v2\/product"}],"about":[{"href":"https:\/\/pistonaddict.com\/da\/wp-json\/wp\/v2\/types\/product"}],"replies":[{"embeddable":true,"href":"https:\/\/pistonaddict.com\/da\/wp-json\/wp\/v2\/comments?post=94114"}],"wp:featuredmedia":[{"embeddable":true,"href":"https:\/\/pistonaddict.com\/da\/wp-json\/wp\/v2\/media\/93015"}],"wp:attachment":[{"href":"https:\/\/pistonaddict.com\/da\/wp-json\/wp\/v2\/media?parent=94114"}],"wp:term":[{"taxonomy":"product_cat","embeddable":true,"href":"https:\/\/pistonaddict.com\/da\/wp-json\/wp\/v2\/product_cat?post=94114"},{"taxonomy":"product_tag","embeddable":true,"href":"https:\/\/pistonaddict.com\/da\/wp-json\/wp\/v2\/product_tag?post=94114"}],"curies":[{"name":"wp","href":"https:\/\/api.w.org\/{rel}","templated":true}]}}