{"id":92881,"date":"2024-02-23T14:19:05","date_gmt":"2024-02-23T13:19:05","guid":{"rendered":"https:\/\/pistonaddict.com\/product\/volkswagen-1303-cabriolet-triple-white-beetle\/"},"modified":"2024-03-20T09:46:53","modified_gmt":"2024-03-20T08:46:53","slug":"volkswagen-1303-convertible-triple-white-beetle","status":"publish","type":"product","link":"https:\/\/pistonaddict.com\/da\/product\/volkswagen-1303-convertible-triple-white-beetle\/","title":{"rendered":"Volkswagen 1303 Cabriolet Triple White Beetle"},"content":{"rendered":"<p>Hvis den almindelige Volkswagen Beetle var en \u00f8konomimodel, der satte verden p\u00e5 hjul, var dens cabrioletversion altid den mere eksklusive og prestigefyldte. F\u00f8rst og fremmest blev den produceret af det ber\u00f8mte karrosseriv\u00e6rksted Karmann og havde mange modifikationer i forhold til standardmodellen. Det var ikke bare en Beetle med drop-top; det var en helt anden bil med chassisforbedringer, andre d\u00f8re, forruder og specifikke paneler. Mod slutningen af en lang produktionsperiode fik Volkswagen Beetle Cabriolet en opgraderet motor, skivebremser foran og flere funktioner, der gjorde den til en bedre og mere kompetent \u00e5ben cruiser. I dag er vi stolte af at kunne pr\u00e6sentere s\u00e5dan en bil. En Volkswagen 1303 Cabriolet fra 1979 i en unik, tredobbelt hvid farve med en 1,6-liters br\u00e6ndstofindspr\u00f8jtningsmotor og i helt original stand. Oprindeligt solgt i USA, blev denne sene model Beetle cabriolet markedsf\u00f8rt som Super Beetle og er blandt de mere eftertragtede eksemplarer p\u00e5 grund af bedre udstyr og en 48 hk motor med en tophastighed p\u00e5 130 km\/t (82 mph). Denne bil blev produceret i december 1979, hvilket g\u00f8r den til en af de allersidste Beetle cabrioleter, da produktionen sluttede i begyndelsen af 1980. Volkswagen solgte kun 4.572 1303 Cabriolet i 1980, meget f\u00e5 i Tripple-White, og dette er en af dem. Disse sene modeller har flere unikke designfunktioner, der g\u00f8r dem endnu mere praktiske og behagelige. For eksempel har et st\u00f8rre bagagerum foran og en let buet forrude reduceret vindst\u00f8jen, is\u00e6r n\u00e5r man k\u00f8rer med taget nede.<\/p>\n<p><strong>Interi\u00f8r<\/strong><\/p>\n<p>De hvide vinyls\u00e6der er i fremragende stand, og interi\u00f8ret i denne i\u00f8jnefaldende Beetle er helt originalt. Med et tr\u00e6bekl\u00e6dt instrumentbr\u00e6t, unikt rat og forbedret ergonomi er dette det mest eksklusive f\u00f8rermilj\u00f8 i nogen klassisk Beetle. Instrumentbr\u00e6ttet er ikke revnet, og lydanl\u00e6gget har en charmerende Blaupunkt-kassetteenhed fra 80&#8217;erne.<\/p>\n<p><strong>Bilens tilstand<\/strong><\/p>\n<p>Med kun 94.000 kilometer og et par omhyggelige ejere har denne 1303 Cabriolet nydt godt af en restaurering og har bevaret den originale, nummermatchende motor og gearkasse. Den generelle tilstand er t\u00e6t p\u00e5 perfekt, med alt i orden og ingen rustpletter eller misfarvninger. Det sidste service blev udf\u00f8rt i oktober 2023, og bilen bestod det \u00e5rlige tekniske eftersyn i 2024 uden problemer. P\u00e5 biler som denne er vinyltaget ofte problematisk, men vi er glade for at kunne fort\u00e6lle, at selv dette er i perfekt stand uden revner eller l\u00e6kager. Undervognen er lige s\u00e5 ren som karosseriet, og der er ingen rustproblemer. Bilen blev restaureret professionelt til de h\u00f8jeste standarder med originale dele og vedligeholdt af en VW-specialist. Siden restaureringen har bilen v\u00e6ret opbevaret i en klimakontrolleret garage.<\/p>\n<p><strong>Udvendigt og hjul<\/strong><\/p>\n<p>Den hvide signaturfarve er i perfekt stand, og det tredobbelte hvide farveskema er originalt og sj\u00e6ldent. Hjulene er originale 15-tommer med krom navkapsler pakket ind i helt nyt (DOT 2023) og passende st\u00f8rrelse (175\/70\/R15) gummi.<\/p>\n<p><strong>Dokumentation<\/strong><\/p>\n<p>Den private s\u00e6lger s\u00e6lger dette k\u00f8ret\u00f8j med passende dokumentation i Holland. Den <strong>hollandske MOT (APK) er gyldig indtil august 2024<\/strong>. Der er optegnelser over regelm\u00e6ssig vedligeholdelse, salgsregninger og kvitteringer. Dokumentationen omfatter den originale ejertitel, brochurer, <a href=\"https:\/\/pistonaddict.com\/wp-content\/uploads\/2024\/02\/Zertificat.pdf\" target=\"blank\" rel=\"noopener\">VW Classic-ekspertise<\/a> og registreringspapirer. Der er ingen fabriksgaranti p\u00e5 denne model.<\/p>\n<p><strong><br \/>\nSe koldstartsvideoen af denne smukke cabriolet Beetle Triple White :<\/strong><\/p>\n<p>&nbsp;<\/p>\n<p><iframe title=\"Cold Start Video of the Volkswagen Coccinelle\/Beetle Cabriolet 1.6 Triple White\" width=\"1200\" height=\"675\" src=\"https:\/\/www.youtube.com\/embed\/G0rjRvyjhRo?feature=oembed\" frameborder=\"0\" allow=\"accelerometer; autoplay; clipboard-write; encrypted-media; gyroscope; picture-in-picture; web-share\" allowfullscreen><\/iframe><\/p>\n<p><strong> <\/strong><\/p>\n","protected":false},"excerpt":{"rendered":"<p>Volkswagens Beetle med samme navn var en af det 20. \u00e5rhundredes mest guddommelige biler og stadig en af de bedste startklassikere. Men cabriolet-versionen er meget sj\u00e6ldnere, sejere og perfekt til en kysttur under \u00e5ben himmel med et umiskendeligt soundtrack fra den firehjulede motor. Hvis du er betaget af de klassiske Beetle-linjer, men leder efter en, der har bedre k\u00f8reegenskaber og kr\u00e6fter, er dette den perfekte bil for dig. En mere eftertragtet, senere model 1303 Cabriolet med en kraftigere motor med benzinindspr\u00f8jtning, klar til sommers\u00e6sonen.<\/p>\n","protected":false},"featured_media":92678,"comment_status":"open","ping_status":"closed","template":"","meta":{"inline_featured_image":false},"product_cat":[701],"product_tag":[2945,1003,2943],"acf":[],"yoast_head":"<!-- This site is optimized with the Yoast SEO plugin v22.5 - https:\/\/yoast.com\/wordpress\/plugins\/seo\/ -->\n<title>Volkswagen 1303 Cabriolet Triple White Beetle - Piston Addict<\/title>\n<meta name=\"robots\" content=\"index, follow, max-snippet:-1, max-image-preview:large, max-video-preview:-1\" \/>\n<link rel=\"canonical\" href=\"https:\/\/pistonaddict.com\/da\/product\/volkswagen-1303-convertible-triple-white-beetle\/\" \/>\n<meta property=\"og:locale\" content=\"da_DK\" \/>\n<meta property=\"og:type\" content=\"article\" \/>\n<meta property=\"og:title\" content=\"Volkswagen 1303 Cabriolet Triple White Beetle - Piston Addict\" \/>\n<meta property=\"og:description\" content=\"Volkswagens Beetle med samme navn var en af det 20. \u00e5rhundredes mest guddommelige biler og stadig en af de bedste startklassikere. Men cabriolet-versionen er meget sj\u00e6ldnere, sejere og perfekt til en kysttur under \u00e5ben himmel med et umiskendeligt soundtrack fra den firehjulede motor. Hvis du er betaget af de klassiske Beetle-linjer, men leder efter en, der har bedre k\u00f8reegenskaber og kr\u00e6fter, er dette den perfekte bil for dig. En mere eftertragtet, senere model 1303 Cabriolet med en kraftigere motor med benzinindspr\u00f8jtning, klar til sommers\u00e6sonen.\" \/>\n<meta property=\"og:url\" content=\"https:\/\/pistonaddict.com\/da\/product\/volkswagen-1303-convertible-triple-white-beetle\/\" \/>\n<meta property=\"og:site_name\" content=\"Piston Addict\" \/>\n<meta property=\"article:modified_time\" content=\"2024-03-20T08:46:53+00:00\" \/>\n<meta property=\"og:image\" content=\"https:\/\/pistonaddict.com\/wp-content\/uploads\/2024\/02\/b2c02738-a5a6-4266-893c-b51da700edcd-1.jpg\" \/>\n\t<meta property=\"og:image:width\" content=\"1600\" \/>\n\t<meta property=\"og:image:height\" content=\"1200\" \/>\n\t<meta property=\"og:image:type\" content=\"image\/jpeg\" \/>\n<meta name=\"twitter:card\" content=\"summary_large_image\" \/>\n<meta name=\"twitter:label1\" content=\"Estimeret l\u00e6setid\" \/>\n\t<meta name=\"twitter:data1\" content=\"3 minutter\" \/>\n<script type=\"application\/ld+json\" class=\"yoast-schema-graph\">{\"@context\":\"https:\/\/schema.org\",\"@graph\":[{\"@type\":\"WebPage\",\"@id\":\"https:\/\/pistonaddict.com\/da\/product\/volkswagen-1303-convertible-triple-white-beetle\/\",\"url\":\"https:\/\/pistonaddict.com\/da\/product\/volkswagen-1303-convertible-triple-white-beetle\/\",\"name\":\"Volkswagen 1303 Cabriolet Triple White Beetle - Piston Addict\",\"isPartOf\":{\"@id\":\"https:\/\/pistonaddict.com\/da\/#website\"},\"primaryImageOfPage\":{\"@id\":\"https:\/\/pistonaddict.com\/da\/product\/volkswagen-1303-convertible-triple-white-beetle\/#primaryimage\"},\"image\":{\"@id\":\"https:\/\/pistonaddict.com\/da\/product\/volkswagen-1303-convertible-triple-white-beetle\/#primaryimage\"},\"thumbnailUrl\":\"https:\/\/pistonaddict.com\/wp-content\/uploads\/2024\/02\/b2c02738-a5a6-4266-893c-b51da700edcd-1.jpg\",\"datePublished\":\"2024-02-23T13:19:05+00:00\",\"dateModified\":\"2024-03-20T08:46:53+00:00\",\"breadcrumb\":{\"@id\":\"https:\/\/pistonaddict.com\/da\/product\/volkswagen-1303-convertible-triple-white-beetle\/#breadcrumb\"},\"inLanguage\":\"da-DK\",\"potentialAction\":[{\"@type\":\"ReadAction\",\"target\":[\"https:\/\/pistonaddict.com\/da\/product\/volkswagen-1303-convertible-triple-white-beetle\/\"]}]},{\"@type\":\"ImageObject\",\"inLanguage\":\"da-DK\",\"@id\":\"https:\/\/pistonaddict.com\/da\/product\/volkswagen-1303-convertible-triple-white-beetle\/#primaryimage\",\"url\":\"https:\/\/pistonaddict.com\/wp-content\/uploads\/2024\/02\/b2c02738-a5a6-4266-893c-b51da700edcd-1.jpg\",\"contentUrl\":\"https:\/\/pistonaddict.com\/wp-content\/uploads\/2024\/02\/b2c02738-a5a6-4266-893c-b51da700edcd-1.jpg\",\"width\":1600,\"height\":1200},{\"@type\":\"BreadcrumbList\",\"@id\":\"https:\/\/pistonaddict.com\/da\/product\/volkswagen-1303-convertible-triple-white-beetle\/#breadcrumb\",\"itemListElement\":[{\"@type\":\"ListItem\",\"position\":1,\"name\":\"Hjemmeside\",\"item\":\"https:\/\/pistonaddict.com\/da\/hjemmeside-2\/\"},{\"@type\":\"ListItem\",\"position\":2,\"name\":\"Auctions\",\"item\":\"https:\/\/pistonaddict.com\/auctions-listing\/\"},{\"@type\":\"ListItem\",\"position\":3,\"name\":\"Volkswagen 1303 Cabriolet Triple White Beetle\"}]},{\"@type\":\"WebSite\",\"@id\":\"https:\/\/pistonaddict.com\/da\/#website\",\"url\":\"https:\/\/pistonaddict.com\/da\/\",\"name\":\"Piston Addict\",\"description\":\"Only interesting vehicles\",\"publisher\":{\"@id\":\"https:\/\/pistonaddict.com\/da\/#organization\"},\"potentialAction\":[{\"@type\":\"SearchAction\",\"target\":{\"@type\":\"EntryPoint\",\"urlTemplate\":\"https:\/\/pistonaddict.com\/da\/?s={search_term_string}\"},\"query-input\":\"required name=search_term_string\"}],\"inLanguage\":\"da-DK\"},{\"@type\":\"Organization\",\"@id\":\"https:\/\/pistonaddict.com\/da\/#organization\",\"name\":\"Piston Addict\",\"url\":\"https:\/\/pistonaddict.com\/da\/\",\"logo\":{\"@type\":\"ImageObject\",\"inLanguage\":\"da-DK\",\"@id\":\"https:\/\/pistonaddict.com\/da\/#\/schema\/logo\/image\/\",\"url\":\"https:\/\/pistonaddict.com\/wp-content\/uploads\/2022\/07\/logo-6.png\",\"contentUrl\":\"https:\/\/pistonaddict.com\/wp-content\/uploads\/2022\/07\/logo-6.png\",\"width\":970,\"height\":200,\"caption\":\"Piston Addict\"},\"image\":{\"@id\":\"https:\/\/pistonaddict.com\/da\/#\/schema\/logo\/image\/\"}}]}<\/script>\n<!-- \/ Yoast SEO plugin. -->","yoast_head_json":{"title":"Volkswagen 1303 Cabriolet Triple White Beetle - Piston Addict","robots":{"index":"index","follow":"follow","max-snippet":"max-snippet:-1","max-image-preview":"max-image-preview:large","max-video-preview":"max-video-preview:-1"},"canonical":"https:\/\/pistonaddict.com\/da\/product\/volkswagen-1303-convertible-triple-white-beetle\/","og_locale":"da_DK","og_type":"article","og_title":"Volkswagen 1303 Cabriolet Triple White Beetle - Piston Addict","og_description":"Volkswagens Beetle med samme navn var en af det 20. \u00e5rhundredes mest guddommelige biler og stadig en af de bedste startklassikere. Men cabriolet-versionen er meget sj\u00e6ldnere, sejere og perfekt til en kysttur under \u00e5ben himmel med et umiskendeligt soundtrack fra den firehjulede motor. Hvis du er betaget af de klassiske Beetle-linjer, men leder efter en, der har bedre k\u00f8reegenskaber og kr\u00e6fter, er dette den perfekte bil for dig. En mere eftertragtet, senere model 1303 Cabriolet med en kraftigere motor med benzinindspr\u00f8jtning, klar til sommers\u00e6sonen.","og_url":"https:\/\/pistonaddict.com\/da\/product\/volkswagen-1303-convertible-triple-white-beetle\/","og_site_name":"Piston Addict","article_modified_time":"2024-03-20T08:46:53+00:00","og_image":[{"width":1600,"height":1200,"url":"https:\/\/pistonaddict.com\/wp-content\/uploads\/2024\/02\/b2c02738-a5a6-4266-893c-b51da700edcd-1.jpg","type":"image\/jpeg"}],"twitter_card":"summary_large_image","twitter_misc":{"Estimeret l\u00e6setid":"3 minutter"},"schema":{"@context":"https:\/\/schema.org","@graph":[{"@type":"WebPage","@id":"https:\/\/pistonaddict.com\/da\/product\/volkswagen-1303-convertible-triple-white-beetle\/","url":"https:\/\/pistonaddict.com\/da\/product\/volkswagen-1303-convertible-triple-white-beetle\/","name":"Volkswagen 1303 Cabriolet Triple White Beetle - Piston Addict","isPartOf":{"@id":"https:\/\/pistonaddict.com\/da\/#website"},"primaryImageOfPage":{"@id":"https:\/\/pistonaddict.com\/da\/product\/volkswagen-1303-convertible-triple-white-beetle\/#primaryimage"},"image":{"@id":"https:\/\/pistonaddict.com\/da\/product\/volkswagen-1303-convertible-triple-white-beetle\/#primaryimage"},"thumbnailUrl":"https:\/\/pistonaddict.com\/wp-content\/uploads\/2024\/02\/b2c02738-a5a6-4266-893c-b51da700edcd-1.jpg","datePublished":"2024-02-23T13:19:05+00:00","dateModified":"2024-03-20T08:46:53+00:00","breadcrumb":{"@id":"https:\/\/pistonaddict.com\/da\/product\/volkswagen-1303-convertible-triple-white-beetle\/#breadcrumb"},"inLanguage":"da-DK","potentialAction":[{"@type":"ReadAction","target":["https:\/\/pistonaddict.com\/da\/product\/volkswagen-1303-convertible-triple-white-beetle\/"]}]},{"@type":"ImageObject","inLanguage":"da-DK","@id":"https:\/\/pistonaddict.com\/da\/product\/volkswagen-1303-convertible-triple-white-beetle\/#primaryimage","url":"https:\/\/pistonaddict.com\/wp-content\/uploads\/2024\/02\/b2c02738-a5a6-4266-893c-b51da700edcd-1.jpg","contentUrl":"https:\/\/pistonaddict.com\/wp-content\/uploads\/2024\/02\/b2c02738-a5a6-4266-893c-b51da700edcd-1.jpg","width":1600,"height":1200},{"@type":"BreadcrumbList","@id":"https:\/\/pistonaddict.com\/da\/product\/volkswagen-1303-convertible-triple-white-beetle\/#breadcrumb","itemListElement":[{"@type":"ListItem","position":1,"name":"Hjemmeside","item":"https:\/\/pistonaddict.com\/da\/hjemmeside-2\/"},{"@type":"ListItem","position":2,"name":"Auctions","item":"https:\/\/pistonaddict.com\/auctions-listing\/"},{"@type":"ListItem","position":3,"name":"Volkswagen 1303 Cabriolet Triple White Beetle"}]},{"@type":"WebSite","@id":"https:\/\/pistonaddict.com\/da\/#website","url":"https:\/\/pistonaddict.com\/da\/","name":"Piston Addict","description":"Only interesting vehicles","publisher":{"@id":"https:\/\/pistonaddict.com\/da\/#organization"},"potentialAction":[{"@type":"SearchAction","target":{"@type":"EntryPoint","urlTemplate":"https:\/\/pistonaddict.com\/da\/?s={search_term_string}"},"query-input":"required name=search_term_string"}],"inLanguage":"da-DK"},{"@type":"Organization","@id":"https:\/\/pistonaddict.com\/da\/#organization","name":"Piston Addict","url":"https:\/\/pistonaddict.com\/da\/","logo":{"@type":"ImageObject","inLanguage":"da-DK","@id":"https:\/\/pistonaddict.com\/da\/#\/schema\/logo\/image\/","url":"https:\/\/pistonaddict.com\/wp-content\/uploads\/2022\/07\/logo-6.png","contentUrl":"https:\/\/pistonaddict.com\/wp-content\/uploads\/2022\/07\/logo-6.png","width":970,"height":200,"caption":"Piston Addict"},"image":{"@id":"https:\/\/pistonaddict.com\/da\/#\/schema\/logo\/image\/"}}]}},"_links":{"self":[{"href":"https:\/\/pistonaddict.com\/da\/wp-json\/wp\/v2\/product\/92881"}],"collection":[{"href":"https:\/\/pistonaddict.com\/da\/wp-json\/wp\/v2\/product"}],"about":[{"href":"https:\/\/pistonaddict.com\/da\/wp-json\/wp\/v2\/types\/product"}],"replies":[{"embeddable":true,"href":"https:\/\/pistonaddict.com\/da\/wp-json\/wp\/v2\/comments?post=92881"}],"wp:featuredmedia":[{"embeddable":true,"href":"https:\/\/pistonaddict.com\/da\/wp-json\/wp\/v2\/media\/92678"}],"wp:attachment":[{"href":"https:\/\/pistonaddict.com\/da\/wp-json\/wp\/v2\/media?parent=92881"}],"wp:term":[{"taxonomy":"product_cat","embeddable":true,"href":"https:\/\/pistonaddict.com\/da\/wp-json\/wp\/v2\/product_cat?post=92881"},{"taxonomy":"product_tag","embeddable":true,"href":"https:\/\/pistonaddict.com\/da\/wp-json\/wp\/v2\/product_tag?post=92881"}],"curies":[{"name":"wp","href":"https:\/\/api.w.org\/{rel}","templated":true}]}}