{"id":89342,"date":"2024-01-31T11:03:43","date_gmt":"2024-01-31T10:03:43","guid":{"rendered":"https:\/\/pistonaddict.com\/product\/abarth-695-tributo-ferrari-no424\/"},"modified":"2024-03-20T09:44:54","modified_gmt":"2024-03-20T08:44:54","slug":"abarth-695-tributo-ferrari-no424","status":"publish","type":"product","link":"https:\/\/pistonaddict.com\/da\/product\/abarth-695-tributo-ferrari-no424\/","title":{"rendered":"Abarth 695 Tributo Ferrari n\u00ba424"},"content":{"rendered":"<h2>Udvendig<\/h2>\n<p>695 er baseret p\u00e5 en ber\u00f8mt og enormt popul\u00e6r Fiat 500 og beh\u00f8ver nok ikke den store introduktion. Det, Abarth gjorde, var at tilf\u00f8je nogle massive kofangere foran og bagp\u00e5 sammen med matchende karmbeskyttere, h\u00e6kspoiler og dobbelt udst\u00f8dning. Og for at pifte den endnu mere op, har de monteret detaljer som spejlkapper i kulfiber og det i\u00f8jnefaldende <em>Tributo Ferrari-badge<\/em> p\u00e5 de bageste paneler.<br \/>\nDenne Abart 695 er lakeret i en ildr\u00f8d farve med gr\u00e5 racerstriber, der starter p\u00e5 motorhjelmen, str\u00e6kker sig over taget og slutter p\u00e5 bagklappen. Hvor meget bilen har k\u00f8rt &#8211; eller ikke k\u00f8rt, for at v\u00e6re mere pr\u00e6cis &#8211; ses bedst p\u00e5 de 17 tommer store hjul, som stadig har fabriksmonterede Michelin Pilot-d\u00e6k.<\/p>\n<h2>Interi\u00f8r<\/h2>\n<p>Ligesom p\u00e5 ydersiden afsl\u00f8rer bilens interi\u00f8r hurtigt dens sande natur. Til at begynde med har fors\u00e6derne, der er fremstillet af Sabelt, en kulfiberstruktur og er ekstremt st\u00f8ttende. N\u00e5r f\u00f8reren har sat sig ind i bilen, sidder han bag et l\u00e6derrat med tre eger og r\u00f8de accenter og syninger. Da denne Abart er en model med automatiseret gearkasse, har den ikke en gearstang p\u00e5 midterkonsollen &#8211; i stedet er der kun flere knapper til at v\u00e6lge bakgear, k\u00f8rsel eller neutral. Men der er ogs\u00e5 paddles p\u00e5 rattet, n\u00e5r f\u00f8reren \u00f8nsker at skifte gear manuelt.<\/p>\n<p>Hele interi\u00f8ret er d\u00e6kket af uds\u00f8gte detaljer, s\u00e5som kulfiberlister, aircondition og stereoanl\u00e6g med USB-forbindelse samt <em>Tributo Ferrari-m\u00e6rker<\/em> hele vejen rundt.<\/p>\n<h2>Mekanik<\/h2>\n<p>Denne aggressivt udseende italienske sportster har en 1,4-liters turboladet motor, som Abarths ingeni\u00f8rer har form\u00e5et at presse forbl\u00f8ffende 180 hestekr\u00e6fter ud af. Kr\u00e6fterne leveres til forhjulene via en halvautomatisk MTA-transmission, som fungerer b\u00e5de i automatisk og manuel tilstand. Det er klart, at s\u00e5 mange kr\u00e6fter i en s\u00e5 let bil vil resultere i nogle spektakul\u00e6re pr\u00e6stationer, s\u00e5som en tophastighed p\u00e5 mere end 220 kilometer i timen. For at holde alt dette i skak er denne Abarth 695 udstyret med en stivere affjedring og st\u00f8rre bremser.<\/p>\n<h2>K\u00f8ret\u00f8jets historie<\/h2>\n<p>Den professionelle s\u00e6lger, som k\u00f8bte den for nylig, beskriver Abarth&#8217;ens stand som n\u00e6sten perfekt. Ud over det lave kilometertal er bilen sidst blevet serviceret i januar 2023, hvor motorolien blev skiftet. Indvendigt og udvendigt er der ingen tegn p\u00e5 slid, skader eller rust, og de eneste visuelle fejl er to mindre ridser i h\u00f8jre side. Disse vil dog blive repareret professionelt uden omkostninger for den fremtidige ejer, n\u00e5r bilen er solgt.<\/p>\n<p>Endelig har bilen, som i \u00f8jeblikket befinder sig i Spanien, if\u00f8lge s\u00e6lgeren aldrig v\u00e6ret involveret i en ulykke, hvilket en tilsvarende <a href=\"https:\/\/pistonaddict.com\/wp-content\/uploads\/2024\/01\/carfaxAbarth695.pdf\">CARFAX<\/a> Vehicle History Report beviser. Spansk MOT (ITV) godkendt og gyldig indtil december 2024.<\/p>\n<p><strong>Se koldstartsvideoen af denne smukke Abarth 695 Tributo Ferrari :<\/strong><\/p>\n<p><iframe title=\"Cold Start Video of the Abarth 500 Tributo Ferrari\" width=\"1200\" height=\"675\" src=\"https:\/\/www.youtube.com\/embed\/lzDg2i_JYA4?feature=oembed\" frameborder=\"0\" allow=\"accelerometer; autoplay; clipboard-write; encrypted-media; gyroscope; picture-in-picture; web-share\" allowfullscreen><\/iframe><\/p>\n<p>&nbsp;<\/p>\n","protected":false},"excerpt":{"rendered":"<p>En lille bybil beh\u00f8ver ikke n\u00f8dvendigvis kun at v\u00e6re en praktisk m\u00e5de at komme rundt p\u00e5 i trange omgivelser. I stedet kan den med det rigtige udstyr under motorhjelmen v\u00e6re en \u00e6gte lommeraket, som, hvis den er kl\u00e6dt ordentligt p\u00e5, ogs\u00e5 ser fantastisk ud. En af disse biler er Abarth 500, som er baseret p\u00e5 Fiats enormt succesfulde reinkarnation af deres legendariske model fra 60&#8217;erne. Men den s\u00e6rlige model, der bortauktioneres her, er en endnu mere krydret Abarth 695-variant, som blev bygget i 2010 og kun har k\u00f8rt 6.800 kilometer indtil videre. Og for at \u00f8ge eksklusiviteten er dette en sj\u00e6lden Tributo Ferrari-model, hvis produktionsantal var begr\u00e6nset til 1.695 enheder. S\u00e5 lad os se, hvad denne eksklusive og aggressivt udseende bil har at byde p\u00e5&#8230;<\/p>\n","protected":false},"featured_media":89370,"comment_status":"open","ping_status":"closed","template":"","meta":{"inline_featured_image":false},"product_cat":[701],"product_tag":[2892,2893,903],"acf":[],"yoast_head":"<!-- This site is optimized with the Yoast SEO plugin v22.5 - https:\/\/yoast.com\/wordpress\/plugins\/seo\/ -->\n<title>Abarth 695 Tributo Ferrari n\u00ba424 - Piston Addict<\/title>\n<meta name=\"robots\" content=\"index, follow, max-snippet:-1, max-image-preview:large, max-video-preview:-1\" \/>\n<link rel=\"canonical\" href=\"https:\/\/pistonaddict.com\/da\/product\/abarth-695-tributo-ferrari-no424\/\" \/>\n<meta property=\"og:locale\" content=\"da_DK\" \/>\n<meta property=\"og:type\" content=\"article\" \/>\n<meta property=\"og:title\" content=\"Abarth 695 Tributo Ferrari n\u00ba424 - Piston Addict\" \/>\n<meta property=\"og:description\" content=\"En lille bybil beh\u00f8ver ikke n\u00f8dvendigvis kun at v\u00e6re en praktisk m\u00e5de at komme rundt p\u00e5 i trange omgivelser. I stedet kan den med det rigtige udstyr under motorhjelmen v\u00e6re en \u00e6gte lommeraket, som, hvis den er kl\u00e6dt ordentligt p\u00e5, ogs\u00e5 ser fantastisk ud. En af disse biler er Abarth 500, som er baseret p\u00e5 Fiats enormt succesfulde reinkarnation af deres legendariske model fra 60&#039;erne. Men den s\u00e6rlige model, der bortauktioneres her, er en endnu mere krydret Abarth 695-variant, som blev bygget i 2010 og kun har k\u00f8rt 6.800 kilometer indtil videre. Og for at \u00f8ge eksklusiviteten er dette en sj\u00e6lden Tributo Ferrari-model, hvis produktionsantal var begr\u00e6nset til 1.695 enheder. S\u00e5 lad os se, hvad denne eksklusive og aggressivt udseende bil har at byde p\u00e5...\" \/>\n<meta property=\"og:url\" content=\"https:\/\/pistonaddict.com\/da\/product\/abarth-695-tributo-ferrari-no424\/\" \/>\n<meta property=\"og:site_name\" content=\"Piston Addict\" \/>\n<meta property=\"article:modified_time\" content=\"2024-03-20T08:44:54+00:00\" \/>\n<meta property=\"og:image\" content=\"https:\/\/pistonaddict.com\/wp-content\/uploads\/2024\/01\/IMG-20240110-WA0149-1.jpg\" \/>\n\t<meta property=\"og:image:width\" content=\"1600\" \/>\n\t<meta property=\"og:image:height\" content=\"1200\" \/>\n\t<meta property=\"og:image:type\" content=\"image\/jpeg\" \/>\n<meta name=\"twitter:card\" content=\"summary_large_image\" \/>\n<meta name=\"twitter:label1\" content=\"Estimeret l\u00e6setid\" \/>\n\t<meta name=\"twitter:data1\" content=\"2 minutter\" \/>\n<script type=\"application\/ld+json\" class=\"yoast-schema-graph\">{\"@context\":\"https:\/\/schema.org\",\"@graph\":[{\"@type\":\"WebPage\",\"@id\":\"https:\/\/pistonaddict.com\/da\/product\/abarth-695-tributo-ferrari-no424\/\",\"url\":\"https:\/\/pistonaddict.com\/da\/product\/abarth-695-tributo-ferrari-no424\/\",\"name\":\"Abarth 695 Tributo Ferrari n\u00ba424 - Piston Addict\",\"isPartOf\":{\"@id\":\"https:\/\/pistonaddict.com\/da\/#website\"},\"primaryImageOfPage\":{\"@id\":\"https:\/\/pistonaddict.com\/da\/product\/abarth-695-tributo-ferrari-no424\/#primaryimage\"},\"image\":{\"@id\":\"https:\/\/pistonaddict.com\/da\/product\/abarth-695-tributo-ferrari-no424\/#primaryimage\"},\"thumbnailUrl\":\"https:\/\/pistonaddict.com\/wp-content\/uploads\/2024\/01\/IMG-20240110-WA0149-1.jpg\",\"datePublished\":\"2024-01-31T10:03:43+00:00\",\"dateModified\":\"2024-03-20T08:44:54+00:00\",\"breadcrumb\":{\"@id\":\"https:\/\/pistonaddict.com\/da\/product\/abarth-695-tributo-ferrari-no424\/#breadcrumb\"},\"inLanguage\":\"da-DK\",\"potentialAction\":[{\"@type\":\"ReadAction\",\"target\":[\"https:\/\/pistonaddict.com\/da\/product\/abarth-695-tributo-ferrari-no424\/\"]}]},{\"@type\":\"ImageObject\",\"inLanguage\":\"da-DK\",\"@id\":\"https:\/\/pistonaddict.com\/da\/product\/abarth-695-tributo-ferrari-no424\/#primaryimage\",\"url\":\"https:\/\/pistonaddict.com\/wp-content\/uploads\/2024\/01\/IMG-20240110-WA0149-1.jpg\",\"contentUrl\":\"https:\/\/pistonaddict.com\/wp-content\/uploads\/2024\/01\/IMG-20240110-WA0149-1.jpg\",\"width\":1600,\"height\":1200},{\"@type\":\"BreadcrumbList\",\"@id\":\"https:\/\/pistonaddict.com\/da\/product\/abarth-695-tributo-ferrari-no424\/#breadcrumb\",\"itemListElement\":[{\"@type\":\"ListItem\",\"position\":1,\"name\":\"Hjemmeside\",\"item\":\"https:\/\/pistonaddict.com\/da\/hjemmeside-2\/\"},{\"@type\":\"ListItem\",\"position\":2,\"name\":\"Auctions\",\"item\":\"https:\/\/pistonaddict.com\/auctions-listing\/\"},{\"@type\":\"ListItem\",\"position\":3,\"name\":\"Abarth 695 Tributo Ferrari n\u00ba424\"}]},{\"@type\":\"WebSite\",\"@id\":\"https:\/\/pistonaddict.com\/da\/#website\",\"url\":\"https:\/\/pistonaddict.com\/da\/\",\"name\":\"Piston Addict\",\"description\":\"Only interesting vehicles\",\"publisher\":{\"@id\":\"https:\/\/pistonaddict.com\/da\/#organization\"},\"potentialAction\":[{\"@type\":\"SearchAction\",\"target\":{\"@type\":\"EntryPoint\",\"urlTemplate\":\"https:\/\/pistonaddict.com\/da\/?s={search_term_string}\"},\"query-input\":\"required name=search_term_string\"}],\"inLanguage\":\"da-DK\"},{\"@type\":\"Organization\",\"@id\":\"https:\/\/pistonaddict.com\/da\/#organization\",\"name\":\"Piston Addict\",\"url\":\"https:\/\/pistonaddict.com\/da\/\",\"logo\":{\"@type\":\"ImageObject\",\"inLanguage\":\"da-DK\",\"@id\":\"https:\/\/pistonaddict.com\/da\/#\/schema\/logo\/image\/\",\"url\":\"https:\/\/pistonaddict.com\/wp-content\/uploads\/2022\/07\/logo-6.png\",\"contentUrl\":\"https:\/\/pistonaddict.com\/wp-content\/uploads\/2022\/07\/logo-6.png\",\"width\":970,\"height\":200,\"caption\":\"Piston Addict\"},\"image\":{\"@id\":\"https:\/\/pistonaddict.com\/da\/#\/schema\/logo\/image\/\"}}]}<\/script>\n<!-- \/ Yoast SEO plugin. -->","yoast_head_json":{"title":"Abarth 695 Tributo Ferrari n\u00ba424 - Piston Addict","robots":{"index":"index","follow":"follow","max-snippet":"max-snippet:-1","max-image-preview":"max-image-preview:large","max-video-preview":"max-video-preview:-1"},"canonical":"https:\/\/pistonaddict.com\/da\/product\/abarth-695-tributo-ferrari-no424\/","og_locale":"da_DK","og_type":"article","og_title":"Abarth 695 Tributo Ferrari n\u00ba424 - Piston Addict","og_description":"En lille bybil beh\u00f8ver ikke n\u00f8dvendigvis kun at v\u00e6re en praktisk m\u00e5de at komme rundt p\u00e5 i trange omgivelser. I stedet kan den med det rigtige udstyr under motorhjelmen v\u00e6re en \u00e6gte lommeraket, som, hvis den er kl\u00e6dt ordentligt p\u00e5, ogs\u00e5 ser fantastisk ud. En af disse biler er Abarth 500, som er baseret p\u00e5 Fiats enormt succesfulde reinkarnation af deres legendariske model fra 60'erne. Men den s\u00e6rlige model, der bortauktioneres her, er en endnu mere krydret Abarth 695-variant, som blev bygget i 2010 og kun har k\u00f8rt 6.800 kilometer indtil videre. Og for at \u00f8ge eksklusiviteten er dette en sj\u00e6lden Tributo Ferrari-model, hvis produktionsantal var begr\u00e6nset til 1.695 enheder. S\u00e5 lad os se, hvad denne eksklusive og aggressivt udseende bil har at byde p\u00e5...","og_url":"https:\/\/pistonaddict.com\/da\/product\/abarth-695-tributo-ferrari-no424\/","og_site_name":"Piston Addict","article_modified_time":"2024-03-20T08:44:54+00:00","og_image":[{"width":1600,"height":1200,"url":"https:\/\/pistonaddict.com\/wp-content\/uploads\/2024\/01\/IMG-20240110-WA0149-1.jpg","type":"image\/jpeg"}],"twitter_card":"summary_large_image","twitter_misc":{"Estimeret l\u00e6setid":"2 minutter"},"schema":{"@context":"https:\/\/schema.org","@graph":[{"@type":"WebPage","@id":"https:\/\/pistonaddict.com\/da\/product\/abarth-695-tributo-ferrari-no424\/","url":"https:\/\/pistonaddict.com\/da\/product\/abarth-695-tributo-ferrari-no424\/","name":"Abarth 695 Tributo Ferrari n\u00ba424 - Piston Addict","isPartOf":{"@id":"https:\/\/pistonaddict.com\/da\/#website"},"primaryImageOfPage":{"@id":"https:\/\/pistonaddict.com\/da\/product\/abarth-695-tributo-ferrari-no424\/#primaryimage"},"image":{"@id":"https:\/\/pistonaddict.com\/da\/product\/abarth-695-tributo-ferrari-no424\/#primaryimage"},"thumbnailUrl":"https:\/\/pistonaddict.com\/wp-content\/uploads\/2024\/01\/IMG-20240110-WA0149-1.jpg","datePublished":"2024-01-31T10:03:43+00:00","dateModified":"2024-03-20T08:44:54+00:00","breadcrumb":{"@id":"https:\/\/pistonaddict.com\/da\/product\/abarth-695-tributo-ferrari-no424\/#breadcrumb"},"inLanguage":"da-DK","potentialAction":[{"@type":"ReadAction","target":["https:\/\/pistonaddict.com\/da\/product\/abarth-695-tributo-ferrari-no424\/"]}]},{"@type":"ImageObject","inLanguage":"da-DK","@id":"https:\/\/pistonaddict.com\/da\/product\/abarth-695-tributo-ferrari-no424\/#primaryimage","url":"https:\/\/pistonaddict.com\/wp-content\/uploads\/2024\/01\/IMG-20240110-WA0149-1.jpg","contentUrl":"https:\/\/pistonaddict.com\/wp-content\/uploads\/2024\/01\/IMG-20240110-WA0149-1.jpg","width":1600,"height":1200},{"@type":"BreadcrumbList","@id":"https:\/\/pistonaddict.com\/da\/product\/abarth-695-tributo-ferrari-no424\/#breadcrumb","itemListElement":[{"@type":"ListItem","position":1,"name":"Hjemmeside","item":"https:\/\/pistonaddict.com\/da\/hjemmeside-2\/"},{"@type":"ListItem","position":2,"name":"Auctions","item":"https:\/\/pistonaddict.com\/auctions-listing\/"},{"@type":"ListItem","position":3,"name":"Abarth 695 Tributo Ferrari n\u00ba424"}]},{"@type":"WebSite","@id":"https:\/\/pistonaddict.com\/da\/#website","url":"https:\/\/pistonaddict.com\/da\/","name":"Piston Addict","description":"Only interesting vehicles","publisher":{"@id":"https:\/\/pistonaddict.com\/da\/#organization"},"potentialAction":[{"@type":"SearchAction","target":{"@type":"EntryPoint","urlTemplate":"https:\/\/pistonaddict.com\/da\/?s={search_term_string}"},"query-input":"required name=search_term_string"}],"inLanguage":"da-DK"},{"@type":"Organization","@id":"https:\/\/pistonaddict.com\/da\/#organization","name":"Piston Addict","url":"https:\/\/pistonaddict.com\/da\/","logo":{"@type":"ImageObject","inLanguage":"da-DK","@id":"https:\/\/pistonaddict.com\/da\/#\/schema\/logo\/image\/","url":"https:\/\/pistonaddict.com\/wp-content\/uploads\/2022\/07\/logo-6.png","contentUrl":"https:\/\/pistonaddict.com\/wp-content\/uploads\/2022\/07\/logo-6.png","width":970,"height":200,"caption":"Piston Addict"},"image":{"@id":"https:\/\/pistonaddict.com\/da\/#\/schema\/logo\/image\/"}}]}},"_links":{"self":[{"href":"https:\/\/pistonaddict.com\/da\/wp-json\/wp\/v2\/product\/89342"}],"collection":[{"href":"https:\/\/pistonaddict.com\/da\/wp-json\/wp\/v2\/product"}],"about":[{"href":"https:\/\/pistonaddict.com\/da\/wp-json\/wp\/v2\/types\/product"}],"replies":[{"embeddable":true,"href":"https:\/\/pistonaddict.com\/da\/wp-json\/wp\/v2\/comments?post=89342"}],"wp:featuredmedia":[{"embeddable":true,"href":"https:\/\/pistonaddict.com\/da\/wp-json\/wp\/v2\/media\/89370"}],"wp:attachment":[{"href":"https:\/\/pistonaddict.com\/da\/wp-json\/wp\/v2\/media?parent=89342"}],"wp:term":[{"taxonomy":"product_cat","embeddable":true,"href":"https:\/\/pistonaddict.com\/da\/wp-json\/wp\/v2\/product_cat?post=89342"},{"taxonomy":"product_tag","embeddable":true,"href":"https:\/\/pistonaddict.com\/da\/wp-json\/wp\/v2\/product_tag?post=89342"}],"curies":[{"name":"wp","href":"https:\/\/api.w.org\/{rel}","templated":true}]}}