{"id":82543,"date":"2024-01-17T09:08:31","date_gmt":"2024-01-17T08:08:31","guid":{"rendered":"https:\/\/pistonaddict.com\/product\/mg-a-coupe\/"},"modified":"2024-05-29T10:46:20","modified_gmt":"2024-05-29T08:46:20","slug":"mg-a-coupe","status":"publish","type":"product","link":"https:\/\/pistonaddict.com\/da\/product\/mg-a-coupe\/","title":{"rendered":"MG A Coup\u00e9"},"content":{"rendered":"<p><strong>Bilens historie<\/strong><\/p>\n<p>Selvom MG nu er ejet af kineserne og s\u00e6lger en r\u00e6kke kedelige SUV&#8217;er, vil dette m\u00e6rke for altid v\u00e6re synonymt med coup\u00e9er og roadstere, der var Mazda Miata&#8217;er i sin tid. MG&#8217;erne fra den tid er sm\u00e5, smidige, hurtige og sjove, og de v\u00e6kker stadig genklang hos entusiaster verden over. Med omdrejningsvillige motorer, baghjulstr\u00e6k, pr\u00e6cis styring og livlige pr\u00e6stationer startede MG virkelig hele den prisvenlige sportsvognsscene allerede f\u00f8r Anden Verdenskrig. Men da MG A kom i 1955, var det en topmoderne model, ikke bare p\u00e5 grund af udseendet, men ogs\u00e5 p\u00e5 grund af teknologien. Den solgte ret godt i USA, hvilket gav virksomheden et boost til mange efterf\u00f8lgende modeller. At kombinere et smukt udseende med motorsportssucces var en vinderformel for MG A, og det er det, der g\u00f8r den s\u00e5 speciel og eftertragtet. Dette eksemplar blev produceret i 1959, og det er anden serie af modellen med en kraftigere 1.600 ccm motor med 80 hk. Det var en betydelig st\u00f8rrelse i forhold til datidens standarder, og med en t\u00e6t 4-trins manuel gearkasse er den mere end i stand til at levere den samme sp\u00e6nding i dag, som den gjorde for alle de \u00e5r siden. MG A 1600 var kendt for at have skivebremser foran, en meget avanceret teknologi i 1959. Dette eksemplar er et af blot 31.000, der blev produceret mellem 1959 og 1962, da produktionen af MG A sluttede.<\/p>\n<p><strong>Interi\u00f8r<\/strong><\/p>\n<p>Interi\u00f8ret i denne MG A Coupe 1600 fra 1959 er udf\u00f8rt i r\u00f8dt l\u00e6der og er i perfekt stand. Med alt i orden og lige pr\u00e6cis nok patina til at g\u00f8re den s\u00e5 charmerende, er s\u00e6derne et godt sted at nyde denne bil. Selv om vi ikke kan tale om moderne funktioner i en bil, der er 65 \u00e5r gammel, er der charmerende analoge urskiver og et varmeapparat, som ville blive betragtet som topspecifikationer dengang. Sikkerhedsselerne er blevet opgraderet til mere moderne trepunktsseler af hensyn til sikkerheden og brugervenligheden.<\/p>\n<p><strong>Tilstand<\/strong><\/p>\n<p>Med kun 51.824 kilometer fra ny (menes at v\u00e6re original) har denne MG A v\u00e6ret genstand for en omhyggelig og let restaurering engang i fortiden (vandpumpe, bagbremser og karburator er blevet skiftet i 2022). Heldigvis er alle detaljer blevet omhyggeligt restaureret, og bilen er i meget tidstypisk stand uden rust, er fuldt funktionsdygtig og har ingen mekaniske problemer. S\u00e6lgeren k\u00f8bte bilen for nylig og udf\u00f8rte regelm\u00e6ssig vedligeholdelse i slutningen af 2023, hvor bremserne blev efterset for blot et par dage siden i januar 2024.<\/p>\n<p><strong>Udvendigt og hjul<\/strong><\/p>\n<p>Den klassiske sorte lak er i god stand, ingen buler og ingen st\u00f8rre ridser. Alt krom (hvilket er meget vigtigt i klassiske biler som denne) er i perfekt stand, inklusive k\u00f8lergrill, kofangere og lister. Kombinationen af sort eksteri\u00f8r og r\u00f8dt interi\u00f8r er sl\u00e5ende og fremh\u00e6ver bilens linjer. De originale 15-tommer hjul er pakket ind i helt nyt gummi, hvilket g\u00f8r denne bil helt klar til den n\u00e6ste ejer og weekendk\u00f8rsler denne sommer.<\/p>\n<p><strong>Dokumentation<\/strong><\/p>\n<p>Forhandleren s\u00e6lger dette k\u00f8ret\u00f8j med passende dokumentation (alle fakturaer, den britiske motorindustris Heritage Trust-certificerede kopi og brugervejledningen), der befinder sig i Spanien. Da denne bil er fra 1959, er der ingen CarFax-rapporter, men heller ingen beviser p\u00e5 ulykker, reparationer, ejerskab eller juridiske problemer. Der er optegnelser over regelm\u00e6ssig vedligeholdelse og kvitteringer.<br \/>\n<strong>Spansk MOT (ITV) godkendt og gyldig indtil august 2028.<\/strong><\/p>\n<p><strong>Se koldstartsvideoen af denne smukke MG A Coupe :<\/strong><\/p>\n<p><iframe title=\"Cold Start Video of MGA coupe\" width=\"1200\" height=\"675\" src=\"https:\/\/www.youtube.com\/embed\/IaLRg9Rs9iY?feature=oembed\" frameborder=\"0\" allow=\"accelerometer; autoplay; clipboard-write; encrypted-media; gyroscope; picture-in-picture; web-share\" allowfullscreen><\/iframe><\/p>\n","protected":false},"excerpt":{"rendered":"<p>Hvis vi vil udforske tilblivelsen af moderne sportsvogne, b\u00f8r vi starte med den legendariske MG A. Med et str\u00f8mlinet karrosseri, omdrejningsvillige motorer, fremragende pr\u00e6stationer (for den periode) og en overkommelig pris revolutionerede denne sportsvogn segmentet. Den forblev en af de vigtigste britiske coup\u00e9er nogensinde.<\/p>\n","protected":false},"featured_media":81139,"comment_status":"open","ping_status":"closed","template":"","meta":{"inline_featured_image":false},"product_cat":[701],"product_tag":[2849,1003,2848],"acf":[],"yoast_head":"<!-- This site is optimized with the Yoast SEO plugin v22.5 - https:\/\/yoast.com\/wordpress\/plugins\/seo\/ -->\n<title>MG A Coup\u00e9 - Piston Addict<\/title>\n<meta name=\"robots\" content=\"index, follow, max-snippet:-1, max-image-preview:large, max-video-preview:-1\" \/>\n<link rel=\"canonical\" href=\"https:\/\/pistonaddict.com\/da\/product\/mg-a-coupe\/\" \/>\n<meta property=\"og:locale\" content=\"da_DK\" \/>\n<meta property=\"og:type\" content=\"article\" \/>\n<meta property=\"og:title\" content=\"MG A Coup\u00e9 - Piston Addict\" \/>\n<meta property=\"og:description\" content=\"Hvis vi vil udforske tilblivelsen af moderne sportsvogne, b\u00f8r vi starte med den legendariske MG A. Med et str\u00f8mlinet karrosseri, omdrejningsvillige motorer, fremragende pr\u00e6stationer (for den periode) og en overkommelig pris revolutionerede denne sportsvogn segmentet. Den forblev en af de vigtigste britiske coup\u00e9er nogensinde.\" \/>\n<meta property=\"og:url\" content=\"https:\/\/pistonaddict.com\/da\/product\/mg-a-coupe\/\" \/>\n<meta property=\"og:site_name\" content=\"Piston Addict\" \/>\n<meta property=\"article:modified_time\" content=\"2024-05-29T08:46:20+00:00\" \/>\n<meta property=\"og:image\" content=\"https:\/\/pistonaddict.com\/wp-content\/uploads\/2024\/01\/IMG-20231031-WA0006.jpg\" \/>\n\t<meta property=\"og:image:width\" content=\"1600\" \/>\n\t<meta property=\"og:image:height\" content=\"1200\" \/>\n\t<meta property=\"og:image:type\" content=\"image\/jpeg\" \/>\n<meta name=\"twitter:card\" content=\"summary_large_image\" \/>\n<meta name=\"twitter:label1\" content=\"Estimeret l\u00e6setid\" \/>\n\t<meta name=\"twitter:data1\" content=\"3 minutter\" \/>\n<script type=\"application\/ld+json\" class=\"yoast-schema-graph\">{\"@context\":\"https:\/\/schema.org\",\"@graph\":[{\"@type\":\"WebPage\",\"@id\":\"https:\/\/pistonaddict.com\/da\/product\/mg-a-coupe\/\",\"url\":\"https:\/\/pistonaddict.com\/da\/product\/mg-a-coupe\/\",\"name\":\"MG A Coup\u00e9 - Piston Addict\",\"isPartOf\":{\"@id\":\"https:\/\/pistonaddict.com\/da\/#website\"},\"primaryImageOfPage\":{\"@id\":\"https:\/\/pistonaddict.com\/da\/product\/mg-a-coupe\/#primaryimage\"},\"image\":{\"@id\":\"https:\/\/pistonaddict.com\/da\/product\/mg-a-coupe\/#primaryimage\"},\"thumbnailUrl\":\"https:\/\/pistonaddict.com\/wp-content\/uploads\/2024\/01\/IMG-20231031-WA0006.jpg\",\"datePublished\":\"2024-01-17T08:08:31+00:00\",\"dateModified\":\"2024-05-29T08:46:20+00:00\",\"breadcrumb\":{\"@id\":\"https:\/\/pistonaddict.com\/da\/product\/mg-a-coupe\/#breadcrumb\"},\"inLanguage\":\"da-DK\",\"potentialAction\":[{\"@type\":\"ReadAction\",\"target\":[\"https:\/\/pistonaddict.com\/da\/product\/mg-a-coupe\/\"]}]},{\"@type\":\"ImageObject\",\"inLanguage\":\"da-DK\",\"@id\":\"https:\/\/pistonaddict.com\/da\/product\/mg-a-coupe\/#primaryimage\",\"url\":\"https:\/\/pistonaddict.com\/wp-content\/uploads\/2024\/01\/IMG-20231031-WA0006.jpg\",\"contentUrl\":\"https:\/\/pistonaddict.com\/wp-content\/uploads\/2024\/01\/IMG-20231031-WA0006.jpg\",\"width\":1600,\"height\":1200},{\"@type\":\"BreadcrumbList\",\"@id\":\"https:\/\/pistonaddict.com\/da\/product\/mg-a-coupe\/#breadcrumb\",\"itemListElement\":[{\"@type\":\"ListItem\",\"position\":1,\"name\":\"Hjemmeside\",\"item\":\"https:\/\/pistonaddict.com\/da\/hjemmeside-2\/\"},{\"@type\":\"ListItem\",\"position\":2,\"name\":\"Auctions\",\"item\":\"https:\/\/pistonaddict.com\/auctions-listing\/\"},{\"@type\":\"ListItem\",\"position\":3,\"name\":\"MG A Coup\u00e9\"}]},{\"@type\":\"WebSite\",\"@id\":\"https:\/\/pistonaddict.com\/da\/#website\",\"url\":\"https:\/\/pistonaddict.com\/da\/\",\"name\":\"Piston Addict\",\"description\":\"Only interesting vehicles\",\"publisher\":{\"@id\":\"https:\/\/pistonaddict.com\/da\/#organization\"},\"potentialAction\":[{\"@type\":\"SearchAction\",\"target\":{\"@type\":\"EntryPoint\",\"urlTemplate\":\"https:\/\/pistonaddict.com\/da\/?s={search_term_string}\"},\"query-input\":\"required name=search_term_string\"}],\"inLanguage\":\"da-DK\"},{\"@type\":\"Organization\",\"@id\":\"https:\/\/pistonaddict.com\/da\/#organization\",\"name\":\"Piston Addict\",\"url\":\"https:\/\/pistonaddict.com\/da\/\",\"logo\":{\"@type\":\"ImageObject\",\"inLanguage\":\"da-DK\",\"@id\":\"https:\/\/pistonaddict.com\/da\/#\/schema\/logo\/image\/\",\"url\":\"https:\/\/pistonaddict.com\/wp-content\/uploads\/2022\/07\/logo-6.png\",\"contentUrl\":\"https:\/\/pistonaddict.com\/wp-content\/uploads\/2022\/07\/logo-6.png\",\"width\":970,\"height\":200,\"caption\":\"Piston Addict\"},\"image\":{\"@id\":\"https:\/\/pistonaddict.com\/da\/#\/schema\/logo\/image\/\"}}]}<\/script>\n<!-- \/ Yoast SEO plugin. -->","yoast_head_json":{"title":"MG A Coup\u00e9 - Piston Addict","robots":{"index":"index","follow":"follow","max-snippet":"max-snippet:-1","max-image-preview":"max-image-preview:large","max-video-preview":"max-video-preview:-1"},"canonical":"https:\/\/pistonaddict.com\/da\/product\/mg-a-coupe\/","og_locale":"da_DK","og_type":"article","og_title":"MG A Coup\u00e9 - Piston Addict","og_description":"Hvis vi vil udforske tilblivelsen af moderne sportsvogne, b\u00f8r vi starte med den legendariske MG A. Med et str\u00f8mlinet karrosseri, omdrejningsvillige motorer, fremragende pr\u00e6stationer (for den periode) og en overkommelig pris revolutionerede denne sportsvogn segmentet. Den forblev en af de vigtigste britiske coup\u00e9er nogensinde.","og_url":"https:\/\/pistonaddict.com\/da\/product\/mg-a-coupe\/","og_site_name":"Piston Addict","article_modified_time":"2024-05-29T08:46:20+00:00","og_image":[{"width":1600,"height":1200,"url":"https:\/\/pistonaddict.com\/wp-content\/uploads\/2024\/01\/IMG-20231031-WA0006.jpg","type":"image\/jpeg"}],"twitter_card":"summary_large_image","twitter_misc":{"Estimeret l\u00e6setid":"3 minutter"},"schema":{"@context":"https:\/\/schema.org","@graph":[{"@type":"WebPage","@id":"https:\/\/pistonaddict.com\/da\/product\/mg-a-coupe\/","url":"https:\/\/pistonaddict.com\/da\/product\/mg-a-coupe\/","name":"MG A Coup\u00e9 - Piston Addict","isPartOf":{"@id":"https:\/\/pistonaddict.com\/da\/#website"},"primaryImageOfPage":{"@id":"https:\/\/pistonaddict.com\/da\/product\/mg-a-coupe\/#primaryimage"},"image":{"@id":"https:\/\/pistonaddict.com\/da\/product\/mg-a-coupe\/#primaryimage"},"thumbnailUrl":"https:\/\/pistonaddict.com\/wp-content\/uploads\/2024\/01\/IMG-20231031-WA0006.jpg","datePublished":"2024-01-17T08:08:31+00:00","dateModified":"2024-05-29T08:46:20+00:00","breadcrumb":{"@id":"https:\/\/pistonaddict.com\/da\/product\/mg-a-coupe\/#breadcrumb"},"inLanguage":"da-DK","potentialAction":[{"@type":"ReadAction","target":["https:\/\/pistonaddict.com\/da\/product\/mg-a-coupe\/"]}]},{"@type":"ImageObject","inLanguage":"da-DK","@id":"https:\/\/pistonaddict.com\/da\/product\/mg-a-coupe\/#primaryimage","url":"https:\/\/pistonaddict.com\/wp-content\/uploads\/2024\/01\/IMG-20231031-WA0006.jpg","contentUrl":"https:\/\/pistonaddict.com\/wp-content\/uploads\/2024\/01\/IMG-20231031-WA0006.jpg","width":1600,"height":1200},{"@type":"BreadcrumbList","@id":"https:\/\/pistonaddict.com\/da\/product\/mg-a-coupe\/#breadcrumb","itemListElement":[{"@type":"ListItem","position":1,"name":"Hjemmeside","item":"https:\/\/pistonaddict.com\/da\/hjemmeside-2\/"},{"@type":"ListItem","position":2,"name":"Auctions","item":"https:\/\/pistonaddict.com\/auctions-listing\/"},{"@type":"ListItem","position":3,"name":"MG A Coup\u00e9"}]},{"@type":"WebSite","@id":"https:\/\/pistonaddict.com\/da\/#website","url":"https:\/\/pistonaddict.com\/da\/","name":"Piston Addict","description":"Only interesting vehicles","publisher":{"@id":"https:\/\/pistonaddict.com\/da\/#organization"},"potentialAction":[{"@type":"SearchAction","target":{"@type":"EntryPoint","urlTemplate":"https:\/\/pistonaddict.com\/da\/?s={search_term_string}"},"query-input":"required name=search_term_string"}],"inLanguage":"da-DK"},{"@type":"Organization","@id":"https:\/\/pistonaddict.com\/da\/#organization","name":"Piston Addict","url":"https:\/\/pistonaddict.com\/da\/","logo":{"@type":"ImageObject","inLanguage":"da-DK","@id":"https:\/\/pistonaddict.com\/da\/#\/schema\/logo\/image\/","url":"https:\/\/pistonaddict.com\/wp-content\/uploads\/2022\/07\/logo-6.png","contentUrl":"https:\/\/pistonaddict.com\/wp-content\/uploads\/2022\/07\/logo-6.png","width":970,"height":200,"caption":"Piston Addict"},"image":{"@id":"https:\/\/pistonaddict.com\/da\/#\/schema\/logo\/image\/"}}]}},"_links":{"self":[{"href":"https:\/\/pistonaddict.com\/da\/wp-json\/wp\/v2\/product\/82543"}],"collection":[{"href":"https:\/\/pistonaddict.com\/da\/wp-json\/wp\/v2\/product"}],"about":[{"href":"https:\/\/pistonaddict.com\/da\/wp-json\/wp\/v2\/types\/product"}],"replies":[{"embeddable":true,"href":"https:\/\/pistonaddict.com\/da\/wp-json\/wp\/v2\/comments?post=82543"}],"wp:featuredmedia":[{"embeddable":true,"href":"https:\/\/pistonaddict.com\/da\/wp-json\/wp\/v2\/media\/81139"}],"wp:attachment":[{"href":"https:\/\/pistonaddict.com\/da\/wp-json\/wp\/v2\/media?parent=82543"}],"wp:term":[{"taxonomy":"product_cat","embeddable":true,"href":"https:\/\/pistonaddict.com\/da\/wp-json\/wp\/v2\/product_cat?post=82543"},{"taxonomy":"product_tag","embeddable":true,"href":"https:\/\/pistonaddict.com\/da\/wp-json\/wp\/v2\/product_tag?post=82543"}],"curies":[{"name":"wp","href":"https:\/\/api.w.org\/{rel}","templated":true}]}}