{"id":79050,"date":"2023-12-13T14:41:14","date_gmt":"2023-12-13T13:41:14","guid":{"rendered":"https:\/\/pistonaddict.com\/product\/alpine-a110\/"},"modified":"2024-03-20T09:42:42","modified_gmt":"2024-03-20T08:42:42","slug":"alpine-a110","status":"publish","type":"product","link":"https:\/\/pistonaddict.com\/da\/product\/alpine-a110\/","title":{"rendered":"Alpine A110"},"content":{"rendered":"<p><strong>Bilens historie<\/strong><\/p>\n<p>For generationer af sportsvognselskere, der voksede op i 60&#8217;erne og 70&#8217;erne, er Alpine-navnet synonymt med rallymesterskaber, st\u00e6rke pr\u00e6stationer og uovertruffen tilstedev\u00e6relse p\u00e5 gaden. Selv om Alpine brugte standard Renault-komponenter, havde bilerne n\u00e6sten superbil-appeal og var entusiastfavoritter p\u00e5 grund af deres udseende og k\u00f8redynamik. Men i begyndelsen af 90&#8217;erne forsvandt brandet og blev n\u00e6sten glemt af alle andre end de mest inkarnerede fans. Heldigvis forstod Renault, hvor stort potentialet i dette legendariske navn virkelig er, og investerede massivt i en helt ny model med et komplet aluminiumskarrosseri, centralt placeret motor og hurtig dobbeltkoblingsgearkasse. Kombinationen af det ikoniske og retro-futuristiske udseende med Clio RS-motoren og de skr\u00e6ddersyede karrosseri- og affjedringsindstillinger skabte en \u00f8jeblikkelig klassiker og muligvis \u00e5rtiets bedste sportsvogn. Den turboladede 1,8-liters motor, der sender kr\u00e6fterne til baghjulene, kan sende denne smukke tos\u00e6ders bil afsted p\u00e5 4,5 sekunder fra 0 til 100 km\/t (60 mph), hvilket er ret overbevisende. Men tallene yder ikke denne bil retf\u00e6rdighed. Med en egenv\u00e6gt p\u00e5 lidt over et ton flyver Alpine A110 hen over svingene og styrer som en dr\u00f8m. Den uovertrufne k\u00f8redynamik er netop grunden til, at den er en darling i mange magasinanmeldelser.<\/p>\n<p><strong>Interi\u00f8r<\/strong><\/p>\n<p>Da denne model er relativt ny og har k\u00f8rt f\u00e5 kilometer, er l\u00e6derinteri\u00f8ret som nyt og uden tegn p\u00e5 slid. Erfarne k\u00f8bere vil bem\u00e6rke, at de valgfrie &#8220;GT&#8221;-s\u00e6der er til stede, hvilket er en velkommen tilf\u00f8jelse, s\u00e5vel som nogle kulstofbekl\u00e6dningsdele til motorsportslooket. Men det vigtigste er Focal premium-lydsystemet, som er en sj\u00e6lden mulighed.<\/p>\n<p><strong>Tilstand<\/strong><\/p>\n<p>Det p\u00e5g\u00e6ldende eksemplar blev leveret som ny i 2021, og siden da har den k\u00f8rt lidt over 30.000 km. Det er en velplejet bil, der er blevet brugt til at k\u00f8re i, ligesom den blev opfundet af dens konstrukt\u00f8rer. Den er aldrig blevet sporet eller beskadiget af to omsorgsfulde ejere fra den var ny. Faktisk var den oprindelige ejer kommerciel direkt\u00f8r for Alpine Spain. Det sidste service blev udf\u00f8rt i november 2023, og bremserne blev efterset for nylig i december 2023. Det forrige olieskift blev foretaget i september. <strong>Denne Alpine A110 er stadig under fabriksgaranti indtil november 2024, s\u00e5 al vedligeholdelse blev udf\u00f8rt af den officielle service i Spanien<\/strong>.<\/p>\n<p><strong> <\/strong><strong>Eksteri\u00f8r og hjul<\/strong><\/p>\n<p>Denne Alpine A110 er malet i hvid med en meget interessant grafikpakke og har et unikt udseende med specielle 18-tommer f\u00e6lge, som kun findes i Alpine. Karosseriet er uovertruffent uden skader, buler eller ridser, og d\u00e6kkene er i god stand med 50% brugte, if\u00f8lge s\u00e6lgeren. D\u00e6kkene er Michelin Pilot Sport, og de blev fremstillet i slutningen af 2021.<\/p>\n<p><strong>Dokumentation<\/strong><\/p>\n<p>Forhandleren s\u00e6lger dette k\u00f8ret\u00f8j med passende dokumentation beliggende i Spanien. <a href=\"https:\/\/pistonaddict.com\/wp-content\/uploads\/2023\/12\/AlpineA110.pdf\">CarFax-rapporten<\/a> er ren; der findes ingen beviser p\u00e5 ulykker, reparationer af ulykker, ejerskab eller juridiske problemer. Der er optegnelser over regelm\u00e6ssig vedligeholdelse, salgsregninger og kvitteringer. Denne Alpine A110 er stadig d\u00e6kket af en fabriksgaranti, som kan overf\u00f8res til den n\u00e6ste ejer.<\/p>\n<p><strong>Se koldstartsvideoen af denne smukke Alpine A110 :<\/strong><\/p>\n<p><iframe title=\"Cold Start Video of this great Alpine A110 for auction sale\" width=\"1200\" height=\"675\" src=\"https:\/\/www.youtube.com\/embed\/FlqeDNY4UtI?feature=oembed\" frameborder=\"0\" allow=\"accelerometer; autoplay; clipboard-write; encrypted-media; gyroscope; picture-in-picture; web-share\" allowfullscreen><\/iframe><\/p>\n","protected":false},"excerpt":{"rendered":"<p>Den hotteste sportsvogn i de sidste par \u00e5r er ikke Ferrari, Lamborghini eller McLaren. Det er Alpine A110 med et skr\u00e6ddersyet, meget let karrosseri, en livlig turboladet firecylindret motor og livlige pr\u00e6stationer. Denne tos\u00e6dede bil mindede sportsvognsfans om, hvad k\u00f8rsel handler om, og sendte det legendariske m\u00e6rke triumferende tilbage p\u00e5 markedet. I dag er vi stolte over at kunne pr\u00e6sentere et af de bedste eksempler p\u00e5 denne meget indflydelsesrige sportsvogn.<\/p>\n","protected":false},"featured_media":78350,"comment_status":"open","ping_status":"closed","template":"","meta":{"inline_featured_image":false},"product_cat":[701],"product_tag":[2810,2805,903],"acf":[],"yoast_head":"<!-- This site is optimized with the Yoast SEO plugin v22.5 - https:\/\/yoast.com\/wordpress\/plugins\/seo\/ -->\n<title>auktion - Piston Addict<\/title>\n<meta name=\"robots\" content=\"index, follow, max-snippet:-1, max-image-preview:large, max-video-preview:-1\" \/>\n<link rel=\"canonical\" href=\"https:\/\/pistonaddict.com\/da\/product\/alpine-a110\/\" \/>\n<meta property=\"og:locale\" content=\"da_DK\" \/>\n<meta property=\"og:type\" content=\"article\" \/>\n<meta property=\"og:title\" content=\"auktion - Piston Addict\" \/>\n<meta property=\"og:description\" content=\"Den hotteste sportsvogn i de sidste par \u00e5r er ikke Ferrari, Lamborghini eller McLaren. Det er Alpine A110 med et skr\u00e6ddersyet, meget let karrosseri, en livlig turboladet firecylindret motor og livlige pr\u00e6stationer. Denne tos\u00e6dede bil mindede sportsvognsfans om, hvad k\u00f8rsel handler om, og sendte det legendariske m\u00e6rke triumferende tilbage p\u00e5 markedet. I dag er vi stolte over at kunne pr\u00e6sentere et af de bedste eksempler p\u00e5 denne meget indflydelsesrige sportsvogn.\" \/>\n<meta property=\"og:url\" content=\"https:\/\/pistonaddict.com\/da\/product\/alpine-a110\/\" \/>\n<meta property=\"og:site_name\" content=\"Piston Addict\" \/>\n<meta property=\"article:modified_time\" content=\"2024-03-20T08:42:42+00:00\" \/>\n<meta property=\"og:image\" content=\"https:\/\/pistonaddict.com\/wp-content\/uploads\/2023\/12\/4517LTW_01.jpg\" \/>\n\t<meta property=\"og:image:width\" content=\"1440\" \/>\n\t<meta property=\"og:image:height\" content=\"1080\" \/>\n\t<meta property=\"og:image:type\" content=\"image\/jpeg\" \/>\n<meta name=\"twitter:card\" content=\"summary_large_image\" \/>\n<meta name=\"twitter:label1\" content=\"Estimeret l\u00e6setid\" \/>\n\t<meta name=\"twitter:data1\" content=\"3 minutter\" \/>\n<script type=\"application\/ld+json\" class=\"yoast-schema-graph\">{\"@context\":\"https:\/\/schema.org\",\"@graph\":[{\"@type\":\"WebPage\",\"@id\":\"https:\/\/pistonaddict.com\/da\/product\/alpine-a110\/\",\"url\":\"https:\/\/pistonaddict.com\/da\/product\/alpine-a110\/\",\"name\":\"auktion - Piston Addict\",\"isPartOf\":{\"@id\":\"https:\/\/pistonaddict.com\/da\/#website\"},\"primaryImageOfPage\":{\"@id\":\"https:\/\/pistonaddict.com\/da\/product\/alpine-a110\/#primaryimage\"},\"image\":{\"@id\":\"https:\/\/pistonaddict.com\/da\/product\/alpine-a110\/#primaryimage\"},\"thumbnailUrl\":\"https:\/\/pistonaddict.com\/wp-content\/uploads\/2023\/12\/4517LTW_01.jpg\",\"datePublished\":\"2023-12-13T13:41:14+00:00\",\"dateModified\":\"2024-03-20T08:42:42+00:00\",\"breadcrumb\":{\"@id\":\"https:\/\/pistonaddict.com\/da\/product\/alpine-a110\/#breadcrumb\"},\"inLanguage\":\"da-DK\",\"potentialAction\":[{\"@type\":\"ReadAction\",\"target\":[\"https:\/\/pistonaddict.com\/da\/product\/alpine-a110\/\"]}]},{\"@type\":\"ImageObject\",\"inLanguage\":\"da-DK\",\"@id\":\"https:\/\/pistonaddict.com\/da\/product\/alpine-a110\/#primaryimage\",\"url\":\"https:\/\/pistonaddict.com\/wp-content\/uploads\/2023\/12\/4517LTW_01.jpg\",\"contentUrl\":\"https:\/\/pistonaddict.com\/wp-content\/uploads\/2023\/12\/4517LTW_01.jpg\",\"width\":1440,\"height\":1080},{\"@type\":\"BreadcrumbList\",\"@id\":\"https:\/\/pistonaddict.com\/da\/product\/alpine-a110\/#breadcrumb\",\"itemListElement\":[{\"@type\":\"ListItem\",\"position\":1,\"name\":\"Hjemmeside\",\"item\":\"https:\/\/pistonaddict.com\/da\/hjemmeside-2\/\"},{\"@type\":\"ListItem\",\"position\":2,\"name\":\"Auctions\",\"item\":\"https:\/\/pistonaddict.com\/auctions-listing\/\"},{\"@type\":\"ListItem\",\"position\":3,\"name\":\"Alpine A110\"}]},{\"@type\":\"WebSite\",\"@id\":\"https:\/\/pistonaddict.com\/da\/#website\",\"url\":\"https:\/\/pistonaddict.com\/da\/\",\"name\":\"Piston Addict\",\"description\":\"Only interesting vehicles\",\"publisher\":{\"@id\":\"https:\/\/pistonaddict.com\/da\/#organization\"},\"potentialAction\":[{\"@type\":\"SearchAction\",\"target\":{\"@type\":\"EntryPoint\",\"urlTemplate\":\"https:\/\/pistonaddict.com\/da\/?s={search_term_string}\"},\"query-input\":\"required name=search_term_string\"}],\"inLanguage\":\"da-DK\"},{\"@type\":\"Organization\",\"@id\":\"https:\/\/pistonaddict.com\/da\/#organization\",\"name\":\"Piston Addict\",\"url\":\"https:\/\/pistonaddict.com\/da\/\",\"logo\":{\"@type\":\"ImageObject\",\"inLanguage\":\"da-DK\",\"@id\":\"https:\/\/pistonaddict.com\/da\/#\/schema\/logo\/image\/\",\"url\":\"https:\/\/pistonaddict.com\/wp-content\/uploads\/2022\/07\/logo-6.png\",\"contentUrl\":\"https:\/\/pistonaddict.com\/wp-content\/uploads\/2022\/07\/logo-6.png\",\"width\":970,\"height\":200,\"caption\":\"Piston Addict\"},\"image\":{\"@id\":\"https:\/\/pistonaddict.com\/da\/#\/schema\/logo\/image\/\"}}]}<\/script>\n<!-- \/ Yoast SEO plugin. -->","yoast_head_json":{"title":"auktion - Piston Addict","robots":{"index":"index","follow":"follow","max-snippet":"max-snippet:-1","max-image-preview":"max-image-preview:large","max-video-preview":"max-video-preview:-1"},"canonical":"https:\/\/pistonaddict.com\/da\/product\/alpine-a110\/","og_locale":"da_DK","og_type":"article","og_title":"auktion - Piston Addict","og_description":"Den hotteste sportsvogn i de sidste par \u00e5r er ikke Ferrari, Lamborghini eller McLaren. Det er Alpine A110 med et skr\u00e6ddersyet, meget let karrosseri, en livlig turboladet firecylindret motor og livlige pr\u00e6stationer. Denne tos\u00e6dede bil mindede sportsvognsfans om, hvad k\u00f8rsel handler om, og sendte det legendariske m\u00e6rke triumferende tilbage p\u00e5 markedet. I dag er vi stolte over at kunne pr\u00e6sentere et af de bedste eksempler p\u00e5 denne meget indflydelsesrige sportsvogn.","og_url":"https:\/\/pistonaddict.com\/da\/product\/alpine-a110\/","og_site_name":"Piston Addict","article_modified_time":"2024-03-20T08:42:42+00:00","og_image":[{"width":1440,"height":1080,"url":"https:\/\/pistonaddict.com\/wp-content\/uploads\/2023\/12\/4517LTW_01.jpg","type":"image\/jpeg"}],"twitter_card":"summary_large_image","twitter_misc":{"Estimeret l\u00e6setid":"3 minutter"},"schema":{"@context":"https:\/\/schema.org","@graph":[{"@type":"WebPage","@id":"https:\/\/pistonaddict.com\/da\/product\/alpine-a110\/","url":"https:\/\/pistonaddict.com\/da\/product\/alpine-a110\/","name":"auktion - Piston Addict","isPartOf":{"@id":"https:\/\/pistonaddict.com\/da\/#website"},"primaryImageOfPage":{"@id":"https:\/\/pistonaddict.com\/da\/product\/alpine-a110\/#primaryimage"},"image":{"@id":"https:\/\/pistonaddict.com\/da\/product\/alpine-a110\/#primaryimage"},"thumbnailUrl":"https:\/\/pistonaddict.com\/wp-content\/uploads\/2023\/12\/4517LTW_01.jpg","datePublished":"2023-12-13T13:41:14+00:00","dateModified":"2024-03-20T08:42:42+00:00","breadcrumb":{"@id":"https:\/\/pistonaddict.com\/da\/product\/alpine-a110\/#breadcrumb"},"inLanguage":"da-DK","potentialAction":[{"@type":"ReadAction","target":["https:\/\/pistonaddict.com\/da\/product\/alpine-a110\/"]}]},{"@type":"ImageObject","inLanguage":"da-DK","@id":"https:\/\/pistonaddict.com\/da\/product\/alpine-a110\/#primaryimage","url":"https:\/\/pistonaddict.com\/wp-content\/uploads\/2023\/12\/4517LTW_01.jpg","contentUrl":"https:\/\/pistonaddict.com\/wp-content\/uploads\/2023\/12\/4517LTW_01.jpg","width":1440,"height":1080},{"@type":"BreadcrumbList","@id":"https:\/\/pistonaddict.com\/da\/product\/alpine-a110\/#breadcrumb","itemListElement":[{"@type":"ListItem","position":1,"name":"Hjemmeside","item":"https:\/\/pistonaddict.com\/da\/hjemmeside-2\/"},{"@type":"ListItem","position":2,"name":"Auctions","item":"https:\/\/pistonaddict.com\/auctions-listing\/"},{"@type":"ListItem","position":3,"name":"Alpine A110"}]},{"@type":"WebSite","@id":"https:\/\/pistonaddict.com\/da\/#website","url":"https:\/\/pistonaddict.com\/da\/","name":"Piston Addict","description":"Only interesting vehicles","publisher":{"@id":"https:\/\/pistonaddict.com\/da\/#organization"},"potentialAction":[{"@type":"SearchAction","target":{"@type":"EntryPoint","urlTemplate":"https:\/\/pistonaddict.com\/da\/?s={search_term_string}"},"query-input":"required name=search_term_string"}],"inLanguage":"da-DK"},{"@type":"Organization","@id":"https:\/\/pistonaddict.com\/da\/#organization","name":"Piston Addict","url":"https:\/\/pistonaddict.com\/da\/","logo":{"@type":"ImageObject","inLanguage":"da-DK","@id":"https:\/\/pistonaddict.com\/da\/#\/schema\/logo\/image\/","url":"https:\/\/pistonaddict.com\/wp-content\/uploads\/2022\/07\/logo-6.png","contentUrl":"https:\/\/pistonaddict.com\/wp-content\/uploads\/2022\/07\/logo-6.png","width":970,"height":200,"caption":"Piston Addict"},"image":{"@id":"https:\/\/pistonaddict.com\/da\/#\/schema\/logo\/image\/"}}]}},"_links":{"self":[{"href":"https:\/\/pistonaddict.com\/da\/wp-json\/wp\/v2\/product\/79050"}],"collection":[{"href":"https:\/\/pistonaddict.com\/da\/wp-json\/wp\/v2\/product"}],"about":[{"href":"https:\/\/pistonaddict.com\/da\/wp-json\/wp\/v2\/types\/product"}],"replies":[{"embeddable":true,"href":"https:\/\/pistonaddict.com\/da\/wp-json\/wp\/v2\/comments?post=79050"}],"wp:featuredmedia":[{"embeddable":true,"href":"https:\/\/pistonaddict.com\/da\/wp-json\/wp\/v2\/media\/78350"}],"wp:attachment":[{"href":"https:\/\/pistonaddict.com\/da\/wp-json\/wp\/v2\/media?parent=79050"}],"wp:term":[{"taxonomy":"product_cat","embeddable":true,"href":"https:\/\/pistonaddict.com\/da\/wp-json\/wp\/v2\/product_cat?post=79050"},{"taxonomy":"product_tag","embeddable":true,"href":"https:\/\/pistonaddict.com\/da\/wp-json\/wp\/v2\/product_tag?post=79050"}],"curies":[{"name":"wp","href":"https:\/\/api.w.org\/{rel}","templated":true}]}}