{"id":78317,"date":"2023-12-13T10:17:52","date_gmt":"2023-12-13T09:17:52","guid":{"rendered":"https:\/\/pistonaddict.com\/product\/fisker-karma-signature-edition\/"},"modified":"2024-03-20T09:42:32","modified_gmt":"2024-03-20T08:42:32","slug":"fisker-karma-signatur-udgave","status":"publish","type":"product","link":"https:\/\/pistonaddict.com\/da\/product\/fisker-karma-signatur-udgave\/","title":{"rendered":"Fisker Karma Signature Edition"},"content":{"rendered":"<p><strong>Bilens historie<\/strong><\/p>\n<p>F\u00f8r Karma eksploderede p\u00e5 markedet i 2011, var hybrider ret kedelige og uinteressante k\u00f8ret\u00f8jer. Men s\u00e5 pr\u00e6senterede Fisker Karma med et i\u00f8jnefaldende design, lav silhuet, muskul\u00f8s holdning og unikke former. Det var og er stadig noget ekstraordin\u00e6rt. Under det forf\u00f8rende karrosseri gemmer sig et v\u00e6ld af innovativ teknologi. Hovedmotoren er en turboladet 2,0-liters fra GM med 260 hk og to elmotorer p\u00e5 bagakslen. En batteripakke p\u00e5 20,1 kWh forsyner elmotorerne med 120 kW hver (403 hk).<\/p>\n<p>Det er interessant, at batterierne er placeret i midten af bilen, hvilket giver Karma et lavt tyngdepunkt og fremragende vejgreb. Arbejdsprincippet er ogs\u00e5 unikt. Bilen med automatgear havde en r\u00e6kkevidde p\u00e5 ca. 80 km ved hj\u00e6lp af el alene. Men n\u00e5r batterierne er t\u00f8mt, aktiverer f\u00f8reren benzinmotoren, som driver generatoren, der forsyner elmotorerne med str\u00f8m. S\u00e5 Karma er en benzin-elektrisk hybrid med stor v\u00e6gt p\u00e5 den elektriske del. Denne model blev leveret til et medlem af Fisker-familien og en af de oprindelige investorer, hvilket g\u00f8r den til en ekstraordin\u00e6r del af virksomhedens historie.<\/p>\n<p><strong>Interi\u00f8r<\/strong><\/p>\n<p>Interi\u00f8ret i netop dette eksemplar har en kombination af sort og brun l\u00e6der, hvilket g\u00f8r det til et charmerende sted at v\u00e6re. Der er ingen ridser p\u00e5 s\u00e6derne, og alt er funktionsdygtigt. Den er udstyret med et infotainmentsystem (ekstraudstyr) med en sk\u00e6rm p\u00e5 instrumentbr\u00e6ttet.<\/p>\n<p><strong>Tilstand<\/strong><\/p>\n<p>Med 80.000 km, fuld servicehistorik og kun \u00e9n ejer er denne Karma i perfekt stand. Der er ingen ulykker eller skader, og interi\u00f8ret er i ny stand. Interessant nok er Karma udstyret med et solpaneltag, der omdanner solenergi til elektricitet og slukker for batteriet, n\u00e5r det er n\u00f8dvendigt. I dette eksempel er soltaget til stede og i perfekt stand. <strong>Dette eksemplar er nr. 61 ud af 100, der er lavet med Signature Edition-pakken<\/strong>, hvilket er vigtigt, da dens historie kan spores i Fisker-f\u00e6llesskabet. Da dette eksempel har historisk betydning, er det blevet serviceret af en af de bedste Fisker-specialister i verden, med regelm\u00e6ssige vedligeholdelsesrapporter tilg\u00e6ngelige. Sidste service og olieskift blev udf\u00f8rt i oktober 2023, og bremserne blev efterset for blot et par dage siden i december 2023.<\/p>\n<p><strong>Udvendigt og hjul<\/strong><\/p>\n<p>Den unikke s\u00f8lvlakering passer perfekt til det tofarvede interi\u00f8r uden ridser og buler. Bilen leveres med 21-tommers vinterd\u00e6k i perfekt stand. 22-tommer f\u00e6lge med sommerd\u00e6k koster ekstra. D\u00e6kkene er fra 2023.<\/p>\n<p><strong>Dokumentation<\/strong><\/p>\n<p>Den private s\u00e6lger s\u00e6lger dette k\u00f8ret\u00f8j med passende dokumentation beliggende i Tyskland. <a href=\"https:\/\/pistonaddict.com\/wp-content\/uploads\/2023\/12\/FiskerKarma.pdf\">CarVertical-rapporten<\/a> er ren; der findes ingen beviser for ulykker, reparationer af ulykker, ejerskab eller juridiske problemer. Der er optegnelser over regelm\u00e6ssig vedligeholdelse, salgsregninger og kvitteringer. Der er ingen fabriksgaranti p\u00e5 denne model.<\/p>\n<p><strong><br \/>\nSe koldstartsvideoen af denne smukke Fisker Karma silver Signature :<\/strong><\/p>\n<p><iframe title=\"Cold Start Video of the Fisker Karma Signature for auction sale\" width=\"1200\" height=\"675\" src=\"https:\/\/www.youtube.com\/embed\/sOmYYpDT2U8?feature=oembed\" frameborder=\"0\" allow=\"accelerometer; autoplay; clipboard-write; encrypted-media; gyroscope; picture-in-picture; web-share\" allowfullscreen><\/iframe><\/p>\n","protected":false},"excerpt":{"rendered":"<p>Fisker Karma er ikke bare en revolutionerende hybrid, men ogs\u00e5 en af de flotteste biler fra det 21. \u00e5rhundrede. Med kun lidt over 3000 fremstillede eksemplarer er den sj\u00e6lden, men denne er endnu sj\u00e6ldnere. Den s\u00f8lvfarvede 2012 Karma, vi tilbyder i dag, er en 1 ud af 100 Signature Edition-modeller og er endda personligt signeret af Henrik Fisker, virksomhedens ejer. Hvis du er p\u00e5 udkig efter en samlerdr\u00f8m, er dette den.<\/p>\n","protected":false},"featured_media":77658,"comment_status":"open","ping_status":"closed","template":"","meta":{"inline_featured_image":false},"product_cat":[701],"product_tag":[2766,2767,903,1777,1772],"acf":[],"yoast_head":"<!-- This site is optimized with the Yoast SEO plugin v22.5 - https:\/\/yoast.com\/wordpress\/plugins\/seo\/ -->\n<title>auktion - Piston Addict<\/title>\n<meta name=\"robots\" content=\"index, follow, max-snippet:-1, max-image-preview:large, max-video-preview:-1\" \/>\n<link rel=\"canonical\" href=\"https:\/\/pistonaddict.com\/da\/product\/fisker-karma-signatur-udgave\/\" \/>\n<meta property=\"og:locale\" content=\"da_DK\" \/>\n<meta property=\"og:type\" content=\"article\" \/>\n<meta property=\"og:title\" content=\"auktion - Piston Addict\" \/>\n<meta property=\"og:description\" content=\"Fisker Karma er ikke bare en revolutionerende hybrid, men ogs\u00e5 en af de flotteste biler fra det 21. \u00e5rhundrede. Med kun lidt over 3000 fremstillede eksemplarer er den sj\u00e6lden, men denne er endnu sj\u00e6ldnere. Den s\u00f8lvfarvede 2012 Karma, vi tilbyder i dag, er en 1 ud af 100 Signature Edition-modeller og er endda personligt signeret af Henrik Fisker, virksomhedens ejer. Hvis du er p\u00e5 udkig efter en samlerdr\u00f8m, er dette den.\" \/>\n<meta property=\"og:url\" content=\"https:\/\/pistonaddict.com\/da\/product\/fisker-karma-signatur-udgave\/\" \/>\n<meta property=\"og:site_name\" content=\"Piston Addict\" \/>\n<meta property=\"article:modified_time\" content=\"2024-03-20T08:42:32+00:00\" \/>\n<meta property=\"og:image\" content=\"https:\/\/pistonaddict.com\/wp-content\/uploads\/2023\/12\/20210129_085341.jpg\" \/>\n\t<meta property=\"og:image:width\" content=\"1762\" \/>\n\t<meta property=\"og:image:height\" content=\"752\" \/>\n\t<meta property=\"og:image:type\" content=\"image\/jpeg\" \/>\n<meta name=\"twitter:card\" content=\"summary_large_image\" \/>\n<meta name=\"twitter:label1\" content=\"Estimeret l\u00e6setid\" \/>\n\t<meta name=\"twitter:data1\" content=\"2 minutter\" \/>\n<script type=\"application\/ld+json\" class=\"yoast-schema-graph\">{\"@context\":\"https:\/\/schema.org\",\"@graph\":[{\"@type\":\"WebPage\",\"@id\":\"https:\/\/pistonaddict.com\/da\/product\/fisker-karma-signatur-udgave\/\",\"url\":\"https:\/\/pistonaddict.com\/da\/product\/fisker-karma-signatur-udgave\/\",\"name\":\"auktion - Piston Addict\",\"isPartOf\":{\"@id\":\"https:\/\/pistonaddict.com\/da\/#website\"},\"primaryImageOfPage\":{\"@id\":\"https:\/\/pistonaddict.com\/da\/product\/fisker-karma-signatur-udgave\/#primaryimage\"},\"image\":{\"@id\":\"https:\/\/pistonaddict.com\/da\/product\/fisker-karma-signatur-udgave\/#primaryimage\"},\"thumbnailUrl\":\"https:\/\/pistonaddict.com\/wp-content\/uploads\/2023\/12\/20210129_085341.jpg\",\"datePublished\":\"2023-12-13T09:17:52+00:00\",\"dateModified\":\"2024-03-20T08:42:32+00:00\",\"breadcrumb\":{\"@id\":\"https:\/\/pistonaddict.com\/da\/product\/fisker-karma-signatur-udgave\/#breadcrumb\"},\"inLanguage\":\"da-DK\",\"potentialAction\":[{\"@type\":\"ReadAction\",\"target\":[\"https:\/\/pistonaddict.com\/da\/product\/fisker-karma-signatur-udgave\/\"]}]},{\"@type\":\"ImageObject\",\"inLanguage\":\"da-DK\",\"@id\":\"https:\/\/pistonaddict.com\/da\/product\/fisker-karma-signatur-udgave\/#primaryimage\",\"url\":\"https:\/\/pistonaddict.com\/wp-content\/uploads\/2023\/12\/20210129_085341.jpg\",\"contentUrl\":\"https:\/\/pistonaddict.com\/wp-content\/uploads\/2023\/12\/20210129_085341.jpg\",\"width\":1762,\"height\":752},{\"@type\":\"BreadcrumbList\",\"@id\":\"https:\/\/pistonaddict.com\/da\/product\/fisker-karma-signatur-udgave\/#breadcrumb\",\"itemListElement\":[{\"@type\":\"ListItem\",\"position\":1,\"name\":\"Hjemmeside\",\"item\":\"https:\/\/pistonaddict.com\/da\/hjemmeside-2\/\"},{\"@type\":\"ListItem\",\"position\":2,\"name\":\"Auctions\",\"item\":\"https:\/\/pistonaddict.com\/auctions-listing\/\"},{\"@type\":\"ListItem\",\"position\":3,\"name\":\"Fisker Karma Signature Edition\"}]},{\"@type\":\"WebSite\",\"@id\":\"https:\/\/pistonaddict.com\/da\/#website\",\"url\":\"https:\/\/pistonaddict.com\/da\/\",\"name\":\"Piston Addict\",\"description\":\"Only interesting vehicles\",\"publisher\":{\"@id\":\"https:\/\/pistonaddict.com\/da\/#organization\"},\"potentialAction\":[{\"@type\":\"SearchAction\",\"target\":{\"@type\":\"EntryPoint\",\"urlTemplate\":\"https:\/\/pistonaddict.com\/da\/?s={search_term_string}\"},\"query-input\":\"required name=search_term_string\"}],\"inLanguage\":\"da-DK\"},{\"@type\":\"Organization\",\"@id\":\"https:\/\/pistonaddict.com\/da\/#organization\",\"name\":\"Piston Addict\",\"url\":\"https:\/\/pistonaddict.com\/da\/\",\"logo\":{\"@type\":\"ImageObject\",\"inLanguage\":\"da-DK\",\"@id\":\"https:\/\/pistonaddict.com\/da\/#\/schema\/logo\/image\/\",\"url\":\"https:\/\/pistonaddict.com\/wp-content\/uploads\/2022\/07\/logo-6.png\",\"contentUrl\":\"https:\/\/pistonaddict.com\/wp-content\/uploads\/2022\/07\/logo-6.png\",\"width\":970,\"height\":200,\"caption\":\"Piston Addict\"},\"image\":{\"@id\":\"https:\/\/pistonaddict.com\/da\/#\/schema\/logo\/image\/\"}}]}<\/script>\n<!-- \/ Yoast SEO plugin. -->","yoast_head_json":{"title":"auktion - Piston Addict","robots":{"index":"index","follow":"follow","max-snippet":"max-snippet:-1","max-image-preview":"max-image-preview:large","max-video-preview":"max-video-preview:-1"},"canonical":"https:\/\/pistonaddict.com\/da\/product\/fisker-karma-signatur-udgave\/","og_locale":"da_DK","og_type":"article","og_title":"auktion - Piston Addict","og_description":"Fisker Karma er ikke bare en revolutionerende hybrid, men ogs\u00e5 en af de flotteste biler fra det 21. \u00e5rhundrede. Med kun lidt over 3000 fremstillede eksemplarer er den sj\u00e6lden, men denne er endnu sj\u00e6ldnere. Den s\u00f8lvfarvede 2012 Karma, vi tilbyder i dag, er en 1 ud af 100 Signature Edition-modeller og er endda personligt signeret af Henrik Fisker, virksomhedens ejer. Hvis du er p\u00e5 udkig efter en samlerdr\u00f8m, er dette den.","og_url":"https:\/\/pistonaddict.com\/da\/product\/fisker-karma-signatur-udgave\/","og_site_name":"Piston Addict","article_modified_time":"2024-03-20T08:42:32+00:00","og_image":[{"width":1762,"height":752,"url":"https:\/\/pistonaddict.com\/wp-content\/uploads\/2023\/12\/20210129_085341.jpg","type":"image\/jpeg"}],"twitter_card":"summary_large_image","twitter_misc":{"Estimeret l\u00e6setid":"2 minutter"},"schema":{"@context":"https:\/\/schema.org","@graph":[{"@type":"WebPage","@id":"https:\/\/pistonaddict.com\/da\/product\/fisker-karma-signatur-udgave\/","url":"https:\/\/pistonaddict.com\/da\/product\/fisker-karma-signatur-udgave\/","name":"auktion - Piston Addict","isPartOf":{"@id":"https:\/\/pistonaddict.com\/da\/#website"},"primaryImageOfPage":{"@id":"https:\/\/pistonaddict.com\/da\/product\/fisker-karma-signatur-udgave\/#primaryimage"},"image":{"@id":"https:\/\/pistonaddict.com\/da\/product\/fisker-karma-signatur-udgave\/#primaryimage"},"thumbnailUrl":"https:\/\/pistonaddict.com\/wp-content\/uploads\/2023\/12\/20210129_085341.jpg","datePublished":"2023-12-13T09:17:52+00:00","dateModified":"2024-03-20T08:42:32+00:00","breadcrumb":{"@id":"https:\/\/pistonaddict.com\/da\/product\/fisker-karma-signatur-udgave\/#breadcrumb"},"inLanguage":"da-DK","potentialAction":[{"@type":"ReadAction","target":["https:\/\/pistonaddict.com\/da\/product\/fisker-karma-signatur-udgave\/"]}]},{"@type":"ImageObject","inLanguage":"da-DK","@id":"https:\/\/pistonaddict.com\/da\/product\/fisker-karma-signatur-udgave\/#primaryimage","url":"https:\/\/pistonaddict.com\/wp-content\/uploads\/2023\/12\/20210129_085341.jpg","contentUrl":"https:\/\/pistonaddict.com\/wp-content\/uploads\/2023\/12\/20210129_085341.jpg","width":1762,"height":752},{"@type":"BreadcrumbList","@id":"https:\/\/pistonaddict.com\/da\/product\/fisker-karma-signatur-udgave\/#breadcrumb","itemListElement":[{"@type":"ListItem","position":1,"name":"Hjemmeside","item":"https:\/\/pistonaddict.com\/da\/hjemmeside-2\/"},{"@type":"ListItem","position":2,"name":"Auctions","item":"https:\/\/pistonaddict.com\/auctions-listing\/"},{"@type":"ListItem","position":3,"name":"Fisker Karma Signature Edition"}]},{"@type":"WebSite","@id":"https:\/\/pistonaddict.com\/da\/#website","url":"https:\/\/pistonaddict.com\/da\/","name":"Piston Addict","description":"Only interesting vehicles","publisher":{"@id":"https:\/\/pistonaddict.com\/da\/#organization"},"potentialAction":[{"@type":"SearchAction","target":{"@type":"EntryPoint","urlTemplate":"https:\/\/pistonaddict.com\/da\/?s={search_term_string}"},"query-input":"required name=search_term_string"}],"inLanguage":"da-DK"},{"@type":"Organization","@id":"https:\/\/pistonaddict.com\/da\/#organization","name":"Piston Addict","url":"https:\/\/pistonaddict.com\/da\/","logo":{"@type":"ImageObject","inLanguage":"da-DK","@id":"https:\/\/pistonaddict.com\/da\/#\/schema\/logo\/image\/","url":"https:\/\/pistonaddict.com\/wp-content\/uploads\/2022\/07\/logo-6.png","contentUrl":"https:\/\/pistonaddict.com\/wp-content\/uploads\/2022\/07\/logo-6.png","width":970,"height":200,"caption":"Piston Addict"},"image":{"@id":"https:\/\/pistonaddict.com\/da\/#\/schema\/logo\/image\/"}}]}},"_links":{"self":[{"href":"https:\/\/pistonaddict.com\/da\/wp-json\/wp\/v2\/product\/78317"}],"collection":[{"href":"https:\/\/pistonaddict.com\/da\/wp-json\/wp\/v2\/product"}],"about":[{"href":"https:\/\/pistonaddict.com\/da\/wp-json\/wp\/v2\/types\/product"}],"replies":[{"embeddable":true,"href":"https:\/\/pistonaddict.com\/da\/wp-json\/wp\/v2\/comments?post=78317"}],"wp:featuredmedia":[{"embeddable":true,"href":"https:\/\/pistonaddict.com\/da\/wp-json\/wp\/v2\/media\/77658"}],"wp:attachment":[{"href":"https:\/\/pistonaddict.com\/da\/wp-json\/wp\/v2\/media?parent=78317"}],"wp:term":[{"taxonomy":"product_cat","embeddable":true,"href":"https:\/\/pistonaddict.com\/da\/wp-json\/wp\/v2\/product_cat?post=78317"},{"taxonomy":"product_tag","embeddable":true,"href":"https:\/\/pistonaddict.com\/da\/wp-json\/wp\/v2\/product_tag?post=78317"}],"curies":[{"name":"wp","href":"https:\/\/api.w.org\/{rel}","templated":true}]}}