{"id":77354,"date":"2023-12-11T15:55:41","date_gmt":"2023-12-11T14:55:41","guid":{"rendered":"https:\/\/pistonaddict.com\/product\/abarth-124-spider\/"},"modified":"2024-03-20T09:41:40","modified_gmt":"2024-03-20T08:41:40","slug":"abarth-124-spider","status":"publish","type":"product","link":"https:\/\/pistonaddict.com\/da\/product\/abarth-124-spider\/","title":{"rendered":"Abarth 124 Spider"},"content":{"rendered":"<h2>Udvendig<\/h2>\n<p>P\u00e5 ydersiden er det tydeligt ved f\u00f8rste \u00f8jekast, at dette er mere end en almindelig 124 Spider fra hylden. Denne sortmalede roadster har mere aggressive kofangere, xenon-forlygter og en dobbeltsidet udst\u00f8dning bagp\u00e5 med to forkromede spidser p\u00e5 hver side. Alle disse detaljer giver bilen en formidabel tilstedev\u00e6relse p\u00e5 vejen, som umiskendeligt adskiller den fra dens milde f\u00e6tter. Og som om det ikke er nok, s\u00e5 understreger skiltet p\u00e5 siden, der fejrer Abarths 70-\u00e5rs jubil\u00e6um, at netop denne model er eksklusiv.<\/p>\n<p>Denne Abarth 124 Spider sidder p\u00e5 17-tommer f\u00e6lge monteret med Bridgestone-d\u00e6k, som m\u00e5ske er ved at have udtjent deres bedste tid. Hjulene giver ogs\u00e5 et klart udsyn til de massive r\u00f8de Brembo-bremsekalibre, der lover fremragende bremsekraft.<\/p>\n<h2>Interi\u00f8r<\/h2>\n<p>Som med det ydre udseende har interi\u00f8ret flere i\u00f8jnefaldende detaljer, der tydeligt viser bilens oprindelse. Til at begynde med et par komfortable s\u00e6der i ruskindsl\u00e6der med et massivt r\u00f8dt Abart-bogstav syet ind i rygl\u00e6net. De r\u00f8de detaljer fremh\u00e6ver ogs\u00e5 rattet og instrumentpanelet bag det, som domineres af en omdrejningst\u00e6ller, der g\u00e5r op til 8000 o\/min. Endelig rummer det minimalistiske instrumentbr\u00e6t kun det allermest n\u00f8dvendige, s\u00e5som klimaanl\u00e6gget og den midtermonterede sk\u00e6rm, hvilket g\u00f8r det tydeligt, at denne bil prim\u00e6rt er lavet til at k\u00f8re i.<\/p>\n<h2>Mekanik<\/h2>\n<p>Ved f\u00f8rste \u00f8jekast virker den 1,4-liters motor under motorhjelmen m\u00e5ske ikke s\u00e5 overbevisende, som man kunne forvente. Men takket v\u00e6re en turbolader og en forbedret br\u00e6ndstofstyring, som \u00f8ger ydelsen til 170 hestekr\u00e6fter, er denne glatte 4-cylindrede enhed ganske kraftfuld. Transmissionen &#8211; en konventionel seks-trins manuel &#8211; er endnu en detalje, der afsl\u00f8rer Spiderens sande natur. Denne drivlinjekonfiguration kombineret med suver\u00e6n affjedring og effektive bremser g\u00f8r den til en rigtig f\u00f8rerbil, der er designet til at klare enhver snoet vej.<\/p>\n<h2>K\u00f8ret\u00f8jets historie<\/h2>\n<p>Til sidst et ord eller to om denne Abarth Spiders nuv\u00e6rende tilstand. Det sidste regelm\u00e6ssige service, som omfattede et olieskift, blev udf\u00f8rt i januar 2023. For nylig, i december, blev bremserne efterset. Baseret p\u00e5 de medf\u00f8lgende fotos og den tilh\u00f8rende video ser bilen ud til at v\u00e6re i perfekt stand uden synlige skader eller slidm\u00e6rker.<\/p>\n<p>Desuden siger s\u00e6lgeren, at bilen, som i \u00f8jeblikket befinder sig i Italien, ikke er blevet brugt p\u00e5 bane eller har v\u00e6ret involveret i ulykker, hvilket bekr\u00e6ftes af en matchende <a href=\"https:\/\/pistonaddict.com\/wp-content\/uploads\/2023\/12\/abarthspider.pdf\">CARFAX<\/a> Vehicle History Report.<\/p>\n<p><strong><br \/>\nSe koldstartsvideoen af denne smukke Abarth 124 Spider :<\/strong><\/p>\n<p><iframe title=\"Cold Start Video of the Abarth 124 Spider for auction sale\" width=\"1200\" height=\"675\" src=\"https:\/\/www.youtube.com\/embed\/wZs51_ew1WU?feature=oembed\" frameborder=\"0\" allow=\"accelerometer; autoplay; clipboard-write; encrypted-media; gyroscope; picture-in-picture; web-share\" allowfullscreen><\/iframe><\/p>\n","protected":false},"excerpt":{"rendered":"<p>Hvis du vil have en bil, der ser godt ud, er sjov at k\u00f8re og nem at leve med, b\u00f8r du overveje at k\u00f8be en roadster. Der er flere relativt nye modeller at v\u00e6lge imellem, og en af dem er 124 Spider, som deler sit mekaniske grundlag med den nok mest ber\u00f8mte roadster i dag &#8211; Mazda MX5. Som s\u00e5dan repr\u00e6senterer den en unik blanding af italiensk stil og japansk pr\u00e6cis teknologi.<\/p>\n<p>Og n\u00e5r Fiats egen tuner krydrer det hele, f\u00e5r man en fyrig <strong>Abarth 124 Spider<\/strong>, som er p\u00e5 auktion lige her p\u00e5 vores side. Denne pletfri 2019-model har kun k\u00f8rt lidt over 23.000 kilometer og leder i \u00f8jeblikket efter en ny ejer. Og ud over det elegante udseende og den behagelige ydeevne gemmer den ogs\u00e5 p\u00e5 endnu et es i \u00e6rmet.<\/p>\n","protected":false},"featured_media":77136,"comment_status":"open","ping_status":"closed","template":"","meta":{"inline_featured_image":false},"product_cat":[701],"product_tag":[2696,2700,2694,1003],"acf":[],"yoast_head":"<!-- This site is optimized with the Yoast SEO plugin v22.5 - https:\/\/yoast.com\/wordpress\/plugins\/seo\/ -->\n<title>auktion - Piston Addict<\/title>\n<meta name=\"robots\" content=\"index, follow, max-snippet:-1, max-image-preview:large, max-video-preview:-1\" \/>\n<link rel=\"canonical\" href=\"https:\/\/pistonaddict.com\/da\/product\/abarth-124-spider\/\" \/>\n<meta property=\"og:locale\" content=\"da_DK\" \/>\n<meta property=\"og:type\" content=\"article\" \/>\n<meta property=\"og:title\" content=\"auktion - Piston Addict\" \/>\n<meta property=\"og:description\" content=\"Hvis du vil have en bil, der ser godt ud, er sjov at k\u00f8re og nem at leve med, b\u00f8r du overveje at k\u00f8be en roadster. Der er flere relativt nye modeller at v\u00e6lge imellem, og en af dem er 124 Spider, som deler sit mekaniske grundlag med den nok mest ber\u00f8mte roadster i dag - Mazda MX5. Som s\u00e5dan repr\u00e6senterer den en unik blanding af italiensk stil og japansk pr\u00e6cis teknologi. Og n\u00e5r Fiats egen tuner krydrer det hele, f\u00e5r man en fyrig Abarth 124 Spider, som er p\u00e5 auktion lige her p\u00e5 vores side. Denne pletfri 2019-model har kun k\u00f8rt lidt over 23.000 kilometer og leder i \u00f8jeblikket efter en ny ejer. Og ud over det elegante udseende og den behagelige ydeevne gemmer den ogs\u00e5 p\u00e5 endnu et es i \u00e6rmet.\" \/>\n<meta property=\"og:url\" content=\"https:\/\/pistonaddict.com\/da\/product\/abarth-124-spider\/\" \/>\n<meta property=\"og:site_name\" content=\"Piston Addict\" \/>\n<meta property=\"article:modified_time\" content=\"2024-03-20T08:41:40+00:00\" \/>\n<meta property=\"og:image\" content=\"https:\/\/pistonaddict.com\/wp-content\/uploads\/2023\/12\/image00020-scaled.jpeg\" \/>\n\t<meta property=\"og:image:width\" content=\"2560\" \/>\n\t<meta property=\"og:image:height\" content=\"1920\" \/>\n\t<meta property=\"og:image:type\" content=\"image\/jpeg\" \/>\n<meta name=\"twitter:card\" content=\"summary_large_image\" \/>\n<meta name=\"twitter:label1\" content=\"Estimeret l\u00e6setid\" \/>\n\t<meta name=\"twitter:data1\" content=\"2 minutter\" \/>\n<script type=\"application\/ld+json\" class=\"yoast-schema-graph\">{\"@context\":\"https:\/\/schema.org\",\"@graph\":[{\"@type\":\"WebPage\",\"@id\":\"https:\/\/pistonaddict.com\/da\/product\/abarth-124-spider\/\",\"url\":\"https:\/\/pistonaddict.com\/da\/product\/abarth-124-spider\/\",\"name\":\"auktion - Piston Addict\",\"isPartOf\":{\"@id\":\"https:\/\/pistonaddict.com\/da\/#website\"},\"primaryImageOfPage\":{\"@id\":\"https:\/\/pistonaddict.com\/da\/product\/abarth-124-spider\/#primaryimage\"},\"image\":{\"@id\":\"https:\/\/pistonaddict.com\/da\/product\/abarth-124-spider\/#primaryimage\"},\"thumbnailUrl\":\"https:\/\/pistonaddict.com\/wp-content\/uploads\/2023\/12\/image00020-scaled.jpeg\",\"datePublished\":\"2023-12-11T14:55:41+00:00\",\"dateModified\":\"2024-03-20T08:41:40+00:00\",\"breadcrumb\":{\"@id\":\"https:\/\/pistonaddict.com\/da\/product\/abarth-124-spider\/#breadcrumb\"},\"inLanguage\":\"da-DK\",\"potentialAction\":[{\"@type\":\"ReadAction\",\"target\":[\"https:\/\/pistonaddict.com\/da\/product\/abarth-124-spider\/\"]}]},{\"@type\":\"ImageObject\",\"inLanguage\":\"da-DK\",\"@id\":\"https:\/\/pistonaddict.com\/da\/product\/abarth-124-spider\/#primaryimage\",\"url\":\"https:\/\/pistonaddict.com\/wp-content\/uploads\/2023\/12\/image00020-scaled.jpeg\",\"contentUrl\":\"https:\/\/pistonaddict.com\/wp-content\/uploads\/2023\/12\/image00020-scaled.jpeg\",\"width\":2560,\"height\":1920},{\"@type\":\"BreadcrumbList\",\"@id\":\"https:\/\/pistonaddict.com\/da\/product\/abarth-124-spider\/#breadcrumb\",\"itemListElement\":[{\"@type\":\"ListItem\",\"position\":1,\"name\":\"Hjemmeside\",\"item\":\"https:\/\/pistonaddict.com\/da\/hjemmeside-2\/\"},{\"@type\":\"ListItem\",\"position\":2,\"name\":\"Auctions\",\"item\":\"https:\/\/pistonaddict.com\/auctions-listing\/\"},{\"@type\":\"ListItem\",\"position\":3,\"name\":\"Abarth 124 Spider\"}]},{\"@type\":\"WebSite\",\"@id\":\"https:\/\/pistonaddict.com\/da\/#website\",\"url\":\"https:\/\/pistonaddict.com\/da\/\",\"name\":\"Piston Addict\",\"description\":\"Only interesting vehicles\",\"publisher\":{\"@id\":\"https:\/\/pistonaddict.com\/da\/#organization\"},\"potentialAction\":[{\"@type\":\"SearchAction\",\"target\":{\"@type\":\"EntryPoint\",\"urlTemplate\":\"https:\/\/pistonaddict.com\/da\/?s={search_term_string}\"},\"query-input\":\"required name=search_term_string\"}],\"inLanguage\":\"da-DK\"},{\"@type\":\"Organization\",\"@id\":\"https:\/\/pistonaddict.com\/da\/#organization\",\"name\":\"Piston Addict\",\"url\":\"https:\/\/pistonaddict.com\/da\/\",\"logo\":{\"@type\":\"ImageObject\",\"inLanguage\":\"da-DK\",\"@id\":\"https:\/\/pistonaddict.com\/da\/#\/schema\/logo\/image\/\",\"url\":\"https:\/\/pistonaddict.com\/wp-content\/uploads\/2022\/07\/logo-6.png\",\"contentUrl\":\"https:\/\/pistonaddict.com\/wp-content\/uploads\/2022\/07\/logo-6.png\",\"width\":970,\"height\":200,\"caption\":\"Piston Addict\"},\"image\":{\"@id\":\"https:\/\/pistonaddict.com\/da\/#\/schema\/logo\/image\/\"}}]}<\/script>\n<!-- \/ Yoast SEO plugin. -->","yoast_head_json":{"title":"auktion - Piston Addict","robots":{"index":"index","follow":"follow","max-snippet":"max-snippet:-1","max-image-preview":"max-image-preview:large","max-video-preview":"max-video-preview:-1"},"canonical":"https:\/\/pistonaddict.com\/da\/product\/abarth-124-spider\/","og_locale":"da_DK","og_type":"article","og_title":"auktion - Piston Addict","og_description":"Hvis du vil have en bil, der ser godt ud, er sjov at k\u00f8re og nem at leve med, b\u00f8r du overveje at k\u00f8be en roadster. Der er flere relativt nye modeller at v\u00e6lge imellem, og en af dem er 124 Spider, som deler sit mekaniske grundlag med den nok mest ber\u00f8mte roadster i dag - Mazda MX5. Som s\u00e5dan repr\u00e6senterer den en unik blanding af italiensk stil og japansk pr\u00e6cis teknologi. Og n\u00e5r Fiats egen tuner krydrer det hele, f\u00e5r man en fyrig Abarth 124 Spider, som er p\u00e5 auktion lige her p\u00e5 vores side. Denne pletfri 2019-model har kun k\u00f8rt lidt over 23.000 kilometer og leder i \u00f8jeblikket efter en ny ejer. Og ud over det elegante udseende og den behagelige ydeevne gemmer den ogs\u00e5 p\u00e5 endnu et es i \u00e6rmet.","og_url":"https:\/\/pistonaddict.com\/da\/product\/abarth-124-spider\/","og_site_name":"Piston Addict","article_modified_time":"2024-03-20T08:41:40+00:00","og_image":[{"width":2560,"height":1920,"url":"https:\/\/pistonaddict.com\/wp-content\/uploads\/2023\/12\/image00020-scaled.jpeg","type":"image\/jpeg"}],"twitter_card":"summary_large_image","twitter_misc":{"Estimeret l\u00e6setid":"2 minutter"},"schema":{"@context":"https:\/\/schema.org","@graph":[{"@type":"WebPage","@id":"https:\/\/pistonaddict.com\/da\/product\/abarth-124-spider\/","url":"https:\/\/pistonaddict.com\/da\/product\/abarth-124-spider\/","name":"auktion - Piston Addict","isPartOf":{"@id":"https:\/\/pistonaddict.com\/da\/#website"},"primaryImageOfPage":{"@id":"https:\/\/pistonaddict.com\/da\/product\/abarth-124-spider\/#primaryimage"},"image":{"@id":"https:\/\/pistonaddict.com\/da\/product\/abarth-124-spider\/#primaryimage"},"thumbnailUrl":"https:\/\/pistonaddict.com\/wp-content\/uploads\/2023\/12\/image00020-scaled.jpeg","datePublished":"2023-12-11T14:55:41+00:00","dateModified":"2024-03-20T08:41:40+00:00","breadcrumb":{"@id":"https:\/\/pistonaddict.com\/da\/product\/abarth-124-spider\/#breadcrumb"},"inLanguage":"da-DK","potentialAction":[{"@type":"ReadAction","target":["https:\/\/pistonaddict.com\/da\/product\/abarth-124-spider\/"]}]},{"@type":"ImageObject","inLanguage":"da-DK","@id":"https:\/\/pistonaddict.com\/da\/product\/abarth-124-spider\/#primaryimage","url":"https:\/\/pistonaddict.com\/wp-content\/uploads\/2023\/12\/image00020-scaled.jpeg","contentUrl":"https:\/\/pistonaddict.com\/wp-content\/uploads\/2023\/12\/image00020-scaled.jpeg","width":2560,"height":1920},{"@type":"BreadcrumbList","@id":"https:\/\/pistonaddict.com\/da\/product\/abarth-124-spider\/#breadcrumb","itemListElement":[{"@type":"ListItem","position":1,"name":"Hjemmeside","item":"https:\/\/pistonaddict.com\/da\/hjemmeside-2\/"},{"@type":"ListItem","position":2,"name":"Auctions","item":"https:\/\/pistonaddict.com\/auctions-listing\/"},{"@type":"ListItem","position":3,"name":"Abarth 124 Spider"}]},{"@type":"WebSite","@id":"https:\/\/pistonaddict.com\/da\/#website","url":"https:\/\/pistonaddict.com\/da\/","name":"Piston Addict","description":"Only interesting vehicles","publisher":{"@id":"https:\/\/pistonaddict.com\/da\/#organization"},"potentialAction":[{"@type":"SearchAction","target":{"@type":"EntryPoint","urlTemplate":"https:\/\/pistonaddict.com\/da\/?s={search_term_string}"},"query-input":"required name=search_term_string"}],"inLanguage":"da-DK"},{"@type":"Organization","@id":"https:\/\/pistonaddict.com\/da\/#organization","name":"Piston Addict","url":"https:\/\/pistonaddict.com\/da\/","logo":{"@type":"ImageObject","inLanguage":"da-DK","@id":"https:\/\/pistonaddict.com\/da\/#\/schema\/logo\/image\/","url":"https:\/\/pistonaddict.com\/wp-content\/uploads\/2022\/07\/logo-6.png","contentUrl":"https:\/\/pistonaddict.com\/wp-content\/uploads\/2022\/07\/logo-6.png","width":970,"height":200,"caption":"Piston Addict"},"image":{"@id":"https:\/\/pistonaddict.com\/da\/#\/schema\/logo\/image\/"}}]}},"_links":{"self":[{"href":"https:\/\/pistonaddict.com\/da\/wp-json\/wp\/v2\/product\/77354"}],"collection":[{"href":"https:\/\/pistonaddict.com\/da\/wp-json\/wp\/v2\/product"}],"about":[{"href":"https:\/\/pistonaddict.com\/da\/wp-json\/wp\/v2\/types\/product"}],"replies":[{"embeddable":true,"href":"https:\/\/pistonaddict.com\/da\/wp-json\/wp\/v2\/comments?post=77354"}],"wp:featuredmedia":[{"embeddable":true,"href":"https:\/\/pistonaddict.com\/da\/wp-json\/wp\/v2\/media\/77136"}],"wp:attachment":[{"href":"https:\/\/pistonaddict.com\/da\/wp-json\/wp\/v2\/media?parent=77354"}],"wp:term":[{"taxonomy":"product_cat","embeddable":true,"href":"https:\/\/pistonaddict.com\/da\/wp-json\/wp\/v2\/product_cat?post=77354"},{"taxonomy":"product_tag","embeddable":true,"href":"https:\/\/pistonaddict.com\/da\/wp-json\/wp\/v2\/product_tag?post=77354"}],"curies":[{"name":"wp","href":"https:\/\/api.w.org\/{rel}","templated":true}]}}