{"id":76284,"date":"2023-12-01T10:53:23","date_gmt":"2023-12-01T09:53:23","guid":{"rendered":"https:\/\/pistonaddict.com\/product\/ferrari-488-gtb\/"},"modified":"2023-12-20T11:45:24","modified_gmt":"2023-12-20T10:45:24","slug":"ferrari-488-gtb","status":"publish","type":"product","link":"https:\/\/pistonaddict.com\/da\/product\/ferrari-488-gtb\/","title":{"rendered":"Ferrari 488 GTB"},"content":{"rendered":"<p><strong>Bilens historie<\/strong><\/p>\n<p>Som erstatning for 458 Italia i 2015 introducerede Ferrari 488 GTB, som var den f\u00f8rste turboladede V8 Ferrari med centermotor siden den legendariske F40. Selv om 488 GTB havde mindre slagvolumen og kun en 3,9-liters V8, havde den 100 hk mere end 458 Italia, nemlig forbl\u00f8ffende 670 hk. Men hvad der var endnu mere sp\u00e6ndende, var drejningsmomentet, som er imponerende med 760 Nm og garanterer lynhurtig acceleration, \u00f8jeblikkelig gasrespons og utrolig k\u00f8redynamik. De 100 km\/t kan n\u00e5s p\u00e5 kun 3 sekunder, og topfarten p\u00e5 330 km\/t lyder utrolig. Med et lavt kilometertal, sp\u00e6ndende ekstraudstyr og kulfiberbremser er den 488 GTB, vi tilbyder, en \u00e6gte f\u00f8rerspecifik model, der er klar til at forbl\u00f8ffe dig med den rene kraft, raffinement og k\u00f8redynamik som et jagerfly.<\/p>\n<p><strong>Interi\u00f8r<\/strong><\/p>\n<p>Da denne Ferrari blev holdt omhyggeligt, er det sorte l\u00e6der- og Alcantara-interi\u00f8r i meget god stand uden spor af brug. Den oprindelige ejer af denne bil valgte ekstraudstyr som kulstofs\u00e6der med en kombination af l\u00e6der og Alcantara, et digitalt display p\u00e5 rattet og interi\u00f8rindsatser i kulstof. Alt dette ser perfekt ud, uden ridser, og bidrager til bilens pr\u00e6stationsfornemmelse. Der er ingen \u00e6ndringer, og alt fungerer fuldt ud som forventet.<\/p>\n<p><strong>Tilstand<\/strong><\/p>\n<p>Denne Ferrari 488 GTB blev oprindeligt leveret i april 2016 til sin f\u00f8rste ejer i Frankrig og k\u00f8bt af s\u00e6lgeren i 2022. Denne superbil er i pletfri stand med kun 20.500 kilometer p\u00e5 t\u00e6lleren. Bilen har aldrig k\u00f8rt racerl\u00f8b eller v\u00e6ret involveret i ulykker. Altid omhyggeligt vedligeholdt, med bremserne efterset i slutningen af november 2023 og det sidste fulde service udf\u00f8rt i maj samme \u00e5r. Fremtidige ejere vil v\u00e6re glade for at vide, at dette eksemplar er d\u00e6kket af en udvidet Ferrari-garanti (Ferrari Power), som kan overf\u00f8res. Vedligeholdelsen blev altid udf\u00f8rt af en autoriseret forhandler, og det er dokumenteret. Men et af denne bils salgsargumenter er den lange liste over ekstraudstyr. <strong>Denne 488 GTB har et ATF-system, keramiske bremser med lakerede bremsekalibre, d\u00f8rpaneler og s\u00e6der i kulfiber, PDC for og bag, oph\u00e6ngsl\u00f8fter og kulfiberindsatser<\/strong>. Alt dette g\u00f8r den til en unik bil med ideelle f\u00f8reregenskaber.<\/p>\n<p><strong>Udvendigt og hjul<\/strong><\/p>\n<p>Denne 488 GTB er lakeret i en sl\u00e5ende nuance af Grigio Silverstone og har et matchende sort interi\u00f8r, hvilket g\u00f8r den til noget af et syn. Selvom den ikke er r\u00f8d, er den endnu smukkere og mere diskret i m\u00f8rkegr\u00e5. Naturligvis er karrosseriet uden ridser og buler. Med fabriksmonterede 20-tommer f\u00e6lge pakket ind i splinternye og korrekte Pirelli-d\u00e6k er denne fantastiske 488 GTB klar til at forvandle sine 670 hk til en unik k\u00f8reoplevelse.<\/p>\n<p><strong> <\/strong><strong>Dokumentation<\/strong><\/p>\n<p>Den professionelle s\u00e6lger dette k\u00f8ret\u00f8j med passende dokumentation, beliggende i Frankrig. <a href=\"https:\/\/pistonaddict.com\/wp-content\/uploads\/2023\/12\/Ferrari488GTB.pdf\" target=\"_blank\" rel=\"noopener\">CarVertical-rapporten<\/a> er ren; der findes ingen beviser p\u00e5 ulykker, reparationer af ulykker, ejerskab eller juridiske problemer. Der er optegnelser over regelm\u00e6ssig vedligeholdelse, salgsregninger og kvitteringer. <strong>En udvidet fabriksgaranti p\u00e5 denne model i 12 m\u00e5neder<\/strong> og et overensstemmelsescertifikat (til en v\u00e6rdi af 2000 euro) er yderligere bevis p\u00e5, at dette er et f\u00f8rsteklasses samlerk\u00f8ret\u00f8j.<\/p>\n<p><strong><br \/>\nSe koldstartsvideoen af denne smukke Ferrari 488 GTB :<\/strong><\/p>\n<p><iframe title=\"Cold Start Video of the Ferrari 488 GTB for auction sale\" width=\"1200\" height=\"675\" src=\"https:\/\/www.youtube.com\/embed\/_SyEnhUZHXQ?feature=oembed\" frameborder=\"0\" allow=\"accelerometer; autoplay; clipboard-write; encrypted-media; gyroscope; picture-in-picture; web-share\" allowfullscreen><\/iframe><\/p>\n","protected":false},"excerpt":{"rendered":"<p>Hvis Ferrari 458 Italia var perfektion med naturlig indsugning, var efterf\u00f8lgeren, 488 Italia, et mesterv\u00e6rk med turboladning. 458 Italia satte ekstremt h\u00f8je standarder for klassen af centermotorsportsvogne, men Ferrari form\u00e5ede at overg\u00e5 forventningerne med 488 GTB. 488 GTB er utrolig potent, aggressiv og hurtig og en \u00e6gte sportsvogn for kendere, der f\u00f8ler sig lige godt hjemme p\u00e5 Autobahn som p\u00e5 racerbanen. Det eksempel, vi har til salg, er et af de bedste, der findes.<\/p>\n","protected":false},"featured_media":75669,"comment_status":"open","ping_status":"closed","template":"","meta":{"inline_featured_image":false},"product_cat":[701],"product_tag":[2652,2194,903,2648],"acf":[],"yoast_head":"<!-- This site is optimized with the Yoast SEO plugin v22.5 - https:\/\/yoast.com\/wordpress\/plugins\/seo\/ -->\n<title>auktion - Piston Addict<\/title>\n<meta name=\"robots\" content=\"index, follow, max-snippet:-1, max-image-preview:large, max-video-preview:-1\" \/>\n<link rel=\"canonical\" href=\"https:\/\/pistonaddict.com\/da\/product\/ferrari-488-gtb\/\" \/>\n<meta property=\"og:locale\" content=\"da_DK\" \/>\n<meta property=\"og:type\" content=\"article\" \/>\n<meta property=\"og:title\" content=\"auktion - Piston Addict\" \/>\n<meta property=\"og:description\" content=\"Hvis Ferrari 458 Italia var perfektion med naturlig indsugning, var efterf\u00f8lgeren, 488 Italia, et mesterv\u00e6rk med turboladning. 458 Italia satte ekstremt h\u00f8je standarder for klassen af centermotorsportsvogne, men Ferrari form\u00e5ede at overg\u00e5 forventningerne med 488 GTB. 488 GTB er utrolig potent, aggressiv og hurtig og en \u00e6gte sportsvogn for kendere, der f\u00f8ler sig lige godt hjemme p\u00e5 Autobahn som p\u00e5 racerbanen. Det eksempel, vi har til salg, er et af de bedste, der findes.\" \/>\n<meta property=\"og:url\" content=\"https:\/\/pistonaddict.com\/da\/product\/ferrari-488-gtb\/\" \/>\n<meta property=\"og:site_name\" content=\"Piston Addict\" \/>\n<meta property=\"article:modified_time\" content=\"2023-12-20T10:45:24+00:00\" \/>\n<meta property=\"og:image\" content=\"https:\/\/pistonaddict.com\/wp-content\/uploads\/2023\/12\/IMG_0075-1024x765.png\" \/>\n\t<meta property=\"og:image:width\" content=\"1024\" \/>\n\t<meta property=\"og:image:height\" content=\"765\" \/>\n\t<meta property=\"og:image:type\" content=\"image\/png\" \/>\n<meta name=\"twitter:card\" content=\"summary_large_image\" \/>\n<meta name=\"twitter:label1\" content=\"Estimeret l\u00e6setid\" \/>\n\t<meta name=\"twitter:data1\" content=\"3 minutter\" \/>\n<script type=\"application\/ld+json\" class=\"yoast-schema-graph\">{\"@context\":\"https:\/\/schema.org\",\"@graph\":[{\"@type\":\"WebPage\",\"@id\":\"https:\/\/pistonaddict.com\/da\/product\/ferrari-488-gtb\/\",\"url\":\"https:\/\/pistonaddict.com\/da\/product\/ferrari-488-gtb\/\",\"name\":\"auktion - Piston Addict\",\"isPartOf\":{\"@id\":\"https:\/\/pistonaddict.com\/da\/#website\"},\"primaryImageOfPage\":{\"@id\":\"https:\/\/pistonaddict.com\/da\/product\/ferrari-488-gtb\/#primaryimage\"},\"image\":{\"@id\":\"https:\/\/pistonaddict.com\/da\/product\/ferrari-488-gtb\/#primaryimage\"},\"thumbnailUrl\":\"https:\/\/pistonaddict.com\/wp-content\/uploads\/2023\/12\/IMG_0075.png\",\"datePublished\":\"2023-12-01T09:53:23+00:00\",\"dateModified\":\"2023-12-20T10:45:24+00:00\",\"breadcrumb\":{\"@id\":\"https:\/\/pistonaddict.com\/da\/product\/ferrari-488-gtb\/#breadcrumb\"},\"inLanguage\":\"da-DK\",\"potentialAction\":[{\"@type\":\"ReadAction\",\"target\":[\"https:\/\/pistonaddict.com\/da\/product\/ferrari-488-gtb\/\"]}]},{\"@type\":\"ImageObject\",\"inLanguage\":\"da-DK\",\"@id\":\"https:\/\/pistonaddict.com\/da\/product\/ferrari-488-gtb\/#primaryimage\",\"url\":\"https:\/\/pistonaddict.com\/wp-content\/uploads\/2023\/12\/IMG_0075.png\",\"contentUrl\":\"https:\/\/pistonaddict.com\/wp-content\/uploads\/2023\/12\/IMG_0075.png\",\"width\":2160,\"height\":1614},{\"@type\":\"BreadcrumbList\",\"@id\":\"https:\/\/pistonaddict.com\/da\/product\/ferrari-488-gtb\/#breadcrumb\",\"itemListElement\":[{\"@type\":\"ListItem\",\"position\":1,\"name\":\"Hjemmeside\",\"item\":\"https:\/\/pistonaddict.com\/da\/hjemmeside-2\/\"},{\"@type\":\"ListItem\",\"position\":2,\"name\":\"Auctions\",\"item\":\"https:\/\/pistonaddict.com\/auctions-listing\/\"},{\"@type\":\"ListItem\",\"position\":3,\"name\":\"Ferrari 488 GTB\"}]},{\"@type\":\"WebSite\",\"@id\":\"https:\/\/pistonaddict.com\/da\/#website\",\"url\":\"https:\/\/pistonaddict.com\/da\/\",\"name\":\"Piston Addict\",\"description\":\"Only interesting vehicles\",\"publisher\":{\"@id\":\"https:\/\/pistonaddict.com\/da\/#organization\"},\"potentialAction\":[{\"@type\":\"SearchAction\",\"target\":{\"@type\":\"EntryPoint\",\"urlTemplate\":\"https:\/\/pistonaddict.com\/da\/?s={search_term_string}\"},\"query-input\":\"required name=search_term_string\"}],\"inLanguage\":\"da-DK\"},{\"@type\":\"Organization\",\"@id\":\"https:\/\/pistonaddict.com\/da\/#organization\",\"name\":\"Piston Addict\",\"url\":\"https:\/\/pistonaddict.com\/da\/\",\"logo\":{\"@type\":\"ImageObject\",\"inLanguage\":\"da-DK\",\"@id\":\"https:\/\/pistonaddict.com\/da\/#\/schema\/logo\/image\/\",\"url\":\"https:\/\/pistonaddict.com\/wp-content\/uploads\/2022\/07\/logo-6.png\",\"contentUrl\":\"https:\/\/pistonaddict.com\/wp-content\/uploads\/2022\/07\/logo-6.png\",\"width\":970,\"height\":200,\"caption\":\"Piston Addict\"},\"image\":{\"@id\":\"https:\/\/pistonaddict.com\/da\/#\/schema\/logo\/image\/\"}}]}<\/script>\n<!-- \/ Yoast SEO plugin. -->","yoast_head_json":{"title":"auktion - Piston Addict","robots":{"index":"index","follow":"follow","max-snippet":"max-snippet:-1","max-image-preview":"max-image-preview:large","max-video-preview":"max-video-preview:-1"},"canonical":"https:\/\/pistonaddict.com\/da\/product\/ferrari-488-gtb\/","og_locale":"da_DK","og_type":"article","og_title":"auktion - Piston Addict","og_description":"Hvis Ferrari 458 Italia var perfektion med naturlig indsugning, var efterf\u00f8lgeren, 488 Italia, et mesterv\u00e6rk med turboladning. 458 Italia satte ekstremt h\u00f8je standarder for klassen af centermotorsportsvogne, men Ferrari form\u00e5ede at overg\u00e5 forventningerne med 488 GTB. 488 GTB er utrolig potent, aggressiv og hurtig og en \u00e6gte sportsvogn for kendere, der f\u00f8ler sig lige godt hjemme p\u00e5 Autobahn som p\u00e5 racerbanen. Det eksempel, vi har til salg, er et af de bedste, der findes.","og_url":"https:\/\/pistonaddict.com\/da\/product\/ferrari-488-gtb\/","og_site_name":"Piston Addict","article_modified_time":"2023-12-20T10:45:24+00:00","og_image":[{"width":1024,"height":765,"url":"https:\/\/pistonaddict.com\/wp-content\/uploads\/2023\/12\/IMG_0075-1024x765.png","type":"image\/png"}],"twitter_card":"summary_large_image","twitter_misc":{"Estimeret l\u00e6setid":"3 minutter"},"schema":{"@context":"https:\/\/schema.org","@graph":[{"@type":"WebPage","@id":"https:\/\/pistonaddict.com\/da\/product\/ferrari-488-gtb\/","url":"https:\/\/pistonaddict.com\/da\/product\/ferrari-488-gtb\/","name":"auktion - Piston Addict","isPartOf":{"@id":"https:\/\/pistonaddict.com\/da\/#website"},"primaryImageOfPage":{"@id":"https:\/\/pistonaddict.com\/da\/product\/ferrari-488-gtb\/#primaryimage"},"image":{"@id":"https:\/\/pistonaddict.com\/da\/product\/ferrari-488-gtb\/#primaryimage"},"thumbnailUrl":"https:\/\/pistonaddict.com\/wp-content\/uploads\/2023\/12\/IMG_0075.png","datePublished":"2023-12-01T09:53:23+00:00","dateModified":"2023-12-20T10:45:24+00:00","breadcrumb":{"@id":"https:\/\/pistonaddict.com\/da\/product\/ferrari-488-gtb\/#breadcrumb"},"inLanguage":"da-DK","potentialAction":[{"@type":"ReadAction","target":["https:\/\/pistonaddict.com\/da\/product\/ferrari-488-gtb\/"]}]},{"@type":"ImageObject","inLanguage":"da-DK","@id":"https:\/\/pistonaddict.com\/da\/product\/ferrari-488-gtb\/#primaryimage","url":"https:\/\/pistonaddict.com\/wp-content\/uploads\/2023\/12\/IMG_0075.png","contentUrl":"https:\/\/pistonaddict.com\/wp-content\/uploads\/2023\/12\/IMG_0075.png","width":2160,"height":1614},{"@type":"BreadcrumbList","@id":"https:\/\/pistonaddict.com\/da\/product\/ferrari-488-gtb\/#breadcrumb","itemListElement":[{"@type":"ListItem","position":1,"name":"Hjemmeside","item":"https:\/\/pistonaddict.com\/da\/hjemmeside-2\/"},{"@type":"ListItem","position":2,"name":"Auctions","item":"https:\/\/pistonaddict.com\/auctions-listing\/"},{"@type":"ListItem","position":3,"name":"Ferrari 488 GTB"}]},{"@type":"WebSite","@id":"https:\/\/pistonaddict.com\/da\/#website","url":"https:\/\/pistonaddict.com\/da\/","name":"Piston Addict","description":"Only interesting vehicles","publisher":{"@id":"https:\/\/pistonaddict.com\/da\/#organization"},"potentialAction":[{"@type":"SearchAction","target":{"@type":"EntryPoint","urlTemplate":"https:\/\/pistonaddict.com\/da\/?s={search_term_string}"},"query-input":"required name=search_term_string"}],"inLanguage":"da-DK"},{"@type":"Organization","@id":"https:\/\/pistonaddict.com\/da\/#organization","name":"Piston Addict","url":"https:\/\/pistonaddict.com\/da\/","logo":{"@type":"ImageObject","inLanguage":"da-DK","@id":"https:\/\/pistonaddict.com\/da\/#\/schema\/logo\/image\/","url":"https:\/\/pistonaddict.com\/wp-content\/uploads\/2022\/07\/logo-6.png","contentUrl":"https:\/\/pistonaddict.com\/wp-content\/uploads\/2022\/07\/logo-6.png","width":970,"height":200,"caption":"Piston Addict"},"image":{"@id":"https:\/\/pistonaddict.com\/da\/#\/schema\/logo\/image\/"}}]}},"_links":{"self":[{"href":"https:\/\/pistonaddict.com\/da\/wp-json\/wp\/v2\/product\/76284"}],"collection":[{"href":"https:\/\/pistonaddict.com\/da\/wp-json\/wp\/v2\/product"}],"about":[{"href":"https:\/\/pistonaddict.com\/da\/wp-json\/wp\/v2\/types\/product"}],"replies":[{"embeddable":true,"href":"https:\/\/pistonaddict.com\/da\/wp-json\/wp\/v2\/comments?post=76284"}],"wp:featuredmedia":[{"embeddable":true,"href":"https:\/\/pistonaddict.com\/da\/wp-json\/wp\/v2\/media\/75669"}],"wp:attachment":[{"href":"https:\/\/pistonaddict.com\/da\/wp-json\/wp\/v2\/media?parent=76284"}],"wp:term":[{"taxonomy":"product_cat","embeddable":true,"href":"https:\/\/pistonaddict.com\/da\/wp-json\/wp\/v2\/product_cat?post=76284"},{"taxonomy":"product_tag","embeddable":true,"href":"https:\/\/pistonaddict.com\/da\/wp-json\/wp\/v2\/product_tag?post=76284"}],"curies":[{"name":"wp","href":"https:\/\/api.w.org\/{rel}","templated":true}]}}