{"id":75644,"date":"2023-12-01T10:02:11","date_gmt":"2023-12-01T09:02:11","guid":{"rendered":"https:\/\/pistonaddict.com\/product\/ferrari-458-italia\/"},"modified":"2023-12-20T09:59:05","modified_gmt":"2023-12-20T08:59:05","slug":"ferrari-458-italia","status":"publish","type":"product","link":"https:\/\/pistonaddict.com\/da\/product\/ferrari-458-italia\/","title":{"rendered":"Ferrari 458 Italia"},"content":{"rendered":"<p><strong>Bilens historie<\/strong><\/p>\n<p>458 Italia blev pr\u00e6senteret i 2009 og markerede en ny \u00e6ra for dette legendariske m\u00e6rke med et nyt designsprog, en 4,5-liters V8-motor, elektronisk differentiale og 7-trins dobbeltkoblingsautomat som eneste motorvalg. Med 570 hk sendt til baghjulene og en r\u00f8d linje p\u00e5 9.000 o\/min leverede 458 Italia n\u00e6sten Formel 1-k\u00f8redynamik med det samme soundtrack og sp\u00e6nding. Lige fra starten erkl\u00e6rede magasinernes testere 458&#8217;eren for en af de bedste vejg\u00e5ende Ferrarier, der findes &#8211; en h\u00f8j anerkendelse, men ikke uden grund. Det er en lynhurtig italiensk hingst med 0 til 100 km\/t p\u00e5 langt under 4 sekunder og en topfart p\u00e5 over 320 km\/t. Denne Ferrari 458 blev produceret i 2011, og den nuv\u00e6rende s\u00e6lger k\u00f8bte den i 2022. Med et meget interessant s\u00e6t ekstraudstyr, en klassisk r\u00f8d-sort lakering, lavt kilometertal og nylig service er den klar til at blive nydt af den nye ejer. Den oprindelige ejer af denne bil koncentrerede sig om komfortudstyr som et Adaptive Front Lightning System, opvarmede s\u00e6der, PDC til lettere man\u00f8vrering og parkering, en elektrisk justerbar ratstamme og meget mere. Alt dette g\u00f8r denne 458 Italia til et meget veludstyret og brugervenligt eksemplar.<\/p>\n<p><strong>Interi\u00f8r<\/strong><\/p>\n<p>Da denne Ferrari blev holdt omhyggeligt, er det sorte l\u00e6derinteri\u00f8r i meget god stand med minimale spor af brug. S\u00e6derne med de r\u00f8de syninger er i perfekt stand, og den oprindelige ejer har valgt et elegant look, der aldrig g\u00e5r af mode. Der er ingen \u00e6ndringer, og interi\u00f8ret ser helt nyt ud.<\/p>\n<p><strong>Tilstand<\/strong><\/p>\n<p>Med kun 25.500 kilometer er denne Ferrari 458 Italia pletfri og omhyggeligt passet af alle sine brugere. Alle vedligeholdelsesprocedurer blev udf\u00f8rt til tiden, med det sidste olieskift og service udf\u00f8rt i maj 2023 og bremser efterset for blot et par dage siden i slutningen af november 2023. Men hvad der er endnu vigtigere ved dette specifikke eksempel er, at alle fabriksudstedte tilbagekaldelser af 458 Italia-modellen er blevet udf\u00f8rt af officielle forhandlere med dokumenter til at bevise det. Bilen blev oprindeligt leveret i Holland, og den autoriserede Ferrari-forhandler udf\u00f8rte tilbagekaldelsesservicen. I 2019 blev airbaggen i passagersiden udskiftet, og i 2022 blev d\u00e6kslet til bremsev\u00e6skebeholderen udskiftet. Alle disse tilbagekaldelser blev godkendt af fabrikken og dokumenteret. Det viser, at alle ejerne er dedikerede entusiaster. <strong>Netop denne bil har en udvidet Ferrari New Power-garanti i de n\u00e6ste 12 m\u00e5neder<\/strong>.<\/p>\n<p><strong> <\/strong><strong>Udvendigt og hjul<\/strong><\/p>\n<p>Rosso Corsa er den mest almindelige Ferrari-farve, men denne legendariske nuance passer perfekt til de forf\u00f8rende linjer i 458 Italia. Den originale lak er uden m\u00e6rker, der er ingen buler og ridser, og bilen er helt pr\u00e6sentabel. Med 20-tommer originale fabrikshjul og splinternye Michelin-d\u00e6k er denne bil klar til at levere sin fulde ydeevne. Et af de bem\u00e6rkelsesv\u00e6rdige ekstraudstyr til denne bil er de keramiske bremser, der giver en utrolig bremsekraft.<\/p>\n<p><strong>Dokumentation<\/strong><\/p>\n<p>Dette k\u00f8ret\u00f8j s\u00e6lges af en professionel med passende dokumentation, og det befinder sig i Frankrig. <a href=\"https:\/\/pistonaddict.com\/wp-content\/uploads\/2023\/12\/CarVertical458.pdf\" target=\"_blank\" rel=\"noopener\">CarVertical-rapporten<\/a> er ren; der findes ingen beviser for ulykker, reparationer af ulykker, ejerskab eller juridiske problemer. Der er optegnelser over regelm\u00e6ssig vedligeholdelse sammen med originale fabriksbrochurer, salgsregninger og kvitteringer. En udvidet fabriksgaranti (Ferrari Power) med denne model i 12 m\u00e5neder og et overensstemmelsescertifikat (v\u00e6rdi 2000 euro) er yderligere bevis p\u00e5, at dette er en f\u00f8rsteklasses samlerbil.<\/p>\n<p><strong>Se koldstartsvideoen af denne smukke Ferrari 458 Italia :<\/strong><\/p>\n<p><iframe title=\"Cold Start Video of the Ferrari 458 Italia for auction sale\" width=\"1200\" height=\"675\" src=\"https:\/\/www.youtube.com\/embed\/BEdW3ySb03E?feature=oembed\" frameborder=\"0\" allow=\"accelerometer; autoplay; clipboard-write; encrypted-media; gyroscope; picture-in-picture; web-share\" allowfullscreen><\/iframe><\/p>\n","protected":false},"excerpt":{"rendered":"<p>Ferrari er altid p\u00e5 forkant med bilteknologi og ydeevne og har indf\u00f8rt turboladning som standard i alle sine modeller sammen med hybriddrivlinjen. Men i et kort \u00f8jeblik producerede Ferrari en fuldst\u00e6ndig moderne sportsvogn, drevet af en skrigende sugemotor, der perfekt kombinerede moderne teknologi, h\u00f8je omdrejninger og en utrolig kraftfuld motor med den charmerende f\u00f8lelse af at v\u00e6re af den gamle skole. Ja, vi taler om 458 Italia, og vi er stolte over at kunne tilbyde dig et af de bedste eksempler p\u00e5 markedet.<\/p>\n","protected":false},"featured_media":75536,"comment_status":"open","ping_status":"closed","template":"","meta":{"inline_featured_image":false},"product_cat":[701],"product_tag":[2593,2589,903,2585],"acf":[],"yoast_head":"<!-- This site is optimized with the Yoast SEO plugin v22.5 - https:\/\/yoast.com\/wordpress\/plugins\/seo\/ -->\n<title>auktion - Piston Addict<\/title>\n<meta name=\"robots\" content=\"index, follow, max-snippet:-1, max-image-preview:large, max-video-preview:-1\" \/>\n<link rel=\"canonical\" href=\"https:\/\/pistonaddict.com\/da\/product\/ferrari-458-italia\/\" \/>\n<meta property=\"og:locale\" content=\"da_DK\" \/>\n<meta property=\"og:type\" content=\"article\" \/>\n<meta property=\"og:title\" content=\"auktion - Piston Addict\" \/>\n<meta property=\"og:description\" content=\"Ferrari er altid p\u00e5 forkant med bilteknologi og ydeevne og har indf\u00f8rt turboladning som standard i alle sine modeller sammen med hybriddrivlinjen. Men i et kort \u00f8jeblik producerede Ferrari en fuldst\u00e6ndig moderne sportsvogn, drevet af en skrigende sugemotor, der perfekt kombinerede moderne teknologi, h\u00f8je omdrejninger og en utrolig kraftfuld motor med den charmerende f\u00f8lelse af at v\u00e6re af den gamle skole. Ja, vi taler om 458 Italia, og vi er stolte over at kunne tilbyde dig et af de bedste eksempler p\u00e5 markedet.\" \/>\n<meta property=\"og:url\" content=\"https:\/\/pistonaddict.com\/da\/product\/ferrari-458-italia\/\" \/>\n<meta property=\"og:site_name\" content=\"Piston Addict\" \/>\n<meta property=\"article:modified_time\" content=\"2023-12-20T08:59:05+00:00\" \/>\n<meta property=\"og:image\" content=\"https:\/\/pistonaddict.com\/wp-content\/uploads\/2023\/12\/IMG_0124.jpeg\" \/>\n\t<meta property=\"og:image:width\" content=\"1885\" \/>\n\t<meta property=\"og:image:height\" content=\"1207\" \/>\n\t<meta property=\"og:image:type\" content=\"image\/jpeg\" \/>\n<meta name=\"twitter:card\" content=\"summary_large_image\" \/>\n<meta name=\"twitter:label1\" content=\"Estimeret l\u00e6setid\" \/>\n\t<meta name=\"twitter:data1\" content=\"3 minutter\" \/>\n<script type=\"application\/ld+json\" class=\"yoast-schema-graph\">{\"@context\":\"https:\/\/schema.org\",\"@graph\":[{\"@type\":\"WebPage\",\"@id\":\"https:\/\/pistonaddict.com\/da\/product\/ferrari-458-italia\/\",\"url\":\"https:\/\/pistonaddict.com\/da\/product\/ferrari-458-italia\/\",\"name\":\"auktion - Piston Addict\",\"isPartOf\":{\"@id\":\"https:\/\/pistonaddict.com\/da\/#website\"},\"primaryImageOfPage\":{\"@id\":\"https:\/\/pistonaddict.com\/da\/product\/ferrari-458-italia\/#primaryimage\"},\"image\":{\"@id\":\"https:\/\/pistonaddict.com\/da\/product\/ferrari-458-italia\/#primaryimage\"},\"thumbnailUrl\":\"https:\/\/pistonaddict.com\/wp-content\/uploads\/2023\/12\/IMG_0124.jpeg\",\"datePublished\":\"2023-12-01T09:02:11+00:00\",\"dateModified\":\"2023-12-20T08:59:05+00:00\",\"breadcrumb\":{\"@id\":\"https:\/\/pistonaddict.com\/da\/product\/ferrari-458-italia\/#breadcrumb\"},\"inLanguage\":\"da-DK\",\"potentialAction\":[{\"@type\":\"ReadAction\",\"target\":[\"https:\/\/pistonaddict.com\/da\/product\/ferrari-458-italia\/\"]}]},{\"@type\":\"ImageObject\",\"inLanguage\":\"da-DK\",\"@id\":\"https:\/\/pistonaddict.com\/da\/product\/ferrari-458-italia\/#primaryimage\",\"url\":\"https:\/\/pistonaddict.com\/wp-content\/uploads\/2023\/12\/IMG_0124.jpeg\",\"contentUrl\":\"https:\/\/pistonaddict.com\/wp-content\/uploads\/2023\/12\/IMG_0124.jpeg\",\"width\":1885,\"height\":1207},{\"@type\":\"BreadcrumbList\",\"@id\":\"https:\/\/pistonaddict.com\/da\/product\/ferrari-458-italia\/#breadcrumb\",\"itemListElement\":[{\"@type\":\"ListItem\",\"position\":1,\"name\":\"Hjemmeside\",\"item\":\"https:\/\/pistonaddict.com\/da\/hjemmeside-2\/\"},{\"@type\":\"ListItem\",\"position\":2,\"name\":\"Auctions\",\"item\":\"https:\/\/pistonaddict.com\/auctions-listing\/\"},{\"@type\":\"ListItem\",\"position\":3,\"name\":\"Ferrari 458 Italia\"}]},{\"@type\":\"WebSite\",\"@id\":\"https:\/\/pistonaddict.com\/da\/#website\",\"url\":\"https:\/\/pistonaddict.com\/da\/\",\"name\":\"Piston Addict\",\"description\":\"Only interesting vehicles\",\"publisher\":{\"@id\":\"https:\/\/pistonaddict.com\/da\/#organization\"},\"potentialAction\":[{\"@type\":\"SearchAction\",\"target\":{\"@type\":\"EntryPoint\",\"urlTemplate\":\"https:\/\/pistonaddict.com\/da\/?s={search_term_string}\"},\"query-input\":\"required name=search_term_string\"}],\"inLanguage\":\"da-DK\"},{\"@type\":\"Organization\",\"@id\":\"https:\/\/pistonaddict.com\/da\/#organization\",\"name\":\"Piston Addict\",\"url\":\"https:\/\/pistonaddict.com\/da\/\",\"logo\":{\"@type\":\"ImageObject\",\"inLanguage\":\"da-DK\",\"@id\":\"https:\/\/pistonaddict.com\/da\/#\/schema\/logo\/image\/\",\"url\":\"https:\/\/pistonaddict.com\/wp-content\/uploads\/2022\/07\/logo-6.png\",\"contentUrl\":\"https:\/\/pistonaddict.com\/wp-content\/uploads\/2022\/07\/logo-6.png\",\"width\":970,\"height\":200,\"caption\":\"Piston Addict\"},\"image\":{\"@id\":\"https:\/\/pistonaddict.com\/da\/#\/schema\/logo\/image\/\"}}]}<\/script>\n<!-- \/ Yoast SEO plugin. -->","yoast_head_json":{"title":"auktion - Piston Addict","robots":{"index":"index","follow":"follow","max-snippet":"max-snippet:-1","max-image-preview":"max-image-preview:large","max-video-preview":"max-video-preview:-1"},"canonical":"https:\/\/pistonaddict.com\/da\/product\/ferrari-458-italia\/","og_locale":"da_DK","og_type":"article","og_title":"auktion - Piston Addict","og_description":"Ferrari er altid p\u00e5 forkant med bilteknologi og ydeevne og har indf\u00f8rt turboladning som standard i alle sine modeller sammen med hybriddrivlinjen. Men i et kort \u00f8jeblik producerede Ferrari en fuldst\u00e6ndig moderne sportsvogn, drevet af en skrigende sugemotor, der perfekt kombinerede moderne teknologi, h\u00f8je omdrejninger og en utrolig kraftfuld motor med den charmerende f\u00f8lelse af at v\u00e6re af den gamle skole. Ja, vi taler om 458 Italia, og vi er stolte over at kunne tilbyde dig et af de bedste eksempler p\u00e5 markedet.","og_url":"https:\/\/pistonaddict.com\/da\/product\/ferrari-458-italia\/","og_site_name":"Piston Addict","article_modified_time":"2023-12-20T08:59:05+00:00","og_image":[{"width":1885,"height":1207,"url":"https:\/\/pistonaddict.com\/wp-content\/uploads\/2023\/12\/IMG_0124.jpeg","type":"image\/jpeg"}],"twitter_card":"summary_large_image","twitter_misc":{"Estimeret l\u00e6setid":"3 minutter"},"schema":{"@context":"https:\/\/schema.org","@graph":[{"@type":"WebPage","@id":"https:\/\/pistonaddict.com\/da\/product\/ferrari-458-italia\/","url":"https:\/\/pistonaddict.com\/da\/product\/ferrari-458-italia\/","name":"auktion - Piston Addict","isPartOf":{"@id":"https:\/\/pistonaddict.com\/da\/#website"},"primaryImageOfPage":{"@id":"https:\/\/pistonaddict.com\/da\/product\/ferrari-458-italia\/#primaryimage"},"image":{"@id":"https:\/\/pistonaddict.com\/da\/product\/ferrari-458-italia\/#primaryimage"},"thumbnailUrl":"https:\/\/pistonaddict.com\/wp-content\/uploads\/2023\/12\/IMG_0124.jpeg","datePublished":"2023-12-01T09:02:11+00:00","dateModified":"2023-12-20T08:59:05+00:00","breadcrumb":{"@id":"https:\/\/pistonaddict.com\/da\/product\/ferrari-458-italia\/#breadcrumb"},"inLanguage":"da-DK","potentialAction":[{"@type":"ReadAction","target":["https:\/\/pistonaddict.com\/da\/product\/ferrari-458-italia\/"]}]},{"@type":"ImageObject","inLanguage":"da-DK","@id":"https:\/\/pistonaddict.com\/da\/product\/ferrari-458-italia\/#primaryimage","url":"https:\/\/pistonaddict.com\/wp-content\/uploads\/2023\/12\/IMG_0124.jpeg","contentUrl":"https:\/\/pistonaddict.com\/wp-content\/uploads\/2023\/12\/IMG_0124.jpeg","width":1885,"height":1207},{"@type":"BreadcrumbList","@id":"https:\/\/pistonaddict.com\/da\/product\/ferrari-458-italia\/#breadcrumb","itemListElement":[{"@type":"ListItem","position":1,"name":"Hjemmeside","item":"https:\/\/pistonaddict.com\/da\/hjemmeside-2\/"},{"@type":"ListItem","position":2,"name":"Auctions","item":"https:\/\/pistonaddict.com\/auctions-listing\/"},{"@type":"ListItem","position":3,"name":"Ferrari 458 Italia"}]},{"@type":"WebSite","@id":"https:\/\/pistonaddict.com\/da\/#website","url":"https:\/\/pistonaddict.com\/da\/","name":"Piston Addict","description":"Only interesting vehicles","publisher":{"@id":"https:\/\/pistonaddict.com\/da\/#organization"},"potentialAction":[{"@type":"SearchAction","target":{"@type":"EntryPoint","urlTemplate":"https:\/\/pistonaddict.com\/da\/?s={search_term_string}"},"query-input":"required name=search_term_string"}],"inLanguage":"da-DK"},{"@type":"Organization","@id":"https:\/\/pistonaddict.com\/da\/#organization","name":"Piston Addict","url":"https:\/\/pistonaddict.com\/da\/","logo":{"@type":"ImageObject","inLanguage":"da-DK","@id":"https:\/\/pistonaddict.com\/da\/#\/schema\/logo\/image\/","url":"https:\/\/pistonaddict.com\/wp-content\/uploads\/2022\/07\/logo-6.png","contentUrl":"https:\/\/pistonaddict.com\/wp-content\/uploads\/2022\/07\/logo-6.png","width":970,"height":200,"caption":"Piston Addict"},"image":{"@id":"https:\/\/pistonaddict.com\/da\/#\/schema\/logo\/image\/"}}]}},"_links":{"self":[{"href":"https:\/\/pistonaddict.com\/da\/wp-json\/wp\/v2\/product\/75644"}],"collection":[{"href":"https:\/\/pistonaddict.com\/da\/wp-json\/wp\/v2\/product"}],"about":[{"href":"https:\/\/pistonaddict.com\/da\/wp-json\/wp\/v2\/types\/product"}],"replies":[{"embeddable":true,"href":"https:\/\/pistonaddict.com\/da\/wp-json\/wp\/v2\/comments?post=75644"}],"wp:featuredmedia":[{"embeddable":true,"href":"https:\/\/pistonaddict.com\/da\/wp-json\/wp\/v2\/media\/75536"}],"wp:attachment":[{"href":"https:\/\/pistonaddict.com\/da\/wp-json\/wp\/v2\/media?parent=75644"}],"wp:term":[{"taxonomy":"product_cat","embeddable":true,"href":"https:\/\/pistonaddict.com\/da\/wp-json\/wp\/v2\/product_cat?post=75644"},{"taxonomy":"product_tag","embeddable":true,"href":"https:\/\/pistonaddict.com\/da\/wp-json\/wp\/v2\/product_tag?post=75644"}],"curies":[{"name":"wp","href":"https:\/\/api.w.org\/{rel}","templated":true}]}}