{"id":72236,"date":"2023-11-17T17:40:02","date_gmt":"2023-11-17T16:40:02","guid":{"rendered":"https:\/\/pistonaddict.com\/product\/land-rover-defender-p90e-electric\/"},"modified":"2024-03-19T16:59:09","modified_gmt":"2024-03-19T15:59:09","slug":"land-rover-defender-p90e-electric","status":"publish","type":"product","link":"https:\/\/pistonaddict.com\/da\/product\/land-rover-defender-p90e-electric\/","title":{"rendered":"Land Rover Defender P90E Electric"},"content":{"rendered":"<p><strong>Bilens historie<\/strong><\/p>\n<p>I en verden af terr\u00e6ng\u00e5ende k\u00f8ret\u00f8jer er Land Rover Defender et ubestrideligt ikon. En sand bilhelt og en model, der stadig symboliserer robusthed, p\u00e5lidelighed og en g\u00e5-alle vegne-attitude. Som s\u00e5dan er den stadig en dr\u00f8mmebil for millioner af offroad-fans verden over. Men klassiske modeller, hvor cool og charmerende de end er, er for\u00e6ldede i nutidens trafik- og milj\u00f8bevidste verden. Det schweiziske firma Revive har fundet en l\u00f8sning p\u00e5 det og ombygget dette eksemplar til moderne el-drift, hvilket fuldst\u00e6ndig har forvandlet fornemmelsen af dette klassiske k\u00f8ret\u00f8j og forbedret dets evner. Dette eksemplar blev produceret i 1999 i den eftertragtede tred\u00f8rs udgave og leveret som ny i Schweiz. Den blev k\u00f8bt af s\u00e6lgeren i 2021 og var genstand for en grundig eftermonteringsproces af Revive i 2022, hvilket resulterede i den f\u00f8rste Defender EV-konvertering i Schweiz. Den oprindelige dieselmotor blev erstattet af Netgain Hyper 9 elmotor med 66 kW (100 hk) ledsaget af en 44 kWh batteripakke. Det er interessant, at elmotoren er blevet koblet til den originale manuelle gearkasse og 4&#215;4-drivlinjen. Denne Defender har en unik kombination af elektrisk kraft og en gearstang, forbedret ydeevne, mere drejningsmoment og en r\u00e6kkevidde p\u00e5 omkring 120 til 130 km (op til 80 miles).<\/p>\n<p><strong>Interi\u00f8r<\/strong><\/p>\n<p>Bortset fra den centrale sk\u00e6rm er interi\u00f8ret i denne unikke Land Rover Defender fra perioden og i fremragende stand. S\u00e6derne er bekl\u00e6dt med stof, og bags\u00e6det har cool rumble-s\u00e6der. Instrumentbr\u00e6ttet er det samme som originalen. Den har et par ekstra kontakter, et opgraderet lydsystem og en br\u00e6ndstofm\u00e5ler, der er blevet konverteret til at vise m\u00e6ngden af elektricitet i batterierne, hvilket er en fremragende brugerdefineret detalje. Selv om Defender nu har en batteripakke, har den ikke mistet noget af sin praktiske anvendelighed eller indvendige plads.<\/p>\n<p><strong> <\/strong><strong>Tilstand<\/strong><\/p>\n<p>Denne legendariske offroader har k\u00f8rt 187.654 km fra ny, indtil den blev ombygget af Revive. Dette s\u00e6rlige eksempel er valgt p\u00e5 grund af dets tilstand, mangel p\u00e5 skader eller rust, som alle er almindelige klassiske Defender-problemer. Siden ombygningen har Defenderen k\u00f8rt n\u00e6sten 10.000 kilometer og er klar til at k\u00f8re mange flere, da motoren er helt ny. I \u00f8jeblikket st\u00e5r kilometert\u00e6lleren p\u00e5 lidt over 197.500 km. En omfattende dokumentationsmappe f\u00f8lger med bilen sammen med dokumentation og garanti fra Revive-firmaet. K\u00f8ret\u00f8jet blev grundigt serviceret lige f\u00f8r ombygningsprocessen i 2022, og bremserne blev efterset for f\u00e5 dage siden i november 2023. Det er vigtigt at sige, at denne Defender har best\u00e5et den schweiziske tekniske inspektion, er blevet registreret og leveres med en tre \u00e5rs garanti fra Revive, hvilket viser, at den generelle tilstand er fantastisk, og at k\u00f8ret\u00f8jet er absolut egnet til enhver brug p\u00e5 og uden for vejen.<\/p>\n<p><strong> <\/strong><strong>Udvendigt og hjul<\/strong><\/p>\n<p>Udefra ligner denne Defender EV enhver anden Land Rover fra samme \u00e5rgang, og det eneste, der adskiller den, er klisterm\u00e6rkerne og opladningsporten i stedet for tankd\u00e6kslet. Med originale 16-tommer hjul pakket ind i offroad-d\u00e6k fra Nokian (fra 2021) er den i stand til at tackle ethvert terr\u00e6n. Der er ingen buler, ridser eller rust, og den gr\u00e5 maling er original.<\/p>\n<p><strong> <\/strong><strong>Dokumentation<\/strong><\/p>\n<p>Ejeren s\u00e6lger dette k\u00f8ret\u00f8j med passende dokumentation og befinder sig i Schweiz. <a href=\"https:\/\/pistonaddict.com\/wp-content\/uploads\/2023\/11\/CarVertical.pdf\">Car Vertical-rapporten<\/a> er ren; der findes ingen beviser p\u00e5 ulykker, reparationer af ulykker, ejerskab eller juridiske problemer. Der er optegnelser over regelm\u00e6ssig vedligeholdelse, originale fabriksbrochurer, salgsregninger og kvitteringer.  <strong>Bilen leveres med beh\u00f8rig dokumentation fra Revive, en skriftlig 3-\u00e5rs garanti p\u00e5 elmotor og batteripakke samt en teknisk inspektion af de schweiziske myndigheder. Der f\u00f8lger ogs\u00e5 en omfattende brugermanual og forsikringsdokumenter med bilen.<\/strong>. Alt dette betyder, at denne Defender EV er fuldt lovlig p\u00e5 vejene, klar til eksport og kan bruges overalt.<\/p>\n<p><strong>Se koldstartsvideoen af denne meget interessante Land Rover Defender fuldelektriske :<\/strong><\/p>\n<p><iframe title=\"Cold Start Video of the Land Rover Defender full Electric for auction sale\" width=\"1200\" height=\"900\" src=\"https:\/\/www.youtube.com\/embed\/8ZfpIXIwhOI?feature=oembed\" frameborder=\"0\" allow=\"accelerometer; autoplay; clipboard-write; encrypted-media; gyroscope; picture-in-picture; web-share\" allowfullscreen><\/iframe><\/p>\n<p><strong> <\/strong><\/p>\n","protected":false},"excerpt":{"rendered":"<p>Et af de mest sp\u00e6ndende aspekter ved elbilrevolutionen er, at vi kan genopfinde klassiske biler og give dem et nyt liv. At eftermontere et klassisk k\u00f8ret\u00f8j med en ultramoderne elektrisk drivlinje er et skridt videre end restaurering og en unik m\u00e5de at matche den genkendelige form med det 21. \u00e5rhundredes teknologi. I dag er vi stolte af at kunne pr\u00e6sentere s\u00e5dan en bil &#8211; Land Rover Defender EV, den f\u00f8rste klassiske Defender, der er ombygget til elbil af det schweiziske firma Revive.<\/p>\n","protected":false},"featured_media":71382,"comment_status":"open","ping_status":"closed","template":"","meta":{"inline_featured_image":false},"product_cat":[701],"product_tag":[2561,2476,2475,2474],"acf":[],"yoast_head":"<!-- This site is optimized with the Yoast SEO plugin v22.5 - https:\/\/yoast.com\/wordpress\/plugins\/seo\/ -->\n<title>auktion - Piston Addict<\/title>\n<meta name=\"robots\" content=\"index, follow, max-snippet:-1, max-image-preview:large, max-video-preview:-1\" \/>\n<link rel=\"canonical\" href=\"https:\/\/pistonaddict.com\/da\/product\/land-rover-defender-p90e-electric\/\" \/>\n<meta property=\"og:locale\" content=\"da_DK\" \/>\n<meta property=\"og:type\" content=\"article\" \/>\n<meta property=\"og:title\" content=\"auktion - Piston Addict\" \/>\n<meta property=\"og:description\" content=\"Et af de mest sp\u00e6ndende aspekter ved elbilrevolutionen er, at vi kan genopfinde klassiske biler og give dem et nyt liv. At eftermontere et klassisk k\u00f8ret\u00f8j med en ultramoderne elektrisk drivlinje er et skridt videre end restaurering og en unik m\u00e5de at matche den genkendelige form med det 21. \u00e5rhundredes teknologi. I dag er vi stolte af at kunne pr\u00e6sentere s\u00e5dan en bil - Land Rover Defender EV, den f\u00f8rste klassiske Defender, der er ombygget til elbil af det schweiziske firma Revive.\" \/>\n<meta property=\"og:url\" content=\"https:\/\/pistonaddict.com\/da\/product\/land-rover-defender-p90e-electric\/\" \/>\n<meta property=\"og:site_name\" content=\"Piston Addict\" \/>\n<meta property=\"article:modified_time\" content=\"2024-03-19T15:59:09+00:00\" \/>\n<meta property=\"og:image\" content=\"https:\/\/pistonaddict.com\/wp-content\/uploads\/2023\/11\/def-05.jpg\" \/>\n\t<meta property=\"og:image:width\" content=\"2560\" \/>\n\t<meta property=\"og:image:height\" content=\"1440\" \/>\n\t<meta property=\"og:image:type\" content=\"image\/jpeg\" \/>\n<meta name=\"twitter:card\" content=\"summary_large_image\" \/>\n<meta name=\"twitter:label1\" content=\"Estimeret l\u00e6setid\" \/>\n\t<meta name=\"twitter:data1\" content=\"3 minutter\" \/>\n<script type=\"application\/ld+json\" class=\"yoast-schema-graph\">{\"@context\":\"https:\/\/schema.org\",\"@graph\":[{\"@type\":\"WebPage\",\"@id\":\"https:\/\/pistonaddict.com\/da\/product\/land-rover-defender-p90e-electric\/\",\"url\":\"https:\/\/pistonaddict.com\/da\/product\/land-rover-defender-p90e-electric\/\",\"name\":\"auktion - Piston Addict\",\"isPartOf\":{\"@id\":\"https:\/\/pistonaddict.com\/da\/#website\"},\"primaryImageOfPage\":{\"@id\":\"https:\/\/pistonaddict.com\/da\/product\/land-rover-defender-p90e-electric\/#primaryimage\"},\"image\":{\"@id\":\"https:\/\/pistonaddict.com\/da\/product\/land-rover-defender-p90e-electric\/#primaryimage\"},\"thumbnailUrl\":\"https:\/\/pistonaddict.com\/wp-content\/uploads\/2023\/11\/def-05.jpg\",\"datePublished\":\"2023-11-17T16:40:02+00:00\",\"dateModified\":\"2024-03-19T15:59:09+00:00\",\"breadcrumb\":{\"@id\":\"https:\/\/pistonaddict.com\/da\/product\/land-rover-defender-p90e-electric\/#breadcrumb\"},\"inLanguage\":\"da-DK\",\"potentialAction\":[{\"@type\":\"ReadAction\",\"target\":[\"https:\/\/pistonaddict.com\/da\/product\/land-rover-defender-p90e-electric\/\"]}]},{\"@type\":\"ImageObject\",\"inLanguage\":\"da-DK\",\"@id\":\"https:\/\/pistonaddict.com\/da\/product\/land-rover-defender-p90e-electric\/#primaryimage\",\"url\":\"https:\/\/pistonaddict.com\/wp-content\/uploads\/2023\/11\/def-05.jpg\",\"contentUrl\":\"https:\/\/pistonaddict.com\/wp-content\/uploads\/2023\/11\/def-05.jpg\",\"width\":2560,\"height\":1440},{\"@type\":\"BreadcrumbList\",\"@id\":\"https:\/\/pistonaddict.com\/da\/product\/land-rover-defender-p90e-electric\/#breadcrumb\",\"itemListElement\":[{\"@type\":\"ListItem\",\"position\":1,\"name\":\"Hjemmeside\",\"item\":\"https:\/\/pistonaddict.com\/da\/hjemmeside-2\/\"},{\"@type\":\"ListItem\",\"position\":2,\"name\":\"Auctions\",\"item\":\"https:\/\/pistonaddict.com\/auctions-listing\/\"},{\"@type\":\"ListItem\",\"position\":3,\"name\":\"Land Rover Defender P90E Electric\"}]},{\"@type\":\"WebSite\",\"@id\":\"https:\/\/pistonaddict.com\/da\/#website\",\"url\":\"https:\/\/pistonaddict.com\/da\/\",\"name\":\"Piston Addict\",\"description\":\"Only interesting vehicles\",\"publisher\":{\"@id\":\"https:\/\/pistonaddict.com\/da\/#organization\"},\"potentialAction\":[{\"@type\":\"SearchAction\",\"target\":{\"@type\":\"EntryPoint\",\"urlTemplate\":\"https:\/\/pistonaddict.com\/da\/?s={search_term_string}\"},\"query-input\":\"required name=search_term_string\"}],\"inLanguage\":\"da-DK\"},{\"@type\":\"Organization\",\"@id\":\"https:\/\/pistonaddict.com\/da\/#organization\",\"name\":\"Piston Addict\",\"url\":\"https:\/\/pistonaddict.com\/da\/\",\"logo\":{\"@type\":\"ImageObject\",\"inLanguage\":\"da-DK\",\"@id\":\"https:\/\/pistonaddict.com\/da\/#\/schema\/logo\/image\/\",\"url\":\"https:\/\/pistonaddict.com\/wp-content\/uploads\/2022\/07\/logo-6.png\",\"contentUrl\":\"https:\/\/pistonaddict.com\/wp-content\/uploads\/2022\/07\/logo-6.png\",\"width\":970,\"height\":200,\"caption\":\"Piston Addict\"},\"image\":{\"@id\":\"https:\/\/pistonaddict.com\/da\/#\/schema\/logo\/image\/\"}}]}<\/script>\n<!-- \/ Yoast SEO plugin. -->","yoast_head_json":{"title":"auktion - Piston Addict","robots":{"index":"index","follow":"follow","max-snippet":"max-snippet:-1","max-image-preview":"max-image-preview:large","max-video-preview":"max-video-preview:-1"},"canonical":"https:\/\/pistonaddict.com\/da\/product\/land-rover-defender-p90e-electric\/","og_locale":"da_DK","og_type":"article","og_title":"auktion - Piston Addict","og_description":"Et af de mest sp\u00e6ndende aspekter ved elbilrevolutionen er, at vi kan genopfinde klassiske biler og give dem et nyt liv. At eftermontere et klassisk k\u00f8ret\u00f8j med en ultramoderne elektrisk drivlinje er et skridt videre end restaurering og en unik m\u00e5de at matche den genkendelige form med det 21. \u00e5rhundredes teknologi. I dag er vi stolte af at kunne pr\u00e6sentere s\u00e5dan en bil - Land Rover Defender EV, den f\u00f8rste klassiske Defender, der er ombygget til elbil af det schweiziske firma Revive.","og_url":"https:\/\/pistonaddict.com\/da\/product\/land-rover-defender-p90e-electric\/","og_site_name":"Piston Addict","article_modified_time":"2024-03-19T15:59:09+00:00","og_image":[{"width":2560,"height":1440,"url":"https:\/\/pistonaddict.com\/wp-content\/uploads\/2023\/11\/def-05.jpg","type":"image\/jpeg"}],"twitter_card":"summary_large_image","twitter_misc":{"Estimeret l\u00e6setid":"3 minutter"},"schema":{"@context":"https:\/\/schema.org","@graph":[{"@type":"WebPage","@id":"https:\/\/pistonaddict.com\/da\/product\/land-rover-defender-p90e-electric\/","url":"https:\/\/pistonaddict.com\/da\/product\/land-rover-defender-p90e-electric\/","name":"auktion - Piston Addict","isPartOf":{"@id":"https:\/\/pistonaddict.com\/da\/#website"},"primaryImageOfPage":{"@id":"https:\/\/pistonaddict.com\/da\/product\/land-rover-defender-p90e-electric\/#primaryimage"},"image":{"@id":"https:\/\/pistonaddict.com\/da\/product\/land-rover-defender-p90e-electric\/#primaryimage"},"thumbnailUrl":"https:\/\/pistonaddict.com\/wp-content\/uploads\/2023\/11\/def-05.jpg","datePublished":"2023-11-17T16:40:02+00:00","dateModified":"2024-03-19T15:59:09+00:00","breadcrumb":{"@id":"https:\/\/pistonaddict.com\/da\/product\/land-rover-defender-p90e-electric\/#breadcrumb"},"inLanguage":"da-DK","potentialAction":[{"@type":"ReadAction","target":["https:\/\/pistonaddict.com\/da\/product\/land-rover-defender-p90e-electric\/"]}]},{"@type":"ImageObject","inLanguage":"da-DK","@id":"https:\/\/pistonaddict.com\/da\/product\/land-rover-defender-p90e-electric\/#primaryimage","url":"https:\/\/pistonaddict.com\/wp-content\/uploads\/2023\/11\/def-05.jpg","contentUrl":"https:\/\/pistonaddict.com\/wp-content\/uploads\/2023\/11\/def-05.jpg","width":2560,"height":1440},{"@type":"BreadcrumbList","@id":"https:\/\/pistonaddict.com\/da\/product\/land-rover-defender-p90e-electric\/#breadcrumb","itemListElement":[{"@type":"ListItem","position":1,"name":"Hjemmeside","item":"https:\/\/pistonaddict.com\/da\/hjemmeside-2\/"},{"@type":"ListItem","position":2,"name":"Auctions","item":"https:\/\/pistonaddict.com\/auctions-listing\/"},{"@type":"ListItem","position":3,"name":"Land Rover Defender P90E Electric"}]},{"@type":"WebSite","@id":"https:\/\/pistonaddict.com\/da\/#website","url":"https:\/\/pistonaddict.com\/da\/","name":"Piston Addict","description":"Only interesting vehicles","publisher":{"@id":"https:\/\/pistonaddict.com\/da\/#organization"},"potentialAction":[{"@type":"SearchAction","target":{"@type":"EntryPoint","urlTemplate":"https:\/\/pistonaddict.com\/da\/?s={search_term_string}"},"query-input":"required name=search_term_string"}],"inLanguage":"da-DK"},{"@type":"Organization","@id":"https:\/\/pistonaddict.com\/da\/#organization","name":"Piston Addict","url":"https:\/\/pistonaddict.com\/da\/","logo":{"@type":"ImageObject","inLanguage":"da-DK","@id":"https:\/\/pistonaddict.com\/da\/#\/schema\/logo\/image\/","url":"https:\/\/pistonaddict.com\/wp-content\/uploads\/2022\/07\/logo-6.png","contentUrl":"https:\/\/pistonaddict.com\/wp-content\/uploads\/2022\/07\/logo-6.png","width":970,"height":200,"caption":"Piston Addict"},"image":{"@id":"https:\/\/pistonaddict.com\/da\/#\/schema\/logo\/image\/"}}]}},"_links":{"self":[{"href":"https:\/\/pistonaddict.com\/da\/wp-json\/wp\/v2\/product\/72236"}],"collection":[{"href":"https:\/\/pistonaddict.com\/da\/wp-json\/wp\/v2\/product"}],"about":[{"href":"https:\/\/pistonaddict.com\/da\/wp-json\/wp\/v2\/types\/product"}],"replies":[{"embeddable":true,"href":"https:\/\/pistonaddict.com\/da\/wp-json\/wp\/v2\/comments?post=72236"}],"wp:featuredmedia":[{"embeddable":true,"href":"https:\/\/pistonaddict.com\/da\/wp-json\/wp\/v2\/media\/71382"}],"wp:attachment":[{"href":"https:\/\/pistonaddict.com\/da\/wp-json\/wp\/v2\/media?parent=72236"}],"wp:term":[{"taxonomy":"product_cat","embeddable":true,"href":"https:\/\/pistonaddict.com\/da\/wp-json\/wp\/v2\/product_cat?post=72236"},{"taxonomy":"product_tag","embeddable":true,"href":"https:\/\/pistonaddict.com\/da\/wp-json\/wp\/v2\/product_tag?post=72236"}],"curies":[{"name":"wp","href":"https:\/\/api.w.org\/{rel}","templated":true}]}}