{"id":69406,"date":"2023-11-09T17:05:55","date_gmt":"2023-11-09T16:05:55","guid":{"rendered":"https:\/\/pistonaddict.com\/product\/mini-rover-1-3-mpi-silverstone\/"},"modified":"2023-12-20T09:53:41","modified_gmt":"2023-12-20T08:53:41","slug":"mini-rover-1-3-mpi-silverstone","status":"publish","type":"product","link":"https:\/\/pistonaddict.com\/da\/product\/mini-rover-1-3-mpi-silverstone\/","title":{"rendered":"Mini Rover 1.3 Silverstone"},"content":{"rendered":"<h2>Udvendig<\/h2>\n<p>P\u00e5 ydersiden er den velkendte form p\u00e5 denne sorte 2-d\u00f8rs hatchback krydret med detaljer som en forkromet k\u00f8lergrill, racerstriber p\u00e5 motorhjelmen og et tag malet i hvidt. Desuden er der et par t\u00e5gelygter foran, som hj\u00e6lper med at \u00f8ge b\u00e5de synlighed og udseende. Dette er ledsaget af hvide blinklys hele vejen rundt, en meget bedre l\u00f8sning end de gammeldags gule. Og bagp\u00e5 er der en centermonteret udst\u00f8dning med en forkromet spids.<\/p>\n<p>Til sidst skal n\u00e6vnes de udvidede hjulkasser, som yderligere fremh\u00e6ver bilens aggressive udseende. Men denne \u00e6ndring er ikke kun til showet, da den var n\u00f8dvendig for at f\u00e5 plads til brede, sporty hjul. Og n\u00e5r vi nu er ved d\u00e6kkene, skal det n\u00e6vnes, at 13-tommer f\u00e6lgene p\u00e5 denne bil ikke er de originale. Men s\u00e6lgeren siger, at disse ogs\u00e5 vil blive leveret.<\/p>\n<h2>Interi\u00f8r<\/h2>\n<p>N\u00e5r du er inde i bilen, befinder du dig bag et typisk Mini-vinklet l\u00e6derrat med tre eger. Bagved sidder kombiinstrumentet med et speedometer, der slutter ved 180 km\/t, og en omdrejningst\u00e6ller, der g\u00e5r op til 8.000 RPM. Som forventet er instrumentbr\u00e6ttet &#8211; der er lavet af \u00e6gte tr\u00e6 &#8211; sparsomt udstyret og tilbyder kun det mest n\u00f8dvendige. Det omfatter lyskontakter, ventilationskontrol og en stereohovedenhed, som i dette tilf\u00e6lde er en eftermonteret Sony-enhed.<\/p>\n<p>Resten af interi\u00f8ret antyder kraftigt bilens sportsorienterede karakter, hvor fors\u00e6derne er de mest overbevisende. Kl\u00e6dt i en kombination af sort l\u00e6der og gr\u00e5t stof giver de tilstr\u00e6kkelig st\u00f8tte, n\u00e5r du k\u00f8rer i sn\u00e6vre sving, hvor Mini er bedst. Bags\u00e6derne og sidepanelet er betrukket i samme stil, og et r\u00f8dt gulvt\u00e6ppe fuldender det i\u00f8jnefaldende udseende. Endelig vil s\u00e6lger udskifte tagbekl\u00e6dningen inden levering af bilen, da den originale er beskadiget lige over solsk\u00e6rmene (se p\u00e5 billedet).<\/p>\n<h2>Mekanik<\/h2>\n<p>Denne Mini Cooper har en 1,3 4-cylindret motor, som driver forhjulene via en 4-trins manuel gearkasse. Mens motorens grundl\u00e6ggende konfiguration g\u00e5r tilbage til 60&#8217;erne, er netop denne model udstyret med Rovers elektroniske br\u00e6ndstofindspr\u00f8jtning, hvilket g\u00f8r bilen mere p\u00e5lidelig og behagelig at k\u00f8re.<\/p>\n<p>N\u00e5r det g\u00e6lder kr\u00e6fter, har Mini Cooper kun 63 hestekr\u00e6fter til r\u00e5dighed, hvilket m\u00e5ske ikke virker af meget. Men den skal kun h\u00e5ndtere 685 kg, som er, hvor meget denne bil vejer. Alt i alt er Mini&#8217;en nok ikke lynhurtig p\u00e5 de lige str\u00e6kninger, men den er utrolig sjov i svingene. Og det er en af de ting, der gjorde den s\u00e5 speciel og ber\u00f8mt i f\u00f8rste omgang.<\/p>\n<h2>K\u00f8ret\u00f8jets historie<\/h2>\n<p>Til sidst et par ord om Mini&#8217;ens nuv\u00e6rende tilstand, som s\u00e6lgeren beskriver som meget god. Bilen blev sidst serviceret i juni 2023, hvor der blev udf\u00f8rt regelm\u00e6ssig vedligeholdelse og monteret nye bremser. Derudover er hele udst\u00f8dningen, inklusive katalysatoren, ny. Og ud fra billederne at d\u00f8mme ser bilen perfekt ud, b\u00e5de udvendigt og indvendigt. Desuden siger den professionelle s\u00e6lger, som er den 5. ejer, at bilen aldrig har haft en ulykke, hvilket yderligere kan bekr\u00e6ftes af en tilsvarende <a href=\"https:\/\/pistonaddict.com\/wp-content\/uploads\/2023\/11\/CARFAX-Vehicle-History-Report-ROVER-MINI.pdf\">CARFAX<\/a> Vehicle History Report. Sidste tekniske inspektion er best\u00e5et og godkendt den 6. oktober 2023.<\/p>\n<p><strong><br \/>\nSe koldstartsvideoen af denne s\u00f8de Mini Rover Silverstone :<\/strong><\/p>\n<p><iframe title=\"Cold Start Video of the Austin Mini Silverstone for auction sale\" width=\"1200\" height=\"675\" src=\"https:\/\/www.youtube.com\/embed\/NW_53HH3Wg4?feature=oembed\" frameborder=\"0\" allow=\"accelerometer; autoplay; clipboard-write; encrypted-media; gyroscope; picture-in-picture; web-share\" allowfullscreen><\/iframe><\/p>\n","protected":false},"excerpt":{"rendered":"<p>Hvis du er p\u00e5 udkig efter en lille, praktisk og adr\u00e6t klassisk bil, skal den originale Mini st\u00e5 \u00f8verst p\u00e5 din liste. I l\u00f8bet af sin lange produktionsperiode kunne dette bilikon f\u00e5s i flere varianter, hvor en sporty Cooper nok var den mest eftertragtede. Dette er en bil, der kombinerer den originale Mini-karakter med en r\u00e6kke uds\u00f8gte visuelle detaljer og en sp\u00e6ndende k\u00f8reoplevelse. Og til salg her har vi en Mini Cooper fra 1993, som er i fremragende stand og har k\u00f8rt 74.000 kilometer indtil videre. At den er et af kun 400 Silverstone-eksemplarer, giver den eksklusivitet. Lad os se n\u00e6rmere p\u00e5, hvad den har at byde p\u00e5.<\/p>\n","protected":false},"featured_media":67405,"comment_status":"open","ping_status":"closed","template":"","meta":{"inline_featured_image":false},"product_cat":[701],"product_tag":[2431,1003,2436],"acf":[],"yoast_head":"<!-- This site is optimized with the Yoast SEO plugin v22.5 - https:\/\/yoast.com\/wordpress\/plugins\/seo\/ -->\n<title>auktion - Piston Addict<\/title>\n<meta name=\"robots\" content=\"index, follow, max-snippet:-1, max-image-preview:large, max-video-preview:-1\" \/>\n<link rel=\"canonical\" href=\"https:\/\/pistonaddict.com\/da\/product\/mini-rover-1-3-mpi-silverstone\/\" \/>\n<meta property=\"og:locale\" content=\"da_DK\" \/>\n<meta property=\"og:type\" content=\"article\" \/>\n<meta property=\"og:title\" content=\"auktion - Piston Addict\" \/>\n<meta property=\"og:description\" content=\"Hvis du er p\u00e5 udkig efter en lille, praktisk og adr\u00e6t klassisk bil, skal den originale Mini st\u00e5 \u00f8verst p\u00e5 din liste. I l\u00f8bet af sin lange produktionsperiode kunne dette bilikon f\u00e5s i flere varianter, hvor en sporty Cooper nok var den mest eftertragtede. Dette er en bil, der kombinerer den originale Mini-karakter med en r\u00e6kke uds\u00f8gte visuelle detaljer og en sp\u00e6ndende k\u00f8reoplevelse. Og til salg her har vi en Mini Cooper fra 1993, som er i fremragende stand og har k\u00f8rt 74.000 kilometer indtil videre. At den er et af kun 400 Silverstone-eksemplarer, giver den eksklusivitet. Lad os se n\u00e6rmere p\u00e5, hvad den har at byde p\u00e5.\" \/>\n<meta property=\"og:url\" content=\"https:\/\/pistonaddict.com\/da\/product\/mini-rover-1-3-mpi-silverstone\/\" \/>\n<meta property=\"og:site_name\" content=\"Piston Addict\" \/>\n<meta property=\"article:modified_time\" content=\"2023-12-20T08:53:41+00:00\" \/>\n<meta property=\"og:image\" content=\"https:\/\/pistonaddict.com\/wp-content\/uploads\/2023\/11\/IMG_5534-scaled.jpeg\" \/>\n\t<meta property=\"og:image:width\" content=\"2560\" \/>\n\t<meta property=\"og:image:height\" content=\"1920\" \/>\n\t<meta property=\"og:image:type\" content=\"image\/jpeg\" \/>\n<meta name=\"twitter:card\" content=\"summary_large_image\" \/>\n<meta name=\"twitter:label1\" content=\"Estimeret l\u00e6setid\" \/>\n\t<meta name=\"twitter:data1\" content=\"3 minutter\" \/>\n<script type=\"application\/ld+json\" class=\"yoast-schema-graph\">{\"@context\":\"https:\/\/schema.org\",\"@graph\":[{\"@type\":\"WebPage\",\"@id\":\"https:\/\/pistonaddict.com\/da\/product\/mini-rover-1-3-mpi-silverstone\/\",\"url\":\"https:\/\/pistonaddict.com\/da\/product\/mini-rover-1-3-mpi-silverstone\/\",\"name\":\"auktion - Piston Addict\",\"isPartOf\":{\"@id\":\"https:\/\/pistonaddict.com\/da\/#website\"},\"primaryImageOfPage\":{\"@id\":\"https:\/\/pistonaddict.com\/da\/product\/mini-rover-1-3-mpi-silverstone\/#primaryimage\"},\"image\":{\"@id\":\"https:\/\/pistonaddict.com\/da\/product\/mini-rover-1-3-mpi-silverstone\/#primaryimage\"},\"thumbnailUrl\":\"https:\/\/pistonaddict.com\/wp-content\/uploads\/2023\/11\/IMG_5534-scaled.jpeg\",\"datePublished\":\"2023-11-09T16:05:55+00:00\",\"dateModified\":\"2023-12-20T08:53:41+00:00\",\"breadcrumb\":{\"@id\":\"https:\/\/pistonaddict.com\/da\/product\/mini-rover-1-3-mpi-silverstone\/#breadcrumb\"},\"inLanguage\":\"da-DK\",\"potentialAction\":[{\"@type\":\"ReadAction\",\"target\":[\"https:\/\/pistonaddict.com\/da\/product\/mini-rover-1-3-mpi-silverstone\/\"]}]},{\"@type\":\"ImageObject\",\"inLanguage\":\"da-DK\",\"@id\":\"https:\/\/pistonaddict.com\/da\/product\/mini-rover-1-3-mpi-silverstone\/#primaryimage\",\"url\":\"https:\/\/pistonaddict.com\/wp-content\/uploads\/2023\/11\/IMG_5534-scaled.jpeg\",\"contentUrl\":\"https:\/\/pistonaddict.com\/wp-content\/uploads\/2023\/11\/IMG_5534-scaled.jpeg\",\"width\":2560,\"height\":1920},{\"@type\":\"BreadcrumbList\",\"@id\":\"https:\/\/pistonaddict.com\/da\/product\/mini-rover-1-3-mpi-silverstone\/#breadcrumb\",\"itemListElement\":[{\"@type\":\"ListItem\",\"position\":1,\"name\":\"Hjemmeside\",\"item\":\"https:\/\/pistonaddict.com\/da\/hjemmeside-2\/\"},{\"@type\":\"ListItem\",\"position\":2,\"name\":\"Auctions\",\"item\":\"https:\/\/pistonaddict.com\/auctions-listing\/\"},{\"@type\":\"ListItem\",\"position\":3,\"name\":\"Mini Rover 1.3 Silverstone\"}]},{\"@type\":\"WebSite\",\"@id\":\"https:\/\/pistonaddict.com\/da\/#website\",\"url\":\"https:\/\/pistonaddict.com\/da\/\",\"name\":\"Piston Addict\",\"description\":\"Only interesting vehicles\",\"publisher\":{\"@id\":\"https:\/\/pistonaddict.com\/da\/#organization\"},\"potentialAction\":[{\"@type\":\"SearchAction\",\"target\":{\"@type\":\"EntryPoint\",\"urlTemplate\":\"https:\/\/pistonaddict.com\/da\/?s={search_term_string}\"},\"query-input\":\"required name=search_term_string\"}],\"inLanguage\":\"da-DK\"},{\"@type\":\"Organization\",\"@id\":\"https:\/\/pistonaddict.com\/da\/#organization\",\"name\":\"Piston Addict\",\"url\":\"https:\/\/pistonaddict.com\/da\/\",\"logo\":{\"@type\":\"ImageObject\",\"inLanguage\":\"da-DK\",\"@id\":\"https:\/\/pistonaddict.com\/da\/#\/schema\/logo\/image\/\",\"url\":\"https:\/\/pistonaddict.com\/wp-content\/uploads\/2022\/07\/logo-6.png\",\"contentUrl\":\"https:\/\/pistonaddict.com\/wp-content\/uploads\/2022\/07\/logo-6.png\",\"width\":970,\"height\":200,\"caption\":\"Piston Addict\"},\"image\":{\"@id\":\"https:\/\/pistonaddict.com\/da\/#\/schema\/logo\/image\/\"}}]}<\/script>\n<!-- \/ Yoast SEO plugin. -->","yoast_head_json":{"title":"auktion - Piston Addict","robots":{"index":"index","follow":"follow","max-snippet":"max-snippet:-1","max-image-preview":"max-image-preview:large","max-video-preview":"max-video-preview:-1"},"canonical":"https:\/\/pistonaddict.com\/da\/product\/mini-rover-1-3-mpi-silverstone\/","og_locale":"da_DK","og_type":"article","og_title":"auktion - Piston Addict","og_description":"Hvis du er p\u00e5 udkig efter en lille, praktisk og adr\u00e6t klassisk bil, skal den originale Mini st\u00e5 \u00f8verst p\u00e5 din liste. I l\u00f8bet af sin lange produktionsperiode kunne dette bilikon f\u00e5s i flere varianter, hvor en sporty Cooper nok var den mest eftertragtede. Dette er en bil, der kombinerer den originale Mini-karakter med en r\u00e6kke uds\u00f8gte visuelle detaljer og en sp\u00e6ndende k\u00f8reoplevelse. Og til salg her har vi en Mini Cooper fra 1993, som er i fremragende stand og har k\u00f8rt 74.000 kilometer indtil videre. At den er et af kun 400 Silverstone-eksemplarer, giver den eksklusivitet. Lad os se n\u00e6rmere p\u00e5, hvad den har at byde p\u00e5.","og_url":"https:\/\/pistonaddict.com\/da\/product\/mini-rover-1-3-mpi-silverstone\/","og_site_name":"Piston Addict","article_modified_time":"2023-12-20T08:53:41+00:00","og_image":[{"width":2560,"height":1920,"url":"https:\/\/pistonaddict.com\/wp-content\/uploads\/2023\/11\/IMG_5534-scaled.jpeg","type":"image\/jpeg"}],"twitter_card":"summary_large_image","twitter_misc":{"Estimeret l\u00e6setid":"3 minutter"},"schema":{"@context":"https:\/\/schema.org","@graph":[{"@type":"WebPage","@id":"https:\/\/pistonaddict.com\/da\/product\/mini-rover-1-3-mpi-silverstone\/","url":"https:\/\/pistonaddict.com\/da\/product\/mini-rover-1-3-mpi-silverstone\/","name":"auktion - Piston Addict","isPartOf":{"@id":"https:\/\/pistonaddict.com\/da\/#website"},"primaryImageOfPage":{"@id":"https:\/\/pistonaddict.com\/da\/product\/mini-rover-1-3-mpi-silverstone\/#primaryimage"},"image":{"@id":"https:\/\/pistonaddict.com\/da\/product\/mini-rover-1-3-mpi-silverstone\/#primaryimage"},"thumbnailUrl":"https:\/\/pistonaddict.com\/wp-content\/uploads\/2023\/11\/IMG_5534-scaled.jpeg","datePublished":"2023-11-09T16:05:55+00:00","dateModified":"2023-12-20T08:53:41+00:00","breadcrumb":{"@id":"https:\/\/pistonaddict.com\/da\/product\/mini-rover-1-3-mpi-silverstone\/#breadcrumb"},"inLanguage":"da-DK","potentialAction":[{"@type":"ReadAction","target":["https:\/\/pistonaddict.com\/da\/product\/mini-rover-1-3-mpi-silverstone\/"]}]},{"@type":"ImageObject","inLanguage":"da-DK","@id":"https:\/\/pistonaddict.com\/da\/product\/mini-rover-1-3-mpi-silverstone\/#primaryimage","url":"https:\/\/pistonaddict.com\/wp-content\/uploads\/2023\/11\/IMG_5534-scaled.jpeg","contentUrl":"https:\/\/pistonaddict.com\/wp-content\/uploads\/2023\/11\/IMG_5534-scaled.jpeg","width":2560,"height":1920},{"@type":"BreadcrumbList","@id":"https:\/\/pistonaddict.com\/da\/product\/mini-rover-1-3-mpi-silverstone\/#breadcrumb","itemListElement":[{"@type":"ListItem","position":1,"name":"Hjemmeside","item":"https:\/\/pistonaddict.com\/da\/hjemmeside-2\/"},{"@type":"ListItem","position":2,"name":"Auctions","item":"https:\/\/pistonaddict.com\/auctions-listing\/"},{"@type":"ListItem","position":3,"name":"Mini Rover 1.3 Silverstone"}]},{"@type":"WebSite","@id":"https:\/\/pistonaddict.com\/da\/#website","url":"https:\/\/pistonaddict.com\/da\/","name":"Piston Addict","description":"Only interesting vehicles","publisher":{"@id":"https:\/\/pistonaddict.com\/da\/#organization"},"potentialAction":[{"@type":"SearchAction","target":{"@type":"EntryPoint","urlTemplate":"https:\/\/pistonaddict.com\/da\/?s={search_term_string}"},"query-input":"required name=search_term_string"}],"inLanguage":"da-DK"},{"@type":"Organization","@id":"https:\/\/pistonaddict.com\/da\/#organization","name":"Piston Addict","url":"https:\/\/pistonaddict.com\/da\/","logo":{"@type":"ImageObject","inLanguage":"da-DK","@id":"https:\/\/pistonaddict.com\/da\/#\/schema\/logo\/image\/","url":"https:\/\/pistonaddict.com\/wp-content\/uploads\/2022\/07\/logo-6.png","contentUrl":"https:\/\/pistonaddict.com\/wp-content\/uploads\/2022\/07\/logo-6.png","width":970,"height":200,"caption":"Piston Addict"},"image":{"@id":"https:\/\/pistonaddict.com\/da\/#\/schema\/logo\/image\/"}}]}},"_links":{"self":[{"href":"https:\/\/pistonaddict.com\/da\/wp-json\/wp\/v2\/product\/69406"}],"collection":[{"href":"https:\/\/pistonaddict.com\/da\/wp-json\/wp\/v2\/product"}],"about":[{"href":"https:\/\/pistonaddict.com\/da\/wp-json\/wp\/v2\/types\/product"}],"replies":[{"embeddable":true,"href":"https:\/\/pistonaddict.com\/da\/wp-json\/wp\/v2\/comments?post=69406"}],"wp:featuredmedia":[{"embeddable":true,"href":"https:\/\/pistonaddict.com\/da\/wp-json\/wp\/v2\/media\/67405"}],"wp:attachment":[{"href":"https:\/\/pistonaddict.com\/da\/wp-json\/wp\/v2\/media?parent=69406"}],"wp:term":[{"taxonomy":"product_cat","embeddable":true,"href":"https:\/\/pistonaddict.com\/da\/wp-json\/wp\/v2\/product_cat?post=69406"},{"taxonomy":"product_tag","embeddable":true,"href":"https:\/\/pistonaddict.com\/da\/wp-json\/wp\/v2\/product_tag?post=69406"}],"curies":[{"name":"wp","href":"https:\/\/api.w.org\/{rel}","templated":true}]}}