{"id":67041,"date":"2023-11-07T14:48:12","date_gmt":"2023-11-07T13:48:12","guid":{"rendered":"https:\/\/pistonaddict.com\/product\/ferrari-348-tb\/"},"modified":"2024-03-20T09:39:05","modified_gmt":"2024-03-20T08:39:05","slug":"ferrari-348-tb","status":"publish","type":"product","link":"https:\/\/pistonaddict.com\/da\/product\/ferrari-348-tb\/","title":{"rendered":"Ferrari 348 TB"},"content":{"rendered":"<p><strong>Bilens historie<\/strong><\/p>\n<p>348 TB blev pr\u00e6senteret i 1989, og den var et stort skridt fremad i ydelse og teknik sammenlignet med sine forg\u00e6ngere. Det var ogs\u00e5 en af de sidste modeller fra &#8220;Enzo&#8221;-\u00e6raen, som blev godkendt til produktion lige f\u00f8r den legendariske Ferrari-chef d\u00f8de. Drevet af en 3,4-liters V8-motor leverede den hele 300 hk, hvilket gav en forrygende ydeevne. Denne bil blev leveret som ny i Schweiz i 1991 og k\u00f8bt af den nuv\u00e6rende ejer i 2023. <strong>Men det, der g\u00f8r denne Ferrari 348 TB s\u00e5 interessant, er, at den er blevet udstyret med et Challenge-kit<\/strong>. I begyndelsen af 90&#8217;erne startede Ferrari sin ber\u00f8mte 348 Challenge racer-serie for ejere, der \u00f8nskede at k\u00f8re r\u00e6s med deres biler. For at deltage skulle man enten k\u00f8be en 348 Challenge fra fabrikken (der blev lavet omkring 50 eksemplarer) eller bestille et Challenge-kit hos sin Ferrari-forhandler. <strong>Challenge-specifikationen omfattede en opgraderet motor til 320 hk, bedre bremser, s\u00e6der, et mindre batteri, et rullebur og smarte d\u00e6k<\/strong>. En Ferrari-forhandler ombyggede netop dette eksemplar i slutningen af 1995, men den kom aldrig ud at k\u00f8re, fordi Ferrari Challenge-serien skiftede til Ferrari 355-modellen i 1996-s\u00e6sonen. Processen blev fuldt dokumenteret med regninger og kvitteringer,<strong> hvilket g\u00f8r denne gule 348 til en af omkring 150 biler, der er blevet ombygget af forhandlere verden over, og sandsynligvis den eneste uden racerhistorie!<\/strong><\/p>\n<p><strong>Interi\u00f8r<\/strong><\/p>\n<p>Da denne Ferrari blev holdt omhyggeligt, er det sorte l\u00e6derinteri\u00f8r i meget god stand med minimale spor af brug. Den tidligere ejer fjernede rulleburet og satte de originale s\u00e6der tilbage, hvilket g\u00f8r det meget lettere at komme ind og ud. Instrumentbr\u00e6ttet har ingen revner, og alle instrumenter og knapper fungerer. Der er ingen \u00e6ndringer, bortset fra cd-afspilleren, som passer perfekt ind i bilens 90&#8217;er-stemning.<\/p>\n<p><strong>Tilstand<\/strong><\/p>\n<p>Med kun 55.721 kilometer fra ny er denne Ferrari 348 TB Challenge i pletfri stand og omhyggeligt passet af alle sine brugere. Bilen blev tydeligvis n\u00e6sten ikke brugt og var godt vedligeholdt, som det fremg\u00e5r af papirerne. Den vedligeholdelseshistorik, der f\u00f8lger med denne bil, er utrolig, med den originale kvittering og ejere fra 90&#8217;erne. Det seneste service blev udf\u00f8rt i august 2023, og bremserne blev efterset for blot et par dage siden i november 2023. If\u00f8lge s\u00e6lgeren skal den n\u00e6ste vedligeholdelse v\u00e6re fordelerremmen, som kan udf\u00f8res af deres mekanikere mod et ekstra gebyr p\u00e5 3000 euro. Der er ingen l\u00e6kager, og nedenunder er bilen lige s\u00e5 ren som interi\u00f8ret. Bilen er klar til at blive k\u00f8rt overalt og er sandsynligvis et af de fineste eksempler p\u00e5 Ferrari 348 TB Challenge i f\u00f8rerkvalitet, du vil st\u00f8de p\u00e5.<\/p>\n<p><strong>Eksteri\u00f8r og hjul<\/strong><\/p>\n<p>Den Giallo-gule lak er i perfekt stand uden ridser og buler. Malingstykkelsesv\u00e6rkt\u00f8jet viser konsistens i farven, hvilket betyder, at der ikke var nogen skadesreparationer og karosserifyld. Den eneste synlige skade p\u00e5 bilens karosseri er t\u00e6tningslisterne omkring f\u00f8rerd\u00f8rene, som viser tegn p\u00e5 slid, hvilket er forventeligt, n\u00e5r man tager bilens alder i betragtning. De tidstypiske 17-tommer OZ-aluf\u00e6lge er Challenge-specifikke og ser godt ud. Michelin Pilot Sport er \u00e6ldre, men ikke slidt op.<\/p>\n<p><strong> <\/strong><strong>Dokumentation<\/strong><\/p>\n<p>Dette k\u00f8ret\u00f8j s\u00e6lges af forhandleren med passende dokumentation, og det befinder sig i Spanien. <a href=\"https:\/\/pistonaddict.com\/wp-content\/uploads\/2023\/11\/CARFAX-Vehicle-History-Report-FERRARI-348-tb.pdf\">CarFax-rapporten<\/a> er ren; der findes ingen beviser p\u00e5 ulykker, reparationer af ulykker, ejerskab eller juridiske problemer. Der er optegnelser over regelm\u00e6ssig vedligeholdelse sammen med originale fabriksbrochurer, salgsregninger, kvitteringer, og den tekniske inspektionsgodkendelse er gyldig indtil august 2024. M\u00e6ngden af dokumentation er simpelthen forbl\u00f8ffende, og det er sj\u00e6ldent at se en bil med s\u00e5 meget papirarbejde, der beviser, at den er blevet passet godt p\u00e5.<\/p>\n<p><strong><br \/>\nSe koldstartsvideoen af denne smukke Ferrari 348 TB :<\/strong><\/p>\n<p><iframe title=\"Cold Start Video of the Ferrari F348 TB for auction sale\" width=\"1200\" height=\"675\" src=\"https:\/\/www.youtube.com\/embed\/VcqnL6NA2Yk?feature=oembed\" frameborder=\"0\" allow=\"accelerometer; autoplay; clipboard-write; encrypted-media; gyroscope; picture-in-picture; web-share\" allowfullscreen><\/iframe><\/p>\n","protected":false},"excerpt":{"rendered":"<p>Det er altid interessant at k\u00f8re en Ferrari. Biler fra 60&#8217;erne er nu for v\u00e6rdifulde til at blive brugt p\u00e5 vejene, og den nuv\u00e6rende serie er n\u00e6sten for hurtig til moderne trafik. Men der er stadig modeller, der kan give dig al den sp\u00e6nding, der er forbundet med at eje en fuldblods italiensk sportsvogn, br\u00f8let fra en V8-motor med naturlig indsugning og uovertruffen k\u00f8redynamik. Vi er stolte af at kunne pr\u00e6sentere et k\u00f8ret\u00f8j i perfekt stand med en sp\u00e6ndende motorsportsforbindelse og vanvittig dokumentation.<\/p>\n","protected":false},"featured_media":64580,"comment_status":"open","ping_status":"closed","template":"","meta":{"inline_featured_image":false},"product_cat":[701],"product_tag":[2365,2364,1003],"acf":[],"yoast_head":"<!-- This site is optimized with the Yoast SEO plugin v22.5 - https:\/\/yoast.com\/wordpress\/plugins\/seo\/ -->\n<title>auktion - Piston Addict<\/title>\n<meta name=\"robots\" content=\"index, follow, max-snippet:-1, max-image-preview:large, max-video-preview:-1\" \/>\n<link rel=\"canonical\" href=\"https:\/\/pistonaddict.com\/da\/product\/ferrari-348-tb\/\" \/>\n<meta property=\"og:locale\" content=\"da_DK\" \/>\n<meta property=\"og:type\" content=\"article\" \/>\n<meta property=\"og:title\" content=\"auktion - Piston Addict\" \/>\n<meta property=\"og:description\" content=\"Det er altid interessant at k\u00f8re en Ferrari. Biler fra 60&#039;erne er nu for v\u00e6rdifulde til at blive brugt p\u00e5 vejene, og den nuv\u00e6rende serie er n\u00e6sten for hurtig til moderne trafik. Men der er stadig modeller, der kan give dig al den sp\u00e6nding, der er forbundet med at eje en fuldblods italiensk sportsvogn, br\u00f8let fra en V8-motor med naturlig indsugning og uovertruffen k\u00f8redynamik. Vi er stolte af at kunne pr\u00e6sentere et k\u00f8ret\u00f8j i perfekt stand med en sp\u00e6ndende motorsportsforbindelse og vanvittig dokumentation.\" \/>\n<meta property=\"og:url\" content=\"https:\/\/pistonaddict.com\/da\/product\/ferrari-348-tb\/\" \/>\n<meta property=\"og:site_name\" content=\"Piston Addict\" \/>\n<meta property=\"article:modified_time\" content=\"2024-03-20T08:39:05+00:00\" \/>\n<meta property=\"og:image\" content=\"https:\/\/pistonaddict.com\/wp-content\/uploads\/2023\/11\/IMG7107-scaled.jpg\" \/>\n\t<meta property=\"og:image:width\" content=\"2560\" \/>\n\t<meta property=\"og:image:height\" content=\"1709\" \/>\n\t<meta property=\"og:image:type\" content=\"image\/jpeg\" \/>\n<meta name=\"twitter:card\" content=\"summary_large_image\" \/>\n<meta name=\"twitter:label1\" content=\"Estimeret l\u00e6setid\" \/>\n\t<meta name=\"twitter:data1\" content=\"3 minutter\" \/>\n<script type=\"application\/ld+json\" class=\"yoast-schema-graph\">{\"@context\":\"https:\/\/schema.org\",\"@graph\":[{\"@type\":\"WebPage\",\"@id\":\"https:\/\/pistonaddict.com\/da\/product\/ferrari-348-tb\/\",\"url\":\"https:\/\/pistonaddict.com\/da\/product\/ferrari-348-tb\/\",\"name\":\"auktion - Piston Addict\",\"isPartOf\":{\"@id\":\"https:\/\/pistonaddict.com\/da\/#website\"},\"primaryImageOfPage\":{\"@id\":\"https:\/\/pistonaddict.com\/da\/product\/ferrari-348-tb\/#primaryimage\"},\"image\":{\"@id\":\"https:\/\/pistonaddict.com\/da\/product\/ferrari-348-tb\/#primaryimage\"},\"thumbnailUrl\":\"https:\/\/pistonaddict.com\/wp-content\/uploads\/2023\/11\/IMG7107-scaled.jpg\",\"datePublished\":\"2023-11-07T13:48:12+00:00\",\"dateModified\":\"2024-03-20T08:39:05+00:00\",\"breadcrumb\":{\"@id\":\"https:\/\/pistonaddict.com\/da\/product\/ferrari-348-tb\/#breadcrumb\"},\"inLanguage\":\"da-DK\",\"potentialAction\":[{\"@type\":\"ReadAction\",\"target\":[\"https:\/\/pistonaddict.com\/da\/product\/ferrari-348-tb\/\"]}]},{\"@type\":\"ImageObject\",\"inLanguage\":\"da-DK\",\"@id\":\"https:\/\/pistonaddict.com\/da\/product\/ferrari-348-tb\/#primaryimage\",\"url\":\"https:\/\/pistonaddict.com\/wp-content\/uploads\/2023\/11\/IMG7107-scaled.jpg\",\"contentUrl\":\"https:\/\/pistonaddict.com\/wp-content\/uploads\/2023\/11\/IMG7107-scaled.jpg\",\"width\":2560,\"height\":1709},{\"@type\":\"BreadcrumbList\",\"@id\":\"https:\/\/pistonaddict.com\/da\/product\/ferrari-348-tb\/#breadcrumb\",\"itemListElement\":[{\"@type\":\"ListItem\",\"position\":1,\"name\":\"Hjemmeside\",\"item\":\"https:\/\/pistonaddict.com\/da\/hjemmeside-2\/\"},{\"@type\":\"ListItem\",\"position\":2,\"name\":\"Auctions\",\"item\":\"https:\/\/pistonaddict.com\/auctions-listing\/\"},{\"@type\":\"ListItem\",\"position\":3,\"name\":\"Ferrari 348 TB\"}]},{\"@type\":\"WebSite\",\"@id\":\"https:\/\/pistonaddict.com\/da\/#website\",\"url\":\"https:\/\/pistonaddict.com\/da\/\",\"name\":\"Piston Addict\",\"description\":\"Only interesting vehicles\",\"publisher\":{\"@id\":\"https:\/\/pistonaddict.com\/da\/#organization\"},\"potentialAction\":[{\"@type\":\"SearchAction\",\"target\":{\"@type\":\"EntryPoint\",\"urlTemplate\":\"https:\/\/pistonaddict.com\/da\/?s={search_term_string}\"},\"query-input\":\"required name=search_term_string\"}],\"inLanguage\":\"da-DK\"},{\"@type\":\"Organization\",\"@id\":\"https:\/\/pistonaddict.com\/da\/#organization\",\"name\":\"Piston Addict\",\"url\":\"https:\/\/pistonaddict.com\/da\/\",\"logo\":{\"@type\":\"ImageObject\",\"inLanguage\":\"da-DK\",\"@id\":\"https:\/\/pistonaddict.com\/da\/#\/schema\/logo\/image\/\",\"url\":\"https:\/\/pistonaddict.com\/wp-content\/uploads\/2022\/07\/logo-6.png\",\"contentUrl\":\"https:\/\/pistonaddict.com\/wp-content\/uploads\/2022\/07\/logo-6.png\",\"width\":970,\"height\":200,\"caption\":\"Piston Addict\"},\"image\":{\"@id\":\"https:\/\/pistonaddict.com\/da\/#\/schema\/logo\/image\/\"}}]}<\/script>\n<!-- \/ Yoast SEO plugin. -->","yoast_head_json":{"title":"auktion - Piston Addict","robots":{"index":"index","follow":"follow","max-snippet":"max-snippet:-1","max-image-preview":"max-image-preview:large","max-video-preview":"max-video-preview:-1"},"canonical":"https:\/\/pistonaddict.com\/da\/product\/ferrari-348-tb\/","og_locale":"da_DK","og_type":"article","og_title":"auktion - Piston Addict","og_description":"Det er altid interessant at k\u00f8re en Ferrari. Biler fra 60'erne er nu for v\u00e6rdifulde til at blive brugt p\u00e5 vejene, og den nuv\u00e6rende serie er n\u00e6sten for hurtig til moderne trafik. Men der er stadig modeller, der kan give dig al den sp\u00e6nding, der er forbundet med at eje en fuldblods italiensk sportsvogn, br\u00f8let fra en V8-motor med naturlig indsugning og uovertruffen k\u00f8redynamik. Vi er stolte af at kunne pr\u00e6sentere et k\u00f8ret\u00f8j i perfekt stand med en sp\u00e6ndende motorsportsforbindelse og vanvittig dokumentation.","og_url":"https:\/\/pistonaddict.com\/da\/product\/ferrari-348-tb\/","og_site_name":"Piston Addict","article_modified_time":"2024-03-20T08:39:05+00:00","og_image":[{"width":2560,"height":1709,"url":"https:\/\/pistonaddict.com\/wp-content\/uploads\/2023\/11\/IMG7107-scaled.jpg","type":"image\/jpeg"}],"twitter_card":"summary_large_image","twitter_misc":{"Estimeret l\u00e6setid":"3 minutter"},"schema":{"@context":"https:\/\/schema.org","@graph":[{"@type":"WebPage","@id":"https:\/\/pistonaddict.com\/da\/product\/ferrari-348-tb\/","url":"https:\/\/pistonaddict.com\/da\/product\/ferrari-348-tb\/","name":"auktion - Piston Addict","isPartOf":{"@id":"https:\/\/pistonaddict.com\/da\/#website"},"primaryImageOfPage":{"@id":"https:\/\/pistonaddict.com\/da\/product\/ferrari-348-tb\/#primaryimage"},"image":{"@id":"https:\/\/pistonaddict.com\/da\/product\/ferrari-348-tb\/#primaryimage"},"thumbnailUrl":"https:\/\/pistonaddict.com\/wp-content\/uploads\/2023\/11\/IMG7107-scaled.jpg","datePublished":"2023-11-07T13:48:12+00:00","dateModified":"2024-03-20T08:39:05+00:00","breadcrumb":{"@id":"https:\/\/pistonaddict.com\/da\/product\/ferrari-348-tb\/#breadcrumb"},"inLanguage":"da-DK","potentialAction":[{"@type":"ReadAction","target":["https:\/\/pistonaddict.com\/da\/product\/ferrari-348-tb\/"]}]},{"@type":"ImageObject","inLanguage":"da-DK","@id":"https:\/\/pistonaddict.com\/da\/product\/ferrari-348-tb\/#primaryimage","url":"https:\/\/pistonaddict.com\/wp-content\/uploads\/2023\/11\/IMG7107-scaled.jpg","contentUrl":"https:\/\/pistonaddict.com\/wp-content\/uploads\/2023\/11\/IMG7107-scaled.jpg","width":2560,"height":1709},{"@type":"BreadcrumbList","@id":"https:\/\/pistonaddict.com\/da\/product\/ferrari-348-tb\/#breadcrumb","itemListElement":[{"@type":"ListItem","position":1,"name":"Hjemmeside","item":"https:\/\/pistonaddict.com\/da\/hjemmeside-2\/"},{"@type":"ListItem","position":2,"name":"Auctions","item":"https:\/\/pistonaddict.com\/auctions-listing\/"},{"@type":"ListItem","position":3,"name":"Ferrari 348 TB"}]},{"@type":"WebSite","@id":"https:\/\/pistonaddict.com\/da\/#website","url":"https:\/\/pistonaddict.com\/da\/","name":"Piston Addict","description":"Only interesting vehicles","publisher":{"@id":"https:\/\/pistonaddict.com\/da\/#organization"},"potentialAction":[{"@type":"SearchAction","target":{"@type":"EntryPoint","urlTemplate":"https:\/\/pistonaddict.com\/da\/?s={search_term_string}"},"query-input":"required name=search_term_string"}],"inLanguage":"da-DK"},{"@type":"Organization","@id":"https:\/\/pistonaddict.com\/da\/#organization","name":"Piston Addict","url":"https:\/\/pistonaddict.com\/da\/","logo":{"@type":"ImageObject","inLanguage":"da-DK","@id":"https:\/\/pistonaddict.com\/da\/#\/schema\/logo\/image\/","url":"https:\/\/pistonaddict.com\/wp-content\/uploads\/2022\/07\/logo-6.png","contentUrl":"https:\/\/pistonaddict.com\/wp-content\/uploads\/2022\/07\/logo-6.png","width":970,"height":200,"caption":"Piston Addict"},"image":{"@id":"https:\/\/pistonaddict.com\/da\/#\/schema\/logo\/image\/"}}]}},"_links":{"self":[{"href":"https:\/\/pistonaddict.com\/da\/wp-json\/wp\/v2\/product\/67041"}],"collection":[{"href":"https:\/\/pistonaddict.com\/da\/wp-json\/wp\/v2\/product"}],"about":[{"href":"https:\/\/pistonaddict.com\/da\/wp-json\/wp\/v2\/types\/product"}],"replies":[{"embeddable":true,"href":"https:\/\/pistonaddict.com\/da\/wp-json\/wp\/v2\/comments?post=67041"}],"wp:featuredmedia":[{"embeddable":true,"href":"https:\/\/pistonaddict.com\/da\/wp-json\/wp\/v2\/media\/64580"}],"wp:attachment":[{"href":"https:\/\/pistonaddict.com\/da\/wp-json\/wp\/v2\/media?parent=67041"}],"wp:term":[{"taxonomy":"product_cat","embeddable":true,"href":"https:\/\/pistonaddict.com\/da\/wp-json\/wp\/v2\/product_cat?post=67041"},{"taxonomy":"product_tag","embeddable":true,"href":"https:\/\/pistonaddict.com\/da\/wp-json\/wp\/v2\/product_tag?post=67041"}],"curies":[{"name":"wp","href":"https:\/\/api.w.org\/{rel}","templated":true}]}}