{"id":62898,"date":"2023-10-25T19:30:40","date_gmt":"2023-10-25T17:30:40","guid":{"rendered":"https:\/\/pistonaddict.com\/product\/porsche-911-996-targa\/"},"modified":"2024-03-20T09:39:05","modified_gmt":"2024-03-20T08:39:05","slug":"porsche-911-996-targa","status":"publish","type":"product","link":"https:\/\/pistonaddict.com\/da\/product\/porsche-911-996-targa\/","title":{"rendered":"Porsche 911 (996) Targa"},"content":{"rendered":"<p><strong>Bilens historie<\/strong><\/p>\n<p>Dette s\u00e6rlige eksempel er 911 Targa, som blev produceret i 2004. Det, der g\u00f8r den unik, er, at Targa var langt den mest sj\u00e6ldne af alle 996&#8217;s karrosserityper; kun 5.125 biler blev leveret med specielle oplukkelige glastage og anderledes C-stolper. Denne 911 Targa i en forf\u00f8rende m\u00f8rkebl\u00e5 nuance med lyst interi\u00f8r blev leveret som ny i Spanien og k\u00f8bt af den nuv\u00e6rende ejer i 2023. Den drives af en 3,6-liters flat-six-motor med naturlig indsugning, som er vandk\u00f8let (en af kontroverserne i 996-generationerne). Den har dog en 6-trins manuel gearkasse, hvilket g\u00f8r den endnu mere sj\u00e6lden og et must for enhver samler af specifikke 911-modeller. Med 320 hk og et letv\u00e6gtskarrosseri er denne 911 Targa klar til at springe til 100 km\/t p\u00e5 kun 5,2 sekunder og n\u00e5 285 km\/t. Interessant nok er den manuelt udstyrede version af denne model betydeligt hurtigere end den automatiske, hvilket g\u00f8r denne bil endnu mere eftertragtet. Det faktum, at den har alle fordelene ved en cabriolet, fremragende udsyn og en fornemmelse af at v\u00e6re under \u00e5ben himmel med det praktiske og komforten fra en coup\u00e9, forvandler denne bl\u00e5 911 Targa til en meget alsidig f\u00f8rermaskine med et altafg\u00f8rende flat-six soundtrack og manuel gearkasse.<\/p>\n<p><strong>Interi\u00f8r<\/strong><\/p>\n<p>Da dette er et eksemplar med lavt kilometertal, er interi\u00f8ret i pletfri stand, helt originalt og med eftertragtet ekstraudstyr. Den er udf\u00f8rt i Savannah-gr\u00e5 og har et infotainmentsystem, premium audio med 6 CD-opladere (tidstypisk), l\u00e6der og elektronisk justerbare s\u00e6der. Porsches interi\u00f8rkvalitet er velkendt i hele branchen, og denne 911 Targa fra 2004 er ikke anderledes. L\u00e6deret er i perfekt stand, og der er ingen ridser p\u00e5 instrumentbr\u00e6ttet, d\u00f8rkortene eller midterkonsollen. Der er ogs\u00e5 brugbare bags\u00e6der, som er ideelle til b\u00f8rn.<\/p>\n<p><strong>Tilstand<\/strong><\/p>\n<p>Med kun 39.037 kilometer fra ny er denne 911 Targa i pletfri stand og omhyggeligt passet af alle sine brugere. Bilen blev tydeligvis n\u00e6sten ikke brugt og var godt vedligeholdt, som det fremg\u00e5r af papirerne. Den nuv\u00e6rende ejer er en forhandler i Spanien, og det seneste service blev udf\u00f8rt i april 2023, mens bremserne blev efterset for blot et par dage siden i oktober 2023. Undersiden af Porscher er lavet af aluminium, s\u00e5 den ikke kan ruste. Men som du kan se p\u00e5 de sidste billeder af undersiden, er der noget t\u00f8rt snavs, som s\u00e6lgeren vil rense for k\u00f8beren, n\u00e5r auktionen er slut. Bilen er klar til at blive k\u00f8rt overalt og er sandsynligvis et af de fineste eksempler p\u00e5 911 996 Targa med manuelt udstyr, du nogensinde vil have en chance for at finde.<\/p>\n<p><strong>Udvendigt og hjul<\/strong><\/p>\n<p>Med et um\u00e6rket karrosseri i midnatsbl\u00e5 og et gr\u00e5t interi\u00f8r er denne 911 Targa en smuk maskine uden ridser, skader eller buler. Det rullende materiel best\u00e5r af 18-tommer fabriksmonterede hjul pakket ind i Bridgestone Potenza performance-gummi. D\u00e6kkene er fra 2020 og har k\u00f8rt meget f\u00e5 kilometer. Der er ingen modifikationer, og denne 996 Targa er i leveringstilstand.<\/p>\n<p><strong>Dokumentation<\/strong><\/p>\n<p>Dette k\u00f8ret\u00f8j s\u00e6lges af forhandleren med passende dokumentation, og det befinder sig i Spanien. CarFax-rapporten er ren; der findes ingen beviser p\u00e5 ulykker, reparationer af ulykker, ejerskab eller juridiske problemer. Der er optegnelser over regelm\u00e6ssig vedligeholdelse sammen med originale fabriksbrochurer og kvitteringer.<\/p>\n<p><strong>Se koldstartsvideoen af denne smukke Porsche 911 Targa :<\/strong><\/p>\n<p><iframe title=\"Cold Start Video of the Porsche 911 996 Targa for auction sale\" width=\"1200\" height=\"675\" src=\"https:\/\/www.youtube.com\/embed\/pOCqegVAqt8?feature=oembed\" frameborder=\"0\" allow=\"accelerometer; autoplay; clipboard-write; encrypted-media; gyroscope; picture-in-picture; web-share\" allowfullscreen><\/iframe><\/p>\n","protected":false},"excerpt":{"rendered":"<p>996-generationen af den \u00e6rv\u00e6rdige Porsche 911 var meget kontroversiel, da den blev lanceret tilbage i slutningen af 90&#8217;erne. Men siden da er den blevet anerkendt som en integreret del af 911-legenden, en uhyre vigtig model for virksomheden og den f\u00f8rste 911 i moderne tid. Med sit karakteristiske design, en bred vifte af modeller og specifikationer er samlere begyndt at opdage de sande perler i 996 911. I dag er vi stolte af at kunne pr\u00e6sentere en s\u00e5dan model, en sj\u00e6lden version med de ideelle specifikationer, som vil tiltr\u00e6kke sig enhver 911-entusiasts opm\u00e6rksomhed.<\/p>\n","protected":false},"featured_media":59798,"comment_status":"open","ping_status":"closed","template":"","meta":{"inline_featured_image":false},"product_cat":[701],"product_tag":[2341,2301,1003,2299],"acf":[],"yoast_head":"<!-- This site is optimized with the Yoast SEO plugin v22.5 - https:\/\/yoast.com\/wordpress\/plugins\/seo\/ -->\n<title>auktion - Piston Addict<\/title>\n<meta name=\"robots\" content=\"index, follow, max-snippet:-1, max-image-preview:large, max-video-preview:-1\" \/>\n<link rel=\"canonical\" href=\"https:\/\/pistonaddict.com\/da\/product\/porsche-911-996-targa\/\" \/>\n<meta property=\"og:locale\" content=\"da_DK\" \/>\n<meta property=\"og:type\" content=\"article\" \/>\n<meta property=\"og:title\" content=\"auktion - Piston Addict\" \/>\n<meta property=\"og:description\" content=\"996-generationen af den \u00e6rv\u00e6rdige Porsche 911 var meget kontroversiel, da den blev lanceret tilbage i slutningen af 90&#039;erne. Men siden da er den blevet anerkendt som en integreret del af 911-legenden, en uhyre vigtig model for virksomheden og den f\u00f8rste 911 i moderne tid. Med sit karakteristiske design, en bred vifte af modeller og specifikationer er samlere begyndt at opdage de sande perler i 996 911. I dag er vi stolte af at kunne pr\u00e6sentere en s\u00e5dan model, en sj\u00e6lden version med de ideelle specifikationer, som vil tiltr\u00e6kke sig enhver 911-entusiasts opm\u00e6rksomhed.\" \/>\n<meta property=\"og:url\" content=\"https:\/\/pistonaddict.com\/da\/product\/porsche-911-996-targa\/\" \/>\n<meta property=\"og:site_name\" content=\"Piston Addict\" \/>\n<meta property=\"article:modified_time\" content=\"2024-03-20T08:39:05+00:00\" \/>\n<meta property=\"og:image\" content=\"https:\/\/pistonaddict.com\/wp-content\/uploads\/2023\/10\/image00032-1-scaled.jpeg\" \/>\n\t<meta property=\"og:image:width\" content=\"2560\" \/>\n\t<meta property=\"og:image:height\" content=\"1920\" \/>\n\t<meta property=\"og:image:type\" content=\"image\/jpeg\" \/>\n<meta name=\"twitter:card\" content=\"summary_large_image\" \/>\n<meta name=\"twitter:label1\" content=\"Estimeret l\u00e6setid\" \/>\n\t<meta name=\"twitter:data1\" content=\"3 minutter\" \/>\n<script type=\"application\/ld+json\" class=\"yoast-schema-graph\">{\"@context\":\"https:\/\/schema.org\",\"@graph\":[{\"@type\":\"WebPage\",\"@id\":\"https:\/\/pistonaddict.com\/da\/product\/porsche-911-996-targa\/\",\"url\":\"https:\/\/pistonaddict.com\/da\/product\/porsche-911-996-targa\/\",\"name\":\"auktion - Piston Addict\",\"isPartOf\":{\"@id\":\"https:\/\/pistonaddict.com\/da\/#website\"},\"primaryImageOfPage\":{\"@id\":\"https:\/\/pistonaddict.com\/da\/product\/porsche-911-996-targa\/#primaryimage\"},\"image\":{\"@id\":\"https:\/\/pistonaddict.com\/da\/product\/porsche-911-996-targa\/#primaryimage\"},\"thumbnailUrl\":\"https:\/\/pistonaddict.com\/wp-content\/uploads\/2023\/10\/image00032-1-scaled.jpeg\",\"datePublished\":\"2023-10-25T17:30:40+00:00\",\"dateModified\":\"2024-03-20T08:39:05+00:00\",\"breadcrumb\":{\"@id\":\"https:\/\/pistonaddict.com\/da\/product\/porsche-911-996-targa\/#breadcrumb\"},\"inLanguage\":\"da-DK\",\"potentialAction\":[{\"@type\":\"ReadAction\",\"target\":[\"https:\/\/pistonaddict.com\/da\/product\/porsche-911-996-targa\/\"]}]},{\"@type\":\"ImageObject\",\"inLanguage\":\"da-DK\",\"@id\":\"https:\/\/pistonaddict.com\/da\/product\/porsche-911-996-targa\/#primaryimage\",\"url\":\"https:\/\/pistonaddict.com\/wp-content\/uploads\/2023\/10\/image00032-1-scaled.jpeg\",\"contentUrl\":\"https:\/\/pistonaddict.com\/wp-content\/uploads\/2023\/10\/image00032-1-scaled.jpeg\",\"width\":2560,\"height\":1920},{\"@type\":\"BreadcrumbList\",\"@id\":\"https:\/\/pistonaddict.com\/da\/product\/porsche-911-996-targa\/#breadcrumb\",\"itemListElement\":[{\"@type\":\"ListItem\",\"position\":1,\"name\":\"Hjemmeside\",\"item\":\"https:\/\/pistonaddict.com\/da\/hjemmeside-2\/\"},{\"@type\":\"ListItem\",\"position\":2,\"name\":\"Auctions\",\"item\":\"https:\/\/pistonaddict.com\/auctions-listing\/\"},{\"@type\":\"ListItem\",\"position\":3,\"name\":\"Porsche 911 (996) Targa\"}]},{\"@type\":\"WebSite\",\"@id\":\"https:\/\/pistonaddict.com\/da\/#website\",\"url\":\"https:\/\/pistonaddict.com\/da\/\",\"name\":\"Piston Addict\",\"description\":\"Only interesting vehicles\",\"publisher\":{\"@id\":\"https:\/\/pistonaddict.com\/da\/#organization\"},\"potentialAction\":[{\"@type\":\"SearchAction\",\"target\":{\"@type\":\"EntryPoint\",\"urlTemplate\":\"https:\/\/pistonaddict.com\/da\/?s={search_term_string}\"},\"query-input\":\"required name=search_term_string\"}],\"inLanguage\":\"da-DK\"},{\"@type\":\"Organization\",\"@id\":\"https:\/\/pistonaddict.com\/da\/#organization\",\"name\":\"Piston Addict\",\"url\":\"https:\/\/pistonaddict.com\/da\/\",\"logo\":{\"@type\":\"ImageObject\",\"inLanguage\":\"da-DK\",\"@id\":\"https:\/\/pistonaddict.com\/da\/#\/schema\/logo\/image\/\",\"url\":\"https:\/\/pistonaddict.com\/wp-content\/uploads\/2022\/07\/logo-6.png\",\"contentUrl\":\"https:\/\/pistonaddict.com\/wp-content\/uploads\/2022\/07\/logo-6.png\",\"width\":970,\"height\":200,\"caption\":\"Piston Addict\"},\"image\":{\"@id\":\"https:\/\/pistonaddict.com\/da\/#\/schema\/logo\/image\/\"}}]}<\/script>\n<!-- \/ Yoast SEO plugin. -->","yoast_head_json":{"title":"auktion - Piston Addict","robots":{"index":"index","follow":"follow","max-snippet":"max-snippet:-1","max-image-preview":"max-image-preview:large","max-video-preview":"max-video-preview:-1"},"canonical":"https:\/\/pistonaddict.com\/da\/product\/porsche-911-996-targa\/","og_locale":"da_DK","og_type":"article","og_title":"auktion - Piston Addict","og_description":"996-generationen af den \u00e6rv\u00e6rdige Porsche 911 var meget kontroversiel, da den blev lanceret tilbage i slutningen af 90'erne. Men siden da er den blevet anerkendt som en integreret del af 911-legenden, en uhyre vigtig model for virksomheden og den f\u00f8rste 911 i moderne tid. Med sit karakteristiske design, en bred vifte af modeller og specifikationer er samlere begyndt at opdage de sande perler i 996 911. I dag er vi stolte af at kunne pr\u00e6sentere en s\u00e5dan model, en sj\u00e6lden version med de ideelle specifikationer, som vil tiltr\u00e6kke sig enhver 911-entusiasts opm\u00e6rksomhed.","og_url":"https:\/\/pistonaddict.com\/da\/product\/porsche-911-996-targa\/","og_site_name":"Piston Addict","article_modified_time":"2024-03-20T08:39:05+00:00","og_image":[{"width":2560,"height":1920,"url":"https:\/\/pistonaddict.com\/wp-content\/uploads\/2023\/10\/image00032-1-scaled.jpeg","type":"image\/jpeg"}],"twitter_card":"summary_large_image","twitter_misc":{"Estimeret l\u00e6setid":"3 minutter"},"schema":{"@context":"https:\/\/schema.org","@graph":[{"@type":"WebPage","@id":"https:\/\/pistonaddict.com\/da\/product\/porsche-911-996-targa\/","url":"https:\/\/pistonaddict.com\/da\/product\/porsche-911-996-targa\/","name":"auktion - Piston Addict","isPartOf":{"@id":"https:\/\/pistonaddict.com\/da\/#website"},"primaryImageOfPage":{"@id":"https:\/\/pistonaddict.com\/da\/product\/porsche-911-996-targa\/#primaryimage"},"image":{"@id":"https:\/\/pistonaddict.com\/da\/product\/porsche-911-996-targa\/#primaryimage"},"thumbnailUrl":"https:\/\/pistonaddict.com\/wp-content\/uploads\/2023\/10\/image00032-1-scaled.jpeg","datePublished":"2023-10-25T17:30:40+00:00","dateModified":"2024-03-20T08:39:05+00:00","breadcrumb":{"@id":"https:\/\/pistonaddict.com\/da\/product\/porsche-911-996-targa\/#breadcrumb"},"inLanguage":"da-DK","potentialAction":[{"@type":"ReadAction","target":["https:\/\/pistonaddict.com\/da\/product\/porsche-911-996-targa\/"]}]},{"@type":"ImageObject","inLanguage":"da-DK","@id":"https:\/\/pistonaddict.com\/da\/product\/porsche-911-996-targa\/#primaryimage","url":"https:\/\/pistonaddict.com\/wp-content\/uploads\/2023\/10\/image00032-1-scaled.jpeg","contentUrl":"https:\/\/pistonaddict.com\/wp-content\/uploads\/2023\/10\/image00032-1-scaled.jpeg","width":2560,"height":1920},{"@type":"BreadcrumbList","@id":"https:\/\/pistonaddict.com\/da\/product\/porsche-911-996-targa\/#breadcrumb","itemListElement":[{"@type":"ListItem","position":1,"name":"Hjemmeside","item":"https:\/\/pistonaddict.com\/da\/hjemmeside-2\/"},{"@type":"ListItem","position":2,"name":"Auctions","item":"https:\/\/pistonaddict.com\/auctions-listing\/"},{"@type":"ListItem","position":3,"name":"Porsche 911 (996) Targa"}]},{"@type":"WebSite","@id":"https:\/\/pistonaddict.com\/da\/#website","url":"https:\/\/pistonaddict.com\/da\/","name":"Piston Addict","description":"Only interesting vehicles","publisher":{"@id":"https:\/\/pistonaddict.com\/da\/#organization"},"potentialAction":[{"@type":"SearchAction","target":{"@type":"EntryPoint","urlTemplate":"https:\/\/pistonaddict.com\/da\/?s={search_term_string}"},"query-input":"required name=search_term_string"}],"inLanguage":"da-DK"},{"@type":"Organization","@id":"https:\/\/pistonaddict.com\/da\/#organization","name":"Piston Addict","url":"https:\/\/pistonaddict.com\/da\/","logo":{"@type":"ImageObject","inLanguage":"da-DK","@id":"https:\/\/pistonaddict.com\/da\/#\/schema\/logo\/image\/","url":"https:\/\/pistonaddict.com\/wp-content\/uploads\/2022\/07\/logo-6.png","contentUrl":"https:\/\/pistonaddict.com\/wp-content\/uploads\/2022\/07\/logo-6.png","width":970,"height":200,"caption":"Piston Addict"},"image":{"@id":"https:\/\/pistonaddict.com\/da\/#\/schema\/logo\/image\/"}}]}},"_links":{"self":[{"href":"https:\/\/pistonaddict.com\/da\/wp-json\/wp\/v2\/product\/62898"}],"collection":[{"href":"https:\/\/pistonaddict.com\/da\/wp-json\/wp\/v2\/product"}],"about":[{"href":"https:\/\/pistonaddict.com\/da\/wp-json\/wp\/v2\/types\/product"}],"replies":[{"embeddable":true,"href":"https:\/\/pistonaddict.com\/da\/wp-json\/wp\/v2\/comments?post=62898"}],"wp:featuredmedia":[{"embeddable":true,"href":"https:\/\/pistonaddict.com\/da\/wp-json\/wp\/v2\/media\/59798"}],"wp:attachment":[{"href":"https:\/\/pistonaddict.com\/da\/wp-json\/wp\/v2\/media?parent=62898"}],"wp:term":[{"taxonomy":"product_cat","embeddable":true,"href":"https:\/\/pistonaddict.com\/da\/wp-json\/wp\/v2\/product_cat?post=62898"},{"taxonomy":"product_tag","embeddable":true,"href":"https:\/\/pistonaddict.com\/da\/wp-json\/wp\/v2\/product_tag?post=62898"}],"curies":[{"name":"wp","href":"https:\/\/api.w.org\/{rel}","templated":true}]}}