{"id":55248,"date":"2023-10-13T09:36:04","date_gmt":"2023-10-13T07:36:04","guid":{"rendered":"https:\/\/pistonaddict.com\/product\/porsche-cayman-s-3-4-325-cv\/"},"modified":"2024-03-19T17:03:28","modified_gmt":"2024-03-19T16:03:28","slug":"porsche-cayman-s-3-4-325-cv","status":"publish","type":"product","link":"https:\/\/pistonaddict.com\/da\/product\/porsche-cayman-s-3-4-325-cv\/","title":{"rendered":"Porsche Cayman S 3.4 325 CV"},"content":{"rendered":"<p><strong>Bilens historie<\/strong><\/p>\n<p>Denne hvide Cayman S fra 2016 blev oprindeligt solgt i Tyskland, men flyttet til Italien, hvor den blev importeret af den nuv\u00e6rende ejer, en sportsvognsforhandler. 2016 er det sidste \u00e5r for 981-generationen af Cayman, hvilket er vigtigt af flere grunde. Hovedsageligt fordi Cayman S har den fornyede 3,4-liters flat-six-motor fra Porsche 911 Carrera, hvilket adresserer en af de mest betydningsfulde kontroverser i det moderne Porsche-samfund. I \u00e5revis gik der rygter om, at Porsche var for bange for at s\u00e6tte 911-motoren i Cayman, fordi man frygtede, at den kunne give en endnu bedre k\u00f8reoplevelse. Dette er den f\u00f8rste Cayman, der rent faktisk har en 911-motor. Med 325 hk, en lynhurtig 7-trins PDK-gearkasse og en specielt afstemt affjedring fra fabrikken er Cayman S 2016 i stand til at n\u00e5 100 km\/t p\u00e5 kun 4,8 sekunder p\u00e5 vej til en tophastighed p\u00e5 283 km\/t. Men det handler ikke om tallene, selv om de er fantastiske. Cayman S har en centermotor, et let karrosseri, pr\u00e6cis styring og fremragende bremser, hvilket er grunden til, at den g\u00f8r s\u00e5 mange 911-ejere s\u00e5 nerv\u00f8se. Kombinationen af omdrejningsvillig og naturligt aspireret motor, adr\u00e6t chassis og perfekt k\u00f8redynamik giver stadig genlyd blandt sportsvognsfolket som en af de mest ideelle f\u00f8rerbiler, der nogensinde er lavet.<\/p>\n<p><strong>Interi\u00f8r<\/strong><\/p>\n<p>Da denne Porsche Cayman S fra 2016 er et eksempel med lav kilometertal, er interi\u00f8ret um\u00e6rket og i fremragende stand, som forventet. Den oprindelige ejer har omhyggeligt inspiceret den med et par \u00f8nskelige ekstraudstyr, som den n\u00e6ste ejer vil s\u00e6tte pris p\u00e5. De elektronisk justerbare sportss\u00e6der, infotainmentsystemet med integreret digitalt display og multifunktionsrattet l\u00f8fter k\u00f8reoplevelsen til n\u00e6ste niveau. Den karakteristiske Porsche-interi\u00f8rkvalitet er synlig, s\u00e5vel som bem\u00e6rkelsesv\u00e6rdig pasform og finish.<\/p>\n<p><strong>Tilstand<\/strong><\/p>\n<p>Denne pletfri Porsche Cayman S har k\u00f8rt lidt over 33.000 kilometer i de sidste syv \u00e5r. Et s\u00e5 lavt kilometertal, et par omhyggelige ejere og korrekte vedligeholdelsesrapporter garanterer, at bilen er i perfekt stand hele vejen igennem. S\u00e6lgeren er en meget velrenommeret forhandler af sportsvogne i Italien, og de er s\u00e5 sikre p\u00e5 denne Cayman S&#8217;s generelle tilstand, at <strong>bilen leveres med 12 m\u00e5neders garanti<\/strong>, hvilket er meget vigtigt og adskiller denne bil fra lignende, du kan finde til salg. Der er optegnelser over vedligeholdelse og v\u00e6sentlige serviceeftersyn udf\u00f8rt i 2021.<\/p>\n<p><strong>Eksteri\u00f8r og hjul<\/strong><\/p>\n<p>Det elegante hvide ydre har ingen ridser eller buler, og denne bil har interessante grafiske detaljer p\u00e5 vippepanelerne, som er originale fra fabrikken og viser, at denne Cayman ikke er en basismodel. Sportsvognslooket fuldendes med 20-tommer f\u00e6lge, som er de samme, der blev brugt p\u00e5 911 i perioden, pakket ind i n\u00e6sten nye Michelin Pilot Sport 4S-d\u00e6k, der er kendt som entusiasternes valg. Der er ingen modifikationer, og denne Cayman er i perfekt original stand.<\/p>\n<p><strong>Dokumentation<\/strong><\/p>\n<p>Dette k\u00f8ret\u00f8j s\u00e6lges af forhandleren med passende dokumentation, og det befinder sig i Italien. <a href=\"https:\/\/pistonaddict.com\/wp-content\/uploads\/2023\/10\/CARFAX-Vehicle-History-Report-PORSCHE-WP0ZZZ98ZGK181513.pdf\" target=\"_blank\" rel=\"noopener\">CarFax-rapporten<\/a> er ren; der findes ingen beviser p\u00e5 ulykker, reparationer af ulykker, ejerskab eller juridiske problemer. S\u00e6lgeren informerede os dog om, at der i 2017 skete et uheld med en motorcykel, og at det ber\u00f8rte element, fronthjelmen, naturligvis blev repareret. Der er optegnelser over regelm\u00e6ssig vedligeholdelse sammen med originale fabriksbrochurer og kvitteringer. Forhandlerens 12-m\u00e5neders garanti er inkluderet i salget.  <strong>Og hvis du bor i Europa, kan s\u00e6lgeren tage sig af transporten for dig og bringe bilen hjem til dig.<\/strong><\/p>\n<p><strong> <\/strong><\/p>\n<p>Se opdagelsesvideoen af denne smukke Porsche Cayman S :<\/p>\n<p><iframe title=\"Video of the Porsche Cayman S for auction sale\" width=\"1200\" height=\"675\" src=\"https:\/\/www.youtube.com\/embed\/-29PE_JnFJM?feature=oembed\" frameborder=\"0\" allow=\"accelerometer; autoplay; clipboard-write; encrypted-media; gyroscope; picture-in-picture; web-share\" allowfullscreen><\/iframe><\/p>\n","protected":false},"excerpt":{"rendered":"<p>Som en virksomhed, der altid har str\u00e6bt efter sportsvognsperfektion, svarede Porsche p\u00e5 kritikken p\u00e5 den bedst mulige m\u00e5de &#8211; ved at pr\u00e6sentere den dedikerede f\u00f8rermodel, der er universelt elsket og rost. Da den f\u00f8rste generation af Cayman kom frem, var den alt, hvad entusiasterne \u00f8nskede sig, med 90% af Porsche 911-f\u00f8lelsen til 60% af prisen. Cayman var en lettere, mere pr\u00e6cis og mere engagerende bil, mens S-versionen var en perfekt afbalanceret sportsvogn. Her er et s\u00e6rligt interessant eksemplar i perfekt stand. <strong>Du skal <a href=\"https:\/\/pistonaddict.com\/da\/min-konto\/\">oprette en konto<\/a> for at f\u00e5 adgang til denne auktion.<\/strong><\/p>\n","protected":false},"featured_media":55117,"comment_status":"open","ping_status":"closed","template":"","meta":{"inline_featured_image":false},"product_cat":[701],"product_tag":[2194,2190,903,2184],"acf":[],"yoast_head":"<!-- This site is optimized with the Yoast SEO plugin v22.5 - https:\/\/yoast.com\/wordpress\/plugins\/seo\/ -->\n<title>auktion - Piston Addict<\/title>\n<meta name=\"robots\" content=\"index, follow, max-snippet:-1, max-image-preview:large, max-video-preview:-1\" \/>\n<link rel=\"canonical\" href=\"https:\/\/pistonaddict.com\/da\/product\/porsche-cayman-s-3-4-325-cv\/\" \/>\n<meta property=\"og:locale\" content=\"da_DK\" \/>\n<meta property=\"og:type\" content=\"article\" \/>\n<meta property=\"og:title\" content=\"auktion - Piston Addict\" \/>\n<meta property=\"og:description\" content=\"Som en virksomhed, der altid har str\u00e6bt efter sportsvognsperfektion, svarede Porsche p\u00e5 kritikken p\u00e5 den bedst mulige m\u00e5de - ved at pr\u00e6sentere den dedikerede f\u00f8rermodel, der er universelt elsket og rost. Da den f\u00f8rste generation af Cayman kom frem, var den alt, hvad entusiasterne \u00f8nskede sig, med 90% af Porsche 911-f\u00f8lelsen til 60% af prisen. Cayman var en lettere, mere pr\u00e6cis og mere engagerende bil, mens S-versionen var en perfekt afbalanceret sportsvogn. Her er et s\u00e6rligt interessant eksemplar i perfekt stand. Du skal oprette en konto for at f\u00e5 adgang til denne auktion.\" \/>\n<meta property=\"og:url\" content=\"https:\/\/pistonaddict.com\/da\/product\/porsche-cayman-s-3-4-325-cv\/\" \/>\n<meta property=\"og:site_name\" content=\"Piston Addict\" \/>\n<meta property=\"article:modified_time\" content=\"2024-03-19T16:03:28+00:00\" \/>\n<meta property=\"og:image\" content=\"https:\/\/pistonaddict.com\/wp-content\/uploads\/2023\/10\/CAYMAN-1.png\" \/>\n\t<meta property=\"og:image:width\" content=\"1887\" \/>\n\t<meta property=\"og:image:height\" content=\"781\" \/>\n\t<meta property=\"og:image:type\" content=\"image\/png\" \/>\n<meta name=\"twitter:card\" content=\"summary_large_image\" \/>\n<meta name=\"twitter:label1\" content=\"Estimeret l\u00e6setid\" \/>\n\t<meta name=\"twitter:data1\" content=\"3 minutter\" \/>\n<script type=\"application\/ld+json\" class=\"yoast-schema-graph\">{\"@context\":\"https:\/\/schema.org\",\"@graph\":[{\"@type\":\"WebPage\",\"@id\":\"https:\/\/pistonaddict.com\/da\/product\/porsche-cayman-s-3-4-325-cv\/\",\"url\":\"https:\/\/pistonaddict.com\/da\/product\/porsche-cayman-s-3-4-325-cv\/\",\"name\":\"auktion - Piston Addict\",\"isPartOf\":{\"@id\":\"https:\/\/pistonaddict.com\/da\/#website\"},\"primaryImageOfPage\":{\"@id\":\"https:\/\/pistonaddict.com\/da\/product\/porsche-cayman-s-3-4-325-cv\/#primaryimage\"},\"image\":{\"@id\":\"https:\/\/pistonaddict.com\/da\/product\/porsche-cayman-s-3-4-325-cv\/#primaryimage\"},\"thumbnailUrl\":\"https:\/\/pistonaddict.com\/wp-content\/uploads\/2023\/10\/CAYMAN-1.png\",\"datePublished\":\"2023-10-13T07:36:04+00:00\",\"dateModified\":\"2024-03-19T16:03:28+00:00\",\"breadcrumb\":{\"@id\":\"https:\/\/pistonaddict.com\/da\/product\/porsche-cayman-s-3-4-325-cv\/#breadcrumb\"},\"inLanguage\":\"da-DK\",\"potentialAction\":[{\"@type\":\"ReadAction\",\"target\":[\"https:\/\/pistonaddict.com\/da\/product\/porsche-cayman-s-3-4-325-cv\/\"]}]},{\"@type\":\"ImageObject\",\"inLanguage\":\"da-DK\",\"@id\":\"https:\/\/pistonaddict.com\/da\/product\/porsche-cayman-s-3-4-325-cv\/#primaryimage\",\"url\":\"https:\/\/pistonaddict.com\/wp-content\/uploads\/2023\/10\/CAYMAN-1.png\",\"contentUrl\":\"https:\/\/pistonaddict.com\/wp-content\/uploads\/2023\/10\/CAYMAN-1.png\",\"width\":1887,\"height\":781},{\"@type\":\"BreadcrumbList\",\"@id\":\"https:\/\/pistonaddict.com\/da\/product\/porsche-cayman-s-3-4-325-cv\/#breadcrumb\",\"itemListElement\":[{\"@type\":\"ListItem\",\"position\":1,\"name\":\"Hjemmeside\",\"item\":\"https:\/\/pistonaddict.com\/da\/hjemmeside-2\/\"},{\"@type\":\"ListItem\",\"position\":2,\"name\":\"Auctions\",\"item\":\"https:\/\/pistonaddict.com\/auctions-listing\/\"},{\"@type\":\"ListItem\",\"position\":3,\"name\":\"Porsche Cayman S 3.4 325 CV\"}]},{\"@type\":\"WebSite\",\"@id\":\"https:\/\/pistonaddict.com\/da\/#website\",\"url\":\"https:\/\/pistonaddict.com\/da\/\",\"name\":\"Piston Addict\",\"description\":\"Only interesting vehicles\",\"publisher\":{\"@id\":\"https:\/\/pistonaddict.com\/da\/#organization\"},\"potentialAction\":[{\"@type\":\"SearchAction\",\"target\":{\"@type\":\"EntryPoint\",\"urlTemplate\":\"https:\/\/pistonaddict.com\/da\/?s={search_term_string}\"},\"query-input\":\"required name=search_term_string\"}],\"inLanguage\":\"da-DK\"},{\"@type\":\"Organization\",\"@id\":\"https:\/\/pistonaddict.com\/da\/#organization\",\"name\":\"Piston Addict\",\"url\":\"https:\/\/pistonaddict.com\/da\/\",\"logo\":{\"@type\":\"ImageObject\",\"inLanguage\":\"da-DK\",\"@id\":\"https:\/\/pistonaddict.com\/da\/#\/schema\/logo\/image\/\",\"url\":\"https:\/\/pistonaddict.com\/wp-content\/uploads\/2022\/07\/logo-6.png\",\"contentUrl\":\"https:\/\/pistonaddict.com\/wp-content\/uploads\/2022\/07\/logo-6.png\",\"width\":970,\"height\":200,\"caption\":\"Piston Addict\"},\"image\":{\"@id\":\"https:\/\/pistonaddict.com\/da\/#\/schema\/logo\/image\/\"}}]}<\/script>\n<!-- \/ Yoast SEO plugin. -->","yoast_head_json":{"title":"auktion - Piston Addict","robots":{"index":"index","follow":"follow","max-snippet":"max-snippet:-1","max-image-preview":"max-image-preview:large","max-video-preview":"max-video-preview:-1"},"canonical":"https:\/\/pistonaddict.com\/da\/product\/porsche-cayman-s-3-4-325-cv\/","og_locale":"da_DK","og_type":"article","og_title":"auktion - Piston Addict","og_description":"Som en virksomhed, der altid har str\u00e6bt efter sportsvognsperfektion, svarede Porsche p\u00e5 kritikken p\u00e5 den bedst mulige m\u00e5de - ved at pr\u00e6sentere den dedikerede f\u00f8rermodel, der er universelt elsket og rost. Da den f\u00f8rste generation af Cayman kom frem, var den alt, hvad entusiasterne \u00f8nskede sig, med 90% af Porsche 911-f\u00f8lelsen til 60% af prisen. Cayman var en lettere, mere pr\u00e6cis og mere engagerende bil, mens S-versionen var en perfekt afbalanceret sportsvogn. Her er et s\u00e6rligt interessant eksemplar i perfekt stand. Du skal oprette en konto for at f\u00e5 adgang til denne auktion.","og_url":"https:\/\/pistonaddict.com\/da\/product\/porsche-cayman-s-3-4-325-cv\/","og_site_name":"Piston Addict","article_modified_time":"2024-03-19T16:03:28+00:00","og_image":[{"width":1887,"height":781,"url":"https:\/\/pistonaddict.com\/wp-content\/uploads\/2023\/10\/CAYMAN-1.png","type":"image\/png"}],"twitter_card":"summary_large_image","twitter_misc":{"Estimeret l\u00e6setid":"3 minutter"},"schema":{"@context":"https:\/\/schema.org","@graph":[{"@type":"WebPage","@id":"https:\/\/pistonaddict.com\/da\/product\/porsche-cayman-s-3-4-325-cv\/","url":"https:\/\/pistonaddict.com\/da\/product\/porsche-cayman-s-3-4-325-cv\/","name":"auktion - Piston Addict","isPartOf":{"@id":"https:\/\/pistonaddict.com\/da\/#website"},"primaryImageOfPage":{"@id":"https:\/\/pistonaddict.com\/da\/product\/porsche-cayman-s-3-4-325-cv\/#primaryimage"},"image":{"@id":"https:\/\/pistonaddict.com\/da\/product\/porsche-cayman-s-3-4-325-cv\/#primaryimage"},"thumbnailUrl":"https:\/\/pistonaddict.com\/wp-content\/uploads\/2023\/10\/CAYMAN-1.png","datePublished":"2023-10-13T07:36:04+00:00","dateModified":"2024-03-19T16:03:28+00:00","breadcrumb":{"@id":"https:\/\/pistonaddict.com\/da\/product\/porsche-cayman-s-3-4-325-cv\/#breadcrumb"},"inLanguage":"da-DK","potentialAction":[{"@type":"ReadAction","target":["https:\/\/pistonaddict.com\/da\/product\/porsche-cayman-s-3-4-325-cv\/"]}]},{"@type":"ImageObject","inLanguage":"da-DK","@id":"https:\/\/pistonaddict.com\/da\/product\/porsche-cayman-s-3-4-325-cv\/#primaryimage","url":"https:\/\/pistonaddict.com\/wp-content\/uploads\/2023\/10\/CAYMAN-1.png","contentUrl":"https:\/\/pistonaddict.com\/wp-content\/uploads\/2023\/10\/CAYMAN-1.png","width":1887,"height":781},{"@type":"BreadcrumbList","@id":"https:\/\/pistonaddict.com\/da\/product\/porsche-cayman-s-3-4-325-cv\/#breadcrumb","itemListElement":[{"@type":"ListItem","position":1,"name":"Hjemmeside","item":"https:\/\/pistonaddict.com\/da\/hjemmeside-2\/"},{"@type":"ListItem","position":2,"name":"Auctions","item":"https:\/\/pistonaddict.com\/auctions-listing\/"},{"@type":"ListItem","position":3,"name":"Porsche Cayman S 3.4 325 CV"}]},{"@type":"WebSite","@id":"https:\/\/pistonaddict.com\/da\/#website","url":"https:\/\/pistonaddict.com\/da\/","name":"Piston Addict","description":"Only interesting vehicles","publisher":{"@id":"https:\/\/pistonaddict.com\/da\/#organization"},"potentialAction":[{"@type":"SearchAction","target":{"@type":"EntryPoint","urlTemplate":"https:\/\/pistonaddict.com\/da\/?s={search_term_string}"},"query-input":"required name=search_term_string"}],"inLanguage":"da-DK"},{"@type":"Organization","@id":"https:\/\/pistonaddict.com\/da\/#organization","name":"Piston Addict","url":"https:\/\/pistonaddict.com\/da\/","logo":{"@type":"ImageObject","inLanguage":"da-DK","@id":"https:\/\/pistonaddict.com\/da\/#\/schema\/logo\/image\/","url":"https:\/\/pistonaddict.com\/wp-content\/uploads\/2022\/07\/logo-6.png","contentUrl":"https:\/\/pistonaddict.com\/wp-content\/uploads\/2022\/07\/logo-6.png","width":970,"height":200,"caption":"Piston Addict"},"image":{"@id":"https:\/\/pistonaddict.com\/da\/#\/schema\/logo\/image\/"}}]}},"_links":{"self":[{"href":"https:\/\/pistonaddict.com\/da\/wp-json\/wp\/v2\/product\/55248"}],"collection":[{"href":"https:\/\/pistonaddict.com\/da\/wp-json\/wp\/v2\/product"}],"about":[{"href":"https:\/\/pistonaddict.com\/da\/wp-json\/wp\/v2\/types\/product"}],"replies":[{"embeddable":true,"href":"https:\/\/pistonaddict.com\/da\/wp-json\/wp\/v2\/comments?post=55248"}],"wp:featuredmedia":[{"embeddable":true,"href":"https:\/\/pistonaddict.com\/da\/wp-json\/wp\/v2\/media\/55117"}],"wp:attachment":[{"href":"https:\/\/pistonaddict.com\/da\/wp-json\/wp\/v2\/media?parent=55248"}],"wp:term":[{"taxonomy":"product_cat","embeddable":true,"href":"https:\/\/pistonaddict.com\/da\/wp-json\/wp\/v2\/product_cat?post=55248"},{"taxonomy":"product_tag","embeddable":true,"href":"https:\/\/pistonaddict.com\/da\/wp-json\/wp\/v2\/product_tag?post=55248"}],"curies":[{"name":"wp","href":"https:\/\/api.w.org\/{rel}","templated":true}]}}